{"id":9824,"date":"2026-03-11T12:24:15","date_gmt":"2026-03-11T12:24:15","guid":{"rendered":"https:\/\/global-business-recruiting.de\/?page_id=9824"},"modified":"2026-03-29T13:00:30","modified_gmt":"2026-03-29T13:00:30","slug":"rzemioslo-przemysl-zbrojeniowy","status":"publish","type":"page","link":"https:\/\/global-business-recruiting.de\/pl\/wissen\/handwerksberufe-ruestungsindustrie\/","title":{"rendered":"Wykwalifikowane zawody szczeg\u00f3lnie poszukiwane w przemy\u015ble obronnym"},"content":{"rendered":"<section class=\"l-section wpb_row height_custom\"><div class=\"l-section-h i-cf\"><div class=\"g-cols vc_row via_grid cols_1 laptops-cols_inherit tablets-cols_inherit mobiles-cols_1 valign_top type_default stacking_default\"><div class=\"wpb_column vc_column_container\"><div class=\"vc_column-inner\"><div class=\"wpb_text_column\"><div class=\"wpb_wrapper\"><p>Niemiecki przemys\u0142 obronny oczekuje zam\u00f3wie\u0144 wartych miliardy. Aby m\u00f3c zrealizowa\u0107 nowe zam\u00f3wienia, konieczne jest zatrudnienie dodatkowych pracownik\u00f3w - w tym wykwalifikowanych pracownik\u00f3w. Dowiedz si\u0119, jak mo\u017cesz ich zatrudni\u0107 w swojej firmie z bran\u017cy obronnej pomimo niedoboru wykwalifikowanych pracownik\u00f3w!<\/p>\n<h2>Boom w niemieckim przemy\u015ble obronnym<\/h2>\n<p>Niemiecki przemys\u0142 obronny kwitnie. Sama UE planuje zainwestowa\u0107 oko\u0142o 800 miliard\u00f3w euro w europejsk\u0105 obronno\u015b\u0107 do 2029 roku. Bezpiecze\u0144stwo Niemiec ma zosta\u0107 zwi\u0119kszone poprzez wzmocnienie i modernizacj\u0119 niemieckich si\u0142 zbrojnych. Jest to szczeg\u00f3lnie konieczne w \u015bwietle obecnych wydarze\u0144 politycznych i geopolitycznych.<\/p>\n<p>W Niemczech istnieje kilka wa\u017cnych firm zbrojeniowych, z kt\u00f3rych wszystkie poszukuj\u0105 obecnie nowych pracownik\u00f3w - cz\u0119sto r\u00f3wnie\u017c wykwalifikowanych. Nawiasem m\u00f3wi\u0105c, dziesi\u0119\u0107 najwi\u0119kszych firm zbrojeniowych w Niemczech to Airbus, Rheinmetall, KNDS, MBDA, ThyssenKrupp Marine Systems, Hensoldt, Diehl, Renk, MTU Aero Engines i Heckler &amp; Koch.<\/p>\n<h2>Kt\u00f3re zawody s\u0105 szczeg\u00f3lnie poszukiwane w przemy\u015ble obronnym?<\/h2>\n<p>Produkcja sprz\u0119tu obronnego jest z\u0142o\u017conym i wymagaj\u0105cym technologicznie procesem. Opr\u00f3cz in\u017cynier\u00f3w, technik\u00f3w i naukowc\u00f3w potrzebni s\u0105 r\u00f3wnie\u017c rzemie\u015blnicy. Najwa\u017cniejsze zawody w przemy\u015ble obronnym s\u0105 nast\u0119puj\u0105ce:<\/p>\n<ol>\n<li><strong><a href=\"https:\/\/global-business-recruiting.de\/pl\/zawody\/schweisser\/\">Spawacz:<\/a><\/strong><span>\u00a0<\/span>s\u0105 niezb\u0119dne do produkcji pancerzy, obud\u00f3w broni i wielu innych produkt\u00f3w w przemy\u015ble obronnym.<\/li>\n<li><strong>Operator tokarki CNC:<\/strong><span>\u00a0<\/span>S\u0105 one potrzebne do precyzyjnej produkcji komponent\u00f3w wykorzystywanych do budowy sprz\u0119tu wojskowego.<\/li>\n<li><strong>In\u017cynier mechatronik:<\/strong><span>\u00a0<\/span>budowa\u0107 i naprawia\u0107 z\u0142o\u017cone systemy wojskowe, takie jak drony.<\/li>\n<li><strong>Technik uzbrojenia:<\/strong><span>\u00a0<\/span>S\u0105 oni odpowiedzialni za rozw\u00f3j i monta\u017c wszystkich rodzaj\u00f3w broni i zwi\u0105zanej z ni\u0105 amunicji.<\/li>\n<li><strong>Stolarze i cie\u015ble:<\/strong><span>\u00a0<\/span>s\u0105 potrzebne w przemy\u015ble obronnym, np. do wyposa\u017cenia wn\u0119trz pojazd\u00f3w i specjalistycznych element\u00f3w drewnianych.<\/li>\n<li><strong>Metalowiec:<\/strong><span>\u00a0<\/span>przej\u0105\u0107 budow\u0119 konstrukcji metalowych, kt\u00f3re s\u0105 wykorzystywane niemal wsz\u0119dzie w przemy\u015ble obronnym.<\/li>\n<\/ol>\n<h2>Niedob\u00f3r wykwalifikowanej si\u0142y roboczej w przemy\u015ble obronnym<\/h2>\n<p>Niedob\u00f3r wykwalifikowanej si\u0142y roboczej w Niemczech osi\u0105gn\u0105\u0142 uderzaj\u0105ce rozmiary. W niemal ka\u017cdym sektorze istniej\u0105 firmy, kt\u00f3re po prostu nie mog\u0105 zape\u0142ni\u0107 swoich wakat\u00f3w. Wed\u0142ug danych Niemieckiego Instytutu Gospodarczego (IW), w Niemczech jest \u0142\u0105cznie ponad p\u00f3\u0142 miliona wakat\u00f3w. Przemys\u0142 obronny r\u00f3wnie\u017c stoi przed powa\u017cnym wyzwaniem rekrutacji nowych pracownik\u00f3w - zw\u0142aszcza teraz, gdy portfele zam\u00f3wie\u0144 s\u0105 pe\u0142ne, a bezpiecze\u0144stwo narodowe i europejskie zale\u017cy od realizacji tych zam\u00f3wie\u0144.<\/p>\n<p>Wp\u0142yw niedoboru wykwalifikowanych pracownik\u00f3w na przemys\u0142 obronny mo\u017ce by\u0107 powa\u017cny. Je\u015bli niemieckie firmy zbrojeniowe nie b\u0119d\u0105 w stanie zatrudni\u0107 wystarczaj\u0105cej liczby nowych pracownik\u00f3w, mo\u017ce to sta\u0107 si\u0119 problemem o implikacjach geopolitycznych.<\/p>\n<p>Jakie s\u0105 zatem strategie walki z niedoborem wykwalifikowanej si\u0142y roboczej w sektorze obronnym? W jaki spos\u00f3b niemieckie firmy z bran\u017cy obronnej staraj\u0105 si\u0119 przyci\u0105gn\u0105\u0107 nowych, wykwalifikowanych pracownik\u00f3w pomimo niedoboru personelu?<\/p>\n<h2>W jaki spos\u00f3b praca tymczasowa mo\u017ce przeciwdzia\u0142a\u0107 niedoborowi wykwalifikowanej si\u0142y roboczej?<\/h2>\n<p>Najprostszym rozwi\u0105zaniem jest prawdopodobnie praca tymczasowa (znana r\u00f3wnie\u017c jako leasing personelu lub leasing pracownik\u00f3w). W przypadku pracy tymczasowej firmy po\u017cyczaj\u0105 pracownik\u00f3w od innej firmy na okre\u015blony czas.<\/p>\n<p>Global Business Recruiting od ponad 30 lat specjalizuje si\u0119 w rekrutacji pracownik\u00f3w tymczasowych - zw\u0142aszcza z Europy Wschodniej. Znajdujemy i zatrudniamy wykwalifikowanych pracownik\u00f3w tymczasowych z takich kraj\u00f3w jak Polska, Czechy, Rumunia, kraje ba\u0142ka\u0144skie, W\u0119gry, Chorwacja, S\u0142owenia, S\u0142owacja i inne.<\/p>\n<p>Polscy pracownicy tymczasowi s\u0105 szczeg\u00f3lnie interesuj\u0105cy w tym kontek\u015bcie, bior\u0105c pod uwag\u0119 wa\u017cn\u0105 rol\u0119 Polski w europejskim przemy\u015ble obronnym. Ponadto polscy pracownicy tymczasowi cz\u0119sto bardzo dobrze znaj\u0105 j\u0119zyk niemiecki i s\u0105 gotowi do natychmiastowego oddelegowania.<\/p>\n<p>Mamy wieloletnie do\u015bwiadczenie w leasingu personelu w obszarach o krytycznym znaczeniu dla bezpiecze\u0144stwa, takich jak przemys\u0142 obronny. Aby bezpiecznie pokona\u0107 wszystkie przeszkody prawne i regulacyjne, zaleca si\u0119 wsp\u00f3\u0142prac\u0119 z do\u015bwiadczonym, niezawodnym partnerem. I tym w\u0142a\u015bnie jeste\u015bmy od ponad 30 lat.<\/p>\n<p>Og\u00f3lnie rzecz bior\u0105c, leasing personelu jest doskona\u0142ym rozwi\u0105zaniem problemu niedoboru wykwalifikowanej si\u0142y roboczej w przemy\u015ble obronnym. Oczywi\u015bcie leasing personelu lub praca tymczasowa sprawdza si\u0119 nie tylko w przemy\u015ble obronnym, ale tak\u017ce we wszystkich innych bran\u017cach.<\/p>\n<h2>Szczeg\u00f3lne cechy prawne pracy tymczasowej w przemy\u015ble obronnym<\/h2>\n<p>Korzystanie z pracownik\u00f3w tymczasowych w przemy\u015ble obronnym podlega specjalnym wymogom prawnym. Opr\u00f3cz og\u00f3lnych przepis\u00f3w niemieckiej ustawy o pracy tymczasowej (A\u00dcG), nale\u017cy r\u00f3wnie\u017c przestrzega\u0107 przepis\u00f3w dotycz\u0105cych kontroli eksportu: Niekt\u00f3re stanowiska mog\u0105 by\u0107 obsadzane wy\u0142\u0105cznie przez osoby posiadaj\u0105ce niemieckie obywatelstwo lub odpowiedni status bezpiecze\u0144stwa. Wi\u0119cej informacji na temat podstawy prawnej pracy tymczasowej:<span>\u00a0<\/span><a href=\"https:\/\/global-business-recruiting.de\/pl\/wiedziec\/leasing-pracowniczy-a-podwykonawstwo\/\">Zatrudnienie tymczasowe a podwykonawstwo<\/a>.<\/p>\n<p>Ponadto przy delegowaniu wykwalifikowanych pracownik\u00f3w z Europy Wschodniej nale\u017cy przestrzega\u0107 wszystkich przepis\u00f3w ustawy o pracownikach delegowanych, w szczeg\u00f3lno\u015bci dotycz\u0105cych p\u0142acy minimalnej, godzin pracy i warunk\u00f3w zatrudnienia.<span>\u00a0<\/span><a href=\"https:\/\/global-business-recruiting.de\/pl\/wiedziec\/certyfikat-a1\/\">Certyfikat A1<\/a>.<\/p>\n<h2>Cz\u0119sto zadawane pytania dotycz\u0105ce wykwalifikowanych pracownik\u00f3w w przemy\u015ble obronnym<\/h2>\n<\/div><\/div><div class=\"w-separator size_small\"><\/div><div class=\"w-tabs style_default switch_click accordion type_togglable has_scrolling\" style=\"--sections-title-size:inherit\"><div class=\"w-tabs-sections titles-align_none icon_chevron cpos_right\"><div class=\"w-tabs-section\" id=\"m697\" itemscope itemprop=\"mainEntity\" itemtype=\"https:\/\/schema.org\/Question\"><button class=\"w-tabs-section-header\" aria-controls=\"content-m697\" aria-expanded=\"false\"><div class=\"w-tabs-section-title\" itemprop=\"name\">Dlaczego spawacze s\u0105 tak poszukiwani w przemy\u015ble obronnym?<\/div><div class=\"w-tabs-section-control\"><\/div><\/button><div  class=\"w-tabs-section-content\" id=\"content-m697\" itemscope itemprop=\"acceptedAnswer\" itemtype=\"https:\/\/schema.org\/Answer\"><div class=\"w-tabs-section-content-h i-cf\" itemprop=\"text\"><div class=\"wpb_text_column\"><div class=\"wpb_wrapper\"><p>Spawacze s\u0105 niezb\u0119dni w przemy\u015ble obronnym, poniewa\u017c s\u0105 odpowiedzialni za produkcj\u0119 pancerzy, obud\u00f3w broni, ram pojazd\u00f3w i cz\u0119\u015bci konstrukcyjnych. Wymagania s\u0105 wysokie: wymagana jest precyzja, znajomo\u015b\u0107 r\u00f3\u017cnych proces\u00f3w spawania (MAG, TIG, elektroda) i cz\u0119sto gotowo\u015b\u0107 do poddania si\u0119 kontrolom bezpiecze\u0144stwa.<\/p>\n<\/div><\/div><\/div><\/div><\/div><div class=\"w-tabs-section\" id=\"b792\" itemscope itemprop=\"mainEntity\" itemtype=\"https:\/\/schema.org\/Question\"><button class=\"w-tabs-section-header\" aria-controls=\"content-b792\" aria-expanded=\"false\"><div class=\"w-tabs-section-title\" itemprop=\"name\">Czy rzemie\u015blnicy w przemy\u015ble obronnym potrzebuj\u0105 po\u015bwiadczenia bezpiecze\u0144stwa?<\/div><div class=\"w-tabs-section-control\"><\/div><\/button><div  class=\"w-tabs-section-content\" id=\"content-b792\" itemscope itemprop=\"acceptedAnswer\" itemtype=\"https:\/\/schema.org\/Answer\"><div class=\"w-tabs-section-content-h i-cf\" itemprop=\"text\"><div class=\"wpb_text_column\"><div class=\"wpb_wrapper\"><p>Zale\u017cy to od obszaru zastosowania. Ka\u017cdy, kto pracuje bezpo\u015brednio przy systemach istotnych dla bezpiecze\u0144stwa lub w obszarach o ograniczonym dost\u0119pie, zazwyczaj wymaga kontroli bezpiecze\u0144stwa zgodnie z niemieck\u0105 ustaw\u0105 o kontroli bezpiecze\u0144stwa (S\u00dcG). Nie zawsze jest to konieczne w przypadku og\u00f3lnych czynno\u015bci manualnych w halach produkcyjnych.<\/p>\n<\/div><\/div><\/div><\/div><\/div><div class=\"w-tabs-section\" id=\"h888\" itemscope itemprop=\"mainEntity\" itemtype=\"https:\/\/schema.org\/Question\"><button class=\"w-tabs-section-header\" aria-controls=\"content-h888\" aria-expanded=\"false\"><div class=\"w-tabs-section-title\" itemprop=\"name\">Czy rzemie\u015blnicy z Europy Wschodniej mog\u0105 by\u0107 zatrudniani w niemieckim przemy\u015ble obronnym?<\/div><div class=\"w-tabs-section-control\"><\/div><\/button><div  class=\"w-tabs-section-content\" id=\"content-h888\" itemscope itemprop=\"acceptedAnswer\" itemtype=\"https:\/\/schema.org\/Answer\"><div class=\"w-tabs-section-content-h i-cf\" itemprop=\"text\"><div class=\"wpb_text_column\"><div class=\"wpb_wrapper\"><p>Tak, zasadniczo obywatele UE mog\u0105 pracowa\u0107 w niemieckim przemy\u015ble obronnym. Istniej\u0105 ograniczenia dotycz\u0105ce stanowisk zwi\u0105zanych z bezpiecze\u0144stwem, kt\u00f3re wymagaj\u0105 obywatelstwa niemieckiego lub okre\u015blonego statusu pobytu. Global Business Recruiting doradzi Ci w sprawie konkretnych wymaga\u0144 dotycz\u0105cych Twoich wakat\u00f3w.<\/p>\n<\/div><\/div><\/div><\/div><\/div><div class=\"w-tabs-section\" id=\"d9c6\" itemscope itemprop=\"mainEntity\" itemtype=\"https:\/\/schema.org\/Question\"><button class=\"w-tabs-section-header\" aria-controls=\"content-d9c6\" aria-expanded=\"false\"><div class=\"w-tabs-section-title\" itemprop=\"name\">Jak szybko Global Business Recruiting mo\u017ce zapewni\u0107 rzemie\u015blnik\u00f3w dla przemys\u0142u obronnego?<\/div><div class=\"w-tabs-section-control\"><\/div><\/button><div  class=\"w-tabs-section-content\" id=\"content-d9c6\" itemscope itemprop=\"acceptedAnswer\" itemtype=\"https:\/\/schema.org\/Answer\"><div class=\"w-tabs-section-content-h i-cf\" itemprop=\"text\"><div class=\"wpb_text_column\"><div class=\"wpb_wrapper\"><p>W przypadku standardowych stanowisk, takich jak spawacze, \u015blusarze lub operatorzy tokarek CNC, zazwyczaj mo\u017cemy zapewni\u0107 wykwalifikowan\u0105 si\u0142\u0119 robocz\u0105 gotow\u0105 do wdro\u017cenia w ci\u0105gu tygodnia. Wszyscy pracownicy posiadaj\u0105 niezb\u0119dne kwalifikacje, m\u00f3wi\u0105 po niemiecku i s\u0105 zaznajomieni z niemieckimi normami bezpiecze\u0144stwa.<\/p>\n<\/div><\/div><\/div><\/div><\/div><div class=\"w-tabs-section\" id=\"aabb\" itemscope itemprop=\"mainEntity\" itemtype=\"https:\/\/schema.org\/Question\"><button class=\"w-tabs-section-header\" aria-controls=\"content-aabb\" aria-expanded=\"false\"><div class=\"w-tabs-section-title\" itemprop=\"name\">Kt\u00f3re kraje Europy Wschodniej s\u0105 szczeg\u00f3lnie istotne jako \u017ar\u00f3d\u0142o zbroje\u0144?<\/div><div class=\"w-tabs-section-control\"><\/div><\/button><div  class=\"w-tabs-section-content\" id=\"content-aabb\" itemscope itemprop=\"acceptedAnswer\" itemtype=\"https:\/\/schema.org\/Answer\"><div class=\"w-tabs-section-content-h i-cf\" itemprop=\"text\"><div class=\"wpb_text_column\"><div class=\"wpb_wrapper\"><p>Polska jest szczeg\u00f3lnie interesuj\u0105ca ze wzgl\u0119du na silny przemys\u0142 obronny i wysoki poziom kwalifikacji wykwalifikowanych pracownik\u00f3w. S\u0142owacja, Czechy i Rumunia s\u0105 r\u00f3wnie\u017c domem dla wielu dobrze wyszkolonych rzemie\u015blnik\u00f3w z do\u015bwiadczeniem w obr\u00f3bce metali, kt\u00f3rzy mog\u0105 by\u0107 szybko zintegrowani z niemieckimi projektami obronnymi.<\/p>\n<\/div><\/div><\/div><\/div><\/div><\/div><\/div><\/div><\/div><\/div><\/div><\/section>","protected":false},"excerpt":{"rendered":"Die deutsche R\u00fcstungsindustrie freut sich \u00fcber Auftr\u00e4ge in Milliardenh\u00f6he. Um die neuen Auftr\u00e4ge stemmen zu k\u00f6nnen, m\u00fcssen zus\u00e4tzliche Mitarbeiter eingestellt werden \u2013 darunter auch Handwerker. Erfahren Sie hier, wie Sie diese trotz Fachkr\u00e4ftemangels f\u00fcr Ihr Unternehmen in der Verteidigungsindustrie gewinnen k\u00f6nnen! Der Boom der deutschen R\u00fcstungsindustrie Die deutsche R\u00fcstungsbranche boomt. Allein die EU plant, bis...","protected":false},"author":1,"featured_media":11146,"parent":9347,"menu_order":0,"comment_status":"closed","ping_status":"closed","template":"","meta":{"_acf_changed":false,"footnotes":""},"class_list":["post-9824","page","type-page","status-publish","has-post-thumbnail","hentry"],"acf":[],"_links":{"self":[{"href":"https:\/\/global-business-recruiting.de\/pl\/wp-json\/wp\/v2\/pages\/9824","targetHints":{"allow":["GET"]}}],"collection":[{"href":"https:\/\/global-business-recruiting.de\/pl\/wp-json\/wp\/v2\/pages"}],"about":[{"href":"https:\/\/global-business-recruiting.de\/pl\/wp-json\/wp\/v2\/types\/page"}],"author":[{"embeddable":true,"href":"https:\/\/global-business-recruiting.de\/pl\/wp-json\/wp\/v2\/users\/1"}],"replies":[{"embeddable":true,"href":"https:\/\/global-business-recruiting.de\/pl\/wp-json\/wp\/v2\/comments?post=9824"}],"version-history":[{"count":6,"href":"https:\/\/global-business-recruiting.de\/pl\/wp-json\/wp\/v2\/pages\/9824\/revisions"}],"predecessor-version":[{"id":11198,"href":"https:\/\/global-business-recruiting.de\/pl\/wp-json\/wp\/v2\/pages\/9824\/revisions\/11198"}],"up":[{"embeddable":true,"href":"https:\/\/global-business-recruiting.de\/pl\/wp-json\/wp\/v2\/pages\/9347"}],"wp:featuredmedia":[{"embeddable":true,"href":"https:\/\/global-business-recruiting.de\/pl\/wp-json\/wp\/v2\/media\/11146"}],"wp:attachment":[{"href":"https:\/\/global-business-recruiting.de\/pl\/wp-json\/wp\/v2\/media?parent=9824"}],"curies":[{"name":"wp","href":"https:\/\/api.w.org\/{rel}","templated":true}]}}