{"id":9829,"date":"2026-03-11T12:30:23","date_gmt":"2026-03-11T12:30:23","guid":{"rendered":"https:\/\/global-business-recruiting.de\/wissen\/besonders-gefragte-handwerksberufe-in-der-ruestungsindustrie-2\/"},"modified":"2026-03-29T13:02:23","modified_gmt":"2026-03-29T13:02:23","slug":"podwykonawcy-w-branzy-budowlanej","status":"publish","type":"page","link":"https:\/\/global-business-recruiting.de\/pl\/wissen\/subunternehmer-im-baugewerbe\/","title":{"rendered":"Podwykonawcy w bran\u017cy budowlanej: powody, dla kt\u00f3rych warto z nich korzysta\u0107, problemy, wyzwania i jak znale\u017a\u0107 w\u0142a\u015bciwego podwykonawc\u0119"},"content":{"rendered":"<section class=\"l-section wpb_row height_custom\"><div class=\"l-section-h i-cf\"><div class=\"g-cols vc_row via_grid cols_1 laptops-cols_inherit tablets-cols_inherit mobiles-cols_1 valign_top type_default stacking_default\"><div class=\"wpb_column vc_column_container\"><div class=\"vc_column-inner\"><div class=\"wpb_text_column\"><div class=\"wpb_wrapper\"><p>W<span>\u00a0<\/span><a href=\"https:\/\/global-business-recruiting.de\/pl\/oddzialy\/przemysl-budowlany\/\">Przemys\u0142 budowlany<\/a><span>\u00a0<\/span>Podwykonawcy odgrywaj\u0105 kluczow\u0105 rol\u0119 w projektach budowlanych. Wnosz\u0105 oni specjalistyczne umiej\u0119tno\u015bci i wiedz\u0119, kt\u00f3re s\u0105 kluczowe dla pomy\u015blnego uko\u0144czenia projekt\u00f3w budowlanych. Korzystanie z us\u0142ug podwykonawc\u00f3w mo\u017ce jednak wi\u0105za\u0107 si\u0119 z szeregiem wyzwa\u0144 i problem\u00f3w.<\/p>\n<p>Udana wsp\u00f3\u0142praca z podwykonawcami wymaga jasnej komunikacji, szczeg\u00f3\u0142owych um\u00f3w, regularnych kontroli jako\u015bci i ustanowienia d\u0142ugoterminowych partnerstw. Ci\u0105g\u0142e szkolenia i edukacja podwykonawc\u00f3w, a tak\u017ce elastyczno\u015b\u0107 i zdolno\u015b\u0107 adaptacji maj\u0105 r\u00f3wnie\u017c kluczowe znaczenie dla sukcesu.<\/p>\n<h2>Dlaczego podwykonawcy s\u0105 popularni w bran\u017cy budowlanej?<\/h2>\n<p>Jednym z g\u0142\u00f3wnych powod\u00f3w korzystania z us\u0142ug podwykonawc\u00f3w w bran\u017cy budowlanej jest ich specjalizacja i do\u015bwiadczenie, jakie wnosz\u0105 do projektu. Projekty budowlane cz\u0119sto wymagaj\u0105 wielu specjalistycznych zada\u0144, takich jak instalacje elektryczne, prace hydrauliczne, budowa dach\u00f3w lub elewacji. Podwykonawcy posiadaj\u0105 niezb\u0119dne umiej\u0119tno\u015bci i do\u015bwiadczenie, aby wykona\u0107 te zadania sprawnie i profesjonalnie.<\/p>\n<p>Podwykonawcy umo\u017cliwiaj\u0105 firmom budowlanym elastyczne skalowanie swoich mo\u017cliwo\u015bci. W przypadku du\u017cych projekt\u00f3w lub w okresach szczytu, dodatkowa si\u0142a robocza mo\u017ce zosta\u0107 szybko zmobilizowana bez konieczno\u015bci podejmowania d\u0142ugoterminowych zobowi\u0105za\u0144. Umo\u017cliwia to firmom reagowanie na potrzeby rynku i dotrzymywanie termin\u00f3w realizacji projekt\u00f3w.<\/p>\n<p>Wsp\u00f3\u0142praca z podwykonawcami mo\u017ce by\u0107 bardziej op\u0142acalna ni\u017c zatrudnianie sta\u0142ych pracownik\u00f3w. Podwykonawcy zazwyczaj pracuj\u0105 na podstawie umowy i otrzymuj\u0105 wynagrodzenie tylko za faktycznie wykonan\u0105 prac\u0119. Zmniejsza to koszty sta\u0142e i umo\u017cliwia lepsz\u0105 kontrol\u0119 koszt\u00f3w.<\/p>\n<h2>Jakie s\u0105 problemy i wyzwania?<\/h2>\n<p>Jednym z najcz\u0119stszych problem\u00f3w przy korzystaniu z us\u0142ug podwykonawc\u00f3w jest zapewnienie odpowiedniej jako\u015bci wykonywanych prac. R\u00f3\u017cni podwykonawcy mog\u0105 mie\u0107 r\u00f3\u017cne standardy i sposoby pracy, co mo\u017ce prowadzi\u0107 do r\u00f3\u017cnic w jako\u015bci. Wa\u017cne jest, aby zdefiniowa\u0107 jasne wymagania jako\u015bciowe i przeprowadza\u0107 regularne kontrole, aby upewni\u0107 si\u0119, \u017ce praca spe\u0142nia oczekiwania.<\/p>\n<p>Korzystaj\u0105c z us\u0142ug podwykonawc\u00f3w, firmy budowlane musz\u0105 upewni\u0107 si\u0119, \u017ce wszystkie aspekty prawne i ubezpieczeniowe zosta\u0142y uwzgl\u0119dnione. Niejasne umowy i niewystarczaj\u0105ce ubezpieczenie mog\u0105 prowadzi\u0107 do problem\u00f3w z odpowiedzialno\u015bci\u0105. Wa\u017cne jest, aby wszystkie umowy by\u0142y rejestrowane na pi\u015bmie, a podwykonawcy posiadali wystarczaj\u0105ce ubezpieczenie na pokrycie wszelkich szk\u00f3d lub wypadk\u00f3w.<\/p>\n<p>Wi\u0119cej na temat odpowiedzialno\u015bci:<span>\u00a0<\/span><a href=\"https:\/\/global-business-recruiting.de\/pl\/wiedziec\/odpowiedzialnosc-zagranicznych-podwykonawcow\/\">Kto ponosi odpowiedzialno\u015b\u0107 za szkody i usterki u zagranicznych podwykonawc\u00f3w?<\/a><\/p>\n<h2>Co musi zawiera\u0107 umowa z podwykonawc\u0105?<\/h2>\n<p>Nast\u0119puj\u0105ce punkty powinny by\u0107 uregulowane w umowie z podwykonawc\u0105:<\/p>\n<ul>\n<li>Przedmiot umowy - jasno okre\u015blone us\u0142ugi i obowi\u0105zki<\/li>\n<li>Terminy wykonania i akceptacja<\/li>\n<li>Zapewnienie sprz\u0119tu roboczego<\/li>\n<li>Umowa w sprawie wykorzystania materia\u0142\u00f3w<\/li>\n<li>Wynagrodzenie, fakturowanie i p\u0142atno\u015bci<\/li>\n<li>Odpowiedzialno\u015b\u0107, roszczenia z tytu\u0142u wad i ubezpieczenie<\/li>\n<li>Klauzule o zakazie konkurencji oraz klauzule o poufno\u015bci i ochronie klienta<\/li>\n<\/ul>\n<p>Wi\u0119cej na temat poszczeg\u00f3lnych klauzul i ich znaczenia prawnego:<span>\u00a0<\/span><a href=\"https:\/\/global-business-recruiting.de\/pl\/wiedziec\/klauzule-umowne-dotyczace-podwykonawcow\/\">Istotne klauzule w umowie z podwykonawc\u0105<\/a>.<\/p>\n<h2>Jak znale\u017a\u0107 odpowiedniego podwykonawc\u0119?<\/h2>\n<p>Wybieraj\u0105c podwykonawc\u00f3w, firmy budowlane powinny zwraca\u0107 uwag\u0119 na referencje i do\u015bwiadczenie potencjalnych partner\u00f3w. Poprzednie projekty i opinie klient\u00f3w mog\u0105 zapewni\u0107 cenny wgl\u0105d w jako\u015b\u0107 pracy i niezawodno\u015b\u0107 podwykonawcy. Warto sprawdzi\u0107 referencje i dowiedzie\u0107 si\u0119 o do\u015bwiadczeniach innych firm budowlanych z danym podwykonawc\u0105.<\/p>\n<p>Kwalifikacje zawodowe i certyfikaty podwykonawcy s\u0105 r\u00f3wnie\u017c wa\u017cnymi kryteriami w procesie selekcji. Podwykonawcy powinni posiada\u0107 niezb\u0119dne licencje i certyfikaty wymagane dla ich konkretnych dzia\u0142a\u0144. Gwarantuje to, \u017ce spe\u0142niaj\u0105 oni wymogi prawne i techniczne.<\/p>\n<p>Upewnij si\u0119 r\u00f3wnie\u017c, \u017ce posiadasz wszystkie niezb\u0119dne dokumenty: Rejestracja dzia\u0142alno\u015bci gospodarczej, ubezpieczenie od odpowiedzialno\u015bci cywilnej,<span>\u00a0<\/span><a href=\"https:\/\/global-business-recruiting.de\/pl\/wiedziec\/certyfikat-a1\/\">Certyfikaty A1<\/a><span>\u00a0<\/span>dla oddelegowanych pracownik\u00f3w, a tak\u017ce za\u015bwiadczenia o niezaleganiu z ubezpieczeniami spo\u0142ecznymi i podatkami. Dowiedz si\u0119 wi\u0119cej:<span>\u00a0<\/span><a href=\"https:\/\/global-business-recruiting.de\/pl\/wiedziec\/certyfikaty-podwykonawcy-ue\/\">Dowody wymagane w przypadku podwykonawc\u00f3w z UE<\/a>.<\/p>\n<h2>Jak Global Business Recruiting mo\u017ce pom\u00f3c<\/h2>\n<p>Proces znalezienia odpowiedniego podwykonawcy mo\u017ce by\u0107 czasami \u017cmudny i czasoch\u0142onny. Zdejmujemy t\u0119 prac\u0119 z Twoich r\u0105k.<\/p>\n<p>Global Business Recruiting od ponad 25 lat umieszcza podwykonawc\u00f3w z Polski, Czech, S\u0142owacji i Europy Wschodniej na rynku niemieckim. Dysponujemy baz\u0105 dobrych firm, kt\u00f3re maj\u0105 ju\u017c du\u017ce do\u015bwiadczenie z niemieckimi klientami.<\/p>\n<p>Wszyscy nasi pracownicy m\u00f3wi\u0105 po niemiecku, wi\u0119c nie ma bariery j\u0119zykowej. Licencje s\u0105 r\u00f3wnie\u017c aktualne, wi\u0119c podwykonawcy mog\u0105 zazwyczaj rozpocz\u0105\u0107 prac\u0119 w ci\u0105gu tygodnia.<\/p>\n<h2>Najcz\u0119\u015bciej zadawane pytania dotycz\u0105ce podwykonawc\u00f3w w bran\u017cy budowlanej<\/h2>\n<\/div><\/div><div class=\"w-separator size_small\"><\/div><div class=\"w-tabs style_default switch_click accordion type_togglable has_scrolling\" style=\"--sections-title-size:inherit\"><div class=\"w-tabs-sections titles-align_none icon_chevron cpos_right\"><div class=\"w-tabs-section\" id=\"k01a\" itemscope itemprop=\"mainEntity\" itemtype=\"https:\/\/schema.org\/Question\"><button class=\"w-tabs-section-header\" aria-controls=\"content-k01a\" aria-expanded=\"false\"><div class=\"w-tabs-section-title\" itemprop=\"name\">Jakie ubezpieczenie musi posiada\u0107 podwykonawca budowlany?<\/div><div class=\"w-tabs-section-control\"><\/div><\/button><div  class=\"w-tabs-section-content\" id=\"content-k01a\" itemscope itemprop=\"acceptedAnswer\" itemtype=\"https:\/\/schema.org\/Answer\"><div class=\"w-tabs-section-content-h i-cf\" itemprop=\"text\"><div class=\"wpb_text_column\"><div class=\"wpb_wrapper\"><p>Jako minimum, podwykonawca w bran\u017cy budowlanej powinien posiada\u0107 ubezpieczenie od odpowiedzialno\u015bci cywilnej, kt\u00f3re obejmuje obra\u017cenia cia\u0142a, szkody maj\u0105tkowe i straty finansowe. Ponadto, w zale\u017cno\u015bci od bran\u017cy, sensowne jest ubezpieczenie rob\u00f3t budowlanych i ubezpieczenie od odpowiedzialno\u015bci zawodowej. Jako klient, powiniene\u015b zawsze uzyska\u0107 dow\u00f3d ubezpieczenia przed z\u0142o\u017ceniem zam\u00f3wienia.<\/p>\n<\/div><\/div><\/div><\/div><\/div><div class=\"w-tabs-section\" id=\"a0e6\" itemscope itemprop=\"mainEntity\" itemtype=\"https:\/\/schema.org\/Question\"><button class=\"w-tabs-section-header\" aria-controls=\"content-a0e6\" aria-expanded=\"false\"><div class=\"w-tabs-section-title\" itemprop=\"name\">Jak szybko podwykonawcy z Europy Wschodniej mog\u0105 zosta\u0107 rozmieszczeni na placu budowy?<\/div><div class=\"w-tabs-section-control\"><\/div><\/button><div  class=\"w-tabs-section-content\" id=\"content-a0e6\" itemscope itemprop=\"acceptedAnswer\" itemtype=\"https:\/\/schema.org\/Answer\"><div class=\"w-tabs-section-content-h i-cf\" itemprop=\"text\"><div class=\"wpb_text_column\"><div class=\"wpb_wrapper\"><p>Global Business Recruiting mo\u017ce zazwyczaj wys\u0142a\u0107 wykwalifikowane zespo\u0142y podwykonawc\u00f3w z Europy Wschodniej w ci\u0105gu tygodnia. Wszystkie niezb\u0119dne dokumenty - za\u015bwiadczenia A1, rejestracja dzia\u0142alno\u015bci gospodarczej, dow\u00f3d ubezpieczenia - s\u0105 uzyskiwane i sprawdzane z wyprzedzeniem.<\/p>\n<\/div><\/div><\/div><\/div><\/div><div class=\"w-tabs-section\" id=\"w1bc\" itemscope itemprop=\"mainEntity\" itemtype=\"https:\/\/schema.org\/Question\"><button class=\"w-tabs-section-header\" aria-controls=\"content-w1bc\" aria-expanded=\"false\"><div class=\"w-tabs-section-title\" itemprop=\"name\">Jak unikn\u0105\u0107 fikcyjnego samozatrudnienia podczas korzystania z podwykonawc\u00f3w na placu budowy?<\/div><div class=\"w-tabs-section-control\"><\/div><\/button><div  class=\"w-tabs-section-content\" id=\"content-w1bc\" itemscope itemprop=\"acceptedAnswer\" itemtype=\"https:\/\/schema.org\/Answer\"><div class=\"w-tabs-section-content-h i-cf\" itemprop=\"text\"><div class=\"wpb_text_column\"><div class=\"wpb_wrapper\"><p>Upewnij si\u0119, \u017ce podwykonawca ma prawdziw\u0105 swobod\u0119 przedsi\u0119biorczo\u015bci: w\u0142asne godziny pracy, w\u0142asny sprz\u0119t roboczy, brak wy\u0142\u0105cznej pracy dla ciebie. Jasno formu\u0142uj umowy jako umowy o dzie\u0142o i prac\u0119 z okre\u015blonymi wynikami. Dowiedz si\u0119 wi\u0119cej:<span>\u00a0<\/span><a href=\"https:\/\/global-business-recruiting.de\/pl\/wiedziec\/unikanie-falszywego-zatrudnienia\/\">Unikaj fikcyjnego samozatrudnienia<\/a>.<\/p>\n<\/div><\/div><\/div><\/div><\/div><div class=\"w-tabs-section\" id=\"q285\" itemscope itemprop=\"mainEntity\" itemtype=\"https:\/\/schema.org\/Question\"><button class=\"w-tabs-section-header\" aria-controls=\"content-q285\" aria-expanded=\"false\"><div class=\"w-tabs-section-title\" itemprop=\"name\">Czy niemiecka p\u0142aca minimalna ma r\u00f3wnie\u017c zastosowanie do pracownik\u00f3w podwykonawc\u00f3w z Europy Wschodniej?<\/div><div class=\"w-tabs-section-control\"><\/div><\/button><div  class=\"w-tabs-section-content\" id=\"content-q285\" itemscope itemprop=\"acceptedAnswer\" itemtype=\"https:\/\/schema.org\/Answer\"><div class=\"w-tabs-section-content-h i-cf\" itemprop=\"text\"><div class=\"wpb_text_column\"><div class=\"wpb_wrapper\"><p>Tak, wszyscy pracownicy zatrudnieni na niemieckich budowach maj\u0105 prawo do niemieckiej p\u0142acy minimalnej - niezale\u017cnie od narodowo\u015bci pracodawcy. Jako zleceniodawca ponosisz za to odpowiedzialno\u015b\u0107 jako gwarant zgodnie z \u00a7 13 MiLoG. Upewnij si\u0119 w umowie, \u017ce Tw\u00f3j podwykonawca spe\u0142nia i dokumentuje ten obowi\u0105zek.<\/p>\n<\/div><\/div><\/div><\/div><\/div><div class=\"w-tabs-section\" id=\"r360\" itemscope itemprop=\"mainEntity\" itemtype=\"https:\/\/schema.org\/Question\"><button class=\"w-tabs-section-header\" aria-controls=\"content-r360\" aria-expanded=\"false\"><div class=\"w-tabs-section-title\" itemprop=\"name\">Jaka jest r\u00f3\u017cnica mi\u0119dzy podwykonawc\u0105 a podwykonawc\u0105 w budownictwie?<\/div><div class=\"w-tabs-section-control\"><\/div><\/button><div  class=\"w-tabs-section-content\" id=\"content-r360\" itemscope itemprop=\"acceptedAnswer\" itemtype=\"https:\/\/schema.org\/Answer\"><div class=\"w-tabs-section-content-h i-cf\" itemprop=\"text\"><div class=\"wpb_text_column\"><div class=\"wpb_wrapper\"><p>Terminy te s\u0105 cz\u0119sto u\u017cywane zamiennie w niemieckiej bran\u017cy budowlanej. Z technicznego punktu widzenia podwykonawca to podwykonawca dzia\u0142aj\u0105cy na zlecenie generalnego wykonawcy, kt\u00f3ry z kolei dzia\u0142a jako g\u0142\u00f3wny wykonawca w stosunku do klienta. Czytaj wi\u0119cej:<span>\u00a0<\/span><a href=\"https:\/\/global-business-recruiting.de\/pl\/wiedziec\/generalny-wykonawca-podwykonawca\/\">Generalni wykonawcy i podwykonawcy - r\u00f3\u017cnice i interakcje<\/a>.<\/p>\n<div><\/div>\n<\/div><\/div><\/div><\/div><\/div><\/div><\/div><\/div><\/div><\/div><\/div><\/section>","protected":false},"excerpt":{"rendered":"Im\u00a0Baugewerbe\u00a0spielen Subunternehmer eine wesentliche Rolle. Sie bringen spezialisierte F\u00e4higkeiten und Kenntnisse mit, die f\u00fcr den erfolgreichen Abschluss von Bauprojekten entscheidend sind. Der Einsatz von Subunternehmern kann jedoch auch eine Reihe von Herausforderungen und Problemen mit sich bringen. Eine erfolgreiche Zusammenarbeit mit Nachunternehmern erfordert klare Kommunikation, detaillierte Vertr\u00e4ge, regelm\u00e4\u00dfige Qualit\u00e4tskontrollen und den Aufbau langfristiger Partnerschaften. Die...","protected":false},"author":1,"featured_media":11147,"parent":9347,"menu_order":0,"comment_status":"closed","ping_status":"closed","template":"","meta":{"_acf_changed":false,"footnotes":""},"class_list":["post-9829","page","type-page","status-publish","has-post-thumbnail","hentry"],"acf":[],"_links":{"self":[{"href":"https:\/\/global-business-recruiting.de\/pl\/wp-json\/wp\/v2\/pages\/9829","targetHints":{"allow":["GET"]}}],"collection":[{"href":"https:\/\/global-business-recruiting.de\/pl\/wp-json\/wp\/v2\/pages"}],"about":[{"href":"https:\/\/global-business-recruiting.de\/pl\/wp-json\/wp\/v2\/types\/page"}],"author":[{"embeddable":true,"href":"https:\/\/global-business-recruiting.de\/pl\/wp-json\/wp\/v2\/users\/1"}],"replies":[{"embeddable":true,"href":"https:\/\/global-business-recruiting.de\/pl\/wp-json\/wp\/v2\/comments?post=9829"}],"version-history":[{"count":6,"href":"https:\/\/global-business-recruiting.de\/pl\/wp-json\/wp\/v2\/pages\/9829\/revisions"}],"predecessor-version":[{"id":11196,"href":"https:\/\/global-business-recruiting.de\/pl\/wp-json\/wp\/v2\/pages\/9829\/revisions\/11196"}],"up":[{"embeddable":true,"href":"https:\/\/global-business-recruiting.de\/pl\/wp-json\/wp\/v2\/pages\/9347"}],"wp:featuredmedia":[{"embeddable":true,"href":"https:\/\/global-business-recruiting.de\/pl\/wp-json\/wp\/v2\/media\/11147"}],"wp:attachment":[{"href":"https:\/\/global-business-recruiting.de\/pl\/wp-json\/wp\/v2\/media?parent=9829"}],"curies":[{"name":"wp","href":"https:\/\/api.w.org\/{rel}","templated":true}]}}