{"id":9836,"date":"2026-03-11T12:53:28","date_gmt":"2026-03-11T12:53:28","guid":{"rendered":"https:\/\/global-business-recruiting.de\/wissen\/subunternehmer-im-baugewerbe-gruende-fuer-den-einsatz-probleme-herausforderungen-und-wie-sie-den-richtigen-finden\/"},"modified":"2026-03-29T13:03:04","modified_gmt":"2026-03-29T13:03:04","slug":"zalety-budowy-z-podwykonawca","status":"publish","type":"page","link":"https:\/\/global-business-recruiting.de\/pl\/wissen\/vorteile-subunternehmer-baugewerbe\/","title":{"rendered":"Zalety podwykonawc\u00f3w w bran\u017cy budowlanej: skuteczny outsourcing projekt\u00f3w budowlanych"},"content":{"rendered":"<section class=\"l-section wpb_row height_custom\"><div class=\"l-section-h i-cf\"><div class=\"g-cols vc_row via_grid cols_1 laptops-cols_inherit tablets-cols_inherit mobiles-cols_1 valign_top type_default stacking_default\"><div class=\"wpb_column vc_column_container\"><div class=\"vc_column-inner\"><div class=\"wpb_text_column\"><div class=\"wpb_wrapper\"><p>The<span>\u00a0<\/span><a href=\"https:\/\/global-business-recruiting.de\/pl\/oddzialy\/przemysl-budowlany\/\">Przemys\u0142 budowlany<\/a><span>\u00a0<\/span>nieustannie staje przed wyzwaniem realizacji projekt\u00f3w w spos\u00f3b wydajny i efektywny kosztowo. To w\u0142a\u015bnie w tym obszarze korzystanie z us\u0142ug podwykonawc\u00f3w stanowi strategiczne rozwi\u0105zanie. Korzystanie z us\u0142ug podwykonawc\u00f3w w bran\u017cy budowlanej mo\u017ce przynie\u015b\u0107 szereg korzy\u015bci, od oszcz\u0119dno\u015bci koszt\u00f3w po specjalistyczn\u0105 wiedz\u0119. W tym artykule omawiamy kluczowe korzy\u015bci p\u0142yn\u0105ce z podwykonawstwa.<\/p>\n<p>W dzisiejszym szybko zmieniaj\u0105cym si\u0119 przemy\u015ble budowlanym firmy staj\u0105 przed wyzwaniem efektywnego zarz\u0105dzania jako\u015bci\u0105, kosztami i czasem.<\/p>\n<h2>G\u0142\u00f3wne zalety w skr\u00f3cie<\/h2>\n<h3>Kontrola koszt\u00f3w<\/h3>\n<p>Zatrudnianie podwykonawc\u00f3w pozwala firmom budowlanym na efektywne zarz\u0105dzanie kosztami. Zamiast p\u0142aci\u0107 sta\u0142e pensje, firmy mog\u0105 zatrudnia\u0107 podwykonawc\u00f3w w zale\u017cno\u015bci od potrzeb. Prowadzi to do bardziej elastycznej struktury koszt\u00f3w, w kt\u00f3rej p\u0142atno\u015b\u0107 jest dokonywana tylko za faktycznie wykonan\u0105 prac\u0119.<\/p>\n<h3>Elastyczno\u015b\u0107<\/h3>\n<p>Elastyczno\u015b\u0107 jest niezb\u0119dna w bran\u017cy budowlanej. Oddelegowuj\u0105c podwykonawc\u00f3w, firmy mog\u0105 szybko reagowa\u0107 na zmiany w zakresie prac bez konieczno\u015bci anga\u017cowania d\u0142ugoterminowych pracownik\u00f3w. Ta elastyczno\u015b\u0107 jest szczeg\u00f3lnie cenna w projektach, w kt\u00f3rych wymagania dotycz\u0105ce pracy mog\u0105 si\u0119 zmienia\u0107.<\/p>\n<h3>Specjalizacja i jako\u015b\u0107<\/h3>\n<p>Podwykonawcy cz\u0119sto wnosz\u0105 specjalistyczn\u0105 wiedz\u0119, kt\u00f3ra mo\u017ce nie by\u0107 dost\u0119pna dla sta\u0142ych pracownik\u00f3w. Wiedza ta mo\u017ce poprawi\u0107 jako\u015b\u0107 pracy i zapewni\u0107 skuteczne wdro\u017cenie specjalistycznych technik. Korzystanie z us\u0142ug podwykonawc\u00f3w zapewnia, \u017ce ka\u017cde zadanie jest wykonywane przez profesjonalist\u00f3w posiadaj\u0105cych odpowiedni\u0105 wiedz\u0119.<\/p>\n<h3>Szybsza realizacja projekt\u00f3w<\/h3>\n<p>Mo\u017cliwo\u015b\u0107 szybkiego wykorzystania podwykonawc\u00f3w mo\u017ce znacznie skr\u00f3ci\u0107 czas realizacji projekt\u00f3w. Poniewa\u017c podwykonawcy s\u0105 natychmiast gotowi do u\u017cycia, mo\u017cna ich zintegrowa\u0107 szybciej ni\u017c zatrudni\u0107 i przeszkoli\u0107 nowych pracownik\u00f3w.<\/p>\n<h3>Redukcja zada\u0144 administracyjnych<\/h3>\n<p>Oddelegowanie podwykonawc\u00f3w zmniejsza obci\u0105\u017cenie administracyjne dla g\u0142\u00f3wnej sp\u00f3\u0142ki. Poniewa\u017c podwykonawcy zazwyczaj posiadaj\u0105 w\u0142asne ubezpieczenie i licencje, wiele typowych przeszk\u00f3d administracyjnych zostaje wyeliminowanych.<\/p>\n<h3>Minimalizacja ryzyka<\/h3>\n<p>Podwykonawcy cz\u0119sto ponosz\u0105 cz\u0119\u015b\u0107 ryzyka projektowego i operacyjnego. Poniewa\u017c s\u0105 oni odpowiedzialni za jako\u015b\u0107 swojej pracy, mog\u0105 zmniejszy\u0107 potencjalne ryzyko w zarz\u0105dzaniu projektem poprzez swoje zaanga\u017cowanie.<\/p>\n<h2>Korzy\u015bci strategiczne: Elastyczno\u015b\u0107, minimalizacja ryzyka i zwi\u0119kszony zasi\u0119g rynkowy<\/h2>\n<p>Podwykonawstwo to strategiczna decyzja, kt\u00f3ra pomaga firmom budowlanym zachowa\u0107 elastyczno\u015b\u0107, konkurencyjno\u015b\u0107 i efektywno\u015b\u0107 kosztow\u0105. Dzi\u0119ki wyspecjalizowanym umiej\u0119tno\u015bciom, elastycznemu planowaniu si\u0142y roboczej oraz zmniejszonym obci\u0105\u017ceniom administracyjnym i prawnym, firmy te s\u0105 liderami w bran\u017cy. Sukces opiera si\u0119 na wyborze w\u0142a\u015bciwych podwykonawc\u00f3w i budowaniu silnych, opartych na zaufaniu relacji partnerskich.<\/p>\n<p>Podsumowuj\u0105c, podwykonawcy w bran\u017cy budowlanej umo\u017cliwiaj\u0105 elastyczno\u015b\u0107 i specjalizacj\u0119, minimalizuj\u0105 ryzyko i zwi\u0119kszaj\u0105 zasi\u0119g rynkowy. Ich oddelegowanie pomaga firmom budowlanym realizowa\u0107 projekty w zwinny i op\u0142acalny spos\u00f3b, zapewniaj\u0105c jednocze\u015bnie jako\u015b\u0107 i zadowolenie klient\u00f3w.<\/p>\n<p>Interesuj\u0105ce spojrzenie na dynamiczne wykorzystanie podwykonawc\u00f3w w bran\u017cy budowlanej zapewnia badanie BBSR zlecone przez BMWSB (2022) \u201eSukcesja firmy w bran\u017cy budowlanej\u201c. Badanie to podkre\u015bla, jak kluczowy dla powodzenia projektu mo\u017ce by\u0107 w\u0142a\u015bciwy dob\u00f3r podwykonawc\u00f3w i zarz\u0105dzanie nimi.<\/p>\n<h2>Podwykonawcy z Europy Wschodniej: Zwi\u0119kszenie wydajno\u015bci<\/h2>\n<p>Korzystanie z us\u0142ug podwykonawc\u00f3w w bran\u017cy budowlanej oferuje wiele korzy\u015bci. Podwykonawcy promuj\u0105 wydajne, szybkie i wysokiej jako\u015bci projekty budowlane poprzez oszcz\u0119dno\u015b\u0107 koszt\u00f3w, elastyczno\u015b\u0107 i wiedz\u0119 specjalistyczn\u0105. Wykorzystywani strategicznie, zwi\u0119kszaj\u0105 konkurencyjno\u015b\u0107 firm budowlanych na wysoce konkurencyjnym rynku.<\/p>\n<p>Dzi\u0119ki wsparciu podwykonawc\u00f3w z Europy Wschodniej mo\u017cna zoptymalizowa\u0107 korzy\u015bci p\u0142yn\u0105ce z oddelegowania, jeszcze bardziej zwi\u0119kszaj\u0105c wydajno\u015b\u0107 i sukces projekt\u00f3w budowlanych.<\/p>\n<p>Global Business Recruiting mo\u017ce by\u0107 cennym zasobem dla Twoich potrzeb w zakresie podwykonawstwa. Zapewniamy nie tylko pomoc w wyborze wykwalifikowanych podwykonawc\u00f3w, ale tak\u017ce pomagamy w kwestiach prawnych i administracyjnych. Nasze us\u0142ugi mog\u0105 by\u0107 nieocenione, zw\u0142aszcza w przypadku projekt\u00f3w mi\u0119dzynarodowych, gdzie zgodno\u015b\u0107 z lokalnymi przepisami i regulacjami mo\u017ce by\u0107 skomplikowana.<\/p>\n<h2>Najcz\u0119\u015bciej zadawane pytania dotycz\u0105ce podwykonawc\u00f3w w bran\u017cy budowlanej<\/h2>\n<\/div><\/div><div class=\"w-separator size_small\"><\/div><div class=\"w-tabs style_default switch_click accordion type_togglable has_scrolling\" style=\"--sections-title-size:inherit\"><div class=\"w-tabs-sections titles-align_none icon_chevron cpos_right\"><div class=\"w-tabs-section\" id=\"o555\" itemscope itemprop=\"mainEntity\" itemtype=\"https:\/\/schema.org\/Question\"><button class=\"w-tabs-section-header\" aria-controls=\"content-o555\" aria-expanded=\"false\"><div class=\"w-tabs-section-title\" itemprop=\"name\">Co nale\u017cy wzi\u0105\u0107 pod uwag\u0119 podczas korzystania z podwykonawc\u00f3w?<\/div><div class=\"w-tabs-section-control\"><\/div><\/button><div  class=\"w-tabs-section-content\" id=\"content-o555\" itemscope itemprop=\"acceptedAnswer\" itemtype=\"https:\/\/schema.org\/Answer\"><div class=\"w-tabs-section-content-h i-cf\" itemprop=\"text\"><div class=\"wpb_text_column\"><div class=\"wpb_wrapper\"><p>Podczas korzystania z podwykonawc\u00f3w nale\u017cy przestrzega\u0107 nast\u0119puj\u0105cych punkt\u00f3w: Regulacje umowne (us\u0142ugi, wynagrodzenie, odpowiedzialno\u015b\u0107, tryb anulowania), wyb\u00f3r podwykonawcy zgodnie z wiedz\u0105, do\u015bwiadczeniem i kwalifikacjami, regularna kontrola i monitorowanie prac, zgodno\u015b\u0107 z prawem i przepisami, przejrzysta komunikacja, a tak\u017ce zarz\u0105dzanie ryzykiem z kontrol\u0105 kredytow\u0105, ochrona przed niewyp\u0142acalno\u015bci\u0105 i uzgodnienie regulacji dotycz\u0105cych odpowiedzialno\u015bci w umowie.<\/p>\n<\/div><\/div><\/div><\/div><\/div><div class=\"w-tabs-section\" id=\"p669\" itemscope itemprop=\"mainEntity\" itemtype=\"https:\/\/schema.org\/Question\"><button class=\"w-tabs-section-header\" aria-controls=\"content-p669\" aria-expanded=\"false\"><div class=\"w-tabs-section-title\" itemprop=\"name\">Jakie certyfikaty musi przed\u0142o\u017cy\u0107 podwykonawca?<\/div><div class=\"w-tabs-section-control\"><\/div><\/button><div  class=\"w-tabs-section-content\" id=\"content-p669\" itemscope itemprop=\"acceptedAnswer\" itemtype=\"https:\/\/schema.org\/Answer\"><div class=\"w-tabs-section-content-h i-cf\" itemprop=\"text\"><div class=\"wpb_text_column\"><div class=\"wpb_wrapper\"><p>Z regu\u0142y podwykonawca musi przedstawi\u0107 r\u00f3\u017cne certyfikaty i dowody: Rejestracja dzia\u0142alno\u015bci gospodarczej, wyci\u0105g z rejestru handlowego, numer identyfikacyjny VAT, dow\u00f3d ubezpieczenia spo\u0142ecznego, ubezpieczenie od odpowiedzialno\u015bci cywilnej, dow\u00f3d kwalifikacji i referencje. W przypadku oddelegowanych pracownik\u00f3w z innych kraj\u00f3w UE<span>\u00a0<\/span><a href=\"https:\/\/global-business-recruiting.de\/pl\/wiedziec\/certyfikat-a1\/\">Certyfikat A1<\/a><span>\u00a0<\/span>dodano.<\/p>\n<\/div><\/div><\/div><\/div><\/div><div class=\"w-tabs-section\" id=\"e742\" itemscope itemprop=\"mainEntity\" itemtype=\"https:\/\/schema.org\/Question\"><button class=\"w-tabs-section-header\" aria-controls=\"content-e742\" aria-expanded=\"false\"><div class=\"w-tabs-section-title\" itemprop=\"name\">Ile kosztuje godzina pracy podwykonawcy w bran\u017cy budowlanej?<\/div><div class=\"w-tabs-section-control\"><\/div><\/button><div  class=\"w-tabs-section-content\" id=\"content-e742\" itemscope itemprop=\"acceptedAnswer\" itemtype=\"https:\/\/schema.org\/Answer\"><div class=\"w-tabs-section-content-h i-cf\" itemprop=\"text\"><div class=\"wpb_text_column\"><div class=\"wpb_wrapper\"><p>Koszt godziny pracy podwykonawcy w bran\u017cy budowlanej mo\u017ce generalnie wynosi\u0107 od 30 do 80 euro. Nale\u017cy jednak pami\u0119ta\u0107, \u017ce dok\u0142adne stawki godzinowe mog\u0105 si\u0119 r\u00f3\u017cni\u0107 w zale\u017cno\u015bci od regionu, kwalifikacji, do\u015bwiadczenia i rodzaju pracy. Firmy budowlane i klienci powinni z wyprzedzeniem negocjowa\u0107 i uzgadnia\u0107 dok\u0142adne warunki i ceny z danym podwykonawc\u0105.<\/p>\n<\/div><\/div><\/div><\/div><\/div><div class=\"w-tabs-section\" id=\"v827\" itemscope itemprop=\"mainEntity\" itemtype=\"https:\/\/schema.org\/Question\"><button class=\"w-tabs-section-header\" aria-controls=\"content-v827\" aria-expanded=\"false\"><div class=\"w-tabs-section-title\" itemprop=\"name\">Jak op\u0142acany jest podwykonawca?<\/div><div class=\"w-tabs-section-control\"><\/div><\/button><div  class=\"w-tabs-section-content\" id=\"content-v827\" itemscope itemprop=\"acceptedAnswer\" itemtype=\"https:\/\/schema.org\/Answer\"><div class=\"w-tabs-section-content-h i-cf\" itemprop=\"text\"><div class=\"wpb_text_column\"><div class=\"wpb_wrapper\"><p>Podwykonawca mo\u017ce by\u0107 wynagradzany na r\u00f3\u017cne sposoby: Sta\u0142a Cena (ustalana jest sta\u0142a kwota za \u015bwiadczone us\u0142ugi i wyp\u0142acana po zako\u0144czeniu pracy), Stawka Godzinowa (podwykonawca otrzymuje ustalon\u0105 op\u0142at\u0119 za godzin\u0119 pracy) lub Warto\u015b\u0107 Kontraktowa (podwykonawca otrzymuje wynagrodzenie w oparciu o warto\u015b\u0107 ca\u0142ego zlecenia, cz\u0119sto w formie procentu). Wi\u0119cej na temat prawid\u0142owego fakturowania:<span>\u00a0<\/span><a href=\"https:\/\/global-business-recruiting.de\/pl\/wiedziec\/prawidlowe-fakturowanie-umow-o-prace\/\">Prawid\u0142owe fakturowanie um\u00f3w o dzie\u0142o<\/a>.<\/p>\n<\/div><\/div><\/div><\/div><\/div><div class=\"w-tabs-section\" id=\"u90e\" itemscope itemprop=\"mainEntity\" itemtype=\"https:\/\/schema.org\/Question\"><button class=\"w-tabs-section-header\" aria-controls=\"content-u90e\" aria-expanded=\"false\"><div class=\"w-tabs-section-title\" itemprop=\"name\">Jaka jest prawna r\u00f3\u017cnica mi\u0119dzy podwykonawcami a sta\u0142ymi pracownikami w bran\u017cy budowlanej?<\/div><div class=\"w-tabs-section-control\"><\/div><\/button><div  class=\"w-tabs-section-content\" id=\"content-u90e\" itemscope itemprop=\"acceptedAnswer\" itemtype=\"https:\/\/schema.org\/Answer\"><div class=\"w-tabs-section-content-h i-cf\" itemprop=\"text\"><div class=\"wpb_text_column\"><div class=\"wpb_wrapper\"><p>Podwykonawcy to niezale\u017cni wykonawcy lub firmy, kt\u00f3re pracuj\u0105 na podstawie umowy o dzie\u0142o. S\u0105 oni winni rezultat (zaakceptowan\u0105 prac\u0119), a nie tylko si\u0142\u0119 robocz\u0105. Stali pracownicy s\u0105 zwi\u0105zani instrukcjami i podlegaj\u0105 sk\u0142adkom na ubezpieczenie spo\u0142eczne. Je\u015bli podwykonawcy s\u0105 de facto wykorzystywani jako pracownicy, istnieje ryzyko, \u017ce<span>\u00a0<\/span><a href=\"https:\/\/global-business-recruiting.de\/pl\/wiedziec\/unikanie-falszywego-zatrudnienia\/\">Fa\u0142szywe samozatrudnienie<\/a><span>\u00a0<\/span>z powa\u017cnymi konsekwencjami prawnymi i finansowymi.<\/p>\n<\/div><\/div><\/div><\/div><\/div><\/div><\/div><\/div><\/div><\/div><\/div><\/section>","protected":false},"excerpt":{"rendered":"Das\u00a0Baugewerbe\u00a0steht st\u00e4ndig vor der Herausforderung, Projekte effizient und kostenwirksam durchzuf\u00fchren. Hier bietet die Entsendung von Subunternehmern eine strategische L\u00f6sung. Die Nutzung von Subunternehmern im Baugewerbe kann eine Vielzahl von Vorteilen bieten, die von Kosteneinsparungen bis hin zu spezialisierten Fachwissen reichen. In diesem Artikel er\u00f6rtern wir die zentralen Vorteile der Entsendung von Subunternehmern. In der heutigen...","protected":false},"author":1,"featured_media":10521,"parent":9347,"menu_order":0,"comment_status":"closed","ping_status":"closed","template":"","meta":{"_acf_changed":false,"footnotes":""},"class_list":["post-9836","page","type-page","status-publish","has-post-thumbnail","hentry"],"acf":[],"_links":{"self":[{"href":"https:\/\/global-business-recruiting.de\/pl\/wp-json\/wp\/v2\/pages\/9836","targetHints":{"allow":["GET"]}}],"collection":[{"href":"https:\/\/global-business-recruiting.de\/pl\/wp-json\/wp\/v2\/pages"}],"about":[{"href":"https:\/\/global-business-recruiting.de\/pl\/wp-json\/wp\/v2\/types\/page"}],"author":[{"embeddable":true,"href":"https:\/\/global-business-recruiting.de\/pl\/wp-json\/wp\/v2\/users\/1"}],"replies":[{"embeddable":true,"href":"https:\/\/global-business-recruiting.de\/pl\/wp-json\/wp\/v2\/comments?post=9836"}],"version-history":[{"count":8,"href":"https:\/\/global-business-recruiting.de\/pl\/wp-json\/wp\/v2\/pages\/9836\/revisions"}],"predecessor-version":[{"id":11195,"href":"https:\/\/global-business-recruiting.de\/pl\/wp-json\/wp\/v2\/pages\/9836\/revisions\/11195"}],"up":[{"embeddable":true,"href":"https:\/\/global-business-recruiting.de\/pl\/wp-json\/wp\/v2\/pages\/9347"}],"wp:featuredmedia":[{"embeddable":true,"href":"https:\/\/global-business-recruiting.de\/pl\/wp-json\/wp\/v2\/media\/10521"}],"wp:attachment":[{"href":"https:\/\/global-business-recruiting.de\/pl\/wp-json\/wp\/v2\/media?parent=9836"}],"curies":[{"name":"wp","href":"https:\/\/api.w.org\/{rel}","templated":true}]}}