{"id":9857,"date":"2026-03-12T01:48:00","date_gmt":"2026-03-12T01:48:00","guid":{"rendered":"https:\/\/global-business-recruiting.de\/wissen\/die-vorteile-von-subunternehmern-im-baugewerbe-effizientes-outsourcing-fuer-ihre-bauprojekte\/"},"modified":"2026-03-29T13:03:55","modified_gmt":"2026-03-29T13:03:55","slug":"ryzyko-odpowiedzialnosci-podwykonawcy-europa-wschodnia","status":"publish","type":"page","link":"https:\/\/global-business-recruiting.de\/pl\/wissen\/haftungsgefahren-subunternehmen-osteuropa\/","title":{"rendered":"Ryzyko odpowiedzialno\u015bci przy korzystaniu z us\u0142ug podwykonawc\u00f3w z Europy Wschodniej"},"content":{"rendered":"<section class=\"l-section wpb_row height_custom\"><div class=\"l-section-h i-cf\"><div class=\"g-cols vc_row via_grid cols_1 laptops-cols_inherit tablets-cols_inherit mobiles-cols_1 valign_top type_default stacking_default\"><div class=\"wpb_column vc_column_container\"><div class=\"vc_column-inner\"><div class=\"wpb_text_column\"><div class=\"wpb_wrapper\"><p>Korzystanie z us\u0142ug podwykonawc\u00f3w z Europy Wschodniej (Polski, Czech, S\u0142owacji, W\u0119gier, Chorwacji itp.) w Niemczech mo\u017ce przynie\u015b\u0107 firmom wiele korzy\u015bci. Mog\u0105 one zaoszcz\u0119dzi\u0107 na kosztach i uzyska\u0107 dost\u0119p do wykwalifikowanej si\u0142y roboczej, kt\u00f3ra mo\u017ce nie by\u0107 dost\u0119pna w Niemczech. Firmy powinny jednak r\u00f3wnie\u017c pami\u0119ta\u0107 o ryzyku odpowiedzialno\u015bci zwi\u0105zanym z korzystaniem z podwykonawc\u00f3w z Europy Wschodniej. W tym artykule przyjrzymy si\u0119 potencjalnym zagro\u017ceniom zwi\u0105zanym z odpowiedzialno\u015bci\u0105 i wskaz\u00f3wkom, jak je zminimalizowa\u0107.<\/p>\n<p>Zrozumienie tego ryzyka ma kluczowe znaczenie dla organizacji, aby porusza\u0107 si\u0119 w \u015brodowisku prawnym i unika\u0107 potencjalnych pu\u0142apek. Szczeg\u00f3\u0142owo przeanalizujemy konsekwencje prawne, obowi\u0105zki i najlepsze praktyki w zakresie ograniczania ryzyka. Niezale\u017cnie od tego, czy jeste\u015b wykonawc\u0105, kierownikiem projektu czy prawnikiem, niniejszy przewodnik zapewni cenny wgl\u0105d w zarz\u0105dzanie mi\u0119dzynarodowymi relacjami z podwykonawcami.<\/p>\n<h2>Czym s\u0105 podwykonawcy i jakie maj\u0105 znaczenie?<\/h2>\n<p>Podwykonawcy to firmy dzia\u0142aj\u0105ce na zlecenie g\u0142\u00f3wnego wykonawcy. Zapewniaj\u0105 one okre\u015blone zadania lub us\u0142ugi w ramach wi\u0119kszego projektu.<\/p>\n<p>Podwykonawstwo jest istotnym aspektem nowoczesnej dzia\u0142alno\u015bci biznesowej. Umo\u017cliwia firmom dost\u0119p do specjalistycznych umiej\u0119tno\u015bci, redukcj\u0119 koszt\u00f3w i zwi\u0119kszenie wydajno\u015bci.<\/p>\n<h2>Jakie ryzyko wi\u0105\u017ce si\u0119 z korzystaniem z us\u0142ug podwykonawc\u00f3w z Polski, Czech, S\u0142owacji i Europy Wschodniej?<\/h2>\n<p>Poni\u017cej wymieniamy niekt\u00f3re z zagro\u017ce\u0144, kt\u00f3re mog\u0105 pojawi\u0107 si\u0119 podczas korzystania z podwykonawc\u00f3w z zagranicy:<\/p>\n<ol>\n<li><strong>Problemy zwi\u0105zane z prawem pracy:<\/strong><span>\u00a0<\/span>W przypadku korzystania z us\u0142ug podwykonawc\u00f3w z Europy Wschodniej, firmy musz\u0105 zapewni\u0107 przestrzeganie przepis\u00f3w prawa pracy. Obejmuje to p\u0142ace minimalne, godziny pracy i sk\u0142adki na ubezpieczenie spo\u0142eczne.<\/li>\n<li><strong>Ryzyko sankcji:<\/strong><span>\u00a0<\/span>Nieprzestrzeganie przepis\u00f3w prowadzi do sankcji ze strony w\u0142adz niemieckich. Na przyk\u0142ad, je\u015bli podwykonawca narusza przepisy dotycz\u0105ce p\u0142acy minimalnej, prowadzi to do grzywien, a nawet post\u0119powania karnego.<\/li>\n<li><strong>Ryzyko zwi\u0105zane z odpowiedzialno\u015bci\u0105:<\/strong><span>\u00a0<\/span>Sp\u00f3\u0142ki mog\u0105 zosta\u0107 poci\u0105gni\u0119te do odpowiedzialno\u015bci, je\u015bli podwykonawca dopu\u015bci si\u0119 naruszenia prawa pracy lub zasad bezpiecze\u0144stwa. Sp\u00f3\u0142ki ponosz\u0105 odpowiedzialno\u015b\u0107 cywiln\u0105 lub karn\u0105, je\u015bli nie dzia\u0142aj\u0105 z nale\u017cyt\u0105 staranno\u015bci\u0105.<\/li>\n<li><strong>Ryzyko utraty reputacji:<\/strong><span>\u00a0<\/span>Naruszenia ze strony podwykonawc\u00f3w szkodz\u0105 r\u00f3wnie\u017c reputacji firmy. Z\u0142a prasa lub negatywne recenzje w mediach spo\u0142eczno\u015bciowych maj\u0105 d\u0142ugoterminowy wp\u0142yw na dzia\u0142alno\u015b\u0107 firmy.<\/li>\n<li><strong>Ochrona ubezpieczeniowa:<\/strong><span>\u00a0<\/span>Mo\u017cliwe, \u017ce polisy ubezpieczeniowe niemieckiej sp\u00f3\u0142ki nie s\u0105 dostosowane do wsp\u00f3\u0142pracy z zagranicznymi podwykonawcami. Mo\u017ce to prowadzi\u0107 do luk w ochronie ubezpieczeniowej.<\/li>\n<\/ol>\n<p>Firmy powinny zwraca\u0107 uwag\u0119 na te zagro\u017cenia i podejmowa\u0107 odpowiednie \u015brodki w celu unikni\u0119cia mo\u017cliwych konsekwencji.<\/p>\n<h2>Rosn\u0105ca liczba zagranicznych podwykonawc\u00f3w w Niemczech<\/h2>\n<p>Liczba zagranicznych podwykonawc\u00f3w w Niemczech wzros\u0142a w ostatnich latach. Wed\u0142ug badania przeprowadzonego przez Niemieck\u0105 Izb\u0119 Przemys\u0142owo-Handlow\u0105 (DIHK), 27 % firm w Niemczech regularnie korzysta z us\u0142ug podwykonawc\u00f3w z zagranicy. Sektorem, kt\u00f3ry robi to najcz\u0119\u015bciej, jest bran\u017ca budowlana, a nast\u0119pnie sektor IT i transport.<\/p>\n<p>Badanie przeprowadzone przez Federalny Instytut Bezpiecze\u0144stwa i Higieny Pracy (BAuA) wykaza\u0142o, \u017ce naruszenia przepis\u00f3w prawa pracy i ochrony zdrowia zdarzaj\u0105 si\u0119 cz\u0119\u015bciej w przypadku zagranicznych podwykonawc\u00f3w ni\u017c firm krajowych. Podkre\u015bla to potrzeb\u0119 starannego monitorowania i koordynacji.<\/p>\n<h2>Projektowanie kontrakt\u00f3w i jasne umowy<\/h2>\n<p>Jasne umowy i porozumienia s\u0105 niezb\u0119dne w podwykonawstwie. Okre\u015blaj\u0105 one warunki relacji z podwykonawc\u0105. Obejmuj\u0105 one zakres us\u0142ug, warunki p\u0142atno\u015bci i mechanizmy rozstrzygania spor\u00f3w. Umowy okre\u015blaj\u0105 r\u00f3wnie\u017c obowi\u0105zki i odpowiedzialno\u015b\u0107 ka\u017cdej ze stron. Odgrywaj\u0105 one wa\u017cn\u0105 rol\u0119 w zarz\u0105dzaniu ryzykiem odpowiedzialno\u015bci.<\/p>\n<p>Wi\u0119cej informacji na temat kluczowych element\u00f3w umowy:<span>\u00a0<\/span><a href=\"https:\/\/global-business-recruiting.de\/pl\/wiedziec\/klauzule-umowne-dotyczace-podwykonawcow\/\">Istotne klauzule w umowie z podwykonawc\u0105<\/a><span>\u00a0<\/span>oraz<span>\u00a0<\/span><a href=\"https:\/\/global-business-recruiting.de\/pl\/wiedziec\/umowa-o-swiadczenie-uslug-a-umowa-o-dzielo\/\">Umowa o \u015bwiadczenie us\u0142ug a umowa o dzie\u0142o - r\u00f3\u017cnice i ryzyko<\/a>.<\/p>\n<h2>Minimalizacja ryzyka odpowiedzialno\u015bci<\/h2>\n<ol>\n<li><strong>Dok\u0142adnie sprawdzaj umowy:<\/strong><span>\u00a0<\/span>Sp\u00f3\u0142ki musz\u0105 dok\u0142adnie przeanalizowa\u0107 umowy z zagranicznymi podwykonawcami. Niezb\u0119dne s\u0105 jasne umowy dotycz\u0105ce warunk\u00f3w pracy, standard\u00f3w bezpiecze\u0144stwa i kwestii odpowiedzialno\u015bci.<\/li>\n<li><strong>Regularne monitorowanie:<\/strong><span>\u00a0<\/span>Dzia\u0142ania podwykonawc\u00f3w musz\u0105 by\u0107 regularnie weryfikowane w celu zapewnienia ich zgodno\u015bci z niemieckimi przepisami.<\/li>\n<li><strong>Edukacja i szkolenia:<\/strong><span>\u00a0<\/span>Pracownicy musz\u0105 zosta\u0107 przeszkoleni w zakresie rozpoznawania i minimalizowania potencjalnych zagro\u017ce\u0144.<\/li>\n<li><strong>Sprawd\u017a ochron\u0119 ubezpieczeniow\u0105:<\/strong><span>\u00a0<\/span>Sp\u00f3\u0142ki powinny upewni\u0107 si\u0119, \u017ce ich polisy ubezpieczeniowe obejmuj\u0105 wsp\u00f3\u0142prac\u0119 z zagranicznymi podwykonawcami.<\/li>\n<li><strong>Programy zgodno\u015bci:<\/strong><span>\u00a0<\/span>Wdro\u017cenie kompleksowego programu zgodno\u015bci w celu zapewnienia, \u017ce wszyscy podwykonawcy przestrzegaj\u0105 niemieckich przepis\u00f3w i regulacji.<\/li>\n<\/ol>\n<h2>Bariery j\u0119zykowe i kulturowe<\/h2>\n<p>Bariery j\u0119zykowe i kulturowe stanowi\u0105 wyzwanie w mi\u0119dzynarodowym podwykonawstwie. Brak umiej\u0119tno\u015bci j\u0119zykowych mo\u017ce prowadzi\u0107 do nieporozumie\u0144 i spor\u00f3w. R\u00f3\u017cnice kulturowe mog\u0105 r\u00f3wnie\u017c wp\u0142ywa\u0107 na praktyki biznesowe i oczekiwania. Dlatego wa\u017cne jest, aby proaktywnie zajmowa\u0107 si\u0119 tymi barierami.<\/p>\n<p>Global Business Recruiting zapewnia, \u017ce wszyscy pracownicy i podwykonawcy maj\u0105 wystarczaj\u0105c\u0105 znajomo\u015b\u0107 j\u0119zyka niemieckiego i s\u0105 zaznajomieni z niemieckimi standardami pracy - to zdecydowana przewaga nad nieskoordynowanymi poszukiwaniami wewn\u0119trznymi.<\/p>\n<h2>Opcje ubezpieczenia w celu zminimalizowania ryzyka<\/h2>\n<p>Ubezpieczenie pomaga zminimalizowa\u0107 ryzyko zwi\u0105zane z podwykonawstwem. R\u00f3\u017cne rodzaje ubezpiecze\u0144 obejmuj\u0105 r\u00f3\u017cne rodzaje ryzyka zwi\u0105zanego z podwykonawcami. Ubezpieczenie od odpowiedzialno\u015bci cywilnej mo\u017ce pokry\u0107 szkody spowodowane zaniedbaniem podwykonawcy. Dlatego te\u017c ubezpieczenie powinno by\u0107 traktowane jako cz\u0119\u015b\u0107 kompleksowej strategii zarz\u0105dzania ryzykiem.<\/p>\n<p>Upewnij si\u0119, \u017ce Tw\u00f3j podwykonawca mo\u017ce przedstawi\u0107 dow\u00f3d posiadania co najmniej nast\u0119puj\u0105cych ubezpiecze\u0144: Odpowiedzialno\u015b\u0107 publiczna, odpowiedzialno\u015b\u0107 zawodowa (w zale\u017cno\u015bci od bran\u017cy) oraz - w przypadku projekt\u00f3w budowlanych - ubezpieczenie wykonawstwa budowlanego.<\/p>\n<h2>Zgodno\u015b\u0107 z przepisami podatkowymi i prawnymi<\/h2>\n<p>Zgodno\u015b\u0107 z przepisami podatkowymi i regulacyjnymi ma kluczowe znaczenie w przypadku wsp\u00f3\u0142pracy z zagranicznymi podwykonawcami. Niemieckie firmy musz\u0105 przestrzega\u0107 krajowych i mi\u0119dzynarodowych przepis\u00f3w podatkowych. Nieprzestrzeganie przepis\u00f3w mo\u017ce prowadzi\u0107 do kar i problem\u00f3w prawnych. Dlatego wa\u017cne jest, aby rozumie\u0107 i przestrzega\u0107 odpowiednich przepis\u00f3w podatkowych.<\/p>\n<p>Szczeg\u00f3lnie istotne: odpowiedzialno\u015b\u0107 zgodnie z \u00a7 48 EStG (odliczenie podatku za us\u0142ugi budowlane) - klienci s\u0105 odpowiedzialni za zap\u0142at\u0119 podatku u \u017ar\u00f3d\u0142a, je\u015bli podwykonawca nie przedstawi za\u015bwiadczenia o zwolnieniu. Zawsze nale\u017cy o to poprosi\u0107 przed z\u0142o\u017ceniem zam\u00f3wienia.<\/p>\n<h2>Profesjonalne wsparcie podczas wsp\u00f3\u0142pracy z podwykonawcami z zagranicy<\/h2>\n<p>Korzystanie z us\u0142ug podwykonawc\u00f3w z Europy Wschodniej w Niemczech mo\u017ce by\u0107 korzystne, ale wi\u0105\u017ce si\u0119 r\u00f3wnie\u017c z ryzykiem. Firmy powinny zwraca\u0107 uwag\u0119 na ryzyko zwi\u0105zane z odpowiedzialno\u015bci\u0105 i podejmowa\u0107 proaktywne dzia\u0142ania w celu jego zminimalizowania. Dzi\u0119ki starannym umowom, regularnemu monitorowaniu i szkoleniom, firmy mog\u0105 z powodzeniem i bezpiecznie organizowa\u0107 wsp\u00f3\u0142prac\u0119 z zagranicznymi podwykonawcami.<\/p>\n<p>Global Business Recruiting oferuje kompleksowe wsparcie w zakresie po\u015brednictwa pracy i delegowania podwykonawc\u00f3w z zagranicy. Dzi\u0119ki wieloletniemu do\u015bwiadczeniu i wiedzy eksperckiej zapewniamy bezpieczn\u0105 i udan\u0105 wsp\u00f3\u0142prac\u0119. Firmy mog\u0105 polega\u0107 na naszych us\u0142ugach, aby zminimalizowa\u0107 ryzyko odpowiedzialno\u015bci i zbudowa\u0107 udane partnerstwo z zagranicznymi podwykonawcami.<\/p>\n<h2>Najcz\u0119\u015bciej zadawane pytania dotycz\u0105ce ryzyka odpowiedzialno\u015bci w przypadku korzystania z podwykonawc\u00f3w z Europy Wschodniej<\/h2>\n<\/div><\/div><div class=\"w-separator size_small\"><\/div><div class=\"w-tabs style_default switch_click accordion type_togglable has_scrolling\" style=\"--sections-title-size:inherit\"><div class=\"w-tabs-sections titles-align_none icon_chevron cpos_right\"><div class=\"w-tabs-section\" id=\"tc26\" itemscope itemprop=\"mainEntity\" itemtype=\"https:\/\/schema.org\/Question\"><button class=\"w-tabs-section-header\" aria-controls=\"content-tc26\" aria-expanded=\"false\"><div class=\"w-tabs-section-title\" itemprop=\"name\">Czy jestem odpowiedzialny jako klient, je\u015bli m\u00f3j podwykonawca z Europy Wschodniej nie p\u0142aci p\u0142acy minimalnej?<\/div><div class=\"w-tabs-section-control\"><\/div><\/button><div  class=\"w-tabs-section-content\" id=\"content-tc26\" itemscope itemprop=\"acceptedAnswer\" itemtype=\"https:\/\/schema.org\/Answer\"><div class=\"w-tabs-section-content-h i-cf\" itemprop=\"text\"><div class=\"wpb_text_column\"><div class=\"wpb_wrapper\"><p>Tak, zgodnie z sekcj\u0105 13 MiLoG, klienci s\u0105 odpowiedzialni jako gwaranci za zobowi\u0105zania dotycz\u0105ce p\u0142acy minimalnej swoich podwykonawc\u00f3w - a tak\u017ce za inne \u0142a\u0144cuchy podwykonawc\u00f3w poni\u017cej nich. Oznacza to, \u017ce je\u015bli Tw\u00f3j podwykonawca p\u0142aci swoim pracownikom zbyt ma\u0142o, mo\u017ce domaga\u0107 si\u0119 zaleg\u0142ej kwoty bezpo\u015brednio od Ciebie. Powiniene\u015b zatem poprosi\u0107 o regularne zestawienia wynagrodze\u0144.<\/p>\n<\/div><\/div><\/div><\/div><\/div><div class=\"w-tabs-section\" id=\"ud00\" itemscope itemprop=\"mainEntity\" itemtype=\"https:\/\/schema.org\/Question\"><button class=\"w-tabs-section-header\" aria-controls=\"content-ud00\" aria-expanded=\"false\"><div class=\"w-tabs-section-title\" itemprop=\"name\">Co si\u0119 stanie, je\u015bli jeden z pracownik\u00f3w mojego podwykonawcy ulegnie wypadkowi na moim placu budowy?<\/div><div class=\"w-tabs-section-control\"><\/div><\/button><div  class=\"w-tabs-section-content\" id=\"content-ud00\" itemscope itemprop=\"acceptedAnswer\" itemtype=\"https:\/\/schema.org\/Answer\"><div class=\"w-tabs-section-content-h i-cf\" itemprop=\"text\"><div class=\"wpb_text_column\"><div class=\"wpb_wrapper\"><p>Jako pracodawca, podwykonawca jest zasadniczo odpowiedzialny za bezpiecze\u0144stwo i higien\u0119 pracy oraz zapobieganie wypadkom swoich pracownik\u00f3w. Jako zleceniodawca mo\u017cesz by\u0107 jednak wsp\u00f3\u0142odpowiedzialny, je\u015bli naruszy\u0142e\u015b swoje obowi\u0105zki koordynacyjne zgodnie z \u00a7 8 niemieckiej ustawy o bezpiecze\u0144stwie i higienie pracy (ArbSchG) lub je\u015bli przyczyna wypadku le\u017cy w zakresie Twojej odpowiedzialno\u015bci organizacyjnej. Niezb\u0119dne s\u0105 jasne regulacje umowne i ubezpieczenie od odpowiedzialno\u015bci cywilnej podwykonawcy.<\/p>\n<\/div><\/div><\/div><\/div><\/div><div class=\"w-tabs-section\" id=\"jdd2\" itemscope itemprop=\"mainEntity\" itemtype=\"https:\/\/schema.org\/Question\"><button class=\"w-tabs-section-header\" aria-controls=\"content-jdd2\" aria-expanded=\"false\"><div class=\"w-tabs-section-title\" itemprop=\"name\">Jakie obowi\u0105zki podatkowe wi\u0105\u017c\u0105 si\u0119 z korzystaniem z us\u0142ug zagranicznych podwykonawc\u00f3w na niemieckich budowach?<\/div><div class=\"w-tabs-section-control\"><\/div><\/button><div  class=\"w-tabs-section-content\" id=\"content-jdd2\" itemscope itemprop=\"acceptedAnswer\" itemtype=\"https:\/\/schema.org\/Answer\"><div class=\"w-tabs-section-content-h i-cf\" itemprop=\"text\"><div class=\"wpb_text_column\"><div class=\"wpb_wrapper\"><p>W przypadku us\u0142ug budowlanych zleceniodawca musi sprawdzi\u0107, czy podwykonawca posiada za\u015bwiadczenie o zwolnieniu z podatku zgodnie z \u00a7 48 EStG. Je\u015bli go brakuje, jeste\u015b zobowi\u0105zany do potr\u0105cenia 15 % z kwoty faktury i wp\u0142acenia jej do urz\u0119du skarbowego. Ponadto zagraniczny podwykonawca mo\u017ce podlega\u0107 ograniczonemu obowi\u0105zkowi podatkowemu w Niemczech.<\/p>\n<\/div><\/div><\/div><\/div><\/div><div class=\"w-tabs-section\" id=\"sea7\" itemscope itemprop=\"mainEntity\" itemtype=\"https:\/\/schema.org\/Question\"><button class=\"w-tabs-section-header\" aria-controls=\"content-sea7\" aria-expanded=\"false\"><div class=\"w-tabs-section-title\" itemprop=\"name\">Jak mog\u0119 chroni\u0107 moj\u0105 firm\u0119 przed utrat\u0105 reputacji spowodowan\u0105 przest\u0119pstwami pope\u0142nionymi przez moich podwykonawc\u00f3w?<\/div><div class=\"w-tabs-section-control\"><\/div><\/button><div  class=\"w-tabs-section-content\" id=\"content-sea7\" itemscope itemprop=\"acceptedAnswer\" itemtype=\"https:\/\/schema.org\/Answer\"><div class=\"w-tabs-section-content-h i-cf\" itemprop=\"text\"><div class=\"wpb_text_column\"><div class=\"wpb_wrapper\"><p>Najskuteczniejsz\u0105 ochron\u0105 jest staranna selekcja wst\u0119pna: Nale\u017cy sprawdzi\u0107 referencje, za\u017c\u0105da\u0107 wszystkich dowod\u00f3w zgodno\u015bci przed z\u0142o\u017ceniem zam\u00f3wienia i przeprowadza\u0107 regularne kontrole. Nale\u017cy r\u00f3wnie\u017c korzysta\u0107 z postanowie\u0144 umownych, takich jak kary umowne za naruszenia i prawo do odst\u0105pienia od umowy. Wsp\u00f3\u0142praca z do\u015bwiadczonymi agencjami rekrutacyjnymi, takimi jak Global Business Recruiting, znacznie zmniejsza ryzyko.<\/p>\n<\/div><\/div><\/div><\/div><\/div><div class=\"w-tabs-section\" id=\"ffb3\" itemscope itemprop=\"mainEntity\" itemtype=\"https:\/\/schema.org\/Question\"><button class=\"w-tabs-section-header\" aria-controls=\"content-ffb3\" aria-expanded=\"false\"><div class=\"w-tabs-section-title\" itemprop=\"name\">Czy musz\u0119 sprawdza\u0107, czy m\u00f3j podwykonawca posiada wa\u017cn\u0105 licencj\u0119 na dostarczanie pracownik\u00f3w tymczasowych?<\/div><div class=\"w-tabs-section-control\"><\/div><\/button><div  class=\"w-tabs-section-content\" id=\"content-ffb3\" itemscope itemprop=\"acceptedAnswer\" itemtype=\"https:\/\/schema.org\/Answer\"><div class=\"w-tabs-section-content-h i-cf\" itemprop=\"text\"><div class=\"wpb_text_column\"><div class=\"wpb_wrapper\"><p>Tak - o ile podwykonawca faktycznie zapewnia pracownik\u00f3w tymczasowych (tj. nie jest winien rezultatu w ramach umowy o dzie\u0142o i \u015bwiadczenie us\u0142ug, ale zapewnia si\u0142\u0119 robocz\u0105). W przypadku braku licencji A\u00dcG istnieje ryzyko na\u0142o\u017cenia wysokich kar pieni\u0119\u017cnych, a stosunek pracy uznaje si\u0119 za nawi\u0105zany z tob\u0105 na mocy prawa. Dowiedz si\u0119 wi\u0119cej:<span>\u00a0<\/span><a href=\"https:\/\/global-business-recruiting.de\/pl\/wiedziec\/leasing-pracowniczy-a-podwykonawstwo\/\">Zatrudnienie tymczasowe a podwykonawstwo<\/a>.<\/p>\n<\/div><\/div><\/div><\/div><\/div><\/div><\/div><\/div><\/div><\/div><\/div><\/section>","protected":false},"excerpt":{"rendered":"Der Einsatz von Subunternehmen aus Osteuropa (Polen, Tschechien, Slowakei, Ungarn, Kroatien etc.) in Deutschland kann f\u00fcr Unternehmen viele Vorteile bieten. Sie k\u00f6nnen Kosten sparen und auf Fachkr\u00e4fte zugreifen, die in Deutschland m\u00f6glicherweise nicht verf\u00fcgbar sind. Allerdings sollten Unternehmen auch die Haftungsgefahren im Auge behalten, die mit dem Einsatz osteurop\u00e4ischer Subunternehmen einhergehen. In diesem Artikel werden...","protected":false},"author":1,"featured_media":11148,"parent":9347,"menu_order":0,"comment_status":"closed","ping_status":"closed","template":"","meta":{"_acf_changed":false,"footnotes":""},"class_list":["post-9857","page","type-page","status-publish","has-post-thumbnail","hentry"],"acf":[],"_links":{"self":[{"href":"https:\/\/global-business-recruiting.de\/pl\/wp-json\/wp\/v2\/pages\/9857","targetHints":{"allow":["GET"]}}],"collection":[{"href":"https:\/\/global-business-recruiting.de\/pl\/wp-json\/wp\/v2\/pages"}],"about":[{"href":"https:\/\/global-business-recruiting.de\/pl\/wp-json\/wp\/v2\/types\/page"}],"author":[{"embeddable":true,"href":"https:\/\/global-business-recruiting.de\/pl\/wp-json\/wp\/v2\/users\/1"}],"replies":[{"embeddable":true,"href":"https:\/\/global-business-recruiting.de\/pl\/wp-json\/wp\/v2\/comments?post=9857"}],"version-history":[{"count":6,"href":"https:\/\/global-business-recruiting.de\/pl\/wp-json\/wp\/v2\/pages\/9857\/revisions"}],"predecessor-version":[{"id":11194,"href":"https:\/\/global-business-recruiting.de\/pl\/wp-json\/wp\/v2\/pages\/9857\/revisions\/11194"}],"up":[{"embeddable":true,"href":"https:\/\/global-business-recruiting.de\/pl\/wp-json\/wp\/v2\/pages\/9347"}],"wp:featuredmedia":[{"embeddable":true,"href":"https:\/\/global-business-recruiting.de\/pl\/wp-json\/wp\/v2\/media\/11148"}],"wp:attachment":[{"href":"https:\/\/global-business-recruiting.de\/pl\/wp-json\/wp\/v2\/media?parent=9857"}],"curies":[{"name":"wp","href":"https:\/\/api.w.org\/{rel}","templated":true}]}}