{"id":9861,"date":"2026-03-12T01:54:02","date_gmt":"2026-03-12T01:54:02","guid":{"rendered":"https:\/\/global-business-recruiting.de\/wissen\/haftungsgefahren-beim-einsatz-von-subunternehmen-aus-osteuropa\/"},"modified":"2026-03-29T13:04:47","modified_gmt":"2026-03-29T13:04:47","slug":"stanowiska-spawalnicze","status":"publish","type":"page","link":"https:\/\/global-business-recruiting.de\/pl\/wissen\/schweisspositionen\/","title":{"rendered":"Pozycje spawania"},"content":{"rendered":"<section class=\"l-section wpb_row height_custom\"><div class=\"l-section-h i-cf\"><div class=\"g-cols vc_row via_grid cols_1 laptops-cols_inherit tablets-cols_inherit mobiles-cols_1 valign_top type_default stacking_default\"><div class=\"wpb_column vc_column_container\"><div class=\"vc_column-inner\"><div class=\"wpb_text_column\"><div class=\"wpb_wrapper\"><p>Podczas spawania zawsze wa\u017cna jest pozycja. Odnosi si\u0119 to do pozycji, w kt\u00f3rej odbywa si\u0119 spawanie lub w kt\u00f3rej znajduje si\u0119 z\u0142\u0105cze spawane podczas procesu spawania. Istnieje wiele r\u00f3\u017cnych opcji w tym zakresie. Od pozycji pionowej do poziomej i wszystko pomi\u0119dzy, po\u0142o\u017cenie spoin spawalniczych stanowi wyj\u0105tkowe wyzwanie.<\/p>\n<h2>Po\u0142o\u017cenie z\u0142\u0105cza spawalniczego<\/h2>\n<p>Powierzchnia dla<span>\u00a0<\/span><a href=\"https:\/\/global-business-recruiting.de\/pl\/zawody\/schweisser\/\">Spawanie<\/a><span>\u00a0<\/span>i o\u015b spoiny, nad kt\u00f3r\u0105 odbywa si\u0119 spawanie, okre\u015blaj\u0105 spos\u00f3b wykonywania pracy. Istniej\u0105 dwie pozycje spawania na skrajnych ko\u0144cach skali: pozycja idealna i jej dok\u0142adne przeciwie\u0144stwo.<\/p>\n<p>Idealn\u0105 pozycj\u0105 do spawania jest tak zwana pozycja korytkowa. Szew spawalniczy le\u017cy poziomo, a elementy obrabiane tworz\u0105 z nim kraw\u0119d\u017a, w kt\u00f3rej znajduje si\u0119 jeziorko spawalnicze. Istniej\u0105 r\u00f3\u017cne wersje pozycji zbiornika.<\/p>\n<p>Najpro\u015bciej rzecz ujmuj\u0105c, warstwa korytkowa mo\u017ce by\u0107 umieszczona pomi\u0119dzy dwoma elementami, kt\u00f3re s\u0105 po\u0142\u0105czone szwem doczo\u0142owym. Obie przeciwleg\u0142e kraw\u0119dzie s\u0105 \u015bci\u0119te tak, \u017ce tworz\u0105 liter\u0119 V. Jest to absolutnie idealny przypadek, najprostsza ze wszystkich warstw korytek.<\/p>\n<p>Pozycja nieckowa mo\u017ce by\u0107 r\u00f3wnie\u017c utworzona, gdy spoina pachwinowa jest umieszczona mi\u0119dzy dwoma elementami. W tym przypadku oba elementy s\u0105 ustawione wzgl\u0119dem siebie pod k\u0105tem 90\u00b0. Ka\u017cdy z nich jest jednak nachylony pod k\u0105tem 45\u00b0, dzi\u0119ki czemu spoina, kt\u00f3ra ma zosta\u0107 ustawiona, ponownie znajduje si\u0119 dok\u0142adnie w rynnie. W ten spos\u00f3b mo\u017cna r\u00f3wnie\u017c przymocowa\u0107 rur\u0119 do innego przedmiotu obrabianego.<\/p>\n<p>Pozycja korytkowa jest naj\u0142atwiejsz\u0105 pozycj\u0105 do spawania. Jej przeciwie\u0144stwem jest pozycja nad g\u0142ow\u0105. R\u00f3wnie\u017c w tym przypadku po\u0142\u0105czenie spoiny jest poziome. Jest ono jednak odwr\u00f3cone i znajduje si\u0119 nad g\u0142ow\u0105, dzi\u0119ki czemu spoina jest skierowana bezpo\u015brednio w d\u00f3\u0142.<\/p>\n<p>Wszystkie inne pozycje spawania mo\u017cna sklasyfikowa\u0107 mi\u0119dzy pozycj\u0105 nieckow\u0105 a pozycj\u0105 nad g\u0142ow\u0105. Nie chodzi tu o geometri\u0119 element\u00f3w spawanych. Jest to po prostu kwestia pozycji, w kt\u00f3rej odbywa si\u0119 spawanie. Nast\u0119pnie jest kierunek spawania. Rozr\u00f3\u017cnia on spawanie w g\u00f3r\u0119 i w d\u00f3\u0142.<\/p>\n<h2>Kody pozycji spawania<\/h2>\n<p>Same pozycje spawania s\u0105 znormalizowane. Pochodz\u0105 one z normy DIN EN ISO 6947, kt\u00f3ra standaryzuje siedem pozycji zwanych g\u0142\u00f3wnymi pozycjami spawania. Istnieje kod dla wszystkich z nich i maj\u0105 one zastosowanie do wszystkich proces\u00f3w spawania, niezale\u017cnie od tego, czy s\u0105 to procesy MAG, TIG czy inne.<\/p>\n<p>Chocia\u017c DIN EN ISO 6947 jest norm\u0105 obowi\u0105zuj\u0105c\u0105 na ca\u0142ym \u015bwiecie, oznaczenia w USA r\u00f3\u017cni\u0105 si\u0119 od tej normy. Tam G opisuje spoin\u0119 czo\u0142ow\u0105, a F spoin\u0119 pachwinow\u0105. Pozycje zgodnie z norm\u0105 DIN EN ISO 6947 i systemem ameryka\u0144skim wygl\u0105daj\u0105 nast\u0119puj\u0105co:<\/p>\n<ul>\n<li><strong>Niemiecki PA lub ameryka\u0144ski 1G:<\/strong><span>\u00a0<\/span>Jest to opisana pozycja niecki. Powierzchnia spoiny jest nachylona pod k\u0105tem 0\u00b0 do pionu.<\/li>\n<li><strong>Niemiecki PB lub ameryka\u0144ski 2F lub 2FR dla rury obrotowej:<\/strong><span>\u00a0<\/span>Szew spawalniczy znajduje si\u0119 mi\u0119dzy godzin\u0105 1 a 2, a powierzchnia szwu spawalniczego jest nachylona pod k\u0105tem 45\u00b0 do pionu.<\/li>\n<li><strong>Niemiecki PC lub ameryka\u0144ski 2G:<\/strong><span>\u00a0<\/span>Jest to tak zwana pozycja poprzeczna. Powierzchnia spoiny jest nachylona pod k\u0105tem 90\u00b0 do pionu.<\/li>\n<li><strong>Niemiecki PD lub ameryka\u0144ski 4F:<\/strong><span>\u00a0<\/span>Tak zwana pozioma pozycja nad g\u0142ow\u0105, w kt\u00f3rej powierzchnia spoiny jest ustawiona pod k\u0105tem 135\u00b0 do pionu.<\/li>\n<li><strong>Niemiecki PE lub ameryka\u0144ski 4G:<\/strong><span>\u00a0<\/span>Pozycja nad g\u0142ow\u0105, w kt\u00f3rej powierzchnia spoiny znajduje si\u0119 pod k\u0105tem 180\u00b0 do pionu.<\/li>\n<li><strong>Ro\u015bnie liczba niemieckich PF i ameryka\u0144skich 3G:<\/strong><span>\u00a0<\/span>O\u015b spoiny jest pionowa. Spawanie odbywa si\u0119 w kierunku do g\u00f3ry.<\/li>\n<li><strong>Niemiecki PG i ameryka\u0144ski 3G spadaj\u0105:<\/strong><span>\u00a0<\/span>R\u00f3wnie\u017c w tym przypadku o\u015b spoiny jest pionowa. Jest on jednak spawany w d\u00f3\u0142.<\/li>\n<\/ul>\n<h2>Istniej\u0105 dodatkowe, oddzielne pozycje spawania dla rur<\/h2>\n<ul>\n<li><strong>Niemiecki PH lub ameryka\u0144ski 5G ro\u015bnie:<\/strong><span>\u00a0<\/span>W tym przypadku rura jest zamocowana i przyspawana w pozycji wznosz\u0105cej.<\/li>\n<li><strong>Niemiecki PJ lub ameryka\u0144ski 5G spada:<\/strong><span>\u00a0<\/span>Rura jest zamocowana i przyspawana w pozycji opadaj\u0105cej.<\/li>\n<li><strong>Niemiecki PK bez ameryka\u0144skiego odpowiednika:<\/strong><span>\u00a0<\/span>Spawanie orbitalne rur.<\/li>\n<\/ul>\n<p>Od pozycji korytkowych, kt\u00f3re s\u0105 naj\u0142atwiejsze do spawania, do pozycji nad g\u0142ow\u0105, kt\u00f3ra jest najtrudniejsza, wszystkie pozycje i kierunki spawania s\u0105 znormalizowane. Podczas gdy standard jest wa\u017cny na ca\u0142ym \u015bwiecie, Amerykanie id\u0105 w\u0142asn\u0105 drog\u0105, ale zasadniczo stosuj\u0105 to samo podej\u015bcie.<\/p>\n<h2>Dlaczego stanowiska spawalnicze s\u0105 wa\u017cne dla rekrutacji<\/h2>\n<p>Pozycje spawania maj\u0105 bezpo\u015brednie znaczenie praktyczne dla firm poszukuj\u0105cych lub wysy\u0142aj\u0105cych spawaczy: Egzamin spawacza zgodnie z norm\u0105 DIN EN ISO 9606 jest zawsze wa\u017cny tylko dla niekt\u00f3rych pozycji, proces\u00f3w i rodzaj\u00f3w spoin. Spawacz z egzaminem PA nie jest automatycznie kwalifikowany do spawania PG lub PE.<\/p>\n<p>Zatrudniaj\u0105c spawaczy z Europy Wschodniej lub innych kraj\u00f3w, zawsze nale\u017cy sprawdzi\u0107, do jakich stanowisk odnosz\u0105 si\u0119 dost\u0119pne certyfikaty i czy s\u0105 one uznawane w Niemczech. Global Business Recruiting sprawdza te kwalifikacje przed zatrudnieniem. Wi\u0119cej o certyfikacji:<span>\u00a0<\/span><a href=\"https:\/\/global-business-recruiting.de\/pl\/zawody\/schweisser\/\">Spawacz jako zaw\u00f3d i wymagania<\/a>.<\/p>\n<h2>Cz\u0119sto zadawane pytania dotycz\u0105ce stanowisk spawalniczych<\/h2>\n<\/div><\/div><div class=\"w-separator size_small\"><\/div><div class=\"w-tabs style_default switch_click accordion type_togglable has_scrolling\" style=\"--sections-title-size:inherit\"><div class=\"w-tabs-sections titles-align_none icon_chevron cpos_right\"><div class=\"w-tabs-section\" id=\"yce6\" itemscope itemprop=\"mainEntity\" itemtype=\"https:\/\/schema.org\/Question\"><button class=\"w-tabs-section-header\" aria-controls=\"content-yce6\" aria-expanded=\"false\"><div class=\"w-tabs-section-title\" itemprop=\"name\">Kt\u00f3ra pozycja spawania jest najlepsza dla pocz\u0105tkuj\u0105cych?<\/div><div class=\"w-tabs-section-control\"><\/div><\/button><div  class=\"w-tabs-section-content\" id=\"content-yce6\" itemscope itemprop=\"acceptedAnswer\" itemtype=\"https:\/\/schema.org\/Answer\"><div class=\"w-tabs-section-content-h i-cf\" itemprop=\"text\"><div class=\"wpb_text_column\"><div class=\"wpb_wrapper\"><p>Pozycja zbiornika (PA lub 1G) jest najprostsz\u0105 i najbardziej odpowiedni\u0105 pozycj\u0105 dla pocz\u0105tkuj\u0105cych spawaczy. Jeziorko spawalnicze jest stabilne w z\u0142\u0105czu, a grawitacja dzia\u0142a razem ze spawaczem, a nie przeciwko niemu. Z tego powodu wszystkie szkolenia spawalnicze rozpoczynaj\u0105 si\u0119 od pozycji na zbiorniku, zanim naucz\u0105 si\u0119 trudniejszych pozycji, takich jak pozycja poprzeczna (PC) lub nad g\u0142ow\u0105 (PE).<\/p>\n<\/div><\/div><\/div><\/div><\/div><div class=\"w-tabs-section\" id=\"sdb7\" itemscope itemprop=\"mainEntity\" itemtype=\"https:\/\/schema.org\/Question\"><button class=\"w-tabs-section-header\" aria-controls=\"content-sdb7\" aria-expanded=\"false\"><div class=\"w-tabs-section-title\" itemprop=\"name\">Jakie jest najtrudniejsze stanowisko spawalnicze?<\/div><div class=\"w-tabs-section-control\"><\/div><\/button><div  class=\"w-tabs-section-content\" id=\"content-sdb7\" itemscope itemprop=\"acceptedAnswer\" itemtype=\"https:\/\/schema.org\/Answer\"><div class=\"w-tabs-section-content-h i-cf\" itemprop=\"text\"><div class=\"wpb_text_column\"><div class=\"wpb_wrapper\"><p>Pozycja nad g\u0142ow\u0105 (PE lub 4G) jest og\u00f3lnie uwa\u017cana za najbardziej wymagaj\u0105c\u0105 pozycj\u0119 spawania. Jeziorko spawalnicze grozi opadni\u0119ciem w d\u00f3\u0142, co wymaga bardzo dobrej kontroli pr\u0105du, pr\u0119dko\u015bci i prowadzenia elektrody. Pozycja opadaj\u0105ca (opadaj\u0105ca PG lub 3G) jest r\u00f3wnie\u017c bardzo wymagaj\u0105ca, poniewa\u017c jeziorko spawalnicze ma tendencj\u0119 do przerywania spoiny.<\/p>\n<\/div><\/div><\/div><\/div><\/div><div class=\"w-tabs-section\" id=\"be83\" itemscope itemprop=\"mainEntity\" itemtype=\"https:\/\/schema.org\/Question\"><button class=\"w-tabs-section-header\" aria-controls=\"content-be83\" aria-expanded=\"false\"><div class=\"w-tabs-section-title\" itemprop=\"name\">Czy kwalifikacje spawacza s\u0105 wa\u017cne na wszystkich stanowiskach?<\/div><div class=\"w-tabs-section-control\"><\/div><\/button><div  class=\"w-tabs-section-content\" id=\"content-be83\" itemscope itemprop=\"acceptedAnswer\" itemtype=\"https:\/\/schema.org\/Answer\"><div class=\"w-tabs-section-content-h i-cf\" itemprop=\"text\"><div class=\"wpb_text_column\"><div class=\"wpb_wrapper\"><p>Egzamin spawacza zgodnie z norm\u0105 DIN EN ISO 9606 jest wa\u017cny tylko dla okre\u015blonych grup egzaminacyjnych, kt\u00f3re obejmuj\u0105 okre\u015blone pozycje, rodzaje spoin (doczo\u0142owe lub pachwinowe), procesy i materia\u0142y. Test z\u0142o\u017cony w PA nie obejmuje automatycznie PF lub PE. Firmy powinny zatem zawsze zna\u0107 konkretne certyfikaty pozycji swoich spawaczy.<\/p>\n<\/div><\/div><\/div><\/div><\/div><div class=\"w-tabs-section\" id=\"hf4f\" itemscope itemprop=\"mainEntity\" itemtype=\"https:\/\/schema.org\/Question\"><button class=\"w-tabs-section-header\" aria-controls=\"content-hf4f\" aria-expanded=\"false\"><div class=\"w-tabs-section-title\" itemprop=\"name\">Co oznacza \u201ewznoszenie\u201e i \u201eopadanie\u201e podczas spawania?<\/div><div class=\"w-tabs-section-control\"><\/div><\/button><div  class=\"w-tabs-section-content\" id=\"content-hf4f\" itemscope itemprop=\"acceptedAnswer\" itemtype=\"https:\/\/schema.org\/Answer\"><div class=\"w-tabs-section-content-h i-cf\" itemprop=\"text\"><div class=\"wpb_text_column\"><div class=\"wpb_wrapper\"><p>Rosn\u0105cy oznacza, \u017ce kierunek spawania jest od do\u0142u do g\u00f3ry (PF \/ 3G rosn\u0105cy). Opadaj\u0105cy oznacza kierunek od g\u00f3ry do do\u0142u (opadaj\u0105cy PG \/ 3G). Kierunek ma znacz\u0105cy wp\u0142yw na spos\u00f3b p\u0142yni\u0119cia jeziorka spawalniczego i jako\u015b\u0107 spoiny. Kierunek opadaj\u0105cy jest szybszy, ale trudniejszy do kontrolowania i wymaga specjalnych elektrod lub ustawie\u0144.<\/p>\n<\/div><\/div><\/div><\/div><\/div><div class=\"w-tabs-section\" id=\"g044\" itemscope itemprop=\"mainEntity\" itemtype=\"https:\/\/schema.org\/Question\"><button class=\"w-tabs-section-header\" aria-controls=\"content-g044\" aria-expanded=\"false\"><div class=\"w-tabs-section-title\" itemprop=\"name\">Czym jest spawanie orbitalne (PK)?<\/div><div class=\"w-tabs-section-control\"><\/div><\/button><div  class=\"w-tabs-section-content\" id=\"content-g044\" itemscope itemprop=\"acceptedAnswer\" itemtype=\"https:\/\/schema.org\/Answer\"><div class=\"w-tabs-section-content-h i-cf\" itemprop=\"text\"><div class=\"wpb_text_column\"><div class=\"wpb_wrapper\"><p>W spawaniu orbitalnym (PK) g\u0142owica spawalnicza obraca si\u0119 automatycznie wok\u00f3\u0142 nieruchomej rury. Jest to w pe\u0142ni zautomatyzowany proces stosowany g\u0142\u00f3wnie w uk\u0142adaniu rur, przemy\u015ble farmaceutycznym i p\u00f3\u0142przewodnikowym. Nie ma on bezpo\u015bredniego ameryka\u0144skiego odpowiednika w standardowym oznaczeniu.<\/p>\n<\/div><\/div><\/div><\/div><\/div><\/div><\/div><\/div><\/div><\/div><\/div><\/section>","protected":false},"excerpt":{"rendered":"Beim Schwei\u00dfen kommt es auch immer wieder auf die Lage an. Damit ist die Position gemeint, in der geschwei\u00dft wird bzw. wo die Schwei\u00dffuge sich w\u00e4hrend des Schwei\u00dfvorganges befindet. Daf\u00fcr gibt es eine ganze Reihe von verschiedenen M\u00f6glichkeiten. Von vertikal bis horizontal bis zu allem, was dazwischen liegt, sind mit der Lage der Schwei\u00dffugen ganz...","protected":false},"author":1,"featured_media":11149,"parent":9347,"menu_order":0,"comment_status":"closed","ping_status":"closed","template":"","meta":{"_acf_changed":false,"footnotes":""},"class_list":["post-9861","page","type-page","status-publish","has-post-thumbnail","hentry"],"acf":[],"_links":{"self":[{"href":"https:\/\/global-business-recruiting.de\/pl\/wp-json\/wp\/v2\/pages\/9861","targetHints":{"allow":["GET"]}}],"collection":[{"href":"https:\/\/global-business-recruiting.de\/pl\/wp-json\/wp\/v2\/pages"}],"about":[{"href":"https:\/\/global-business-recruiting.de\/pl\/wp-json\/wp\/v2\/types\/page"}],"author":[{"embeddable":true,"href":"https:\/\/global-business-recruiting.de\/pl\/wp-json\/wp\/v2\/users\/1"}],"replies":[{"embeddable":true,"href":"https:\/\/global-business-recruiting.de\/pl\/wp-json\/wp\/v2\/comments?post=9861"}],"version-history":[{"count":6,"href":"https:\/\/global-business-recruiting.de\/pl\/wp-json\/wp\/v2\/pages\/9861\/revisions"}],"predecessor-version":[{"id":11193,"href":"https:\/\/global-business-recruiting.de\/pl\/wp-json\/wp\/v2\/pages\/9861\/revisions\/11193"}],"up":[{"embeddable":true,"href":"https:\/\/global-business-recruiting.de\/pl\/wp-json\/wp\/v2\/pages\/9347"}],"wp:featuredmedia":[{"embeddable":true,"href":"https:\/\/global-business-recruiting.de\/pl\/wp-json\/wp\/v2\/media\/11149"}],"wp:attachment":[{"href":"https:\/\/global-business-recruiting.de\/pl\/wp-json\/wp\/v2\/media?parent=9861"}],"curies":[{"name":"wp","href":"https:\/\/api.w.org\/{rel}","templated":true}]}}