{"id":9865,"date":"2026-03-12T02:01:34","date_gmt":"2026-03-12T02:01:34","guid":{"rendered":"https:\/\/global-business-recruiting.de\/wissen\/die-schweisspositionen\/"},"modified":"2026-03-29T13:05:47","modified_gmt":"2026-03-29T13:05:47","slug":"umowa-o-dzielo-rentownosc-ekonomiczna","status":"publish","type":"page","link":"https:\/\/global-business-recruiting.de\/pl\/wissen\/werkvertrag-wirtschaftlichkeit\/","title":{"rendered":"Umowa o dzie\u0142o - ekonomiczna zamiast centrum koszt\u00f3w"},"content":{"rendered":"<section class=\"l-section wpb_row height_custom\"><div class=\"l-section-h i-cf\"><div class=\"g-cols vc_row via_grid cols_1 laptops-cols_inherit tablets-cols_inherit mobiles-cols_1 valign_top type_default stacking_default\"><div class=\"wpb_column vc_column_container\"><div class=\"vc_column-inner\"><div class=\"wpb_text_column\"><div class=\"wpb_wrapper\"><p>Czy<span>\u00a0<\/span><a href=\"https:\/\/global-business-recruiting.de\/pl\/wiedziec\/prawidlowe-fakturowanie-umow-o-prace\/\">Umowa o dzie\u0142o<\/a><span>\u00a0<\/span>Czy jest to op\u0142acalne ekonomicznie, czy tylko powoduje dodatkowe koszty? Zaj\u0119li\u015bmy si\u0119 ju\u017c kwesti\u0105 dumpingu si\u0142y roboczej w przypadku um\u00f3w o dzie\u0142o. Patrz\u0105c na to ch\u0142odno, jest to ju\u017c odpowied\u017a, ale pytanie si\u0119ga znacznie dalej.<\/p>\n<p>Dumping p\u0142acowy jest zwykle przeprowadzany za pomoc\u0105 fikcyjnych um\u00f3w o prac\u0119, wi\u0119c ta ekstremalna forma oszcz\u0119dzania koszt\u00f3w nie jest cz\u0119\u015bci\u0105 analizy w tym rozdziale. Skupiamy si\u0119 raczej na fakcie, \u017ce zdolno\u015bci, umiej\u0119tno\u015bci i wiedza s\u0105 nabywane. Musz\u0105 one by\u0107 wynagradzane, co rodzi pytanie: czy korzystniejsze jest wynagradzanie zak\u0142adu ni\u017c utrzymywanie zdolno\u015bci w firmie w postaci wi\u0119kszej liczby pracownik\u00f3w i innych zasob\u00f3w?<\/p>\n<h2>Zakup mocy produkcyjnych<\/h2>\n<p>Umowa o dzie\u0142o jest sposobem na wykorzystanie wykwalifikowanych pracownik\u00f3w w razie potrzeby. Mo\u017cna r\u00f3wnie\u017c naby\u0107 inne mo\u017cliwo\u015bci. Obejmuje to wi\u0119cej pracownik\u00f3w, ale tak\u017ce zasoby materialne. Je\u015bli firma spedycyjna zamawia przewo\u017anika na podstawie umowy o dzie\u0142o i umowy o prac\u0119, umowa regularnie obejmuje kierowc\u00f3w, tj. personel i pojazdy transportowe, tj. zasoby materialne.<\/p>\n<p>O ile umowy s\u0105 tak proste, jak w tym przyk\u0142adzie, istnieje wyra\u017any kompromis. Czy firma spedycyjna ma wystarczaj\u0105co du\u017co zada\u0144 transportowych do wykonania na wystarczaj\u0105co ograniczonym obszarze, aby uzasadni\u0107 wykorzystanie w\u0142asnych kierowc\u00f3w i pojazd\u00f3w? M\u00f3wi\u0105c prostym j\u0119zykiem, oznacza to: czy kierowcy i pojazdy by\u0142yby wykorzystywane do granic mo\u017cliwo\u015bci, czy te\u017c wyst\u0119powa\u0142by kosztowny czas bezczynno\u015bci? Je\u015bli zdolno\u015b\u0107 przewozowa jest w pe\u0142ni wykorzystana, jest to przynajmniej potencjalnie ta\u0144sze lub przynajmniej r\u00f3wnowa\u017cne finansowo z zamawianiem us\u0142ug transportowych od innej firmy. Dodatkowo jednak pojawi\u0142yby si\u0119 kwestie bezpiecze\u0144stwa, takie jak ubezpieczenie lub kwestie prawne. \u017badna z tych kwestii nie stanowi\u0142aby problemu dla firmy spedycyjnej, gdyby zleci\u0142a to firmie transportowej.<\/p>\n<p>Wida\u0107 ju\u017c tutaj, \u017ce niekt\u00f3re obszary odpowiedzialno\u015bci wi\u0105\u017c\u0105 si\u0119 z czym\u015b wi\u0119cej ni\u017c tylko kosztami personelu. Konieczne jest zatem rozwa\u017cenie, co jest ekonomicznie op\u0142acalne w ka\u017cdym indywidualnym przypadku. Je\u015bli jednak dostawa odbywa si\u0119 na tak du\u017cym obszarze, \u017ce jest to trudne do osi\u0105gni\u0119cia z ekonomicznego punktu widzenia, nie ma ju\u017c mowy o wyznaczeniu wykonawcy w postaci spedytora. Ten ostatni jest zdecydowanie bardziej do\u015bwiadczony, a przede wszystkim ta\u0144szy. Kalkulacja wygl\u0105da mniej wi\u0119cej tak dla wszystkich obszar\u00f3w. Gdy tylko pojawia si\u0119 regularny wakat na personel lub materia\u0142y, op\u0142aca si\u0119 zam\u00f3wi\u0107 firm\u0119 zajmuj\u0105c\u0105 si\u0119 prac\u0105 kontraktow\u0105.<\/p>\n<p>Zam\u00f3wienia w ramach zada\u0144 peryferyjnych nie stanowi\u0105 problemu, je\u015bli spojrze\u0107 na nie zgodnie z t\u0105 zasad\u0105. Dla firmy zajmuj\u0105cej si\u0119 sprzeda\u017c\u0105 wysy\u0142kow\u0105, pozyskiwanie klient\u00f3w i wyb\u00f3r produkt\u00f3w s\u0105 podstawow\u0105 dzia\u0142alno\u015bci\u0105. Dostawa jest zadaniem peryferyjnym, kt\u00f3re mo\u017ce by\u0107 lepiej obs\u0142ugiwane przez specjalist\u00f3w w tej dziedzinie.<\/p>\n<h2>Umowa o prac\u0119 w ramach podstawowej dzia\u0142alno\u015bci<\/h2>\n<p>Jednak w ramach podstawowej dzia\u0142alno\u015bci sp\u00f3\u0142ka dominuj\u0105ca jest specjalist\u0105. W zwi\u0105zku z tym umowa o dzie\u0142o i umowa o prac\u0119 regularnie przynosi mniejsze korzy\u015bci ekonomiczne. Z definicji podstawowa dzia\u0142alno\u015b\u0107 jest g\u0142\u00f3wnym obszarem odpowiedzialno\u015bci firmy, kt\u00f3ra pozycjonuje si\u0119 jako specjalista. Je\u015bli nie mo\u017ce wykonywa\u0107 specjalistycznych zada\u0144 bardzo dobrze, to nie jest to r\u00f3wnie\u017c podstawowa dzia\u0142alno\u015b\u0107.<\/p>\n<p>Istniej\u0105 jednak wyj\u0105tki od tej regu\u0142y: firma wysy\u0142kowa mo\u017ce zleci\u0107 projektantowi stron internetowych wsparcie pozyskiwania klient\u00f3w za pomoc\u0105 odpowiednio zaawansowanej strony internetowej. Czy jest to cz\u0119\u015b\u0107 podstawowej dzia\u0142alno\u015bci, czy zadanie marginalne? Jest to kwestia dyskusyjna. Teoretycznie, pozyskiwanie klient\u00f3w jest podstawow\u0105 dzia\u0142alno\u015bci\u0105, ale IT jest tylko peryferyjnym zadaniem. W tym przypadku nacisk k\u0142adziony jest bardziej na zakres, w jakim IT odgrywa rol\u0119 w pozyskiwaniu klient\u00f3w. Poniewa\u017c chodzi o projekt strony internetowej, kt\u00f3ra nie musi by\u0107 projektowana wielokrotnie, mo\u017cna to postrzega\u0107 jako zadanie peryferyjne.<\/p>\n<h2>Umowa o dzie\u0142o i robocizna w celu pozyskania klienta<\/h2>\n<p>Ale co z powo\u0142aniem firmy marketingowej? To r\u00f3wnie\u017c pomaga w pozyskiwaniu klient\u00f3w. Ponownie, mo\u017ce to by\u0107 oparte na tym, jak cz\u0119sto i jak d\u0142ugo firma marketingowa wykonuje swoj\u0105 prac\u0119 w tym obszarze. Mo\u017cna si\u0119 spiera\u0107, w jakim stopniu marketing jest faktycznie g\u0142\u00f3wnym zadaniem firmy wysy\u0142kowej. Teoretycznie specjalizuje si\u0119 ona w sprzeda\u017cy, a ka\u017cdy dobry marketingowiec wie, \u017ce marketing i wysy\u0142ka to nie to samo.<\/p>\n<p>W przypadku w\u0105tpliwo\u015bci jest to zatem kwestia interpretacji, czy g\u0142\u00f3wny obszar dzia\u0142alno\u015bci istnieje, czy nie. Nawet w g\u0142\u00f3wnym obszarze czasami konieczne jest wykorzystanie umiej\u0119tno\u015bci, kt\u00f3re nie s\u0105 cz\u0119\u015bci\u0105 dzia\u0142alno\u015bci, poniewa\u017c s\u0105 one rzadko potrzebne i dlatego by\u0142yby bezczynne przez reszt\u0119 czasu.<\/p>\n<p>Ostatecznie zale\u017cy to mniej wi\u0119cej od tego, czy praca jest zadaniem peryferyjnym, czy g\u0142\u00f3wnym obszarem. W przypadku zada\u0144 peryferyjnych zawsze mo\u017cna je przenie\u015b\u0107, je\u015bli w\u0142asne si\u0142y oznacza\u0142yby zbyt du\u017c\u0105 wydajno\u015b\u0107 w tym obszarze. Mo\u017cna to r\u00f3wnie\u017c zrobi\u0107 na sta\u0142e.<\/p>\n<p>W podstawowym obszarze dzia\u0142alno\u015bci przedsi\u0119biorczej pytanie to jest zasadniczo takie samo, ale odpowied\u017a musi by\u0107 interpretowana znacznie w\u0119\u017cej. Oznacza to, \u017ce gdy tylko jest to mo\u017cliwe, w\u0142asny personel firmy powinien wykonywa\u0107 zadania, a moce produkcyjne powinny by\u0107 kupowane tylko wtedy, gdy s\u0105 ograniczone w czasie i spowodowa\u0142yby tak du\u017c\u0105 ilo\u015b\u0107 czasu bezczynno\u015bci w ich pracy, gdyby byli zwyk\u0142ymi pracownikami.<\/p>\n<h2>Ryzyko w umowie o dzie\u0142o<\/h2>\n<p>Je\u015bli pracownicy wykonuj\u0105 prac\u0119 jako pracownicy g\u0142\u00f3wnej firmy, wi\u0105\u017ce si\u0119 to z wieloma rodzajami ryzyka. Je\u015bli chodzi o rentowno\u015b\u0107, istnieje jedno ryzyko, kt\u00f3re jest szczeg\u00f3lnie interesuj\u0105ce, a mianowicie kwestia tego, ile ostatecznie b\u0119dzie kosztowa\u0107 osi\u0105gni\u0119cie okre\u015blonego wyniku.<\/p>\n<p>Pracownikom p\u0142aci si\u0119 za godzin\u0119. Je\u015bli potrzebuj\u0105 jej wi\u0119cej do wykonania dzie\u0142a, praca ta r\u00f3wnie\u017c kosztuje odpowiednio wi\u0119cej. Wykonawca w umowie o dzie\u0142o otrzymuje wynagrodzenie za sukces pracy. Je\u015bli potrzebuje wi\u0119cej czasu pracy, jest to jego ryzyko. Nie zmienia to wynagrodzenia.<\/p>\n<p>Ponadto istniej\u0105 inne zagro\u017cenia, o kt\u00f3rych ju\u017c tutaj wspomniano: S\u0105 to ryzyko bezczynno\u015bci z drogimi kosztami pracy, ryzyko szk\u00f3d spowodowanych przez pracownika, ryzyko zniszczenia pracy i inne przyk\u0142ady. Wszystkie te ryzyka s\u0105 r\u00f3wnie\u017c przenoszone na wykonawc\u0119 wraz z umow\u0105 o dzie\u0142o.<\/p>\n<h2>Efektywno\u015b\u0107 ekonomiczna w umowie o dzie\u0142o<\/h2>\n<p>Jednym z najwa\u017cniejszych obowi\u0105zk\u00f3w wynikaj\u0105cych z umowy o dzie\u0142o i umowy o \u015bwiadczenie us\u0142ug jest obowi\u0105zek zap\u0142aty przez zamawiaj\u0105cego wynagrodzenia za dzie\u0142o. Wynagrodzenie jest nale\u017cne po pomy\u015blnym odbiorze dzie\u0142a. Oznacza to, \u017ce klient ponosi koszty tylko wtedy, gdy po\u017c\u0105dany rezultat zostanie osi\u0105gni\u0119ty. Brak sukcesu, brak koszt\u00f3w.<\/p>\n<p>Wynagrodzenie za prac\u0119 jest okre\u015blone w umowie. Klient wie zatem od samego pocz\u0105tku, ile b\u0119dzie musia\u0142 zap\u0142aci\u0107 za stworzenie dzie\u0142a. Mog\u0105 jednak wyst\u0105pi\u0107 odst\u0119pstwa. Dzieje si\u0119 tak na przyk\u0142ad wtedy, gdy klient \u017c\u0105da wprowadzenia zmian. Wykonawca ma prawo zaproponowa\u0107 korekt\u0119 wynagrodzenia za dzie\u0142o i jego wysoko\u015bci.<\/p>\n<p>Inne wyj\u0105tki obejmuj\u0105 p\u0142atno\u015bci ratalne lub p\u0142atno\u015bci w etapach po cz\u0119\u015bciowym zako\u0144czeniu prac. Jest to jednak r\u00f3wnie\u017c uzgodnione z g\u00f3ry w umowie i dlatego mo\u017ce by\u0107 obliczane pod wzgl\u0119dem czasu i kwoty od samego pocz\u0105tku.<\/p>\n<p>W umowie o dzie\u0142o i \u015bwiadczenie us\u0142ug wykonawca jest zobowi\u0105zany do przeprowadzenia prac przygotowawczych. Dzie\u0142o musi najpierw zosta\u0107 wykonane, a nast\u0119pnie zaakceptowane przez klienta. Oznacza to, \u017ce klient ma mo\u017cliwo\u015b\u0107 oceny pracy i zidentyfikowania wad przed dokonaniem jakiejkolwiek p\u0142atno\u015bci. Znacz\u0105co zwi\u0119ksza to bezpiecze\u0144stwo klienta kosztem wykonawcy.<\/p>\n<p>Co do zasady, nawet w przypadku bardzo du\u017cych projekt\u00f3w o warto\u015bci kilku milion\u00f3w euro, wykonawca nie mo\u017ce by\u0107 zobowi\u0105zany do zap\u0142aty wynagrodzenia za prace przed ich odbiorem. Odst\u0119pstwem od tej zasady s\u0105 jednak regularnie zawierane umowy, p\u0142atno\u015bci ratalne i p\u0142atno\u015bci za wykonane cz\u0119\u015bci prac. Niemniej jednak sytuacja prawna jest taka, \u017ce klient jest znacznie uprzywilejowany. Nawet je\u015bli dokona on p\u0142atno\u015bci w ramach um\u00f3w przed uko\u0144czeniem ca\u0142o\u015bci prac, mo\u017ce za\u017c\u0105da\u0107 od wykonawcy kaucji zabezpieczaj\u0105cej lub wstrzyma\u0107 dop\u0142at\u0119 ci\u015bnieniow\u0105 w przypadku stwierdzenia wad.<\/p>\n<p>Bieg terminu przedawnienia roszcze\u0144 o zap\u0142at\u0119 za wykonane prace lub usuni\u0119cie wad rozpoczyna si\u0119 zasadniczo z chwil\u0105 odbioru prac. Je\u015bli odbi\u00f3r nie nast\u0105pi, poniewa\u017c np. prace nie zosta\u0142y uko\u0144czone zgodnie z oczekiwaniami, wynikaj\u0105ce z tego roszczenia nie ulegaj\u0105 przedawnieniu.<\/p>\n<h2>Umowa o dzie\u0142o - dodatkowe koszty<\/h2>\n<p>W trakcie tworzenia utworu mog\u0105 czasami zosta\u0107 poniesione dodatkowe koszty. Te dodatkowe koszty nale\u017cy jednak odr\u00f3\u017cni\u0107 od koszt\u00f3w poniesionych w wyniku zmiany zam\u00f3wionego utworu. Je\u015bli klient zmieni\u0142 opis, po\u017c\u0105dan\u0105 wydajno\u015b\u0107 lub inne cechy utworu, musi r\u00f3wnie\u017c ponie\u015b\u0107 dodatkowe koszty stworzenia utworu zgodnie z nowymi specyfikacjami.<\/p>\n<p>Niezale\u017cnie od tego istotne jest jednak pytanie, co dzieje si\u0119 z dodatkowymi kosztami, kt\u00f3re powstaj\u0105 bez zmiany specyfikacji. Z punktu widzenia prawa i s\u0105d\u00f3w, specjalista staje przeciwko laikowi. Wykonawca zosta\u0142 wybrany w\u0142a\u015bnie ze wzgl\u0119du na swoje do\u015bwiadczenie, wiedz\u0119 i umiej\u0119tno\u015bci. W zwi\u0105zku z tym jest on uwa\u017cany za specjalist\u0119. Klient natomiast zleca zadanie, kt\u00f3rego sam nie wykonuje, w realizacji kt\u00f3rego nie ma do\u015bwiadczenia i kt\u00f3rego koszt\u00f3w nie jest w stanie oszacowa\u0107.<\/p>\n<p>W zwi\u0105zku z tym obowi\u0105zkiem wykonawcy jest przygotowanie bezp\u0142atnego kosztorysu. Op\u0142ata za prac\u0119 jest obliczana na podstawie tego kosztorysu. Jest ona nast\u0119pnie ustalana umownie i nie mo\u017ce zosta\u0107 zmieniona bez specjalnego powodu.<\/p>\n<p>Szczeg\u00f3lne przyczyny, kt\u00f3re pozwalaj\u0105 na zmian\u0119 wynagrodzenia za prac\u0119, musz\u0105 by\u0107 nieprzewidywalne dla obu stron. Musz\u0105 by\u0107 r\u00f3wnie\u017c tak powa\u017cne w swoich konsekwencjach, \u017ce nie mo\u017cna racjonalnie oczekiwa\u0107, \u017ce strony umowy b\u0119d\u0105 przestrzega\u0107 pierwotnej umowy. W takim przypadku obie strony mog\u0105 uzgodni\u0107 nowe wynagrodzenie, mog\u0105 rozwi\u0105za\u0107 umow\u0119, s\u0119dzia mo\u017ce dostosowa\u0107 kwot\u0119 umowy lub zezwoli\u0107 na anulowanie umowy.<\/p>\n<p>Klient jest zatem bardzo dobrze chroniony przed jednostronnym wzrostem wynagrodzenia za prac\u0119. Daje mu to wyra\u017ane bezpiecze\u0144stwo pod wzgl\u0119dem prawnym, ale tak\u017ce pod wzgl\u0119dem planowania finansowego.<\/p>\n<h2>Wykonawca ponosi odpowiedzialno\u015b\u0107 za<\/h2>\n<p>W umowie o dzie\u0142o i \u015bwiadczenie us\u0142ug, nale\u017cne jest pomy\u015blne stworzenie dzie\u0142a, a nie praca nad nim. Nie chodzi o czas, zasoby czy dok\u0142adnie \u015bwiadczone us\u0142ugi. Jedyn\u0105 wa\u017cn\u0105 rzecz\u0105 jest dzie\u0142o i to, \u017ce zosta\u0142o stworzone zgodnie z opisem w umowie.<\/p>\n<p>Wykonawca dzia\u0142a niezale\u017cnie. Zwalnia to klienta z wszelkiej odpowiedzialno\u015bci. Oznacza to, \u017ce nie musi on szuka\u0107, zatrudnia\u0107, zarz\u0105dza\u0107, szkoli\u0107 ani wynagradza\u0107 pracownik\u00f3w kontraktowych. Wszystko to le\u017cy w gestii wykonawcy.<\/p>\n<h2>Umowa o dzie\u0142o - prawo do odst\u0105pienia od umowy<\/h2>\n<p>Klient ma r\u00f3wnie\u017c przewag\u0119 w odniesieniu do anulowania umowy o dzie\u0142o. Mo\u017ce on rozwi\u0105za\u0107 umow\u0119 w dowolnym momencie bez podania konkretnej przyczyny. Pozostawia to klientowi decyzj\u0119, czy i jak d\u0142ugo chce wsp\u00f3\u0142pracowa\u0107 z wykonawc\u0105.<\/p>\n<p>Chocia\u017c wykonawca ma r\u00f3wnie\u017c prawo do rozwi\u0105zania umowy, musi mie\u0107 ku temu szczeg\u00f3lny pow\u00f3d. Oznacza to, \u017ce to klient trzyma stery, co z kolei znacznie u\u0142atwia planowanie, zw\u0142aszcza pod wzgl\u0119dem ekonomicznym.<\/p>\n<h2>Wnioski<\/h2>\n<p>Warto wyznaczy\u0107 wykonawc\u0119, je\u015bli w gr\u0119 wchodzi dzia\u0142alno\u015b\u0107 marginalna, a zasoby w firmie s\u0105 niewystarczaj\u0105co wykorzystywane do realizacji tych zada\u0144. Warto r\u00f3wnie\u017c wyznaczy\u0107 wykonawc\u0119, je\u015bli chodzi o podstawowe zadanie biznesowe, a pewne umiej\u0119tno\u015bci i wiedza specjalistyczna s\u0105 nabywane w celu wykonania tego zadania. Jednak zakupione zdolno\u015bci maj\u0105 jedynie tymczasowe znaczenie lub, gdyby by\u0142y dost\u0119pne jako sta\u0142e zdolno\u015bci, do\u015bwiadczy\u0142yby d\u0142ugich wakat\u00f3w.<\/p>\n<p>W umowie o dzie\u0142o i us\u0142ugi wykonawca ponosi wi\u0119kszo\u015b\u0107 ryzyka. Jest odpowiedzialny za personel, ponosi odpowiedzialno\u015b\u0107 za szkody, ponosi ryzyko utraty dzie\u0142a i nie otrzymuje wynagrodzenia, je\u015bli dzie\u0142o nie zostanie uko\u0144czone zgodnie z opisem.<\/p>\n<p>Opr\u00f3cz wystarczaj\u0105cego wykorzystania dost\u0119pnych zasob\u00f3w, efektywno\u015b\u0107 ekonomiczna wynika z przeniesienia ryzyka i faktu, \u017ce p\u0142atno\u015b\u0107 za prac\u0119 jest nale\u017cna dopiero po zaakceptowaniu pomy\u015blnie uko\u0144czonej pracy. Je\u015bli praca nie zostanie uko\u0144czona zgodnie z oczekiwaniami, p\u0142atno\u015b\u0107 zostanie anulowana. Je\u015bli wysi\u0142ek wymagany do wykonania pracy wzro\u015bnie, r\u00f3wnie\u017c pod wzgl\u0119dem czasu, wynagrodzenie za prac\u0119 nie ulegnie zmianie.<\/p>\n<p>Ponadto wykonawca pracuje na w\u0142asn\u0105 odpowiedzialno\u015b\u0107. Zmniejsza to obci\u0105\u017cenie firmy zamawiaj\u0105cej. Wreszcie, klient ma znacznie prostsze prawo do odst\u0105pienia od umowy w stosunku do wykonawcy, dzi\u0119ki czemu mo\u017ce odst\u0105pi\u0107 od umowy w dowolnym momencie, je\u015bli uzna to za konieczne.<\/p>\n<h2>Najcz\u0119\u015bciej zadawane pytania dotycz\u0105ce op\u0142acalno\u015bci umowy o dzie\u0142o i umowy o prac\u0119<\/h2>\n<\/div><\/div><div class=\"w-separator size_small\"><\/div><div class=\"w-tabs style_default switch_click accordion type_togglable has_scrolling\" style=\"--sections-title-size:inherit\"><div class=\"w-tabs-sections titles-align_none icon_chevron cpos_right\"><div class=\"w-tabs-section\" id=\"yef8\" itemscope itemprop=\"mainEntity\" itemtype=\"https:\/\/schema.org\/Question\"><button class=\"w-tabs-section-header\" aria-controls=\"content-yef8\" aria-expanded=\"false\"><div class=\"w-tabs-section-title\" itemprop=\"name\">Kiedy umowa o dzie\u0142o ma wi\u0119kszy sens ekonomiczny ni\u017c sta\u0142e zatrudnienie?<\/div><div class=\"w-tabs-section-control\"><\/div><\/button><div  class=\"w-tabs-section-content\" id=\"content-yef8\" itemscope itemprop=\"acceptedAnswer\" itemtype=\"https:\/\/schema.org\/Answer\"><div class=\"w-tabs-section-content-h i-cf\" itemprop=\"text\"><div class=\"wpb_text_column\"><div class=\"wpb_wrapper\"><p>Umowa o dzie\u0142o jest op\u0142acalna, je\u015bli wymagana zdolno\u015b\u0107 lub umiej\u0119tno\u015bci nie s\u0105 potrzebne na sta\u0142e, je\u015bli wykorzystanie zdolno\u015bci produkcyjnych firmy ulega wahaniom lub je\u015bli zadanie mo\u017cna wyra\u017anie sklasyfikowa\u0107 jako dzia\u0142alno\u015b\u0107 marginaln\u0105. Je\u015bli istnieje sta\u0142e zapotrzebowanie w podstawowej dzia\u0142alno\u015bci, sta\u0142e zatrudnienie jest generalnie bardziej korzystne, poniewa\u017c wynagrodzenie zewn\u0119trzne zazwyczaj zawiera premi\u0119 za ryzyko.<\/p>\n<\/div><\/div><\/div><\/div><\/div><div class=\"w-tabs-section\" id=\"o011\" itemscope itemprop=\"mainEntity\" itemtype=\"https:\/\/schema.org\/Question\"><button class=\"w-tabs-section-header\" aria-controls=\"content-o011\" aria-expanded=\"false\"><div class=\"w-tabs-section-title\" itemprop=\"name\">Kto ponosi ryzyko zwi\u0105zane z kosztami, je\u015bli zlecenie jest dro\u017csze ni\u017c planowano?<\/div><div class=\"w-tabs-section-control\"><\/div><\/button><div  class=\"w-tabs-section-content\" id=\"content-o011\" itemscope itemprop=\"acceptedAnswer\" itemtype=\"https:\/\/schema.org\/Answer\"><div class=\"w-tabs-section-content-h i-cf\" itemprop=\"text\"><div class=\"wpb_text_column\"><div class=\"wpb_wrapper\"><p>Zasadniczo wykonawca. Jako specjalista przygotowa\u0142 kosztorys i jest winien wykonanie prac po uzgodnionej cenie. Dodatkowe koszty wynikaj\u0105ce z w\u0142asnych b\u0142\u0119d\u00f3w lub niedoszacowania ponosi wykonawca. Tylko w przypadku wyst\u0105pienia nieprzewidzianych okoliczno\u015bci, kt\u00f3rych \u017cadna ze stron nie mog\u0142a przewidzie\u0107, mo\u017cna \u017c\u0105da\u0107 korekty ceny pracy.<\/p>\n<\/div><\/div><\/div><\/div><\/div><div class=\"w-tabs-section\" id=\"l12b\" itemscope itemprop=\"mainEntity\" itemtype=\"https:\/\/schema.org\/Question\"><button class=\"w-tabs-section-header\" aria-controls=\"content-l12b\" aria-expanded=\"false\"><div class=\"w-tabs-section-title\" itemprop=\"name\">Czy klient mo\u017ce wypowiedzie\u0107 umow\u0119 o dzie\u0142o w dowolnym momencie?<\/div><div class=\"w-tabs-section-control\"><\/div><\/button><div  class=\"w-tabs-section-content\" id=\"content-l12b\" itemscope itemprop=\"acceptedAnswer\" itemtype=\"https:\/\/schema.org\/Answer\"><div class=\"w-tabs-section-content-h i-cf\" itemprop=\"text\"><div class=\"wpb_text_column\"><div class=\"wpb_wrapper\"><p>Tak, zgodnie z \u00a7 648 niemieckiego kodeksu cywilnego (BGB) zleceniodawca mo\u017ce wypowiedzie\u0107 umow\u0119 o dzie\u0142o w ka\u017cdej chwili bez podania przyczyny. Musi jednak zap\u0142aci\u0107 uzgodnione wynagrodzenie za prac\u0119 pomniejszone o wydatki zaoszcz\u0119dzone przez wykonawc\u0119. Daje to klientowi du\u017c\u0105 elastyczno\u015b\u0107, ale tak\u017ce chroni wykonawc\u0119 przed ca\u0142kowit\u0105 utrat\u0105 wynagrodzenia.<\/p>\n<\/div><\/div><\/div><\/div><\/div><div class=\"w-tabs-section\" id=\"w24e\" itemscope itemprop=\"mainEntity\" itemtype=\"https:\/\/schema.org\/Question\"><button class=\"w-tabs-section-header\" aria-controls=\"content-w24e\" aria-expanded=\"false\"><div class=\"w-tabs-section-title\" itemprop=\"name\">Czym w praktyce r\u00f3\u017cni si\u0119 umowa o dzie\u0142o od umowy o \u015bwiadczenie us\u0142ug?<\/div><div class=\"w-tabs-section-control\"><\/div><\/button><div  class=\"w-tabs-section-content\" id=\"content-w24e\" itemscope itemprop=\"acceptedAnswer\" itemtype=\"https:\/\/schema.org\/Answer\"><div class=\"w-tabs-section-content-h i-cf\" itemprop=\"text\"><div class=\"wpb_text_column\"><div class=\"wpb_wrapper\"><p>W umowie o dzie\u0142o wykonawca jest zobowi\u0105zany do osi\u0105gni\u0119cia rezultatu - uko\u0144czonego dzie\u0142a. W umowie o \u015bwiadczenie us\u0142ug wykonawca jest winien jedynie wykonanie czynno\u015bci, a nie rezultat. Ma to znacz\u0105ce konsekwencje ekonomiczne: Brak potr\u0105cenia, je\u015bli wynik jest s\u0142aby bez umowy o dzie\u0142o, pe\u0142na p\u0142atno\u015b\u0107, je\u015bli wynik jest dobry z umow\u0105 o dzie\u0142o. Czytaj wi\u0119cej:<span>\u00a0<\/span><a href=\"https:\/\/global-business-recruiting.de\/pl\/wiedziec\/umowa-o-swiadczenie-uslug-a-umowa-o-dzielo\/\">Umowa o \u015bwiadczenie us\u0142ug a umowa o dzie\u0142o<\/a>.<\/p>\n<\/div><\/div><\/div><\/div><\/div><div class=\"w-tabs-section\" id=\"w35e\" itemscope itemprop=\"mainEntity\" itemtype=\"https:\/\/schema.org\/Question\"><button class=\"w-tabs-section-header\" aria-controls=\"content-w35e\" aria-expanded=\"false\"><div class=\"w-tabs-section-title\" itemprop=\"name\">Kiedy rozpoczyna si\u0119 bieg terminu przedawnienia roszcze\u0144 z tytu\u0142u wad umowy o dzie\u0142o?<\/div><div class=\"w-tabs-section-control\"><\/div><\/button><div  class=\"w-tabs-section-content\" id=\"content-w35e\" itemscope itemprop=\"acceptedAnswer\" itemtype=\"https:\/\/schema.org\/Answer\"><div class=\"w-tabs-section-content-h i-cf\" itemprop=\"text\"><div class=\"wpb_text_column\"><div class=\"wpb_wrapper\"><p>Okres przedawnienia rozpoczyna si\u0119 wraz z odbiorem prac. Okres przedawnienia dla budynk\u00f3w wynosi pi\u0119\u0107 lat zgodnie z \u00a7 634a BGB, a dla innych prac dwa lata. Wa\u017cne: Je\u015bli klient s\u0142usznie odm\u00f3wi odbioru z powodu istotnych wad, bieg terminu przedawnienia nie rozpoczyna si\u0119.<\/p>\n<\/div><\/div><\/div><\/div><\/div><\/div><\/div><\/div><\/div><\/div><\/div><\/section>","protected":false},"excerpt":{"rendered":"Ist ein\u00a0Werkvertrag\u00a0wirtschaftlich oder verursacht er nur weitere Kosten? Wir haben uns bereits dem Thema gewidmet, dass mit Werkvertr\u00e4gen Lohndumping betrieben wird. Ganz kalt betrachtet ist das bereits eine Antwort, doch die Frage geht sehr viel weiter. Lohndumping wird gew\u00f6hnlich mit Scheinwerkvertr\u00e4gen betrieben, sodass diese extreme Form der Kostensparnis nicht Bestandteil der Betrachtung in diesem Kapitel...","protected":false},"author":1,"featured_media":10533,"parent":9347,"menu_order":0,"comment_status":"closed","ping_status":"closed","template":"","meta":{"_acf_changed":false,"footnotes":""},"class_list":["post-9865","page","type-page","status-publish","has-post-thumbnail","hentry"],"acf":[],"_links":{"self":[{"href":"https:\/\/global-business-recruiting.de\/pl\/wp-json\/wp\/v2\/pages\/9865","targetHints":{"allow":["GET"]}}],"collection":[{"href":"https:\/\/global-business-recruiting.de\/pl\/wp-json\/wp\/v2\/pages"}],"about":[{"href":"https:\/\/global-business-recruiting.de\/pl\/wp-json\/wp\/v2\/types\/page"}],"author":[{"embeddable":true,"href":"https:\/\/global-business-recruiting.de\/pl\/wp-json\/wp\/v2\/users\/1"}],"replies":[{"embeddable":true,"href":"https:\/\/global-business-recruiting.de\/pl\/wp-json\/wp\/v2\/comments?post=9865"}],"version-history":[{"count":6,"href":"https:\/\/global-business-recruiting.de\/pl\/wp-json\/wp\/v2\/pages\/9865\/revisions"}],"predecessor-version":[{"id":9866,"href":"https:\/\/global-business-recruiting.de\/pl\/wp-json\/wp\/v2\/pages\/9865\/revisions\/9866"}],"up":[{"embeddable":true,"href":"https:\/\/global-business-recruiting.de\/pl\/wp-json\/wp\/v2\/pages\/9347"}],"wp:featuredmedia":[{"embeddable":true,"href":"https:\/\/global-business-recruiting.de\/pl\/wp-json\/wp\/v2\/media\/10533"}],"wp:attachment":[{"href":"https:\/\/global-business-recruiting.de\/pl\/wp-json\/wp\/v2\/media?parent=9865"}],"curies":[{"name":"wp","href":"https:\/\/api.w.org\/{rel}","templated":true}]}}