{"id":9869,"date":"2026-03-12T02:07:58","date_gmt":"2026-03-12T02:07:58","guid":{"rendered":"https:\/\/global-business-recruiting.de\/wissen\/werkvertrag-wirtschaftlich-statt-nur-kostenstelle\/"},"modified":"2026-03-29T13:06:32","modified_gmt":"2026-03-29T13:06:32","slug":"podwykonawca-murarz","status":"publish","type":"page","link":"https:\/\/global-business-recruiting.de\/pl\/wissen\/maurer-subunternehmer\/","title":{"rendered":"Podwykonawcy murarscy - zadania, zlecenia i wyzwania w pracy z podwykonawcami"},"content":{"rendered":"<section class=\"l-section wpb_row height_custom\"><div class=\"l-section-h i-cf\"><div class=\"g-cols vc_row via_grid cols_1 laptops-cols_inherit tablets-cols_inherit mobiles-cols_1 valign_top type_default stacking_default\"><div class=\"wpb_column vc_column_container\"><div class=\"vc_column-inner\"><div class=\"wpb_text_column\"><div class=\"wpb_wrapper\"><p>Powiedzmy to tak, jak jest. Nic nie dzia\u0142a na placu budowy bez murarzy. S\u0105 oni z pewno\u015bci\u0105 jednym z najwa\u017cniejszych zawod\u00f3w w budownictwie. Ich specjalistyczne umiej\u0119tno\u015bci i do\u015bwiadczenie w znacznym stopniu przyczyniaj\u0105 si\u0119 do sukcesu projekt\u00f3w budowlanych.<\/p>\n<p>Jako podwykonawcy, murarze wnosz\u0105 specjalistyczn\u0105 wiedz\u0119 i kunszt, aby z powodzeniem realizowa\u0107 projekty budowlane.<\/p>\n<h2>Jakie zlecenia otrzymuj\u0105 murarze?<\/h2>\n<p>Murarze jako podwykonawcy s\u0105 cz\u0119sto zatrudniani do konkretnych projekt\u00f3w. Projekty te mog\u0105 obejmowa\u0107 zar\u00f3wno ma\u0142e renowacje, jak i du\u017ce nowe budynki. Umowy oparte na projektach oferuj\u0105 elastyczno\u015b\u0107 i pozwalaj\u0105 murarzom pracowa\u0107 nad r\u00f3\u017cnymi projektami o r\u00f3\u017cnych wymaganiach.<\/p>\n<p>Niekt\u00f3rzy murarze pracuj\u0105 na podstawie um\u00f3w ramowych z firmami budowlanymi lub generalnymi wykonawcami. Umowy te obejmuj\u0105 kilka projekt\u00f3w w okre\u015blonym czasie i zapewniaj\u0105 ci\u0105g\u0142o\u015b\u0107 zam\u00f3wie\u0144. Mo\u017ce to by\u0107 korzystne zar\u00f3wno dla murarzy, jak i klient\u00f3w, poniewa\u017c pozwala na d\u0142ugoterminowe planowanie i partnerstwo.<\/p>\n<p>Murarze mog\u0105 r\u00f3wnie\u017c pracowa\u0107 w oparciu o stawki godzinowe lub ceny jednostkowe. W przypadku um\u00f3w ze stawk\u0105 godzinow\u0105, czas pracy jest wynagradzany, co mo\u017ce by\u0107 korzystne w przypadku nieprzewidywalnych prac. Z kolei umowy oparte na cenach jednostkowych zapewniaj\u0105 jasn\u0105 struktur\u0119 koszt\u00f3w dla okre\u015blonych zada\u0144 lub ilo\u015bci materia\u0142\u00f3w i robocizny.<\/p>\n<h2>Jakie s\u0105 zadania murarza?<\/h2>\n<p>Murarze s\u0105 cz\u0119sto odpowiedzialni za budow\u0119 fundament\u00f3w budynku. Zadanie to ma kluczowe znaczenie, poniewa\u017c fundament przenosi ca\u0142y ci\u0119\u017car budynku. Praca polega na wylewaniu betonowych fundament\u00f3w, uk\u0142adaniu blok\u00f3w fundamentowych i upewnianiu si\u0119, \u017ce fundament jest stabilny i wypoziomowany.<\/p>\n<p>Istotn\u0105 cz\u0119\u015bci\u0105 prac murarskich jest wznoszenie \u015bcian i \u015bcianek dzia\u0142owych. Obejmuje to zar\u00f3wno \u015bciany no\u015bne, kt\u00f3re przyczyniaj\u0105 si\u0119 do stabilno\u015bci budynku, jak i \u015bciany no\u015bne, kt\u00f3re s\u0142u\u017c\u0105 do podzia\u0142u pomieszcze\u0144. Do budowy tych konstrukcji murarze u\u017cywaj\u0105 r\u00f3\u017cnych materia\u0142\u00f3w, takich jak ceg\u0142y, bloczki betonowe i kamie\u0144 naturalny.<\/p>\n<p>Murowanie elewacji to kolejne specjalistyczne zadanie, kt\u00f3rego podejmuj\u0105 si\u0119 murarze. Praca ta polega na pokrywaniu fasad budynk\u00f3w dekoracyjnymi ceg\u0142ami lub kamieniami w celu zapewnienia estetycznych akcent\u00f3w przy jednoczesnej ochronie konstrukcji. Wymaga to precyzyjnej pracy i dba\u0142o\u015bci o szczeg\u00f3\u0142y, aby zapewni\u0107 r\u00f3wnomierny i atrakcyjny wygl\u0105d.<\/p>\n<h2>Jakie wyzwania wi\u0105\u017c\u0105 si\u0119 z prac\u0105 jako podwykonawca murarza?<\/h2>\n<p>Ramy prawne i umowy musz\u0105 by\u0107 jasno okre\u015blone i przestrzegane. Niejasno\u015bci lub nieporozumienia mog\u0105 prowadzi\u0107 do spor\u00f3w prawnych, kt\u00f3re mog\u0105 mie\u0107 znacz\u0105cy wp\u0142yw na projekt. Dlatego te\u017c kluczowe znaczenie ma jasne sporz\u0105dzanie um\u00f3w i zgodno\u015b\u0107 ze wszystkimi przepisami prawa.<\/p>\n<p>Jednym z najwi\u0119kszych wyzwa\u0144 podczas pracy z murarzami jest skuteczna komunikacja i koordynacja. Poniewa\u017c murarze cz\u0119sto pracuj\u0105 r\u00f3wnolegle z innymi bran\u017cami, wa\u017cne jest, aby wszyscy zaanga\u017cowani byli dobrze poinformowani i skoordynowani.<\/p>\n<p>Projekty budowlane cz\u0119sto charakteryzuj\u0105 si\u0119 \u015bcis\u0142ymi harmonogramami i bud\u017cetami. Op\u00f3\u017anienia lub przekroczenia koszt\u00f3w mog\u0105 mie\u0107 znacz\u0105cy wp\u0142yw na ca\u0142y projekt. Murarze musz\u0105 zatem pracowa\u0107 niezawodnie i wydajnie, aby spe\u0142ni\u0107 te wymagania. Dobre zarz\u0105dzanie harmonogramem i kosztami jest zatem niezb\u0119dne.<\/p>\n<p>Wi\u0119cej informacji na temat podstawy prawnej korzystania z podwykonawc\u00f3w:<span>\u00a0<\/span><a href=\"https:\/\/global-business-recruiting.de\/pl\/wiedziec\/klauzule-umowne-dotyczace-podwykonawcow\/\">Istotne klauzule w umowie z podwykonawc\u0105<\/a><span>\u00a0<\/span>oraz<span>\u00a0<\/span><a href=\"https:\/\/global-business-recruiting.de\/pl\/wiedziec\/odpowiedzialnosc-zagranicznych-podwykonawcow\/\">Odpowiedzialno\u015b\u0107 za zagranicznych podwykonawc\u00f3w<\/a>.<\/p>\n<h2>Dlaczego Global Business Recruiting jest Twoim partnerem<\/h2>\n<p>Global Business Recruiting specjalizuje si\u0119 w rekrutacji w bran\u017cy budowlanej. Zatrudniamy pracownik\u00f3w wszystkich bran\u017c. Wiemy, \u017ce w Niemczech szczeg\u00f3lnie poszukiwani s\u0105 murarze, dlatego zatrudniamy pracownik\u00f3w z Europy Wschodniej.<\/p>\n<p>W przeciwie\u0144stwie do wielu innych, nasi pracownicy m\u00f3wi\u0105 po niemiecku. Poniewa\u017c wiemy, \u017ce jest to punkt, kt\u00f3ry cz\u0119sto prowadzi do problem\u00f3w, jest to dla nas niezwykle wa\u017cne.<\/p>\n<p>Dost\u0119pne s\u0105 r\u00f3wnie\u017c wszystkie dokumenty i licencje. Nasi pracownicy z Polski i Europy Wschodniej m\u00f3wi\u0105 po niemiecku, dzi\u0119ki czemu mog\u0105 szybko i \u0142atwo rozpocz\u0105\u0107 prac\u0119.<\/p>\n<h2>Cz\u0119sto zadawane pytania dotycz\u0105ce murarzy jako podwykonawc\u00f3w<\/h2>\n<\/div><\/div><div class=\"w-separator size_small\"><\/div><div class=\"w-tabs style_default switch_click accordion type_togglable has_scrolling\" style=\"--sections-title-size:inherit\"><div class=\"w-tabs-sections titles-align_none icon_chevron cpos_right\"><div class=\"w-tabs-section\" id=\"ycc2\" itemscope itemprop=\"mainEntity\" itemtype=\"https:\/\/schema.org\/Question\"><button class=\"w-tabs-section-header\" aria-controls=\"content-ycc2\" aria-expanded=\"false\"><div class=\"w-tabs-section-title\" itemprop=\"name\">Jakie kwalifikacje powinien posiada\u0107 murarz jako podwykonawca?<\/div><div class=\"w-tabs-section-control\"><\/div><\/button><div  class=\"w-tabs-section-content\" id=\"content-ycc2\" itemscope itemprop=\"acceptedAnswer\" itemtype=\"https:\/\/schema.org\/Answer\"><div class=\"w-tabs-section-content-h i-cf\" itemprop=\"text\"><div class=\"wpb_text_column\"><div class=\"wpb_wrapper\"><p>Wykwalifikowany murarz powinien posiada\u0107 uznane kwalifikacje zawodowe murarza lub betoniarza i zbrojarza. Dodatkowe kwalifikacje w zakresie murowania licowego, suchej zabudowy lub izolacji termicznej s\u0105 dodatkowym atutem. W przypadku zagranicznych wykwalifikowanych pracownik\u00f3w nale\u017cy sprawdzi\u0107, czy kwalifikacje zawodowe s\u0105 uznawane w Niemczech lub wymagaj\u0105 oceny r\u00f3wnowa\u017cno\u015bci.<\/p>\n<\/div><\/div><\/div><\/div><\/div><div class=\"w-tabs-section\" id=\"mdc4\" itemscope itemprop=\"mainEntity\" itemtype=\"https:\/\/schema.org\/Question\"><button class=\"w-tabs-section-header\" aria-controls=\"content-mdc4\" aria-expanded=\"false\"><div class=\"w-tabs-section-title\" itemprop=\"name\">O czym nale\u017cy pami\u0119ta\u0107, korzystaj\u0105c z us\u0142ug polskich murarzy jako podwykonawc\u00f3w?<\/div><div class=\"w-tabs-section-control\"><\/div><\/button><div  class=\"w-tabs-section-content\" id=\"content-mdc4\" itemscope itemprop=\"acceptedAnswer\" itemtype=\"https:\/\/schema.org\/Answer\"><div class=\"w-tabs-section-content-h i-cf\" itemprop=\"text\"><div class=\"wpb_text_column\"><div class=\"wpb_wrapper\"><p>Do delegowanych polskich murarzy maj\u0105 zastosowanie niemieckie stawki p\u0142acy minimalnej, w szczeg\u00f3lno\u015bci uk\u0142ad zbiorowy pracy dla bran\u017cy budowlanej (BRTV Bau). Wszyscy pracownicy wymagaj\u0105<span>\u00a0<\/span><a href=\"https:\/\/global-business-recruiting.de\/pl\/wiedziec\/certyfikat-a1\/\">Certyfikat A1<\/a>, rejestracja w urz\u0119dzie celnym (za po\u015brednictwem portalu rejestracji celnej) i wystarczaj\u0105ca znajomo\u015b\u0107 j\u0119zyka niemieckiego do przeprowadzenia instrukta\u017cu bezpiecze\u0144stwa na placu budowy.<\/p>\n<\/div><\/div><\/div><\/div><\/div><div class=\"w-tabs-section\" id=\"qe8e\" itemscope itemprop=\"mainEntity\" itemtype=\"https:\/\/schema.org\/Question\"><button class=\"w-tabs-section-header\" aria-controls=\"content-qe8e\" aria-expanded=\"false\"><div class=\"w-tabs-section-title\" itemprop=\"name\">Jak zazwyczaj wynagradzany jest murarz jako podwykonawca?<\/div><div class=\"w-tabs-section-control\"><\/div><\/button><div  class=\"w-tabs-section-content\" id=\"content-qe8e\" itemscope itemprop=\"acceptedAnswer\" itemtype=\"https:\/\/schema.org\/Answer\"><div class=\"w-tabs-section-content-h i-cf\" itemprop=\"text\"><div class=\"wpb_text_column\"><div class=\"wpb_wrapper\"><p>Mo\u017cliwe opcje to umowy ze stawk\u0105 godzinow\u0105 (zazwyczaj 35-60 euro za godzin\u0119 w zale\u017cno\u015bci od regionu i kwalifikacji), umowy z cen\u0105 jednostkow\u0105 (np. za metr kwadratowy muru) lub umowy rycza\u0142towe dla jasno okre\u015blonych bran\u017c. Global Business Recruiting mo\u017ce doradzi\u0107 w zakresie standardowych warunk\u00f3w rynkowych dla ekip murarskich z Europy Wschodniej.<\/p>\n<\/div><\/div><\/div><\/div><\/div><div class=\"w-tabs-section\" id=\"zf55\" itemscope itemprop=\"mainEntity\" itemtype=\"https:\/\/schema.org\/Question\"><button class=\"w-tabs-section-header\" aria-controls=\"content-zf55\" aria-expanded=\"false\"><div class=\"w-tabs-section-title\" itemprop=\"name\">Jak szybko mo\u017cna wdro\u017cy\u0107 zespo\u0142y podwykonawc\u00f3w murarskich z Europy Wschodniej?<\/div><div class=\"w-tabs-section-control\"><\/div><\/button><div  class=\"w-tabs-section-content\" id=\"content-zf55\" itemscope itemprop=\"acceptedAnswer\" itemtype=\"https:\/\/schema.org\/Answer\"><div class=\"w-tabs-section-content-h i-cf\" itemprop=\"text\"><div class=\"wpb_text_column\"><div class=\"wpb_wrapper\"><p>Wykwalifikowane ekipy murarskie z Polski i Europy Wschodniej s\u0105 zazwyczaj dost\u0119pne w ci\u0105gu tygodnia za po\u015brednictwem Global Business Recruiting. Wszystkie dokumenty - za\u015bwiadczenia A1, rejestracja dzia\u0142alno\u015bci gospodarczej, dow\u00f3d ubezpieczenia, dow\u00f3d kwalifikacji - s\u0105 sprawdzane i dostarczane z wyprzedzeniem.<\/p>\n<\/div><\/div><\/div><\/div><\/div><div class=\"w-tabs-section\" id=\"o01b\" itemscope itemprop=\"mainEntity\" itemtype=\"https:\/\/schema.org\/Question\"><button class=\"w-tabs-section-header\" aria-controls=\"content-o01b\" aria-expanded=\"false\"><div class=\"w-tabs-section-title\" itemprop=\"name\">Czy klienci ponosz\u0105 odpowiedzialno\u015b\u0107 za wady prac murarskich wykonanych przez podwykonawc\u0119?<\/div><div class=\"w-tabs-section-control\"><\/div><\/button><div  class=\"w-tabs-section-content\" id=\"content-o01b\" itemscope itemprop=\"acceptedAnswer\" itemtype=\"https:\/\/schema.org\/Answer\"><div class=\"w-tabs-section-content-h i-cf\" itemprop=\"text\"><div class=\"wpb_text_column\"><div class=\"wpb_wrapper\"><p>W stosunku do klienta generalny wykonawca ponosi odpowiedzialno\u015b\u0107 za wady, nawet je\u015bli zosta\u0142y one spowodowane przez podwykonawc\u0119. Ze swojej strony generalny wykonawca mo\u017ce dochodzi\u0107 roszcze\u0144 regresowych wobec podwykonawcy. Istotne jest zatem, aby podwykonawca posiada\u0142 jasn\u0105 polityk\u0119 zg\u0142aszania usterek i wystarczaj\u0105ce ubezpieczenie od odpowiedzialno\u015bci cywilnej.<\/p>\n<\/div><\/div><\/div><\/div><\/div><\/div><\/div><\/div><\/div><\/div><\/div><\/section>","protected":false},"excerpt":{"rendered":"Sagen wir es einmal ehrlich, wie es ist. Ohne Maurer geht auf dem Bau gar nichts. Sie sind mit Sicherheit eines der wichtigsten Gewerke, wenn es um den Bau geht. Ihre spezialisierten F\u00e4higkeiten und Erfahrungen tragen wesentlich zum Erfolg von Bauprojekten bei. Als Subunternehmer bringen Maurer spezialisiertes Fachwissen und handwerkliches K\u00f6nnen mit, um Bauprojekte erfolgreich...","protected":false},"author":1,"featured_media":11150,"parent":9347,"menu_order":0,"comment_status":"closed","ping_status":"closed","template":"","meta":{"_acf_changed":false,"footnotes":""},"class_list":["post-9869","page","type-page","status-publish","has-post-thumbnail","hentry"],"acf":[],"_links":{"self":[{"href":"https:\/\/global-business-recruiting.de\/pl\/wp-json\/wp\/v2\/pages\/9869","targetHints":{"allow":["GET"]}}],"collection":[{"href":"https:\/\/global-business-recruiting.de\/pl\/wp-json\/wp\/v2\/pages"}],"about":[{"href":"https:\/\/global-business-recruiting.de\/pl\/wp-json\/wp\/v2\/types\/page"}],"author":[{"embeddable":true,"href":"https:\/\/global-business-recruiting.de\/pl\/wp-json\/wp\/v2\/users\/1"}],"replies":[{"embeddable":true,"href":"https:\/\/global-business-recruiting.de\/pl\/wp-json\/wp\/v2\/comments?post=9869"}],"version-history":[{"count":6,"href":"https:\/\/global-business-recruiting.de\/pl\/wp-json\/wp\/v2\/pages\/9869\/revisions"}],"predecessor-version":[{"id":11191,"href":"https:\/\/global-business-recruiting.de\/pl\/wp-json\/wp\/v2\/pages\/9869\/revisions\/11191"}],"up":[{"embeddable":true,"href":"https:\/\/global-business-recruiting.de\/pl\/wp-json\/wp\/v2\/pages\/9347"}],"wp:featuredmedia":[{"embeddable":true,"href":"https:\/\/global-business-recruiting.de\/pl\/wp-json\/wp\/v2\/media\/11150"}],"wp:attachment":[{"href":"https:\/\/global-business-recruiting.de\/pl\/wp-json\/wp\/v2\/media?parent=9869"}],"curies":[{"name":"wp","href":"https:\/\/api.w.org\/{rel}","templated":true}]}}