{"id":9877,"date":"2026-03-12T02:24:44","date_gmt":"2026-03-12T02:24:44","guid":{"rendered":"https:\/\/global-business-recruiting.de\/wissen\/dienstleistungen-im-bereich-schiffbau\/"},"modified":"2026-03-29T13:07:52","modified_gmt":"2026-03-29T13:07:52","slug":"ukryty-leasing-pracowniczy","status":"publish","type":"page","link":"https:\/\/global-business-recruiting.de\/pl\/wissen\/verdeckte-arbeitnehmerueberlassung\/","title":{"rendered":"Ukryte zatrudnienie tymczasowe w kontek\u015bcie mi\u0119dzynarodowym: ryzyko, przepisy i wyzwania"},"content":{"rendered":"<section class=\"l-section wpb_row height_custom\"><div class=\"l-section-h i-cf\"><div class=\"g-cols vc_row via_grid cols_1 laptops-cols_inherit tablets-cols_inherit mobiles-cols_1 valign_top type_default stacking_default\"><div class=\"wpb_column vc_column_container\"><div class=\"vc_column-inner\"><div class=\"wpb_text_column\"><div class=\"wpb_wrapper\"><p>Ukryty leasing pracowniczy ma miejsce, gdy firma oficjalnie dzia\u0142a jako dostawca us\u0142ug, ale w rzeczywisto\u015bci wynajmuje pracownik\u00f3w. W takim przypadku przepisy ustawowe nie s\u0105 przestrzegane. W takim przypadku zawierana jest umowa o dzie\u0142o lub umowa o \u015bwiadczenie us\u0142ug, ale w rzeczywisto\u015bci wyst\u0119puj\u0105 wszystkie czynniki ukrytego \u015bwiadczenia pracy.<\/p>\n<p>Jest to bardzo ryzykowne zar\u00f3wno dla firm, jak i pracownik\u00f3w. Poniewa\u017c przepisy prawne nie s\u0105 przestrzegane, prowadzi to do powa\u017cnych problem\u00f3w dla obu stron. Je\u015bli spojrze\u0107 na t\u0119 kwesti\u0119 w skali mi\u0119dzynarodowej, mo\u017ce ona zosta\u0107 dodatkowo zaostrzona przez r\u00f3\u017cne wymogi prawa pracy i uwarunkowania kulturowe.<\/p>\n<h2>Definicja i podstawy: Czym jest ukryta agencja pracy tymczasowej?<\/h2>\n<p>Przypadek ten pojawia si\u0119 zawsze, gdy sp\u00f3\u0142ka formalnie uznaje<span>\u00a0<\/span><a href=\"https:\/\/global-business-recruiting.de\/pl\/wiedziec\/umowa-o-swiadczenie-uslug-a-umowa-o-dzielo\/\">Umowa o dzie\u0142o lub us\u0142uga<\/a><span>\u00a0<\/span>zostaje zawarta. W praktyce jednak wszystkie wymogi prawne dotycz\u0105ce tych dw\u00f3ch um\u00f3w s\u0105 omijane i dochodzi do ukrytego zatrudniania pracownik\u00f3w. W tym konkretnym przypadku oznacza to, \u017ce pracownik zostaje przydzielony do firmy w celu wykonywania pracy bez odpowiedniego upowa\u017cnienia lub odpowiedniej umowy zlecenia.<\/p>\n<p>W Niemczech<span>\u00a0<\/span><a href=\"https:\/\/global-business-recruiting.de\/pl\/wiedziec\/leasing-pracowniczy-a-podwykonawstwo\/\">Ustawa o pracy tymczasowej (A\u00dcG)<\/a><span>\u00a0<\/span>w tym obszarze. Na arenie mi\u0119dzynarodowej obowi\u0105zuj\u0105 jednak r\u00f3\u017cne przepisy. Niekt\u00f3re kraje maj\u0105 podobnie surowe przepisy jak Niemcy. Inne s\u0105 mniej rygorystyczne lub definiuj\u0105 ten obszar mniej wyra\u017anie.<\/p>\n<p>Wa\u017cne jest, aby wiedzie\u0107, \u017ce umowa o dzie\u0142o i umowa o prac\u0119 zawiera konkretny rezultat pracy. Umowa o \u015bwiadczenie us\u0142ug reguluje \u015bwiadczenie okre\u015blonej dzia\u0142alno\u015bci, przy czym rezultat nie jest g\u0142\u00f3wnym przedmiotem zainteresowania. Klasycznym przyk\u0142adem um\u00f3w o \u015bwiadczenie us\u0142ug s\u0105 lekarze lub prawnicy. Otrzymuj\u0105 oni wynagrodzenie za swoj\u0105 prac\u0119, przy czym celem umowy nie jest wyleczenie lub wygranie sprawy s\u0105dowej.<\/p>\n<p>W przypadku leasingu pracowniczego pracownik jest udost\u0119pniany firmie. Pracownik podlega instrukcjom sp\u00f3\u0142ki. Jest to problematyczne, poniewa\u017c narusza prawo.<\/p>\n<h2>Ramy prawne w \u015brodowisku mi\u0119dzynarodowym<\/h2>\n<p>Je\u015bli spojrze\u0107 na sytuacj\u0119 z perspektywy mi\u0119dzynarodowej, staje si\u0119 ona bardzo zagmatwana. W Niemczech istniej\u0105 jasne przepisy w ustawie o pracy tymczasowej. W innych krajach istniej\u0105 r\u00f3\u017cne przepisy.<\/p>\n<p>UE opracowa\u0142a dyrektywy dotycz\u0105ce tego, jak powinna wygl\u0105da\u0107 dyrektywa w sprawie delegowania pracownik\u00f3w w celu transgranicznego udost\u0119pniania pracownik\u00f3w tymczasowych. Wdro\u017cenie tych dyrektyw r\u00f3\u017cni si\u0119 jednak w zale\u017cno\u015bci od kraju. Problemem dla mi\u0119dzynarodowych firm jest to, \u017ce musz\u0105 one przestrzega\u0107 przepis\u00f3w krajowych, a tak\u017ce regulacji europejskich i mi\u0119dzynarodowych.<\/p>\n<h3>Wymagania specyficzne dla danego kraju<\/h3>\n<p>Nale\u017cy na przyk\u0142ad zauwa\u017cy\u0107, \u017ce w wielu krajach obowi\u0105zuj\u0105 r\u00f3\u017cne wymogi dotycz\u0105ce zezwole\u0144 i rejestracji pracownik\u00f3w tymczasowych.<\/p>\n<p>We\u017amy na przyk\u0142ad Francj\u0119. Obowi\u0105zuj\u0105 tu surowe przepisy dotycz\u0105ce pracy tymczasowej. Wymagaj\u0105 one szczeg\u00f3\u0142owej rejestracji i raportowania do w\u0142adz. Holandia ma inne podej\u015bcie. Tutaj istniej\u0105 specjalne uk\u0142ady zbiorowe pracy, w kt\u00f3rych okre\u015blone s\u0105 przepisy dotycz\u0105ce zatrudnienia tymczasowego. Je\u015bli spojrze\u0107 na USA z perspektywy mi\u0119dzynarodowej, sytuacja prawna mo\u017ce si\u0119 r\u00f3\u017cni\u0107 w zale\u017cno\u015bci od stanu. To sprawia, \u017ce sytuacja jest bardzo z\u0142o\u017cona dla firm, kt\u00f3re dzia\u0142aj\u0105 na arenie mi\u0119dzynarodowej.<\/p>\n<p>Definicja zatrudnienia tymczasowego jest r\u00f3wnie\u017c r\u00f3\u017cnie traktowana w wielu krajach. W Niemczech nacisk k\u0142adzie si\u0119 wyra\u017anie na to, czy pracownik jest zwi\u0105zany instrukcjami. Wa\u017cne jest r\u00f3wnie\u017c, czy pracownik jest zintegrowany z firm\u0105. W innych krajach wa\u017cniejsze jest, jak d\u0142ugo pracownik jest wypo\u017cyczony innej firmie i jak wygl\u0105daj\u0105 ustalenia umowne. Dla firm, kt\u00f3re deleguj\u0105 swoich pracownik\u00f3w za granic\u0119, szczeg\u00f3lnie wa\u017cne jest zatem, aby zna\u0142y i przestrzega\u0142y konkretnych przepis\u00f3w krajowych. Dotyczy to zar\u00f3wno przepis\u00f3w obowi\u0105zuj\u0105cych w ich w\u0142asnym kraju, jak i w kraju, do kt\u00f3rego pracownik jest delegowany.<\/p>\n<h2>Konsekwencje ukrytej pracy tymczasowej<\/h2>\n<p>W przypadku wykrycia ukrytego wynajmu si\u0142y roboczej istnieje ryzyko na\u0142o\u017cenia wysokich kar. Ma to r\u00f3wnie\u017c konsekwencje podatkowe dla firmy. Pracownik ma r\u00f3wnie\u017c prawo do zwrotu sk\u0142adek na ubezpieczenie spo\u0142eczne. Ponadto mo\u017ce on domaga\u0107 si\u0119 integracji z firm\u0105, a nast\u0119pnie zr\u00f3wnania w prawach z pracownikami zatrudnionymi na sta\u0142e. Mo\u017ce to prowadzi\u0107 do bardzo wysokich kwot, szczeg\u00f3lnie w odniesieniu do wynagrodze\u0144, \u015bwiadcze\u0144 chorobowych i emerytalnych.<\/p>\n<p>G\u0142\u00f3wnym problemem ukrytego leasingu pracowniczego w kontek\u015bcie mi\u0119dzynarodowym jest r\u00f3wnie\u017c w\u0142a\u015bciwa jurysdykcja i prawo w\u0142a\u015bciwe. Czasami mo\u017ce by\u0107 trudno okre\u015bli\u0107, kt\u00f3re przepisy krajowe maj\u0105 zastosowanie, gdy pracownik jest zatrudniony w jednym kraju, ale pracuje w innym. Powoduje to cz\u0119sto powstawanie szarych stref prawnych, kt\u00f3re mog\u0105 zwi\u0119ksza\u0107 ryzyko ukrytego leasingu pracowniczego.<\/p>\n<h2>Zabezpieczenie spo\u0142eczne i kwestie podatkowe w kontek\u015bcie mi\u0119dzynarodowym<\/h2>\n<p>Kwestie podatkowe i przepisy dotycz\u0105ce ubezpiecze\u0144 spo\u0142ecznych stanowi\u0105 powa\u017cny problem w kontek\u015bcie mi\u0119dzynarodowym, gdy w gr\u0119 wchodzi ukryty leasing pracowniczy. Je\u015bli firma oddelegowuje swoich pracownik\u00f3w za granic\u0119, obowi\u0105zuj\u0105 przepisy kraju macierzystego i kraju oddelegowania, kt\u00f3rych nale\u017cy przestrzega\u0107. Przepisy<span>\u00a0<\/span><a href=\"https:\/\/global-business-recruiting.de\/pl\/wiedziec\/certyfikat-a1\/\">Certyfikat A1<\/a>, kt\u00f3ry jest wymagany do delegowania w UE, odgrywa tutaj kluczow\u0105 rol\u0119. Bez prawid\u0142owych deklaracji, w obu krajach wyst\u0119puj\u0105 sankcje i problemy prawne.<\/p>\n<p>Z prawnego punktu widzenia problemy mog\u0105 pojawi\u0107 si\u0119, je\u015bli pracownik jest faktycznie przypisany do zagranicznej sp\u00f3\u0142ki. Je\u015bli nie zostanie to prawid\u0142owo zg\u0142oszone, mo\u017ce doj\u015b\u0107 do uchylania si\u0119 od opodatkowania lub podw\u00f3jnego opodatkowania. Dlatego wa\u017cne jest, aby firmy prawid\u0142owo wype\u0142nia\u0142y wszystkie obowi\u0105zki podatkowe w swoim kraju macierzystym - oraz w kraju oddelegowania pracownika.<\/p>\n<h2>Jakie s\u0105 problemy i zagro\u017cenia zwi\u0105zane z ukrytym leasingiem pracowniczym?<\/h2>\n<p>Ukryty leasing pracowniczy wi\u0105\u017ce si\u0119 z r\u00f3\u017cnymi zagro\u017ceniami zar\u00f3wno dla firm, jak i pracownik\u00f3w. Tutaj, na przyk\u0142ad, my\u015blimy o ryzyku<span>\u00a0<\/span><a href=\"https:\/\/global-business-recruiting.de\/pl\/wiedziec\/unikanie-falszywego-zatrudnienia\/\">Fa\u0142szywe samozatrudnienie<\/a>. Dzieje si\u0119 tak zawsze, gdy de facto zawarto umow\u0119 o prac\u0119 lub \u015bwiadczenie us\u0142ug, ale pracownik jest de facto zwi\u0105zany instrukcjami wynaj\u0119tej firmy, a tak\u017ce jest zintegrowany z jej organizacj\u0105. S\u0105 to oba kryteria umowy o prac\u0119 tymczasow\u0105. Poniewa\u017c tutaj jest to inaczej zadeklarowane, jest to ukryty leasing pracowniczy.<\/p>\n<p>Pracownicy pracuj\u0105cy w ukrytej agencji pracy tymczasowej nie s\u0105 obj\u0119ci ubezpieczeniem spo\u0142ecznym. W systemie ubezpiecze\u0144 spo\u0142ecznych mog\u0105 wyst\u0119powa\u0107 luki. Pracownicy trac\u0105 uprawnienia emerytalne, ubezpieczenie na wypadek bezrobocia i ubezpieczenie zdrowotne. Tym samym trac\u0105 oni wa\u017cne prawa ochronne. Firma ponosi konsekwencje prawne.<\/p>\n<h2>Zapobieganie i \u015brodki, kt\u00f3re zgodno\u015b\u0107 mo\u017ce przej\u0105\u0107<\/h2>\n<p>Wyra\u017ane \u015brodki w zakresie zgodno\u015bci s\u0105 wa\u017cne dla firm, aby mog\u0142y unikn\u0105\u0107 ukrytego leasingu pracowniczego. Zgodno\u015b\u0107 z przepisami ma za zadanie zapewni\u0107, \u017ce modele zatrudnienia i umowy s\u0105 dok\u0142adnie analizowane. Jest to szczeg\u00f3lnie wa\u017cne w kontek\u015bcie mi\u0119dzynarodowym. Gwarantuje to, \u017ce umowy o prac\u0119 i umowy o \u015bwiadczenie us\u0142ug s\u0105 prawid\u0142owo okre\u015blone.<\/p>\n<p>Wa\u017cne jest r\u00f3wnie\u017c, aby firmy wsp\u00f3\u0142pracowa\u0142y z wyspecjalizowanymi doradcami prawnymi. Eksperci ci s\u0105 bardzo dobrze zaznajomieni z krajowymi i mi\u0119dzynarodowymi wymogami prawa pracy. Nast\u0119pnie pomagaj\u0105 firmie dostosowa\u0107 modele zatrudnienia zgodnie z wymogami prawnymi. Mened\u017cerowie i kierownicy ds. zasob\u00f3w ludzkich musz\u0105 r\u00f3wnie\u017c przechodzi\u0107 regularne szkolenia, aby zminimalizowa\u0107 ryzyko.<\/p>\n<p>Cz\u0119sto w firmach takimi wyspecjalizowanymi doradcami prawnymi mog\u0105 by\u0107 r\u00f3wnie\u017c sami pracownicy dzia\u0142u compliance. Jest to oczywi\u015bcie najlepszy przypadek, poniewa\u017c s\u0105 oni zaznajomieni z tym obszarem. Zdarzaj\u0105 si\u0119 jednak r\u00f3wnie\u017c przypadki, w kt\u00f3rych dzia\u0142 compliance w firmie wsp\u00f3\u0142pracuje z wyspecjalizowanymi doradcami prawnymi.<\/p>\n<h2>Cyfrowe modele pracy i nowe wyzwania<\/h2>\n<p>W ostatnich latach znacznie wzros\u0142a popularno\u015b\u0107 pracy zdalnej. Ponadto, \u015bwiat pracy staje si\u0119 coraz bardziej cyfrowy. Dla firm oznacza to jednak, \u017ce problem ukrytego leasingu pracowniczego staje si\u0119 coraz bardziej dotkliwy. Wirtualne modele pracy utrudniaj\u0105 rozr\u00f3\u017cnienie mi\u0119dzy us\u0142ugami a zatrudnieniem tymczasowym. Szczeg\u00f3lnie w kontek\u015bcie mi\u0119dzynarodowym, granice zacieraj\u0105 si\u0119, gdy pracownicy z kraju pochodzenia pracuj\u0105 dla zagranicznej firmy.<\/p>\n<p>W tym przypadku wa\u017cne jest, aby firmy mia\u0142y jasne przepisy prawne. Musz\u0105 one r\u00f3wnie\u017c odpowiada\u0107 rzeczywistym warunkom pracy. Szczeg\u00f3lnie w przypadku pracy zdalnej wa\u017cne jest, aby pracownik nie by\u0142 zintegrowany z organizacj\u0105 firmy \u015bwiadcz\u0105cej prac\u0119 i nie otrzymywa\u0142 od niej \u017cadnych instrukcji. Pracownik zdalny jest nadal zwi\u0105zany instrukcjami firmy u\u017cyczaj\u0105cej i jest r\u00f3wnie\u017c zintegrowany z jej organizacj\u0105.<\/p>\n<h2>Cz\u0119sto zadawane pytania dotycz\u0105ce ukrytego leasingu pracowniczego<\/h2>\n<\/div><\/div><div class=\"w-separator size_small\"><\/div><div class=\"w-tabs style_default switch_click accordion type_togglable has_scrolling\" style=\"--sections-title-size:inherit\"><div class=\"w-tabs-sections titles-align_none icon_chevron cpos_right\"><div class=\"w-tabs-section\" id=\"qcf1\" itemscope itemprop=\"mainEntity\" itemtype=\"https:\/\/schema.org\/Question\"><button class=\"w-tabs-section-header\" aria-controls=\"content-qcf1\" aria-expanded=\"false\"><div class=\"w-tabs-section-title\" itemprop=\"name\">Jak mog\u0119 rozpozna\u0107, czy umowa o dzie\u0142o i \u015bwiadczenie us\u0142ug jest w rzeczywisto\u015bci ukrytym udost\u0119pnianiem pracownik\u00f3w tymczasowych?<\/div><div class=\"w-tabs-section-control\"><\/div><\/button><div  class=\"w-tabs-section-content\" id=\"content-qcf1\" itemscope itemprop=\"acceptedAnswer\" itemtype=\"https:\/\/schema.org\/Answer\"><div class=\"w-tabs-section-content-h i-cf\" itemprop=\"text\"><div class=\"wpb_text_column\"><div class=\"wpb_wrapper\"><p>Decyduj\u0105ce cechy to: Czy wykonawca jest zintegrowany z organizacj\u0105 pracy klienta? Czy wykonawca podlega instrukcjom klienta w zakresie czasu, miejsca i rodzaju pracy? Czy wykonawca pracuje wy\u0142\u0105cznie lub g\u0142\u00f3wnie dla klienta? Je\u015bli kilka z tych kryteri\u00f3w ma zastosowanie, to pomimo umowy o dzie\u0142o i prac\u0119, jest to w rzeczywisto\u015bci leasing pracowniczy - ze wszystkimi konsekwencjami prawnymi.<\/p>\n<\/div><\/div><\/div><\/div><\/div><div class=\"w-tabs-section\" id=\"re13\" itemscope itemprop=\"mainEntity\" itemtype=\"https:\/\/schema.org\/Question\"><button class=\"w-tabs-section-header\" aria-controls=\"content-re13\" aria-expanded=\"false\"><div class=\"w-tabs-section-title\" itemprop=\"name\">Jakie s\u0105 kary za ukryte zatrudnienie tymczasowe w Niemczech?<\/div><div class=\"w-tabs-section-control\"><\/div><\/button><div  class=\"w-tabs-section-content\" id=\"content-re13\" itemscope itemprop=\"acceptedAnswer\" itemtype=\"https:\/\/schema.org\/Answer\"><div class=\"w-tabs-section-content-h i-cf\" itemprop=\"text\"><div class=\"wpb_text_column\"><div class=\"wpb_wrapper\"><p>Nieuprawnione wynajmowanie pracownik\u00f3w mo\u017ce skutkowa\u0107 grzywnami w wysoko\u015bci do 30 000 euro za ka\u017cdy indywidualny przypadek zgodnie z \u00a7 16 A\u00dcG. Do tego dochodz\u0105 zaleg\u0142e sk\u0142adki na ubezpieczenie spo\u0142eczne, konsekwencje podatkowe i - co szczeg\u00f3lnie powa\u017cne - fikcja prawna stosunku pracy mi\u0119dzy pracownikiem a wynajmuj\u0105cym (\u00a7 10 A\u00dcG).<\/p>\n<\/div><\/div><\/div><\/div><\/div><div class=\"w-tabs-section\" id=\"lf2f\" itemscope itemprop=\"mainEntity\" itemtype=\"https:\/\/schema.org\/Question\"><button class=\"w-tabs-section-header\" aria-controls=\"content-lf2f\" aria-expanded=\"false\"><div class=\"w-tabs-section-title\" itemprop=\"name\">Co oznacza fikcja prawna stosunku pracy?<\/div><div class=\"w-tabs-section-control\"><\/div><\/button><div  class=\"w-tabs-section-content\" id=\"content-lf2f\" itemscope itemprop=\"acceptedAnswer\" itemtype=\"https:\/\/schema.org\/Answer\"><div class=\"w-tabs-section-content-h i-cf\" itemprop=\"text\"><div class=\"wpb_text_column\"><div class=\"wpb_wrapper\"><p>Je\u015bli istnieje niedozwolony stosunek pracy tymczasowej, uznaje si\u0119, \u017ce stosunek pracy mi\u0119dzy pracownikiem a zleceniodawc\u0105 zosta\u0142 nawi\u0105zany z mocy prawa zgodnie z \u00a7 10 A\u00dcG. Oznacza to, \u017ce domniemany zleceniodawca staje si\u0119 pracodawc\u0105 - ze wszystkimi obowi\u0105zkami dotycz\u0105cymi wynagrodzenia, ubezpieczenia spo\u0142ecznego, ochrony przed zwolnieniem i r\u00f3wnego traktowania w por\u00f3wnaniu z pracownikami zatrudnionymi na sta\u0142e.<\/p>\n<\/div><\/div><\/div><\/div><\/div><div class=\"w-tabs-section\" id=\"q054\" itemscope itemprop=\"mainEntity\" itemtype=\"https:\/\/schema.org\/Question\"><button class=\"w-tabs-section-header\" aria-controls=\"content-q054\" aria-expanded=\"false\"><div class=\"w-tabs-section-title\" itemprop=\"name\">Jak firmy mog\u0105 unikn\u0105\u0107 ukrytego leasingu pracowniczego w kontek\u015bcie mi\u0119dzynarodowym?<\/div><div class=\"w-tabs-section-control\"><\/div><\/button><div  class=\"w-tabs-section-content\" id=\"content-q054\" itemscope itemprop=\"acceptedAnswer\" itemtype=\"https:\/\/schema.org\/Answer\"><div class=\"w-tabs-section-content-h i-cf\" itemprop=\"text\"><div class=\"wpb_text_column\"><div class=\"wpb_wrapper\"><p>Dzi\u0119ki jasnym granicom umownym (opis us\u0142ugi, koncentracja na wynikach, brak uprawnie\u0144 do wydawania polece\u0144), regularnym kontrolom zgodno\u015bci, szkoleniom z zakresu zarz\u0105dzania i wsp\u00f3\u0142pracy z wyspecjalizowanymi doradcami prawnymi dla danego kraju zlecenia. W przypadku zlece\u0144 transgranicznych<span>\u00a0<\/span><a href=\"https:\/\/global-business-recruiting.de\/pl\/wiedziec\/certyfikat-a1\/\">Certyfikat A1<\/a><span>\u00a0<\/span>a zgodno\u015b\u0107 z odpowiednimi krajowymi zasadami delegowania jest obowi\u0105zkowa.<\/p>\n<\/div><\/div><\/div><\/div><\/div><div class=\"w-tabs-section\" id=\"l134\" itemscope itemprop=\"mainEntity\" itemtype=\"https:\/\/schema.org\/Question\"><button class=\"w-tabs-section-header\" aria-controls=\"content-l134\" aria-expanded=\"false\"><div class=\"w-tabs-section-title\" itemprop=\"name\">Czy problem ukrytego leasingu pracowniczego dotyczy r\u00f3wnie\u017c pracy zdalnej?<\/div><div class=\"w-tabs-section-control\"><\/div><\/button><div  class=\"w-tabs-section-content\" id=\"content-l134\" itemscope itemprop=\"acceptedAnswer\" itemtype=\"https:\/\/schema.org\/Answer\"><div class=\"w-tabs-section-content-h i-cf\" itemprop=\"text\"><div class=\"wpb_text_column\"><div class=\"wpb_wrapper\"><p>Tak, przy czym nale\u017cy tu zachowa\u0107 szczeg\u00f3ln\u0105 ostro\u017cno\u015b\u0107. W przypadku pracy zdalnej chodzi r\u00f3wnie\u017c o faktyczny obowi\u0105zek wykonywania polece\u0144 i integracj\u0119 organizacyjn\u0105, a nie miejsce wykonywania pracy. Je\u015bli zleceniobiorca pracuj\u0105cy zdalnie regularnie otrzymuje polecenia od zleceniodawcy i jest zintegrowany ze strukturami komunikacyjnymi zleceniodawcy (zespo\u0142y, Slack, narz\u0119dzia do zarz\u0105dzania projektami), to cechy ukrytego leasingu pracowniczego mog\u0105 by\u0107 spe\u0142nione.<\/p>\n<\/div><\/div><\/div><\/div><\/div><\/div><\/div><\/div><\/div><\/div><\/div><\/section>","protected":false},"excerpt":{"rendered":"Die verdeckte Arbeitnehmer\u00fcberlassung ist der Fall, wenn ein Unternehmen offiziell als Dienstleister auftritt, aber tats\u00e4chlich eine Arbeitnehmer\u00fcberlassung vorliegt. In diesem Fall werden die gesetzlichen Bestimmungen nicht eingehalten. In einem solchen Fall wird ein Werk- oder Dienstvertrag abgeschlossen, tats\u00e4chlich liegen allerdings alle Faktoren f\u00fcr eine verdeckte Arbeitnehmer\u00fcberlassung vor. Das ist sehr risikobehaftet f\u00fcr Unternehmen und auch...","protected":false},"author":1,"featured_media":11152,"parent":9347,"menu_order":0,"comment_status":"closed","ping_status":"closed","template":"","meta":{"_acf_changed":false,"footnotes":""},"class_list":["post-9877","page","type-page","status-publish","has-post-thumbnail","hentry"],"acf":[],"_links":{"self":[{"href":"https:\/\/global-business-recruiting.de\/pl\/wp-json\/wp\/v2\/pages\/9877","targetHints":{"allow":["GET"]}}],"collection":[{"href":"https:\/\/global-business-recruiting.de\/pl\/wp-json\/wp\/v2\/pages"}],"about":[{"href":"https:\/\/global-business-recruiting.de\/pl\/wp-json\/wp\/v2\/types\/page"}],"author":[{"embeddable":true,"href":"https:\/\/global-business-recruiting.de\/pl\/wp-json\/wp\/v2\/users\/1"}],"replies":[{"embeddable":true,"href":"https:\/\/global-business-recruiting.de\/pl\/wp-json\/wp\/v2\/comments?post=9877"}],"version-history":[{"count":6,"href":"https:\/\/global-business-recruiting.de\/pl\/wp-json\/wp\/v2\/pages\/9877\/revisions"}],"predecessor-version":[{"id":11189,"href":"https:\/\/global-business-recruiting.de\/pl\/wp-json\/wp\/v2\/pages\/9877\/revisions\/11189"}],"up":[{"embeddable":true,"href":"https:\/\/global-business-recruiting.de\/pl\/wp-json\/wp\/v2\/pages\/9347"}],"wp:featuredmedia":[{"embeddable":true,"href":"https:\/\/global-business-recruiting.de\/pl\/wp-json\/wp\/v2\/media\/11152"}],"wp:attachment":[{"href":"https:\/\/global-business-recruiting.de\/pl\/wp-json\/wp\/v2\/media?parent=9877"}],"curies":[{"name":"wp","href":"https:\/\/api.w.org\/{rel}","templated":true}]}}