{"id":9881,"date":"2026-03-12T03:21:40","date_gmt":"2026-03-12T03:21:40","guid":{"rendered":"https:\/\/global-business-recruiting.de\/wissen\/die-verdeckte-zeitarbeit-im-internationalen-kontext-risiken-regelungen-und-herausforderungen\/"},"modified":"2026-03-29T13:08:36","modified_gmt":"2026-03-29T13:08:36","slug":"niemieckie-stocznie","status":"publish","type":"page","link":"https:\/\/global-business-recruiting.de\/pl\/wissen\/deutscher-schiffbau-werften\/","title":{"rendered":"Niemiecki przemys\u0142 stoczniowy: typowe stocznie na przyk\u0142adzie Meyer Werft i L\u00fcrssen"},"content":{"rendered":"<section class=\"l-section wpb_row height_custom\"><div class=\"l-section-h i-cf\"><div class=\"g-cols vc_row via_grid cols_1 laptops-cols_inherit tablets-cols_inherit mobiles-cols_1 valign_top type_default stacking_default\"><div class=\"wpb_column vc_column_container\"><div class=\"vc_column-inner\"><div class=\"wpb_text_column\"><div class=\"wpb_wrapper\"><p>Niemcy<span>\u00a0<\/span><a href=\"https:\/\/global-business-recruiting.de\/pl\/oddzialy\/przemysl-stoczniowy\/\">Przemys\u0142 stoczniowy<\/a><span>\u00a0<\/span>cieszy si\u0119 doskona\u0142\u0105 reputacj\u0105 na ca\u0142ym \u015bwiecie. Nowoczesna technologia, dziesi\u0119ciolecia do\u015bwiadczenia i wyra\u017ana specjalizacja sprawiaj\u0105, \u017ce niemieckie stocznie s\u0105 poszukiwanymi partnerami w mi\u0119dzynarodowym przemy\u015ble stoczniowym. Jest to szczeg\u00f3lnie widoczne w dw\u00f3ch dobrze znanych przyk\u0142adach: Meyer Werft w Papenburgu i L\u00fcrssen Werft w Bremie. S\u0105 one reprezentatywne dla typowych niemieckich stoczni i pokazuj\u0105, dlaczego przemys\u0142 stoczniowy w Niemczech nadal odgrywa kluczow\u0105 rol\u0119.<\/p>\n<h2>Niemiecki przemys\u0142 stoczniowy: r\u00f3\u017cnorodno\u015b\u0107 i specjalizacja stoczni<\/h2>\n<p>Niemcy posiadaj\u0105 du\u017c\u0105 liczb\u0119 stoczni - od du\u017cych firm o mi\u0119dzynarodowej renomie po wyspecjalizowane przedsi\u0119biorstwa \u015bredniej wielko\u015bci. Nie koncentruj\u0105 si\u0119 one na masowej produkcji, lecz na wysokiej jako\u015bci specjalistycznych statkach. Typowe us\u0142ugi \u015bwiadczone przez niemieckie stocznie obejmuj\u0105<\/p>\n<ul>\n<li>Nowa konstrukcja statk\u00f3w handlowych, specjalistycznych i marynarki wojennej<\/li>\n<li>Naprawy i konserwacja<\/li>\n<li>Konwersje i modernizacje istniej\u0105cych statk\u00f3w<\/li>\n<\/ul>\n<p>Wiele stoczni celowo koncentruje si\u0119 na okre\u015blonych typach statk\u00f3w, takich jak statki wycieczkowe, promy, jachty lub okr\u0119ty wojenne. Taka specjalizacja wzmacnia wiedz\u0119 techniczn\u0105 i zapewnia niezmiennie wysok\u0105 jako\u015b\u0107.<\/p>\n<h2>Typowa infrastruktura niemieckich stoczni<\/h2>\n<p>Nowoczesna stocznia w Niemczech posiada wysoko rozwini\u0119te zaplecze i imponuj\u0105c\u0105 infrastruktur\u0119. Nale\u017c\u0105 do nich<\/p>\n<ul>\n<li>Du\u017ce hale produkcyjne<\/li>\n<li>Zadaszone suche doki<\/li>\n<li>Wydajne systemy d\u017awigowe<\/li>\n<li>Wyspecjalizowane obszary produkcyjne dla specjalnych technologii<\/li>\n<\/ul>\n<p>Obecnie konstrukcje s\u0105 w wi\u0119kszo\u015bci modu\u0142owe. Elementy statk\u00f3w s\u0105 prefabrykowane, a nast\u0119pnie sk\u0142adane w ca\u0142o\u015b\u0107 niczym gigantyczne puzzle. Procesy te zapewniaj\u0105 wysok\u0105 precyzj\u0119 i wydajno\u015b\u0107 - nawet w przypadku statk\u00f3w wa\u017c\u0105cych dziesi\u0105tki tysi\u0119cy ton.<\/p>\n<h2>Meyer Werft Papenburg - punkt odniesienia dla nowoczesnej budowy statk\u00f3w wycieczkowych<\/h2>\n<p>Stocznia Meyer Werft w Papenburgu jest jedn\u0105 z najwi\u0119kszych i najnowocze\u015bniejszych stoczni na \u015bwiecie. Jest ona szczeg\u00f3lnie znana z budowy z\u0142o\u017conych statk\u00f3w wycieczkowych i innowacyjnych statk\u00f3w specjalistycznych.<\/p>\n<p>Ogromne zadaszone suche doki, kt\u00f3re nie maj\u0105 sobie r\u00f3wnych na ca\u0142ym \u015bwiecie, s\u0105 wyj\u0105tkowym punktem sprzeda\u017cy. Chroni\u0105 one statki przed warunkami pogodowymi podczas fazy budowy i umo\u017cliwiaj\u0105 precyzyjny monta\u017c wra\u017cliwych komponent\u00f3w technicznych.<\/p>\n<p>200-letnia historia stoczni pokazuje, \u017ce nawet tradycyjne firmy mog\u0105 sprosta\u0107 wyzwaniom. Po trudno\u015bciach finansowych stocznia Meyer Werft zosta\u0142a zreorganizowana - dzi\u015b zn\u00f3w z powodzeniem dzia\u0142a na rynku i jest symbolem wydajno\u015bci niemieckiego przemys\u0142u stoczniowego.<\/p>\n<h3>Wydajne procesy budowlane dzi\u0119ki zadaszonym dokom<\/h3>\n<p>Zadaszone doki nie tylko poprawiaj\u0105 warunki pracy, ale tak\u017ce minimalizuj\u0105 ryzyko. Wiatr, deszcz czy \u015bnieg nie maj\u0105 ju\u017c wp\u0142ywu na budow\u0119.<\/p>\n<p>Kolejn\u0105 zalet\u0105 jest to, \u017ce klasyczny proces wodowania nie jest ju\u017c konieczny. Zamiast tego dok jest zalewany do momentu, a\u017c statek unosi si\u0119 na wodzie. Proces ten jest znacznie \u0142agodniejszy dla konstrukcji i znacznie zmniejsza ryzyko techniczne.<\/p>\n<h2>L\u00fcrssen Werft Bremen - Luksus na miar\u0119 w budowie jacht\u00f3w<\/h2>\n<p>Stocznia L\u00fcrssen w Bremen-Vegesack jest \u015bwiatowym liderem w budowie super i mega jacht\u00f3w. Indywidualno\u015b\u0107 zajmuje tu centralne miejsce. Ka\u017cdy jacht jest planowany i realizowany dok\u0142adnie wed\u0142ug \u017cycze\u0144 klienta.<\/p>\n<p>Typowe cechy stoczni L\u00fcrssen to<\/p>\n<ul>\n<li>Indywidualne koncepcje projektowe i technologiczne<\/li>\n<li>Nowoczesne systemy nap\u0119dowe i du\u017cy zasi\u0119g<\/li>\n<li>Luksusowe wyposa\u017cenie w najdrobniejszych szczeg\u00f3\u0142ach<\/li>\n<li>Wysoko wykwalifikowani in\u017cynierowie i rzemie\u015blnicy<\/li>\n<\/ul>\n<p>Jako firma rodzinna w czwartym pokoleniu, L\u00fcrssen \u0142\u0105czy tradycj\u0119 z doskona\u0142o\u015bci\u0105 techniczn\u0105 i wyznacza \u015bwiatowe standardy w budowie luksusowych jacht\u00f3w.<\/p>\n<h2>Podsumowanie: Dlaczego niemiecki przemys\u0142 stoczniowy jest poszukiwany na ca\u0142ym \u015bwiecie?<\/h2>\n<p>Niemiecki przemys\u0142 stoczniowy to synonim jako\u015bci, innowacyjno\u015bci i niezawodno\u015bci. Typowe stocznie, takie jak Meyer Werft i L\u00fcrssen, pokazuj\u0105, jak specjalizacja, nowoczesna infrastruktura i dziesi\u0119ciolecia do\u015bwiadczenia wsp\u00f3\u0142pracuj\u0105 ze sob\u0105.<\/p>\n<p>Niezale\u017cnie od tego, czy chodzi o statek wycieczkowy, statek specjalny czy luksusowy jacht - niemieckie stocznie nie dostarczaj\u0105 masowo produkowanych towar\u00f3w, ale wysoce z\u0142o\u017cone, niestandardowe rozwi\u0105zania. To w\u0142a\u015bnie czyni je niezb\u0119dnymi dla przemys\u0142u morskiego w przysz\u0142o\u015bci.<\/p>\n<h2>Zapotrzebowanie na wykwalifikowan\u0105 si\u0142\u0119 robocz\u0105 w niemieckich stoczniach<\/h2>\n<p>Wysokie standardy jako\u015bci i precyzji wymagane przez stocznie takie jak Meyer i L\u00fcrssen wymagaj\u0105 wysoko wykwalifikowanych specjalist\u00f3w. Przede wszystkim<span>\u00a0<\/span><a href=\"https:\/\/global-business-recruiting.de\/pl\/zawody\/schweisser\/\">Spawacz<\/a>, monter\u00f3w, elektryk\u00f3w, mechanik\u00f3w, in\u017cynier\u00f3w stoczniowych, kierownik\u00f3w budowy i kontroler\u00f3w jako\u015bci. Niedob\u00f3r wykwalifikowanej si\u0142y roboczej jest r\u00f3wnie\u017c odczuwalny w niemieckich stoczniach - a mi\u0119dzynarodowa rekrutacja, szczeg\u00f3lnie z Europy Wschodniej, staje si\u0119 coraz wa\u017cniejszym rozwi\u0105zaniem.<\/p>\n<p>Wi\u0119cej o wykwalifikowanej sile roboczej w przemy\u015ble stoczniowym:<span>\u00a0<\/span><a href=\"https:\/\/global-business-recruiting.de\/pl\/wiedziec\/uslugi-stoczniowe\/\">Us\u0142ugi i wykwalifikowana si\u0142a robocza w przemy\u015ble stoczniowym<\/a>.<\/p>\n<h2>Najcz\u0119\u015bciej zadawane pytania dotycz\u0105ce niemieckich stoczni i przemys\u0142u stoczniowego<\/h2>\n<\/div><\/div><div class=\"w-separator size_small\"><\/div><div class=\"w-tabs style_default switch_click accordion type_togglable has_scrolling\" style=\"--sections-title-size:inherit\"><div class=\"w-tabs-sections titles-align_none icon_chevron cpos_right\"><div class=\"w-tabs-section\" id=\"gbde\" itemscope itemprop=\"mainEntity\" itemtype=\"https:\/\/schema.org\/Question\"><button class=\"w-tabs-section-header\" aria-controls=\"content-gbde\" aria-expanded=\"false\"><div class=\"w-tabs-section-title\" itemprop=\"name\">Co wyr\u00f3\u017cnia Meyer Werft na tle innych stoczni?<\/div><div class=\"w-tabs-section-control\"><\/div><\/button><div  class=\"w-tabs-section-content\" id=\"content-gbde\" itemscope itemprop=\"acceptedAnswer\" itemtype=\"https:\/\/schema.org\/Answer\"><div class=\"w-tabs-section-content-h i-cf\" itemprop=\"text\"><div class=\"wpb_text_column\"><div class=\"wpb_wrapper\"><p>Meyer Werft jest najbardziej znany ze swoich zadaszonych dok\u00f3w budowlanych, kt\u00f3re s\u0105 unikalne na skal\u0119 \u015bwiatow\u0105. Umo\u017cliwiaj\u0105 one ca\u0142oroczn\u0105 produkcj\u0119 niezale\u017cnie od pogody i chroni\u0105 wra\u017cliwe, zaawansowane technologicznie komponenty statk\u00f3w wycieczkowych. Do tego dochodzi modu\u0142owa konstrukcja z maksymaln\u0105 integracj\u0105 pionow\u0105 we w\u0142asnych zak\u0142adach produkcyjnych firmy.<\/p>\n<\/div><\/div><\/div><\/div><\/div><div class=\"w-tabs-section\" id=\"vcce\" itemscope itemprop=\"mainEntity\" itemtype=\"https:\/\/schema.org\/Question\"><button class=\"w-tabs-section-header\" aria-controls=\"content-vcce\" aria-expanded=\"false\"><div class=\"w-tabs-section-title\" itemprop=\"name\">Jakie statki buduje L\u00fcrssen opr\u00f3cz jacht\u00f3w?<\/div><div class=\"w-tabs-section-control\"><\/div><\/button><div  class=\"w-tabs-section-content\" id=\"content-vcce\" itemscope itemprop=\"acceptedAnswer\" itemtype=\"https:\/\/schema.org\/Answer\"><div class=\"w-tabs-section-content-h i-cf\" itemprop=\"text\"><div class=\"wpb_text_column\"><div class=\"wpb_wrapper\"><p>Opr\u00f3cz budowy jacht\u00f3w, L\u00fcrssen jest r\u00f3wnie\u017c aktywny w dziedzinie okr\u0119t\u00f3w wojennych. Firma buduje \u0142odzie patrolowe, korwety i inne specjalistyczne statki dla marynarki wojennej na ca\u0142ym \u015bwiecie. Ta podw\u00f3jna ekspertyza - budowa luksusowych statk\u00f3w cywilnych i wojskowych okr\u0119t\u00f3w wojennych - sprawia, \u017ce L\u00fcrssen jest jedn\u0105 z najbardziej wszechstronnych stoczni w Niemczech.<\/p>\n<\/div><\/div><\/div><\/div><\/div><div class=\"w-tabs-section\" id=\"hdb7\" itemscope itemprop=\"mainEntity\" itemtype=\"https:\/\/schema.org\/Question\"><button class=\"w-tabs-section-header\" aria-controls=\"content-hdb7\" aria-expanded=\"false\"><div class=\"w-tabs-section-title\" itemprop=\"name\">Ile stoczni znajduje si\u0119 w Niemczech?<\/div><div class=\"w-tabs-section-control\"><\/div><\/button><div  class=\"w-tabs-section-content\" id=\"content-hdb7\" itemscope itemprop=\"acceptedAnswer\" itemtype=\"https:\/\/schema.org\/Answer\"><div class=\"w-tabs-section-content-h i-cf\" itemprop=\"text\"><div class=\"wpb_text_column\"><div class=\"wpb_wrapper\"><p>Niemcy posiadaj\u0105 kilkadziesi\u0105t aktywnych stoczni, skoncentrowanych g\u0142\u00f3wnie na wybrze\u017cach Morza P\u00f3\u0142nocnego i Ba\u0142tyckiego oraz na rzekach takich jak Wezera, \u0141aba i Ren. Najbardziej znane lokalizacje to Hamburg, Brema, Kilonia, Rostock, Papenburg i Flensburg. Opr\u00f3cz du\u017cych stoczni istnieje wiele wyspecjalizowanych firm \u015bredniej wielko\u015bci.<\/p>\n<\/div><\/div><\/div><\/div><\/div><div class=\"w-tabs-section\" id=\"ye85\" itemscope itemprop=\"mainEntity\" itemtype=\"https:\/\/schema.org\/Question\"><button class=\"w-tabs-section-header\" aria-controls=\"content-ye85\" aria-expanded=\"false\"><div class=\"w-tabs-section-title\" itemprop=\"name\">Dlaczego przemys\u0142 stoczniowy jest tak wa\u017cny dla Niemiec?<\/div><div class=\"w-tabs-section-control\"><\/div><\/button><div  class=\"w-tabs-section-content\" id=\"content-ye85\" itemscope itemprop=\"acceptedAnswer\" itemtype=\"https:\/\/schema.org\/Answer\"><div class=\"w-tabs-section-content-h i-cf\" itemprop=\"text\"><div class=\"wpb_text_column\"><div class=\"wpb_wrapper\"><p>Niemiecki przemys\u0142 stoczniowy jest wa\u017cnym sektorem przemys\u0142owym i eksportowym. Bezpo\u015brednio i po\u015brednio zapewnia dziesi\u0105tki tysi\u0119cy miejsc pracy, szczeg\u00f3lnie w s\u0142abych strukturalnie regionach przybrze\u017cnych. Niemieckie stocznie s\u0105 liderami technologicznymi w wyspecjalizowanych obszarach, takich jak budowa statk\u00f3w wycieczkowych, okr\u0119t\u00f3w wojennych i luksusowych jacht\u00f3w - z odpowiednio wysok\u0105 warto\u015bci\u0105 eksportu i mi\u0119dzynarodow\u0105 reputacj\u0105.<\/p>\n<\/div><\/div><\/div><\/div><\/div><div class=\"w-tabs-section\" id=\"yf4f\" itemscope itemprop=\"mainEntity\" itemtype=\"https:\/\/schema.org\/Question\"><button class=\"w-tabs-section-header\" aria-controls=\"content-yf4f\" aria-expanded=\"false\"><div class=\"w-tabs-section-title\" itemprop=\"name\">W jaki spos\u00f3b Global Business Recruiting wspiera stocznie w poszukiwaniu pracownik\u00f3w?<\/div><div class=\"w-tabs-section-control\"><\/div><\/button><div  class=\"w-tabs-section-content\" id=\"content-yf4f\" itemscope itemprop=\"acceptedAnswer\" itemtype=\"https:\/\/schema.org\/Answer\"><div class=\"w-tabs-section-content-h i-cf\" itemprop=\"text\"><div class=\"wpb_text_column\"><div class=\"wpb_wrapper\"><p>Global Business Recruiting zatrudnia wykwalifikowanych specjalist\u00f3w z bran\u017cy stoczniowej z Europy Wschodniej - w tym spawaczy, mechanik\u00f3w, elektryk\u00f3w i in\u017cynier\u00f3w z do\u015bwiadczeniem stoczniowym. Wszyscy pracownicy m\u00f3wi\u0105 po niemiecku i posiadaj\u0105 wszystkie niezb\u0119dne dokumenty. Zazwyczaj s\u0105 oni gotowi do podj\u0119cia pracy w ci\u0105gu jednego do dw\u00f3ch tygodni.<\/p>\n<\/div><\/div><\/div><\/div><\/div><\/div><\/div><\/div><\/div><\/div><\/div><\/section>","protected":false},"excerpt":{"rendered":"Der deutsche\u00a0Schiffbau\u00a0genie\u00dft weltweit einen exzellenten Ruf. Moderne Technik, jahrzehntelange Erfahrung und eine klare Spezialisierung machen deutsche Werften zu gefragten Partnern im internationalen Schiffbau. Besonders deutlich wird das an zwei bekannten Beispielen: der Meyer Werft in Papenburg und der L\u00fcrssen Werft in Bremen. Sie stehen stellvertretend f\u00fcr typische deutsche Werften und zeigen, warum der Schiffbau in...","protected":false},"author":1,"featured_media":11153,"parent":9347,"menu_order":0,"comment_status":"closed","ping_status":"closed","template":"","meta":{"_acf_changed":false,"footnotes":""},"class_list":["post-9881","page","type-page","status-publish","has-post-thumbnail","hentry"],"acf":[],"_links":{"self":[{"href":"https:\/\/global-business-recruiting.de\/pl\/wp-json\/wp\/v2\/pages\/9881","targetHints":{"allow":["GET"]}}],"collection":[{"href":"https:\/\/global-business-recruiting.de\/pl\/wp-json\/wp\/v2\/pages"}],"about":[{"href":"https:\/\/global-business-recruiting.de\/pl\/wp-json\/wp\/v2\/types\/page"}],"author":[{"embeddable":true,"href":"https:\/\/global-business-recruiting.de\/pl\/wp-json\/wp\/v2\/users\/1"}],"replies":[{"embeddable":true,"href":"https:\/\/global-business-recruiting.de\/pl\/wp-json\/wp\/v2\/comments?post=9881"}],"version-history":[{"count":6,"href":"https:\/\/global-business-recruiting.de\/pl\/wp-json\/wp\/v2\/pages\/9881\/revisions"}],"predecessor-version":[{"id":11188,"href":"https:\/\/global-business-recruiting.de\/pl\/wp-json\/wp\/v2\/pages\/9881\/revisions\/11188"}],"up":[{"embeddable":true,"href":"https:\/\/global-business-recruiting.de\/pl\/wp-json\/wp\/v2\/pages\/9347"}],"wp:featuredmedia":[{"embeddable":true,"href":"https:\/\/global-business-recruiting.de\/pl\/wp-json\/wp\/v2\/media\/11153"}],"wp:attachment":[{"href":"https:\/\/global-business-recruiting.de\/pl\/wp-json\/wp\/v2\/media?parent=9881"}],"curies":[{"name":"wp","href":"https:\/\/api.w.org\/{rel}","templated":true}]}}