{"id":9889,"date":"2026-03-12T04:23:19","date_gmt":"2026-03-12T04:23:19","guid":{"rendered":"https:\/\/global-business-recruiting.de\/wissen\/rechtssichere-werkvertraege-was-sie-beim-abschluss-beachten-sollten\/"},"modified":"2026-03-29T13:10:09","modified_gmt":"2026-03-29T13:10:09","slug":"szkolenie-elektryk-wynagrodzenie-dalsze-szkolenie","status":"publish","type":"page","link":"https:\/\/global-business-recruiting.de\/pl\/wissen\/elektriker-ausbildung-gehalt-weiterbildung\/","title":{"rendered":"Elektryk - szkolenie, wynagrodzenie i dalsze kszta\u0142cenie"},"content":{"rendered":"<section class=\"l-section wpb_row height_custom\"><div class=\"l-section-h i-cf\"><div class=\"g-cols vc_row via_grid cols_1 laptops-cols_inherit tablets-cols_inherit mobiles-cols_1 valign_top type_default stacking_default\"><div class=\"wpb_column vc_column_container\"><div class=\"vc_column-inner\"><div class=\"wpb_text_column\"><div class=\"wpb_wrapper\"><p>Elektryk - lub urz\u0119dnik<span>\u00a0<\/span><strong>Technik elektronik ds. energii i technologii budowlanych<\/strong><span>\u00a0<\/span>- Zapewniaj\u0105 bezpieczny przep\u0142yw energii elektrycznej, w\u0142\u0105czanie \u015bwiate\u0142 i dzia\u0142anie nowoczesnych technologii w codziennym \u017cyciu. Niezale\u017cnie od tego, czy chodzi o budow\u0119 inteligentnego domu, instalacj\u0119 system\u00f3w solarnych czy naprawy domowe, elektrycy s\u0105 poszukiwanymi specjalistami o szerokim zakresie zastosowa\u0144. Przedstawiamy przegl\u0105d szkole\u0144, wymaga\u0144, wynagrodze\u0144 i mo\u017cliwo\u015bci dalszego kszta\u0142cenia.<\/p>\n<h2>Szkolenie dla elektryk\u00f3w: proces i tre\u015b\u0107<\/h2>\n<p>Obecnie oficjalna nazwa stanowiska to<span>\u00a0<\/span><strong>Technik elektronik<\/strong>. Program szkoleniowy \u0142\u0105czy podstawy teoretyczne w szkole zawodowej z tre\u015bciami praktycznymi w firmie szkoleniowej - od samego pocz\u0105tku poznajesz prawdziw\u0105 prac\u0119. Jednocze\u015bnie zapewniona jest standaryzacja wiedzy: Chodzi o podstawy teoretyczne, kt\u00f3re musi zna\u0107 ka\u017cdy elektryk. Niezale\u017cnie od wybranej specjalizacji, ka\u017cdy powinien by\u0107 w stanie po\u0142o\u017cy\u0107 przynajmniej jeden kabel i pod\u0142\u0105czy\u0107 jedno urz\u0105dzenie.<\/p>\n<h3>Okres szkolenia<\/h3>\n<p>Okres szkolenia wynosi zazwyczaj<span>\u00a0<\/span><strong>3,5 roku<\/strong>. W przypadku niekt\u00f3rych specjalizacji czas ten mo\u017ce zosta\u0107 skr\u00f3cony, na przyk\u0142ad je\u015bli posiadasz ju\u017c wcze\u015bniejsz\u0105 wiedz\u0119 lub masz wyj\u0105tkowe umiej\u0119tno\u015bci rozumienia.<\/p>\n<h3>Tre\u015b\u0107 szkolenia<\/h3>\n<p>W trakcie praktyki nauczysz si\u0119 mi\u0119dzy innymi: montowa\u0107 i demontowa\u0107 zespo\u0142y, mierzy\u0107 i oblicza\u0107 pr\u0105dy elektryczne, montowa\u0107 kombinacje rozdzielnic i obud\u00f3w, wykonywa\u0107 i dokumentowa\u0107 inne us\u0142ugi, tworzy\u0107 i wdra\u017ca\u0107 plany modyfikacji i rozbudowy, testowa\u0107 systemy i urz\u0105dzenia bezpiecze\u0144stwa, a tak\u017ce planowa\u0107 i projektowa\u0107 w\u0142asne procesy pracy i oblicza\u0107 je zgodnie ze specyfikacj\u0105 firmy.<\/p>\n<h3>Wymagania wst\u0119pne<\/h3>\n<p>Nie istniej\u0105 precyzyjne regulacje prawne dotycz\u0105ce kszta\u0142cenia zawodowego. W praktyce wykazano, \u017ce \u015bwiadectwo uko\u0144czenia szko\u0142y \u015bredniej oferuje lepsze mo\u017cliwo\u015bci. Wa\u017cniejsze od formalnych kwalifikacji s\u0105 dobre oceny z fizyki i matematyki, a tak\u017ce zdolno\u015bci manualne i szczere zainteresowanie zawodem. Ze wzgl\u0119du na obecny niedob\u00f3r wykwalifikowanej si\u0142y roboczej, wiele firm desperacko poszukuje sta\u017cyst\u00f3w - je\u015bli masz odpowiednie zainteresowania i kilka dobrych ocen, powiniene\u015b aplikowa\u0107. Bezpo\u015bredni kontakt z wybran\u0105 firm\u0105 - na przyk\u0142ad telefoniczny - mo\u017ce by\u0107 bardziej skuteczny ni\u017c \u015blepe aplikacje.<\/p>\n<h3>Wynagrodzenie podczas szkolenia<\/h3>\n<p>Podczas sta\u017cu wykonujesz ju\u017c prac\u0119 i otrzymujesz za ni\u0105 wynagrodzenie. Dok\u0142adna kwota zale\u017cy od regionu i specjalizacji - ale mo\u017cna spodziewa\u0107 si\u0119 zarobk\u00f3w rz\u0119du<span>\u00a0<\/span><strong>800 do 1300 euro miesi\u0119cznie<\/strong><span>\u00a0<\/span>obliczy\u0107.<\/p>\n<h2>Wynagrodzenie elektryka: co jest realistyczne?<\/h2>\n<p>Po uko\u0144czeniu sta\u017cu wynagrodzenie znacznie wzrasta - do ponad dwukrotno\u015bci wynagrodzenia sta\u017cowego, tj. do ponad 2000 euro brutto miesi\u0119cznie. Z niewielkim do\u015bwiadczeniem zawodowym<span>\u00a0<\/span><strong>3 000 euro brutto<\/strong><span>\u00a0<\/span>mo\u017cliwe. Ka\u017cdy, kto sprawdzi\u0142 si\u0119 w zawodzie przez 10 lat, mo\u017ce otrzyma\u0107 nagrod\u0119.<span>\u00a0<\/span><strong>3 600 euro brutto miesi\u0119cznie<\/strong><span>\u00a0<\/span>obliczy\u0107.<\/p>\n<p>S\u0105 to warto\u015bci \u015brednie. Osoby pracuj\u0105ce w Bawarii, Hesji lub Badenii-Wirtembergii mog\u0105 obecnie liczy\u0107 na najwy\u017csze wynagrodzenia. Chocia\u017c du\u017ce miasta oferuj\u0105 wy\u017csze pensje, maj\u0105 r\u00f3wnie\u017c wy\u017csze koszty utrzymania. Praca zmianowa, praca w nocy i zwi\u0105zane z tym premie mog\u0105 r\u00f3wnie\u017c zwi\u0119kszy\u0107 dochody.<\/p>\n<p>Na wynagrodzenie mo\u017cna jednak r\u00f3wnie\u017c aktywnie wp\u0142ywa\u0107: Osobista inicjatywa, zaanga\u017cowanie i proaktywne podejmowanie zada\u0144 zwi\u0119kszaj\u0105 w\u0142asn\u0105 warto\u015b\u0107 w firmie - a tym samym pozycj\u0119 negocjacyjn\u0105.<\/p>\n<h2>Dalsze kszta\u0142cenie w zawodzie elektryka: specjalizacja i kariera<\/h2>\n<p>Po zako\u0144czeniu szkolenia istniej\u0105 r\u00f3\u017cne \u015bcie\u017cki dalszego szkolenia. Z<span>\u00a0<\/span><strong>technik z certyfikatem pa\u0144stwowym<\/strong><span>\u00a0<\/span>Mo\u017cesz pracowa\u0107 w dziale rozwoju, kierowa\u0107 zespo\u0142ami i pracowa\u0107 jako kierownik projektu w dziedzinie in\u017cynierii elektrycznej. Stanowiska<span>\u00a0<\/span><strong>Mistrz rzemios\u0142a<\/strong><span>\u00a0<\/span>zapewnia dog\u0142\u0119bn\u0105 wiedz\u0119, umo\u017cliwia szkolenie w\u0142asnych praktykant\u00f3w i obejmuje wiedz\u0119 z zakresu zarz\u0105dzania przedsi\u0119biorstwem - a\u017c do samozatrudnienia. A<span>\u00a0<\/span><strong>Studia uniwersyteckie<\/strong><span>\u00a0<\/span>jest r\u00f3wnie\u017c mo\u017cliwe i otwiera dalsze szczeble kariery.<\/p>\n<p>Specjalizacja i dalsze szkolenia zmniejszaj\u0105 liczb\u0119 konkurent\u00f3w - zapotrzebowanie na specjalistyczn\u0105 wiedz\u0119 ro\u015bnie, a wynagrodzenia mog\u0105 by\u0107 aktywnie kszta\u0142towane. Jest to szczeg\u00f3lnie prawdziwe w in\u017cynierii elektrycznej, gdzie utrzymuje si\u0119 niedob\u00f3r wykwalifikowanej si\u0142y roboczej.<\/p>\n<h2>Elektrycy jako podwykonawcy lub wykwalifikowani pracownicy z zagranicy<\/h2>\n<p>Dla firm, kt\u00f3re chc\u0105 zatrudni\u0107 wykwalifikowanych elektryk\u00f3w lub elektronik\u00f3w na zasadzie kr\u00f3tkoterminowej lub zwi\u0105zanej z projektem, Global Business Recruiting oferuje po\u015brednictwo wykwalifikowanych pracownik\u00f3w z innych kraj\u00f3w UE - zar\u00f3wno jako podwykonawc\u00f3w na podstawie umowy o prac\u0119, jak i poprzez legalny leasing pracowniczy. Dowiedz si\u0119 wi\u0119cej w naszym artykule na temat<span>\u00a0<\/span><a href=\"https:\/\/global-business-recruiting.de\/pl\/wiedziec\/profesjonalne-uznanie-dla-elektrykow-za-granica\/\">Profesjonalne uznanie dla elektryk\u00f3w z zagranicy<\/a>.<\/p>\n<h2>Cz\u0119sto zadawane pytania dotycz\u0105ce szkolenia i wynagrodzenia elektryka<\/h2>\n<\/div><\/div><div class=\"w-separator size_small\"><\/div><div class=\"w-tabs style_default switch_click accordion type_togglable has_scrolling\" style=\"--sections-title-size:inherit\"><div class=\"w-tabs-sections titles-align_none icon_chevron cpos_right\"><div class=\"w-tabs-section\" id=\"f1a9\" itemscope itemprop=\"mainEntity\" itemtype=\"https:\/\/schema.org\/Question\"><button class=\"w-tabs-section-header\" aria-controls=\"content-f1a9\" aria-expanded=\"false\"><div class=\"w-tabs-section-title\" itemprop=\"name\">Jak d\u0142ugo trwa szkolenie na elektryka?<\/div><div class=\"w-tabs-section-control\"><\/div><\/button><div  class=\"w-tabs-section-content\" id=\"content-f1a9\" itemscope itemprop=\"acceptedAnswer\" itemtype=\"https:\/\/schema.org\/Answer\"><div class=\"w-tabs-section-content-h i-cf\" itemprop=\"text\"><div class=\"wpb_text_column\"><div class=\"wpb_wrapper\"><p>Regularny okres szkolenia wynosi 3,5 roku. Mo\u017ce on zosta\u0107 skr\u00f3cony pod pewnymi warunkami - na przyk\u0142ad w przypadku wcze\u015bniejszej wiedzy lub szczeg\u00f3lnych predyspozycji.<\/p>\n<\/div><\/div><\/div><\/div><\/div><div class=\"w-tabs-section\" id=\"t2ab\" itemscope itemprop=\"mainEntity\" itemtype=\"https:\/\/schema.org\/Question\"><button class=\"w-tabs-section-header\" aria-controls=\"content-t2ab\" aria-expanded=\"false\"><div class=\"w-tabs-section-title\" itemprop=\"name\">Ile \u015brednio zarabia elektryk?<\/div><div class=\"w-tabs-section-control\"><\/div><\/button><div  class=\"w-tabs-section-content\" id=\"content-t2ab\" itemscope itemprop=\"acceptedAnswer\" itemtype=\"https:\/\/schema.org\/Answer\"><div class=\"w-tabs-section-content-h i-cf\" itemprop=\"text\"><div class=\"wpb_text_column\"><div class=\"wpb_wrapper\"><p>Pocz\u0105tkuj\u0105cy pracownicy zarabiaj\u0105 zazwyczaj nieco ponad 2000 euro brutto miesi\u0119cznie. Wraz ze wzrostem do\u015bwiadczenia i specjalizacji, realne s\u0105 zarobki na poziomie 3000 euro i wi\u0119cej. Po oko\u0142o 10 latach do\u015bwiadczenia zawodowego mo\u017cna spodziewa\u0107 si\u0119 zarobk\u00f3w na poziomie oko\u0142o 3600 euro brutto miesi\u0119cznie - lub wi\u0119cej, w zale\u017cno\u015bci od regionu i firmy.<\/p>\n<\/div><\/div><\/div><\/div><\/div><div class=\"w-tabs-section\" id=\"v376\" itemscope itemprop=\"mainEntity\" itemtype=\"https:\/\/schema.org\/Question\"><button class=\"w-tabs-section-header\" aria-controls=\"content-v376\" aria-expanded=\"false\"><div class=\"w-tabs-section-title\" itemprop=\"name\">Jakie kwalifikacje po uko\u0144czeniu szko\u0142y s\u0105 wymagane do odbycia praktyki w zawodzie elektryka?<\/div><div class=\"w-tabs-section-control\"><\/div><\/button><div  class=\"w-tabs-section-content\" id=\"content-v376\" itemscope itemprop=\"acceptedAnswer\" itemtype=\"https:\/\/schema.org\/Answer\"><div class=\"w-tabs-section-content-h i-cf\" itemprop=\"text\"><div class=\"wpb_text_column\"><div class=\"wpb_wrapper\"><p>Nie ma \u017cadnych wymog\u00f3w formalnych. W praktyce \u015bwiadectwo uko\u0144czenia szko\u0142y \u015bredniej znacznie zwi\u0119ksza szanse. Wa\u017cniejsze od dyplomu s\u0105 dobre oceny z fizyki i matematyki, a tak\u017ce zainteresowanie rzemios\u0142em i umiej\u0119tno\u015bciami.<\/p>\n<\/div><\/div><\/div><\/div><\/div><div class=\"w-tabs-section\" id=\"l450\" itemscope itemprop=\"mainEntity\" itemtype=\"https:\/\/schema.org\/Question\"><button class=\"w-tabs-section-header\" aria-controls=\"content-l450\" aria-expanded=\"false\"><div class=\"w-tabs-section-title\" itemprop=\"name\">Czy dalsze kszta\u0142cenie w zawodzie elektryka jest op\u0142acalne?<\/div><div class=\"w-tabs-section-control\"><\/div><\/button><div  class=\"w-tabs-section-content\" id=\"content-l450\" itemscope itemprop=\"acceptedAnswer\" itemtype=\"https:\/\/schema.org\/Answer\"><div class=\"w-tabs-section-content-h i-cf\" itemprop=\"text\"><div class=\"wpb_text_column\"><div class=\"wpb_wrapper\"><p>Tak, zazwyczaj bardzo. Posiadanie pa\u0144stwowego certyfikatu technika, tytu\u0142u mistrza rzemios\u0142a lub stopnia naukowego zwi\u0119ksza zar\u00f3wno odpowiedzialno\u015b\u0107, jak i zapotrzebowanie na w\u0142asne umiej\u0119tno\u015bci - a tym samym wynagrodzenie. Specjalizacja jest wyra\u017an\u0105 zalet\u0105, szczeg\u00f3lnie w czasach niedoboru umiej\u0119tno\u015bci.<\/p>\n<\/div><\/div><\/div><\/div><\/div><div class=\"w-tabs-section\" id=\"o52c\" itemscope itemprop=\"mainEntity\" itemtype=\"https:\/\/schema.org\/Question\"><button class=\"w-tabs-section-header\" aria-controls=\"content-o52c\" aria-expanded=\"false\"><div class=\"w-tabs-section-title\" itemprop=\"name\">Gdzie elektrycy zarabiaj\u0105 najwi\u0119cej?<\/div><div class=\"w-tabs-section-control\"><\/div><\/button><div  class=\"w-tabs-section-content\" id=\"content-o52c\" itemscope itemprop=\"acceptedAnswer\" itemtype=\"https:\/\/schema.org\/Answer\"><div class=\"w-tabs-section-content-h i-cf\" itemprop=\"text\"><div class=\"wpb_text_column\"><div class=\"wpb_wrapper\"><p>Wynagrodzenia elektryk\u00f3w s\u0105 obecnie najwy\u017csze w Bawarii, Hesji i Badenii-Wirtembergii. Du\u017ce miasta r\u00f3wnie\u017c oferuj\u0105 wy\u017csze wynagrodzenia, ale tak\u017ce wy\u017csze koszty utrzymania. Praca zmianowa i nocna, a tak\u017ce premie mog\u0105 r\u00f3wnie\u017c zwi\u0119kszy\u0107 dochody.<\/p>\n<div><\/div>\n<\/div><\/div><\/div><\/div><\/div><\/div><\/div><\/div><\/div><\/div><\/div><\/section>","protected":false},"excerpt":{"rendered":"Elektriker \u2013 oder offiziell\u00a0Elektroniker\/in f\u00fcr Energie- und Geb\u00e4udetechnik\u00a0\u2013 sorgen daf\u00fcr, dass Strom sicher flie\u00dft, Licht brennt und moderne Technik im Alltag funktioniert. Egal ob beim Bau eines Smart-Homes, der Installation von Solaranlagen oder bei Reparaturen im Haushalt: Elektriker sind gefragte Fachkr\u00e4fte mit vielf\u00e4ltigen Einsatzbereichen. Wir geben einen \u00dcberblick \u00fcber die Ausbildung, Voraussetzungen, Gehalt und Weiterbildungsm\u00f6glichkeiten....","protected":false},"author":1,"featured_media":11154,"parent":9347,"menu_order":0,"comment_status":"closed","ping_status":"closed","template":"","meta":{"_acf_changed":false,"footnotes":""},"class_list":["post-9889","page","type-page","status-publish","has-post-thumbnail","hentry"],"acf":[],"_links":{"self":[{"href":"https:\/\/global-business-recruiting.de\/pl\/wp-json\/wp\/v2\/pages\/9889","targetHints":{"allow":["GET"]}}],"collection":[{"href":"https:\/\/global-business-recruiting.de\/pl\/wp-json\/wp\/v2\/pages"}],"about":[{"href":"https:\/\/global-business-recruiting.de\/pl\/wp-json\/wp\/v2\/types\/page"}],"author":[{"embeddable":true,"href":"https:\/\/global-business-recruiting.de\/pl\/wp-json\/wp\/v2\/users\/1"}],"replies":[{"embeddable":true,"href":"https:\/\/global-business-recruiting.de\/pl\/wp-json\/wp\/v2\/comments?post=9889"}],"version-history":[{"count":5,"href":"https:\/\/global-business-recruiting.de\/pl\/wp-json\/wp\/v2\/pages\/9889\/revisions"}],"predecessor-version":[{"id":11186,"href":"https:\/\/global-business-recruiting.de\/pl\/wp-json\/wp\/v2\/pages\/9889\/revisions\/11186"}],"up":[{"embeddable":true,"href":"https:\/\/global-business-recruiting.de\/pl\/wp-json\/wp\/v2\/pages\/9347"}],"wp:featuredmedia":[{"embeddable":true,"href":"https:\/\/global-business-recruiting.de\/pl\/wp-json\/wp\/v2\/media\/11154"}],"wp:attachment":[{"href":"https:\/\/global-business-recruiting.de\/pl\/wp-json\/wp\/v2\/media?parent=9889"}],"curies":[{"name":"wp","href":"https:\/\/api.w.org\/{rel}","templated":true}]}}