{"id":9893,"date":"2026-03-12T04:27:09","date_gmt":"2026-03-12T04:27:09","guid":{"rendered":"https:\/\/global-business-recruiting.de\/wissen\/elektriker-ausbildung-gehalt-und-weiterbildung\/"},"modified":"2026-03-29T13:11:12","modified_gmt":"2026-03-29T13:11:12","slug":"podwykonawca-kontraktu-budowlanego","status":"publish","type":"page","link":"https:\/\/global-business-recruiting.de\/pl\/wissen\/bauvertrag-subunternehmer\/","title":{"rendered":"Umowa o roboty budowlane: warunek wst\u0119pny wsp\u00f3\u0142pracy z podwykonawcami"},"content":{"rendered":"<section class=\"l-section wpb_row height_custom\"><div class=\"l-section-h i-cf\"><div class=\"g-cols vc_row via_grid cols_1 laptops-cols_inherit tablets-cols_inherit mobiles-cols_1 valign_top type_default stacking_default\"><div class=\"wpb_column vc_column_container\"><div class=\"vc_column-inner\"><div class=\"wpb_text_column\"><div class=\"wpb_wrapper\"><p>Umowa o roboty budowlane odgrywa kluczow\u0105 rol\u0119 w przypadku wsp\u00f3\u0142pracy z podwykonawcami. Reguluje ona warunki wsp\u00f3\u0142pracy: zakres us\u0142ug, terminy, wynagrodzenie, a tak\u017ce prawa i obowi\u0105zki obu stron - od specyfikacji materia\u0142\u00f3w po terminy usuwania usterek. Z niniejszego artyku\u0142u dowiesz si\u0119, czym dok\u0142adnie jest umowa o roboty budowlane, jakie s\u0105 jej rodzaje i na co nale\u017cy zwr\u00f3ci\u0107 uwag\u0119 podczas wsp\u00f3\u0142pracy z podwykonawcami w budownictwie.<\/p>\n<h2>Czym jest umowa o roboty budowlane?<\/h2>\n<p>Umowa o roboty budowlane to umowa zawierana pomi\u0119dzy klientem a podwykonawcami. Reguluje ona g\u0142\u00f3wne warunki wsp\u00f3\u0142pracy: zakres us\u0142ug, czas ustalony na ich \u015bwiadczenie oraz wynagrodzenie. Ponadto, w umowie o roboty budowlane mo\u017cna okre\u015bli\u0107 dalsze prawa i obowi\u0105zki obu stron - takie jak materia\u0142y, kt\u00f3re maj\u0105 by\u0107 u\u017cyte lub jasno okre\u015blone ramy czasowe na usuni\u0119cie usterek.<\/p>\n<p>Umowa o roboty budowlane zobowi\u0105zuje podwykonawc\u0119 do wykonania wszystkich uzgodnionych prac budowlanych w spos\u00f3b profesjonalny i terminowy. Klient z kolei zobowi\u0105zuje si\u0119 do terminowej zap\u0142aty uzgodnionej ceny.<\/p>\n<h2>Jakie s\u0105 rodzaje um\u00f3w budowlanych?<\/h2>\n<p>Nie wszystkie umowy o roboty budowlane s\u0105 takie same. Rozr\u00f3\u017cnia si\u0119 mi\u0119dzy<span>\u00a0<\/span><strong>Umowy BGB<\/strong><span>\u00a0<\/span>oraz<span>\u00a0<\/span><strong>Umowy VOB<\/strong>. Umowy BGB opieraj\u0105 si\u0119 na niemieckim kodeksie cywilnym i s\u0105 stosowane g\u0142\u00f3wnie w prywatnym budownictwie mieszkaniowym. Umowy VOB (Niemieckie Procedury Kontrakt\u00f3w Budowlanych) zawieraj\u0105 specjalne regulacje dotycz\u0105ce post\u0119powania w przypadku usterek i fakturowania i s\u0105 bardziej dostosowane do komercyjnych operacji budowlanych.<\/p>\n<p>Umowy VOB s\u0105 zatem cz\u0119sto bardziej odpowiedni\u0105 podstaw\u0105 do wsp\u00f3\u0142pracy z podwykonawcami w sektorze komercyjnym.<\/p>\n<h2>Co jest wa\u017cne podczas wsp\u00f3\u0142pracy z podwykonawcami?<\/h2>\n<p>Umowa o roboty budowlane reguluje<span>\u00a0<\/span><em>Co<\/em>. Istniej\u0105 jednak inne czynniki, kt\u00f3re s\u0105 kluczowe dla p\u0142ynnej wsp\u00f3\u0142pracy:<\/p>\n<p><strong>Przejrzysta komunikacja:<\/strong><span>\u00a0<\/span>Sta\u0142e kontakty i regularna koordynacja s\u0105 wa\u017cne, poniewa\u017c projekty budowlane s\u0105 dynamiczne, a sytuacja mo\u017ce si\u0119 zmieni\u0107 w kr\u00f3tkim czasie.<\/p>\n<p><strong>Elastyczno\u015b\u0107 i dotrzymywanie termin\u00f3w:<\/strong><span>\u00a0<\/span>Dobry podwykonawca zachowuje r\u00f3wnowag\u0119 mi\u0119dzy elastyczno\u015bci\u0105 a dotrzymywaniem termin\u00f3w okre\u015blonych w umowie o roboty budowlane.<\/p>\n<p><strong>Kontrola jako\u015bci:<\/strong><span>\u00a0<\/span>Praca podwykonawcy powinna by\u0107 sprawdzana w ramach regularnej kontroli jako\u015bci w celu wczesnego rozpoznania wszelkich usterek.<\/p>\n<p>Dzi\u0119ki dobrze sporz\u0105dzonej umowie o roboty budowlane i przestrzeganiu tych warunk\u00f3w ramowych nic nie stoi na przeszkodzie udanej wsp\u00f3\u0142pracy z podwykonawcami w budownictwie.<\/p>\n<h2>Praca tymczasowa w bran\u017cy budowlanej: o czym nale\u017cy pami\u0119ta\u0107?<\/h2>\n<p>Innym sposobem rekrutacji wykwalifikowanego personelu do projekt\u00f3w budowlanych jest praca tymczasowa (leasing si\u0142y roboczej). Polega to na wypo\u017cyczaniu pracownik\u00f3w z jednej firmy do drugiej na okre\u015blony czas - na przyk\u0142ad do momentu uko\u0144czenia projektu. Umo\u017cliwia to firmom szybkie i elastyczne rozmieszczenie potrzebnej si\u0142y roboczej.<\/p>\n<p>Jednak w przypadku pracy tymczasowej w bran\u017cy budowlanej obowi\u0105zuj\u0105 specjalne przepisy: jest ona dozwolona tylko wtedy, gdy zar\u00f3wno firma wynajmuj\u0105ca, jak i firma dostarczaj\u0105ca s\u0105 aktywne w bran\u017cy budowlanej. Obie firmy musz\u0105 r\u00f3wnie\u017c dzia\u0142a\u0107 w tym samym sektorze budowlanym. W bran\u017cy budowlanej jest ich sze\u015b\u0107: rozbi\u00f3rka, budowa, budowa budynk\u00f3w, rusztowania, pokrycia dachowe oraz ogrodnictwo i architektura krajobrazu.<\/p>\n<p>Przeniesienie pracownik\u00f3w jest zatem mo\u017cliwe tylko z jednej bran\u017cy budowlanej do drugiej, z jednej bran\u017cy rozbi\u00f3rkowej do drugiej itp.<\/p>\n<p>Wi\u0119cej informacji na temat rozr\u00f3\u017cnienia mi\u0119dzy umowami o dzie\u0142o a leasingiem pracowniczym w sektorze budowlanym mo\u017cna znale\u017a\u0107 w naszym artykule<span>\u00a0<\/span><a href=\"https:\/\/global-business-recruiting.de\/pl\/wiedziec\/leasing-pracowniczy-a-podwykonawstwo\/\">Zatrudnienie tymczasowe a podwykonawstwo<\/a>.<\/p>\n<h2>Najcz\u0119\u015bciej zadawane pytania dotycz\u0105ce um\u00f3w budowlanych z podwykonawcami<\/h2>\n<\/div><\/div><div class=\"w-separator size_small\"><\/div><div class=\"w-tabs style_default switch_click accordion type_togglable has_scrolling\" style=\"--sections-title-size:inherit\"><div class=\"w-tabs-sections titles-align_none icon_chevron cpos_right\"><div class=\"w-tabs-section\" id=\"y08e\" itemscope itemprop=\"mainEntity\" itemtype=\"https:\/\/schema.org\/Question\"><button class=\"w-tabs-section-header\" aria-controls=\"content-y08e\" aria-expanded=\"false\"><div class=\"w-tabs-section-title\" itemprop=\"name\">Jaka jest r\u00f3\u017cnica mi\u0119dzy umow\u0105 o roboty budowlane BGB a umow\u0105 VOB?<\/div><div class=\"w-tabs-section-control\"><\/div><\/button><div  class=\"w-tabs-section-content\" id=\"content-y08e\" itemscope itemprop=\"acceptedAnswer\" itemtype=\"https:\/\/schema.org\/Answer\"><div class=\"w-tabs-section-content-h i-cf\" itemprop=\"text\"><div class=\"wpb_text_column\"><div class=\"wpb_wrapper\"><p>Umowy BGB opieraj\u0105 si\u0119 na niemieckim kodeksie cywilnym i s\u0105 stosowane g\u0142\u00f3wnie w prywatnym budownictwie mieszkaniowym. Umowy VOB (niemieckie procedury um\u00f3w budowlanych) zawieraj\u0105 dodatkowe, specyficzne dla budownictwa przepisy dotycz\u0105ce wad, odbioru i fakturowania i s\u0105 szeroko stosowane w komercyjnych operacjach budowlanych.<\/p>\n<\/div><\/div><\/div><\/div><\/div><div class=\"w-tabs-section\" id=\"z193\" itemscope itemprop=\"mainEntity\" itemtype=\"https:\/\/schema.org\/Question\"><button class=\"w-tabs-section-header\" aria-controls=\"content-z193\" aria-expanded=\"false\"><div class=\"w-tabs-section-title\" itemprop=\"name\">Jakie obowi\u0105zki ma podwykonawca w ramach umowy o roboty budowlane?<\/div><div class=\"w-tabs-section-control\"><\/div><\/button><div  class=\"w-tabs-section-content\" id=\"content-z193\" itemscope itemprop=\"acceptedAnswer\" itemtype=\"https:\/\/schema.org\/Answer\"><div class=\"w-tabs-section-content-h i-cf\" itemprop=\"text\"><div class=\"wpb_text_column\"><div class=\"wpb_wrapper\"><p>Podwykonawca jest zobowi\u0105zany do wykonania wszystkich uzgodnionych prac budowlanych w spos\u00f3b profesjonalny i terminowy. Klient z kolei jest winien terminow\u0105 zap\u0142at\u0119 uzgodnionej ceny, jak r\u00f3wnie\u017c niezb\u0119dn\u0105 wsp\u00f3\u0142prac\u0119 w celu umo\u017cliwienia realizacji.<\/p>\n<\/div><\/div><\/div><\/div><\/div><div class=\"w-tabs-section\" id=\"n265\" itemscope itemprop=\"mainEntity\" itemtype=\"https:\/\/schema.org\/Question\"><button class=\"w-tabs-section-header\" aria-controls=\"content-n265\" aria-expanded=\"false\"><div class=\"w-tabs-section-title\" itemprop=\"name\">Czy umowa o roboty budowlane musi by\u0107 zawarta na pi\u015bmie?<\/div><div class=\"w-tabs-section-control\"><\/div><\/button><div  class=\"w-tabs-section-content\" id=\"content-n265\" itemscope itemprop=\"acceptedAnswer\" itemtype=\"https:\/\/schema.org\/Answer\"><div class=\"w-tabs-section-content-h i-cf\" itemprop=\"text\"><div class=\"wpb_text_column\"><div class=\"wpb_wrapper\"><p>Zasadniczo nie ma ustawowego wymogu formy pisemnej. Jednak ze wzgl\u0119du na pewno\u015b\u0107 prawn\u0105 i mo\u017cliwo\u015b\u0107 udowodnienia - szczeg\u00f3lnie w przypadku roszcze\u0144 z tytu\u0142u wad lub spor\u00f3w dotycz\u0105cych zakresu us\u0142ug i wynagrodzenia - zdecydowanie zaleca si\u0119 zawarcie pisemnej umowy.<\/p>\n<\/div><\/div><\/div><\/div><\/div><div class=\"w-tabs-section\" id=\"z357\" itemscope itemprop=\"mainEntity\" itemtype=\"https:\/\/schema.org\/Question\"><button class=\"w-tabs-section-header\" aria-controls=\"content-z357\" aria-expanded=\"false\"><div class=\"w-tabs-section-title\" itemprop=\"name\">Czy praca tymczasowa jest dozwolona w bran\u017cy budowlanej?<\/div><div class=\"w-tabs-section-control\"><\/div><\/button><div  class=\"w-tabs-section-content\" id=\"content-z357\" itemscope itemprop=\"acceptedAnswer\" itemtype=\"https:\/\/schema.org\/Answer\"><div class=\"w-tabs-section-content-h i-cf\" itemprop=\"text\"><div class=\"wpb_text_column\"><div class=\"wpb_wrapper\"><p>Tak, ale z ograniczeniami: Praca tymczasowa w bran\u017cy budowlanej jest dozwolona tylko wtedy, gdy zar\u00f3wno firma zatrudniaj\u0105ca, jak i zatrudniana prowadz\u0105 dzia\u0142alno\u015b\u0107 w bran\u017cy budowlanej i dzia\u0142aj\u0105 w tym samym z sze\u015bciu obszar\u00f3w taryf budowlanych (np. budownictwo, budowa budynk\u00f3w, rozbi\u00f3rka, rusztowania, dekarstwo lub ogrodnictwo i architektura krajobrazu).<\/p>\n<\/div><\/div><\/div><\/div><\/div><div class=\"w-tabs-section\" id=\"i426\" itemscope itemprop=\"mainEntity\" itemtype=\"https:\/\/schema.org\/Question\"><button class=\"w-tabs-section-header\" aria-controls=\"content-i426\" aria-expanded=\"false\"><div class=\"w-tabs-section-title\" itemprop=\"name\">Jak znale\u017a\u0107 odpowiedniego podwykonawc\u0119 do projektu budowlanego?<\/div><div class=\"w-tabs-section-control\"><\/div><\/button><div  class=\"w-tabs-section-content\" id=\"content-i426\" itemscope itemprop=\"acceptedAnswer\" itemtype=\"https:\/\/schema.org\/Answer\"><div class=\"w-tabs-section-content-h i-cf\" itemprop=\"text\"><div class=\"wpb_text_column\"><div class=\"wpb_wrapper\"><p>Opr\u00f3cz solidnego kontraktu budowlanego, kluczowa jest jasna komunikacja, kontrola jako\u015bci i niezawodno\u015b\u0107 pod wzgl\u0119dem termin\u00f3w. Global Business Recruiting zapewnia do\u015bwiadczonych podwykonawc\u00f3w i wykwalifikowan\u0105 si\u0142\u0119 robocz\u0105 z innych kraj\u00f3w UE do projekt\u00f3w budowlanych w Niemczech - szybko i z zachowaniem bezpiecze\u0144stwa prawnego.<\/p>\n<\/div><\/div><\/div><\/div><\/div><\/div><\/div><\/div><\/div><\/div><\/div><\/section>","protected":false},"excerpt":{"rendered":"Ein Bauvertrag spielt bei der Zusammenarbeit mit Subunternehmern eine zentrale Rolle. Er regelt die Bedingungen f\u00fcr die Zusammenarbeit: Leistungsumfang, Termine, Verg\u00fctung sowie Rechte und Pflichten beider Parteien \u2013 von der Materialvorgabe bis hin zu Fristen f\u00fcr die M\u00e4ngelbeseitigung. Was genau ein Bauvertrag ist, welche Arten es gibt und worauf Sie bei der Zusammenarbeit mit Subunternehmern...","protected":false},"author":1,"featured_media":11155,"parent":9347,"menu_order":0,"comment_status":"closed","ping_status":"closed","template":"","meta":{"_acf_changed":false,"footnotes":""},"class_list":["post-9893","page","type-page","status-publish","has-post-thumbnail","hentry"],"acf":[],"_links":{"self":[{"href":"https:\/\/global-business-recruiting.de\/pl\/wp-json\/wp\/v2\/pages\/9893","targetHints":{"allow":["GET"]}}],"collection":[{"href":"https:\/\/global-business-recruiting.de\/pl\/wp-json\/wp\/v2\/pages"}],"about":[{"href":"https:\/\/global-business-recruiting.de\/pl\/wp-json\/wp\/v2\/types\/page"}],"author":[{"embeddable":true,"href":"https:\/\/global-business-recruiting.de\/pl\/wp-json\/wp\/v2\/users\/1"}],"replies":[{"embeddable":true,"href":"https:\/\/global-business-recruiting.de\/pl\/wp-json\/wp\/v2\/comments?post=9893"}],"version-history":[{"count":6,"href":"https:\/\/global-business-recruiting.de\/pl\/wp-json\/wp\/v2\/pages\/9893\/revisions"}],"predecessor-version":[{"id":11185,"href":"https:\/\/global-business-recruiting.de\/pl\/wp-json\/wp\/v2\/pages\/9893\/revisions\/11185"}],"up":[{"embeddable":true,"href":"https:\/\/global-business-recruiting.de\/pl\/wp-json\/wp\/v2\/pages\/9347"}],"wp:featuredmedia":[{"embeddable":true,"href":"https:\/\/global-business-recruiting.de\/pl\/wp-json\/wp\/v2\/media\/11155"}],"wp:attachment":[{"href":"https:\/\/global-business-recruiting.de\/pl\/wp-json\/wp\/v2\/media?parent=9893"}],"curies":[{"name":"wp","href":"https:\/\/api.w.org\/{rel}","templated":true}]}}