{"id":9901,"date":"2026-03-12T04:51:00","date_gmt":"2026-03-12T04:51:00","guid":{"rendered":"https:\/\/global-business-recruiting.de\/wissen\/arbeitsschutz-wie-unternehmen-die-gesundheit-ihrer-mitarbeiter-schuetzen-muessen\/"},"modified":"2026-03-28T13:11:10","modified_gmt":"2026-03-28T13:11:10","slug":"definicja-outsourcingu-zalety-wady","status":"publish","type":"page","link":"https:\/\/global-business-recruiting.de\/pl\/wissen\/outsourcing-definition-vorteile-nachteile\/","title":{"rendered":"Outsourcing: definicja, zalety i wady oraz najpopularniejsze kraje outsourcingu"},"content":{"rendered":"<section class=\"l-section wpb_row height_custom\"><div class=\"l-section-h i-cf\"><div class=\"g-cols vc_row via_grid cols_1 laptops-cols_inherit tablets-cols_inherit mobiles-cols_1 valign_top type_default stacking_default\"><div class=\"wpb_column vc_column_container\"><div class=\"vc_column-inner\"><div class=\"wpb_text_column\"><div class=\"wpb_wrapper\"><p>Outsourcing staje si\u0119 coraz bardziej popularny, poniewa\u017c firmy staraj\u0105 si\u0119 obni\u017cy\u0107 koszty i znale\u017a\u0107 najlepiej wykwalifikowan\u0105 si\u0142\u0119 robocz\u0105 - na ca\u0142ym \u015bwiecie lub w kraju.<span>\u00a0<\/span><strong>Globalny outsourcing<\/strong><span>\u00a0<\/span>jest definiowany jako outsourcing procesu do innego kraju. Definicja outsourcingu obejmuje r\u00f3wnie\u017c outsourcing do strony trzeciej we w\u0142asnym kraju. Oszcz\u0119dno\u015bci koszt\u00f3w s\u0105 g\u0142\u00f3wnym powodem outsourcingu, poniewa\u017c pozwala on organizacjom obni\u017cy\u0107 koszty operacyjne i zwi\u0119kszy\u0107 wydajno\u015b\u0107. Ponadto globalny outsourcing zapewnia dost\u0119p do wi\u0119kszej puli talent\u00f3w i specjalistycznej wiedzy.<\/p>\n<h2>Kt\u00f3re firmy korzystaj\u0105 z outsourcingu?<\/h2>\n<p>Niemal ka\u017cda firma mo\u017ce skorzysta\u0107 z outsourcingu - od start-up\u00f3w, przez ma\u0142e i \u015brednie przedsi\u0119biorstwa, po du\u017ce korporacje. Outsourcing nie jest strategi\u0105, kt\u00f3ra jest odpowiednia tylko dla niekt\u00f3rych bran\u017c lub wielko\u015bci firm; istnieje wiele mo\u017cliwych zastosowa\u0144.<\/p>\n<h2>Kt\u00f3re obszary nadaj\u0105 si\u0119 do outsourcingu?<\/h2>\n<p>Nast\u0119puj\u0105ce obszary s\u0105 szczeg\u00f3lnie cz\u0119sto outsourcowane: sektor IT (wsparcie IT i rozw\u00f3j oprogramowania), obs\u0142uga klienta (jeden z najpopularniejszych obszar\u00f3w outsourcingu), sektor opieki zdrowotnej (bardziej do cel\u00f3w administracyjnych i obs\u0142ugi klienta) oraz produkcja (obs\u0142uga produkcji i zapewnienie jako\u015bci). Zadania zlecane na zewn\u0105trz w skali globalnej obejmuj\u0105 zazwyczaj technologie informatyczne (IT), zasoby ludzkie (HR), obs\u0142ug\u0119 klienta i produkcj\u0119.<\/p>\n<h2>Jakie s\u0105 wady outsourcingu?<\/h2>\n<p><strong>Problemy z komunikacj\u0105:<\/strong><span>\u00a0<\/span>Podczas wsp\u00f3\u0142pracy ponad granicami pa\u0144stw mog\u0105 pojawi\u0107 si\u0119 trudno\u015bci komunikacyjne wynikaj\u0105ce z r\u00f3\u017cnic kulturowych i r\u00f3\u017cnych stref czasowych.<\/p>\n<p><strong>Problemy z kontrol\u0105 jako\u015bci:<\/strong><span>\u00a0<\/span>Outsourcing mo\u017ce prowadzi\u0107 do problem\u00f3w z jako\u015bci\u0105, poniewa\u017c nie ma bezpo\u015bredniego nadzoru i kontroli. Istnieje ryzyko, \u017ce jako\u015b\u0107 wykonywanych zada\u0144 nie spe\u0142nia standard\u00f3w firmy.<\/p>\n<p><strong>Zagro\u017cenia bezpiecze\u0144stwa:<\/strong><span>\u00a0<\/span>Outsourcing mo\u017ce wi\u0105za\u0107 si\u0119 z pewnymi zagro\u017ceniami dla bezpiecze\u0144stwa, poniewa\u017c zewn\u0119trzni outsourcerzy mog\u0105 korzysta\u0107 z system\u00f3w lub proces\u00f3w, kt\u00f3re nie maj\u0105 niezb\u0119dnych zabezpiecze\u0144.<\/p>\n<h2>Jakie s\u0105 najpopularniejsze kraje outsourcingowe i dlaczego?<\/h2>\n<p>Do najpopularniejszych kraj\u00f3w outsourcingu nale\u017c\u0105 S\u0142owacja, Filipiny, Indie, Polska i Brazylia. Powody r\u00f3\u017cni\u0105 si\u0119 w zale\u017cno\u015bci od kraju:<\/p>\n<p>The<span>\u00a0<\/span><strong>S\u0142owacja<\/strong><span>\u00a0<\/span>jest popularny, poniewa\u017c znajduje si\u0119 bardzo blisko Europy, a Europa jest g\u0142\u00f3wnym centrum outsourcingu. Posiada r\u00f3wnie\u017c wykwalifikowan\u0105 si\u0142\u0119 robocz\u0105, podobn\u0105 kultur\u0119 i niskie koszty pracy. The<span>\u00a0<\/span><strong>Filipiny<\/strong><span>\u00a0<\/span>s\u0105 jednymi z najkorzystniejszych lokalizacji outsourcingowych na \u015bwiecie. Rynek pracy jest bardzo elastyczny - wielu pracownik\u00f3w posiada kwalifikacje do pracy w mi\u0119dzynarodowych firmach i m\u00f3wi po angielsku.<span>\u00a0<\/span><strong>Indie<\/strong><span>\u00a0<\/span>ma niezwykle wysok\u0105 liczb\u0119 specjalist\u00f3w IT, niskie koszty pracy i angloj\u0119zycznych pracownik\u00f3w - dlatego jest bardzo poszukiwany gdzie indziej pomimo niedoboru specjalist\u00f3w IT.<span>\u00a0<\/span><strong>Polska<\/strong><span>\u00a0<\/span>jest idealnym miejscem do outsourcingu, poniewa\u017c graniczy z Europ\u0105, ma podobn\u0105 kultur\u0119, a tak\u017ce niskie koszty pracy.<span>\u00a0<\/span><strong>Brazylia<\/strong><span>\u00a0<\/span>ma bardzo niskie koszty pracy, znajduje si\u0119 blisko USA - kraju, w kt\u00f3rym outsourcing jest najbardziej rozpowszechniony na \u015bwiecie - i jest angloj\u0119zyczny.<\/p>\n<h2>Outsourcing z globaln\u0105 rekrutacj\u0105 biznesow\u0105<\/h2>\n<p>Global Business Recruiting wspiera firmy w zakresie outsourcingu i inwestycji na S\u0142owacji. Jako partner S\u0142owackiej Agencji Rozwoju Inwestycji i Handlu (SARIO) oraz cz\u0142onek Stowarzyszenia Wspierania Inwestycji (ISA), prowadzimy naszych klient\u00f3w przez z\u0142o\u017cone i niestandardowe procesy outsourcingu. Nasze us\u0142ugi obejmuj\u0105 outsourcing ze zrozumieniem r\u00f3\u017cnic kulturowych, oszcz\u0119dno\u015b\u0107 koszt\u00f3w, wsparcie proces\u00f3w od pocz\u0105tku do ko\u0144ca oraz ponad 20-letnie do\u015bwiadczenie w rekrutacji mi\u0119dzynarodowej.<\/p>\n<p>Wi\u0119cej informacji na temat zatrudniania wykwalifikowanych pracownik\u00f3w z zagranicy mo\u017cna znale\u017a\u0107 w naszym artykule<span>\u00a0<\/span><a href=\"https:\/\/global-business-recruiting.de\/pl\/wiedziec\/agencja-rekrutacyjna-dla-zagranicznych-specjalistow\/\">Rekrutacja zagranicznych specjalist\u00f3w<\/a>.<\/p>\n<h2>Cz\u0119sto zadawane pytania dotycz\u0105ce outsourcingu<\/h2>\n<\/div><\/div><div class=\"w-separator size_small\"><\/div><div class=\"w-tabs style_default switch_click accordion type_togglable has_scrolling\" style=\"--sections-title-size:inherit\"><div class=\"w-tabs-sections titles-align_none icon_chevron cpos_right\"><div class=\"w-tabs-section\" id=\"n0fb\" itemscope itemprop=\"mainEntity\" itemtype=\"https:\/\/schema.org\/Question\"><button class=\"w-tabs-section-header\" aria-controls=\"content-n0fb\" aria-expanded=\"false\"><div class=\"w-tabs-section-title\" itemprop=\"name\">Czym jest globalny outsourcing?<\/div><div class=\"w-tabs-section-control\"><\/div><\/button><div  class=\"w-tabs-section-content\" id=\"content-n0fb\" itemscope itemprop=\"acceptedAnswer\" itemtype=\"https:\/\/schema.org\/Answer\"><div class=\"w-tabs-section-content-h i-cf\" itemprop=\"text\"><div class=\"wpb_text_column\"><div class=\"wpb_wrapper\"><p>Globalny outsourcing odnosi si\u0119 do outsourcingu proces\u00f3w biznesowych lub zada\u0144 do innego kraju. Celem jest obni\u017cenie koszt\u00f3w, wykorzystanie specjalistycznej wiedzy i uzyskanie dost\u0119pu do wi\u0119kszej puli talent\u00f3w. Outsourcing mo\u017ce jednak r\u00f3wnie\u017c mie\u0107 miejsce w danym kraju na rzecz strony trzeciej.<\/p>\n<\/div><\/div><\/div><\/div><\/div><div class=\"w-tabs-section\" id=\"u1bf\" itemscope itemprop=\"mainEntity\" itemtype=\"https:\/\/schema.org\/Question\"><button class=\"w-tabs-section-header\" aria-controls=\"content-u1bf\" aria-expanded=\"false\"><div class=\"w-tabs-section-title\" itemprop=\"name\">Jakie s\u0105 zalety outsourcingu dla firm?<\/div><div class=\"w-tabs-section-control\"><\/div><\/button><div  class=\"w-tabs-section-content\" id=\"content-u1bf\" itemscope itemprop=\"acceptedAnswer\" itemtype=\"https:\/\/schema.org\/Answer\"><div class=\"w-tabs-section-content-h i-cf\" itemprop=\"text\"><div class=\"wpb_text_column\"><div class=\"wpb_wrapper\"><p>G\u0142\u00f3wne korzy\u015bci to oszcz\u0119dno\u015b\u0107 koszt\u00f3w dzi\u0119ki ni\u017cszym kosztom pracy w krajach outsourcingu, zwi\u0119kszona wydajno\u015b\u0107 operacyjna i dost\u0119p do wi\u0119kszej puli wykwalifikowanych i wyspecjalizowanych specjalist\u00f3w - szczeg\u00f3lnie istotne w czasach niedoboru umiej\u0119tno\u015bci.<\/p>\n<\/div><\/div><\/div><\/div><\/div><div class=\"w-tabs-section\" id=\"q299\" itemscope itemprop=\"mainEntity\" itemtype=\"https:\/\/schema.org\/Question\"><button class=\"w-tabs-section-header\" aria-controls=\"content-q299\" aria-expanded=\"false\"><div class=\"w-tabs-section-title\" itemprop=\"name\">Jakie s\u0105 zagro\u017cenia i wady outsourcingu?<\/div><div class=\"w-tabs-section-control\"><\/div><\/button><div  class=\"w-tabs-section-content\" id=\"content-q299\" itemscope itemprop=\"acceptedAnswer\" itemtype=\"https:\/\/schema.org\/Answer\"><div class=\"w-tabs-section-content-h i-cf\" itemprop=\"text\"><div class=\"wpb_text_column\"><div class=\"wpb_wrapper\"><p>Najcz\u0119stsze zagro\u017cenia obejmuj\u0105 problemy komunikacyjne wynikaj\u0105ce z r\u00f3\u017cnic kulturowych i stref czasowych, trudno\u015bci w kontroli jako\u015bci bez bezpo\u015bredniego nadzoru oraz zagro\u017cenia bezpiecze\u0144stwa, je\u015bli partnerzy zewn\u0119trzni nie posiadaj\u0105 niezb\u0119dnych standard\u00f3w bezpiecze\u0144stwa.<\/p>\n<\/div><\/div><\/div><\/div><\/div><div class=\"w-tabs-section\" id=\"v361\" itemscope itemprop=\"mainEntity\" itemtype=\"https:\/\/schema.org\/Question\"><button class=\"w-tabs-section-header\" aria-controls=\"content-v361\" aria-expanded=\"false\"><div class=\"w-tabs-section-title\" itemprop=\"name\">Kt\u00f3re sektory szczeg\u00f3lnie nadaj\u0105 si\u0119 do outsourcingu?<\/div><div class=\"w-tabs-section-control\"><\/div><\/button><div  class=\"w-tabs-section-content\" id=\"content-v361\" itemscope itemprop=\"acceptedAnswer\" itemtype=\"https:\/\/schema.org\/Answer\"><div class=\"w-tabs-section-content-h i-cf\" itemprop=\"text\"><div class=\"wpb_text_column\"><div class=\"wpb_wrapper\"><p>Us\u0142ugi IT, obs\u0142uga klienta, HR i zadania administracyjne, a tak\u017ce procesy produkcji i zapewniania jako\u015bci s\u0105 szczeg\u00f3lnie cz\u0119sto zlecane na zewn\u0105trz. Zasadniczo jednak z outsourcingu mog\u0105 korzysta\u0107 firmy z niemal ka\u017cdej bran\u017cy i ka\u017cdej wielko\u015bci.<\/p>\n<\/div><\/div><\/div><\/div><\/div><div class=\"w-tabs-section\" id=\"e418\" itemscope itemprop=\"mainEntity\" itemtype=\"https:\/\/schema.org\/Question\"><button class=\"w-tabs-section-header\" aria-controls=\"content-e418\" aria-expanded=\"false\"><div class=\"w-tabs-section-title\" itemprop=\"name\">Dlaczego S\u0142owacja jest popularn\u0105 lokalizacj\u0105 dla outsourcingu?<\/div><div class=\"w-tabs-section-control\"><\/div><\/button><div  class=\"w-tabs-section-content\" id=\"content-e418\" itemscope itemprop=\"acceptedAnswer\" itemtype=\"https:\/\/schema.org\/Answer\"><div class=\"w-tabs-section-content-h i-cf\" itemprop=\"text\"><div class=\"wpb_text_column\"><div class=\"wpb_wrapper\"><p>S\u0142owacja wyr\u00f3\u017cnia si\u0119 blisko\u015bci\u0105 geograficzn\u0105 do Europy Zachodniej, wykwalifikowan\u0105 si\u0142\u0105 robocz\u0105, podobie\u0144stwem kulturowym do rynk\u00f3w europejskich i stosunkowo niskimi kosztami pracy. Global Business Recruiting jest partnerem s\u0142owackiej agencji promocji inwestycji SARIO i wspiera firmy wchodz\u0105ce na s\u0142owacki rynek.<\/p>\n<\/div><\/div><\/div><\/div><\/div><\/div><\/div><\/div><\/div><\/div><\/div><\/section>","protected":false},"excerpt":{"rendered":"Outsourcing wird immer beliebter, da Unternehmen Kosten sparen und die besten qualifizierten Arbeitskr\u00e4fte finden m\u00f6chten \u2013 auf globaler oder nationaler Ebene.\u00a0Globales Outsourcing\u00a0wird definiert als die Auslagerung eines Prozesses in ein anderes Land. Die Definition von Outsourcing schlie\u00dft auch die Auslagerung an eine dritte Partei innerhalb des eigenen Landes ein. Kosteneinsparungen sind der Hauptgrund f\u00fcr Outsourcing,...","protected":false},"author":1,"featured_media":11156,"parent":9347,"menu_order":0,"comment_status":"closed","ping_status":"closed","template":"","meta":{"_acf_changed":false,"footnotes":""},"class_list":["post-9901","page","type-page","status-publish","has-post-thumbnail","hentry"],"acf":[],"_links":{"self":[{"href":"https:\/\/global-business-recruiting.de\/pl\/wp-json\/wp\/v2\/pages\/9901","targetHints":{"allow":["GET"]}}],"collection":[{"href":"https:\/\/global-business-recruiting.de\/pl\/wp-json\/wp\/v2\/pages"}],"about":[{"href":"https:\/\/global-business-recruiting.de\/pl\/wp-json\/wp\/v2\/types\/page"}],"author":[{"embeddable":true,"href":"https:\/\/global-business-recruiting.de\/pl\/wp-json\/wp\/v2\/users\/1"}],"replies":[{"embeddable":true,"href":"https:\/\/global-business-recruiting.de\/pl\/wp-json\/wp\/v2\/comments?post=9901"}],"version-history":[{"count":6,"href":"https:\/\/global-business-recruiting.de\/pl\/wp-json\/wp\/v2\/pages\/9901\/revisions"}],"predecessor-version":[{"id":11184,"href":"https:\/\/global-business-recruiting.de\/pl\/wp-json\/wp\/v2\/pages\/9901\/revisions\/11184"}],"up":[{"embeddable":true,"href":"https:\/\/global-business-recruiting.de\/pl\/wp-json\/wp\/v2\/pages\/9347"}],"wp:featuredmedia":[{"embeddable":true,"href":"https:\/\/global-business-recruiting.de\/pl\/wp-json\/wp\/v2\/media\/11156"}],"wp:attachment":[{"href":"https:\/\/global-business-recruiting.de\/pl\/wp-json\/wp\/v2\/media?parent=9901"}],"curies":[{"name":"wp","href":"https:\/\/api.w.org\/{rel}","templated":true}]}}