{"id":9905,"date":"2026-03-12T09:38:50","date_gmt":"2026-03-12T09:38:50","guid":{"rendered":"https:\/\/global-business-recruiting.de\/wissen\/outsourcing-definition-vor-und-nachteile-und-die-beliebtesten-outsourcing-laender\/"},"modified":"2026-03-28T13:11:05","modified_gmt":"2026-03-28T13:11:05","slug":"oddelegowanie-podwykonawcow-na-calym-swiecie","status":"publish","type":"page","link":"https:\/\/global-business-recruiting.de\/pl\/wissen\/entsendung-subunternehmer-weltweit\/","title":{"rendered":"Oddelegowanie podwykonawc\u00f3w na ca\u0142ym \u015bwiecie"},"content":{"rendered":"<section class=\"l-section wpb_row height_custom\"><div class=\"l-section-h i-cf\"><div class=\"g-cols vc_row via_grid cols_1 laptops-cols_inherit tablets-cols_inherit mobiles-cols_1 valign_top type_default stacking_default\"><div class=\"wpb_column vc_column_container\"><div class=\"vc_column-inner\"><div class=\"wpb_text_column\"><div class=\"wpb_wrapper\"><p>Delegowanie podwykonawc\u00f3w na ca\u0142ym \u015bwiecie staje si\u0119 coraz wa\u017cniejsze dla firm, kt\u00f3re chc\u0105 realizowa\u0107 mi\u0119dzynarodowe projekty. Jasne wymagania i standardy s\u0105 niezb\u0119dne, szczeg\u00f3lnie w przypadku poszukiwania kompetentnych partner\u00f3w z Czech i S\u0142owacji. Zalet\u0105 wsp\u00f3\u0142pracy z firmami z tych kraj\u00f3w jest ich wydajno\u015b\u0107 i niezawodno\u015b\u0107. Udane partnerstwo wymaga otwartej i skutecznej komunikacji w celu przezwyci\u0119\u017cenia r\u00f3\u017cnic kulturowych. Budowanie d\u0142ugoterminowego partnerstwa, utrzymywanie standard\u00f3w jako\u015bci i dzia\u0142anie w spos\u00f3b zr\u00f3wnowa\u017cony - to kluczowe czynniki zapewniaj\u0105ce korzy\u015bci wszystkim zaanga\u017cowanym stronom.<\/p>\n<h2>Jakie znaczenie ma globalne oddelegowanie podwykonawc\u00f3w?<\/h2>\n<p>Wysy\u0142anie podwykonawc\u00f3w na ca\u0142y \u015bwiat jest kluczowym krokiem dla firm, kt\u00f3re chc\u0105 realizowa\u0107 mi\u0119dzynarodowe projekty. Pomimo r\u00f3\u017cnego pochodzenia podwykonawc\u00f3w, wa\u017cne jest utrzymanie standard\u00f3w jako\u015bci i budowanie d\u0142ugoterminowych partnerstw. Zr\u00f3wnowa\u017cone dzia\u0142ania powinny by\u0107 r\u00f3wnie\u017c brane pod uwag\u0119 w kontek\u015bcie globalnym, aby stworzy\u0107 sytuacj\u0119 korzystn\u0105 dla wszystkich zaanga\u017cowanych stron. Mi\u0119dzynarodowa wsp\u00f3\u0142praca z czeskimi i s\u0142owackimi firmami mo\u017ce zatem prowadzi\u0107 do d\u0142ugoterminowego sukcesu.<\/p>\n<h2>Jakie s\u0105 wymagania dotycz\u0105ce kompetentnych podwykonawc\u00f3w?<\/h2>\n<p>Poszukuj\u0105c kompetentnych podwykonawc\u00f3w z Polski, Czech i S\u0142owacji, kluczowe znaczenie maj\u0105 pewne wymagania. Opr\u00f3cz wiedzy technicznej i do\u015bwiadczenia<span>\u00a0<\/span><strong>niezawodno\u015b\u0107<\/strong><span>\u00a0<\/span>decyduj\u0105cym kryterium. Podwykonawcy musz\u0105 by\u0107 w stanie pracowa\u0107 w spos\u00f3b elastyczny, punktualny i zorientowany na klienta, aby zapewni\u0107 sprawny przebieg mi\u0119dzynarodowych projekt\u00f3w. Ponadto niezb\u0119dna jest otwarta komunikacja i umiej\u0119tno\u015b\u0107 wsp\u00f3\u0142pracy mi\u0119dzykulturowej.<\/p>\n<p>Firmy powinny by\u0107 w stanie dostosowa\u0107 si\u0119 do r\u00f3\u017cnych sposob\u00f3w pracy i szanowa\u0107 r\u00f3\u017cnice kulturowe. Partnerstwo r\u00f3wnych sobie jest tak samo wa\u017cne, jak zgodno\u015b\u0107 z normami jako\u015bci i wytycznymi dotycz\u0105cymi ochrony \u015brodowiska. Bior\u0105c pod uwag\u0119 te wymagania, mo\u017cna tworzy\u0107 d\u0142ugoterminowe i udane partnerstwa z czeskimi i s\u0142owackimi firmami, kt\u00f3re s\u0105 korzystne dla obu stron.<\/p>\n<h2>Jakie s\u0105 zalety wsp\u00f3\u0142pracy z czeskimi i s\u0142owackimi firmami?<\/h2>\n<p>Wsp\u00f3\u0142praca z czeskimi i s\u0142owackimi firmami oferuje liczne korzy\u015bci dla mi\u0119dzynarodowych projekt\u00f3w. Dzi\u0119ki wysokiemu poziomowi wiedzy specjalistycznej, niezawodno\u015bci i wydajno\u015bci, podwykonawcy z Czech i S\u0142owacji s\u0105 cennymi partnerami dla firm na ca\u0142ym \u015bwiecie. \u015acis\u0142a wsp\u00f3\u0142praca nie tylko umo\u017cliwia pomy\u015bln\u0105 realizacj\u0119 projekt\u00f3w, ale tak\u017ce promuje wymian\u0119 kulturow\u0105 i wzajemne zrozumienie.<\/p>\n<p>Pomimo r\u00f3\u017cnego pochodzenia, standardy i kontrole jako\u015bci s\u0105 przestrzegane w celu zagwarantowania satysfakcji klienta. Skuteczna komunikacja odgrywa decyduj\u0105c\u0105 rol\u0119 w unikaniu nieporozumie\u0144 i zapewnianiu p\u0142ynnej wsp\u00f3\u0142pracy. D\u0142ugoterminowe partnerstwo z czeskimi i s\u0142owackimi firmami oferuje mo\u017cliwo\u015b\u0107 trwa\u0142ej relacji biznesowej opartej na zaufaniu, szacunku i wsp\u00f3lnych celach.<\/p>\n<h2>Poszukiwanie wiarygodnych partner\u00f3w do projekt\u00f3w mi\u0119dzynarodowych<\/h2>\n<p>Wysy\u0142aj\u0105c podwykonawc\u00f3w z Czech i S\u0142owacji na ca\u0142y \u015bwiat, szczeg\u00f3lnie wa\u017cne jest znalezienie partner\u00f3w, kt\u00f3rzy s\u0105 wiarygodni i spe\u0142niaj\u0105 wysokie standardy jako\u015bci. Wymagania wobec kompetentnych podwykonawc\u00f3w z tych kraj\u00f3w s\u0105 zr\u00f3\u017cnicowane - opr\u00f3cz wiedzy technicznej wa\u017cn\u0105 rol\u0119 odgrywaj\u0105 r\u00f3wnie\u017c umiej\u0119tno\u015bci komunikacyjne i zrozumienie kulturowe. D\u0142ugoterminowe partnerstwo mo\u017cna nawi\u0105za\u0107 tylko dzi\u0119ki skutecznej komunikacji i uwzgl\u0119dnieniu r\u00f3\u017cnic kulturowych.<\/p>\n<p>Zgodno\u015b\u0107 z kontrolami jako\u015bci pomimo r\u00f3\u017cnego pochodzenia podwykonawc\u00f3w ma kluczowe znaczenie. Ostatecznie d\u0105\u017cymy do zr\u00f3wnowa\u017conej wsp\u00f3\u0142pracy, kt\u00f3ra nie tylko przynosi sukces ekonomiczny, ale tak\u017ce promuje \u015bwiadome zachowania \u015brodowiskowe.<\/p>\n<h2>D\u0142ugoterminowe partnerstwa z firmami z Czech i S\u0142owacji<\/h2>\n<p>D\u0142ugoterminowe partnerstwa z firmami z Czech i S\u0142owacji oferuj\u0105 szeroki zakres mo\u017cliwo\u015bci wsp\u00f3lnego rozwoju i d\u0142ugoterminowego sukcesu. Dzi\u0119ki \u015bcis\u0142ej wsp\u00f3\u0142pracy mo\u017cna nie tylko wykorzysta\u0107 indywidualne atuty ka\u017cdej z firm, ale tak\u017ce znale\u017a\u0107 miejsce na innowacje i wsp\u00f3lne projekty. Partnerskie relacje umo\u017cliwiaj\u0105 ci\u0105g\u0142\u0105 wymian\u0119 wiedzy i najlepszych praktyk, co prowadzi do ci\u0105g\u0142ego rozwoju po obu stronach.<\/p>\n<p>Zaufane i d\u0142ugoterminowe partnerstwo opiera si\u0119 na wzajemnym szacunku, jasnych kana\u0142ach komunikacji i wsp\u00f3lnym zrozumieniu cel\u00f3w i warto\u015bci obu firm. Umo\u017cliwia to tworzenie d\u0142ugoterminowych partnerstw, kt\u00f3re s\u0105 nie tylko skuteczne ekonomicznie, ale tak\u017ce zr\u00f3wnowa\u017cone i innowacyjne.<\/p>\n<p>Wi\u0119cej informacji na temat ram prawnych delegowania pracownik\u00f3w za granic\u0119 mo\u017cna znale\u017a\u0107 w naszym artykule na temat<span>\u00a0<\/span><a href=\"https:\/\/global-business-recruiting.de\/pl\/wiedziec\/certyfikat-a1\/\">Certyfikat A1<\/a>.<\/p>\n<h2>Cz\u0119sto zadawane pytania dotycz\u0105ce oddelegowania podwykonawc\u00f3w na ca\u0142ym \u015bwiecie<\/h2>\n<\/div><\/div><div class=\"w-separator size_small\"><\/div><div class=\"w-tabs style_default switch_click accordion type_togglable has_scrolling\" style=\"--sections-title-size:inherit\"><div class=\"w-tabs-sections titles-align_none icon_chevron cpos_right\"><div class=\"w-tabs-section\" id=\"o37d\" itemscope itemprop=\"mainEntity\" itemtype=\"https:\/\/schema.org\/Question\"><button class=\"w-tabs-section-header\" aria-controls=\"content-o37d\" aria-expanded=\"false\"><div class=\"w-tabs-section-title\" itemprop=\"name\">Dlaczego globalne delegowanie podwykonawc\u00f3w staje si\u0119 coraz wa\u017cniejsze?<\/div><div class=\"w-tabs-section-control\"><\/div><\/button><div  class=\"w-tabs-section-content\" id=\"content-o37d\" itemscope itemprop=\"acceptedAnswer\" itemtype=\"https:\/\/schema.org\/Answer\"><div class=\"w-tabs-section-content-h i-cf\" itemprop=\"text\"><div class=\"wpb_text_column\"><div class=\"wpb_wrapper\"><p>Firmy coraz cz\u0119\u015bciej polegaj\u0105 na mi\u0119dzynarodowych podwykonawcach, aby uzyska\u0107 dost\u0119p do wyspecjalizowanych ekspert\u00f3w, zoptymalizowa\u0107 koszty i skutecznie realizowa\u0107 mi\u0119dzynarodowe projekty. W szczeg\u00f3lno\u015bci czescy i s\u0142owaccy podwykonawcy osi\u0105gaj\u0105 wysokie wyniki dzi\u0119ki swojej niezawodno\u015bci, jako\u015bci i blisko\u015bci rynk\u00f3w Europy Zachodniej.<\/p>\n<\/div><\/div><\/div><\/div><\/div><div class=\"w-tabs-section\" id=\"t455\" itemscope itemprop=\"mainEntity\" itemtype=\"https:\/\/schema.org\/Question\"><button class=\"w-tabs-section-header\" aria-controls=\"content-t455\" aria-expanded=\"false\"><div class=\"w-tabs-section-title\" itemprop=\"name\">Jakie wymagania musz\u0105 spe\u0142nia\u0107 podwykonawcy w projektach mi\u0119dzynarodowych?<\/div><div class=\"w-tabs-section-control\"><\/div><\/button><div  class=\"w-tabs-section-content\" id=\"content-t455\" itemscope itemprop=\"acceptedAnswer\" itemtype=\"https:\/\/schema.org\/Answer\"><div class=\"w-tabs-section-content-h i-cf\" itemprop=\"text\"><div class=\"wpb_text_column\"><div class=\"wpb_wrapper\"><p>Opr\u00f3cz wiedzy technicznej, kluczowe znaczenie maj\u0105 niezawodno\u015b\u0107, elastyczno\u015b\u0107, punktualno\u015b\u0107 i orientacja na klienta. Do tego dochodz\u0105 umiej\u0119tno\u015bci komunikacyjne, zrozumienie mi\u0119dzykulturowe i gotowo\u015b\u0107 do przestrzegania standard\u00f3w jako\u015bci klienta i wytycznych dotycz\u0105cych ochrony \u015brodowiska.<\/p>\n<\/div><\/div><\/div><\/div><\/div><div class=\"w-tabs-section\" id=\"p569\" itemscope itemprop=\"mainEntity\" itemtype=\"https:\/\/schema.org\/Question\"><button class=\"w-tabs-section-header\" aria-controls=\"content-p569\" aria-expanded=\"false\"><div class=\"w-tabs-section-title\" itemprop=\"name\">Jakie s\u0105 zalety podwykonawc\u00f3w z Czech i S\u0142owacji?<\/div><div class=\"w-tabs-section-control\"><\/div><\/button><div  class=\"w-tabs-section-content\" id=\"content-p569\" itemscope itemprop=\"acceptedAnswer\" itemtype=\"https:\/\/schema.org\/Answer\"><div class=\"w-tabs-section-content-h i-cf\" itemprop=\"text\"><div class=\"wpb_text_column\"><div class=\"wpb_wrapper\"><p>Oba kraje oferuj\u0105 wykwalifikowanych specjalist\u00f3w, wysoki poziom niezawodno\u015bci i blisko\u015b\u0107 kulturow\u0105 z firmami z Europy Zachodniej. Po\u0142o\u017cenie geograficzne umo\u017cliwia pokonywanie niewielkich odleg\u0142o\u015bci i sprawn\u0105 komunikacj\u0119. D\u0142ugoterminowe partnerstwa z firmami z tych kraj\u00f3w s\u0105 trwa\u0142e i korzystne ekonomicznie dla obu stron.<\/p>\n<\/div><\/div><\/div><\/div><\/div><div class=\"w-tabs-section\" id=\"w637\" itemscope itemprop=\"mainEntity\" itemtype=\"https:\/\/schema.org\/Question\"><button class=\"w-tabs-section-header\" aria-controls=\"content-w637\" aria-expanded=\"false\"><div class=\"w-tabs-section-title\" itemprop=\"name\">Jak nawi\u0105za\u0107 udan\u0105, d\u0142ugoterminow\u0105 wsp\u00f3\u0142prac\u0119 z zagranicznymi podwykonawcami?<\/div><div class=\"w-tabs-section-control\"><\/div><\/button><div  class=\"w-tabs-section-content\" id=\"content-w637\" itemscope itemprop=\"acceptedAnswer\" itemtype=\"https:\/\/schema.org\/Answer\"><div class=\"w-tabs-section-content-h i-cf\" itemprop=\"text\"><div class=\"wpb_text_column\"><div class=\"wpb_wrapper\"><p>Udane partnerstwa opieraj\u0105 si\u0119 na wzajemnym szacunku, jasnych kana\u0142ach komunikacji, wsp\u00f3lnych celach i regularnej kontroli jako\u015bci. R\u00f3\u017cnice kulturowe powinny by\u0107 aktywnie brane pod uwag\u0119 i rozumiane jako mocna strona. Partnerstwo r\u00f3wnych sobie jest tak samo wa\u017cne jak przejrzysto\u015b\u0107 um\u00f3w.<\/p>\n<\/div><\/div><\/div><\/div><\/div><div class=\"w-tabs-section\" id=\"v703\" itemscope itemprop=\"mainEntity\" itemtype=\"https:\/\/schema.org\/Question\"><button class=\"w-tabs-section-header\" aria-controls=\"content-v703\" aria-expanded=\"false\"><div class=\"w-tabs-section-title\" itemprop=\"name\">Jakie dokumenty s\u0105 wymagane przy wysy\u0142aniu podwykonawc\u00f3w za granic\u0119?<\/div><div class=\"w-tabs-section-control\"><\/div><\/button><div  class=\"w-tabs-section-content\" id=\"content-v703\" itemscope itemprop=\"acceptedAnswer\" itemtype=\"https:\/\/schema.org\/Answer\"><div class=\"w-tabs-section-content-h i-cf\" itemprop=\"text\"><div class=\"wpb_text_column\"><div class=\"wpb_wrapper\"><p>W przypadku delegowania pracownik\u00f3w na terenie UE za\u015bwiadczenie A1 jest obowi\u0105zkowe - stanowi ono dow\u00f3d, \u017ce delegowany pracownik podlega sk\u0142adkom na ubezpieczenie spo\u0142eczne w kraju pochodzenia. W zale\u017cno\u015bci od kraju docelowego mog\u0105 by\u0107 wymagane dodatkowe dowody. Global Business Recruiting zapewnia wsparcie w zgodnym z prawem przygotowaniu delegowania.<\/p>\n<\/div><\/div><\/div><\/div><\/div><\/div><\/div><\/div><\/div><\/div><\/div><\/section>","protected":false},"excerpt":{"rendered":"Die weltweite Entsendung von Subunternehmern gewinnt f\u00fcr Unternehmen, die internationale Projekte realisieren m\u00f6chten, zunehmend an Bedeutung. Besonders bei der Suche nach kompetenten Partnern aus Tschechien und der Slowakei sind klare Anforderungen und Standards unerl\u00e4sslich. Die Vorteile einer Zusammenarbeit mit Firmen aus diesen L\u00e4ndern liegen in ihrer Effizienz und Zuverl\u00e4ssigkeit. Eine erfolgreiche Partnerschaft erfordert offene und...","protected":false},"author":1,"featured_media":10534,"parent":9347,"menu_order":0,"comment_status":"closed","ping_status":"closed","template":"","meta":{"_acf_changed":false,"footnotes":""},"class_list":["post-9905","page","type-page","status-publish","has-post-thumbnail","hentry"],"acf":[],"_links":{"self":[{"href":"https:\/\/global-business-recruiting.de\/pl\/wp-json\/wp\/v2\/pages\/9905","targetHints":{"allow":["GET"]}}],"collection":[{"href":"https:\/\/global-business-recruiting.de\/pl\/wp-json\/wp\/v2\/pages"}],"about":[{"href":"https:\/\/global-business-recruiting.de\/pl\/wp-json\/wp\/v2\/types\/page"}],"author":[{"embeddable":true,"href":"https:\/\/global-business-recruiting.de\/pl\/wp-json\/wp\/v2\/users\/1"}],"replies":[{"embeddable":true,"href":"https:\/\/global-business-recruiting.de\/pl\/wp-json\/wp\/v2\/comments?post=9905"}],"version-history":[{"count":6,"href":"https:\/\/global-business-recruiting.de\/pl\/wp-json\/wp\/v2\/pages\/9905\/revisions"}],"predecessor-version":[{"id":11183,"href":"https:\/\/global-business-recruiting.de\/pl\/wp-json\/wp\/v2\/pages\/9905\/revisions\/11183"}],"up":[{"embeddable":true,"href":"https:\/\/global-business-recruiting.de\/pl\/wp-json\/wp\/v2\/pages\/9347"}],"wp:featuredmedia":[{"embeddable":true,"href":"https:\/\/global-business-recruiting.de\/pl\/wp-json\/wp\/v2\/media\/10534"}],"wp:attachment":[{"href":"https:\/\/global-business-recruiting.de\/pl\/wp-json\/wp\/v2\/media?parent=9905"}],"curies":[{"name":"wp","href":"https:\/\/api.w.org\/{rel}","templated":true}]}}