{"id":9913,"date":"2026-03-12T12:31:59","date_gmt":"2026-03-12T12:31:59","guid":{"rendered":"https:\/\/global-business-recruiting.de\/wissen\/arbeitsschutz-wie-unternehmen-die-gesundheit-ihrer-mitarbeiter-schuetzen-muessen\/"},"modified":"2026-03-28T13:10:55","modified_gmt":"2026-03-28T13:10:55","slug":"leasing-personalny-europa-wschodnia","status":"publish","type":"page","link":"https:\/\/global-business-recruiting.de\/pl\/wissen\/personalleasing-osteuropa\/","title":{"rendered":"Leasing pracowniczy w Europie Wschodniej - podstawy, zalety i definicja"},"content":{"rendered":"<section class=\"l-section wpb_row height_custom\"><div class=\"l-section-h i-cf\"><div class=\"g-cols vc_row via_grid cols_1 laptops-cols_inherit tablets-cols_inherit mobiles-cols_1 valign_top type_default stacking_default\"><div class=\"wpb_column vc_column_container\"><div class=\"vc_column-inner\"><div class=\"wpb_text_column\"><div class=\"wpb_wrapper\"><p>Leasing pracownik\u00f3w z Europy Wschodniej staje si\u0119 coraz bardziej popularny w\u015br\u00f3d niemieckich firm. Pow\u00f3d jest oczywisty: blisko\u015b\u0107 geograficzna, pragmatyczna mentalno\u015b\u0107 pracy i silna wiedza specjalistyczna sprawiaj\u0105, \u017ce pracownicy z Europy Wschodniej s\u0105 szczeg\u00f3lnie atrakcyjni - czy to w produkcji, rzemio\u015ble czy logistyce. Leasing personelu oferuje szybkie, elastyczne rozwi\u0105zanie problemu niedoboru wykwalifikowanej si\u0142y roboczej bez konieczno\u015bci podejmowania d\u0142ugoterminowych zobowi\u0105za\u0144 rekrutacyjnych.<\/p>\n<p>Leasing personelu z Europy Wschodniej to szybki spos\u00f3b na wype\u0142nienie luki w zespole: Pracownicy tymczasowi z Europy Wschodniej s\u0105 dost\u0119pni b\u0142yskawicznie, a leasing personelu z Europy Wschodniej jest bezpieczny pod wzgl\u0119dem prawnym. Koszty leasingu pracowniczego s\u0105 przewidywalne i \u0142atwe w zarz\u0105dzaniu - to alternatywa dla sta\u0142ego zatrudnienia.<\/p>\n<h2>Dlaczego leasing personalny z Europy Wschodniej?<\/h2>\n<p>Je\u015bli szukasz wykwalifikowanych specjalist\u00f3w z Europy Wschodniej - czy to informatyk\u00f3w, elektryk\u00f3w, monter\u00f3w, spawaczy, pracownik\u00f3w produkcyjnych, in\u017cynier\u00f3w czy innych ekspert\u00f3w - praca tymczasowa z Europy Wschodniej jest idealnym rozwi\u0105zaniem na niedob\u00f3r wykwalifikowanej si\u0142y roboczej w Niemczech. Pracownicy tymczasowi z Europy Wschodniej nie tylko umo\u017cliwiaj\u0105 outsourcing, ale tak\u017ce czyni\u0105 go bardzo \u0142atwym. Elastyczne zarz\u0105dzanie personelem oferowane przez leasing pracowniczy z Europy Wschodniej gwarantuje, \u017ce firmy otrzymuj\u0105 dok\u0142adnie takie wsparcie, jakiego potrzebuj\u0105 - bez wi\u0119kszego wysi\u0142ku.<\/p>\n<h2>Wprowadzenie do leasingu pracowniczego z Europy Wschodniej: co musisz wiedzie\u0107<\/h2>\n<p>Dla firm, kt\u00f3re s\u0105 nowe w temacie leasingu personelu z Europy Wschodniej, wa\u017cne jest kilka podstawowych punkt\u00f3w:<\/p>\n<ul>\n<li>Umowa o prac\u0119 zawierana jest pomi\u0119dzy agencj\u0105 pracy tymczasowej a pracownikiem tymczasowym z Europy Wschodniej.<\/li>\n<li>Gdy tylko pracownik tymczasowy pracuje w Niemczech, obowi\u0105zuj\u0105 niemieckie warunki pracy, takie jak p\u0142aca minimalna, godziny pracy i prawo do urlopu.<\/li>\n<li>Zagraniczny pracodawca pozostaje oficjalnym pracodawc\u0105 i zajmuje si\u0119 wyp\u0142at\u0105 wynagrodze\u0144 oraz odprowadzaniem sk\u0142adek na ubezpieczenie spo\u0142eczne.<\/li>\n<li>Nie istnieje bezpo\u015bredni stosunek pracy z pracownikiem tymczasowym, a jedynie umowa z zagraniczn\u0105 agencj\u0105 pracy tymczasowej.<\/li>\n<li>Kwalifikacje lub do\u015bwiadczenie w dziedzinie, w kt\u00f3rej chcesz pracowa\u0107, s\u0105 niezb\u0119dne.<\/li>\n<\/ul>\n<p>Leasing personelu z Europy Wschodniej pozwala firmom elastycznie i \u0142atwo reagowa\u0107 na ich potrzeby kadrowe.<\/p>\n<h2>Jak dzia\u0142a leasing pracowniczy? Przewodnik krok po kroku<\/h2>\n<p>Je\u015bli pilnie potrzebujesz wykwalifikowanych pracownik\u00f3w z Europy Wschodniej do swojej firmy, proces jest prosty: kontaktujesz si\u0119 z firm\u0105 leasinguj\u0105c\u0105 personel, okre\u015blasz swoje wymagania, a profesjonali\u015bci przejmuj\u0105 rekrutacj\u0119 z Europy Wschodniej. Znajduj\u0105 oni idealnych pracownik\u00f3w tymczasowych z Europy Wschodniej, podczas gdy Ty mo\u017cesz usi\u0105\u015b\u0107 wygodnie i zrelaksowa\u0107 si\u0119. Podstawa prawna leasingu pracowniczego jest bezpieczna - najemca pozostaje pracodawc\u0105, a Ty korzystasz z elastyczno\u015bci i zalet leasingu pracowniczego. Koszty leasingu pracowniczego s\u0105 przewidywalne i przejrzyste - bez przykrych niespodzianek.<\/p>\n<h2>Grupy zawodowe dost\u0119pne w ramach leasingu pracowniczego z Europy Wschodniej<\/h2>\n<p>Global Business Recruiting umieszcza pracownik\u00f3w z Europy Wschodniej w nast\u0119puj\u0105cych obszarach:<\/p>\n<p><strong>Przemys\u0142 i logistyka:<\/strong><span>\u00a0<\/span>\u015alusarze, spawacze, monterzy, monterzy konstrukcji stalowych\/metalowych, pracownicy produkcji, in\u017cynierowie zak\u0142adu, pomocnicy w magazynie, kierowcy w\u00f3zk\u00f3w wid\u0142owych<\/p>\n<p><strong>Elektryka i HVAC:<\/strong><span>\u00a0<\/span>Elektrycy, elektrycy przemys\u0142owi, technicy elektronicy, monterzy instalacji solarnych, elektrycy, elektrycy fotowoltaiczni, technicy grzewczy, specjali\u015bci ds. fotowoltaiki, technicy wentylacji<\/p>\n<p><strong>Bran\u017ca budowlana:<\/strong><span>\u00a0<\/span>Murarze i tynkarze, budowniczowie dr\u00f3g, monterzy suchej zabudowy i rusztowa\u0144, pracownicy budowlani, dekarze i hydraulicy dachowi, uk\u0142adacze pod\u0142\u00f3g\/parkiet\u00f3w, in\u017cynierowie budowlani i l\u0105dowi<\/p>\n<h2>Wymagania dotycz\u0105ce pracy tymczasowej z Europy Wschodniej<\/h2>\n<p>Aby m\u00f3c zatrudnia\u0107 pracownik\u00f3w tymczasowych jako niemiecka firma, nale\u017cy spe\u0142ni\u0107 szereg wymog\u00f3w. Poniewa\u017c s\u0105 one skomplikowane pod wzgl\u0119dem prawnym, zaleca si\u0119 wsp\u00f3\u0142prac\u0119 z wyspecjalizowan\u0105 agencj\u0105 pracy tymczasowej. Agencje pracy tymczasowej specjalizuj\u0105ce si\u0119 w krajach Europy Wschodniej maj\u0105 siln\u0105 sie\u0107 w krajach pochodzenia i zajmuj\u0105 si\u0119 ca\u0142ym procesem prawnym i organizacyjnym.<\/p>\n<p>Pracownicy tymczasowi z Europy Wschodniej s\u0105 zatrudniani mi\u0119dzy innymi w nast\u0119puj\u0105cych sektorach: IT, przemys\u0142, logistyka, produkcja, technologia solarna, motoryzacja, in\u017cynieria, medycyna i wiele innych sektor\u00f3w.<\/p>\n<p>Leasing pracownik\u00f3w z Europy Wschodniej jest praktykowany w Niemczech od dziesi\u0119cioleci. Do\u015bwiadczeni partnerzy, tacy jak Global Business Recruiting, umieszczaj\u0105 pracownik\u00f3w tymczasowych z kraj\u00f3w Europy Wschodniej, takich jak Polska, Rumunia, W\u0119gry, Czechy, Ukraina, Bu\u0142garia, Estonia, \u0141otwa i Litwa - z gwarancj\u0105, \u017ce wszyscy umieszczeni pracownicy posiadaj\u0105 niezb\u0119dne kwalifikacje zawodowe i j\u0119zykowe.<\/p>\n<h2>Dlaczego Global Business Recruiting dla leasingu pracowniczego z Europy Wschodniej?<\/h2>\n<p>Global Business Recruiting przeprowadza firmy przez zasady i przepisy dotycz\u0105ce zatrudniania pracownik\u00f3w z Europy Wschodniej. Z tysi\u0105cami kandydat\u00f3w w puli, oferujemy szerszy zasi\u0119g. Szukasz wykwalifikowanej lub niewykwalifikowanej si\u0142y roboczej? Nie ma problemu - rekrutujemy na ca\u0142ym \u015bwiecie i zawsze mamy pod r\u0119k\u0105 odpowiednich wykwalifikowanych pracownik\u00f3w z Europy Wschodniej. Nowi pracownicy tymczasowi z Europy Wschodniej p\u0142ynnie integruj\u0105 si\u0119 z Twoj\u0105 firm\u0105.<\/p>\n<p>Nasze wieloletnie do\u015bwiadczenie m\u00f3wi samo za siebie - jeste\u015bmy profesjonalistami w rekrutacji z Europy Wschodniej. Leasing pracowniczy w Europie Wschodniej to nasza podstawowa kompetencja: elastyczne zarz\u0105dzanie personelem i indywidualne rozwi\u0105zania. R\u00f3\u017cne kultury? Znamy si\u0119 na tym i pomo\u017cemy Ci unikn\u0105\u0107 potencjalnych przeszk\u00f3d - od rekrutacji i sourcingu po najlepsze praktyki outsourcingu.<\/p>\n<p>Wi\u0119cej informacji na temat podstawy prawnej mo\u017cna znale\u017a\u0107 w naszym artykule na temat<span>\u00a0<\/span><a href=\"https:\/\/global-business-recruiting.de\/pl\/wiedziec\/leasing-pracowniczy-a-podwykonawstwo\/\">Zatrudnienie tymczasowe a podwykonawstwo<\/a>. Informacje na temat wymaganych dokument\u00f3w mo\u017cna znale\u017a\u0107 w artykule na stronie<span>\u00a0<\/span><a href=\"https:\/\/global-business-recruiting.de\/pl\/wiedziec\/certyfikat-a1\/\">Certyfikat A1<\/a>.<\/p>\n<h2>Najcz\u0119\u015bciej zadawane pytania dotycz\u0105ce leasingu pracowniczego z Europy Wschodniej<\/h2>\n<\/div><\/div><div class=\"w-separator size_small\"><\/div><div class=\"w-tabs style_default switch_click accordion type_togglable has_scrolling\" style=\"--sections-title-size:inherit\"><div class=\"w-tabs-sections titles-align_none icon_chevron cpos_right\"><div class=\"w-tabs-section\" id=\"dcbb\" itemscope itemprop=\"mainEntity\" itemtype=\"https:\/\/schema.org\/Question\"><button class=\"w-tabs-section-header\" aria-controls=\"content-dcbb\" aria-expanded=\"false\"><div class=\"w-tabs-section-title\" itemprop=\"name\">Czym jest leasing personalny z Europy Wschodniej?<\/div><div class=\"w-tabs-section-control\"><\/div><\/button><div  class=\"w-tabs-section-content\" id=\"content-dcbb\" itemscope itemprop=\"acceptedAnswer\" itemtype=\"https:\/\/schema.org\/Answer\"><div class=\"w-tabs-section-content-h i-cf\" itemprop=\"text\"><div class=\"wpb_text_column\"><div class=\"wpb_wrapper\"><p>Leasing personelu z Europy Wschodniej odnosi si\u0119 do dostarczania wykwalifikowanej si\u0142y roboczej z kraj\u00f3w takich jak Polska, Czechy, S\u0142owacja czy Rumunia do niemieckich firm. Po\u017cyczkodawca pozostaje formalnym pracodawc\u0105, podczas gdy najemca otrzymuje si\u0142\u0119 robocz\u0105 w spos\u00f3b elastyczny i bez d\u0142ugoterminowego zobowi\u0105zania. Gdy tylko pracownik tymczasowy pracuje w Niemczech, obowi\u0105zuj\u0105 niemieckie warunki pracy.<\/p>\n<\/div><\/div><\/div><\/div><\/div><div class=\"w-tabs-section\" id=\"cd8d\" itemscope itemprop=\"mainEntity\" itemtype=\"https:\/\/schema.org\/Question\"><button class=\"w-tabs-section-header\" aria-controls=\"content-cd8d\" aria-expanded=\"false\"><div class=\"w-tabs-section-title\" itemprop=\"name\">Jakie s\u0105 zalety leasingu pracowniczego w por\u00f3wnaniu ze sta\u0142ym zatrudnieniem?<\/div><div class=\"w-tabs-section-control\"><\/div><\/button><div  class=\"w-tabs-section-content\" id=\"content-cd8d\" itemscope itemprop=\"acceptedAnswer\" itemtype=\"https:\/\/schema.org\/Answer\"><div class=\"w-tabs-section-content-h i-cf\" itemprop=\"text\"><div class=\"wpb_text_column\"><div class=\"wpb_wrapper\"><p>Leasing personelu umo\u017cliwia szybk\u0105 reakcj\u0119 na potrzeby kadrowe bez d\u0142ugoterminowych zobowi\u0105za\u0144 rekrutacyjnych. Koszty s\u0105 przewidywalne, nak\u0142ady administracyjne niskie, a dost\u0119pno\u015b\u0107 wykwalifikowanej si\u0142y roboczej wysoka. Jest to wyra\u017ana zaleta, szczeg\u00f3lnie w czasach niedoboru wykwalifikowanej si\u0142y roboczej.<\/p>\n<\/div><\/div><\/div><\/div><\/div><div class=\"w-tabs-section\" id=\"ke5a\" itemscope itemprop=\"mainEntity\" itemtype=\"https:\/\/schema.org\/Question\"><button class=\"w-tabs-section-header\" aria-controls=\"content-ke5a\" aria-expanded=\"false\"><div class=\"w-tabs-section-title\" itemprop=\"name\">Jakie niemieckie warunki pracy maj\u0105 zastosowanie do pracownik\u00f3w tymczasowych z Europy Wschodniej?<\/div><div class=\"w-tabs-section-control\"><\/div><\/button><div  class=\"w-tabs-section-content\" id=\"content-ke5a\" itemscope itemprop=\"acceptedAnswer\" itemtype=\"https:\/\/schema.org\/Answer\"><div class=\"w-tabs-section-content-h i-cf\" itemprop=\"text\"><div class=\"wpb_text_column\"><div class=\"wpb_wrapper\"><p>Gdy tylko pracownik tymczasowy zostanie oddelegowany do pracy w Niemczech, obowi\u0105zuj\u0105 niemieckie normy prawne - tj. p\u0142aca minimalna, regulowany czas pracy i prawo do urlopu. Zagraniczny pracodawca jest odpowiedzialny za wyp\u0142at\u0119 wynagrodzenia i sk\u0142adek na ubezpieczenie spo\u0142eczne.<\/p>\n<\/div><\/div><\/div><\/div><\/div><div class=\"w-tabs-section\" id=\"ef4e\" itemscope itemprop=\"mainEntity\" itemtype=\"https:\/\/schema.org\/Question\"><button class=\"w-tabs-section-header\" aria-controls=\"content-ef4e\" aria-expanded=\"false\"><div class=\"w-tabs-section-title\" itemprop=\"name\">Dla jakich sektor\u00f3w leasing personelu z Europy Wschodniej jest szczeg\u00f3lnie odpowiedni?<\/div><div class=\"w-tabs-section-control\"><\/div><\/button><div  class=\"w-tabs-section-content\" id=\"content-ef4e\" itemscope itemprop=\"acceptedAnswer\" itemtype=\"https:\/\/schema.org\/Answer\"><div class=\"w-tabs-section-content-h i-cf\" itemprop=\"text\"><div class=\"wpb_text_column\"><div class=\"wpb_wrapper\"><p>Leasing personelu z Europy Wschodniej jest szczeg\u00f3lnie odpowiedni dla przemys\u0142u i logistyki (monterzy, spawacze, pracownicy produkcji), elektryki i HVAC (elektrycy, monterzy instalacji solarnych, technicy grzewczy) oraz bran\u017cy budowlanej (murarze, p\u0142ytkarze, dekarze). Global Business Recruiting obejmuje szeroki zakres zawod\u00f3w.<\/p>\n<\/div><\/div><\/div><\/div><\/div><div class=\"w-tabs-section\" id=\"q01a\" itemscope itemprop=\"mainEntity\" itemtype=\"https:\/\/schema.org\/Question\"><button class=\"w-tabs-section-header\" aria-controls=\"content-q01a\" aria-expanded=\"false\"><div class=\"w-tabs-section-title\" itemprop=\"name\">Ile kosztuje leasing personelu z Europy Wschodniej?<\/div><div class=\"w-tabs-section-control\"><\/div><\/button><div  class=\"w-tabs-section-content\" id=\"content-q01a\" itemscope itemprop=\"acceptedAnswer\" itemtype=\"https:\/\/schema.org\/Answer\"><div class=\"w-tabs-section-content-h i-cf\" itemprop=\"text\"><div class=\"wpb_text_column\"><div class=\"wpb_wrapper\"><p>Koszty leasingu pracowniczego s\u0105 przejrzyste i przewidywalne - w przeciwie\u0144stwie do cz\u0119sto ukrytych koszt\u00f3w sta\u0142ego zatrudnienia (rekrutacja, zapoznanie, okresy wypowiedzenia). Dok\u0142adna kalkulacja zale\u017cy od grupy zawodowej, czasu trwania zadania i kwalifikacji. Skontaktuj si\u0119 z nami, aby uzyska\u0107 indywidualn\u0105 ofert\u0119.<\/p>\n<\/div><\/div><\/div><\/div><\/div><\/div><\/div><\/div><\/div><\/div><\/div><\/section>","protected":false},"excerpt":{"rendered":"Personalleasing aus Osteuropa wird immer beliebter bei deutschen Unternehmen. Der Grund liegt auf der Hand: Geografische N\u00e4he, eine pragmatische Arbeitsmentalit\u00e4t und starke Fachkenntnisse machen osteurop\u00e4ische Arbeitskr\u00e4fte besonders attraktiv \u2013 ob in der Produktion, im Handwerk oder in der Logistik. Personalleasing bietet dabei eine schnelle, flexible L\u00f6sung f\u00fcr den Fachkr\u00e4ftemangel, ohne langfristige Einstellungsverpflichtungen einzugehen. Mit Personalleasing...","protected":false},"author":1,"featured_media":11158,"parent":9347,"menu_order":0,"comment_status":"closed","ping_status":"closed","template":"","meta":{"_acf_changed":false,"footnotes":""},"class_list":["post-9913","page","type-page","status-publish","has-post-thumbnail","hentry"],"acf":[],"_links":{"self":[{"href":"https:\/\/global-business-recruiting.de\/pl\/wp-json\/wp\/v2\/pages\/9913","targetHints":{"allow":["GET"]}}],"collection":[{"href":"https:\/\/global-business-recruiting.de\/pl\/wp-json\/wp\/v2\/pages"}],"about":[{"href":"https:\/\/global-business-recruiting.de\/pl\/wp-json\/wp\/v2\/types\/page"}],"author":[{"embeddable":true,"href":"https:\/\/global-business-recruiting.de\/pl\/wp-json\/wp\/v2\/users\/1"}],"replies":[{"embeddable":true,"href":"https:\/\/global-business-recruiting.de\/pl\/wp-json\/wp\/v2\/comments?post=9913"}],"version-history":[{"count":7,"href":"https:\/\/global-business-recruiting.de\/pl\/wp-json\/wp\/v2\/pages\/9913\/revisions"}],"predecessor-version":[{"id":11181,"href":"https:\/\/global-business-recruiting.de\/pl\/wp-json\/wp\/v2\/pages\/9913\/revisions\/11181"}],"up":[{"embeddable":true,"href":"https:\/\/global-business-recruiting.de\/pl\/wp-json\/wp\/v2\/pages\/9347"}],"wp:featuredmedia":[{"embeddable":true,"href":"https:\/\/global-business-recruiting.de\/pl\/wp-json\/wp\/v2\/media\/11158"}],"wp:attachment":[{"href":"https:\/\/global-business-recruiting.de\/pl\/wp-json\/wp\/v2\/media?parent=9913"}],"curies":[{"name":"wp","href":"https:\/\/api.w.org\/{rel}","templated":true}]}}