{"id":9917,"date":"2026-03-12T12:36:27","date_gmt":"2026-03-12T12:36:27","guid":{"rendered":"https:\/\/global-business-recruiting.de\/wissen\/personalleasing-osteuropa-grundlagen-vorteile-und-definition\/"},"modified":"2026-03-29T13:14:45","modified_gmt":"2026-03-29T13:14:45","slug":"agencja-rekrutacyjna-mythen","status":"publish","type":"page","link":"https:\/\/global-business-recruiting.de\/pl\/wissen\/mythen-personalvermittlung\/","title":{"rendered":"6 mit\u00f3w rekrutacyjnych obalonych - co powinni wiedzie\u0107 pracownicy"},"content":{"rendered":"<section class=\"l-section wpb_row height_custom\"><div class=\"l-section-h i-cf\"><div class=\"g-cols vc_row via_grid cols_1 laptops-cols_inherit tablets-cols_inherit mobiles-cols_1 valign_top type_default stacking_default\"><div class=\"wpb_column vc_column_container\"><div class=\"vc_column-inner\"><div class=\"wpb_text_column\"><div class=\"wpb_wrapper\"><p>Rekrutacja jest obecnie cz\u0119\u015bci\u0105 wsp\u00f3\u0142czesnego rynku pracy. Wielu pracownik\u00f3w, ale tak\u017ce pracodawc\u00f3w, decyduje si\u0119 na skorzystanie z us\u0142ug agencji rekrutacyjnej podczas poszukiwania pracownik\u00f3w lub pracy. Agencja rekrutacyjna dzia\u0142a jak pomost: Pomaga obu stronom w zaspokojeniu ich potrzeb.<\/p>\n<p>Chocia\u017c jest to obecnie powszechna praktyka, wci\u0105\u017c istnieje wiele nieporozumie\u0144 i uprzedze\u0144 - zar\u00f3wno w\u015br\u00f3d pracownik\u00f3w, jak i pracodawc\u00f3w. Poni\u017cej obalamy jeden po drugim najbardziej uporczywe mity.<\/p>\n<h2>Mit 1: Agencje rekrutacyjne dzia\u0142aj\u0105 wy\u0142\u0105cznie w interesie firm<\/h2>\n<p>Ten mit wci\u0105\u017c pokutuje. Wiele os\u00f3b zak\u0142ada, \u017ce agencje rekrutacyjne dbaj\u0105 wy\u0142\u0105cznie o interesy firm. Jednym z powod\u00f3w tego mitu jest fakt, \u017ce agencje rekrutacyjne s\u0105 zazwyczaj op\u0142acane przez firmy, a nast\u0119pnie zajmuj\u0105 si\u0119 wyszukiwaniem odpowiednich kandydat\u00f3w na og\u0142oszone stanowiska.<\/p>\n<p>Jednak celem profesjonalnej agencji rekrutacyjnej jest znalezienie d\u0142ugoterminowego dopasowania mi\u0119dzy pracownikiem a pracodawc\u0105. Nie chodzi tylko o to, czy kandydaci maj\u0105 predyspozycje zawodowe, ale tak\u017ce o to, czy ich cele zawodowe i warto\u015bci osobiste odpowiadaj\u0105 wymaganiom stanowiska i kulturze korporacyjnej. Ponadto, profesjonalna agencja rekrutacyjna zapewnia r\u00f3wnie\u017c pracownikom kompleksowe wsparcie - pomoc w korekcie CV, rozmowy przygotowawcze do rozm\u00f3w kwalifikacyjnych i inne. Na wsp\u00f3\u0142pracy korzysta zatem r\u00f3wnie\u017c pracownik.<\/p>\n<h2>Mit 2: Tylko pracownicy o s\u0142abych perspektywach korzystaj\u0105 z us\u0142ug agencji rekrutacyjnych<\/h2>\n<p>Wci\u0105\u017c pokutuje przekonanie, \u017ce z us\u0142ug agencji rekrutacyjnych korzystaj\u0105 wy\u0142\u0105cznie osoby, kt\u00f3re same maj\u0105 trudno\u015bci ze znalezieniem pracy. Mo\u017cna przypuszcza\u0107, \u017ce osoby, kt\u00f3re tak twierdz\u0105, nie s\u0105 \u015bwiadome szerokiego zakresu us\u0142ug oferowanych przez agencje rekrutacyjne.<\/p>\n<p>Agencje rekrutacyjne wsp\u00f3\u0142pracuj\u0105 z kandydatami ze wszystkich grup zawodowych i poziom\u00f3w kwalifikacji - od os\u00f3b rozpoczynaj\u0105cych karier\u0119 zawodow\u0105 po do\u015bwiadczonych mened\u017cer\u00f3w. Agencje rekrutacyjne dysponuj\u0105 szerok\u0105 sieci\u0105 r\u00f3\u017cnych firm i pracownik\u00f3w, kt\u00f3rych mo\u017cna ze sob\u0105 po\u0142\u0105czy\u0107. W szczeg\u00f3lno\u015bci wysoko wykwalifikowani mened\u017cerowie maj\u0105 mo\u017cliwo\u015b\u0107 uzyskania dost\u0119pu do ofert pracy, kt\u00f3re nie s\u0105 publicznie og\u0142aszane za po\u015brednictwem agencji rekrutacyjnej - tak zwanych ukrytych ofert pracy. Wiele firm korzysta z tej ekskluzywnej us\u0142ugi, aby unikn\u0105\u0107 zalewu aplikacjami.<\/p>\n<h2>Mit 3: Agencje rekrutacyjne s\u0105 drogie<\/h2>\n<p>To cz\u0119sto niewiedza powstrzymuje pracownik\u00f3w przed wsp\u00f3\u0142prac\u0105 z agencjami rekrutacyjnymi. Obawiaj\u0105 si\u0119 oni, \u017ce us\u0142uga ta wi\u0105\u017ce si\u0119 z wysokimi kosztami.<\/p>\n<p>O czym wiele os\u00f3b zapomina: Agencje rekrutacyjne s\u0105 zazwyczaj op\u0142acane przez firm\u0119 poszukuj\u0105c\u0105 pracownik\u00f3w - nie przez pracownik\u00f3w. Us\u0142ugi agencji rekrutacyjnych s\u0105 zatem bezp\u0142atne dla pracownik\u00f3w. Jednak ka\u017cdy pracownik mo\u017ce dowiedzie\u0107 si\u0119 od agencji rekrutacyjnej, czy s\u0105 jakie\u015b koszty. Renomowana agencja rekrutacyjna zapewni przejrzyste informacje na temat koszt\u00f3w. W wi\u0119kszo\u015bci przypadk\u00f3w agencja rekrutacyjna otrzymuje prowizj\u0119, je\u015bli kandydat zostanie pomy\u015blnie zatrudniony - jest ona wyp\u0142acana przez firm\u0119.<\/p>\n<h2>Mit 4: Agencje rekrutacyjne zapewniaj\u0105 tylko prac\u0119 tymczasow\u0105<\/h2>\n<p>W pocz\u0105tkach rekrutacji powszechne by\u0142o oddelegowywanie pracownik\u00f3w do agencji pracy tymczasowej. W mi\u0119dzyczasie obszary te zosta\u0142y rozdzielone i istnieje wyra\u017ane rozr\u00f3\u017cnienie mi\u0119dzy agencjami rekrutacyjnymi a agencjami pracy tymczasowej.<\/p>\n<p>Wiele agencji rekrutacyjnych oferuje r\u00f3wnie\u017c obie te us\u0142ugi. Kandydat mo\u017ce jednak dowiedzie\u0107 si\u0119 o tym z wyprzedzeniem, a tak\u017ce wyrazi\u0107 zgod\u0119 na to, czy chcia\u0142by zosta\u0107 oddelegowany do firmy na okre\u015blony czas - czy te\u017c chcia\u0142by skorzysta\u0107 z us\u0142ugi, aby upewni\u0107 si\u0119, \u017ce zostanie dla niego znalezione odpowiednie stanowisko.<\/p>\n<h2>Mit 5: Brokerzy nie zaspokajaj\u0105 indywidualnych potrzeb<\/h2>\n<p>Cz\u0119sto twierdzi si\u0119, \u017ce agencje rekrutacyjne nie reaguj\u0105 wystarczaj\u0105co na indywidualne potrzeby i \u017cyczenia swoich kandydat\u00f3w. Oczywi\u015bcie mo\u017ce si\u0119 tak zdarzy\u0107 w indywidualnych przypadkach, ale zale\u017cy to r\u00f3wnie\u017c od komunikacji mi\u0119dzy pracownikiem a agencj\u0105.<\/p>\n<p>Wr\u0119cz przeciwnie, agencja rekrutacyjna jest bardzo zainteresowana zrozumieniem \u017cycze\u0144 i cel\u00f3w swoich kandydat\u00f3w. Im lepiej je zrozumie, tym lepiej b\u0119dzie w stanie obsadzi\u0107 wakaty pracownikami. Celem agencji rekrutacyjnej jest znalezienie d\u0142ugoterminowego zatrudnienia. Dlatego wa\u017cne jest, aby pracownicy otwarcie i szczerze komunikowali si\u0119 z agencj\u0105 rekrutacyjn\u0105 - cele zawodowe i oczekiwania dotycz\u0105ce nowego stanowiska s\u0105 oczywi\u015bcie brane pod uwag\u0119.<\/p>\n<h2>Mit 6: Agencje rekrutacyjne s\u0105 jedynie po\u015brednikami i nie oferuj\u0105 realnego wsparcia.<\/h2>\n<p>Cz\u0119sto s\u0142yszy si\u0119, \u017ce agencje rekrutacyjne zajmuj\u0105 si\u0119 wy\u0142\u0105cznie \u0142\u0105czeniem firm i kandydat\u00f3w. Jest to przestarza\u0142y pogl\u0105d, kt\u00f3ry nie odpowiada ju\u017c rzeczywisto\u015bci we wsp\u00f3\u0142czesnym \u015bwiecie pracy.<\/p>\n<p>Profesjonalne agencje rekrutacyjne dysponuj\u0105 szerokim portfolio us\u0142ug, kt\u00f3re wykraczaj\u0105 daleko poza zwyk\u0142e po\u015brednictwo pracy: wsparcie w przygotowaniu profesjonalnych dokument\u00f3w aplikacyjnych, cenne wskaz\u00f3wki dotycz\u0105ce rozm\u00f3w kwalifikacyjnych, a tak\u017ce wskaz\u00f3wki dotycz\u0105ce negocjacji wynagrodze\u0144 dla pracownik\u00f3w, kt\u00f3rzy ju\u017c znale\u017ali si\u0119 na danym stanowisku. Dobra agencja rekrutacyjna posiada r\u00f3wnie\u017c rozleg\u0142\u0105 wiedz\u0119 na temat rynku pracy i mo\u017ce zapewni\u0107 swoim kandydatom cenny wgl\u0105d w trendy bran\u017cowe i struktury wynagrodze\u0144.<\/p>\n<h2>Jakie s\u0105 zalety wsp\u00f3\u0142pracy z agencj\u0105 rekrutacyjn\u0105?<\/h2>\n<p>Jedn\u0105 z najwi\u0119kszych zalet jest sie\u0107 kontakt\u00f3w: agencja rekrutacyjna ma kontakty z firmami i osobami decyzyjnymi w r\u00f3\u017cnych sektorach i firmach r\u00f3\u017cnej wielko\u015bci - w tym na wielu stanowiskach, kt\u00f3re nie s\u0105 og\u0142aszane publicznie. Dla pracownik\u00f3w oznacza to dost\u0119p do ekskluzywnych ofert pracy, kt\u00f3rych normalnie by nie znale\u017ali.<\/p>\n<p>Agencja rekrutacyjna oszcz\u0119dza r\u00f3wnie\u017c czas: wyszukuje odpowiednie oferty pracy i pomaga kandydatom sk\u0142ada\u0107 aplikacje w ukierunkowany spos\u00f3b. Agencja z wyprzedzeniem definiuje cele zawodowe, wyszukuje odpowiednie oferty pracy i pomaga stworzy\u0107 profesjonalne portfolio aplikacyjne - w tym profesjonalne CV przy u\u017cyciu aktualnych metod. Ekspert ds. rekrutacji pomaga r\u00f3wnie\u017c kandydatom nie tylko znale\u017a\u0107 nast\u0119pn\u0105 prac\u0119, ale mo\u017ce r\u00f3wnie\u017c strategicznie skoncentrowa\u0107 agencj\u0119 rekrutacyjn\u0105 na znalezieniu odpowiednich miejsc pracy i ofert, kt\u00f3re z powodzeniem reprezentuj\u0105 cele zawodowe kandydata.<\/p>\n<p>Wi\u0119cej informacji na temat zatrudniania wykwalifikowanych pracownik\u00f3w z zagranicy mo\u017cna znale\u017a\u0107 w naszym artykule<span>\u00a0<\/span><a href=\"https:\/\/global-business-recruiting.de\/pl\/wiedziec\/agencja-rekrutacyjna-dla-zagranicznych-specjalistow\/\">Rekrutacja zagranicznych specjalist\u00f3w<\/a>.<\/p>\n<h2>Cz\u0119sto zadawane pytania dotycz\u0105ce rekrutacji<\/h2>\n<\/div><\/div><div class=\"w-separator size_small\"><\/div><div class=\"w-tabs style_default switch_click accordion type_togglable has_scrolling\" style=\"--sections-title-size:inherit\"><div class=\"w-tabs-sections titles-align_none icon_chevron cpos_right\"><div class=\"w-tabs-section\" id=\"c5c5\" itemscope itemprop=\"mainEntity\" itemtype=\"https:\/\/schema.org\/Question\"><button class=\"w-tabs-section-header\" aria-controls=\"content-c5c5\" aria-expanded=\"false\"><div class=\"w-tabs-section-title\" itemprop=\"name\">Czy agencja rekrutacyjna co\u015b kosztuje pracownika?<\/div><div class=\"w-tabs-section-control\"><\/div><\/button><div  class=\"w-tabs-section-content\" id=\"content-c5c5\" itemscope itemprop=\"acceptedAnswer\" itemtype=\"https:\/\/schema.org\/Answer\"><div class=\"w-tabs-section-content-h i-cf\" itemprop=\"text\"><div class=\"wpb_text_column\"><div class=\"wpb_wrapper\"><p>Zazwyczaj nie. Agencja rekrutacyjna jest op\u0142acana przez firm\u0119 poszukuj\u0105c\u0105 kandydata, a nie przez pracownika. Korzystanie z us\u0142ugi jest zatem zazwyczaj bezp\u0142atne dla kandydat\u00f3w. Renomowana agencja rekrutacyjna udzieli przejrzystych informacji na temat koszt\u00f3w ponoszonych w konkretnym przypadku.<\/p>\n<\/div><\/div><\/div><\/div><\/div><div class=\"w-tabs-section\" id=\"s6c2\" itemscope itemprop=\"mainEntity\" itemtype=\"https:\/\/schema.org\/Question\"><button class=\"w-tabs-section-header\" aria-controls=\"content-s6c2\" aria-expanded=\"false\"><div class=\"w-tabs-section-title\" itemprop=\"name\">Kto korzysta na wsp\u00f3\u0142pracy z agencj\u0105 rekrutacyjn\u0105?<\/div><div class=\"w-tabs-section-control\"><\/div><\/button><div  class=\"w-tabs-section-content\" id=\"content-s6c2\" itemscope itemprop=\"acceptedAnswer\" itemtype=\"https:\/\/schema.org\/Answer\"><div class=\"w-tabs-section-content-h i-cf\" itemprop=\"text\"><div class=\"wpb_text_column\"><div class=\"wpb_wrapper\"><p>Dla niemal ka\u017cdego - od os\u00f3b rozpoczynaj\u0105cych karier\u0119 zawodow\u0105 po do\u015bwiadczonych specjalist\u00f3w i mened\u017cer\u00f3w. Agencje rekrutacyjne dzia\u0142aj\u0105 we wszystkich sektorach i maj\u0105 dost\u0119p do ofert pracy, kt\u00f3re nie s\u0105 og\u0142aszane publicznie. Jest to szczeg\u00f3lnie op\u0142acalne dla ka\u017cdego, kto chce zaoszcz\u0119dzi\u0107 czas i skorzysta\u0107 z profesjonalnego wsparcia podczas procesu aplikacyjnego.<\/p>\n<\/div><\/div><\/div><\/div><\/div><div class=\"w-tabs-section\" id=\"m78d\" itemscope itemprop=\"mainEntity\" itemtype=\"https:\/\/schema.org\/Question\"><button class=\"w-tabs-section-header\" aria-controls=\"content-m78d\" aria-expanded=\"false\"><div class=\"w-tabs-section-title\" itemprop=\"name\">Czy agencje rekrutacyjne oferuj\u0105 tylko prac\u0119 tymczasow\u0105?<\/div><div class=\"w-tabs-section-control\"><\/div><\/button><div  class=\"w-tabs-section-content\" id=\"content-m78d\" itemscope itemprop=\"acceptedAnswer\" itemtype=\"https:\/\/schema.org\/Answer\"><div class=\"w-tabs-section-content-h i-cf\" itemprop=\"text\"><div class=\"wpb_text_column\"><div class=\"wpb_wrapper\"><p>Nie. Wiele agencji oferuje zar\u00f3wno prac\u0119 tymczasow\u0105, jak i bezpo\u015brednie zatrudnienie na sta\u0142e. Kandydat sam decyduje, z kt\u00f3rej us\u0142ugi chce skorzysta\u0107. Rekrutacja i praca tymczasowa to dzi\u015b wyra\u017anie odr\u0119bne obszary.<\/p>\n<\/div><\/div><\/div><\/div><\/div><div class=\"w-tabs-section\" id=\"q858\" itemscope itemprop=\"mainEntity\" itemtype=\"https:\/\/schema.org\/Question\"><button class=\"w-tabs-section-header\" aria-controls=\"content-q858\" aria-expanded=\"false\"><div class=\"w-tabs-section-title\" itemprop=\"name\">Czym r\u00f3\u017cni si\u0119 agencja rekrutacyjna od agencji pracy tymczasowej?<\/div><div class=\"w-tabs-section-control\"><\/div><\/button><div  class=\"w-tabs-section-content\" id=\"content-q858\" itemscope itemprop=\"acceptedAnswer\" itemtype=\"https:\/\/schema.org\/Answer\"><div class=\"w-tabs-section-content-h i-cf\" itemprop=\"text\"><div class=\"wpb_text_column\"><div class=\"wpb_wrapper\"><p>Agencja rekrutacyjna \u0142\u0105czy pracownik\u00f3w i pracodawc\u00f3w na sta\u0142e - zazwyczaj na sta\u0142ym stanowisku. Z drugiej strony agencja pracy tymczasowej wypo\u017cycza pracownik\u00f3w firmom tymczasowo, ale pozostaje formalnym pracodawc\u0105. Wiele agencji oferuje obecnie obie te us\u0142ugi.<\/p>\n<\/div><\/div><\/div><\/div><\/div><div class=\"w-tabs-section\" id=\"t920\" itemscope itemprop=\"mainEntity\" itemtype=\"https:\/\/schema.org\/Question\"><button class=\"w-tabs-section-header\" aria-controls=\"content-t920\" aria-expanded=\"false\"><div class=\"w-tabs-section-title\" itemprop=\"name\">Jak przebiega wsp\u00f3\u0142praca z agencj\u0105 rekrutacyjn\u0105?<\/div><div class=\"w-tabs-section-control\"><\/div><\/button><div  class=\"w-tabs-section-content\" id=\"content-t920\" itemscope itemprop=\"acceptedAnswer\" itemtype=\"https:\/\/schema.org\/Answer\"><div class=\"w-tabs-section-content-h i-cf\" itemprop=\"text\"><div class=\"wpb_text_column\"><div class=\"wpb_wrapper\"><p>Pierwszym krokiem jest spotkanie w celu om\u00f3wienia Twoich \u017cycze\u0144 i cel\u00f3w zawodowych. Nast\u0119pnie agencja rekrutacyjna strategicznie wyszukuje odpowiednie stanowiska, zapewnia wsparcie w zakresie portfolio aplikacji i przygotowuje do rozm\u00f3w kwalifikacyjnych. Celem jest d\u0142ugoterminowe, odpowiednie zatrudnienie - a nie jakakolwiek praca.<\/p>\n<\/div><\/div><\/div><\/div><\/div><\/div><\/div><\/div><\/div><\/div><\/div><\/section>","protected":false},"excerpt":{"rendered":"Mittlerweile geh\u00f6rt die Personalvermittlung zum modernen Arbeitsmarkt. Viele Arbeitnehmer, aber auch Arbeitgeber entscheiden sich daf\u00fcr, einen Personaldienstleister bei der Personalsuche oder Jobsuche zu nehmen. Die Personalvermittlungsagentur hat dabei die Funktion einer Br\u00fccke: Sie hilft beiden Seiten, dass ihre jeweiligen Bed\u00fcrfnisse erf\u00fcllt werden. Obwohl es in der Praxis mittlerweile gang und g\u00e4be ist, gibt es immer...","protected":false},"author":1,"featured_media":11159,"parent":9347,"menu_order":0,"comment_status":"closed","ping_status":"closed","template":"","meta":{"_acf_changed":false,"footnotes":""},"class_list":["post-9917","page","type-page","status-publish","has-post-thumbnail","hentry"],"acf":[],"_links":{"self":[{"href":"https:\/\/global-business-recruiting.de\/pl\/wp-json\/wp\/v2\/pages\/9917","targetHints":{"allow":["GET"]}}],"collection":[{"href":"https:\/\/global-business-recruiting.de\/pl\/wp-json\/wp\/v2\/pages"}],"about":[{"href":"https:\/\/global-business-recruiting.de\/pl\/wp-json\/wp\/v2\/types\/page"}],"author":[{"embeddable":true,"href":"https:\/\/global-business-recruiting.de\/pl\/wp-json\/wp\/v2\/users\/1"}],"replies":[{"embeddable":true,"href":"https:\/\/global-business-recruiting.de\/pl\/wp-json\/wp\/v2\/comments?post=9917"}],"version-history":[{"count":6,"href":"https:\/\/global-business-recruiting.de\/pl\/wp-json\/wp\/v2\/pages\/9917\/revisions"}],"predecessor-version":[{"id":11180,"href":"https:\/\/global-business-recruiting.de\/pl\/wp-json\/wp\/v2\/pages\/9917\/revisions\/11180"}],"up":[{"embeddable":true,"href":"https:\/\/global-business-recruiting.de\/pl\/wp-json\/wp\/v2\/pages\/9347"}],"wp:featuredmedia":[{"embeddable":true,"href":"https:\/\/global-business-recruiting.de\/pl\/wp-json\/wp\/v2\/media\/11159"}],"wp:attachment":[{"href":"https:\/\/global-business-recruiting.de\/pl\/wp-json\/wp\/v2\/media?parent=9917"}],"curies":[{"name":"wp","href":"https:\/\/api.w.org\/{rel}","templated":true}]}}