{"id":9921,"date":"2026-03-12T12:38:45","date_gmt":"2026-03-12T12:38:45","guid":{"rendered":"https:\/\/global-business-recruiting.de\/wissen\/6-mythen-der-personalvermittlung-entlarvt-was-arbeitnehmer-wissen-sollten\/"},"modified":"2026-03-29T13:15:28","modified_gmt":"2026-03-29T13:15:28","slug":"przeglad-niemieckich-stoczni","status":"publish","type":"page","link":"https:\/\/global-business-recruiting.de\/pl\/wissen\/deutsche-werften-uebersicht\/","title":{"rendered":"Niemieckie stocznie i ich specjalizacje: Kr\u0119gos\u0142up niemieckiego przemys\u0142u stoczniowego"},"content":{"rendered":"<section class=\"l-section wpb_row height_custom\"><div class=\"l-section-h i-cf\"><div class=\"g-cols vc_row via_grid cols_1 laptops-cols_inherit tablets-cols_inherit mobiles-cols_1 valign_top type_default stacking_default\"><div class=\"wpb_column vc_column_container\"><div class=\"vc_column-inner\"><div class=\"wpb_text_column\"><div class=\"wpb_wrapper\"><p>Niemiecki przemys\u0142 stoczniowy cieszy si\u0119 doskona\u0142\u0105 reputacj\u0105 na ca\u0142ym \u015bwiecie. W szczeg\u00f3lno\u015bci niemieckie stocznie wyr\u00f3\u017cniaj\u0105 si\u0119 precyzj\u0105, doskona\u0142o\u015bci\u0105 technologiczn\u0105 i specjalizacj\u0105 w zaawansowanych typach statk\u00f3w. Niezale\u017cnie od tego, czy chodzi o okr\u0119ty wojskowe, statki badawcze, specjalistyczne pojazdy czy luksusowe jachty - Niemcy s\u0105 jednym z wiod\u0105cych kraj\u00f3w w dziedzinie wysokiej jako\u015bci przemys\u0142u stoczniowego. W tym artykule szczeg\u00f3\u0142owo przyjrzymy si\u0119 najbardziej znanym niemieckim stoczniom i poka\u017cemy, co wyr\u00f3\u017cnia je na arenie mi\u0119dzynarodowej.<\/p>\n<h2>TKMS - Niemieckie stocznie do budowy statk\u00f3w wojskowych<\/h2>\n<p>Thyssenkrupp Marine Systems (TKMS) jest jedn\u0105 z najwa\u017cniejszych niemieckich stoczni zajmuj\u0105cych si\u0119 budow\u0105 okr\u0119t\u00f3w wojskowych. Firma opracowuje i buduje najnowocze\u015bniejsze okr\u0119ty podwodne i nawodne dla mi\u0119dzynarodowych marynarki wojennych i niemieckich si\u0142 zbrojnych.<\/p>\n<p>Najwi\u0119kszym wyzwaniem w budowie okr\u0119t\u00f3w wojskowych jest r\u00f3wnowa\u017cenie sprzecznych wymaga\u0144: Okr\u0119ty powinny by\u0107 tak kompaktowe, trudne do zlokalizowania i oszcz\u0119dne, jak to tylko mo\u017cliwe - ale jednocze\u015bnie oferowa\u0107 daleki zasi\u0119g, pot\u0119\u017cne uzbrojenie, nowoczesn\u0105 technologi\u0119 czujnik\u00f3w i wysok\u0105 odporno\u015b\u0107 bojow\u0105. W\u0142a\u015bnie t\u0119 r\u00f3wnowag\u0119 TKMS opanowa\u0142 na najwy\u017cszym poziomie.<\/p>\n<p>Szczeg\u00f3lny nacisk k\u0142adziony jest na konwencjonalne okr\u0119ty podwodne bez nap\u0119du j\u0105drowego oraz na wielozadaniowe okr\u0119ty nawodne, kt\u00f3re mog\u0105 dzia\u0142a\u0107 w powietrzu, na wodzie i pod wod\u0105. Opr\u00f3cz samych okr\u0119t\u00f3w, TKMS dostarcza kompletne systemy - od uzbrojenia i system\u00f3w dowodzenia po systemy obronne, konserwacj\u0119, modernizacj\u0119 i konwersj\u0119 w ca\u0142ym cyklu \u017cycia.<\/p>\n<h2>Fassmer Werft - rodzinna firma o globalnym zasi\u0119gu<\/h2>\n<p>Fassmer Werft jest jedn\u0105 z najbardziej tradycyjnych niemieckich stoczni. Za\u0142o\u017cona w 1850 roku, rodzinna firma dzia\u0142a obecnie na arenie mi\u0119dzynarodowej i jest znana ze swojej innowacyjno\u015bci. Fassmer specjalizuje si\u0119 w budowie statk\u00f3w specjalnych, w tym statk\u00f3w badawczych i ekspedycyjnych, prom\u00f3w i statk\u00f3w przybrze\u017cnych, jacht\u00f3w eksploracyjnych, a tak\u017ce statk\u00f3w ratowniczych, roboczych i zaopatrzeniowych.<\/p>\n<p>Firma produkuje r\u00f3wnie\u017c komponenty do turbin wiatrowych i przemys\u0142u motoryzacyjnego. Zatrudniaj\u0105c ponad 1500 pracownik\u00f3w i posiadaj\u0105c zak\u0142ady produkcyjne w Niemczech, Chinach, Polsce i USA, Fassmer inwestuje znaczne \u015brodki w badania i rozw\u00f3j. Po\u0142\u0105czenie przemys\u0142u stoczniowego, technologii w\u0142\u00f3kien, in\u017cynierii instalacji i energii wiatrowej zapewnia silne efekty synergii.<\/p>\n<h2>Stocznia w Kilonii - historyczne centrum niemieckiego przemys\u0142u stoczniowego<\/h2>\n<p>Stocznia w Kilonii jest \u015bci\u015ble zwi\u0105zana z histori\u0105 niemieckiego przemys\u0142u stoczniowego. Jej historia si\u0119ga Howaldtswerke-Deutsche Werft (HDW) i Kaiserliche Werft Kiel - obu kluczowych graczy w dziedzinie budowy statk\u00f3w wojskowych w Cesarstwie Niemieckim.<\/p>\n<p>Obecnie zak\u0142ad w Kilonii-Gaarden jest cz\u0119\u015bci\u0105 TKMS i jedn\u0105 z najwa\u017cniejszych lokalizacji do budowy okr\u0119t\u00f3w wojennych i podwodnych w Europie. Dziesi\u0119ciolecia do\u015bwiadcze\u0144 i infrastruktura przemys\u0142owa sprawiaj\u0105, \u017ce Kilonia jest strategicznym o\u015brodkiem dla niemieckiego przemys\u0142u stoczniowego.<\/p>\n<h2>Inne wa\u017cne niemieckie stocznie i ich specjalizacje<\/h2>\n<p>Opr\u00f3cz wielkich marek, liczne niemieckie stocznie \u015bredniej wielko\u015bci kszta\u0142tuj\u0105 rynek poprzez ekstremaln\u0105 specjalizacj\u0119:<\/p>\n<p><strong>Blohm + Voss (Hamburg)<\/strong><span>\u00a0<\/span>jest znana z napraw, przebudowy i budowy nowych statk\u00f3w wycieczkowych, luksusowych liniowc\u00f3w, okr\u0119t\u00f3w wojennych i statk\u00f3w badawczych.<\/p>\n<p><strong>Niemieckie stocznie morskie (Kilonia\/Wilhelmshaven)<\/strong><span>\u00a0<\/span>Koncentruje si\u0119 na korwetach, fregatach i statkach zaopatrzeniowych dla marynarki wojennej, a tak\u017ce na budowie kad\u0142ub\u00f3w i wyposa\u017cenia.<\/p>\n<p><strong>Abeking &amp; Rasmussen (Lemwerder)<\/strong><span>\u00a0<\/span>specjalizuje si\u0119 w superjachtach, statkach badawczych i ekspedycyjnych, w tym w wysokiej jako\u015bci wyposa\u017ceniu wn\u0119trz.<\/p>\n<p><strong>Stocznia Bardowick (Lubeka\/Rostock)<\/strong><span>\u00a0<\/span>buduje lodo\u0142amacze, holowniki, statki ratownicze i morskie statki pomocnicze.<\/p>\n<p><strong>Stocznia Hitzler (Lauenburg)<\/strong><span>\u00a0<\/span>koncentruje si\u0119 na statkach pasa\u017cerskich, promach i statkach \u017ceglugi \u015br\u00f3dl\u0105dowej, a tak\u017ce na naprawach i specjalnych przebudowach.<\/p>\n<p>Wi\u0119kszo\u015b\u0107 niemieckich stoczni zatrudnia od 50 do 1000 os\u00f3b i ka\u017cdego roku produkuje niewielk\u0105 liczb\u0119 wysoce skomplikowanych technicznie statk\u00f3w. Nacisk k\u0142adziony jest na jako\u015b\u0107, a nie na masow\u0105 produkcj\u0119.<\/p>\n<h2>Dlaczego niemieckie stocznie s\u0105 mi\u0119dzynarodowymi liderami<\/h2>\n<p>Aby sprosta\u0107 globalnej presji konkurencyjnej, niemieckie stocznie sta\u0142y si\u0119 wysoce wyspecjalizowane. Zamiast na masowej produkcji, koncentruj\u0105 si\u0119 one na technologicznym przyw\u00f3dztwie, niestandardowych rozwi\u0105zaniach, wysokich standardach bezpiecze\u0144stwa i jako\u015bci oraz wieloletnim do\u015bwiadczeniu. Ta strategia sprawia, \u017ce niemiecki przemys\u0142 stoczniowy jest szczeg\u00f3lnie atrakcyjny dla mi\u0119dzynarodowych klient\u00f3w o wysokich wymaganiach.<\/p>\n<p>Krajobraz niemieckich stoczni \u0142\u0105czy w sobie znane na ca\u0142ym \u015bwiecie grupy z wysoce wyspecjalizowanymi firmami rodzinnymi. Ich d\u0142uga tradycja, w po\u0142\u0105czeniu z si\u0142\u0105 innowacji i doskona\u0142o\u015bci\u0105 techniczn\u0105, gwarantuje, \u017ce niemiecki przemys\u0142 stoczniowy b\u0119dzie nadal zajmowa\u0142 siln\u0105 pozycj\u0119 w mi\u0119dzynarodowej konkurencji w przysz\u0142o\u015bci.<\/p>\n<p>Przegl\u0105d innych znanych stoczni - w tym Meyer Werft i L\u00fcrssen - mo\u017cna znale\u017a\u0107 w naszym artykule<span>\u00a0<\/span><a href=\"https:\/\/global-business-recruiting.de\/pl\/wiedziec\/niemieckie-stocznie\/\">Niemiecki przemys\u0142 stoczniowy - typowe stocznie<\/a>.<\/p>\n<h2>Najcz\u0119\u015bciej zadawane pytania dotycz\u0105ce niemieckich stoczni<\/h2>\n<\/div><\/div><div class=\"w-separator size_small\"><\/div><div class=\"w-tabs style_default switch_click accordion type_togglable has_scrolling\" style=\"--sections-title-size:inherit\"><div class=\"w-tabs-sections titles-align_none icon_chevron cpos_right\"><div class=\"w-tabs-section\" id=\"lb5b\" itemscope itemprop=\"mainEntity\" itemtype=\"https:\/\/schema.org\/Question\"><button class=\"w-tabs-section-header\" aria-controls=\"content-lb5b\" aria-expanded=\"false\"><div class=\"w-tabs-section-title\" itemprop=\"name\">Kt\u00f3re niemieckie stocznie s\u0105 szczeg\u00f3lnie znane?<\/div><div class=\"w-tabs-section-control\"><\/div><\/button><div  class=\"w-tabs-section-content\" id=\"content-lb5b\" itemscope itemprop=\"acceptedAnswer\" itemtype=\"https:\/\/schema.org\/Answer\"><div class=\"w-tabs-section-content-h i-cf\" itemprop=\"text\"><div class=\"wpb_text_column\"><div class=\"wpb_wrapper\"><p>Najbardziej znane niemieckie stocznie to TKMS (budowa statk\u00f3w wojskowych), Fassmer (statki specjalistyczne), Blohm + Voss (luksusowe liniowce i statki morskie), German Naval Yards (korwety i fregaty) oraz Abeking &amp; Rasmussen (superjachty i statki ekspedycyjne). Meyer Werft i L\u00fcrssen to kolejne du\u017ce firmy.<\/p>\n<\/div><\/div><\/div><\/div><\/div><div class=\"w-tabs-section\" id=\"mc35\" itemscope itemprop=\"mainEntity\" itemtype=\"https:\/\/schema.org\/Question\"><button class=\"w-tabs-section-header\" aria-controls=\"content-mc35\" aria-expanded=\"false\"><div class=\"w-tabs-section-title\" itemprop=\"name\">W czym specjalizuj\u0105 si\u0119 niemieckie stocznie?<\/div><div class=\"w-tabs-section-control\"><\/div><\/button><div  class=\"w-tabs-section-content\" id=\"content-mc35\" itemscope itemprop=\"acceptedAnswer\" itemtype=\"https:\/\/schema.org\/Answer\"><div class=\"w-tabs-section-content-h i-cf\" itemprop=\"text\"><div class=\"wpb_text_column\"><div class=\"wpb_wrapper\"><p>Niemieckie stocznie koncentruj\u0105 si\u0119 na jako\u015bci, a nie na masowej produkcji. Typowe specjalizacje obejmuj\u0105 wojskowe okr\u0119ty podwodne i nawodne, statki badawcze i ekspedycyjne, luksusowe jachty, statki wycieczkowe, lodo\u0142amacze i przybrze\u017cne statki pomocnicze. Wi\u0119kszo\u015b\u0107 stoczni obs\u0142uguje w\u0105sko zdefiniowany rynek o najwy\u017cszych standardach jako\u015bci.<\/p>\n<\/div><\/div><\/div><\/div><\/div><div class=\"w-tabs-section\" id=\"pd05\" itemscope itemprop=\"mainEntity\" itemtype=\"https:\/\/schema.org\/Question\"><button class=\"w-tabs-section-header\" aria-controls=\"content-pd05\" aria-expanded=\"false\"><div class=\"w-tabs-section-title\" itemprop=\"name\">Ile os\u00f3b zatrudniaj\u0105 niemieckie stocznie?<\/div><div class=\"w-tabs-section-control\"><\/div><\/button><div  class=\"w-tabs-section-content\" id=\"content-pd05\" itemscope itemprop=\"acceptedAnswer\" itemtype=\"https:\/\/schema.org\/Answer\"><div class=\"w-tabs-section-content-h i-cf\" itemprop=\"text\"><div class=\"wpb_text_column\"><div class=\"wpb_wrapper\"><p>Wi\u0119kszo\u015b\u0107 niemieckich stoczni to firmy \u015bredniej wielko\u015bci, zatrudniaj\u0105ce od 50 do 1000 os\u00f3b. Wi\u0119ksze grupy, takie jak TKMS lub Fassmer, zatrudniaj\u0105 ponad 1000 pracownik\u00f3w w kilku lokalizacjach na ca\u0142ym \u015bwiecie.<\/p>\n<\/div><\/div><\/div><\/div><\/div><div class=\"w-tabs-section\" id=\"jdf5\" itemscope itemprop=\"mainEntity\" itemtype=\"https:\/\/schema.org\/Question\"><button class=\"w-tabs-section-header\" aria-controls=\"content-jdf5\" aria-expanded=\"false\"><div class=\"w-tabs-section-title\" itemprop=\"name\">Dlaczego niemieckie stocznie s\u0105 konkurencyjne na arenie mi\u0119dzynarodowej?<\/div><div class=\"w-tabs-section-control\"><\/div><\/button><div  class=\"w-tabs-section-content\" id=\"content-jdf5\" itemscope itemprop=\"acceptedAnswer\" itemtype=\"https:\/\/schema.org\/Answer\"><div class=\"w-tabs-section-content-h i-cf\" itemprop=\"text\"><div class=\"wpb_text_column\"><div class=\"wpb_wrapper\"><p>Niemieckie stocznie osi\u0105gaj\u0105 wysokie wyniki dzi\u0119ki wiod\u0105cej pozycji technologicznej, niestandardowym rozwi\u0105zaniom, dziesi\u0119cioleciom do\u015bwiadczenia i wysokim standardom jako\u015bci. Zamiast koncentrowa\u0107 si\u0119 na wielko\u015bci produkcji, specjalizuj\u0105 si\u0119 w wysoce z\u0142o\u017conych typach statk\u00f3w, na kt\u00f3re jest popyt na ca\u0142ym \u015bwiecie.<\/p>\n<\/div><\/div><\/div><\/div><\/div><div class=\"w-tabs-section\" id=\"weee\" itemscope itemprop=\"mainEntity\" itemtype=\"https:\/\/schema.org\/Question\"><button class=\"w-tabs-section-header\" aria-controls=\"content-weee\" aria-expanded=\"false\"><div class=\"w-tabs-section-title\" itemprop=\"name\">Kt\u00f3rzy wykwalifikowani pracownicy s\u0105 szczeg\u00f3lnie poszukiwani w niemieckim przemy\u015ble stoczniowym?<\/div><div class=\"w-tabs-section-control\"><\/div><\/button><div  class=\"w-tabs-section-content\" id=\"content-weee\" itemscope itemprop=\"acceptedAnswer\" itemtype=\"https:\/\/schema.org\/Answer\"><div class=\"w-tabs-section-content-h i-cf\" itemprop=\"text\"><div class=\"wpb_text_column\"><div class=\"wpb_wrapper\"><p>Przemys\u0142 stoczniowy poszukuje przede wszystkim spawaczy, monter\u00f3w, elektryk\u00f3w, elektronik\u00f3w, in\u017cynier\u00f3w budownictwa okr\u0119towego oraz specjalist\u00f3w ds. konserwacji i napraw. Global Business Recruiting umieszcza wykwalifikowanych specjalist\u00f3w z innych kraj\u00f3w UE w stoczniach i firmach zwi\u0105zanych z przemys\u0142em stoczniowym w Niemczech.<\/p>\n<\/div><\/div><\/div><\/div><\/div><\/div><\/div><\/div><\/div><\/div><\/div><\/section>","protected":false},"excerpt":{"rendered":"Der deutsche Schiffbau genie\u00dft weltweit einen exzellenten Ruf. Besonders deutsche Werften stehen f\u00fcr Pr\u00e4zision, technologische Exzellenz und Spezialisierung auf anspruchsvolle Schiffstypen. Ob Milit\u00e4rschiffe, Forschungsschiffe, Spezialfahrzeuge oder Luxusyachten \u2013 Deutschland z\u00e4hlt zu den f\u00fchrenden Nationen im hochwertigen Schiffbau. In diesem Artikel werfen wir einen detaillierten Blick auf die bekanntesten deutschen Werften und zeigen, wodurch sie sich...","protected":false},"author":1,"featured_media":11160,"parent":9347,"menu_order":0,"comment_status":"closed","ping_status":"closed","template":"","meta":{"_acf_changed":false,"footnotes":""},"class_list":["post-9921","page","type-page","status-publish","has-post-thumbnail","hentry"],"acf":[],"_links":{"self":[{"href":"https:\/\/global-business-recruiting.de\/pl\/wp-json\/wp\/v2\/pages\/9921","targetHints":{"allow":["GET"]}}],"collection":[{"href":"https:\/\/global-business-recruiting.de\/pl\/wp-json\/wp\/v2\/pages"}],"about":[{"href":"https:\/\/global-business-recruiting.de\/pl\/wp-json\/wp\/v2\/types\/page"}],"author":[{"embeddable":true,"href":"https:\/\/global-business-recruiting.de\/pl\/wp-json\/wp\/v2\/users\/1"}],"replies":[{"embeddable":true,"href":"https:\/\/global-business-recruiting.de\/pl\/wp-json\/wp\/v2\/comments?post=9921"}],"version-history":[{"count":6,"href":"https:\/\/global-business-recruiting.de\/pl\/wp-json\/wp\/v2\/pages\/9921\/revisions"}],"predecessor-version":[{"id":11179,"href":"https:\/\/global-business-recruiting.de\/pl\/wp-json\/wp\/v2\/pages\/9921\/revisions\/11179"}],"up":[{"embeddable":true,"href":"https:\/\/global-business-recruiting.de\/pl\/wp-json\/wp\/v2\/pages\/9347"}],"wp:featuredmedia":[{"embeddable":true,"href":"https:\/\/global-business-recruiting.de\/pl\/wp-json\/wp\/v2\/media\/11160"}],"wp:attachment":[{"href":"https:\/\/global-business-recruiting.de\/pl\/wp-json\/wp\/v2\/media?parent=9921"}],"curies":[{"name":"wp","href":"https:\/\/api.w.org\/{rel}","templated":true}]}}