{"id":9925,"date":"2026-03-12T12:49:00","date_gmt":"2026-03-12T12:49:00","guid":{"rendered":"https:\/\/global-business-recruiting.de\/wissen\/deutsche-werften-und-ihre-besonderheiten-das-rueckgrat-des-deutschen-schiffbaus\/"},"modified":"2026-03-29T13:17:54","modified_gmt":"2026-03-29T13:17:54","slug":"podwykonawcy-cyfryzacji-europa-wschodnia","status":"publish","type":"page","link":"https:\/\/global-business-recruiting.de\/pl\/wissen\/digitalisierung-subunternehmer-osteuropa\/","title":{"rendered":"Konsekwencje cyfryzacji dla podwykonawc\u00f3w z Europy Wschodniej"},"content":{"rendered":"<section class=\"l-section wpb_row height_custom\"><div class=\"l-section-h i-cf\"><div class=\"g-cols vc_row via_grid cols_1 laptops-cols_inherit tablets-cols_inherit mobiles-cols_1 valign_top type_default stacking_default\"><div class=\"wpb_column vc_column_container\"><div class=\"vc_column-inner\"><div class=\"wpb_text_column\"><div class=\"wpb_wrapper\"><p>W przesz\u0142o\u015bci wiele zada\u0144 by\u0142o wykonywanych r\u0119cznie, ale wraz z pojawieniem si\u0119 technologii cyfrowych wiele proces\u00f3w zosta\u0142o zautomatyzowanych. Ma to zar\u00f3wno pozytywne, jak i negatywne skutki. W ostatnich latach cyfryzacja wywar\u0142a g\u0142\u0119boki wp\u0142yw na r\u00f3\u017cne bran\u017ce i modele biznesowe na ca\u0142ym \u015bwiecie - a zmiana ta nie omin\u0119\u0142a podwykonawc\u00f3w z Europy Wschodniej. Jednym z najbardziej oczywistych efekt\u00f3w jest zmiana proces\u00f3w pracy: Z jednej strony automatyzacja pozwala na bardziej wydajne wykonywanie zada\u0144, oszcz\u0119dzaj\u0105c czas i zasoby. Z drugiej strony automatyzacja mo\u017ce sprawi\u0107, \u017ce niekt\u00f3re miejsca pracy stan\u0105 si\u0119 zb\u0119dne - jest to wyzwanie, na kt\u00f3re podwykonawcy z Europy Wschodniej musz\u0105 by\u0107 przygotowani.<\/p>\n<h2>Cyfryzacja i konkurencja rynkowa: wyzwania i mo\u017cliwo\u015bci<\/h2>\n<p>Innym wa\u017cnym aspektem jest<span>\u00a0<\/span><strong>Zwi\u0119kszona konkurencja<\/strong>. Mo\u017cliwo\u015b\u0107 oferowania us\u0142ug i produkt\u00f3w online pozwala firmom z ca\u0142ego \u015bwiata wej\u015b\u0107 na ten sam rynek. Oznacza to, \u017ce podwykonawcy z Europy Wschodniej konkuruj\u0105 nie tylko z lokalnymi konkurentami, ale tak\u017ce z firmami z innych kraj\u00f3w, kt\u00f3re mog\u0105 mie\u0107 bardziej zaawansowane technologie i zasoby.<\/p>\n<p>Pomimo tych wyzwa\u0144, cyfryzacja oferuje r\u00f3wnie\u017c nowe mo\u017cliwo\u015bci. Platformy cyfrowe i rynki umo\u017cliwiaj\u0105 podwykonawcom udost\u0119pnianie swoich us\u0142ug globalnej publiczno\u015bci. Korzystaj\u0105c z internetowych strategii marketingowych, mog\u0105 oni dotrze\u0107 do potencjalnych klient\u00f3w na ca\u0142ym \u015bwiecie i znacznie zwi\u0119kszy\u0107 sw\u00f3j zasi\u0119g.<\/p>\n<p>Ponadto narz\u0119dzia i technologie cyfrowe mog\u0105 pom\u00f3c w optymalizacji proces\u00f3w biznesowych i zwi\u0119kszeniu wydajno\u015bci - od oprogramowania do zarz\u0105dzania projektami po narz\u0119dzia do wsp\u00f3\u0142pracy w chmurze, istnieje wiele rozwi\u0105za\u0144 usprawniaj\u0105cych przep\u0142yw pracy i pozwalaj\u0105cych zachowa\u0107 konkurencyjno\u015b\u0107. Nale\u017cy jednak zauwa\u017cy\u0107, \u017ce przej\u015bcie na cyfryzacj\u0119 nie jest pozbawione wyzwa\u0144.<\/p>\n<h2>Przegl\u0105d konsekwencji cyfryzacji dla podwykonawc\u00f3w z Europy Wschodniej<\/h2>\n<p>We wsp\u00f3\u0142czesnym \u015bwiecie pracy cyfryzacja jest si\u0142\u0105 nap\u0119dow\u0105, kt\u00f3ra przekszta\u0142ca wiele bran\u017c. Dla podwykonawc\u00f3w z Europy Wschodniej zmiana ta ma szczeg\u00f3lne implikacje, kt\u00f3re oferuj\u0105 zar\u00f3wno wyzwania, jak i mo\u017cliwo\u015bci:<\/p>\n<p><strong>Dost\u0119p do nowych rynk\u00f3w:<\/strong><span>\u00a0<\/span>Cyfryzacja u\u0142atwia podwykonawcom z Europy Wschodniej dost\u0119p do rynk\u00f3w mi\u0119dzynarodowych. Platformy internetowe umo\u017cliwiaj\u0105 oferowanie us\u0142ug ponad granicami geograficznymi - co sprzyja delegowaniu podwykonawc\u00f3w i zwi\u0119ksza ich zasi\u0119g rynkowy.<\/p>\n<p><strong>Zwi\u0119kszona konkurencyjno\u015b\u0107:<\/strong><span>\u00a0<\/span>Narz\u0119dzia cyfrowe umo\u017cliwiaj\u0105 podwykonawcom wydajniejsz\u0105 prac\u0119. Wykorzystanie zaawansowanego oprogramowania do zarz\u0105dzania projektami, tworzenia harmonogram\u00f3w i komunikacji zwi\u0119ksza produktywno\u015b\u0107 i wydajno\u015b\u0107, czyni\u0105c oddelegowanie podwykonawc\u00f3w z Europy Wschodniej bardziej atrakcyjnym dla klient\u00f3w.<\/p>\n<p><strong>Szkolenia i dalsza edukacja:<\/strong><span>\u00a0<\/span>Cyfryzacja wymaga nowych umiej\u0119tno\u015bci i kompetencji. Podwykonawcy musz\u0105 zatem przechodzi\u0107 ci\u0105g\u0142e szkolenia, aby dotrzyma\u0107 kroku rozwojowi technologicznemu. Kursy online i wirtualne programy szkoleniowe s\u0105 kluczem do poprawy umiej\u0119tno\u015bci zatrudnionych podwykonawc\u00f3w.<\/p>\n<p><strong>Ochrona i bezpiecze\u0144stwo danych:<\/strong><span>\u00a0<\/span>Rosn\u0105ca cyfryzacja zwi\u0119ksza r\u00f3wnie\u017c ryzyko naruszenia danych. Podwykonawcy musz\u0105 by\u0107 w stanie wdro\u017cy\u0107 odpowiednie \u015brodki w celu ochrony wra\u017cliwych informacji. Wdro\u017cenie podwykonawc\u00f3w wymaga zatem zwi\u0119kszonych inwestycji w bezpiecze\u0144stwo IT w celu zapewnienia zaufania i zgodno\u015bci.<\/p>\n<p><strong>Zmiany w stosunkach pracy:<\/strong><span>\u00a0<\/span>Platformy cyfrowe zmieniaj\u0105 spos\u00f3b, w jaki podwykonawcy otrzymuj\u0105 i realizuj\u0105 zam\u00f3wienia. Mo\u017ce to prowadzi\u0107 do zmian w tradycyjnych stosunkach pracy, w kt\u00f3rych bezpo\u015brednia interakcja mi\u0119dzy klientem a podwykonawc\u0105 jest zast\u0119powana przez interfejsy cyfrowe.<\/p>\n<p><strong>Wyzwania prawne:<\/strong><span>\u00a0<\/span>Nie wszyscy podwykonawcy posiadaj\u0105 niezb\u0119dne zasoby technologiczne lub wiedz\u0119 specjalistyczn\u0105, aby czerpa\u0107 korzy\u015bci z cyfryzacji (przepa\u015b\u0107 cyfrowa). Ponadto r\u00f3\u017cne ramy prawne w r\u00f3\u017cnych krajach mog\u0105 utrudnia\u0107 ekspansj\u0119 cyfrow\u0105.<\/p>\n<p>Badanie Fraunhofera \u201eStan cyfryzacji w bran\u017cy budowlanej\u201c (2023) pokazuje, jak wa\u017cne jest dostosowanie si\u0119 do trend\u00f3w cyfrowych dla konkurencyjno\u015bci podwykonawc\u00f3w.<\/p>\n<h2>Wniosek: Wykorzystuj okazje, nie unikaj inwestycji<\/h2>\n<p>Elastyczne rozwi\u0105zania w zakresie si\u0142y roboczej umo\u017cliwiaj\u0105 firmom reagowanie na wahania sezonowe, wymagania projektowe lub nieoczekiwane niedobory personelu. Cyfryzacja przynosi zar\u00f3wno mo\u017cliwo\u015bci, jak i wyzwania dla podwykonawc\u00f3w z Europy Wschodniej. Umo\u017cliwia tym firmom skuteczniejsze reagowanie na wymagania rynku i \u0142atwiejsze oferowanie swoich us\u0142ug za po\u015brednictwem platform cyfrowych. Jednocze\u015bnie wymaga inwestycji w technologi\u0119 i szkolenia pracownik\u00f3w, aby nad\u0105\u017cy\u0107 za szybko zmieniaj\u0105cymi si\u0119 wymaganiami technologicznymi.<\/p>\n<p>Wi\u0119cej informacji na temat zgodnej z prawem integracji podwykonawc\u00f3w z Europy Wschodniej mo\u017cna znale\u017a\u0107 w naszym artykule<span>\u00a0<\/span><a href=\"https:\/\/global-business-recruiting.de\/pl\/wiedziec\/podwykonawcy-europa-wschodnia-obowiazki\/\">Podwykonawcy z Europy Wschodniej - obowi\u0105zki i regulacje<\/a>.<\/p>\n<h2>Najcz\u0119\u015bciej zadawane pytania dotycz\u0105ce cyfryzacji dla podwykonawc\u00f3w z Europy Wschodniej<\/h2>\n<\/div><\/div><div class=\"w-separator size_small\"><\/div><div class=\"w-tabs style_default switch_click accordion type_togglable has_scrolling\" style=\"--sections-title-size:inherit\"><div class=\"w-tabs-sections titles-align_none icon_chevron cpos_right\"><div class=\"w-tabs-section\" id=\"x61b\" itemscope itemprop=\"mainEntity\" itemtype=\"https:\/\/schema.org\/Question\"><button class=\"w-tabs-section-header\" aria-controls=\"content-x61b\" aria-expanded=\"false\"><div class=\"w-tabs-section-title\" itemprop=\"name\">Jakie mo\u017cliwo\u015bci oferuje cyfryzacja podwykonawcom z Europy Wschodniej?<\/div><div class=\"w-tabs-section-control\"><\/div><\/button><div  class=\"w-tabs-section-content\" id=\"content-x61b\" itemscope itemprop=\"acceptedAnswer\" itemtype=\"https:\/\/schema.org\/Answer\"><div class=\"w-tabs-section-content-h i-cf\" itemprop=\"text\"><div class=\"wpb_text_column\"><div class=\"wpb_wrapper\"><p>Cyfryzacja daje podwykonawcom z Europy Wschodniej dost\u0119p do rynk\u00f3w mi\u0119dzynarodowych za po\u015brednictwem platform internetowych, umo\u017cliwia bardziej wydajne procesy pracy dzi\u0119ki narz\u0119dziom cyfrowym i zwi\u0119ksza widoczno\u015b\u0107 dla potencjalnych klient\u00f3w na ca\u0142ym \u015bwiecie. Dobrze przygotowani podwykonawcy mog\u0105 znacznie zwi\u0119kszy\u0107 swoj\u0105 przewag\u0119 konkurencyjn\u0105 dzi\u0119ki ukierunkowanej cyfryzacji.<\/p>\n<\/div><\/div><\/div><\/div><\/div><div class=\"w-tabs-section\" id=\"v71a\" itemscope itemprop=\"mainEntity\" itemtype=\"https:\/\/schema.org\/Question\"><button class=\"w-tabs-section-header\" aria-controls=\"content-v71a\" aria-expanded=\"false\"><div class=\"w-tabs-section-title\" itemprop=\"name\">Jakie ryzyko wi\u0105\u017ce si\u0119 z cyfryzacj\u0105 dla podwykonawc\u00f3w?<\/div><div class=\"w-tabs-section-control\"><\/div><\/button><div  class=\"w-tabs-section-content\" id=\"content-v71a\" itemscope itemprop=\"acceptedAnswer\" itemtype=\"https:\/\/schema.org\/Answer\"><div class=\"w-tabs-section-content-h i-cf\" itemprop=\"text\"><div class=\"wpb_text_column\"><div class=\"wpb_wrapper\"><p>Kluczowe zagro\u017cenia obejmuj\u0105 zwi\u0119kszon\u0105 konkurencj\u0119 mi\u0119dzynarodow\u0105, utrat\u0119 miejsc pracy w wyniku automatyzacji, rosn\u0105ce wymagania w zakresie bezpiecze\u0144stwa IT i ochrony danych oraz przepa\u015b\u0107 cyfrow\u0105 - tj. nier\u00f3wn\u0105 dost\u0119pno\u015b\u0107 technologii i wiedzy specjalistycznej.<\/p>\n<\/div><\/div><\/div><\/div><\/div><div class=\"w-tabs-section\" id=\"m7ec\" itemscope itemprop=\"mainEntity\" itemtype=\"https:\/\/schema.org\/Question\"><button class=\"w-tabs-section-header\" aria-controls=\"content-m7ec\" aria-expanded=\"false\"><div class=\"w-tabs-section-title\" itemprop=\"name\">Kt\u00f3re narz\u0119dzia cyfrowe s\u0105 szczeg\u00f3lnie istotne dla podwykonawc\u00f3w?<\/div><div class=\"w-tabs-section-control\"><\/div><\/button><div  class=\"w-tabs-section-content\" id=\"content-m7ec\" itemscope itemprop=\"acceptedAnswer\" itemtype=\"https:\/\/schema.org\/Answer\"><div class=\"w-tabs-section-content-h i-cf\" itemprop=\"text\"><div class=\"wpb_text_column\"><div class=\"wpb_wrapper\"><p>Szczeg\u00f3lnie przydatne jest oprogramowanie do zarz\u0105dzania projektami (np. do planowania i zarz\u0105dzania zadaniami), oparte na chmurze narz\u0119dzia do wsp\u00f3\u0142pracy do komunikacji z klientami oraz narz\u0119dzia marketingowe online do pozyskiwania nowych klient\u00f3w. Coraz wi\u0119kszego znaczenia nabieraj\u0105 tak\u017ce wirtualne platformy szkoleniowe.<\/p>\n<\/div><\/div><\/div><\/div><\/div><div class=\"w-tabs-section\" id=\"n8bb\" itemscope itemprop=\"mainEntity\" itemtype=\"https:\/\/schema.org\/Question\"><button class=\"w-tabs-section-header\" aria-controls=\"content-n8bb\" aria-expanded=\"false\"><div class=\"w-tabs-section-title\" itemprop=\"name\">Jak cyfryzacja zmienia relacje robocze mi\u0119dzy klientami a podwykonawcami?<\/div><div class=\"w-tabs-section-control\"><\/div><\/button><div  class=\"w-tabs-section-content\" id=\"content-n8bb\" itemscope itemprop=\"acceptedAnswer\" itemtype=\"https:\/\/schema.org\/Answer\"><div class=\"w-tabs-section-content-h i-cf\" itemprop=\"text\"><div class=\"wpb_text_column\"><div class=\"wpb_wrapper\"><p>Platformy cyfrowe coraz cz\u0119\u015bciej zast\u0119puj\u0105 bezpo\u015bredni\u0105 interakcj\u0119 osobist\u0105. Zam\u00f3wienia s\u0105 sk\u0142adane cyfrowo, komunikacja odbywa si\u0119 za po\u015brednictwem interfejs\u00f3w cyfrowych, a kontrola jako\u015bci jest czasami przeprowadzana zdalnie. Wymaga to dostosowania i jasnych regulacji umownych po obu stronach.<\/p>\n<\/div><\/div><\/div><\/div><\/div><div class=\"w-tabs-section\" id=\"u988\" itemscope itemprop=\"mainEntity\" itemtype=\"https:\/\/schema.org\/Question\"><button class=\"w-tabs-section-header\" aria-controls=\"content-u988\" aria-expanded=\"false\"><div class=\"w-tabs-section-title\" itemprop=\"name\">Czy podwykonawcy z Europy Wschodniej musz\u0105 bra\u0107 pod uwag\u0119 szczeg\u00f3lne aspekty prawne cyfryzacji?<\/div><div class=\"w-tabs-section-control\"><\/div><\/button><div  class=\"w-tabs-section-content\" id=\"content-u988\" itemscope itemprop=\"acceptedAnswer\" itemtype=\"https:\/\/schema.org\/Answer\"><div class=\"w-tabs-section-content-h i-cf\" itemprop=\"text\"><div class=\"wpb_text_column\"><div class=\"wpb_wrapper\"><p>Tak - w szczeg\u00f3lno\u015bci wymogi dotycz\u0105ce ochrony danych (np. RODO w przypadku transgranicznej wymiany danych) i r\u00f3\u017cne ramy prawne w krajach docelowych mog\u0105 utrudni\u0107 ekspansj\u0119 cyfrow\u0105. Zalecane s\u0105 porady prawne i zabezpieczenia umowne.<\/p>\n<\/div><\/div><\/div><\/div><\/div><\/div><\/div><\/div><\/div><\/div><\/div><\/section>","protected":false},"excerpt":{"rendered":"Fr\u00fcher wurden viele Aufgaben manuell erledigt, aber mit dem Einzug digitaler Technologien haben sich viele Prozesse automatisiert. Das hat sowohl positive als auch negative Auswirkungen. Die Digitalisierung hat in den letzten Jahren einen tiefgreifenden Einfluss auf verschiedene Branchen und Gesch\u00e4ftsmodelle weltweit gehabt \u2013 und dieser Wandel hat auch Subunternehmer aus Osteuropa nicht unber\u00fchrt gelassen. Eine...","protected":false},"author":1,"featured_media":11161,"parent":9347,"menu_order":0,"comment_status":"closed","ping_status":"closed","template":"","meta":{"_acf_changed":false,"footnotes":""},"class_list":["post-9925","page","type-page","status-publish","has-post-thumbnail","hentry"],"acf":[],"_links":{"self":[{"href":"https:\/\/global-business-recruiting.de\/pl\/wp-json\/wp\/v2\/pages\/9925","targetHints":{"allow":["GET"]}}],"collection":[{"href":"https:\/\/global-business-recruiting.de\/pl\/wp-json\/wp\/v2\/pages"}],"about":[{"href":"https:\/\/global-business-recruiting.de\/pl\/wp-json\/wp\/v2\/types\/page"}],"author":[{"embeddable":true,"href":"https:\/\/global-business-recruiting.de\/pl\/wp-json\/wp\/v2\/users\/1"}],"replies":[{"embeddable":true,"href":"https:\/\/global-business-recruiting.de\/pl\/wp-json\/wp\/v2\/comments?post=9925"}],"version-history":[{"count":5,"href":"https:\/\/global-business-recruiting.de\/pl\/wp-json\/wp\/v2\/pages\/9925\/revisions"}],"predecessor-version":[{"id":11178,"href":"https:\/\/global-business-recruiting.de\/pl\/wp-json\/wp\/v2\/pages\/9925\/revisions\/11178"}],"up":[{"embeddable":true,"href":"https:\/\/global-business-recruiting.de\/pl\/wp-json\/wp\/v2\/pages\/9347"}],"wp:featuredmedia":[{"embeddable":true,"href":"https:\/\/global-business-recruiting.de\/pl\/wp-json\/wp\/v2\/media\/11161"}],"wp:attachment":[{"href":"https:\/\/global-business-recruiting.de\/pl\/wp-json\/wp\/v2\/media?parent=9925"}],"curies":[{"name":"wp","href":"https:\/\/api.w.org\/{rel}","templated":true}]}}