{"id":9929,"date":"2026-03-12T12:54:40","date_gmt":"2026-03-12T12:54:40","guid":{"rendered":"https:\/\/global-business-recruiting.de\/wissen\/folgen-der-digitalisierung-fuer-subunternehmer-aus-osteuropa\/"},"modified":"2026-03-28T13:10:35","modified_gmt":"2026-03-28T13:10:35","slug":"przygotowanie-do-oddelegowania-pracownika-za-granice","status":"publish","type":"page","link":"https:\/\/global-business-recruiting.de\/pl\/wissen\/mitarbeiterentsendung-ausland-vorbereitung\/","title":{"rendered":"Przygotowanie do oddelegowania pracownika za granic\u0119: etapy i wyzwania kulturowe"},"content":{"rendered":"<section class=\"l-section wpb_row height_custom\"><div class=\"l-section-h i-cf\"><div class=\"g-cols vc_row via_grid cols_1 laptops-cols_inherit tablets-cols_inherit mobiles-cols_1 valign_top type_default stacking_default\"><div class=\"wpb_column vc_column_container\"><div class=\"vc_column-inner\"><div class=\"wpb_text_column\"><div class=\"wpb_wrapper\"><p>Je\u015bli chodzi o wysy\u0142anie pracownik\u00f3w za granic\u0119, firmy musz\u0105 przygotowa\u0107 si\u0119 na szereg wyzwa\u0144. Jak przygotowa\u0107 si\u0119 do wysy\u0142ania pracownik\u00f3w za granic\u0119? Jakie s\u0105 wyzwania kulturowe? W tym artykule om\u00f3wimy kroki niezb\u0119dne do wys\u0142ania pracownik\u00f3w za granic\u0119, a tak\u017ce potencjalne wyzwania kulturowe.<\/p>\n<h2>Jakie kroki s\u0105 niezb\u0119dne do oddelegowania pracownika za granic\u0119?<\/h2>\n<p>Istnieje kilka wa\u017cnych krok\u00f3w, kt\u00f3re nale\u017cy wzi\u0105\u0107 pod uwag\u0119, aby oddelegowanie pracownika za granic\u0119 zako\u0144czy\u0142o si\u0119 sukcesem:<\/p>\n<p><strong>1. zezwolenia i aspekty prawne:<\/strong><span>\u00a0<\/span>Nale\u017cy upewni\u0107 si\u0119, \u017ce delegowani pracownicy posiadaj\u0105 niezb\u0119dne wizy i pozwolenia na prac\u0119 w kraju przyjmuj\u0105cym. Konieczne jest r\u00f3wnie\u017c sprawdzenie lokalnych przepis\u00f3w i regulacji dotycz\u0105cych zatrudnienia, podatk\u00f3w i ubezpiecze\u0144 spo\u0142ecznych.<\/p>\n<p><strong>2. wyb\u00f3r i przygotowanie pracownik\u00f3w:<\/strong><span>\u00a0<\/span>Wyb\u00f3r odpowiednich pracownik\u00f3w do oddelegowania za granic\u0119 wymaga posiadania przez nich niezb\u0119dnej wiedzy, umiej\u0119tno\u015bci i cech. W tym celu pracownicy musz\u0105 uko\u0144czy\u0107 szkolenia mi\u0119dzykulturowe i kursy j\u0119zykowe, aby przygotowa\u0107 si\u0119 do pracy w nowym kraju.<\/p>\n<p><strong>3. aspekty organizacyjne:<\/strong><span>\u00a0<\/span>Obejmuje to organizacj\u0119 zakwaterowania, transportu i innych aspekt\u00f3w logistycznych dla pracownik\u00f3w w kraju przyjmuj\u0105cym. Nale\u017cy r\u00f3wnie\u017c upewni\u0107 si\u0119, \u017ce pracownicy z zagranicy posiadaj\u0105 odpowiednie ubezpieczenie zdrowotne i inne polisy ubezpieczeniowe.<\/p>\n<p>Kroki te s\u0105 kluczowe dla zapewnienia udanego i sprawnego oddelegowania pracownika za granic\u0119.<\/p>\n<h2>Wyzwania kulturowe zwi\u0105zane z wysy\u0142aniem pracownik\u00f3w za granic\u0119<\/h2>\n<p><strong>Bariery j\u0119zykowe:<\/strong><span>\u00a0<\/span>Jednym z najwi\u0119kszych wyzwa\u0144 podczas wysy\u0142ania pracownik\u00f3w za granic\u0119 s\u0105 bariery j\u0119zykowe. Nawet je\u015bli pracownicy pos\u0142uguj\u0105 si\u0119 j\u0119zykiem kraju goszcz\u0105cego, regionalne dialekty lub \u017cargon bran\u017cowy mog\u0105 prowadzi\u0107 do nieporozumie\u0144.<\/p>\n<p><strong>R\u00f3\u017cnice kulturowe:<\/strong><span>\u00a0<\/span>Ka\u017cdy kraj ma swoj\u0105 w\u0142asn\u0105 kultur\u0119 i praktyki biznesowe. Pracownicy musz\u0105 by\u0107 wyczuleni na potencjalne r\u00f3\u017cnice w zakresie komunikacji, stylu negocjacji, podej\u015bcia do zarz\u0105dzania i etyki pracy.<\/p>\n<p><strong>Adaptacja do nowego \u015brodowiska:<\/strong><span>\u00a0<\/span>Adaptacja do nowego \u015brodowiska i integracja z lokaln\u0105 spo\u0142eczno\u015bci\u0105 mo\u017ce stanowi\u0107 wyzwanie dla pracownik\u00f3w. Musz\u0105 oni zapozna\u0107 si\u0119 z nowym stylem \u017cycia, tradycjami i jedzeniem.<\/p>\n<p><strong>Rozw\u00f3j mi\u0119dzynarodowego zespo\u0142u:<\/strong><span>\u00a0<\/span>Oddelegowanie pracownika za granic\u0119 daje mo\u017cliwo\u015b\u0107 zbudowania i wzmocnienia mi\u0119dzynarodowego zespo\u0142u. Ekspatrianci poszerzaj\u0105 swoje umiej\u0119tno\u015bci poprzez prac\u0119 z lokalnymi kolegami i korzystaj\u0105 z r\u00f3\u017cnych do\u015bwiadcze\u0144 i perspektyw - co sprzyja wzrostowi i rozwojowi pracownik\u00f3w i firmy.<\/p>\n<h2>Inne wa\u017cne aspekty wysy\u0142ania pracownik\u00f3w za granic\u0119<\/h2>\n<p>Opr\u00f3cz krok\u00f3w i wyzwa\u0144 kulturowych wspomnianych powy\u017cej, istniej\u0105 inne wa\u017cne aspekty, kt\u00f3re nale\u017cy wzi\u0105\u0107 pod uwag\u0119 podczas przygotowa\u0144:<\/p>\n<p><strong>Aspekty finansowe:<\/strong><span>\u00a0<\/span>Nale\u017cy wzi\u0105\u0107 pod uwag\u0119 korekty wynagrodze\u0144, r\u00f3\u017cnice walutowe, podatki i ewentualnie wy\u017csze koszty utrzymania w kraju przyjmuj\u0105cym.<\/p>\n<p><strong>Zdrowie i bezpiecze\u0144stwo:<\/strong><span>\u00a0<\/span>Firmy powinny informowa\u0107 si\u0119 o zagro\u017ceniach bezpiecze\u0144stwa, stabilno\u015bci politycznej, opiece zdrowotnej i ubezpieczeniu zdrowotnym dla swoich pracownik\u00f3w.<\/p>\n<p><strong>Komunikacja i technologia:<\/strong><span>\u00a0<\/span>Pracownicy potrzebuj\u0105 dost\u0119pu do skutecznych kana\u0142\u00f3w komunikacji i niezb\u0119dnej technologii w kraju goszcz\u0105cym.<\/p>\n<p><strong>Warunki pracy i \u015bwiadczenia socjalne:<\/strong><span>\u00a0<\/span>Nale\u017cy wzi\u0105\u0107 pod uwag\u0119 warunki pracy, godziny pracy, ustalenia dotycz\u0105ce urlop\u00f3w i inne \u015bwiadczenia socjalne w kraju przyjmuj\u0105cym.<\/p>\n<p><strong>Integracja kulturowa:<\/strong><span>\u00a0<\/span>Firmy powinny pomaga\u0107 pracownikom w integracji kulturowej, zapewniaj\u0105c szkolenia i wskaz\u00f3wki, aby unikn\u0105\u0107 nieporozumie\u0144 kulturowych. Regularne sesje informacji zwrotnej pomagaj\u0105 rozpozna\u0107 i rozwi\u0105za\u0107 wszelkie trudno\u015bci z dostosowaniem si\u0119 na wczesnym etapie.<\/p>\n<p>Kompleksowe przygotowanie i ci\u0105g\u0142e wsparcie maj\u0105 kluczowe znaczenie dla udanych zada\u0144 zagranicznych - oferuj\u0105 korzy\u015bci zar\u00f3wno firmie, jak i pracownikom.<\/p>\n<h2>Badanie Statista dotycz\u0105ce mi\u0119dzynarodowego oddelegowania pracownik\u00f3w<\/h2>\n<p>Badanie przeprowadzone przez Statista rzuca \u015bwiat\u0142o na zmiany w zarz\u0105dzaniu zadaniami pracownik\u00f3w i oferuje wgl\u0105d w to, jak firmy mog\u0105 skutecznie przydziela\u0107, rozwija\u0107 i zatrzymywa\u0107 swoich pracownik\u00f3w. Badanie dotyczy zarz\u0105dzania pracownikami w globalnych organizacjach i obj\u0119\u0142o 200 mi\u0119dzynarodowych firm w Niemczech, aby zrozumie\u0107 znaczenie mi\u0119dzynarodowych zada\u0144 i spos\u00f3b, w jaki firmy radz\u0105 sobie z powi\u0105zanymi wyzwaniami. Wyniki koncentruj\u0105 si\u0119 na efektywno\u015bci i organizacji zarz\u0105dzania ekspatriantami, znaczeniu kompetencji mi\u0119dzykulturowych i roli ekspatriacji w rozwoju kariery.<\/p>\n<p>Wa\u017cne dokumenty do delegowania w UE - w szczeg\u00f3lno\u015bci za\u015bwiadczenie A1 - s\u0105 wymienione w naszym artykule<span>\u00a0<\/span><a href=\"https:\/\/global-business-recruiting.de\/pl\/wiedziec\/certyfikat-a1\/\">Certyfikat A1<\/a><span>\u00a0<\/span>opisane szczeg\u00f3\u0142owo.<\/p>\n<h2>Najcz\u0119\u015bciej zadawane pytania dotycz\u0105ce delegowania pracownik\u00f3w za granic\u0119<\/h2>\n<\/div><\/div><div class=\"w-separator size_small\"><\/div><div class=\"w-tabs style_default switch_click accordion type_togglable has_scrolling\" style=\"--sections-title-size:inherit\"><div class=\"w-tabs-sections titles-align_none icon_chevron cpos_right\"><div class=\"w-tabs-section\" id=\"q9d8\" itemscope itemprop=\"mainEntity\" itemtype=\"https:\/\/schema.org\/Question\"><button class=\"w-tabs-section-header\" aria-controls=\"content-q9d8\" aria-expanded=\"false\"><div class=\"w-tabs-section-title\" itemprop=\"name\">Jakie kroki prawne nale\u017cy wyja\u015bni\u0107 przed oddelegowaniem pracownika?<\/div><div class=\"w-tabs-section-control\"><\/div><\/button><div  class=\"w-tabs-section-content\" id=\"content-q9d8\" itemscope itemprop=\"acceptedAnswer\" itemtype=\"https:\/\/schema.org\/Answer\"><div class=\"w-tabs-section-content-h i-cf\" itemprop=\"text\"><div class=\"wpb_text_column\"><div class=\"wpb_wrapper\"><p>Wizy i pozwolenia na prac\u0119 w kraju przyjmuj\u0105cym nale\u017cy uzyska\u0107 przed oddelegowaniem. Ponadto nale\u017cy sprawdzi\u0107 lokalne przepisy dotycz\u0105ce zatrudnienia, podatk\u00f3w i ubezpiecze\u0144 spo\u0142ecznych. W UE obowi\u0105zkowe jest r\u00f3wnie\u017c za\u015bwiadczenie A1.<\/p>\n<\/div><\/div><\/div><\/div><\/div><div class=\"w-tabs-section\" id=\"xadb\" itemscope itemprop=\"mainEntity\" itemtype=\"https:\/\/schema.org\/Question\"><button class=\"w-tabs-section-header\" aria-controls=\"content-xadb\" aria-expanded=\"false\"><div class=\"w-tabs-section-title\" itemprop=\"name\">Jak przygotowa\u0107 pracownik\u00f3w do pracy za granic\u0105?<\/div><div class=\"w-tabs-section-control\"><\/div><\/button><div  class=\"w-tabs-section-content\" id=\"content-xadb\" itemscope itemprop=\"acceptedAnswer\" itemtype=\"https:\/\/schema.org\/Answer\"><div class=\"w-tabs-section-content-h i-cf\" itemprop=\"text\"><div class=\"wpb_text_column\"><div class=\"wpb_wrapper\"><p>Opr\u00f3cz predyspozycji zawodowych, kluczowe znaczenie maj\u0105 szkolenia mi\u0119dzykulturowe i kursy j\u0119zykowe. Pracownicy powinni by\u0107 przygotowani na bariery j\u0119zykowe, r\u00f3\u017cnice kulturowe i adaptacj\u0119 do nowego \u015brodowiska pracy i \u017cycia. Regularne spotkania w celu uzyskania informacji zwrotnej podczas delegowania pomagaj\u0105 rozpozna\u0107 trudno\u015bci adaptacyjne na wczesnym etapie.<\/p>\n<\/div><\/div><\/div><\/div><\/div><div class=\"w-tabs-section\" id=\"gbb8\" itemscope itemprop=\"mainEntity\" itemtype=\"https:\/\/schema.org\/Question\"><button class=\"w-tabs-section-header\" aria-controls=\"content-gbb8\" aria-expanded=\"false\"><div class=\"w-tabs-section-title\" itemprop=\"name\">Jakiego ubezpieczenia potrzebuj\u0105 delegowani pracownicy za granic\u0105?<\/div><div class=\"w-tabs-section-control\"><\/div><\/button><div  class=\"w-tabs-section-content\" id=\"content-gbb8\" itemscope itemprop=\"acceptedAnswer\" itemtype=\"https:\/\/schema.org\/Answer\"><div class=\"w-tabs-section-content-h i-cf\" itemprop=\"text\"><div class=\"wpb_text_column\"><div class=\"wpb_wrapper\"><p>Oddelegowani pracownicy wymagaj\u0105 co najmniej odpowiedniego ubezpieczenia zdrowotnego, kt\u00f3re jest wa\u017cne w kraju przyjmuj\u0105cym. W zale\u017cno\u015bci od kraju docelowego wymagane mo\u017ce by\u0107 r\u00f3wnie\u017c ubezpieczenie od nast\u0119pstw nieszcz\u0119\u015bliwych wypadk\u00f3w, odpowiedzialno\u015bci cywilnej lub ubezpieczenie podr\u00f3\u017cne. Dok\u0142adne wymagania zale\u017c\u0105 od kraju przyjmuj\u0105cego i czasu trwania delegacji.<\/p>\n<\/div><\/div><\/div><\/div><\/div><div class=\"w-tabs-section\" id=\"cc92\" itemscope itemprop=\"mainEntity\" itemtype=\"https:\/\/schema.org\/Question\"><button class=\"w-tabs-section-header\" aria-controls=\"content-cc92\" aria-expanded=\"false\"><div class=\"w-tabs-section-title\" itemprop=\"name\">Jakie s\u0105 najcz\u0119stsze wyzwania kulturowe, kt\u00f3re pojawiaj\u0105 si\u0119 podczas mi\u0119dzynarodowych zada\u0144?<\/div><div class=\"w-tabs-section-control\"><\/div><\/button><div  class=\"w-tabs-section-content\" id=\"content-cc92\" itemscope itemprop=\"acceptedAnswer\" itemtype=\"https:\/\/schema.org\/Answer\"><div class=\"w-tabs-section-content-h i-cf\" itemprop=\"text\"><div class=\"wpb_text_column\"><div class=\"wpb_wrapper\"><p>Najcz\u0119stszymi wyzwaniami s\u0105 bariery j\u0119zykowe (nawet przy podstawowej znajomo\u015bci lokalnego j\u0119zyka), r\u00f3\u017cne style komunikacji i zarz\u0105dzania oraz dostosowanie si\u0119 do nowej codziennej rutyny i lokalnej kultury korporacyjnej. Przygotowanie mi\u0119dzykulturowe znacznie zmniejsza ryzyko nieporozumie\u0144.<\/p>\n<\/div><\/div><\/div><\/div><\/div><div class=\"w-tabs-section\" id=\"nd6d\" itemscope itemprop=\"mainEntity\" itemtype=\"https:\/\/schema.org\/Question\"><button class=\"w-tabs-section-header\" aria-controls=\"content-nd6d\" aria-expanded=\"false\"><div class=\"w-tabs-section-title\" itemprop=\"name\">W jaki spos\u00f3b Global Business Recruiting mo\u017ce pom\u00f3c w oddelegowaniu pracownik\u00f3w?<\/div><div class=\"w-tabs-section-control\"><\/div><\/button><div  class=\"w-tabs-section-content\" id=\"content-nd6d\" itemscope itemprop=\"acceptedAnswer\" itemtype=\"https:\/\/schema.org\/Answer\"><div class=\"w-tabs-section-content-h i-cf\" itemprop=\"text\"><div class=\"wpb_text_column\"><div class=\"wpb_wrapper\"><p>Global Business Recruiting wspiera firmy w wysy\u0142aniu pracownik\u00f3w za granic\u0119 - od administrowania wizami i pozwoleniami na prac\u0119 po wyb\u00f3r pracownik\u00f3w z du\u017cej sieci w Europie Wschodniej, krajach ba\u0142tyckich i Turcji, szkolenia mi\u0119dzykulturowe, kursy j\u0119zykowe oraz wsparcie organizacyjne w zakresie zakwaterowania i transportu.<\/p>\n<\/div><\/div><\/div><\/div><\/div><\/div><\/div><\/div><\/div><\/div><\/div><\/section>","protected":false},"excerpt":{"rendered":"Wenn es darum geht, Mitarbeiter ins Ausland zu entsenden, m\u00fcssen Unternehmen sich auf eine Reihe von Herausforderungen vorbereiten. Wie kann man sich auf eine Mitarbeiterentsendung ins Ausland vorbereiten? Was sind die kulturellen Herausforderungen? In diesem Artikel werden die notwendigen Schritte einer Mitarbeiterentsendung ins Ausland sowie potenzielle kulturelle Herausforderungen besprochen. Welche Schritte sind f\u00fcr eine Mitarbeiterentsendung...","protected":false},"author":1,"featured_media":11162,"parent":9347,"menu_order":0,"comment_status":"closed","ping_status":"closed","template":"","meta":{"_acf_changed":false,"footnotes":""},"class_list":["post-9929","page","type-page","status-publish","has-post-thumbnail","hentry"],"acf":[],"_links":{"self":[{"href":"https:\/\/global-business-recruiting.de\/pl\/wp-json\/wp\/v2\/pages\/9929","targetHints":{"allow":["GET"]}}],"collection":[{"href":"https:\/\/global-business-recruiting.de\/pl\/wp-json\/wp\/v2\/pages"}],"about":[{"href":"https:\/\/global-business-recruiting.de\/pl\/wp-json\/wp\/v2\/types\/page"}],"author":[{"embeddable":true,"href":"https:\/\/global-business-recruiting.de\/pl\/wp-json\/wp\/v2\/users\/1"}],"replies":[{"embeddable":true,"href":"https:\/\/global-business-recruiting.de\/pl\/wp-json\/wp\/v2\/comments?post=9929"}],"version-history":[{"count":6,"href":"https:\/\/global-business-recruiting.de\/pl\/wp-json\/wp\/v2\/pages\/9929\/revisions"}],"predecessor-version":[{"id":11177,"href":"https:\/\/global-business-recruiting.de\/pl\/wp-json\/wp\/v2\/pages\/9929\/revisions\/11177"}],"up":[{"embeddable":true,"href":"https:\/\/global-business-recruiting.de\/pl\/wp-json\/wp\/v2\/pages\/9347"}],"wp:featuredmedia":[{"embeddable":true,"href":"https:\/\/global-business-recruiting.de\/pl\/wp-json\/wp\/v2\/media\/11162"}],"wp:attachment":[{"href":"https:\/\/global-business-recruiting.de\/pl\/wp-json\/wp\/v2\/media?parent=9929"}],"curies":[{"name":"wp","href":"https:\/\/api.w.org\/{rel}","templated":true}]}}