{"id":9933,"date":"2026-03-12T12:57:40","date_gmt":"2026-03-12T12:57:40","guid":{"rendered":"https:\/\/global-business-recruiting.de\/wissen\/vorbereitung-auf-die-mitarbeiterentsendung-ins-ausland-schritte-und-kulturelle-herausforderungen\/"},"modified":"2026-03-29T13:18:35","modified_gmt":"2026-03-29T13:18:35","slug":"zagraniczni-elektrycy-wygrywaja","status":"publish","type":"page","link":"https:\/\/global-business-recruiting.de\/pl\/wissen\/auslaendische-elektriker-gewinnen\/","title":{"rendered":"Jak przyci\u0105gn\u0105\u0107 zagranicznych specjalist\u00f3w w dziedzinie in\u017cynierii elektrycznej?"},"content":{"rendered":"<section class=\"l-section wpb_row height_custom\"><div class=\"l-section-h i-cf\"><div class=\"g-cols vc_row via_grid cols_1 laptops-cols_inherit tablets-cols_inherit mobiles-cols_1 valign_top type_default stacking_default\"><div class=\"wpb_column vc_column_container\"><div class=\"vc_column-inner\"><div class=\"wpb_text_column\"><div class=\"wpb_wrapper\"><p>Teraz, gdy wiemy ju\u017c, w jaki spos\u00f3b zagraniczni wykwalifikowani pracownicy mog\u0105 uzyska\u0107 uznanie swoich certyfikat\u00f3w w Niemczech i w razie potrzeby dostosowa\u0107 swoje kwalifikacje, pojawia si\u0119 kolejne pytanie: w jaki spos\u00f3b firmy w Niemczech przyci\u0105gaj\u0105 wykwalifikowanych pracownik\u00f3w z zagranicy? Chocia\u017c niedob\u00f3r wykwalifikowanej si\u0142y roboczej mo\u017ce wydawa\u0107 si\u0119 tak prosty, pracodawcy czasami musz\u0105 zrobi\u0107 co\u015b wi\u0119cej ni\u017c tylko sprawdzi\u0107 kandydat\u00f3w - najpierw musz\u0105 ich zrekrutowa\u0107 lub znale\u017a\u0107.<\/p>\n<h2>Co oznacza employer branding?<\/h2>\n<p>Im Marketing ist das Wort \u201eBranding\" allgegenw\u00e4rtig \u2013 dahinter steckt der Gedanke, die eigene Marke bekannt zu machen und sie damit attraktiver zu gestalten. Im Employer Branding verh\u00e4lt es sich genauso: Wenn ein Betrieb einen hohen Bedarf an Fachkr\u00e4ften hat, der eventuell sogar zu einer starken Fluktuation f\u00fchrt, sodass st\u00e4ndig neue Fachkr\u00e4fte angeworben werden m\u00fcssen, ist das Employer Branding ein entscheidender Schritt, um eine ausreichende Zahl an Elektrikern anzulocken.<\/p>\n<p>Innymi s\u0142owy, firma powinna prezentowa\u0107 si\u0119 jako atrakcyjna - zw\u0142aszcza dla wykwalifikowanych pracownik\u00f3w z zagranicy. Nie wystarczy wygl\u0105da\u0107 atrakcyjnie z niemieckiej perspektywy. Zagraniczni wykwalifikowani pracownicy o innym pochodzeniu oceniaj\u0105 lokalnych pracodawc\u00f3w wed\u0142ug innych kryteri\u00f3w. Nie powinno to by\u0107 tylko kwesti\u0105 rekrutacji zagranicznych wykwalifikowanych pracownik\u00f3w - raczej celem powinno by\u0107 dotarcie do dok\u0142adnie tych wykwalifikowanych pracownik\u00f3w, kt\u00f3rzy mog\u0105 zintegrowa\u0107 si\u0119 z firm\u0105 i zapewni\u0107 wysokiej jako\u015bci prac\u0119.<\/p>\n<h2>Jak dzia\u0142a proces employer brandingu?<\/h2>\n<p>Po pierwsze, firma powinna jasno zdefiniowa\u0107 swoje warto\u015bci: Co jest wa\u017cne dla firmy w odniesieniu do jej klient\u00f3w i czego oczekuje od swoich pracownik\u00f3w? Warto\u015bci te musz\u0105 by\u0107 jasno komunikowane i prezentowane w kontek\u015bcie zapewniania jako\u015bci pracy - zewn\u0119trznie dla nowych specjalist\u00f3w i wewn\u0119trznie dla obecnych pracownik\u00f3w.<\/p>\n<p>Firma powinna r\u00f3wnie\u017c wskaza\u0107 mo\u017cliwo\u015bci rozwoju kariery. Mi\u0142o jest zaoferowa\u0107 prac\u0119 - ale staje si\u0119 ona naprawd\u0119 atrakcyjna tylko wtedy, gdy dana osoba mo\u017ce rozwija\u0107 swoj\u0105 karier\u0119 zgodnie z w\u0142asnymi pomys\u0142ami.<\/p>\n<p>Nale\u017cy r\u00f3wnie\u017c podkre\u015bli\u0107 mi\u0119dzynarodowe \u015brodowisko pracy. Je\u015bli zatrudniani s\u0105 wykwalifikowani pracownicy z r\u00f3\u017cnych kraj\u00f3w, jest to wyra\u017any plus. Nale\u017cy aktywnie informowa\u0107 o r\u00f3\u017cnorodno\u015bci kraj\u00f3w, z kt\u00f3rych pochodz\u0105 pracownicy oraz o \u017cyciu w firmie, kt\u00f3re wynika z tej mieszanki.<\/p>\n<p>W ko\u0144cu firma potrzebuje w\u0142asnej obecno\u015bci w Internecie - nie strony internetowej bez mi\u0142o\u015bci, ale ca\u0142ego kosmosu prezentacji. Strona internetowa powinna by\u0107 aktualizowana i po\u0142\u0105czona z r\u00f3\u017cnymi mediami spo\u0142eczno\u015bciowymi.<\/p>\n<h2>W jaki spos\u00f3b mo\u017cna rekrutowa\u0107 wykwalifikowanych pracownik\u00f3w z zagranicy w spos\u00f3b ukierunkowany?<\/h2>\n<p>Sieci cyfrowe, media spo\u0142eczno\u015bciowe i internet jako ca\u0142o\u015b\u0107 oferuj\u0105 dzi\u015b bezprecedensowe mo\u017cliwo\u015bci dla marketingu. Dotyczy to r\u00f3wnie\u017c marketingu, kt\u00f3ry jest okre\u015blany jako rekrutacja nowej wykwalifikowanej si\u0142y roboczej - obowi\u0105zuj\u0105 te same zasady. Jedyne, co si\u0119 zmieni\u0142o, to kierunek marketingu: zamiast sprzedawa\u0107 produkt, praca we w\u0142asnej firmie jest oferowana jako po\u017c\u0105dany produkt.<\/p>\n<p>Nast\u0119puj\u0105ce \u015brodki s\u0105 wa\u017cne dla konkretnego wdro\u017cenia<span>\u00a0<\/span><strong>Obecno\u015b\u0107 online<\/strong><span>\u00a0<\/span>musz\u0105 by\u0107 profesjonalnie zaprojektowane i odzwierciedla\u0107 powag\u0119 firmy w odniesieniu do jako\u015bci. W przypadku<span>\u00a0<\/span><strong>Strona internetowa<\/strong><span>\u00a0<\/span>powinien dostarcza\u0107 istotnych informacji dla nowych pracownik\u00f3w - mo\u017cliwo\u015bci w firmie, jasno sformu\u0142owane og\u0142oszenia o prac\u0119, us\u0142ugi wsparcia w integracji z niemieckim rynkiem pracy i niemieckim \u017cyciem. Kolejnym krokiem jest<span>\u00a0<\/span><strong>Zwi\u0119kszenie zasi\u0119gu<\/strong><span>\u00a0<\/span>- poprzez linkowanie do miejsc w Internecie, w kt\u00f3rych znajduj\u0105 si\u0119 potencjalni pracownicy: LinkedIn, Facebook i specjalistyczne portale. Jest to r\u00f3wnie\u017c miejsce, w kt\u00f3rym<span>\u00a0<\/span><strong>Zaprzestanie publikacji og\u0142osze\u0144 o prac\u0119<\/strong><span>\u00a0<\/span>z linkiem do strony informacyjnej.<\/p>\n<h2>W jaki spos\u00f3b sieci spo\u0142eczno\u015bciowe mog\u0105 wspiera\u0107 rekrutacj\u0119 wykwalifikowanej si\u0142y roboczej?<\/h2>\n<p>LinkedIn i Facebook to popularne platformy, z kt\u00f3rych osoby poszukuj\u0105ce pracy korzystaj\u0105, aby dowiedzie\u0107 si\u0119 o wszystkich mo\u017cliwo\u015bciach i znale\u017a\u0107 nowe oferty pracy. Poniewa\u017c platformy te maj\u0105 charakter og\u00f3lny, mo\u017cna spodziewa\u0107 si\u0119 du\u017cego ruchu na profilach i stronach, kt\u00f3re nie sk\u0142adaj\u0105 si\u0119 z potencjalnych pracownik\u00f3w.<\/p>\n<p>Dlatego te\u017c opr\u00f3cz takich platform niezb\u0119dne jest korzystanie z wyspecjalizowanych platform - zw\u0142aszcza specjalistycznych portali i internetowych tablic og\u0142osze\u0144 o prac\u0119. Skupiaj\u0105 si\u0119 one na poszukiwaniu wykwalifikowanej si\u0142y roboczej, zamieszczaj\u0105 odpowiednie og\u0142oszenia i uatrakcyjniaj\u0105 swoje strony internetowe. Mo\u017cna tu znale\u017a\u0107 w szczeg\u00f3lno\u015bci do\u015bwiadczonych specjalist\u00f3w, a opr\u00f3cz w\u0142asnego og\u0142oszenia o prac\u0119, mo\u017cna te\u017c napisa\u0107 bezpo\u015brednio do pracownik\u00f3w poszukuj\u0105cych pracy.<\/p>\n<h2>W jaki spos\u00f3b system zarz\u0105dzania kandydatami wspiera proces rekrutacji?<\/h2>\n<p>System zarz\u0105dzania kandydatami mo\u017ce by\u0107 wykorzystywany przy wi\u0119kszych poszukiwaniach kilku specjalist\u00f3w. Dzi\u0119ki niemu selekcja kandydat\u00f3w i ca\u0142y proces rekrutacji staje si\u0119 prostszy i bardziej przejrzysty - zarz\u0105dzanie kandydatami, komunikacja i monitorowanie post\u0119p\u00f3w.<\/p>\n<p>Aby przyspieszy\u0107 proces selekcji - co jest szczeg\u00f3lnie wa\u017cne, bior\u0105c pod uwag\u0119 odleg\u0142o\u015b\u0107 mi\u0119dzy firm\u0105 a miejscem zamieszkania kandydata za granic\u0105 - do wst\u0119pnej selekcji nale\u017cy wykorzysta\u0107 \u015brodki online: testy online, rozmowy kwalifikacyjne przeprowadzane online. Istniej\u0105 r\u00f3wnie\u017c mi\u0119dzynarodowe sieci internetowe, za po\u015brednictwem kt\u00f3rych mo\u017cna znale\u017a\u0107 spo\u0142eczno\u015bci potencjalnych kandydat\u00f3w i skontaktowa\u0107 si\u0119 z nimi bezpo\u015brednio. Ukierunkowane og\u0142oszenia w sieciach spo\u0142eczno\u015bciowych i popularnych portalach r\u00f3wnie\u017c zwi\u0119kszaj\u0105 zasi\u0119g og\u0142osze\u0144 o prac\u0119.<\/p>\n<h2>Dlaczego warto wsp\u00f3\u0142pracowa\u0107 z wyspecjalizowanymi agencjami rekrutacyjnymi?<\/h2>\n<p>W przypadku poszukiwania wykwalifikowanych pracownik\u00f3w z zagranicy, wyspecjalizowane agencje rekrutacyjne mog\u0105 zaoferowa\u0107 jeszcze wi\u0119cej korzy\u015bci ni\u017c w przypadku rekrutacji wykwalifikowanych pracownik\u00f3w w kraju. Znalezienie elektryk\u00f3w z zagranicy jest nieco bardziej rozleg\u0142ym przedsi\u0119wzi\u0119ciem ni\u017c poszukiwania krajowe. Wyspecjalizowane agencje oferuj\u0105 cztery g\u0142\u00f3wne korzy\u015bci:<\/p>\n<p><strong>Cenne porady i dalsza ekspertyza:<\/strong><span>\u00a0<\/span>Zw\u0142aszcza w przypadku r\u00f3\u017cnych kwalifikacji i wymaga\u0144, mog\u0105 oni skonkretyzowa\u0107 potrzeby, a tym samym sformu\u0142owa\u0107 wymagania, kt\u00f3re odpowiadaj\u0105 wymaganiom firmy i s\u0105 zgodne ze szkoleniami za granic\u0105.<\/p>\n<p><strong>Rozleg\u0142e sieci i kontakty:<\/strong><span>\u00a0<\/span>Oznacza to, \u017ce mog\u0105 z \u0142atwo\u015bci\u0105 korzysta\u0107 z du\u017cej puli odpowiednich kandydat\u00f3w w celu rekrutacji odpowiednich elektryk\u00f3w dla w\u0142asnej firmy.<\/p>\n<p><strong>Z\u0142o\u017cona sytuacja prawna:<\/strong><span>\u00a0<\/span>Pewno\u015b\u0107 prawna jest szczeg\u00f3lnie wa\u017cna w odniesieniu do sytuacji prawnej zwi\u0105zanej z rekrutacj\u0105 zagranicznej si\u0142y roboczej. Obejmuje to r\u00f3wnie\u017c ubieganie si\u0119 o zezwolenia na pobyt i uznawanie kwalifikacji.<\/p>\n<p><strong>Przeprowadzanie bada\u0144 przesiewowych:<\/strong><span>\u00a0<\/span>Wykorzystuj\u0105 swoje do\u015bwiadczenie do wst\u0119pnej selekcji kandydat\u00f3w - sprawdzaj\u0105 ich przesz\u0142o\u015b\u0107, a przede wszystkim kwalifikacje.<\/p>\n<p>Wreszcie, agencje pomagaj\u0105 r\u00f3wnie\u017c w integracji zagranicznych wykwalifikowanych pracownik\u00f3w z w\u0142asn\u0105 firm\u0105 - zapewniaj\u0105c wsparcie w pokonywaniu przeszk\u00f3d kulturowych, tak aby nowi pracownicy mogli p\u0142ynnie zapozna\u0107 si\u0119 z firm\u0105. Istnieje wiele agencji, kt\u00f3re specjalizuj\u0105 si\u0119 w rekrutacji wykwalifikowanych pracownik\u00f3w z Polski, Czech, S\u0142owacji, Litwy i innych kraj\u00f3w Europy Wschodniej i s\u0105 szczeg\u00f3lnie dobre w pomaganiu w kwestiach zwi\u0105zanych z aplikacj\u0105, kwestiach prawnych i kulturowych.<\/p>\n<p>Wi\u0119cej informacji na temat uznawania zagranicznych kwalifikacji mo\u017cna znale\u017a\u0107 w naszym artykule<span>\u00a0<\/span><a href=\"https:\/\/global-business-recruiting.de\/pl\/wiedziec\/profesjonalne-uznanie-dla-elektrykow-za-granica\/\">Profesjonalne uznanie dla elektryk\u00f3w z zagranicy<\/a>.<\/p>\n<h2>Cz\u0119sto zadawane pytania dotycz\u0105ce rekrutacji zagranicznych elektryk\u00f3w<\/h2>\n<\/div><\/div><div class=\"w-separator size_small\"><\/div><div class=\"w-tabs style_default switch_click accordion type_togglable has_scrolling\" style=\"--sections-title-size:inherit\"><div class=\"w-tabs-sections titles-align_none icon_chevron cpos_right\"><div class=\"w-tabs-section\" id=\"s96f\" itemscope itemprop=\"mainEntity\" itemtype=\"https:\/\/schema.org\/Question\"><button class=\"w-tabs-section-header\" aria-controls=\"content-s96f\" aria-expanded=\"false\"><div class=\"w-tabs-section-title\" itemprop=\"name\">Czym jest employer branding i dlaczego jest wa\u017cny dla przyci\u0105gania wykwalifikowanych pracownik\u00f3w z zagranicy?<\/div><div class=\"w-tabs-section-control\"><\/div><\/button><div  class=\"w-tabs-section-content\" id=\"content-s96f\" itemscope itemprop=\"acceptedAnswer\" itemtype=\"https:\/\/schema.org\/Answer\"><div class=\"w-tabs-section-content-h i-cf\" itemprop=\"text\"><div class=\"wpb_text_column\"><div class=\"wpb_wrapper\"><p>Employer branding odnosi si\u0119 do rozwoju atrakcyjnej marki pracodawcy. Jest to szczeg\u00f3lnie wa\u017cne w przypadku rekrutacji zagranicznych elektryk\u00f3w, poniewa\u017c ta grupa docelowa ocenia pracodawc\u00f3w wed\u0142ug innych kryteri\u00f3w ni\u017c kandydaci krajowi - mo\u017cliwo\u015bci kariery, mi\u0119dzynarodowe \u015brodowisko pracy i jasna komunikacja odgrywaj\u0105 kluczow\u0105 rol\u0119.<\/p>\n<\/div><\/div><\/div><\/div><\/div><div class=\"w-tabs-section\" id=\"ha7a\" itemscope itemprop=\"mainEntity\" itemtype=\"https:\/\/schema.org\/Question\"><button class=\"w-tabs-section-header\" aria-controls=\"content-ha7a\" aria-expanded=\"false\"><div class=\"w-tabs-section-title\" itemprop=\"name\">Kt\u00f3re kana\u0142y online najlepiej nadaj\u0105 si\u0119 do rekrutacji zagranicznych elektryk\u00f3w?<\/div><div class=\"w-tabs-section-control\"><\/div><\/button><div  class=\"w-tabs-section-content\" id=\"content-ha7a\" itemscope itemprop=\"acceptedAnswer\" itemtype=\"https:\/\/schema.org\/Answer\"><div class=\"w-tabs-section-content-h i-cf\" itemprop=\"text\"><div class=\"wpb_text_column\"><div class=\"wpb_wrapper\"><p>Opr\u00f3cz LinkedIn i Facebooka nale\u017cy przede wszystkim korzysta\u0107 ze specjalistycznych portali i internetowych tablic og\u0142osze\u0144. Skupiaj\u0105 si\u0119 one na wykwalifikowanej sile roboczej, oferuj\u0105 ukierunkowane podej\u015bcie, a tak\u017ce umo\u017cliwiaj\u0105 bezpo\u015bredni kontakt z aktywnie poszukuj\u0105cymi elektrykami. Profesjonalna strona internetowa firmy z informacjami dla zagranicznych kandydat\u00f3w jest niezb\u0119dn\u0105 podstaw\u0105.<\/p>\n<\/div><\/div><\/div><\/div><\/div><div class=\"w-tabs-section\" id=\"ub5c\" itemscope itemprop=\"mainEntity\" itemtype=\"https:\/\/schema.org\/Question\"><button class=\"w-tabs-section-header\" aria-controls=\"content-ub5c\" aria-expanded=\"false\"><div class=\"w-tabs-section-title\" itemprop=\"name\">W jaki spos\u00f3b system zarz\u0105dzania kandydatami mo\u017ce upro\u015bci\u0107 ten proces?<\/div><div class=\"w-tabs-section-control\"><\/div><\/button><div  class=\"w-tabs-section-content\" id=\"content-ub5c\" itemscope itemprop=\"acceptedAnswer\" itemtype=\"https:\/\/schema.org\/Answer\"><div class=\"w-tabs-section-content-h i-cf\" itemprop=\"text\"><div class=\"wpb_text_column\"><div class=\"wpb_wrapper\"><p>System zarz\u0105dzania kandydatami umo\u017cliwia ustrukturyzowane zarz\u0105dzanie wszystkimi kandydatami, komunikacj\u0119 w trakcie procesu i \u015bledzenie post\u0119p\u00f3w. W przypadku kandydat\u00f3w z zagranicy mo\u017cna r\u00f3wnie\u017c zintegrowa\u0107 testy online i wywiady wideo, aby pokona\u0107 dystans i dokona\u0107 \u015bwiadomej selekcji wst\u0119pnej.<\/p>\n<\/div><\/div><\/div><\/div><\/div><div class=\"w-tabs-section\" id=\"tc50\" itemscope itemprop=\"mainEntity\" itemtype=\"https:\/\/schema.org\/Question\"><button class=\"w-tabs-section-header\" aria-controls=\"content-tc50\" aria-expanded=\"false\"><div class=\"w-tabs-section-title\" itemprop=\"name\">Jakie korzy\u015bci oferuje wyspecjalizowana agencja rekrutacyjna w por\u00f3wnaniu z prowadzeniem w\u0142asnych bada\u0144?<\/div><div class=\"w-tabs-section-control\"><\/div><\/button><div  class=\"w-tabs-section-content\" id=\"content-tc50\" itemscope itemprop=\"acceptedAnswer\" itemtype=\"https:\/\/schema.org\/Answer\"><div class=\"w-tabs-section-content-h i-cf\" itemprop=\"text\"><div class=\"wpb_text_column\"><div class=\"wpb_wrapper\"><p>Wyspecjalizowane agencje wnosz\u0105 specjalistyczn\u0105 wiedz\u0119 na temat zagranicznych kwalifikacji, rozleg\u0142\u0105 sie\u0107 kandydat\u00f3w, pewno\u015b\u0107 prawn\u0105 w zakresie zezwole\u0144 na pobyt i uznawania kwalifikacji, a tak\u017ce do\u015bwiadczenie w zakresie wst\u0119pnej selekcji i integracji kulturowej. Oszcz\u0119dza to firmie sporo czasu i zmniejsza ryzyko niew\u0142a\u015bciwego doboru kandydat\u00f3w.<\/p>\n<\/div><\/div><\/div><\/div><\/div><div class=\"w-tabs-section\" id=\"od90\" itemscope itemprop=\"mainEntity\" itemtype=\"https:\/\/schema.org\/Question\"><button class=\"w-tabs-section-header\" aria-controls=\"content-od90\" aria-expanded=\"false\"><div class=\"w-tabs-section-title\" itemprop=\"name\">Z jakich kraj\u00f3w pochodz\u0105 zagraniczni elektrycy pracuj\u0105cy w Niemczech?<\/div><div class=\"w-tabs-section-control\"><\/div><\/button><div  class=\"w-tabs-section-content\" id=\"content-od90\" itemscope itemprop=\"acceptedAnswer\" itemtype=\"https:\/\/schema.org\/Answer\"><div class=\"w-tabs-section-content-h i-cf\" itemprop=\"text\"><div class=\"wpb_text_column\"><div class=\"wpb_wrapper\"><p>Elektrycy z Polski, Czech, S\u0142owacji, Litwy i innych kraj\u00f3w Europy Wschodniej s\u0105 szczeg\u00f3lnie poszukiwani. Ci wykwalifikowani pracownicy cz\u0119sto posiadaj\u0105 solidne wykszta\u0142cenie i s\u0105 zaznajomieni z europejskimi standardami. Wyspecjalizowane agencje, takie jak Global Business Recruiting, koncentruj\u0105 si\u0119 w\u0142a\u015bnie na tych rynkach.<\/p>\n<\/div><\/div><\/div><\/div><\/div><\/div><\/div><\/div><\/div><\/div><\/div><\/section>","protected":false},"excerpt":{"rendered":"Nachdem bekannt ist, wie ausl\u00e4ndische Fachkr\u00e4fte hierzulande ihre Zertifikate anerkannt bekommen und ihre Qualifikationen gegebenenfalls anpassen k\u00f6nnen, stellt sich die n\u00e4chste Frage: Wie gewinnen Betriebe in Deutschland Fachkr\u00e4fte aus dem Ausland? W\u00e4hrend das mit dem Fachkr\u00e4ftemangel so einfach erscheint, muss doch mitunter von Seiten der Arbeitgeber etwas getan werden, das \u00fcber die Pr\u00fcfung der Bewerber...","protected":false},"author":1,"featured_media":11163,"parent":9347,"menu_order":0,"comment_status":"closed","ping_status":"closed","template":"","meta":{"_acf_changed":false,"footnotes":""},"class_list":["post-9933","page","type-page","status-publish","has-post-thumbnail","hentry"],"acf":[],"_links":{"self":[{"href":"https:\/\/global-business-recruiting.de\/pl\/wp-json\/wp\/v2\/pages\/9933","targetHints":{"allow":["GET"]}}],"collection":[{"href":"https:\/\/global-business-recruiting.de\/pl\/wp-json\/wp\/v2\/pages"}],"about":[{"href":"https:\/\/global-business-recruiting.de\/pl\/wp-json\/wp\/v2\/types\/page"}],"author":[{"embeddable":true,"href":"https:\/\/global-business-recruiting.de\/pl\/wp-json\/wp\/v2\/users\/1"}],"replies":[{"embeddable":true,"href":"https:\/\/global-business-recruiting.de\/pl\/wp-json\/wp\/v2\/comments?post=9933"}],"version-history":[{"count":6,"href":"https:\/\/global-business-recruiting.de\/pl\/wp-json\/wp\/v2\/pages\/9933\/revisions"}],"predecessor-version":[{"id":11176,"href":"https:\/\/global-business-recruiting.de\/pl\/wp-json\/wp\/v2\/pages\/9933\/revisions\/11176"}],"up":[{"embeddable":true,"href":"https:\/\/global-business-recruiting.de\/pl\/wp-json\/wp\/v2\/pages\/9347"}],"wp:featuredmedia":[{"embeddable":true,"href":"https:\/\/global-business-recruiting.de\/pl\/wp-json\/wp\/v2\/media\/11163"}],"wp:attachment":[{"href":"https:\/\/global-business-recruiting.de\/pl\/wp-json\/wp\/v2\/media?parent=9933"}],"curies":[{"name":"wp","href":"https:\/\/api.w.org\/{rel}","templated":true}]}}