{"id":9937,"date":"2026-03-13T01:51:13","date_gmt":"2026-03-13T01:51:13","guid":{"rendered":"https:\/\/global-business-recruiting.de\/wissen\/wie-gewinnt-man-auslaendische-fachkraefte-im-bereich-elektrotechnik\/"},"modified":"2026-03-29T13:19:27","modified_gmt":"2026-03-29T13:19:27","slug":"typy-samolotow-moc-morska","status":"publish","type":"page","link":"https:\/\/global-business-recruiting.de\/pl\/wissen\/flugzeugtraeger-typen-seemacht\/","title":{"rendered":"Lotniskowce: wymiary, typy i nowoczesna pot\u0119ga morska"},"content":{"rendered":"<section class=\"l-section wpb_row height_custom\"><div class=\"l-section-h i-cf\"><div class=\"g-cols vc_row via_grid cols_1 laptops-cols_inherit tablets-cols_inherit mobiles-cols_1 valign_top type_default stacking_default\"><div class=\"wpb_column vc_column_container\"><div class=\"vc_column-inner\"><div class=\"wpb_text_column\"><div class=\"wpb_wrapper\"><p>Podobnie jak statki wycieczkowe, lotniskowce s\u0105 jednymi z najbardziej z\u0142o\u017conych i najwi\u0119kszych statk\u00f3w p\u0142ywaj\u0105cych po oceanach \u015bwiata. S\u0105 p\u0142ywaj\u0105cymi lotniskami, mieszcz\u0105 kilka tysi\u0119cy os\u00f3b i stanowi\u0105 centralny element nowoczesnego lotnictwa.<span>\u00a0<\/span><strong>projekcja si\u0142y morskiej<\/strong>. Lotniskowce znajduj\u0105 si\u0119 w centrum morskich grup bojowych i zapewniaj\u0105 rozpoznanie, przewag\u0119 powietrzn\u0105, ochron\u0119 przed atakami i precyzyjne uderzenia na cele oddalone o setki kilometr\u00f3w.<\/p>\n<p>Chocia\u017c Niemcy nie posiadaj\u0105 w\u0142asnych lotniskowc\u00f3w, po\u015brednio korzystaj\u0105 z tych du\u017cych okr\u0119t\u00f3w bojowych. Bundeswehra regularnie operuje w wielonarodowych formacjach wraz z sojuszniczymi lotniskowcami, a niemieckie okr\u0119ty s\u0105 integraln\u0105 cz\u0119\u015bci\u0105 takich grup bojowych. Lotniskowce odgrywaj\u0105 r\u00f3wnie\u017c rol\u0119 dla niemieckiego przemys\u0142u: niemieckie firmy dostarczaj\u0105 technologie, komponenty i koncepcje, kt\u00f3re zosta\u0142y w\u0142\u0105czone do program\u00f3w lotniskowc\u00f3w we Francji, Wielkiej Brytanii i USA. Zasadniczo niemieckie stocznie s\u0105 technicznie zdolne do budowy lotniskowc\u00f3w - pod warunkiem, \u017ce pozwol\u0105 na to polityczne i prawne warunki ramowe.<\/p>\n<h2>Jakie s\u0105 rodzaje lotniskowc\u00f3w?<\/h2>\n<p>Kiedy wspomina si\u0119 o lotniskowcach, wiele os\u00f3b w pierwszej kolejno\u015bci my\u015bli o ogromnych lotniskowcach Marynarki Wojennej Stan\u00f3w Zjednoczonych. Jednak te giganty to tylko wierzcho\u0142ek szerokiej gamy typ\u00f3w.<\/p>\n<h3>Noside\u0142ka dla dzieci - ma\u0142e noside\u0142ka do ograniczonych przestrzeni<\/h3>\n<p>Na ni\u017cszym ko\u0144cu skali znajduj\u0105 si\u0119 tzw.<span>\u00a0<\/span><strong>Noside\u0142ko dla dziecka<\/strong>. Znane s\u0105 r\u00f3wnie\u017c jako okr\u0119ty kontroli morskiej, \u015bcigacze okr\u0119t\u00f3w podwodnych lub lotniskowce STOVL. Ich wyporno\u015b\u0107 zaczyna si\u0119 od oko\u0142o<span>\u00a0<\/span><strong>14 000 ton<\/strong>. Nie maj\u0105 nap\u0119du j\u0105drowego, co ogranicza ich zasi\u0119g i pr\u0119dko\u015b\u0107.<\/p>\n<p>G\u0142\u00f3wnym zadaniem tych lotniskowc\u00f3w jest kontrolowanie ograniczonych obszar\u00f3w morskich. W tym celu wykorzystuj\u0105 one g\u0142\u00f3wnie \u015bmig\u0142owce, uzupe\u0142nione kilkoma lekkimi samolotami. Lotniskowce nie s\u0105 przeznaczone do walki z du\u017cymi nawodnymi grupami bojowymi wroga, ale do nadzoru, ochrony i obrony przeciw okr\u0119tom podwodnym.<\/p>\n<p>G\u0142\u00f3wnym obszarem zastosowa\u0144 noside\u0142ek dla dzieci jest<span>\u00a0<\/span><strong>Polowanie na \u0142\u00f3d\u017a podwodn\u0105<\/strong>. Ich \u015bmig\u0142owce mog\u0105 monitorowa\u0107 du\u017ce obszary morskie i wykorzystywa\u0107 nowoczesn\u0105 technologi\u0119 czujnik\u00f3w: opuszczane boje sonarowe, opuszczane sonary nurkowe, a tak\u017ce wykrywanie magnetyczne i wykrywanie ha\u0142asu. W przypadku zlokalizowania okr\u0119tu podwodnego \u015bmig\u0142owiec mo\u017ce sprowadzi\u0107 dodatkowe jednostki powietrzne lub morskie. Tak zwany \u0142owca i zab\u00f3jca cz\u0119sto pracuj\u0105 razem: Podczas gdy \u0142owca \u015bciga cel, zab\u00f3jca atakuje torpedami, kt\u00f3re niezale\u017cnie wykrywaj\u0105 i atakuj\u0105 okr\u0119t podwodny.<\/p>\n<h3>Lotniskowiec STOVL: Samoloty na kr\u00f3tkich pok\u0142adach<\/h3>\n<p>Wiele noside\u0142ek dla dzieci i amfibii opiera si\u0119 na<span>\u00a0<\/span><strong>Samolot STOVL<\/strong>. STOVL oznacza<span>\u00a0<\/span><em>Kr\u00f3tki start i pionowe l\u0105dowanie<\/em>. Samoloty te wymagaj\u0105 jedynie kr\u00f3tkich odleg\u0142o\u015bci startu i mog\u0105 l\u0105dowa\u0107 pionowo. Wcze\u015bniejszymi przedstawicielami by\u0142y Harrier, dzi\u015b s\u0105 to g\u0142\u00f3wnie<span>\u00a0<\/span><strong>F-35B<\/strong><span>\u00a0<\/span>do u\u017cytku. Dzi\u0119ki obrotowym wylotom silnik\u00f3w, samoloty te generuj\u0105 nap\u0119d i si\u0142\u0119 no\u015bn\u0105 w tym samym czasie, co oznacza, \u017ce mniejsze statki mog\u0105 r\u00f3wnie\u017c s\u0142u\u017cy\u0107 jako lotniskowce - cho\u0107 z ograniczeniami pod wzgl\u0119dem zasi\u0119gu, \u0142adowno\u015bci i czasu rozmieszczenia.<\/p>\n<p>Typowe lotniskowce STOVL to brytyjska klasa Invincible, w\u0142oski lotniskowiec Cavour i brytyjska klasa Queen Elizabeth z HMS Queen Elizabeth i HMS Prince of Wales. Z oko\u0142o<span>\u00a0<\/span><strong>80 000 ton<\/strong><span>\u00a0<\/span>Te nowoczesne noside\u0142ka STOVL s\u0105 znacznie wi\u0119ksze ni\u017c klasyczne noside\u0142ka dla dzieci, ale nadal nie maj\u0105 katapulty.<\/p>\n<h3>Amfibie - lotnisko i okr\u0119t desantowy w jednym<\/h3>\n<p>Specjalna forma<span>\u00a0<\/span><strong>lotniskowce amfibie<\/strong><span>\u00a0<\/span>reprezentuj\u0105. \u0141\u0105cz\u0105 one ci\u0105g\u0142y pok\u0142ad lotniczy z wewn\u0119trznym dokiem. Ten dok mo\u017ce pomie\u015bci\u0107 mniejsze jednostki desantowe, kt\u00f3re sprowadzaj\u0105 na l\u0105d \u017co\u0142nierzy, pojazdy i materia\u0142y. Takie okr\u0119ty s\u0105 wykorzystywane g\u0142\u00f3wnie do desantowania \u017co\u0142nierzy, ale wykonuj\u0105 r\u00f3wnie\u017c zadania jako lotniskowce \u015bmig\u0142owcowe, platformy szturmowe STOVL i \u015bcigacze okr\u0119t\u00f3w podwodnych. Dobrze znanym przedstawicielem jest francuski<span>\u00a0<\/span><strong>Klasa Mistral<\/strong>, kt\u00f3ry obecnie obs\u0142uguje g\u0142\u00f3wnie helikoptery, ale strukturalnie zosta\u0142 zaprojektowany jako lekki lotniskowiec.<\/p>\n<h3>No\u015bnik STOBAR - start przez ramp\u0119, l\u0105dowanie z linami bezpiecze\u0144stwa<\/h3>\n<p>Inn\u0105 kategori\u0105 s\u0105<span>\u00a0<\/span><strong>No\u015bnik STOBAR<\/strong><span>\u00a0<\/span>(<em>Kr\u00f3tki start, ale zatrzymany powr\u00f3t<\/em>). Okr\u0119ty te nie u\u017cywaj\u0105 katapult - samoloty startuj\u0105 z rampy w cz\u0119\u015bci dziobowej i l\u0105duj\u0105 na pochylonym pok\u0142adzie za pomoc\u0105 lin ograniczaj\u0105cych. Ten typ nie jest u\u017cywany przez zachodnie marynarki wojenne, ale jest szeroko rozpowszechniony w Rosji, Chinach i Indiach. Lotniskowce STOBAR stanowi\u0105 techniczne rozwi\u0105zanie po\u015brednie, ale ich elastyczno\u015b\u0107 operacyjna jest ograniczona.<\/p>\n<h3>Lotniskowce - najwi\u0119ksze statki na oceanach \u015bwiata<\/h3>\n<p>Najbardziej wydajnym typem no\u015bnika jest<span>\u00a0<\/span><strong>Przewo\u017anik floty<\/strong>. Statki te regularnie przekraczaj\u0105<span>\u00a0<\/span><strong>80 000 ton<\/strong>, cz\u0119sto nawet<span>\u00a0<\/span><strong>100 000 ton przemieszczenia<\/strong>. Posiadaj\u0105 nap\u0119d j\u0105drowy, niemal nieograniczony zasi\u0119g, katapulty (parowe lub elektromagnetyczne), liny ograniczaj\u0105ce do l\u0105dowania oraz do 100 samolot\u00f3w i \u015bmig\u0142owc\u00f3w. Najbardziej znanymi przyk\u0142adami s\u0105 lotniskowce Marynarki Wojennej Stan\u00f3w Zjednoczonych, takie jak klasy Ford i Nimitz.<\/p>\n<p>Francja posiada r\u00f3wnie\u017c w\u0142asn\u0105 flot\u0119 przewo\u017anik\u00f3w:<span>\u00a0<\/span><strong>Charles de Gaulle<\/strong>. Pomimo stosunkowo niskiego przemieszczenia wynosz\u0105cego ok.<span>\u00a0<\/span><strong>42 000 ton<\/strong><span>\u00a0<\/span>Posiada nap\u0119d j\u0105drowy, katapulty i oko\u0142o 40 samolot\u00f3w.<\/p>\n<h2>Podsumowanie: P\u0142ywaj\u0105ce arcydzie\u0142a in\u017cynierii<\/h2>\n<p>Lotniskowce to techniczne i organizacyjne arcydzie\u0142a. Od kompaktowych lotniskowc\u00f3w dla dzieci po platformy amfibijne i ogromne lotniskowce floty, obejmuj\u0105 one szeroki zakres zastosowa\u0144. \u0141\u0105cz\u0105 w sobie przemys\u0142 stoczniowy, lotnictwo, elektronik\u0119 i logistyk\u0119 na najwy\u017cszym poziomie i do dzi\u015b charakteryzuj\u0105 globaln\u0105 pot\u0119g\u0119 morsk\u0105.<\/p>\n<p>Wi\u0119cej o firmach dostarczaj\u0105cych technologie i komponenty dla mi\u0119dzynarodowego przemys\u0142u stoczniowego mo\u017cna przeczyta\u0107 w naszym artykule<span>\u00a0<\/span><a href=\"https:\/\/global-business-recruiting.de\/pl\/wiedziec\/przeglad-niemieckich-stoczni\/\">Niemieckie stocznie w skr\u00f3cie<\/a>.<\/p>\n<h2>Cz\u0119sto zadawane pytania dotycz\u0105ce lotniskowc\u00f3w<\/h2>\n<\/div><\/div><div class=\"w-separator size_small\"><\/div><div class=\"w-tabs style_default switch_click accordion type_togglable has_scrolling\" style=\"--sections-title-size:inherit\"><div class=\"w-tabs-sections titles-align_none icon_chevron cpos_right\"><div class=\"w-tabs-section\" id=\"qfa7\" itemscope itemprop=\"mainEntity\" itemtype=\"https:\/\/schema.org\/Question\"><button class=\"w-tabs-section-header\" aria-controls=\"content-qfa7\" aria-expanded=\"false\"><div class=\"w-tabs-section-title\" itemprop=\"name\">Jaka jest r\u00f3\u017cnica mi\u0119dzy noside\u0142kiem dla dziecka a noside\u0142kiem flotowym?<\/div><div class=\"w-tabs-section-control\"><\/div><\/button><div  class=\"w-tabs-section-content\" id=\"content-qfa7\" itemscope itemprop=\"acceptedAnswer\" itemtype=\"https:\/\/schema.org\/Answer\"><div class=\"w-tabs-section-content-h i-cf\" itemprop=\"text\"><div class=\"wpb_text_column\"><div class=\"wpb_wrapper\"><p>Ma\u0142e lotniskowce s\u0105 mniejsze (od ok. 14 000 ton), nie maj\u0105 nap\u0119du j\u0105drowego i wykorzystuj\u0105 g\u0142\u00f3wnie \u015bmig\u0142owce i samoloty STOVL. Lotniskowce floty cz\u0119sto przekraczaj\u0105 80 000 ton, maj\u0105 nap\u0119d j\u0105drowy, katapulty i mog\u0105 przewozi\u0107 do 100 samolot\u00f3w i \u015bmig\u0142owc\u00f3w. Ich spektrum operacyjne jest odpowiednio szersze.<\/p>\n<\/div><\/div><\/div><\/div><\/div><div class=\"w-tabs-section\" id=\"f0f1\" itemscope itemprop=\"mainEntity\" itemtype=\"https:\/\/schema.org\/Question\"><button class=\"w-tabs-section-header\" aria-controls=\"content-f0f1\" aria-expanded=\"false\"><div class=\"w-tabs-section-title\" itemprop=\"name\">Co oznacza STOVL dla lotniskowc\u00f3w?<\/div><div class=\"w-tabs-section-control\"><\/div><\/button><div  class=\"w-tabs-section-content\" id=\"content-f0f1\" itemscope itemprop=\"acceptedAnswer\" itemtype=\"https:\/\/schema.org\/Answer\"><div class=\"w-tabs-section-content-h i-cf\" itemprop=\"text\"><div class=\"wpb_text_column\"><div class=\"wpb_wrapper\"><p>Skr\u00f3t STOVL oznacza kr\u00f3tki start i pionowe l\u0105dowanie. Samoloty te wymagaj\u0105 jedynie kr\u00f3tkiego startu i mog\u0105 l\u0105dowa\u0107 pionowo, co pozwala na ich wykorzystanie na mniejszych lotniskowcach bez katapulty. Najbardziej znanym obecnie modelem jest F-35B.<\/p>\n<\/div><\/div><\/div><\/div><\/div><div class=\"w-tabs-section\" id=\"y232\" itemscope itemprop=\"mainEntity\" itemtype=\"https:\/\/schema.org\/Question\"><button class=\"w-tabs-section-header\" aria-controls=\"content-y232\" aria-expanded=\"false\"><div class=\"w-tabs-section-title\" itemprop=\"name\">Czym jest transporter STOBAR?<\/div><div class=\"w-tabs-section-control\"><\/div><\/button><div  class=\"w-tabs-section-content\" id=\"content-y232\" itemscope itemprop=\"acceptedAnswer\" itemtype=\"https:\/\/schema.org\/Answer\"><div class=\"w-tabs-section-content-h i-cf\" itemprop=\"text\"><div class=\"wpb_text_column\"><div class=\"wpb_wrapper\"><p>STOBAR to skr\u00f3t od Short Take Off But Arrested Recovery. Samoloty startuj\u0105 z rampy nosowej i l\u0105duj\u0105 przy u\u017cyciu liny ograniczaj\u0105cej. Ten typ nie wymaga katapulty i jest u\u017cywany g\u0142\u00f3wnie przez Rosj\u0119, Chiny i Indie.<\/p>\n<\/div><\/div><\/div><\/div><\/div><div class=\"w-tabs-section\" id=\"l37a\" itemscope itemprop=\"mainEntity\" itemtype=\"https:\/\/schema.org\/Question\"><button class=\"w-tabs-section-header\" aria-controls=\"content-l37a\" aria-expanded=\"false\"><div class=\"w-tabs-section-title\" itemprop=\"name\">Jak\u0105 rol\u0119 odgrywaj\u0105 lotniskowce dla Niemiec?<\/div><div class=\"w-tabs-section-control\"><\/div><\/button><div  class=\"w-tabs-section-content\" id=\"content-l37a\" itemscope itemprop=\"acceptedAnswer\" itemtype=\"https:\/\/schema.org\/Answer\"><div class=\"w-tabs-section-content-h i-cf\" itemprop=\"text\"><div class=\"wpb_text_column\"><div class=\"wpb_wrapper\"><p>Niemcy nie posiadaj\u0105 w\u0142asnych lotniskowc\u00f3w, ale regularnie operuj\u0105 w formacjach NATO wraz z lotniskowcami sojusznik\u00f3w. Ponadto niemieckie firmy dostarczaj\u0105 technologie i komponenty do mi\u0119dzynarodowych program\u00f3w budowy lotniskowc\u00f3w. Niemieckie stocznie by\u0142yby technicznie zdolne do budowy lotniskowc\u00f3w.<\/p>\n<\/div><\/div><\/div><\/div><\/div><div class=\"w-tabs-section\" id=\"f495\" itemscope itemprop=\"mainEntity\" itemtype=\"https:\/\/schema.org\/Question\"><button class=\"w-tabs-section-header\" aria-controls=\"content-f495\" aria-expanded=\"false\"><div class=\"w-tabs-section-title\" itemprop=\"name\">Czym jest lotniskowiec amfibijny?<\/div><div class=\"w-tabs-section-control\"><\/div><\/button><div  class=\"w-tabs-section-content\" id=\"content-f495\" itemscope itemprop=\"acceptedAnswer\" itemtype=\"https:\/\/schema.org\/Answer\"><div class=\"w-tabs-section-content-h i-cf\" itemprop=\"text\"><div class=\"wpb_text_column\"><div class=\"wpb_wrapper\"><p>Lotniskowce amfibijne \u0142\u0105cz\u0105 pok\u0142ad lotniczy z wewn\u0119trznym dokiem dla jednostek desantowych. Ich g\u0142\u00f3wnym celem jest desantowanie \u017co\u0142nierzy, ale mog\u0105 one r\u00f3wnie\u017c funkcjonowa\u0107 jako lotniskowce \u015bmig\u0142owcowe, platformy STOVL i podwodne lotniskowce my\u015bliwskie. Dobrze znanym przyk\u0142adem jest francuska klasa Mistral.<\/p>\n<\/div><\/div><\/div><\/div><\/div><\/div><\/div><\/div><\/div><\/div><\/div><\/section>","protected":false},"excerpt":{"rendered":"\u00c4hnlich wie Kreuzfahrtschiffe geh\u00f6ren auch Flugzeugtr\u00e4ger zu den komplexesten und gr\u00f6\u00dften Schiffen, die auf den Weltmeeren unterwegs sind. Sie sind schwimmende Flugpl\u00e4tze, beherbergen mehrere tausend Menschen und bilden das Herzst\u00fcck moderner\u00a0maritimer Machtprojektion. Flugzeugtr\u00e4ger stehen im Zentrum von Marinekampfgruppen und erm\u00f6glichen Aufkl\u00e4rung, Luft\u00fcberlegenheit, Schutz vor Angriffen sowie pr\u00e4zise Schl\u00e4ge gegen Ziele in hunderten Kilometern Entfernung. Deutschland...","protected":false},"author":1,"featured_media":11164,"parent":9347,"menu_order":0,"comment_status":"closed","ping_status":"closed","template":"","meta":{"_acf_changed":false,"footnotes":""},"class_list":["post-9937","page","type-page","status-publish","has-post-thumbnail","hentry"],"acf":[],"_links":{"self":[{"href":"https:\/\/global-business-recruiting.de\/pl\/wp-json\/wp\/v2\/pages\/9937","targetHints":{"allow":["GET"]}}],"collection":[{"href":"https:\/\/global-business-recruiting.de\/pl\/wp-json\/wp\/v2\/pages"}],"about":[{"href":"https:\/\/global-business-recruiting.de\/pl\/wp-json\/wp\/v2\/types\/page"}],"author":[{"embeddable":true,"href":"https:\/\/global-business-recruiting.de\/pl\/wp-json\/wp\/v2\/users\/1"}],"replies":[{"embeddable":true,"href":"https:\/\/global-business-recruiting.de\/pl\/wp-json\/wp\/v2\/comments?post=9937"}],"version-history":[{"count":5,"href":"https:\/\/global-business-recruiting.de\/pl\/wp-json\/wp\/v2\/pages\/9937\/revisions"}],"predecessor-version":[{"id":11175,"href":"https:\/\/global-business-recruiting.de\/pl\/wp-json\/wp\/v2\/pages\/9937\/revisions\/11175"}],"up":[{"embeddable":true,"href":"https:\/\/global-business-recruiting.de\/pl\/wp-json\/wp\/v2\/pages\/9347"}],"wp:featuredmedia":[{"embeddable":true,"href":"https:\/\/global-business-recruiting.de\/pl\/wp-json\/wp\/v2\/media\/11164"}],"wp:attachment":[{"href":"https:\/\/global-business-recruiting.de\/pl\/wp-json\/wp\/v2\/media?parent=9937"}],"curies":[{"name":"wp","href":"https:\/\/api.w.org\/{rel}","templated":true}]}}