{"id":9941,"date":"2026-03-13T02:10:13","date_gmt":"2026-03-13T02:10:13","guid":{"rendered":"https:\/\/global-business-recruiting.de\/wissen\/flugzeugtraeger-dimensionen-typen-und-moderne-seemacht\/"},"modified":"2026-03-29T13:20:15","modified_gmt":"2026-03-29T13:20:15","slug":"logistyka-technologii-lotniskowcow","status":"publish","type":"page","link":"https:\/\/global-business-recruiting.de\/pl\/wissen\/flugzeugtraeger-technik-logistik\/","title":{"rendered":"Wymagania techniczne lotniskowc\u00f3w i z\u0142o\u017cona logistyka stoj\u0105ca za nimi"},"content":{"rendered":"<section class=\"l-section wpb_row height_custom\"><div class=\"l-section-h i-cf\"><div class=\"g-cols vc_row via_grid cols_1 laptops-cols_inherit tablets-cols_inherit mobiles-cols_1 valign_top type_default stacking_default\"><div class=\"wpb_column vc_column_container\"><div class=\"vc_column-inner\"><div class=\"wpb_text_column\"><div class=\"wpb_wrapper\"><p>Lotniskowce s\u0105 jednymi z<span>\u00a0<\/span><strong>najbardziej z\u0142o\u017cone konstrukcje techniczne<\/strong>, jakie wyprodukowa\u0142 wsp\u00f3\u0142czesny przemys\u0142 stoczniowy. Nie s\u0105 to tylko okr\u0119ty wojenne, ale<span>\u00a0<\/span><strong>P\u0142ywaj\u0105ce bazy lotnicze<\/strong>, kt\u00f3re mog\u0105 stale dzia\u0142a\u0107 na pe\u0142nym morzu. Teraz, gdy podstawy i wymiary r\u00f3\u017cnych typ\u00f3w lotniskowc\u00f3w s\u0105 ju\u017c znane, przyjrzyjmy si\u0119 im bli\u017cej.<span>\u00a0<\/span><strong>wymagania techniczne<\/strong>, kt\u00f3ry<span>\u00a0<\/span><strong>Systemy pok\u0142adowe<\/strong><span>\u00a0<\/span>i<span>\u00a0<\/span><strong>z\u0142o\u017cona logistyka<\/strong>, kt\u00f3re w pierwszej kolejno\u015bci umo\u017cliwiaj\u0105 budow\u0119 i eksploatacj\u0119 przewo\u017anika.<\/p>\n<h2>R\u00f3\u017cne typy wi\u0105zek i ich wymagania techniczne<\/h2>\n<p>W zale\u017cno\u015bci od zamierzonego zastosowania i projektu, rozr\u00f3\u017cnia si\u0119 r\u00f3\u017cne rodzaje wsparcia. Podpory<span>\u00a0<\/span><strong>Przemieszczenie<\/strong><span>\u00a0<\/span>waha si\u0119 od ok.<span>\u00a0<\/span><strong>14 000 ton dla mniejszych przewo\u017anik\u00f3w<\/strong><span>\u00a0<\/span>do<span>\u00a0<\/span><strong>ponad 100 000 ton dla du\u017cych przewo\u017anik\u00f3w flotowych<\/strong>. Wraz ze wzrostem rozmiaru zwi\u0119ksza si\u0119 nie tylko liczba samolot\u00f3w, ale tak\u017ce<span>\u00a0<\/span><strong>wymagania techniczne, strukturalne i logistyczne<\/strong><span>\u00a0<\/span>wyk\u0142adniczo.<\/p>\n<p>Chocia\u017c Niemcy same nie obs\u0142uguj\u0105 \u017cadnych lotniskowc\u00f3w, niemieckie stocznie posiadaj\u0105 niezb\u0119dn\u0105 wiedz\u0119 specjalistyczn\u0105 do opracowywania i budowania mniejszych koncepcji lotniskowc\u00f3w, takich jak tak zwane ma\u0142e lotniskowce. Obejmuje to mi\u0119dzy innymi: systemy radarowe i czujnikowe, systemy nawigacji i obs\u0142ugi statk\u00f3w, technologi\u0119 nap\u0119dow\u0105 i zaopatrzenie w energi\u0119, a tak\u017ce operacje lotnicze i systemy kontroli ruchu lotniczego. We wsp\u00f3\u0142pracy z krajami sojuszniczymi by\u0142oby zatem technicznie mo\u017cliwe zaprojektowanie i zrealizowanie kompletnego lotniskowca.<\/p>\n<h2>Lotniskowiec jako p\u0142ywaj\u0105ce miasto<\/h2>\n<p>Nowoczesny lotniskowiec to co\u015b wi\u0119cej ni\u017c tylko statek - przypomina on<span>\u00a0<\/span><strong>ma\u0142e miasteczko nad morzem<\/strong>. Na pok\u0142adzie znajduje si\u0119 kilka tysi\u0119cy os\u00f3b, kt\u00f3re wykonuj\u0105 r\u00f3\u017cnorodne zadania: Obs\u0142uga i konserwacja system\u00f3w okr\u0119towych, operacje lotnicze i konserwacja samolot\u00f3w, kontrola ruchu lotniczego i koordynacja misji, a tak\u017ce bezpiecze\u0144stwo i obs\u0142uga system\u00f3w uzbrojenia. To ogromne zag\u0119szczenie personelu stawia wysokie wymagania<span>\u00a0<\/span><strong>Zaopatrzenie, zakwaterowanie, bezpiecze\u0144stwo i organizacja<\/strong>.<\/p>\n<h2>Pok\u0142ad lotniczy - centralny element ka\u017cdego lotniskowca<\/h2>\n<p>The<span>\u00a0<\/span><strong>L\u0105dowisko<\/strong><span>\u00a0<\/span>jest g\u0142\u00f3wnym powodem istnienia lotniskowca i jednocze\u015bnie jedn\u0105 z najbardziej obci\u0105\u017conych konstrukcji na pok\u0142adzie. Nowoczesne lotniskowce wa\u017c\u0105<span>\u00a0<\/span><strong>30 ton lub wi\u0119cej<\/strong>. Uderzaj\u0105 one w pok\u0142ad z du\u017c\u0105 pr\u0119dko\u015bci\u0105 i maksymaln\u0105 moc\u0105 silnika. Jest to szczeg\u00f3lnie trudne dla samolot\u00f3w STOVL, kt\u00f3re l\u0105duj\u0105 pionowo lub kr\u00f3tko, a tak\u017ce dla konwencjonalnych lotniskowc\u00f3w z hakami ograniczaj\u0105cymi.<\/p>\n<p>W przypadku l\u0105dowa\u0144 STOVL samolot stoi na stabilizatorze podczas l\u0105dowania.<span>\u00a0<\/span><strong>niezwykle gor\u0105cy i silny strumie\u0144 spalin<\/strong>, co mo\u017ce trwale uszkodzi\u0107 pok\u0142ad, je\u015bli nie zosta\u0142 specjalnie zaprojektowany.<\/p>\n<h3>Podesty linowe - maksymalne napr\u0119\u017cenie materia\u0142u<\/h3>\n<p>W klasycznych l\u0105dowaniach na lotniskowcach pilot w\u0142\u0105cza silniki na kr\u00f3tko przed przyziemieniem<span>\u00a0<\/span><strong>Pe\u0142na moc<\/strong>, poniewa\u017c pok\u0142ad nie jest wystarczaj\u0105co d\u0142ugi do wodowania przelotowego. Je\u015bli hak zatrzymuj\u0105cy ominie liny zatrzymuj\u0105ce, gor\u0105ce dysze wydechowe ze\u015blizgn\u0105 si\u0119 po nich.<span>\u00a0<\/span><strong>ca\u0142kowita d\u0142ugo\u015b\u0107 pok\u0142adu<\/strong>, zanim samolot ponownie wystartuje. Pok\u0142ad musi wytrzyma\u0107 wszystkie te obci\u0105\u017cenia<span>\u00a0<\/span><strong>stale i wielokrotnie<\/strong><span>\u00a0<\/span>zniesione.<\/p>\n<h2>Pok\u0142ad hangaru, windy i logistyka wewn\u0119trzna<\/h2>\n<p>Bezpo\u015brednio pod l\u0105dowiskiem znajduje si\u0119<span>\u00a0<\/span><strong>Pok\u0142ad hangarowy<\/strong>. To tutaj samoloty s\u0105 parkowane, konserwowane, uzbrajane i przygotowywane do misji. Transport mi\u0119dzy hangarem a kabin\u0105 za\u0142ogi zapewniaj\u0105<span>\u00a0<\/span><strong>ogromne windy<\/strong><span>\u00a0<\/span>do u\u017cytku. Pojedyncza winda mo\u017ce transportowa\u0107 dwa my\u015bliwce lub trzy helikoptery jednocze\u015bnie - z<span>\u00a0<\/span><strong>Ud\u017awig ponad 60 ton<\/strong>. Wsp\u00f3\u0142cze\u015bni przewo\u017anicy maj\u0105 co najmniej dwie, ale cz\u0119sto trzy lub cztery takie windy.<\/p>\n<p>Istniej\u0105 r\u00f3wnie\u017c mniejsze windy, kt\u00f3re bezpiecznie transportuj\u0105 bro\u0144 z arsena\u0142\u00f3w w g\u0142\u0119bi statku do hangaru lub bezpo\u015brednio do kabiny za\u0142ogi.<\/p>\n<h2>Paliwo, arsena\u0142y i centra dowodzenia<\/h2>\n<p>Kolejnym krytycznym czynnikiem jest<span>\u00a0<\/span><strong>Tankowanie samolotu<\/strong>. Kilometry przewod\u00f3w paliwowych i pot\u0119\u017cne systemy pomp przebiegaj\u0105 przez statek, aby silniki by\u0142y gotowe do u\u017cycia w jak najkr\u00f3tszym czasie. The<span>\u00a0<\/span><strong>Arsena\u0142y<\/strong><span>\u00a0<\/span>S\u0105 one silnie opancerzone i zaprojektowane tak, aby eksplozje by\u0142y jak najbardziej odizolowane. R\u00f3wnie\u017c<span>\u00a0<\/span><strong>Centra dowodzenia<\/strong><span>\u00a0<\/span>s\u0105 dost\u0119pne w wielu nadmiarowych wersjach, dzi\u0119ki czemu sam no\u015bnik<span>\u00a0<\/span><strong>zdolny do przyw\u00f3dztwa<\/strong><span>\u00a0<\/span>pozostaje. Istniej\u0105 r\u00f3wnie\u017c elektroniczne systemy zag\u0142uszania, systemy obrony powietrznej i obrony bliskiego zasi\u0119gu.<\/p>\n<h2>Planowanie, budowa i integracja systemu<\/h2>\n<p>Projekt lotniskowca wymaga wsp\u00f3\u0142pracy wielu dyscyplin: in\u017cynier\u00f3w stoczniowych, ekspert\u00f3w lotniczych, technik\u00f3w uzbrojenia, logistyk\u00f3w i specjalist\u00f3w ds. bezpiecze\u0144stwa. Obejmuje to nie tylko sporz\u0105dzanie plan\u00f3w budowy, ale tak\u017ce opracowywanie koncepcji operacyjnych, procedur konserwacji i strategii awaryjnych. Celem jest wykorzystanie lotniskowca jako<span>\u00a0<\/span><strong>stale dzia\u0142aj\u0105ca mobilna baza lotnicza<\/strong><span>\u00a0<\/span>roz\u0142o\u017cy\u0107.<\/p>\n<h2>Z\u0142o\u017cone procesy budowlane i globalna logistyka<\/h2>\n<p>Budowa lotniskowca to du\u017cy projekt logistyczny. Tysi\u0105ce komponent\u00f3w i system\u00f3w musi zosta\u0107 zam\u00f3wionych, wyprodukowanych, przetransportowanych i zainstalowanych zgodnie z harmonogramem. Prefabrykowane segmenty kad\u0142uba s\u0105 montowane, podczas gdy maszyny, elektronika, radar i systemy uzbrojenia s\u0105 instalowane r\u00f3wnolegle. Nast\u0119pnie przeprowadzane s\u0105 testy system\u00f3w, symulacje operacji lotniczych oraz procedury bezpiecze\u0144stwa i awaryjne. Nic wi\u0119c dziwnego, \u017ce budowa lotniskowca<span>\u00a0<\/span><strong>wiele lat<\/strong><span>\u00a0<\/span>jest u\u017cywany.<\/p>\n<h2>Wnioski<\/h2>\n<p>Lotniskowce s\u0105 jednymi z<span>\u00a0<\/span><strong>Najbardziej wymagaj\u0105ce technicznie i skomplikowane logistycznie konstrukcje<\/strong>, jakie kiedykolwiek stworzy\u0142 cz\u0142owiek. \u0141\u0105cz\u0105 one budow\u0119 statk\u00f3w, lotnictwo, elektronik\u0119, technologi\u0119 uzbrojenia i logistyk\u0119 na bardzo ma\u0142ej przestrzeni. Ich budowa wymaga nie tylko ogromnych zasob\u00f3w finansowych, ale tak\u017ce<span>\u00a0<\/span><strong>Dziesi\u0119ciolecia do\u015bwiadczenia i wsp\u00f3\u0142pracy mi\u0119dzynarodowej<\/strong>.<\/p>\n<p>Wi\u0119cej informacji na temat rodzaj\u00f3w i obszar\u00f3w wykorzystania lotniskowc\u00f3w mo\u017cna znale\u017a\u0107 w naszym artykule<span>\u00a0<\/span><a href=\"https:\/\/global-business-recruiting.de\/pl\/wiedziec\/typy-samolotow-moc-morska\/\">Lotniskowce: wymiary, typy i nowoczesna pot\u0119ga morska<\/a>. Nasz artyku\u0142 zawiera przegl\u0105d stoczni i przemys\u0142u stoczniowego w Niemczech<span>\u00a0<\/span><a href=\"https:\/\/global-business-recruiting.de\/pl\/wiedziec\/przeglad-niemieckich-stoczni\/\">Niemieckie stocznie w skr\u00f3cie<\/a>.<\/p>\n<h2>Najcz\u0119\u015bciej zadawane pytania dotycz\u0105ce wymaga\u0144 technicznych lotniskowc\u00f3w<\/h2>\n<\/div><\/div><div class=\"w-separator size_small\"><\/div><div class=\"w-tabs style_default switch_click accordion type_togglable has_scrolling\" style=\"--sections-title-size:inherit\"><div class=\"w-tabs-sections titles-align_none icon_chevron cpos_right\"><div class=\"w-tabs-section\" id=\"n792\" itemscope itemprop=\"mainEntity\" itemtype=\"https:\/\/schema.org\/Question\"><button class=\"w-tabs-section-header\" aria-controls=\"content-n792\" aria-expanded=\"false\"><div class=\"w-tabs-section-title\" itemprop=\"name\">Dlaczego lotniskowce s\u0105 tak skomplikowane technicznie?<\/div><div class=\"w-tabs-section-control\"><\/div><\/button><div  class=\"w-tabs-section-content\" id=\"content-n792\" itemscope itemprop=\"acceptedAnswer\" itemtype=\"https:\/\/schema.org\/Answer\"><div class=\"w-tabs-section-content-h i-cf\" itemprop=\"text\"><div class=\"wpb_text_column\"><div class=\"wpb_wrapper\"><p>Lotniskowce musz\u0105 funkcjonowa\u0107 jednocze\u015bnie jako statek, lotnisko, system uzbrojenia, koszary i baza logistyczna. Wymaga to integracji skrajnie r\u00f3\u017cnych system\u00f3w - od silnik\u00f3w okr\u0119towych i katapult po technologi\u0119 radarow\u0105, magazyny broni i szpitale - w bardzo ograniczonej przestrzeni i w warunkach g\u0142\u0119binowych.<\/p>\n<\/div><\/div><\/div><\/div><\/div><div class=\"w-tabs-section\" id=\"f870\" itemscope itemprop=\"mainEntity\" itemtype=\"https:\/\/schema.org\/Question\"><button class=\"w-tabs-section-header\" aria-controls=\"content-f870\" aria-expanded=\"false\"><div class=\"w-tabs-section-title\" itemprop=\"name\">Jak bardzo obci\u0105\u017cony jest pok\u0142ad lotniczy lotniskowca?<\/div><div class=\"w-tabs-section-control\"><\/div><\/button><div  class=\"w-tabs-section-content\" id=\"content-f870\" itemscope itemprop=\"acceptedAnswer\" itemtype=\"https:\/\/schema.org\/Answer\"><div class=\"w-tabs-section-content-h i-cf\" itemprop=\"text\"><div class=\"wpb_text_column\"><div class=\"wpb_wrapper\"><p>Samoloty lotniskowc\u00f3w wa\u017c\u0105 30 ton lub wi\u0119cej podczas l\u0105dowania i uderzaj\u0105 w pok\u0142ad z du\u017c\u0105 pr\u0119dko\u015bci\u0105 i pe\u0142n\u0105 moc\u0105 silnika. Pok\u0142ad musi wytrzyma\u0107 te obci\u0105\u017cenia od hak\u00f3w ograniczaj\u0105cych, dysz wylotowych i silnik\u00f3w odrzutowych STOVL w spos\u00f3b ci\u0105g\u0142y i powtarzalny - co stanowi ogromne wyzwanie dla materia\u0142\u00f3w i konstrukcji.<\/p>\n<\/div><\/div><\/div><\/div><\/div><div class=\"w-tabs-section\" id=\"o93f\" itemscope itemprop=\"mainEntity\" itemtype=\"https:\/\/schema.org\/Question\"><button class=\"w-tabs-section-header\" aria-controls=\"content-o93f\" aria-expanded=\"false\"><div class=\"w-tabs-section-title\" itemprop=\"name\">Jak dzia\u0142a logistyka na pok\u0142adzie lotniskowca?<\/div><div class=\"w-tabs-section-control\"><\/div><\/button><div  class=\"w-tabs-section-content\" id=\"content-o93f\" itemscope itemprop=\"acceptedAnswer\" itemtype=\"https:\/\/schema.org\/Answer\"><div class=\"w-tabs-section-content-h i-cf\" itemprop=\"text\"><div class=\"wpb_text_column\"><div class=\"wpb_wrapper\"><p>Na pok\u0142adzie pracuje kilka tysi\u0119cy os\u00f3b, koordynowanych przez z\u0142o\u017cony system pok\u0142adu hangarowego, wind samolotowych (o ud\u017awigu ponad 60 ton), linii paliwowych, wind uzbrojenia i centr\u00f3w dowodzenia. Nadmiarowe systemy zapewniaj\u0105, \u017ce lotniskowiec pozostaje sprawny nawet po trafieniach.<\/p>\n<\/div><\/div><\/div><\/div><\/div><div class=\"w-tabs-section\" id=\"wa11\" itemscope itemprop=\"mainEntity\" itemtype=\"https:\/\/schema.org\/Question\"><button class=\"w-tabs-section-header\" aria-controls=\"content-wa11\" aria-expanded=\"false\"><div class=\"w-tabs-section-title\" itemprop=\"name\">Czy niemieckie stocznie mog\u0105 budowa\u0107 lotniskowce?<\/div><div class=\"w-tabs-section-control\"><\/div><\/button><div  class=\"w-tabs-section-content\" id=\"content-wa11\" itemscope itemprop=\"acceptedAnswer\" itemtype=\"https:\/\/schema.org\/Answer\"><div class=\"w-tabs-section-content-h i-cf\" itemprop=\"text\"><div class=\"wpb_text_column\"><div class=\"wpb_wrapper\"><p>Z technicznego punktu widzenia tak - niemieckie stocznie dysponuj\u0105 specjalistyczn\u0105 wiedz\u0105 w zakresie system\u00f3w radarowych i czujnik\u00f3w, technologii nap\u0119dowych, system\u00f3w naprowadzania statk\u00f3w i system\u00f3w kontroli ruchu lotniczego, kt\u00f3re s\u0105 wymagane dla lotniskowc\u00f3w. Kompletny projekt lotniskowca m\u00f3g\u0142by zosta\u0107 zrealizowany we wsp\u00f3\u0142pracy z sojusznikami, o ile pozwol\u0105 na to warunki polityczne i prawne.<\/p>\n<\/div><\/div><\/div><\/div><\/div><div class=\"w-tabs-section\" id=\"iae0\" itemscope itemprop=\"mainEntity\" itemtype=\"https:\/\/schema.org\/Question\"><button class=\"w-tabs-section-header\" aria-controls=\"content-iae0\" aria-expanded=\"false\"><div class=\"w-tabs-section-title\" itemprop=\"name\">Jak d\u0142ugo trwa budowa lotniskowca?<\/div><div class=\"w-tabs-section-control\"><\/div><\/button><div  class=\"w-tabs-section-content\" id=\"content-iae0\" itemscope itemprop=\"acceptedAnswer\" itemtype=\"https:\/\/schema.org\/Answer\"><div class=\"w-tabs-section-content-h i-cf\" itemprop=\"text\"><div class=\"wpb_text_column\"><div class=\"wpb_wrapper\"><p>Budowa nowoczesnego lotniskowca floty trwa zwykle wiele lat - od planowania do produkcji segment\u00f3w kad\u0142uba, integracji system\u00f3w, faz testowych i uruchomienia, cz\u0119sto zajmuje to dekad\u0119 lub d\u0142u\u017cej. Globalny \u0142a\u0144cuch dostaw tysi\u0119cy specjalistycznych komponent\u00f3w czyni ten proces jeszcze bardziej z\u0142o\u017conym.<\/p>\n<\/div><\/div><\/div><\/div><\/div><\/div><\/div><\/div><\/div><\/div><\/div><\/section>","protected":false},"excerpt":{"rendered":"Flugzeugtr\u00e4ger z\u00e4hlen zu den\u00a0komplexesten technischen Konstruktionen, die der moderne Schiffbau hervorgebracht hat. Sie sind nicht nur Kriegsschiffe, sondern\u00a0schwimmende Luftwaffenst\u00fctzpunkte, die dauerhaft auf hoher See operieren k\u00f6nnen. Nachdem die Grundlagen und Dimensionen der verschiedenen Tr\u00e4gertypen bekannt sind, folgt nun der Blick auf die\u00a0technischen Anforderungen, die\u00a0Bordsysteme\u00a0sowie die\u00a0aufwendige Logistik, die Bau und Betrieb eines Tr\u00e4gers erst m\u00f6glich machen....","protected":false},"author":1,"featured_media":11165,"parent":9347,"menu_order":0,"comment_status":"closed","ping_status":"closed","template":"","meta":{"_acf_changed":false,"footnotes":""},"class_list":["post-9941","page","type-page","status-publish","has-post-thumbnail","hentry"],"acf":[],"_links":{"self":[{"href":"https:\/\/global-business-recruiting.de\/pl\/wp-json\/wp\/v2\/pages\/9941","targetHints":{"allow":["GET"]}}],"collection":[{"href":"https:\/\/global-business-recruiting.de\/pl\/wp-json\/wp\/v2\/pages"}],"about":[{"href":"https:\/\/global-business-recruiting.de\/pl\/wp-json\/wp\/v2\/types\/page"}],"author":[{"embeddable":true,"href":"https:\/\/global-business-recruiting.de\/pl\/wp-json\/wp\/v2\/users\/1"}],"replies":[{"embeddable":true,"href":"https:\/\/global-business-recruiting.de\/pl\/wp-json\/wp\/v2\/comments?post=9941"}],"version-history":[{"count":6,"href":"https:\/\/global-business-recruiting.de\/pl\/wp-json\/wp\/v2\/pages\/9941\/revisions"}],"predecessor-version":[{"id":11174,"href":"https:\/\/global-business-recruiting.de\/pl\/wp-json\/wp\/v2\/pages\/9941\/revisions\/11174"}],"up":[{"embeddable":true,"href":"https:\/\/global-business-recruiting.de\/pl\/wp-json\/wp\/v2\/pages\/9347"}],"wp:featuredmedia":[{"embeddable":true,"href":"https:\/\/global-business-recruiting.de\/pl\/wp-json\/wp\/v2\/media\/11165"}],"wp:attachment":[{"href":"https:\/\/global-business-recruiting.de\/pl\/wp-json\/wp\/v2\/media?parent=9941"}],"curies":[{"name":"wp","href":"https:\/\/api.w.org\/{rel}","templated":true}]}}