{"id":9945,"date":"2026-03-13T02:23:36","date_gmt":"2026-03-13T02:23:36","guid":{"rendered":"https:\/\/global-business-recruiting.de\/wissen\/die-technischen-anforderungen-von-flugzeugtraegern-und-die-komplexe-logistik-dahinter\/"},"modified":"2026-03-29T13:21:01","modified_gmt":"2026-03-29T13:21:01","slug":"materialy-procesu-spawania","status":"publish","type":"page","link":"https:\/\/global-business-recruiting.de\/pl\/wissen\/schweissen-verfahren-werkstoffe\/","title":{"rendered":"Co mo\u017cna spawa\u0107?"},"content":{"rendered":"<section class=\"l-section wpb_row height_custom\"><div class=\"l-section-h i-cf\"><div class=\"g-cols vc_row via_grid cols_1 laptops-cols_inherit tablets-cols_inherit mobiles-cols_1 valign_top type_default stacking_default\"><div class=\"wpb_column vc_column_container\"><div class=\"vc_column-inner\"><div class=\"wpb_text_column\"><div class=\"wpb_wrapper\"><p>Spawanie ju\u017c dawno udowodni\u0142o swoje znaczenie. Sama liczba proces\u00f3w i podproces\u00f3w dowodzi, \u017ce ta metoda trwa\u0142ego i stabilnego \u0142\u0105czenia komponent\u00f3w staje si\u0119 coraz wa\u017cniejsza. Dlatego wa\u017cne jest, aby zrozumie\u0107, co mo\u017ce by\u0107 spawane w pierwszej kolejno\u015bci: Kt\u00f3re materia\u0142y s\u0105 odpowiednie, a dla kt\u00f3rych spawanie jest niewskazane?<\/p>\n<p>Kwestia, czy dany materia\u0142 mo\u017ce by\u0107 spawany, musi opiera\u0107 si\u0119 na r\u00f3\u017cnych czynnikach. Obejmuj\u0105 one przydatno\u015b\u0107 do spawania, bezpiecze\u0144stwo spawania i spawalno\u015b\u0107. Kryteria te opieraj\u0105 si\u0119 na samych materia\u0142ach i \u015brodowisku. Sam materia\u0142 musi nadawa\u0107 si\u0119 do spawania. Ponadto \u015brodowisko spawania musi by\u0107 bezpieczne - musi by\u0107 mo\u017cliwe zastosowanie ciep\u0142a bez powodowania wad i deformacji.<\/p>\n<h2>Kt\u00f3ry materia\u0142 nie nadaje si\u0119 do spawania<\/h2>\n<p>Niekt\u00f3re okre\u015blone grupy materia\u0142\u00f3w mo\u017cna wykluczy\u0107 ze spawania od samego pocz\u0105tku. Nale\u017c\u0105 do nich wszystkie materia\u0142y stwarzaj\u0105ce zagro\u017cenie po\u017carem lub wybuchem. Oznacza to, \u017ce spawanie pod \u017cadnym pozorem nie jest mo\u017cliwe. Oznacza to jednak r\u00f3wnie\u017c, \u017ce w przypadku spawania, materia\u0142y te nie tylko nie mog\u0105 by\u0107 przetwarzane, ale r\u00f3wnie\u017c musz\u0105 zosta\u0107 usuni\u0119te z pobli\u017ca prac spawalniczych.<\/p>\n<p>Nie jest r\u00f3wnie\u017c mo\u017cliwe spawanie czegokolwiek, co p\u0119ka, a nie odkszta\u0142ca si\u0119 pod wp\u0142ywem ciep\u0142a. Jest to g\u0142\u00f3wny pow\u00f3d, dla kt\u00f3rego metal mo\u017ce by\u0107 spawany: Metal wygina si\u0119, a nie p\u0119ka. Nowe procesy spawania mog\u0105 by\u0107 wykorzystywane do przeciwdzia\u0142ania p\u0119kaniu - obecnie umo\u017cliwia to r\u00f3wnie\u017c \u0142\u0105czenie szk\u0142a i tworzyw sztucznych za pomoc\u0105 spawania. Nale\u017cy jednak upewni\u0107 si\u0119, \u017ce ilo\u015b\u0107 wprowadzanego ciep\u0142a jest niska, a przede wszystkim precyzyjnie kontrolowana.<\/p>\n<h2>Proces spawania<\/h2>\n<p>Proces spawania jest r\u00f3wnie\u017c czynnikiem decyduj\u0105cym o tym, czy dany materia\u0142 mo\u017ce by\u0107 spawany, czy nie. Nawet w przypadku metali, kt\u00f3re zwykle mog\u0105 by\u0107 spawane, czasami zale\u017cy to od wybranego procesu spawania i tego, czy mo\u017cna je \u0142\u0105czy\u0107, czy nie.<\/p>\n<p>W przypadku materia\u0142\u00f3w niemetalicznych wyb\u00f3r dost\u0119pnych proces\u00f3w jest jeszcze bardziej ograniczony. Na przyk\u0142ad szk\u0142o mo\u017ce by\u0107 \u0142\u0105czone wy\u0142\u0105cznie za pomoc\u0105 spawania wi\u0105zk\u0105 laserow\u0105. W przypadku tworzyw sztucznych odpowiednie jest tylko zgrzewanie tarciowe i ultrad\u017awi\u0119kowe.<\/p>\n<h2>Przydatno\u015b\u0107 do spawania<\/h2>\n<p>Przydatno\u015b\u0107 do zgrzewania odnosi si\u0119 do wszystkich w\u0142a\u015bciwo\u015bci samego materia\u0142u. Musi on by\u0107 w stanie po\u0142\u0105czy\u0107 si\u0119 nierozerwalnie z tym samym lub podobnym materia\u0142em za pomoc\u0105 wybranego wariantu spawania. Po pierwsze, oznacza to, \u017ce spoina mo\u017ce by\u0107 w og\u00f3le wykonana. Nast\u0119pnie, zdolno\u015b\u0107 do wykonania tego zgrzewu na bie\u017c\u0105co, a na koniec, zgrzew musi by\u0107 w stanie wytrzyma\u0107 przysz\u0142e napr\u0119\u017cenia.<\/p>\n<h2>Opcja spawania<\/h2>\n<p>Zdolno\u015b\u0107 spawania odnosi si\u0119 do sprz\u0119tu. Musi on by\u0107 wystarczaj\u0105cy do przeprowadzenia procesu spawania zgodnie z wymaganiami w wybranej lokalizacji. Oznacza to, \u017ce miejsce pracy musi by\u0107 prawid\u0142owo skonfigurowane dla danego procesu.<\/p>\n<h2>Bezpiecze\u0144stwo spawania<\/h2>\n<p>Bezpiecze\u0144stwo spawania opisuje prawdopodobie\u0144stwo wyst\u0105pienia odkszta\u0142ce\u0144 i innych wad. Dotyczy to przede wszystkim wp\u0142ywu \u015brodowiska na wybrany proces spawania.<\/p>\n<h2>W\u0142a\u015bciwo\u015bci materia\u0142u<\/h2>\n<p>W\u0142a\u015bciwo\u015bci materia\u0142u odgrywaj\u0105 kluczow\u0105 rol\u0119 przy okre\u015blaniu, czy spawanie jest w og\u00f3le mo\u017cliwe. Nale\u017cy upewni\u0107 si\u0119, \u017ce mo\u017cliwe jest uzyskanie spoiny o po\u017c\u0105danej jako\u015bci. Ponadto, spoina ta musi by\u0107 r\u00f3wnie\u017c osi\u0105galna przy ekonomicznie uzasadnionych kosztach. To ju\u017c wyklucza szereg materia\u0142\u00f3w.<\/p>\n<p>Aby osi\u0105gn\u0105\u0107 precyzyjne wyniki, musi by\u0107 r\u00f3wnie\u017c obecny pewien stopie\u0144 formowalno\u015bci na gor\u0105co. Spawacze musz\u0105 odpowiednio sprawdzi\u0107 w\u0142a\u015bciwo\u015bci materia\u0142u przed rozpocz\u0119ciem procesu.<\/p>\n<p>Wysoka ci\u0105gliwo\u015b\u0107 w stanie ciep\u0142ym jest bardzo wa\u017cna. Jednak jeszcze wa\u017cniejsze jest, aby materia\u0142 zachowa\u0142 swoj\u0105 pierwotn\u0105 wytrzyma\u0142o\u015b\u0107 po sch\u0142odzeniu. Co wi\u0119cej, w procesie spawania temperatura topnienia materia\u0142\u00f3w, je\u015bli jest ich wi\u0119cej ni\u017c jeden, powinna by\u0107 jak najbardziej zbli\u017cona. Je\u015bli r\u00f3\u017cnica jest zbyt du\u017ca, osi\u0105gni\u0119cie po\u017c\u0105danego rezultatu b\u0119dzie trudniejsze, a nawet mo\u017ce by\u0107 niemo\u017cliwe.<\/p>\n<p>Kolejn\u0105 wa\u017cn\u0105 cech\u0105 jest<span>\u00a0<\/span><strong>Przewodno\u015b\u0107 cieplna<\/strong>. Podczas spawania, ciep\u0142o jest wprowadzane do materia\u0142u, aby spowodowa\u0107 jego stopienie w okre\u015blonym punkcie. Wysoka przewodno\u015b\u0107 cieplna oznacza, \u017ce materia\u0142 usuwa to ciep\u0142o - innymi s\u0142owy, wymagany jest odpowiednio wi\u0119kszy wk\u0142ad ciep\u0142a, aby zrekompensowa\u0107 straty. Z kolei ni\u017csza przewodno\u015b\u0107 cieplna wymaga mniej ciep\u0142a, poniewa\u017c pozostaje ono w po\u017c\u0105danym miejscu, a nie jest natychmiast usuwane. Nale\u017cy jednak pami\u0119ta\u0107, \u017ce szk\u0142o, plastik i inne materia\u0142y o niskiej przewodno\u015bci cieplnej maj\u0105 tendencj\u0119 do p\u0119kania lub \u0142amania si\u0119.<\/p>\n<p>Nast\u0119pnie jest chemia: podczas spawania materia\u0142y s\u0105 podgrzewane do temperatury topnienia. Alternatywnie, przyk\u0142adana jest du\u017ca si\u0142a. Oba te procesy mog\u0105 prowadzi\u0107 do zmiany sk\u0142adu chemicznego materia\u0142\u00f3w w odpowiednich obszarach. Zmiana ta mo\u017ce spowodowa\u0107 pogorszenie w\u0142a\u015bciwo\u015bci materia\u0142\u00f3w, a tym samym wykluczy\u0107 spawanie jako metod\u0119 \u0142\u0105czenia.<\/p>\n<p>Je\u015bli stal ma by\u0107 spawana, jej przydatno\u015b\u0107 zale\u017cy od zawarto\u015bci w\u0119gla. Je\u015bli zawarto\u015b\u0107 w\u0119gla przekracza 0,2 %, nale\u017cy podj\u0105\u0107 specjalne \u015brodki ostro\u017cno\u015bci. Przy tak wysokiej zawarto\u015bci w\u0119gla istnieje prawdopodobie\u0144stwo powstawania p\u0119kni\u0119\u0107, ale mo\u017cna temu zapobiec poprzez podgrzewanie wst\u0119pne i wy\u017carzanie odpr\u0119\u017caj\u0105ce. Je\u015bli stopy s\u0105 spawane, nale\u017cy r\u00f3wnie\u017c zachowa\u0107 ostro\u017cno\u015b\u0107: Nawet niewielka ilo\u015b\u0107 pierwiastk\u00f3w stopowych mo\u017ce znacz\u0105co wp\u0142yn\u0105\u0107 na w\u0142a\u015bciwo\u015bci materia\u0142u. Dlatego mo\u017ce by\u0107 konieczne zastosowanie innych proces\u00f3w spawania, kt\u00f3re s\u0105 bardziej odpowiednie dla danego stopu.<\/p>\n<h2>Kt\u00f3re materia\u0142y nadaj\u0105 si\u0119 do spawania<\/h2>\n<p>Zazwyczaj metale nadaj\u0105 si\u0119 do spawania. Maj\u0105 do tego niezb\u0119dn\u0105 plastyczno\u015b\u0107 - innymi s\u0142owy, mo\u017cna je zgina\u0107 pod wp\u0142ywem ciep\u0142a, zamiast po prostu \u0142ama\u0107. Dotyczy to zar\u00f3wno stali, jak i metali \u017celaznych oraz oczywi\u015bcie metali nie\u017celaznych.<\/p>\n<p>Poni\u017cej przedstawiono procesy spawania i materia\u0142y, kt\u00f3re mo\u017cna za ich pomoc\u0105 przetwarza\u0107:<\/p>\n<table>\n<thead>\n<tr>\n<th>Proces spawania<\/th>\n<th>Materia\u0142y<\/th>\n<\/tr>\n<\/thead>\n<tbody>\n<tr>\n<td>Spawanie gazowe<\/td>\n<td>Stale niestopowe<\/td>\n<\/tr>\n<tr>\n<td>R\u0119czne spawanie elektryczne<\/td>\n<td>Wszystkie stale<\/td>\n<\/tr>\n<tr>\n<td>Spawanie MIG<\/td>\n<td>Stale stopowe, metale nie\u017celazne<\/td>\n<\/tr>\n<tr>\n<td>Spawanie MAG<\/td>\n<td>Wszystkie stale<\/td>\n<\/tr>\n<tr>\n<td>Spawanie TIG<\/td>\n<td>Wszystkie metale<\/td>\n<\/tr>\n<tr>\n<td>Zgrzewanie oporowe<\/td>\n<td>Wszystkie metale<\/td>\n<\/tr>\n<tr>\n<td>Spawanie plazmowe<\/td>\n<td>Wszystkie stale, metale lekkie<\/td>\n<\/tr>\n<tr>\n<td>Spawanie ultrad\u017awi\u0119kowe<\/td>\n<td>Metale, tworzywa sztuczne<\/td>\n<\/tr>\n<tr>\n<td>Spawanie wi\u0105zk\u0105 laserow\u0105<\/td>\n<td>Wszystkie stale, metale lekkie, szk\u0142o<\/td>\n<\/tr>\n<tr>\n<td>Spawanie ci\u015bnieniowe na zimno<\/td>\n<td>Metale nie\u017celazne, ceramika<\/td>\n<\/tr>\n<tr>\n<td>Zgrzewanie tarciowe<\/td>\n<td>Metale, tworzywa sztuczne<\/td>\n<\/tr>\n<tr>\n<td>Spawanie wybuchowe<\/td>\n<td>Metale<\/td>\n<\/tr>\n<\/tbody>\n<\/table>\n<p>Wi\u0119cej informacji na temat r\u00f3\u017cnych pozycji spawania i ich praktycznego zastosowania mo\u017cna znale\u017a\u0107 w naszym artykule<span>\u00a0<\/span><a href=\"https:\/\/global-business-recruiting.de\/pl\/wiedziec\/stanowiska-spawalnicze\/\">Pozycje spawania<\/a>.<\/p>\n<h2>Cz\u0119sto zadawane pytania dotycz\u0105ce proces\u00f3w i materia\u0142\u00f3w spawalniczych<\/h2>\n<\/div><\/div><div class=\"w-separator size_small\"><\/div><div class=\"w-tabs style_default switch_click accordion type_togglable has_scrolling\" style=\"--sections-title-size:inherit\"><div class=\"w-tabs-sections titles-align_none icon_chevron cpos_right\"><div class=\"w-tabs-section\" id=\"o36c\" itemscope itemprop=\"mainEntity\" itemtype=\"https:\/\/schema.org\/Question\"><button class=\"w-tabs-section-header\" aria-controls=\"content-o36c\" aria-expanded=\"false\"><div class=\"w-tabs-section-title\" itemprop=\"name\">Kt\u00f3rych materia\u0142\u00f3w nie mo\u017cna spawa\u0107?<\/div><div class=\"w-tabs-section-control\"><\/div><\/button><div  class=\"w-tabs-section-content\" id=\"content-o36c\" itemscope itemprop=\"acceptedAnswer\" itemtype=\"https:\/\/schema.org\/Answer\"><div class=\"w-tabs-section-content-h i-cf\" itemprop=\"text\"><div class=\"wpb_text_column\"><div class=\"wpb_wrapper\"><p>Materia\u0142y stwarzaj\u0105ce zagro\u017cenie po\u017carem lub wybuchem s\u0105 generalnie wykluczone ze spawania - nale\u017cy je r\u00f3wnie\u017c usun\u0105\u0107 ze \u015brodowiska spawania. Materia\u0142y, kt\u00f3re p\u0119kaj\u0105 zamiast odkszta\u0142ca\u0107 si\u0119 pod wp\u0142ywem ciep\u0142a, s\u0105 r\u00f3wnie\u017c nieodpowiednie, chyba \u017ce stosowane s\u0105 specjalistyczne procesy o precyzyjnym, niskim dop\u0142ywie ciep\u0142a.<\/p>\n<\/div><\/div><\/div><\/div><\/div><div class=\"w-tabs-section\" id=\"k442\" itemscope itemprop=\"mainEntity\" itemtype=\"https:\/\/schema.org\/Question\"><button class=\"w-tabs-section-header\" aria-controls=\"content-k442\" aria-expanded=\"false\"><div class=\"w-tabs-section-title\" itemprop=\"name\">Co oznacza odpowiednio\u015b\u0107 potu?<\/div><div class=\"w-tabs-section-control\"><\/div><\/button><div  class=\"w-tabs-section-content\" id=\"content-k442\" itemscope itemprop=\"acceptedAnswer\" itemtype=\"https:\/\/schema.org\/Answer\"><div class=\"w-tabs-section-content-h i-cf\" itemprop=\"text\"><div class=\"wpb_text_column\"><div class=\"wpb_wrapper\"><p>Spawalno\u015b\u0107 opisuje wszystkie w\u0142a\u015bciwo\u015bci samego materia\u0142u, kt\u00f3re okre\u015blaj\u0105, czy mo\u017cna go po\u0142\u0105czy\u0107 za pomoc\u0105 wybranego procesu. Obejmuj\u0105 one formowalno\u015b\u0107 na gor\u0105co, temperatur\u0119 topnienia, przewodno\u015b\u0107 ciepln\u0105 i sk\u0142ad chemiczny. Materia\u0142 musi umo\u017cliwia\u0107 uzyskanie trwale spr\u0119\u017cystego szwu spawalniczego.<\/p>\n<\/div><\/div><\/div><\/div><\/div><div class=\"w-tabs-section\" id=\"f514\" itemscope itemprop=\"mainEntity\" itemtype=\"https:\/\/schema.org\/Question\"><button class=\"w-tabs-section-header\" aria-controls=\"content-f514\" aria-expanded=\"false\"><div class=\"w-tabs-section-title\" itemprop=\"name\">Kt\u00f3ry proces spawania jest odpowiedni dla wszystkich metali?<\/div><div class=\"w-tabs-section-control\"><\/div><\/button><div  class=\"w-tabs-section-content\" id=\"content-f514\" itemscope itemprop=\"acceptedAnswer\" itemtype=\"https:\/\/schema.org\/Answer\"><div class=\"w-tabs-section-content-h i-cf\" itemprop=\"text\"><div class=\"wpb_text_column\"><div class=\"wpb_wrapper\"><p>Spawanie TIG i spawanie oporowe s\u0105 odpowiednie dla wszystkich metali. Spawanie MIG nadaje si\u0119 do stali stopowych i metali nie\u017celaznych, a spawanie MAG i r\u0119czne spawanie \u0142ukowe do wszystkich stali. Wyb\u00f3r zawsze zale\u017cy od grubo\u015bci materia\u0142u, geometrii spoiny i dost\u0119pnego sprz\u0119tu.<\/p>\n<\/div><\/div><\/div><\/div><\/div><div class=\"w-tabs-section\" id=\"m5eb\" itemscope itemprop=\"mainEntity\" itemtype=\"https:\/\/schema.org\/Question\"><button class=\"w-tabs-section-header\" aria-controls=\"content-m5eb\" aria-expanded=\"false\"><div class=\"w-tabs-section-title\" itemprop=\"name\">Czy mo\u017cna spawa\u0107 szk\u0142o lub plastik?<\/div><div class=\"w-tabs-section-control\"><\/div><\/button><div  class=\"w-tabs-section-content\" id=\"content-m5eb\" itemscope itemprop=\"acceptedAnswer\" itemtype=\"https:\/\/schema.org\/Answer\"><div class=\"w-tabs-section-content-h i-cf\" itemprop=\"text\"><div class=\"wpb_text_column\"><div class=\"wpb_wrapper\"><p>Tak, przy u\u017cyciu odpowiednich proces\u00f3w. Szk\u0142o mo\u017cna \u0142\u0105czy\u0107 za pomoc\u0105 spawania laserowego, a tworzywa sztuczne za pomoc\u0105 zgrzewania tarciowego i ultrad\u017awi\u0119kowego. W obu przypadkach kluczowe znaczenie ma precyzyjnie kontrolowany, niski dop\u0142yw ciep\u0142a, poniewa\u017c materia\u0142y te maj\u0105 tendencj\u0119 do p\u0119kania, je\u015bli ich przewodno\u015b\u0107 cieplna jest zbyt wysoka.<\/p>\n<\/div><\/div><\/div><\/div><\/div><div class=\"w-tabs-section\" id=\"c6b8\" itemscope itemprop=\"mainEntity\" itemtype=\"https:\/\/schema.org\/Question\"><button class=\"w-tabs-section-header\" aria-controls=\"content-c6b8\" aria-expanded=\"false\"><div class=\"w-tabs-section-title\" itemprop=\"name\">Dlaczego zawarto\u015b\u0107 w\u0119gla jest wa\u017cna podczas spawania stali?<\/div><div class=\"w-tabs-section-control\"><\/div><\/button><div  class=\"w-tabs-section-content\" id=\"content-c6b8\" itemscope itemprop=\"acceptedAnswer\" itemtype=\"https:\/\/schema.org\/Answer\"><div class=\"w-tabs-section-content-h i-cf\" itemprop=\"text\"><div class=\"wpb_text_column\"><div class=\"wpb_wrapper\"><p>Je\u015bli zawarto\u015b\u0107 w\u0119gla w stali przekracza 0,2 %, prawdopodobne jest powstawanie p\u0119kni\u0119\u0107. Mo\u017cna temu przeciwdzia\u0142a\u0107 poprzez podgrzewanie wst\u0119pne i wy\u017carzanie odpr\u0119\u017caj\u0105ce. Im wy\u017csza zawarto\u015b\u0107 w\u0119gla, tym bardziej wymagaj\u0105cy proces spawania i tym wa\u017cniejsze staje si\u0119 staranne przygotowanie.<\/p>\n<\/div><\/div><\/div><\/div><\/div><\/div><\/div><\/div><\/div><\/div><\/div><\/section>","protected":false},"excerpt":{"rendered":"Das Schwei\u00dfen hat seine Wichtigkeit l\u00e4ngst unter Beweis gestellt. Allein die Unzahl an Verfahren und Unterverfahren beweist, dass diese M\u00f6glichkeit, Bauteile dauerhaft und stabil zu verbinden, eine immer gr\u00f6\u00dfere Bedeutung erh\u00e4lt. Damit es dann auch wichtig ist zu verstehen, was denn \u00fcberhaupt geschwei\u00dft werden kann: Welche Materialien eignen sich dazu und bei welchen Materialien ist...","protected":false},"author":1,"featured_media":11166,"parent":9347,"menu_order":0,"comment_status":"closed","ping_status":"closed","template":"","meta":{"_acf_changed":false,"footnotes":""},"class_list":["post-9945","page","type-page","status-publish","has-post-thumbnail","hentry"],"acf":[],"_links":{"self":[{"href":"https:\/\/global-business-recruiting.de\/pl\/wp-json\/wp\/v2\/pages\/9945","targetHints":{"allow":["GET"]}}],"collection":[{"href":"https:\/\/global-business-recruiting.de\/pl\/wp-json\/wp\/v2\/pages"}],"about":[{"href":"https:\/\/global-business-recruiting.de\/pl\/wp-json\/wp\/v2\/types\/page"}],"author":[{"embeddable":true,"href":"https:\/\/global-business-recruiting.de\/pl\/wp-json\/wp\/v2\/users\/1"}],"replies":[{"embeddable":true,"href":"https:\/\/global-business-recruiting.de\/pl\/wp-json\/wp\/v2\/comments?post=9945"}],"version-history":[{"count":6,"href":"https:\/\/global-business-recruiting.de\/pl\/wp-json\/wp\/v2\/pages\/9945\/revisions"}],"predecessor-version":[{"id":11173,"href":"https:\/\/global-business-recruiting.de\/pl\/wp-json\/wp\/v2\/pages\/9945\/revisions\/11173"}],"up":[{"embeddable":true,"href":"https:\/\/global-business-recruiting.de\/pl\/wp-json\/wp\/v2\/pages\/9347"}],"wp:featuredmedia":[{"embeddable":true,"href":"https:\/\/global-business-recruiting.de\/pl\/wp-json\/wp\/v2\/media\/11166"}],"wp:attachment":[{"href":"https:\/\/global-business-recruiting.de\/pl\/wp-json\/wp\/v2\/media?parent=9945"}],"curies":[{"name":"wp","href":"https:\/\/api.w.org\/{rel}","templated":true}]}}