{"id":9951,"date":"2026-03-16T04:37:49","date_gmt":"2026-03-16T04:37:49","guid":{"rendered":"https:\/\/global-business-recruiting.de\/wissen\/was-laesst-sich-schweissen\/"},"modified":"2026-03-29T13:21:42","modified_gmt":"2026-03-29T13:21:42","slug":"outsourcing-slowacja","status":"publish","type":"page","link":"https:\/\/global-business-recruiting.de\/pl\/wissen\/outsourcing-slowakei\/","title":{"rendered":"Outsourcing us\u0142ug na S\u0142owacj\u0119 - rozw\u00f3j i wolno\u015b\u0107 dla Twojej firmy"},"content":{"rendered":"<section class=\"l-section wpb_row height_custom\"><div class=\"l-section-h i-cf\"><div class=\"g-cols vc_row via_grid cols_1 laptops-cols_inherit tablets-cols_inherit mobiles-cols_1 valign_top type_default stacking_default\"><div class=\"wpb_column vc_column_container\"><div class=\"vc_column-inner\"><div class=\"wpb_text_column\"><div class=\"wpb_wrapper\"><p>Wed\u0142ug Statista, rozwijaj\u0105ca si\u0119 bran\u017ca IT przekszta\u0142ci\u0142a outsourcing proces\u00f3w biznesowych w bran\u017c\u0119 wart\u0105 wiele miliard\u00f3w dolar\u00f3w. Oznacza to, \u017ce coraz wi\u0119cej firm korzysta z us\u0142ug outsourcingu - a g\u0142\u00f3wnym powodem jest oszcz\u0119dno\u015b\u0107 koszt\u00f3w. Niniejszy artyku\u0142 zawiera przegl\u0105d poprawy wydajno\u015bci i ekspansji biznesowej na europejskim rynku outsourcingu - jednym z najbardziej wszechstronnych na \u015bwiecie.<\/p>\n<h2>Wzrost i wolno\u015b\u0107 dzi\u0119ki outsourcingowi do Europy Wschodniej<\/h2>\n<p>Oto kilka punkt\u00f3w dotycz\u0105cych outsourcingu us\u0142ug do Europy Wschodniej i na S\u0142owacj\u0119:<\/p>\n<p><strong>Rosn\u0105cy rynek rozwi\u0105za\u0144 outsourcingowych:<\/strong><span>\u00a0<\/span>W Niemczech istnieje silny rynek outsourcingu us\u0142ug, nap\u0119dzany przez cyfryzacj\u0119. Wiele firm coraz cz\u0119\u015bciej outsourcuje procesy biznesowe, takie jak IT, HR, ksi\u0119gowo\u015b\u0107 i obs\u0142uga klienta, do zewn\u0119trznych dostawc\u00f3w us\u0142ug. Trend ten prowadzi do zwi\u0119kszenia wydajno\u015bci i oszcz\u0119dno\u015bci koszt\u00f3w.<\/p>\n<p><strong>Transformacja cyfrowa:<\/strong><span>\u00a0<\/span>Transformacja cyfrowa w Niemczech oferuje znacz\u0105ce mo\u017cliwo\u015bci dla outsourcer\u00f3w proces\u00f3w biznesowych i centr\u00f3w us\u0142ug wsp\u00f3lnych. Firmy chc\u0105 oferowa\u0107 szybsze i nowocze\u015bniejsze us\u0142ugi cyfrowe, co cz\u0119sto wymaga zewn\u0119trznych specjalist\u00f3w w dziedzinie automatyzacji i us\u0142ug IT.<\/p>\n<p><strong>Wysoki popyt na us\u0142ugi wysokiej jako\u015bci:<\/strong><span>\u00a0<\/span>Niemiecki rynek wymaga wysokiej jako\u015bci i zaawansowanych us\u0142ug. Rynek us\u0142ug biznesowych i IT stale ro\u015bnie, tworz\u0105c korzystne \u015brodowisko dla dostawc\u00f3w us\u0142ug outsourcingowych, kt\u00f3rzy mog\u0105 spe\u0142ni\u0107 te standardy.<\/p>\n<h2>Outsourcing us\u0142ug na S\u0142owacj\u0119 - powody<\/h2>\n<h3>Z\u0142o\u017cona biurokracja w Niemczech<\/h3>\n<p>Aby za\u0142o\u017cy\u0107 firm\u0119 w Niemczech, trzeba porusza\u0107 si\u0119 po z\u0142o\u017conym biurokratycznym krajobrazie. Obejmuje to uzyskanie niezb\u0119dnych zezwole\u0144 i przestrzeganie surowych przepis\u00f3w.<\/p>\n<h3>Bariera j\u0119zykowa<\/h3>\n<p>Chocia\u017c wielu Niemc\u00f3w m\u00f3wi po angielsku, wol\u0105 prowadzi\u0107 swoje interesy po niemiecku. Oni r\u00f3wnie\u017c m\u00f3wi\u0105 po angielsku, ale tylko powierzchownie i jeszcze nie na g\u0142\u0119bszym poziomie.<\/p>\n<h3>Ramy prawne i podatkowe<\/h3>\n<p>Outsourcing w Niemczech podlega r\u00f3\u017cnym przepisom i regulacjom, w tym przepisom dotycz\u0105cym ochrony danych i przepisom podatkowym. Firmy musz\u0105 zapewni\u0107 zgodno\u015b\u0107 z tymi przepisami, aby unikn\u0105\u0107 problem\u00f3w prawnych.<\/p>\n<h2>Minimalizacja ryzyka przy outsourcingu us\u0142ug na S\u0142owacj\u0119<\/h2>\n<p>Aby zminimalizowa\u0107 ryzyko outsourcingu, nale\u017cy pami\u0119ta\u0107 o kilku kwestiach:<\/p>\n<p><strong>Staranny wyb\u00f3r dostawcy us\u0142ug outsourcingowych:<\/strong><span>\u00a0<\/span>Dok\u0142adna kontrola due diligence potencjalnego partnera outsourcingowego ma kluczowe znaczenie. Godny zaufania partner mo\u017ce zminimalizowa\u0107 wiele zagro\u017ce\u0144 od samego pocz\u0105tku.<\/p>\n<p><strong>Cyberbezpiecze\u0144stwo i ochrona danych:<\/strong><span>\u00a0<\/span>Poniewa\u017c cyberbezpiecze\u0144stwo budzi coraz wi\u0119ksze obawy, organizacje powinny upewni\u0107 si\u0119, \u017ce ich partnerzy outsourcingowi stosuj\u0105 solidne \u015brodki bezpiecze\u0144stwa. Obejmuje to zgodno\u015b\u0107 z unijnym og\u00f3lnym rozporz\u0105dzeniem o ochronie danych (RODO) i innymi przepisami dotycz\u0105cymi ochrony danych. Wdro\u017cenie specjalist\u00f3w ds. cyberbezpiecze\u0144stwa mo\u017ce pom\u00f3c zminimalizowa\u0107 ryzyko.<\/p>\n<p><strong>Umowy kontraktowe:<\/strong><span>\u00a0<\/span>Nale\u017cy wdro\u017cy\u0107 szczeg\u00f3\u0142owe i jasne umowy kontraktowe. Umowy o \u015bwiadczenie us\u0142ug powinny by\u0107 r\u00f3wnie\u017c jednoznaczne, aby zapewni\u0107, \u017ce \u015bwiadczona us\u0142uga jest wykonywana zgodnie z oczekiwaniami.<\/p>\n<p><strong>Regularne kontrole i audyty:<\/strong><span>\u00a0<\/span>Regularnie sprawdzaj, czy praca jest wykonywana zgodnie z Twoimi oczekiwaniami. Je\u015bli d\u0105\u017cysz do rozwoju firmy, powiniene\u015b przestrzega\u0107 tych punkt\u00f3w.<\/p>\n<h2>Co przemawia za S\u0142owacj\u0105 jako lokalizacj\u0105 dla outsourcingu?<\/h2>\n<p>S\u0142owacja oferuje niemieckim firmom kilka konkretnych korzy\u015bci jako miejsce outsourcingu: blisko\u015b\u0107 geograficzn\u0105, cz\u0142onkostwo w UE z jednolitymi ramami prawnymi, dobrze wyszkolonych specjalist\u00f3w i znacznie ni\u017csze koszty pracy ni\u017c w Niemczech. Jednocze\u015bnie bariery kulturowe i j\u0119zykowe s\u0105 ni\u017csze ni\u017c w przypadku outsourcingu do bardziej odleg\u0142ych region\u00f3w. Global Business Recruiting nawi\u0105za\u0142 wsp\u00f3\u0142prac\u0119 ze s\u0142owackim rz\u0105dem, aby uczyni\u0107 proces outsourcingu na S\u0142owacji tak przyjemnym, jak to tylko mo\u017cliwe dla niemieckich firm.<\/p>\n<p>Wi\u0119cej na temat outsourcingu mo\u017cna przeczyta\u0107 w naszym artykule<span>\u00a0<\/span><a href=\"https:\/\/global-business-recruiting.de\/pl\/wiedziec\/definicja-outsourcingu-zalety-wady\/\">Outsourcing - definicja, zalety i wady<\/a>. Informacje na temat oddelegowywania podwykonawc\u00f3w na ca\u0142ym \u015bwiecie mo\u017cna znale\u017a\u0107 w artykule<span>\u00a0<\/span><a href=\"https:\/\/global-business-recruiting.de\/pl\/wiedziec\/oddelegowanie-podwykonawcow-na-calym-swiecie\/\">Publikowanie podwykonawc\u00f3w na ca\u0142ym \u015bwiecie<\/a>.<\/p>\n<h2>Najcz\u0119\u015bciej zadawane pytania dotycz\u0105ce outsourcingu na S\u0142owacj\u0119<\/h2>\n<\/div><\/div><div class=\"w-separator size_small\"><\/div><div class=\"w-tabs style_default switch_click accordion type_togglable has_scrolling\" style=\"--sections-title-size:inherit\"><div class=\"w-tabs-sections titles-align_none icon_chevron cpos_right\"><div class=\"w-tabs-section\" id=\"q718\" itemscope itemprop=\"mainEntity\" itemtype=\"https:\/\/schema.org\/Question\"><button class=\"w-tabs-section-header\" aria-controls=\"content-q718\" aria-expanded=\"false\"><div class=\"w-tabs-section-title\" itemprop=\"name\">Dlaczego niemieckie firmy zlecaj\u0105 us\u0142ugi na S\u0142owacj\u0119?<\/div><div class=\"w-tabs-section-control\"><\/div><\/button><div  class=\"w-tabs-section-content\" id=\"content-q718\" itemscope itemprop=\"acceptedAnswer\" itemtype=\"https:\/\/schema.org\/Answer\"><div class=\"w-tabs-section-content-h i-cf\" itemprop=\"text\"><div class=\"wpb_text_column\"><div class=\"wpb_wrapper\"><p>G\u0142\u00f3wne powody to oszcz\u0119dno\u015b\u0107 koszt\u00f3w, dost\u0119p do wykwalifikowanej si\u0142y roboczej i mo\u017cliwo\u015b\u0107 skupienia si\u0119 na podstawowej dzia\u0142alno\u015bci. S\u0142owacja oferuje korzy\u015bci wynikaj\u0105ce z blisko\u015bci geograficznej, cz\u0142onkostwa w UE i dobrze wyszkolonej si\u0142y roboczej o znacznie ni\u017cszych kosztach p\u0142ac ni\u017c w Niemczech.<\/p>\n<\/div><\/div><\/div><\/div><\/div><div class=\"w-tabs-section\" id=\"l840\" itemscope itemprop=\"mainEntity\" itemtype=\"https:\/\/schema.org\/Question\"><button class=\"w-tabs-section-header\" aria-controls=\"content-l840\" aria-expanded=\"false\"><div class=\"w-tabs-section-title\" itemprop=\"name\">Jakie s\u0105 zagro\u017cenia zwi\u0105zane z outsourcingiem na S\u0142owacj\u0119 i jak mo\u017cna je zminimalizowa\u0107?<\/div><div class=\"w-tabs-section-control\"><\/div><\/button><div  class=\"w-tabs-section-content\" id=\"content-l840\" itemscope itemprop=\"acceptedAnswer\" itemtype=\"https:\/\/schema.org\/Answer\"><div class=\"w-tabs-section-content-h i-cf\" itemprop=\"text\"><div class=\"wpb_text_column\"><div class=\"wpb_wrapper\"><p>G\u0142\u00f3wne zagro\u017cenia obejmuj\u0105 naruszenia danych, niejasne umowy o \u015bwiadczenie us\u0142ug i wyb\u00f3r niewiarygodnych partner\u00f3w. Mo\u017cna je zminimalizowa\u0107 dzi\u0119ki starannej analizie due diligence, jasnym umowom, \u015brodkom bezpiecze\u0144stwa zgodnym z RODO i regularnym audytom.<\/p>\n<\/div><\/div><\/div><\/div><\/div><div class=\"w-tabs-section\" id=\"e946\" itemscope itemprop=\"mainEntity\" itemtype=\"https:\/\/schema.org\/Question\"><button class=\"w-tabs-section-header\" aria-controls=\"content-e946\" aria-expanded=\"false\"><div class=\"w-tabs-section-title\" itemprop=\"name\">Kt\u00f3re us\u0142ugi szczeg\u00f3lnie nadaj\u0105 si\u0119 do outsourcingu na S\u0142owacj\u0119?<\/div><div class=\"w-tabs-section-control\"><\/div><\/button><div  class=\"w-tabs-section-content\" id=\"content-e946\" itemscope itemprop=\"acceptedAnswer\" itemtype=\"https:\/\/schema.org\/Answer\"><div class=\"w-tabs-section-content-h i-cf\" itemprop=\"text\"><div class=\"wpb_text_column\"><div class=\"wpb_wrapper\"><p>Us\u0142ugi IT, rozw\u00f3j oprogramowania, outsourcing proces\u00f3w biznesowych (BPO), ksi\u0119gowo\u015b\u0107, obs\u0142uga klienta i zasoby ludzkie s\u0105 szczeg\u00f3lnie odpowiednie. S\u0142owacja ma silny krajobraz szkole\u0144 IT i angloj\u0119zycznych specjalist\u00f3w w tych dziedzinach.<\/p>\n<\/div><\/div><\/div><\/div><\/div><div class=\"w-tabs-section\" id=\"za4d\" itemscope itemprop=\"mainEntity\" itemtype=\"https:\/\/schema.org\/Question\"><button class=\"w-tabs-section-header\" aria-controls=\"content-za4d\" aria-expanded=\"false\"><div class=\"w-tabs-section-title\" itemprop=\"name\">Jakie s\u0105 ramy prawne outsourcingu na S\u0142owacj\u0119?<\/div><div class=\"w-tabs-section-control\"><\/div><\/button><div  class=\"w-tabs-section-content\" id=\"content-za4d\" itemscope itemprop=\"acceptedAnswer\" itemtype=\"https:\/\/schema.org\/Answer\"><div class=\"w-tabs-section-content-h i-cf\" itemprop=\"text\"><div class=\"wpb_text_column\"><div class=\"wpb_wrapper\"><p>Poniewa\u017c S\u0142owacja jest pa\u0144stwem cz\u0142onkowskim UE, zastosowanie maj\u0105 standardowe europejskie ramy prawne i RODO. Firmy musz\u0105 jednak przestrzega\u0107 lokalnych przepis\u00f3w podatkowych i prawa pracy. Kluczowa jest tutaj wsp\u00f3\u0142praca z do\u015bwiadczonym partnerem, kt\u00f3ry zna lokalne przepisy.<\/p>\n<\/div><\/div><\/div><\/div><\/div><div class=\"w-tabs-section\" id=\"bb4c\" itemscope itemprop=\"mainEntity\" itemtype=\"https:\/\/schema.org\/Question\"><button class=\"w-tabs-section-header\" aria-controls=\"content-bb4c\" aria-expanded=\"false\"><div class=\"w-tabs-section-title\" itemprop=\"name\">Jak znale\u017a\u0107 odpowiedniego partnera outsourcingowego na S\u0142owacji?<\/div><div class=\"w-tabs-section-control\"><\/div><\/button><div  class=\"w-tabs-section-content\" id=\"content-bb4c\" itemscope itemprop=\"acceptedAnswer\" itemtype=\"https:\/\/schema.org\/Answer\"><div class=\"w-tabs-section-content-h i-cf\" itemprop=\"text\"><div class=\"wpb_text_column\"><div class=\"wpb_wrapper\"><p>Dok\u0142adna analiza due diligence jest niezb\u0119dna - sprawdzenie referencji, ocena \u015brodk\u00f3w bezpiecze\u0144stwa, jasne zdefiniowanie um\u00f3w o \u015bwiadczenie us\u0142ug. Wyspecjalizowane agencje rekrutacyjne, takie jak Global Business Recruiting, maj\u0105 siln\u0105 sie\u0107 na S\u0142owacji i mog\u0105 wspiera\u0107 ca\u0142y proces.<\/p>\n<\/div><\/div><\/div><\/div><\/div><\/div><\/div><\/div><\/div><\/div><\/div><\/section>","protected":false},"excerpt":{"rendered":"Laut Statista hat sich wegen der wachsenden IT-Industrie das Business Process Outsourcing zu einer Multi-Milliarden-Dollar-Branche entwickelt. Das bedeutet, dass sich immer mehr Unternehmen dem Outsourcing von Dienstleistungen zuwenden \u2013 und der Hauptgrund sind die Kostenersparnisse. Dieser Artikel gibt einen \u00dcberblick \u00fcber die Effizienzsteigerung und die Gesch\u00e4ftserweiterung im europ\u00e4ischen Outsourcing-Markt \u2013 einem der umfassendsten weltweit. Wachstum...","protected":false},"author":1,"featured_media":11167,"parent":9347,"menu_order":0,"comment_status":"closed","ping_status":"closed","template":"","meta":{"_acf_changed":false,"footnotes":""},"class_list":["post-9951","page","type-page","status-publish","has-post-thumbnail","hentry"],"acf":[],"_links":{"self":[{"href":"https:\/\/global-business-recruiting.de\/pl\/wp-json\/wp\/v2\/pages\/9951","targetHints":{"allow":["GET"]}}],"collection":[{"href":"https:\/\/global-business-recruiting.de\/pl\/wp-json\/wp\/v2\/pages"}],"about":[{"href":"https:\/\/global-business-recruiting.de\/pl\/wp-json\/wp\/v2\/types\/page"}],"author":[{"embeddable":true,"href":"https:\/\/global-business-recruiting.de\/pl\/wp-json\/wp\/v2\/users\/1"}],"replies":[{"embeddable":true,"href":"https:\/\/global-business-recruiting.de\/pl\/wp-json\/wp\/v2\/comments?post=9951"}],"version-history":[{"count":6,"href":"https:\/\/global-business-recruiting.de\/pl\/wp-json\/wp\/v2\/pages\/9951\/revisions"}],"predecessor-version":[{"id":11172,"href":"https:\/\/global-business-recruiting.de\/pl\/wp-json\/wp\/v2\/pages\/9951\/revisions\/11172"}],"up":[{"embeddable":true,"href":"https:\/\/global-business-recruiting.de\/pl\/wp-json\/wp\/v2\/pages\/9347"}],"wp:featuredmedia":[{"embeddable":true,"href":"https:\/\/global-business-recruiting.de\/pl\/wp-json\/wp\/v2\/media\/11167"}],"wp:attachment":[{"href":"https:\/\/global-business-recruiting.de\/pl\/wp-json\/wp\/v2\/media?parent=9951"}],"curies":[{"name":"wp","href":"https:\/\/api.w.org\/{rel}","templated":true}]}}