{"id":9955,"date":"2026-03-16T05:06:26","date_gmt":"2026-03-16T05:06:26","guid":{"rendered":"https:\/\/global-business-recruiting.de\/wissen\/outsourcing-von-dienstleistungen-in-die-slowakei-wachstum-und-freiheit-fuer-ihr-unternehmen\/"},"modified":"2026-03-29T13:22:29","modified_gmt":"2026-03-29T13:22:29","slug":"outsourcing-ksiegowosci-placowej","status":"publish","type":"page","link":"https:\/\/global-business-recruiting.de\/pl\/wissen\/outsourcing-lohnbuchhaltung\/","title":{"rendered":"Outsourcing ksi\u0119gowo\u015bci p\u0142acowej - wskaz\u00f3wki: Co nale\u017cy wzi\u0105\u0107 pod uwag\u0119"},"content":{"rendered":"<section class=\"l-section wpb_row height_custom\"><div class=\"l-section-h i-cf\"><div class=\"g-cols vc_row via_grid cols_1 laptops-cols_inherit tablets-cols_inherit mobiles-cols_1 valign_top type_default stacking_default\"><div class=\"wpb_column vc_column_container\"><div class=\"vc_column-inner\"><div class=\"wpb_text_column\"><div class=\"wpb_wrapper\"><p>Ksi\u0119gowo\u015b\u0107 jest obecnie jednym z najwi\u0119kszych problem\u00f3w dla firm. Offshore outsourcing p\u0142ac nie jest tak popularny jak outsourcing IT, ale staje si\u0119 coraz bardziej popularny. Po offshore outsourcingu specjalist\u00f3w IT, obs\u0142ugi klienta i marketingu cyfrowego, offshore outsourcing ksi\u0119gowo\u015bci jest zdecydowanie wy\u017cej na li\u015bcie. Inn\u0105 bran\u017c\u0105, kt\u00f3ra jest obecnie bardzo popularna ze wzgl\u0119du na niedob\u00f3r wykwalifikowanej si\u0142y roboczej, podobnie jak IT, jest bran\u017ca budowlana, je\u015bli chodzi o outsourcing.<\/p>\n<p>Ksi\u0119gowo\u015b\u0107 i finanse s\u0105 r\u00f3wnie\u017c zlecane na zewn\u0105trz i znajduj\u0105 si\u0119 na szczycie listy, je\u015bli chodzi o outsourcing w og\u00f3le - ale nie je\u015bli chodzi o outsourcing offshore. Zwykle bardziej dotyczy to outsourcingu onshore. Jednak w ostatnim czasie outsourcing offshore w tym sektorze ogromnie wzr\u00f3s\u0142.<\/p>\n<h2>Jak dzia\u0142a outsourcing p\u0142ac?<\/h2>\n<p>Outsourcing p\u0142ac to outsourcing wewn\u0119trznej ksi\u0119gowo\u015bci p\u0142acowej do zewn\u0119trznego dzia\u0142u ksi\u0119gowo\u015bci - oznacza to outsourcing ksi\u0119gowo\u015bci p\u0142acowej wszystkich pracownik\u00f3w do firmy zewn\u0119trznej. Firma ta to najprawdopodobniej: wyspecjalizowany dostawca outsourcingu p\u0142ac i zesp\u00f3\u0142 wykwalifikowanych ekspert\u00f3w ds. p\u0142ac.<\/p>\n<p>Wyp\u0142acanie wynagrodze\u0144 pracownikom jest wa\u017cnym zadaniem i dlatego powinno by\u0107 wykonywane wy\u0142\u0105cznie przez ekspert\u00f3w w tej dziedzinie. Eksperci ci powinni r\u00f3wnie\u017c bra\u0107 pod uwag\u0119 bezpiecze\u0144stwo i ochron\u0119 danych. Outsourcing p\u0142ac i umowy outsourcingowe s\u0105 przeznaczone dla konkretnych firm - niekt\u00f3re firmy nie chc\u0105 bra\u0107 na siebie tych problem\u00f3w zwi\u0105zanych z wewn\u0119trzn\u0105 list\u0105 p\u0142ac.<\/p>\n<h2>Zalety outsourcingu ksi\u0119gowo\u015bci<\/h2>\n<p>Og\u00f3lnie rzecz bior\u0105c, ksi\u0119gowo\u015b\u0107 finansowa jest wymagaj\u0105cym i czasoch\u0142onnym zadaniem dla firm. Istnieje kilka zalet outsourcingu ksi\u0119gowo\u015bci p\u0142ac:<\/p>\n<p><strong>Skalowalno\u015b\u0107:<\/strong><span>\u00a0<\/span>Ksi\u0119gowo\u015b\u0107 p\u0142acowa mo\u017ce by\u0107 \u0142atwo skalowana, gdy do firmy do\u0142\u0105cza wi\u0119cej pracownik\u00f3w.<\/p>\n<p><strong>Redukcja koszt\u00f3w poprzez outsourcing:<\/strong><span>\u00a0<\/span>Zwyk\u0142e zalety outsourcingu r\u00f3wnie\u017c maj\u0105 tu zastosowanie - koszty s\u0105 znacznie zmniejszone dzi\u0119ki outsourcingowi do kraju trzeciego, gdzie koszty nie s\u0105 tak wysokie.<\/p>\n<p><strong>Analiza finansowa i raportowanie:<\/strong><span>\u00a0<\/span>Ponownie oszcz\u0119dza si\u0119 czas, a raportowanie staje si\u0119 dok\u0142adniejsze.<\/p>\n<p><strong>Oszcz\u0119dno\u015b\u0107 czasu:<\/strong><span>\u00a0<\/span>Wzrost wydajno\u015bci dzi\u0119ki outsourcingowi jest ogromny, poniewa\u017c jest to czasoch\u0142onne zadanie, kt\u00f3re kryje w sobie wiele pu\u0142apek, je\u015bli nie jeste\u015b ostro\u017cny. W przypadku outsourcingu ksi\u0119gowo\u015bci dostawca us\u0142ug outsourcingowych zazwyczaj koncentruje si\u0119 tylko na tym zadaniu, co oznacza, \u017ce mo\u017ce wyst\u0105pi\u0107 mniej b\u0142\u0119d\u00f3w.<\/p>\n<h2>Outsourcing ksi\u0119gowo\u015bci - jakie zadania mo\u017cna zleci\u0107 na zewn\u0105trz?<\/h2>\n<p>Istnieje kilka zada\u0144, kt\u00f3re mo\u017cna zleci\u0107 na zewn\u0105trz, w tym outsourcing p\u0142ac. Oto kilka przyk\u0142ad\u00f3w:<\/p>\n<p><strong>1. ksi\u0119gowo\u015b\u0107:<\/strong><span>\u00a0<\/span>Deleguj\u0105c to zadanie wyspecjalizowanemu dostawcy us\u0142ug outsourcingowych, firmy mog\u0105 zagwarantowa\u0107 wi\u0119ksz\u0105 dok\u0142adno\u015b\u0107, zgodno\u015b\u0107 z przepisami i najnowocze\u015bniejsze oprogramowanie. Jest to r\u00f3wnie\u017c czasoch\u0142onne zadanie.<\/p>\n<p><strong>2. rozliczanie listy p\u0142ac:<\/strong><span>\u00a0<\/span>Zarz\u0105dzanie list\u0105 p\u0142ac we w\u0142asnej organizacji mo\u017ce by\u0107 skomplikowane i podatne na b\u0142\u0119dy. B\u0142\u0119dy mog\u0105 nie tylko prowadzi\u0107 do kar finansowych, ale tak\u017ce powa\u017cnie wp\u0142ywa\u0107 na morale pracownik\u00f3w.<\/p>\n<p><strong>3. nale\u017cno\u015bci i zobowi\u0105zania:<\/strong><span>\u00a0<\/span>Fakturowanie, dzia\u0142ania nast\u0119pcze, p\u0142atno\u015bci wychodz\u0105ce do dostawc\u00f3w i wysy\u0142anie faktur do wykonawc\u00f3w to tylko niekt\u00f3re z zada\u0144, kt\u00f3re mieszcz\u0105 si\u0119 w tej pozycji.<\/p>\n<p><strong>4. przygotowanie i przestrzeganie przepis\u00f3w podatkowych:<\/strong><span>\u00a0<\/span>Zadanie, kt\u00f3re wymaga starannego przygotowania, dotrzymywania termin\u00f3w i stale zmieniaj\u0105cych si\u0119 przepis\u00f3w.<\/p>\n<p><strong>5. sprawozdawczo\u015b\u0107 finansowa:<\/strong><span>\u00a0<\/span>Przygotowywanie rachunk\u00f3w zysk\u00f3w i strat (P&amp;L), bilans\u00f3w i rachunk\u00f3w przep\u0142yw\u00f3w pieni\u0119\u017cnych.<\/p>\n<p><strong>6. planowanie i analiza finansowa:<\/strong><span>\u00a0<\/span>Analizy wymagaj\u0105 specjalistycznej wiedzy i specjalistycznego oprogramowania, kt\u00f3rym firmy cz\u0119sto nie dysponuj\u0105 wewn\u0119trznie.<\/p>\n<h2>Ksi\u0119gowo\u015b\u0107 zewn\u0119trzna - wynaj\u0119cie profesjonalnego partnera outsourcingowego<\/h2>\n<p>Wed\u0142ug outworldindata, rz\u0105dy w wielu krajach o wysokich dochodach wydaj\u0105 znaczne kwoty na outsourcing. Po prostu zlecaj\u0105 na zewn\u0105trz pewne obszary. Nale\u017cy zauwa\u017cy\u0107, \u017ce<span>\u00a0<\/span><strong>Przeniesienie odpowiedzialno\u015bci za ksi\u0119gowo\u015b\u0107 nie jest mo\u017cliwe<\/strong>. Pierwotna firma jest nadal odpowiedzialna za zgodno\u015b\u0107 z przepisami. Dlatego wa\u017cne jest, aby znale\u017a\u0107 partnera outsourcingowego, kt\u00f3ry zapewni, \u017ce zostanie to wykonane prawid\u0142owo.<\/p>\n<p>Outsourcing ksi\u0119gowo\u015bci p\u0142acowej jest podstawowym elementem outsourcingu ksi\u0119gowo\u015bci. Wa\u017cnymi czynnikami prawid\u0142owego outsourcingu s\u0105: Automatyzacja w ksi\u0119gowo\u015bci, zgodno\u015b\u0107 i przepisy podatkowe, analiza finansowa i raportowanie, umowy outsourcingowe, a tak\u017ce bezpiecze\u0144stwo danych i ochrona danych w outsourcingu.<\/p>\n<p>Wi\u0119cej informacji na temat outsourcingu mo\u017cna znale\u017a\u0107 w naszym artykule<span>\u00a0<\/span><a href=\"https:\/\/global-business-recruiting.de\/pl\/wiedziec\/definicja-outsourcingu-zalety-wady\/\">Outsourcing - definicja, zalety i wady<\/a>. Wi\u0119cej informacji na temat S\u0142owacji jako miejsca outsourcingu mo\u017cna znale\u017a\u0107 w naszym artykule<span>\u00a0<\/span><a href=\"https:\/\/global-business-recruiting.de\/pl\/wiedziec\/outsourcing-slowacja\/\">Outsourcing na S\u0142owacj\u0119<\/a>.<\/p>\n<h2>Najcz\u0119\u015bciej zadawane pytania dotycz\u0105ce outsourcingu ksi\u0119gowo\u015bci p\u0142acowej<\/h2>\n<\/div><\/div><div class=\"w-separator size_small\"><\/div><div class=\"w-tabs style_default switch_click accordion type_togglable has_scrolling\" style=\"--sections-title-size:inherit\"><div class=\"w-tabs-sections titles-align_none icon_chevron cpos_right\"><div class=\"w-tabs-section\" id=\"q6c1\" itemscope itemprop=\"mainEntity\" itemtype=\"https:\/\/schema.org\/Question\"><button class=\"w-tabs-section-header\" aria-controls=\"content-q6c1\" aria-expanded=\"false\"><div class=\"w-tabs-section-title\" itemprop=\"name\">Co oznacza outsourcing ksi\u0119gowo\u015bci p\u0142acowej?<\/div><div class=\"w-tabs-section-control\"><\/div><\/button><div  class=\"w-tabs-section-content\" id=\"content-q6c1\" itemscope itemprop=\"acceptedAnswer\" itemtype=\"https:\/\/schema.org\/Answer\"><div class=\"w-tabs-section-content-h i-cf\" itemprop=\"text\"><div class=\"wpb_text_column\"><div class=\"wpb_wrapper\"><p>W przypadku outsourcingu ksi\u0119gowo\u015bci p\u0142acowej, firma zleca ca\u0142\u0105 ksi\u0119gowo\u015b\u0107 p\u0142acow\u0105 dla swoich pracownik\u00f3w wyspecjalizowanemu zewn\u0119trznemu dostawcy us\u0142ug. Us\u0142ugodawca ten przejmuje ksi\u0119gowo\u015b\u0107 p\u0142acow\u0105, zgodno\u015b\u0107 z przepisami, przygotowanie podatkowe i raportowanie - podczas gdy pierwotna firma pozostaje odpowiedzialna za zgodno\u015b\u0107 z przepisami.<\/p>\n<\/div><\/div><\/div><\/div><\/div><div class=\"w-tabs-section\" id=\"h791\" itemscope itemprop=\"mainEntity\" itemtype=\"https:\/\/schema.org\/Question\"><button class=\"w-tabs-section-header\" aria-controls=\"content-h791\" aria-expanded=\"false\"><div class=\"w-tabs-section-title\" itemprop=\"name\">Jakie s\u0105 zalety outsourcingu ksi\u0119gowo\u015bci p\u0142acowej?<\/div><div class=\"w-tabs-section-control\"><\/div><\/button><div  class=\"w-tabs-section-content\" id=\"content-h791\" itemscope itemprop=\"acceptedAnswer\" itemtype=\"https:\/\/schema.org\/Answer\"><div class=\"w-tabs-section-content-h i-cf\" itemprop=\"text\"><div class=\"wpb_text_column\"><div class=\"wpb_wrapper\"><p>Najwa\u017cniejsze korzy\u015bci to redukcja koszt\u00f3w poprzez outsourcing do kraj\u00f3w o ni\u017cszym poziomie p\u0142ac, oszcz\u0119dno\u015b\u0107 czasu, lepsza skalowalno\u015b\u0107 przy rosn\u0105cej liczbie pracownik\u00f3w, bardziej precyzyjne raportowanie i redukcja ryzyka b\u0142\u0119d\u00f3w dzi\u0119ki wyspecjalizowanym dostawcom us\u0142ug.<\/p>\n<\/div><\/div><\/div><\/div><\/div><div class=\"w-tabs-section\" id=\"z893\" itemscope itemprop=\"mainEntity\" itemtype=\"https:\/\/schema.org\/Question\"><button class=\"w-tabs-section-header\" aria-controls=\"content-z893\" aria-expanded=\"false\"><div class=\"w-tabs-section-title\" itemprop=\"name\">Czy mo\u017cliwe jest przeniesienie odpowiedzialno\u015bci za rozliczanie p\u0142ac na partnera outsourcingowego?<\/div><div class=\"w-tabs-section-control\"><\/div><\/button><div  class=\"w-tabs-section-content\" id=\"content-z893\" itemscope itemprop=\"acceptedAnswer\" itemtype=\"https:\/\/schema.org\/Answer\"><div class=\"w-tabs-section-content-h i-cf\" itemprop=\"text\"><div class=\"wpb_text_column\"><div class=\"wpb_wrapper\"><p>Nie - ca\u0142kowite przeniesienie odpowiedzialno\u015bci nie jest mo\u017cliwe. Pierwotna firma pozostaje odpowiedzialna za przestrzeganie wszystkich przepis\u00f3w prawnych. Dlatego te\u017c kluczowy jest staranny wyb\u00f3r wiarygodnego i zgodnego z przepisami partnera outsourcingowego.<\/p>\n<\/div><\/div><\/div><\/div><\/div><div class=\"w-tabs-section\" id=\"x95e\" itemscope itemprop=\"mainEntity\" itemtype=\"https:\/\/schema.org\/Question\"><button class=\"w-tabs-section-header\" aria-controls=\"content-x95e\" aria-expanded=\"false\"><div class=\"w-tabs-section-title\" itemprop=\"name\">Kt\u00f3re zadania ksi\u0119gowe mo\u017cna zleci\u0107 na zewn\u0105trz?<\/div><div class=\"w-tabs-section-control\"><\/div><\/button><div  class=\"w-tabs-section-content\" id=\"content-x95e\" itemscope itemprop=\"acceptedAnswer\" itemtype=\"https:\/\/schema.org\/Answer\"><div class=\"w-tabs-section-content-h i-cf\" itemprop=\"text\"><div class=\"wpb_text_column\"><div class=\"wpb_wrapper\"><p>Zasadniczo, ksi\u0119gowo\u015b\u0107 p\u0142acowa, nale\u017cno\u015bci i zobowi\u0105zania, przygotowanie podatkowe i zgodno\u015b\u0107, sprawozdawczo\u015b\u0107 finansowa, a tak\u017ce planowanie i analiza finansowa mog\u0105 by\u0107 zlecane na zewn\u0105trz. Wa\u017cne jest, aby istnia\u0142y jasne umowy i \u015brodki ochrony danych.<\/p>\n<\/div><\/div><\/div><\/div><\/div><div class=\"w-tabs-section\" id=\"ra28\" itemscope itemprop=\"mainEntity\" itemtype=\"https:\/\/schema.org\/Question\"><button class=\"w-tabs-section-header\" aria-controls=\"content-ra28\" aria-expanded=\"false\"><div class=\"w-tabs-section-title\" itemprop=\"name\">Na co nale\u017cy zwr\u00f3ci\u0107 uwag\u0119 przy outsourcingu ksi\u0119gowo\u015bci p\u0142acowej?<\/div><div class=\"w-tabs-section-control\"><\/div><\/button><div  class=\"w-tabs-section-content\" id=\"content-ra28\" itemscope itemprop=\"acceptedAnswer\" itemtype=\"https:\/\/schema.org\/Answer\"><div class=\"w-tabs-section-content-h i-cf\" itemprop=\"text\"><div class=\"wpb_text_column\"><div class=\"wpb_wrapper\"><p>Szczeg\u00f3lnie wa\u017cne jest bezpiecze\u0144stwo danych i zgodno\u015b\u0107 z RODO, jasne umowy outsourcingowe z okre\u015blonymi umowami o \u015bwiadczenie us\u0142ug, kwalifikacje partnera w zakresie prawa p\u0142acowego i podatkowego oraz regularne kontrole. Poniewa\u017c odpowiedzialno\u015b\u0107 spoczywa na kliencie, partner powinien by\u0107 wybierany ostro\u017cnie.<\/p>\n<\/div><\/div><\/div><\/div><\/div><\/div><\/div><\/div><\/div><\/div><\/div><\/section>","protected":false},"excerpt":{"rendered":"Die Buchhaltung ist heutzutage eines der gr\u00f6\u00dften Probleme f\u00fcr Unternehmen. Offshore-Outsourcing der Lohnbuchhaltung ist nicht so beliebt wie IT-Outsourcing, wird aber immer beliebter. Nach Offshore-Outsourcing von IT-Fachkr\u00e4ften, Kundenservice und digitalem Marketing steht Offshore-Outsourcing der Buchhaltung auf jeden Fall weiter oben auf der Liste. Eine weitere Branche, die derzeit aufgrund des Fachkr\u00e4ftemangels sehr beliebt ist, wie...","protected":false},"author":1,"featured_media":11168,"parent":9347,"menu_order":0,"comment_status":"closed","ping_status":"closed","template":"","meta":{"_acf_changed":false,"footnotes":""},"class_list":["post-9955","page","type-page","status-publish","has-post-thumbnail","hentry"],"acf":[],"_links":{"self":[{"href":"https:\/\/global-business-recruiting.de\/pl\/wp-json\/wp\/v2\/pages\/9955","targetHints":{"allow":["GET"]}}],"collection":[{"href":"https:\/\/global-business-recruiting.de\/pl\/wp-json\/wp\/v2\/pages"}],"about":[{"href":"https:\/\/global-business-recruiting.de\/pl\/wp-json\/wp\/v2\/types\/page"}],"author":[{"embeddable":true,"href":"https:\/\/global-business-recruiting.de\/pl\/wp-json\/wp\/v2\/users\/1"}],"replies":[{"embeddable":true,"href":"https:\/\/global-business-recruiting.de\/pl\/wp-json\/wp\/v2\/comments?post=9955"}],"version-history":[{"count":7,"href":"https:\/\/global-business-recruiting.de\/pl\/wp-json\/wp\/v2\/pages\/9955\/revisions"}],"predecessor-version":[{"id":11171,"href":"https:\/\/global-business-recruiting.de\/pl\/wp-json\/wp\/v2\/pages\/9955\/revisions\/11171"}],"up":[{"embeddable":true,"href":"https:\/\/global-business-recruiting.de\/pl\/wp-json\/wp\/v2\/pages\/9347"}],"wp:featuredmedia":[{"embeddable":true,"href":"https:\/\/global-business-recruiting.de\/pl\/wp-json\/wp\/v2\/media\/11168"}],"wp:attachment":[{"href":"https:\/\/global-business-recruiting.de\/pl\/wp-json\/wp\/v2\/media?parent=9955"}],"curies":[{"name":"wp","href":"https:\/\/api.w.org\/{rel}","templated":true}]}}