{"id":9959,"date":"2026-03-16T05:42:15","date_gmt":"2026-03-16T05:42:15","guid":{"rendered":"https:\/\/global-business-recruiting.de\/wissen\/outsourcing-der-lohnbuchhaltung-tipps-was-sie-beachten-muessen\/"},"modified":"2026-03-29T13:23:28","modified_gmt":"2026-03-29T13:23:28","slug":"znaczenie-niemieckiego-przemyslu-stoczniowego","status":"publish","type":"page","link":"https:\/\/global-business-recruiting.de\/pl\/wissen\/deutsche-schiffbauindustrie-bedeutung\/","title":{"rendered":"Charakter i znaczenie niemieckiego przemys\u0142u stoczniowego"},"content":{"rendered":"<section class=\"l-section wpb_row height_custom\"><div class=\"l-section-h i-cf\"><div class=\"g-cols vc_row via_grid cols_1 laptops-cols_inherit tablets-cols_inherit mobiles-cols_1 valign_top type_default stacking_default\"><div class=\"wpb_column vc_column_container\"><div class=\"vc_column-inner\"><div class=\"wpb_text_column\"><div class=\"wpb_wrapper\"><p>Przemys\u0142 stoczniowy od dziesi\u0119cioleci jest jedn\u0105 z najwa\u017cniejszych ga\u0142\u0119zi przemys\u0142u w Niemczech. Jest to szczeg\u00f3lnie widoczne w fakcie, \u017ce budowane s\u0105 tu specjalne statki, kt\u00f3re s\u0105 poszukiwane na ca\u0142ym \u015bwiecie - od imponuj\u0105cych statk\u00f3w wycieczkowych i luksusowych jacht\u00f3w po ultranowoczesne okr\u0119ty wojenne. Stocznie takie jak Meyer Werft, L\u00fcrssen\/NVL Group i Thyssenkrupp Marine Systems (TKMS) ciesz\u0105 si\u0119 doskona\u0142\u0105 mi\u0119dzynarodow\u0105 reputacj\u0105. S\u0105 synonimem jako\u015bci, innowacyjno\u015bci i niezawodno\u015bci, a ich portfele zam\u00f3wie\u0144 s\u0105 stale pe\u0142ne. Jednocze\u015bnie pa\u0144stwo wspiera ich najbardziej wymagaj\u0105ce technologicznie projekty, aby wzmocni\u0107 bran\u017c\u0119 w perspektywie d\u0142ugoterminowej.<\/p>\n<h2>Czym charakteryzuje si\u0119 niemiecki przemys\u0142 stoczniowy?<\/h2>\n<p>Niemiecki przemys\u0142 stoczniowy charakteryzuje si\u0119 du\u017cymi, tradycyjnymi firmami z wieloletni\u0105 wiedz\u0105, bogatym do\u015bwiadczeniem i najnowocze\u015bniejszymi technologiami. S\u0105 one szczeg\u00f3lnie silne w segmentach, w kt\u00f3rych jako\u015b\u0107 i innowacje techniczne maj\u0105 kluczowe znaczenie: statki wycieczkowe, luksusowe jachty i okr\u0119ty wojenne.<\/p>\n<p>Jednocze\u015bnie istnieje szeroki sektor M\u015aP. Wiele z tych firm jest rodzinnych i wysoce wyspecjalizowanych. Obejmuj\u0105 one nisze, takie jak budowa statk\u00f3w \u017ceglugi \u015br\u00f3dl\u0105dowej lub innych mniejszych specjalistycznych statk\u00f3w, kt\u00f3re s\u0105 u\u017cywane g\u0142\u00f3wnie na rzekach i jeziorach.<\/p>\n<h2>Od kryzysu do o\u017cywienia<\/h2>\n<p>Po trudnej fazie - wywo\u0142anej nadpoda\u017c\u0105 przestrzeni \u017ceglugowej i zaostrzonej przez za\u0142amanie \u015bwiatowego handlu zwi\u0105zane z pandemi\u0105 - bran\u017ca do\u015bwiadcza znacznego o\u017cywienia. \u015awiatowy handel zn\u00f3w si\u0119 o\u017cywia, popyt na zdolno\u015bci przewozowe ro\u015bnie, a przemys\u0142 morski jest na rekordowo wysokim poziomie. Nawet dyskusje na temat ce\u0142 niewiele zmieniaj\u0105: towary musz\u0105 by\u0107 transportowane - pytanie dotyczy co najwy\u017cej tego, dok\u0105d p\u0142yn\u0105 statki, a nie tego, czy s\u0105 budowane.<\/p>\n<h2>Dlaczego Niemcy odnosz\u0105 korzy\u015bci<\/h2>\n<p>Pomimo wy\u017cszych p\u0142ac i sk\u0142adek na ubezpieczenie spo\u0142eczne, Niemcy utrzymuj\u0105 swoj\u0105 pozycj\u0119 w specjalistycznym przemy\u015ble stoczniowym. Pow\u00f3d:<span>\u00a0<\/span><strong>Jako\u015b\u0107 i innowacyjno\u015b\u0107.<\/strong><span>\u00a0<\/span>Kolejnym czynnikiem jest wsparcie rz\u0105dowe, w tym poprzez<span>\u00a0<\/span><strong>Federalny Urz\u0105d Gospodarki i Kontroli Eksportu (BAFA)<\/strong>. Finansowanie koncentruje si\u0119 na innowacyjnych projektach statk\u00f3w, nowych projektach offshore, nowoczesnych procesach produkcyjnych i zaawansowanych systemach na pok\u0142adzie. Celem jest zapewnienie mi\u0119dzynarodowej konkurencyjno\u015bci niemieckich stoczni, utrzymanie miejsc pracy, a jednocze\u015bnie zwi\u0119kszenie strategicznych zdolno\u015bci na przysz\u0142o\u015b\u0107.<\/p>\n<h2>Dlaczego silny krajowy przemys\u0142 stoczniowy jest wa\u017cny z punktu widzenia polityki bezpiecze\u0144stwa?<\/h2>\n<p>Niemiecki przemys\u0142 morski odgrywa decyduj\u0105c\u0105 rol\u0119 w strategii morskiej Niemiec. Silna marynarka wojenna wymaga niezale\u017cnego, krajowego przemys\u0142u, kt\u00f3ry rozwija, buduje, utrzymuje i modernizuje okr\u0119ty. Gdyby niemieckie okr\u0119ty wojenne by\u0142y budowane za granic\u0105, staliby\u015bmy si\u0119 zale\u017cni od dostaw cz\u0119\u015bci zamiennych, cykli konserwacji, aktualizacji technicznych i wp\u0142yw\u00f3w politycznych.<\/p>\n<p>Producenci technologii wojskowych cz\u0119sto zastrzegaj\u0105 sobie prawo do decydowania o wykorzystaniu swoich produkt\u00f3w - jest to ryzyko, kt\u00f3rego Niemcy chcia\u0142yby unikn\u0105\u0107. Suwerenny przemys\u0142 stoczniowy jest zatem strategicznym elementem bezpiecze\u0144stwa narodowego.<\/p>\n<h2>Niemiecki przemys\u0142 stoczniowy w skr\u00f3cie<\/h2>\n<p>Sektor ten charakteryzuj\u0105 w szczeg\u00f3lno\u015bci dwa czynniki:<\/p>\n<p><strong>1. \u015bwiatowy lider w specjalistycznym przemy\u015ble stoczniowym:<\/strong><span>\u00a0<\/span>Niemieckie stocznie s\u0105 cz\u0119sto numerem jeden w swoich segmentach. Ka\u017cdy, kto planuje zbudowa\u0107 pomnik superjachtu, udaje si\u0119 do L\u00fcrssen. Je\u015bli chodzi o innowacyjne statki wycieczkowe, nie spos\u00f3b omin\u0105\u0107 Meyer Werft. A je\u015bli potrzebujesz ultranowoczesnych okr\u0119t\u00f3w wojennych, TKMS jest w\u0142a\u015bciwym wyborem.<\/p>\n<p><strong>2. wysoka presja kosztowa spowodowana mi\u0119dzynarodow\u0105 konkurencj\u0105:<\/strong><span>\u00a0<\/span>Azjatyckie stocznie, w szczeg\u00f3lno\u015bci w Chinach i Korei Po\u0142udniowej, korzystaj\u0105 z ni\u017cszych koszt\u00f3w, korzystniejszej infrastruktury i ogromnych wolumen\u00f3w produkcji. Wynikaj\u0105ce z tego korzy\u015bci skali sprawiaj\u0105, \u017ce konkurowanie na znormalizowanym rynku masowym jest prawie niemo\u017cliwe. Dlatego Niemcy koncentruj\u0105 si\u0119 na obszarach, w kt\u00f3rych jako\u015b\u0107 jest wa\u017cniejsza ni\u017c cena.<\/p>\n<h2>Wniosek: Jako\u015b\u0107 przewy\u017csza ilo\u015b\u0107 - i sprawia, \u017ce Niemcy s\u0105 niezast\u0105pione<\/h2>\n<p>Obecnie niemiecki przemys\u0142 stoczniowy jest wysoce wyspecjalizowany, jest liderem technologicznym i cieszy si\u0119 mi\u0119dzynarodowym popytem. Uda\u0142o mu si\u0119 przezwyci\u0119\u017cy\u0107 kryzys, poniewa\u017c skupia si\u0119 na tym, co robi najlepiej:<span>\u00a0<\/span><strong>budowa\u0107 z\u0142o\u017cone, wysokiej jako\u015bci i innowacyjne statki<\/strong>, kt\u00f3re nie maj\u0105 sobie r\u00f3wnych na ca\u0142ym \u015bwiecie. Niemiecki przemys\u0142 stoczniowy pozostaje zatem nie tylko wa\u017cnym ekonomicznie, ale tak\u017ce strategicznym filarem bezpiecze\u0144stwa, rozwoju technologicznego i suwerenno\u015bci przemys\u0142owej.<\/p>\n<p>Przegl\u0105d najwa\u017cniejszych niemieckich stoczni mo\u017cna znale\u017a\u0107 w naszym artykule<span>\u00a0<\/span><a href=\"https:\/\/global-business-recruiting.de\/pl\/wiedziec\/przeglad-niemieckich-stoczni\/\">Niemieckie stocznie w skr\u00f3cie<\/a>. Wi\u0119cej informacji na temat us\u0142ug stoczniowych i zapotrzebowania na wykwalifikowan\u0105 si\u0142\u0119 robocz\u0105 mo\u017cna znale\u017a\u0107 na stronie<span>\u00a0<\/span><a href=\"https:\/\/global-business-recruiting.de\/pl\/wiedziec\/uslugi-stoczniowe\/\">Us\u0142ugi stoczniowe<\/a>.<\/p>\n<h2>Najcz\u0119\u015bciej zadawane pytania dotycz\u0105ce niemieckiego przemys\u0142u stoczniowego<\/h2>\n<\/div><\/div><div class=\"w-separator size_small\"><\/div><div class=\"w-tabs style_default switch_click accordion type_togglable has_scrolling\" style=\"--sections-title-size:inherit\"><div class=\"w-tabs-sections titles-align_none icon_chevron cpos_right\"><div class=\"w-tabs-section\" id=\"t4a7\" itemscope itemprop=\"mainEntity\" itemtype=\"https:\/\/schema.org\/Question\"><button class=\"w-tabs-section-header\" aria-controls=\"content-t4a7\" aria-expanded=\"false\"><div class=\"w-tabs-section-title\" itemprop=\"name\">Dlaczego Niemcy s\u0105 konkurencyjne w przemy\u015ble stoczniowym pomimo wysokich koszt\u00f3w?<\/div><div class=\"w-tabs-section-control\"><\/div><\/button><div  class=\"w-tabs-section-content\" id=\"content-t4a7\" itemscope itemprop=\"acceptedAnswer\" itemtype=\"https:\/\/schema.org\/Answer\"><div class=\"w-tabs-section-content-h i-cf\" itemprop=\"text\"><div class=\"wpb_text_column\"><div class=\"wpb_wrapper\"><p>Niemcy nie konkuruj\u0105 na znormalizowanym rynku masowym - gdzie dominuj\u0105 Chiny i Korea Po\u0142udniowa z ni\u017cszymi kosztami i du\u017cymi wolumenami produkcji. Niemieckie stocznie specjalizuj\u0105 si\u0119 w z\u0142o\u017conych statkach specjalnych, takich jak statki wycieczkowe, luksusowe jachty i okr\u0119ty wojenne, gdzie jako\u015b\u0107, innowacyjno\u015b\u0107 i niezawodno\u015b\u0107 s\u0105 wa\u017cniejsze ni\u017c cena.<\/p>\n<\/div><\/div><\/div><\/div><\/div><div class=\"w-tabs-section\" id=\"i57b\" itemscope itemprop=\"mainEntity\" itemtype=\"https:\/\/schema.org\/Question\"><button class=\"w-tabs-section-header\" aria-controls=\"content-i57b\" aria-expanded=\"false\"><div class=\"w-tabs-section-title\" itemprop=\"name\">Kt\u00f3re niemieckie stocznie s\u0105 mi\u0119dzynarodowymi liderami?<\/div><div class=\"w-tabs-section-control\"><\/div><\/button><div  class=\"w-tabs-section-content\" id=\"content-i57b\" itemscope itemprop=\"acceptedAnswer\" itemtype=\"https:\/\/schema.org\/Answer\"><div class=\"w-tabs-section-content-h i-cf\" itemprop=\"text\"><div class=\"wpb_text_column\"><div class=\"wpb_wrapper\"><p>Meyer Werft jest liderem w budowie statk\u00f3w wycieczkowych, L\u00fcrssen\/NVL Group w superjachtach i okr\u0119tach wojennych, Thyssenkrupp Marine Systems (TKMS) w ultranowoczesnych \u0142odziach podwodnych i okr\u0119tach wojennych. Ponadto istnieje szeroka klasa \u015brednia wyspecjalizowanych stoczni rodzinnych.<\/p>\n<\/div><\/div><\/div><\/div><\/div><div class=\"w-tabs-section\" id=\"k648\" itemscope itemprop=\"mainEntity\" itemtype=\"https:\/\/schema.org\/Question\"><button class=\"w-tabs-section-header\" aria-controls=\"content-k648\" aria-expanded=\"false\"><div class=\"w-tabs-section-title\" itemprop=\"name\">Jakie znaczenie dla polityki bezpiecze\u0144stwa ma niemiecki przemys\u0142 stoczniowy?<\/div><div class=\"w-tabs-section-control\"><\/div><\/button><div  class=\"w-tabs-section-content\" id=\"content-k648\" itemscope itemprop=\"acceptedAnswer\" itemtype=\"https:\/\/schema.org\/Answer\"><div class=\"w-tabs-section-content-h i-cf\" itemprop=\"text\"><div class=\"wpb_text_column\"><div class=\"wpb_wrapper\"><p>Krajowy przemys\u0142 stoczniowy ma kluczowe znaczenie dla niezale\u017cno\u015bci marynarki wojennej Bundeswehry. Gdyby okr\u0119ty wojenne by\u0142y budowane za granic\u0105, powsta\u0142aby zale\u017cno\u015b\u0107 w zakresie cz\u0119\u015bci zamiennych, konserwacji i aktualizacji technicznych. Ponadto zagraniczni producenci cz\u0119sto zachowuj\u0105 prawo g\u0142osu w kwestii wykorzystania swoich produkt\u00f3w obronnych.<\/p>\n<\/div><\/div><\/div><\/div><\/div><div class=\"w-tabs-section\" id=\"y712\" itemscope itemprop=\"mainEntity\" itemtype=\"https:\/\/schema.org\/Question\"><button class=\"w-tabs-section-header\" aria-controls=\"content-y712\" aria-expanded=\"false\"><div class=\"w-tabs-section-title\" itemprop=\"name\">Jak rozwin\u0105\u0142 si\u0119 niemiecki przemys\u0142 stoczniowy od czasu kryzysu?<\/div><div class=\"w-tabs-section-control\"><\/div><\/button><div  class=\"w-tabs-section-content\" id=\"content-y712\" itemscope itemprop=\"acceptedAnswer\" itemtype=\"https:\/\/schema.org\/Answer\"><div class=\"w-tabs-section-content-h i-cf\" itemprop=\"text\"><div class=\"wpb_text_column\"><div class=\"wpb_wrapper\"><p>Po trudnej fazie spowodowanej nadmiarem mocy produkcyjnych i za\u0142amaniem \u015bwiatowego handlu zwi\u0105zanym z pandemi\u0105, bran\u017ca do\u015bwiadcza znacznego o\u017cywienia. \u015awiatowy handel nabiera tempa, popyt na zdolno\u015b\u0107 przewozow\u0105 statk\u00f3w ro\u015bnie, a niemieckie stocznie odnotowuj\u0105 pe\u0142ne portfele zam\u00f3wie\u0144 - zw\u0142aszcza w sektorze specjalistycznego przemys\u0142u stoczniowego.<\/p>\n<\/div><\/div><\/div><\/div><\/div><\/div><\/div><\/div><\/div><\/div><\/div><\/section>","protected":false},"excerpt":{"rendered":"Der Schiffbau geh\u00f6rt seit Jahrzehnten zu den wichtigen Industriezweigen Deutschlands. Das zeigt sich vor allem daran, dass hier Spezialschiffe entstehen, die weltweit gefragt sind \u2013 von imposanten Kreuzfahrtschiffen \u00fcber luxuri\u00f6se Yachten bis hin zu hochmodernen Marineschiffen. Werften wie Meyer Werft, L\u00fcrssen\/NVL Group oder Thyssenkrupp Marine Systems (TKMS) genie\u00dfen international einen exzellenten Ruf. Sie stehen f\u00fcr...","protected":false},"author":1,"featured_media":11169,"parent":9347,"menu_order":0,"comment_status":"closed","ping_status":"closed","template":"","meta":{"_acf_changed":false,"footnotes":""},"class_list":["post-9959","page","type-page","status-publish","has-post-thumbnail","hentry"],"acf":[],"_links":{"self":[{"href":"https:\/\/global-business-recruiting.de\/pl\/wp-json\/wp\/v2\/pages\/9959","targetHints":{"allow":["GET"]}}],"collection":[{"href":"https:\/\/global-business-recruiting.de\/pl\/wp-json\/wp\/v2\/pages"}],"about":[{"href":"https:\/\/global-business-recruiting.de\/pl\/wp-json\/wp\/v2\/types\/page"}],"author":[{"embeddable":true,"href":"https:\/\/global-business-recruiting.de\/pl\/wp-json\/wp\/v2\/users\/1"}],"replies":[{"embeddable":true,"href":"https:\/\/global-business-recruiting.de\/pl\/wp-json\/wp\/v2\/comments?post=9959"}],"version-history":[{"count":9,"href":"https:\/\/global-business-recruiting.de\/pl\/wp-json\/wp\/v2\/pages\/9959\/revisions"}],"predecessor-version":[{"id":11170,"href":"https:\/\/global-business-recruiting.de\/pl\/wp-json\/wp\/v2\/pages\/9959\/revisions\/11170"}],"up":[{"embeddable":true,"href":"https:\/\/global-business-recruiting.de\/pl\/wp-json\/wp\/v2\/pages\/9347"}],"wp:featuredmedia":[{"embeddable":true,"href":"https:\/\/global-business-recruiting.de\/pl\/wp-json\/wp\/v2\/media\/11169"}],"wp:attachment":[{"href":"https:\/\/global-business-recruiting.de\/pl\/wp-json\/wp\/v2\/media?parent=9959"}],"curies":[{"name":"wp","href":"https:\/\/api.w.org\/{rel}","templated":true}]}}