{"id":9219,"date":"2026-02-16T07:53:05","date_gmt":"2026-02-16T07:53:05","guid":{"rendered":"https:\/\/global-business-recruiting.de\/?page_id=9219"},"modified":"2026-03-31T02:27:08","modified_gmt":"2026-03-31T02:27:08","slug":"odtlacok","status":"publish","type":"page","link":"https:\/\/global-business-recruiting.de\/sk\/impressum\/","title":{"rendered":"Odtla\u010dok"},"content":{"rendered":"<section class=\"l-section wpb_row gbr-row-hero height_custom\"><div class=\"l-section-h i-cf\"><div class=\"g-cols vc_row via_grid cols_1 laptops-cols_inherit tablets-cols_inherit mobiles-cols_1 valign_top type_default stacking_default\"><div class=\"wpb_column vc_column_container\"><div class=\"vc_column-inner\"><h1 class=\"w-post-elm post_title us_custom_6df4bc3a has_text_color align_center entry-title color_link_inherit\">Odtla\u010dok<\/h1><\/div><\/div><\/div><\/div><\/section><section class=\"l-section wpb_row height_custom\"><div class=\"l-section-h i-cf\"><div class=\"g-cols vc_row via_grid cols_1 laptops-cols_inherit tablets-cols_inherit mobiles-cols_1 valign_top type_default stacking_default\"><div class=\"wpb_column vc_column_container\"><div class=\"vc_column-inner\"><div class=\"wpb_text_column one-column-layout\"><div class=\"wpb_wrapper\"><h2>Inform\u00e1cie pod\u013ea \u00a7 5 TMG<\/h2>\n<p>Peter Gassenmaier<br \/>\nZeitarbeit International s.r.o.<br \/>\n\u010cerny\u0161evsk\u00e9ho 10,<br \/>\n851 01 Bratislava<\/p>\n<p><strong>Nemeck\u00e9 zast\u00fapenie:<\/strong><br \/>\nNeuneralmweg 11<br \/>\n82491 Grainau<\/p>\n<h2>Kontaktujte n\u00e1s<\/h2>\n<p>Telef\u00f3n: +49 172 7477707<br \/>\nE-mail: info@zeitarbeit-international.de<\/p>\n<h2>Identifika\u010dn\u00e9 \u010d\u00edslo pre da\u0148 z predaja<\/h2>\n<p>Identifika\u010dn\u00e9 \u010d\u00edslo pre da\u0148 z obratu pod\u013ea \u00a7 27a z\u00e1kona o dani z obratu:<br \/>\nSK2122039601<\/p>\n<h2>Redak\u010dne zodpovedn\u00e9<\/h2>\n<p>Peter Gassenmaier<\/p>\n<h2>Rie\u0161enie sporov v E\u00da<\/h2>\n<p>Eur\u00f3pska komisia poskytuje platformu na rie\u0161enie sporov online (OS): <a href=\"https:\/\/ec.europa.eu\/consumers\/odr\/\" target=\"_blank\" rel=\"noopener\">https:\/\/ec.europa.eu\/consumers\/odr\/<\/a>.<br \/>\nNa\u0161u e-mailov\u00fa adresu n\u00e1jdete v pr\u00e1vnom ozn\u00e1men\u00ed vy\u0161\u0161ie.<\/p>\n<h2>Rie\u0161enie spotrebite\u013esk\u00fdch sporov\/univerz\u00e1lne rozhodcovsk\u00e9 centrum<\/h2>\n<p>Nie sme ochotn\u00ed ani povinn\u00ed z\u00fa\u010dastni\u0165 sa na konan\u00ed o rie\u0161en\u00ed sporu pred spotrebite\u013eskou arbitr\u00e1\u017enou komisiou.<\/p>\n<p><strong>Zodpovednos\u0165 za obsah<\/strong><br \/>\nAko poskytovate\u013e slu\u017eieb sme zodpovedn\u00ed za vlastn\u00fd obsah na t\u00fdchto str\u00e1nkach v s\u00falade s \u00a7 7 ods. 1 TMG (nemeck\u00fd z\u00e1kon o telem\u00e9di\u00e1ch) a v\u0161eobecn\u00fdmi pr\u00e1vnymi predpismi. Pod\u013ea \u00a7\u00a7 8 a\u017e 10 TMG v\u0161ak ako poskytovate\u013e slu\u017eieb nie sme povinn\u00ed monitorova\u0165 pren\u00e1\u0161an\u00e9 alebo ulo\u017een\u00e9 inform\u00e1cie tret\u00edch str\u00e1n alebo vy\u0161etrova\u0165 okolnosti, ktor\u00e9 nazna\u010duj\u00fa nez\u00e1konn\u00fa \u010dinnos\u0165.<\/p>\n<p>Povinnosti odstr\u00e1ni\u0165 alebo zablokova\u0165 pou\u017e\u00edvanie inform\u00e1ci\u00ed v s\u00falade so v\u0161eobecn\u00fdmi pr\u00e1vnymi predpismi t\u00fdm nie s\u00fa dotknut\u00e9. Zodpovednos\u0165 v tomto oh\u013eade je v\u0161ak mo\u017en\u00e1 a\u017e od momentu, ke\u010f sa dozvieme o konkr\u00e9tnom poru\u0161en\u00ed. Hne\u010f ako sa o takomto poru\u0161en\u00ed dozvieme, tento obsah okam\u017eite odstr\u00e1nime.<\/p>\n<p><strong>Zodpovednos\u0165 za odkazy<\/strong><br \/>\nNa\u0161a webov\u00e1 str\u00e1nka obsahuje odkazy na extern\u00e9 webov\u00e9 str\u00e1nky tret\u00edch str\u00e1n, na ktor\u00fdch obsah nem\u00e1me \u017eiadny vplyv. Preto nem\u00f4\u017eeme prevzia\u0165 \u017eiadnu zodpovednos\u0165 za tento obsah tret\u00edch str\u00e1n. Za obsah odkazovan\u00fdch str\u00e1nok je v\u017edy zodpovedn\u00fd pr\u00edslu\u0161n\u00fd poskytovate\u013e alebo prev\u00e1dzkovate\u013e str\u00e1nok. Prepojen\u00e9 str\u00e1nky boli v \u010dase prepojenia skontrolovan\u00e9 z h\u013eadiska mo\u017en\u00e9ho poru\u0161enia pr\u00e1vnych predpisov. Nez\u00e1konn\u00fd obsah nebol v \u010dase prepojenia rozpoznan\u00fd.<\/p>\n<p>Permanentn\u00e9 monitorovanie obsahu odkazovan\u00fdch str\u00e1nok v\u0161ak nie je rozumn\u00e9 bez konkr\u00e9tnych d\u00f4kazov o poru\u0161en\u00ed. Ak sa dozvieme o akomko\u013evek poru\u0161en\u00ed pr\u00e1vnych predpisov, tak\u00e9to odkazy okam\u017eite odstr\u00e1nime.<\/p>\n<p><strong>Autorsk\u00e9 pr\u00e1va<\/strong><br \/>\nObsah a diela vytvoren\u00e9 prev\u00e1dzkovate\u013emi str\u00e1nok na t\u00fdchto str\u00e1nkach podliehaj\u00fa nemeck\u00e9mu autorsk\u00e9mu pr\u00e1vu. Rozmno\u017eovanie, spracovanie, \u0161\u00edrenie a ak\u00fdko\u013evek druh vyu\u017eitia nad r\u00e1mec autorsk\u00e9ho z\u00e1kona si vy\u017eaduje p\u00edsomn\u00fd s\u00fahlas pr\u00edslu\u0161n\u00e9ho autora alebo tvorcu. S\u0165ahovanie a kop\u00edrovanie t\u00fdchto str\u00e1nok je povolen\u00e9 len na s\u00fakromn\u00e9, nekomer\u010dn\u00e9 pou\u017eitie.<\/p>\n<p>Pokia\u013e obsah na tejto str\u00e1nke nevytvoril prev\u00e1dzkovate\u013e, re\u0161pektuj\u00fa sa autorsk\u00e9 pr\u00e1va tret\u00edch str\u00e1n. Najm\u00e4 obsah tret\u00edch str\u00e1n je takto ozna\u010den\u00fd. Ak sa napriek tomu dozviete o poru\u0161en\u00ed autorsk\u00fdch pr\u00e1v, informujte n\u00e1s o tom. Ak sa o poru\u0161en\u00ed dozvieme, tak\u00fdto obsah okam\u017eite odstr\u00e1nime.<\/p>\n<\/div><\/div><\/div><\/div><\/div><\/div><\/section><section class=\"l-section wpb_row gbr-final-cta height_custom\"><div class=\"l-section-h i-cf\"><div class=\"g-cols vc_row via_grid cols_1 laptops-cols_inherit tablets-cols_inherit mobiles-cols_1 valign_top type_default stacking_default\"><div class=\"wpb_column vc_column_container\"><div class=\"vc_column-inner\"><div class=\"w-text gbr-section-label\"><span class=\"w-text-h\"><span class=\"w-text-value\">Za\u010dnite hne\u010f teraz<\/span><\/span><\/div>\n<h2 class=\"w-text us_custom_cd7939b3 final-cta-heading\"><span class=\"w-text-h\"><span class=\"w-text-value\">Ste pripraven\u00ed na \u010fal\u0161\u00ed krok?<\/span><\/span><\/h2><div class=\"wpb_text_column us_custom_1e8542c0 final-cta-description\"><div class=\"wpb_wrapper\"><p>Op\u00ed\u0161te n\u00e1m svoje po\u017eiadavky - do 24 hod\u00edn sa v\u00e1m ozveme s vhodn\u00fdmi odborn\u00edkmi a konkr\u00e9tnou ponukou.<\/p>\n<\/div><\/div><div class=\"w-hwrapper valign_middle align_center\" style=\"--hwrapper-gap:1.4rem\"><div class=\"w-btn-wrapper align_none\"><a class=\"w-btn us-btn-style_1 gbr-btn-primary-2\" href=\"https:\/\/global-business-recruiting.de\/sk\/dopyt\/\"><span class=\"w-btn-label\">Sp\u00fdtajte sa teraz<\/span><\/a><\/div><div class=\"wpb_text_column gbr-cta-contact-2\"><div class=\"wpb_wrapper\"><p>Alebo n\u00e1m zavolajte: <a href=\"tel:00491727477707\">+49 172 747 7707<\/a><\/p>\n<\/div><\/div><\/div><div class=\"w-html\"> <p class=\"gbr-cta-meta final\" style=\"margin-top:32px; margin-bottom:25px;\">Po-So, 08:00-18:00 - <a href=\"mailto:info@global-business-recruiting.de\">info@global-business-recruiting.de<\/a><\/p><\/div>\n<div class=\"w-html\"><p class=\"gbr-cta-meta\">H\u013ead\u00e1te kvalifikovan\u00fa pracovn\u00fa silu na z\u00e1klade A\u00dcG Viac inform\u00e1ci\u00ed n\u00e1jdete na <a href=\"https:\/\/zeitarbeit-international.de\" target=\"_blank\" rel=\"noopener\">zeitarbeit-international.de<\/a><\/p><\/div><\/div><\/div><\/div><\/div><\/section>","protected":false},"excerpt":{"rendered":"ImpressumAngaben gem\u00e4\u00df \u00a7 5 TMG Peter Gassenmaier Zeitarbeit International s.r.o. \u010cerny\u0161evsk\u00e9ho 10, 851 01 Bratislava Deutsche Repr\u00e4sentanz: Neuneralmweg 11 82491 Grainau Kontakt Telefon: +49 172 7477707 E-Mail: info@zeitarbeit-international.de Umsatzsteuer-ID Umsatzsteuer-Identifikationsnummer gem\u00e4\u00df \u00a7 27 a Umsatzsteuergesetz: SK2122039601 Redaktionell verantwortlich Peter Gassenmaier EU-Streitschlichtung Die Europ\u00e4ische Kommission stellt eine Plattform zur Online-Streitbeilegung (OS) bereit: https:\/\/ec.europa.eu\/consumers\/odr\/. Unsere E-Mail-Adresse finden...","protected":false},"author":1,"featured_media":10619,"parent":0,"menu_order":0,"comment_status":"closed","ping_status":"closed","template":"","meta":{"_acf_changed":false,"footnotes":""},"class_list":["post-9219","page","type-page","status-publish","has-post-thumbnail","hentry"],"acf":[],"_links":{"self":[{"href":"https:\/\/global-business-recruiting.de\/sk\/wp-json\/wp\/v2\/pages\/9219","targetHints":{"allow":["GET"]}}],"collection":[{"href":"https:\/\/global-business-recruiting.de\/sk\/wp-json\/wp\/v2\/pages"}],"about":[{"href":"https:\/\/global-business-recruiting.de\/sk\/wp-json\/wp\/v2\/types\/page"}],"author":[{"embeddable":true,"href":"https:\/\/global-business-recruiting.de\/sk\/wp-json\/wp\/v2\/users\/1"}],"replies":[{"embeddable":true,"href":"https:\/\/global-business-recruiting.de\/sk\/wp-json\/wp\/v2\/comments?post=9219"}],"version-history":[{"count":11,"href":"https:\/\/global-business-recruiting.de\/sk\/wp-json\/wp\/v2\/pages\/9219\/revisions"}],"predecessor-version":[{"id":11762,"href":"https:\/\/global-business-recruiting.de\/sk\/wp-json\/wp\/v2\/pages\/9219\/revisions\/11762"}],"wp:featuredmedia":[{"embeddable":true,"href":"https:\/\/global-business-recruiting.de\/sk\/wp-json\/wp\/v2\/media\/10619"}],"wp:attachment":[{"href":"https:\/\/global-business-recruiting.de\/sk\/wp-json\/wp\/v2\/media?parent=9219"}],"curies":[{"name":"wp","href":"https:\/\/api.w.org\/{rel}","templated":true}]}}