{"id":9232,"date":"2026-02-16T07:58:45","date_gmt":"2026-02-16T07:58:45","guid":{"rendered":"https:\/\/global-business-recruiting.de\/?page_id=9232"},"modified":"2026-03-26T07:13:06","modified_gmt":"2026-03-26T07:13:06","slug":"pobocky","status":"publish","type":"page","link":"https:\/\/global-business-recruiting.de\/sk\/branchen\/","title":{"rendered":"Odvetvia"},"content":{"rendered":"<section class=\"l-section wpb_row gbr-row-hero height_custom\"><div class=\"l-section-h i-cf\"><div class=\"g-cols vc_row via_grid cols_1 laptops-cols_inherit tablets-cols_inherit mobiles-cols_1 valign_top type_default stacking_default\"><div class=\"wpb_column vc_column_container\"><div class=\"vc_column-inner\"><h1 class=\"w-text us_custom_734d912b has_text_color\"><span class=\"w-text-h\"><span class=\"w-text-value\">Branchen<\/span><\/span><\/h1><div class=\"wpb_text_column us_custom_a67f11a7 has_text_color\"><div class=\"wpb_wrapper\"><p>Wir vermitteln gepr\u00fcfte Subunternehmer-Teams f\u00fcr alle wichtigen Industriebranchen \u2013 aus Polen, der Slowakei, Tschechien und Rum\u00e4nien.<\/p>\n<\/div><\/div><\/div><\/div><\/div><\/div><\/section><section class=\"l-section wpb_row height_custom\"><div class=\"l-section-h i-cf\"><div class=\"g-cols vc_row via_grid cols_1 laptops-cols_inherit tablets-cols_inherit mobiles-cols_1 valign_top type_default stacking_default\"><div class=\"wpb_column vc_column_container\"><div class=\"vc_column-inner\"><div class=\"w-grid us_post_list type_grid layout_10143 cols_4 preload_style_spinner\" id=\"us_post_list_e364\" style=\"--columns:4;--gap:1.5rem;\"><style>@media (max-width:1024px){#us_post_list_e364{--columns:2!important}}@media (max-width:600px){#us_post_list_e364{--columns:1!important}}.layout_10143 .w-grid-item-h{}.layout_10143 .usg_post_image_1{margin-bottom:0.5rem!important}.layout_10143 .usg_post_title_1{color:#0f2339!important;font-size:1rem!important;font-weight:800!important;text-transform:uppercase!important}<\/style><div class=\"w-grid-list\">\t<article class=\"w-grid-item size_1x1 post-9370 page type-page status-publish has-post-thumbnail hentry\" data-id=\"9370\">\r\n\t\t<div class=\"w-grid-item-h\">\r\n\t\t\t\t\t\t<div class=\"w-post-elm post_image usg_post_image_1 has_ratio\"><a href=\"https:\/\/global-business-recruiting.de\/sk\/branchen\/automobilindustrie\/\" aria-label=\"Automobilindustrie\"><img loading=\"lazy\" decoding=\"async\" width=\"1024\" height=\"768\" src=\"https:\/\/global-business-recruiting.de\/wp-content\/uploads\/2026\/03\/automobilindustrie-1024x768.jpg\" class=\"attachment-large size-large wp-post-image\" alt=\"Automobilindustrie\" \/><\/a><div style=\"padding-bottom:75%\"><\/div><\/div><p class=\"w-post-elm post_title usg_post_title_1 has_text_color align_center entry-title color_link_inherit\"><a href=\"https:\/\/global-business-recruiting.de\/sk\/branchen\/automobilindustrie\/\">Automobilindustrie<\/a><\/p>\t\t<\/div>\r\n\t\t\t<\/article>\r\n\t<article class=\"w-grid-item size_1x1 post-9310 page type-page status-publish has-post-thumbnail hentry\" data-id=\"9310\">\r\n\t\t<div class=\"w-grid-item-h\">\r\n\t\t\t\t\t\t<div class=\"w-post-elm post_image usg_post_image_1 has_ratio\"><a href=\"https:\/\/global-business-recruiting.de\/sk\/branchen\/baugewerbe\/\" aria-label=\"Baugewerbe\"><img loading=\"lazy\" decoding=\"async\" width=\"1024\" height=\"689\" src=\"https:\/\/global-business-recruiting.de\/wp-content\/uploads\/2026\/03\/baugewerbe-1024x689.jpg\" class=\"attachment-large size-large wp-post-image\" alt=\"Baugewerbe\" \/><\/a><div style=\"padding-bottom:75%\"><\/div><\/div><p class=\"w-post-elm post_title usg_post_title_1 has_text_color align_center entry-title color_link_inherit\"><a href=\"https:\/\/global-business-recruiting.de\/sk\/branchen\/baugewerbe\/\">Baugewerbe<\/a><\/p>\t\t<\/div>\r\n\t\t\t<\/article>\r\n\t<article class=\"w-grid-item size_1x1 post-9311 page type-page status-publish has-post-thumbnail hentry\" data-id=\"9311\">\r\n\t\t<div class=\"w-grid-item-h\">\r\n\t\t\t\t\t\t<div class=\"w-post-elm post_image usg_post_image_1 has_ratio\"><a href=\"https:\/\/global-business-recruiting.de\/sk\/branchen\/elektrotechnik\/\" aria-label=\"Elektrotechnik\"><img loading=\"lazy\" decoding=\"async\" width=\"1024\" height=\"683\" src=\"https:\/\/global-business-recruiting.de\/wp-content\/uploads\/2026\/03\/elektrotechnik-1024x683.jpg\" class=\"attachment-large size-large wp-post-image\" alt=\"Elektrotechnik\" \/><\/a><div style=\"padding-bottom:75%\"><\/div><\/div><p class=\"w-post-elm post_title usg_post_title_1 has_text_color align_center entry-title color_link_inherit\"><a href=\"https:\/\/global-business-recruiting.de\/sk\/branchen\/elektrotechnik\/\">Elektrotechnik<\/a><\/p>\t\t<\/div>\r\n\t\t\t<\/article>\r\n\t<article class=\"w-grid-item size_1x1 post-9315 page type-page status-publish has-post-thumbnail hentry\" data-id=\"9315\">\r\n\t\t<div class=\"w-grid-item-h\">\r\n\t\t\t\t\t\t<div class=\"w-post-elm post_image usg_post_image_1 has_ratio\"><a href=\"https:\/\/global-business-recruiting.de\/sk\/branchen\/erneuerbare-energien\/\" aria-label=\"Erneuerbare Energien\"><img loading=\"lazy\" decoding=\"async\" width=\"1024\" height=\"682\" src=\"https:\/\/global-business-recruiting.de\/wp-content\/uploads\/2026\/03\/erneuerbare-energien-1024x682.jpg\" class=\"attachment-large size-large wp-post-image\" alt=\"Erneuerbare Energien\" \/><\/a><div style=\"padding-bottom:75%\"><\/div><\/div><p class=\"w-post-elm post_title usg_post_title_1 has_text_color align_center entry-title color_link_inherit\"><a href=\"https:\/\/global-business-recruiting.de\/sk\/branchen\/erneuerbare-energien\/\">Erneuerbare Energien<\/a><\/p>\t\t<\/div>\r\n\t\t\t<\/article>\r\n\t<article class=\"w-grid-item size_1x1 post-9316 page type-page status-publish has-post-thumbnail hentry\" data-id=\"9316\">\r\n\t\t<div class=\"w-grid-item-h\">\r\n\t\t\t\t\t\t<div class=\"w-post-elm post_image usg_post_image_1 has_ratio\"><a href=\"https:\/\/global-business-recruiting.de\/sk\/branchen\/facility-reinigung\/\" aria-label=\"Facility &#038; Reinigung\"><img loading=\"lazy\" decoding=\"async\" width=\"1024\" height=\"683\" src=\"https:\/\/global-business-recruiting.de\/wp-content\/uploads\/2026\/03\/facility-reinigung-1024x683.jpg\" class=\"attachment-large size-large wp-post-image\" alt=\"Facility &amp; Reinigung\" \/><\/a><div style=\"padding-bottom:75%\"><\/div><\/div><p class=\"w-post-elm post_title usg_post_title_1 has_text_color align_center entry-title color_link_inherit\"><a href=\"https:\/\/global-business-recruiting.de\/sk\/branchen\/facility-reinigung\/\">Facility &#038; Reinigung<\/a><\/p>\t\t<\/div>\r\n\t\t\t<\/article>\r\n\t<article class=\"w-grid-item size_1x1 post-9304 page type-page status-publish has-post-thumbnail hentry\" data-id=\"9304\">\r\n\t\t<div class=\"w-grid-item-h\">\r\n\t\t\t\t\t\t<div class=\"w-post-elm post_image usg_post_image_1 has_ratio\"><a href=\"https:\/\/global-business-recruiting.de\/sk\/branchen\/industrie-produktion\/\" aria-label=\"Industrie &#038; Produktion\"><img loading=\"lazy\" decoding=\"async\" width=\"1024\" height=\"683\" src=\"https:\/\/global-business-recruiting.de\/wp-content\/uploads\/2026\/03\/industrie-produktion-1024x683.jpg\" class=\"attachment-large size-large wp-post-image\" alt=\"Industrie &amp; Produktion\" \/><\/a><div style=\"padding-bottom:75%\"><\/div><\/div><p class=\"w-post-elm post_title usg_post_title_1 has_text_color align_center entry-title color_link_inherit\"><a href=\"https:\/\/global-business-recruiting.de\/sk\/branchen\/industrie-produktion\/\">Industrie &#038; Produktion<\/a><\/p>\t\t<\/div>\r\n\t\t\t<\/article>\r\n\t<article class=\"w-grid-item size_1x1 post-9422 page type-page status-publish has-post-thumbnail hentry\" data-id=\"9422\">\r\n\t\t<div class=\"w-grid-item-h\">\r\n\t\t\t\t\t\t<div class=\"w-post-elm post_image usg_post_image_1 has_ratio\"><a href=\"https:\/\/global-business-recruiting.de\/sk\/branchen\/rustungsindustrie\/\" aria-label=\"R\u00fcstungsindustrie\"><img loading=\"lazy\" decoding=\"async\" width=\"1024\" height=\"683\" src=\"https:\/\/global-business-recruiting.de\/wp-content\/uploads\/2026\/03\/ruestungsindustrie-1024x683.jpg\" class=\"attachment-large size-large wp-post-image\" alt=\"R\u00fcstungsindustrie\" \/><\/a><div style=\"padding-bottom:75%\"><\/div><\/div><p class=\"w-post-elm post_title usg_post_title_1 has_text_color align_center entry-title color_link_inherit\"><a href=\"https:\/\/global-business-recruiting.de\/sk\/branchen\/rustungsindustrie\/\">R\u00fcstungsindustrie<\/a><\/p>\t\t<\/div>\r\n\t\t\t<\/article>\r\n\t<article class=\"w-grid-item size_1x1 post-9248 page type-page status-publish has-post-thumbnail hentry\" data-id=\"9248\">\r\n\t\t<div class=\"w-grid-item-h\">\r\n\t\t\t\t\t\t<div class=\"w-post-elm post_image usg_post_image_1 has_ratio\"><a href=\"https:\/\/global-business-recruiting.de\/sk\/branchen\/schiffbau\/\" aria-label=\"Schiffbau\"><img loading=\"lazy\" decoding=\"async\" width=\"1024\" height=\"683\" src=\"https:\/\/global-business-recruiting.de\/wp-content\/uploads\/2026\/03\/schiffbau-1024x683.jpg\" class=\"attachment-large size-large wp-post-image\" alt=\"Schifbau\" \/><\/a><div style=\"padding-bottom:75%\"><\/div><\/div><p class=\"w-post-elm post_title usg_post_title_1 has_text_color align_center entry-title color_link_inherit\"><a href=\"https:\/\/global-business-recruiting.de\/sk\/branchen\/schiffbau\/\">Schiffbau<\/a><\/p>\t\t<\/div>\r\n\t\t\t<\/article>\r\n<\/div><div class=\"g-loadmore hidden\"><div class=\"g-preloader type_1\"><div><\/div><\/div><\/div><div class=\"w-grid-list-json hidden\" onclick='return {&quot;max_num_pages&quot;:0,&quot;paginationBase&quot;:&quot;page&quot;,&quot;pagination&quot;:&quot;none&quot;,&quot;paged&quot;:1,&quot;ajaxData&quot;:{&quot;action&quot;:&quot;us_ajax_post_list&quot;,&quot;meta_type&quot;:&quot;post&quot;,&quot;object_id&quot;:0,&quot;template_vars&quot;:{&quot;shortcode_base&quot;:&quot;us_post_list&quot;,&quot;paged&quot;:1,&quot;max_num_pages&quot;:0,&quot;no_results&quot;:false,&quot;us_post_content_design_css&quot;:[],&quot;found_posts&quot;:0,&quot;per_page&quot;:12,&quot;items_count&quot;:8,&quot;orderby_random_seed&quot;:null,&quot;source&quot;:&quot;child_posts_of_selected&quot;,&quot;custom_field_name&quot;:&quot;&quot;,&quot;ids&quot;:&quot;9232&quot;,&quot;post_type&quot;:&quot;page&quot;,&quot;attachment_ids&quot;:null,&quot;include_post_thumbnail&quot;:0,&quot;post_author&quot;:&quot;any&quot;,&quot;post_author_ids&quot;:&quot;&quot;,&quot;apply_url_params&quot;:0,&quot;ignore_sticky_posts&quot;:1,&quot;exclude_children&quot;:0,&quot;exclude_current_post&quot;:1,&quot;exclude_prev_posts&quot;:0,&quot;exclude_past_events&quot;:0,&quot;enable_items_offset&quot;:0,&quot;items_offset&quot;:&quot;1&quot;,&quot;tax_query_relation&quot;:&quot;none&quot;,&quot;tax_query&quot;:[{&quot;operator&quot;:&quot;IN&quot;,&quot;taxonomy&quot;:&quot;category&quot;,&quot;terms&quot;:&quot;&quot;,&quot;include_children&quot;:0}],&quot;meta_query_relation&quot;:&quot;none&quot;,&quot;meta_query&quot;:[{&quot;key&quot;:&quot;custom_field_name&quot;,&quot;compare&quot;:&quot;=&quot;,&quot;value&quot;:&quot;&quot;}],&quot;orderby&quot;:&quot;title&quot;,&quot;orderby_custom_field&quot;:&quot;&quot;,&quot;orderby_custom_type&quot;:0,&quot;order_invert&quot;:0,&quot;show_all&quot;:0,&quot;quantity&quot;:&quot;12&quot;,&quot;posts_per_archive_page&quot;:0,&quot;no_items_action&quot;:&quot;message&quot;,&quot;no_items_message&quot;:&quot;Neboli n\\u00e1jden\\u00e9 \\u017eiadne v\\u00fdsledky.&quot;,&quot;no_items_page_block&quot;:&quot;&quot;,&quot;pagination&quot;:&quot;none&quot;,&quot;pagination_style&quot;:&quot;&quot;,&quot;pagination_btn_text&quot;:&quot;Load More&quot;,&quot;pagination_btn_size&quot;:&quot;&quot;,&quot;pagination_btn_style&quot;:&quot;1&quot;,&quot;pagination_btn_fullwidth&quot;:0,&quot;items_layout&quot;:&quot;10143&quot;,&quot;type&quot;:&quot;grid&quot;,&quot;items_valign&quot;:0,&quot;ignore_items_size&quot;:0,&quot;columns&quot;:&quot;4&quot;,&quot;items_gap&quot;:&quot;1.5rem&quot;,&quot;load_animation&quot;:&quot;none&quot;,&quot;items_preload_style&quot;:&quot;spinner&quot;,&quot;img_size&quot;:&quot;default&quot;,&quot;title_size&quot;:&quot;&quot;,&quot;items_ratio&quot;:&quot;default&quot;,&quot;items_ratio_width&quot;:&quot;21&quot;,&quot;items_ratio_height&quot;:&quot;9&quot;,&quot;overriding_link&quot;:&quot;{\\&quot;url\\&quot;:\\&quot;\\&quot;}&quot;,&quot;popup_page_template&quot;:&quot;0&quot;,&quot;popup_width&quot;:&quot;&quot;,&quot;popup_arrows&quot;:1,&quot;breakpoint_1_width&quot;:&quot;1381px&quot;,&quot;breakpoint_1_cols&quot;:&quot;default&quot;,&quot;breakpoint_1_quantity&quot;:&quot;&quot;,&quot;breakpoint_1_gap&quot;:&quot;&quot;,&quot;breakpoint_2_width&quot;:&quot;1025px&quot;,&quot;breakpoint_2_cols&quot;:&quot;2&quot;,&quot;breakpoint_2_quantity&quot;:&quot;&quot;,&quot;breakpoint_2_gap&quot;:&quot;&quot;,&quot;breakpoint_3_width&quot;:&quot;601px&quot;,&quot;breakpoint_3_cols&quot;:&quot;1&quot;,&quot;breakpoint_3_quantity&quot;:&quot;&quot;,&quot;breakpoint_3_gap&quot;:&quot;&quot;,&quot;conditions_operator&quot;:&quot;always&quot;,&quot;conditions&quot;:[],&quot;css&quot;:null,&quot;el_class&quot;:&quot;&quot;,&quot;el_id&quot;:&quot;&quot;,&quot;enable_custom_html_atts&quot;:0,&quot;custom_html_atts&quot;:null,&quot;hide_on_states&quot;:&quot;&quot;,&quot;hide_for_sticky&quot;:0,&quot;hide_for_not_sticky&quot;:0,&quot;hide_below&quot;:&quot;0px&quot;,&quot;hide_above&quot;:&quot;0px&quot;,&quot;classes&quot;:&quot;&quot;},&quot;found_posts&quot;:0,&quot;per_page&quot;:12},&quot;facetedFilter&quot;:[]}'><\/div><\/div><\/div><\/div><\/div><\/div><\/section><section class=\"l-section wpb_row gbr-final-cta height_custom\"><div class=\"l-section-h i-cf\"><div class=\"g-cols vc_row via_grid cols_1 laptops-cols_inherit tablets-cols_inherit mobiles-cols_1 valign_top type_default stacking_default\"><div class=\"wpb_column vc_column_container\"><div class=\"vc_column-inner\"><div class=\"w-text gbr-section-label\"><span class=\"w-text-h\"><span class=\"w-text-value\">Jetzt starten<\/span><\/span><\/div>\n<h2 class=\"w-text us_custom_cd7939b3 final-cta-heading\"><span class=\"w-text-h\"><span class=\"w-text-value\">Bereit f\u00fcr Ihren n\u00e4chsten Schritt?<\/span><\/span><\/h2><div class=\"wpb_text_column us_custom_1e8542c0 final-cta-description\"><div class=\"wpb_wrapper\"><p>Beschreiben Sie uns Ihren Bedarf \u2013 wir melden uns innerhalb von 24 Stunden mit passenden Fachkr\u00e4ften und einem konkreten Angebot.<\/p>\n<\/div><\/div><div class=\"w-hwrapper valign_middle align_center\" style=\"--hwrapper-gap:1.4rem\"><div class=\"w-btn-wrapper align_none\"><a class=\"w-btn us-btn-style_1 gbr-btn-primary-2\" href=\"https:\/\/global-business-recruiting.de\/anfrage\/\"><span class=\"w-btn-label\">Jetzt anfragen<\/span><\/a><\/div><div class=\"wpb_text_column gbr-cta-contact-2\"><div class=\"wpb_wrapper\"><p>Oder anrufen: <a href=\"tel:00491727477707\">+49 172 747 7707<\/a><\/p>\n<\/div><\/div><\/div><div class=\"w-html\"> <p class=\"gbr-cta-meta final\" style=\"margin-top:32px; margin-bottom:25px;\">Mo\u2013Sa, 08:00\u201318:00 Uhr \u00b7 <a href=\"mailto:info@global-business-recruiting.de\">info@global-business-recruiting.de<\/a><\/p><\/div>\n<div class=\"w-html\"><p class=\"gbr-cta-meta\">Suchen Sie Fachkr\u00e4fte auf A\u00dcG-Basis Mehr dazu bei <a href=\"https:\/\/zeitarbeit-international.de\" target=\"_blank\" rel=\"noopener\">zeitarbeit-international.de<\/a><\/p><\/div><\/div><\/div><\/div><\/div><\/section>\n\n","protected":false},"excerpt":{"rendered":"Subunternehmer f\u00fcr den Schiffbau aus Osteuropa \u2013 f\u00fcr Werften, Reparatur und OffshoreDer Schiffbau stellt besondere Anforderungen an Fachkr\u00e4fte und Subunternehmer: enge Terminfenster, hohe Qualit\u00e4tsstandards, internationale Zertifizierungen und der Einsatz unter anspruchsvollen Bedingungen. Global Business Recruiting vermittelt erfahrene Subunternehmer-Teams aus Polen, Tschechien und der Slowakei, die diese Anforderungen erf\u00fcllen \u2013 auf Werkvertragsbasis, innerhalb von 7 Tagen...","protected":false},"author":1,"featured_media":10619,"parent":0,"menu_order":0,"comment_status":"closed","ping_status":"closed","template":"","meta":{"_acf_changed":false,"footnotes":""},"class_list":["post-9232","page","type-page","status-publish","has-post-thumbnail","hentry"],"acf":[],"_links":{"self":[{"href":"https:\/\/global-business-recruiting.de\/sk\/wp-json\/wp\/v2\/pages\/9232","targetHints":{"allow":["GET"]}}],"collection":[{"href":"https:\/\/global-business-recruiting.de\/sk\/wp-json\/wp\/v2\/pages"}],"about":[{"href":"https:\/\/global-business-recruiting.de\/sk\/wp-json\/wp\/v2\/types\/page"}],"author":[{"embeddable":true,"href":"https:\/\/global-business-recruiting.de\/sk\/wp-json\/wp\/v2\/users\/1"}],"replies":[{"embeddable":true,"href":"https:\/\/global-business-recruiting.de\/sk\/wp-json\/wp\/v2\/comments?post=9232"}],"version-history":[{"count":10,"href":"https:\/\/global-business-recruiting.de\/sk\/wp-json\/wp\/v2\/pages\/9232\/revisions"}],"predecessor-version":[{"id":10206,"href":"https:\/\/global-business-recruiting.de\/sk\/wp-json\/wp\/v2\/pages\/9232\/revisions\/10206"}],"wp:featuredmedia":[{"embeddable":true,"href":"https:\/\/global-business-recruiting.de\/sk\/wp-json\/wp\/v2\/media\/10619"}],"wp:attachment":[{"href":"https:\/\/global-business-recruiting.de\/sk\/wp-json\/wp\/v2\/media?parent=9232"}],"curies":[{"name":"wp","href":"https:\/\/api.w.org\/{rel}","templated":true}]}}