{"id":9334,"date":"2026-02-19T14:07:08","date_gmt":"2026-02-19T14:07:08","guid":{"rendered":"https:\/\/global-business-recruiting.de\/?page_id=9334"},"modified":"2026-03-26T07:13:06","modified_gmt":"2026-03-26T07:13:06","slug":"krajiny","status":"publish","type":"page","link":"https:\/\/global-business-recruiting.de\/sk\/laender\/","title":{"rendered":"Krajiny"},"content":{"rendered":"<section class=\"l-section wpb_row gbr-row-hero height_custom\"><div class=\"l-section-h i-cf\"><div class=\"g-cols vc_row via_grid cols_1 laptops-cols_inherit tablets-cols_inherit mobiles-cols_1 valign_top type_default stacking_default\"><div class=\"wpb_column vc_column_container\"><div class=\"vc_column-inner\"><h1 class=\"w-text us_custom_734d912b has_text_color\"><span class=\"w-text-h\"><span class=\"w-text-value\">Krajiny<\/span><\/span><\/h1><div class=\"wpb_text_column us_custom_a67f11a7 has_text_color\"><div class=\"wpb_wrapper\"><p>Poskytujeme certifikovan\u00e9 subdod\u00e1vate\u013esk\u00e9 t\u00edmy pre v\u0161etky hlavn\u00e9 priemyseln\u00e9 odvetvia - z Po\u013eska, Slovenska, \u010ceskej republiky a Rumunska.<\/p>\n<\/div><\/div><\/div><\/div><\/div><\/div><\/section><section class=\"l-section wpb_row height_custom\"><div class=\"l-section-h i-cf\"><div class=\"g-cols vc_row via_grid cols_1 laptops-cols_inherit tablets-cols_inherit mobiles-cols_1 valign_top type_default stacking_default\"><div class=\"wpb_column vc_column_container\"><div class=\"vc_column-inner\"><div class=\"w-html\"><div class=\"gbr-laender-grid\">\n      <a href=\"https:\/\/global-business-recruiting.de\/sk\/krajiny\/bulharsko\/\" class=\"gbr-land-card\" style=\"text-decoration:none;\">\n        <span class=\"gbr-land-flag\">\ud83c\udde7\ud83c\uddec<\/span>\n        <span class=\"gbr-land-name\">Bulharsko<\/span>\n        <span class=\"gbr-land-desc\">Rast\u00faca sie\u0165 kvalifikovanej pracovnej sily pre stavebn\u00edctvo a v\u00fdrobu<\/span>\n      <\/a>\n      <a href=\"https:\/\/global-business-recruiting.de\/sk\/krajiny\/chorvatsko\/\" class=\"gbr-land-card\" style=\"text-decoration:none;\">\n        <span class=\"gbr-land-flag\">\ud83c\udded\ud83c\uddf7<\/span>\n        <span class=\"gbr-land-name\">Chorv\u00e1tsko<\/span>\n        <span class=\"gbr-land-desc\">Sk\u00fasen\u00ed odborn\u00edci z oblasti stavebn\u00edctva a kovopriemyslu<\/span>\n      <\/a>\n      <a href=\"https:\/\/global-business-recruiting.de\/sk\/krajiny\/litva\/\" class=\"gbr-land-card\" style=\"text-decoration:none;\">\n        <span class=\"gbr-land-flag\">\ud83c\uddf1\ud83c\uddf9<\/span>\n        <span class=\"gbr-land-name\">Litva<\/span>\n        <span class=\"gbr-land-desc\">Siln\u00e1 trad\u00edcia v priemysle a kovospracovan\u00ed<\/span>\n      <\/a>\n      <a href=\"https:\/\/global-business-recruiting.de\/sk\/krajiny\/polsko\/\" class=\"gbr-land-card\" style=\"text-decoration:none;\">\n        <span class=\"gbr-land-flag\">\ud83c\uddf5\ud83c\uddf1<\/span>\n        <span class=\"gbr-land-name\">Po\u013esko<\/span>\n        <span class=\"gbr-land-desc\">Najv\u00e4\u010d\u0161ia z\u00e1soba kvalifikovanej pracovnej sily vo v\u00fdchodnej Eur\u00f3pe<\/span>\n      <\/a>\n      <a href=\"https:\/\/global-business-recruiting.de\/sk\/krajiny\/rumunsko\/\" class=\"gbr-land-card\" style=\"text-decoration:none;\">\n        <span class=\"gbr-land-flag\">\ud83c\uddf7\ud83c\uddf4<\/span>\n        <span class=\"gbr-land-name\">Rumunsko<\/span>\n        <span class=\"gbr-land-desc\">Siln\u00e1 poz\u00edcia v stavebn\u00edctve, zv\u00e1ran\u00ed a priemysle<\/span>\n      <\/a>\n      <a href=\"https:\/\/global-business-recruiting.de\/sk\/krajiny\/slovensko\/\" class=\"gbr-land-card\" style=\"text-decoration:none;\">\n        <span class=\"gbr-land-flag\">\ud83c\uddf8\ud83c\uddf0<\/span>\n        <span class=\"gbr-land-name\">Slovensko<\/span>\n        <span class=\"gbr-land-desc\">Na\u0161a centr\u00e1la a najsilnej\u0161ia partnersk\u00e1 sie\u0165<\/span>\n      <\/a>\n      <a href=\"https:\/\/global-business-recruiting.de\/sk\/krajiny\/slovinsko\/\" class=\"gbr-land-card\" style=\"text-decoration:none;\">\n        <span class=\"gbr-land-flag\">\ud83c\uddf8\ud83c\uddee<\/span>\n        <span class=\"gbr-land-name\">Slovinsko<\/span>\n        <span class=\"gbr-land-desc\">Vysokokvalifikovan\u00ed odborn\u00edci s povolen\u00edm E\u00da<\/span>\n      <\/a>\n      <a href=\"https:\/\/global-business-recruiting.de\/sk\/krajiny\/ceska-republika\/\" class=\"gbr-land-card\" style=\"text-decoration:none;\">\n        <span class=\"gbr-land-flag\">\ud83c\udde8\ud83c\uddff<\/span>\n        <span class=\"gbr-land-name\">\u010cesk\u00e1 republika<\/span>\n        <span class=\"gbr-land-desc\">Vysoko kvalifikovan\u00ed odborn\u00edci so \u0161tandardom E\u00da<\/span>\n      <\/a>\n      <a href=\"https:\/\/global-business-recruiting.de\/sk\/krajiny\/ukrajina\/\" class=\"gbr-land-card\" style=\"text-decoration:none;\">\n        <span class=\"gbr-land-flag\">\ud83c\uddfa\ud83c\udde6<\/span>\n        <span class=\"gbr-land-name\">Ukrajina<\/span>\n        <span class=\"gbr-land-desc\">Vysoko kvalifikovan\u00ed in\u017einieri a remeseln\u00edci<\/span>\n      <\/a>\n      <a href=\"https:\/\/global-business-recruiting.de\/sk\/krajiny\/madarsko\/\" class=\"gbr-land-card\" style=\"text-decoration:none;\">\n        <span class=\"gbr-land-flag\">\ud83c\udded\ud83c\uddfa<\/span>\n        <span class=\"gbr-land-name\">Ma\u010farsko<\/span>\n        <span class=\"gbr-land-desc\">\u0160pecializovan\u00e9 t\u00edmy pre priemysel a technol\u00f3gie<\/span>\n      <\/a>\n    <\/div><\/div>\n<\/div><\/div><\/div><\/div><\/section><section class=\"l-section wpb_row gbr-final-cta height_custom\"><div class=\"l-section-h i-cf\"><div class=\"g-cols vc_row via_grid cols_1 laptops-cols_inherit tablets-cols_inherit mobiles-cols_1 valign_top type_default stacking_default\"><div class=\"wpb_column vc_column_container\"><div class=\"vc_column-inner\"><div class=\"w-text gbr-section-label\"><span class=\"w-text-h\"><span class=\"w-text-value\">Za\u010dnite hne\u010f teraz<\/span><\/span><\/div>\n<h2 class=\"w-text us_custom_cd7939b3 final-cta-heading\"><span class=\"w-text-h\"><span class=\"w-text-value\">Ste pripraven\u00ed na \u010fal\u0161\u00ed krok?<\/span><\/span><\/h2><div class=\"wpb_text_column us_custom_1e8542c0 final-cta-description\"><div class=\"wpb_wrapper\"><p>Op\u00ed\u0161te n\u00e1m svoje po\u017eiadavky - do 24 hod\u00edn sa v\u00e1m ozveme s vhodn\u00fdmi odborn\u00edkmi a konkr\u00e9tnou ponukou.<\/p>\n<\/div><\/div><div class=\"w-hwrapper valign_middle align_center\" style=\"--hwrapper-gap:1.4rem\"><div class=\"w-btn-wrapper align_none\"><a class=\"w-btn us-btn-style_1 gbr-btn-primary-2\" href=\"https:\/\/global-business-recruiting.de\/sk\/dopyt\/\"><span class=\"w-btn-label\">Sp\u00fdtajte sa teraz<\/span><\/a><\/div><div class=\"wpb_text_column gbr-cta-contact-2\"><div class=\"wpb_wrapper\"><p>Alebo n\u00e1m zavolajte: <a href=\"tel:00491727477707\">+49 172 747 7707<\/a><\/p>\n<\/div><\/div><\/div><div class=\"w-html\"> <p class=\"gbr-cta-meta final\" style=\"margin-top:32px; margin-bottom:25px;\">Po-So, 08:00-18:00 - <a href=\"mailto:info@global-business-recruiting.de\">info@global-business-recruiting.de<\/a><\/p><\/div>\n<div class=\"w-html\"><p class=\"gbr-cta-meta\">H\u013ead\u00e1te kvalifikovan\u00fa pracovn\u00fa silu na z\u00e1klade A\u00dcG Viac inform\u00e1ci\u00ed n\u00e1jdete na <a href=\"https:\/\/zeitarbeit-international.de\" target=\"_blank\" rel=\"noopener\">zeitarbeit-international.de<\/a><\/p><\/div><\/div><\/div><\/div><\/div><\/section>","protected":false},"excerpt":{"rendered":"L\u00e4nderWir vermitteln gepr\u00fcfte Subunternehmer-Teams f\u00fcr alle wichtigen Industriebranchen \u2013 aus Polen, der Slowakei, Tschechien und Rum\u00e4nien. \ud83c\udde7\ud83c\uddec Bulgarien Wachsendes Fachkr\u00e4fte-Netzwerk f\u00fcr Bau und Produktion \ud83c\udded\ud83c\uddf7 Kroatien Erfahrene Fachkr\u00e4fte aus dem Bau- und Metallbereich \ud83c\uddf1\ud83c\uddf9 Litauen Starke Tradition in Industrie und Metallverarbeitung \ud83c\uddf5\ud83c\uddf1 Polen Gr\u00f6\u00dftes Fachkr\u00e4fte-Reservoir in Osteuropa \ud83c\uddf7\ud83c\uddf4 Rum\u00e4nien Stark in Bau, Schwei\u00dfen und Industrie...","protected":false},"author":1,"featured_media":10619,"parent":0,"menu_order":0,"comment_status":"closed","ping_status":"closed","template":"","meta":{"_acf_changed":false,"footnotes":""},"class_list":["post-9334","page","type-page","status-publish","has-post-thumbnail","hentry"],"acf":[],"_links":{"self":[{"href":"https:\/\/global-business-recruiting.de\/sk\/wp-json\/wp\/v2\/pages\/9334","targetHints":{"allow":["GET"]}}],"collection":[{"href":"https:\/\/global-business-recruiting.de\/sk\/wp-json\/wp\/v2\/pages"}],"about":[{"href":"https:\/\/global-business-recruiting.de\/sk\/wp-json\/wp\/v2\/types\/page"}],"author":[{"embeddable":true,"href":"https:\/\/global-business-recruiting.de\/sk\/wp-json\/wp\/v2\/users\/1"}],"replies":[{"embeddable":true,"href":"https:\/\/global-business-recruiting.de\/sk\/wp-json\/wp\/v2\/comments?post=9334"}],"version-history":[{"count":3,"href":"https:\/\/global-business-recruiting.de\/sk\/wp-json\/wp\/v2\/pages\/9334\/revisions"}],"predecessor-version":[{"id":10481,"href":"https:\/\/global-business-recruiting.de\/sk\/wp-json\/wp\/v2\/pages\/9334\/revisions\/10481"}],"wp:featuredmedia":[{"embeddable":true,"href":"https:\/\/global-business-recruiting.de\/sk\/wp-json\/wp\/v2\/media\/10619"}],"wp:attachment":[{"href":"https:\/\/global-business-recruiting.de\/sk\/wp-json\/wp\/v2\/media?parent=9334"}],"curies":[{"name":"wp","href":"https:\/\/api.w.org\/{rel}","templated":true}]}}