{"id":9448,"date":"2026-02-20T05:26:46","date_gmt":"2026-02-20T05:26:46","guid":{"rendered":"https:\/\/global-business-recruiting.de\/?page_id=9448"},"modified":"2026-03-29T12:19:00","modified_gmt":"2026-03-29T12:19:00","slug":"certifikat-a1","status":"publish","type":"page","link":"https:\/\/global-business-recruiting.de\/sk\/wissen\/a1-bescheinigung\/","title":{"rendered":"Certifik\u00e1t A1"},"content":{"rendered":"<section class=\"l-section wpb_row height_custom\"><div class=\"l-section-h i-cf\"><div class=\"g-cols vc_row via_grid cols_1 laptops-cols_inherit tablets-cols_inherit mobiles-cols_1 valign_top type_default stacking_default\"><div class=\"wpb_column vc_column_container\"><div class=\"vc_column-inner\"><div class=\"wpb_text_column\"><div class=\"wpb_wrapper\"><p>Takzvan\u00e9 osved\u010denie A1 je d\u00f4le\u017eit\u00fdm dokumentom pri vysielan\u00ed zamestnancov na pr\u00e1cu do in\u00fdch kraj\u00edn E\u00da. Tu sa dozviete viac o tom, na \u010do sl\u00fa\u017ei osved\u010denie A1, kto ho potrebuje, pre ktor\u00e9 krajiny plat\u00ed a kde je potrebn\u00e9 o\u0148 po\u017eiada\u0165.<\/p>\n<p>Zamestnanci vo v\u0161eobecnosti podliehaj\u00fa predpisom o soci\u00e1lnom zabezpe\u010den\u00ed krajiny, v ktorej s\u00fa zamestnan\u00ed. Ak\u00e1 je v\u0161ak pr\u00e1vna situ\u00e1cia v pr\u00edpade do\u010dasn\u00e9ho zamestnania v zahrani\u010d\u00ed? Uplat\u0148uj\u00fa sa predpisy domovskej krajiny alebo predpisy krajiny, v ktorej zamestnanec do\u010dasne pracuje?<\/p>\n<p>Pri vyslan\u00ed v r\u00e1mci E\u00da mus\u00ed ma\u0165 vyslan\u00fd zamestnanec pri sebe potvrdenie o vyslan\u00ed - tzv. potvrdenie A1. To pr\u00edslu\u0161nej in\u0161tit\u00facii soci\u00e1lneho poistenia potvrdzuje, \u017ee zamestnanec je po\u010das pr\u00e1ce v zahrani\u010d\u00ed na\u010falej poisten\u00fd v syst\u00e9me soci\u00e1lneho poistenia svojej domovskej krajiny.<\/p>\n<h2>Vyhnite sa dvojit\u00fdm pr\u00edspevkom<\/h2>\n<p>Potvrdenie A1 sl\u00fa\u017ei ako d\u00f4kaz, \u017ee predpisy soci\u00e1lneho zabezpe\u010denia krajiny, z ktorej je zamestnanec vyslan\u00fd, sa na zamestnanca vz\u0165ahuj\u00fa aj po\u010das vyslania do zahrani\u010dia. T\u00fdm sa zabr\u00e1ni tomu, aby sa pr\u00edspevky na soci\u00e1lne zabezpe\u010denie museli plati\u0165 dvakr\u00e1t.<\/p>\n<h2>V ktor\u00fdch krajin\u00e1ch je certifik\u00e1t A1 platn\u00fd?<\/h2>\n<p>Certifik\u00e1t A1 je potrebn\u00fd na odborn\u00e9 vyslanie do zahrani\u010dia.<span>\u00a0<\/span><strong>v r\u00e1mci E\u00da<\/strong><span>\u00a0<\/span>a pre pr\u00edspevky do<span>\u00a0<\/span><strong>Island, Lichten\u0161tajnsko, N\u00f3rsko, \u0160vaj\u010diarsko, Ve\u013ek\u00e1 Brit\u00e1nia a Severn\u00e9 \u00cdrsko<\/strong><span>\u00a0<\/span>potrebn\u00e9.<\/p>\n<div>\n<p><strong>\u010clensk\u00e9 \u0161t\u00e1ty E\u00da s\u00fa aktu\u00e1lne:<\/strong><\/p>\n<p>Belgicko, Bulharsko, Cyprus, \u010cesk\u00e1 republika, D\u00e1nsko, Est\u00f3nsko, F\u00ednsko, Franc\u00fazsko, Gr\u00e9cko, Holandsko, Chorv\u00e1tsko, \u00cdrsko, Litva, Loty\u0161sko, Luxembursko, Ma\u010farsko, Malta, Nemecko, Po\u013esko, Portugalsko, Rak\u00fasko, Rumunsko, Slovensko, Slovinsko, \u0160panielsko, \u0160v\u00e9dsko, Taliansko.<\/p>\n<p>D\u013a\u017eka pobytu v zahrani\u010d\u00ed je irelevantn\u00e1. Dokonca aj pri\u00a0<strong>kr\u00e1tke slu\u017eobn\u00e9 cesty do in\u00fdch kraj\u00edn E\u00da.<\/strong>\u00a0je povinnos\u0165 ma\u0165 pri sebe osved\u010denie A1. V pr\u00edpade kr\u00e1tkodob\u00fdch slu\u017eobn\u00fdch ciest do zahrani\u010dia alebo kr\u00e1tkodob\u00fdch aktiv\u00edt v zahrani\u010d\u00ed v trvan\u00ed do jedn\u00e9ho t\u00fd\u017ed\u0148a je vo v\u0161eobecnosti povolen\u00e9 predlo\u017ei\u0165 osved\u010denie A1 nesk\u00f4r. Odpor\u00fa\u010da sa v\u0161ak, aby sa v t\u00fdchto pr\u00edpadoch o osved\u010denie po\u017eiadalo aspo\u0148 pred vyslan\u00edm.<\/p>\n<\/div>\n<h2>Kde je potrebn\u00e9 po\u017eiada\u0165 o osved\u010denie A1?<\/h2>\n<p>Spolo\u010dnosti v Nemecku, ktor\u00e9 vysielaj\u00fa zamestnanca do zahrani\u010dia, musia predlo\u017ei\u0165 osved\u010denie A1<span>\u00a0<\/span><strong>Elektronick\u00e1 prihl\u00e1\u0161ka na zdravotn\u00e9 poistenie pre pr\u00edslu\u0161n\u00e9ho zamestnanca<\/strong>. V pr\u00edpade zamestnancov so s\u00fakromn\u00fdm zdravotn\u00fdm poisten\u00edm sa \u017eiados\u0165 mus\u00ed predlo\u017ei\u0165 pr\u00edslu\u0161n\u00e9mu fondu d\u00f4chodkov\u00e9ho poistenia. Ak je zamestnanec poisten\u00fd aj v zamestnaneckom d\u00f4chodkovom syst\u00e9me, \u017eiados\u0165 sa mus\u00ed predlo\u017ei\u0165 Arbeitsgemeinschaft berufsst\u00e4ndischer Versorgungseinrichtungen (ABV).<\/p>\n<div><strong>Tip:<\/strong><span>\u00a0<\/span>Vytla\u010dte elektronicky zaslan\u00fd certifik\u00e1t A1 a odovzdajte ho zamestnancovi alebo mu ho poskytnite v digit\u00e1lnej podobe. D\u00f4le\u017eit\u00e9 je, aby bolo mo\u017en\u00e9 osved\u010denie na po\u017eiadanie predlo\u017ei\u0165 na mieste.<\/div>\n<h2>Trval\u00e9 osved\u010denie sa vyd\u00e1va v ur\u010dit\u00fdch pr\u00edpadoch<\/h2>\n<p>Zjednodu\u0161en\u00e1 \u00faprava sa vz\u0165ahuje na zamestnancov, ktor\u00ed<span>\u00a0<\/span><strong>pravidelne v r\u00f4znych krajin\u00e1ch E\u00da<\/strong><span>\u00a0<\/span>s\u00fa zamestnan\u00ed - tzv. viacn\u00e1sobne z\u00e1robkovo \u010dinn\u00e9 osoby. Pre tieto osoby sa vyd\u00e1va osved\u010denie A1<span>\u00a0<\/span><strong>na obdobie do piatich rokov<\/strong><span>\u00a0<\/span>mo\u017eno vyda\u0165 pre v\u0161etky \u010dlensk\u00e9 \u0161t\u00e1ty E\u00da, v ktor\u00fdch sa zvy\u010dajne vykon\u00e1va z\u00e1robkov\u00e1 \u010dinnos\u0165. Toto nariadenie mo\u017eno pou\u017ei\u0165 napr\u00edklad pre vodi\u010dov dia\u013ekov\u00fdch n\u00e1kladn\u00fdch vozidiel, ktor\u00ed pravidelne cestuj\u00fa do in\u00fdch kraj\u00edn E\u00da.<\/p>\n<p>Von einer \u201egew\u00f6hnlichen\" T\u00e4tigkeit in einem anderen EU-Mitgliedsstaat ist immer dann auszugehen, wenn die T\u00e4tigkeit mindestens an einem Tag pro Monat oder mindestens an f\u00fcnf Tagen pro Quartal dort ausge\u00fcbt wird.<\/p>\n<p>V Nemecku je potrebn\u00e9 po\u017eiada\u0165 o tak\u00e9to trval\u00e9 potvrdenie N\u00e1rodn\u00fd zv\u00e4z z\u00e1konn\u00fdch zdravotn\u00fdch pois\u0165ovn\u00ed (GKV-Spitzenverband). Za tak\u00e9to \u017eiadosti zodpoved\u00e1 Nemeck\u00e9 sty\u010dn\u00e9 centrum pre zdravotn\u00e9 poistenie v zahrani\u010d\u00ed (DVKA).<\/p>\n<h2>Vy\u017eaduje sa osved\u010denie A1 aj pre tranzitn\u00fa krajinu?<\/h2>\n<p>To, \u010di sa osved\u010denie A1 vy\u017eaduje aj pre tranzitn\u00fa krajinu, z\u00e1vis\u00ed od toho, \u010di zamestnanec pracuje v tranzitnej krajine alebo nie:<\/p>\n<p><strong>Pr\u00edklad 1:<\/strong><span>\u00a0<\/span>Ak mont\u00e1\u017eny pracovn\u00edk cestuje z Nemecka cez Rak\u00fasko na Slovensko, aby tam vykonal pr\u00e1cu, potrebuje osved\u010denie A1 pre Slovensko, ale nie pre Rak\u00fasko - preto\u017ee cez Slovensko iba cestuje, a nie tam pracuje.<\/p>\n<p><strong>Pr\u00edklad 2:<\/strong><span>\u00a0<\/span>Vodi\u010d n\u00e1kladn\u00e9ho auta prepravuje tovar z Nemecka cez Franc\u00fazsko do \u0160panielska. V tomto pr\u00edpade zamestnanec potrebuje osved\u010denie A1 nielen pre \u0160panielsko, ale minim\u00e1lne aj pre Franc\u00fazsko - preto\u017ee svoju \u010dinnos\u0165 (prepravu tovaru) vykon\u00e1va aj vo Franc\u00fazsku.<\/p>\n<h2>Ak\u00e9 s\u00fa d\u00f4sledky nesplnenia certifika\u010dnej povinnosti?<\/h2>\n<p>Ka\u017ed\u00fd, kto po\u010das kontroly nem\u00f4\u017ee predlo\u017ei\u0165 osved\u010denie A1, riskuje, \u017ee bude v pr\u00edslu\u0161nej krajine potrestan\u00fd.<span>\u00a0<\/span><strong>do priestorov spolo\u010dnosti, na stavenisko at\u010f. nie je povolen\u00fd \u017eiadny vstup.<\/strong>. Okrem toho, ak pri sebe nebudete ma\u0165 osved\u010denie A1, m\u00f4\u017ee to ma\u0165 za n\u00e1sledok<span>\u00a0<\/span><strong>ulo\u017een\u00e1 pokuta<\/strong>.<\/p>\n<table>\n<tbody>\n<tr>\n<th>Situ\u00e1cia<\/th>\n<th>D\u00f4sledky<\/th>\n<\/tr>\n<tr>\n<td>Certifik\u00e1t A1 po\u010das kontroly ch\u00fdbal<\/td>\n<td>Z\u00e1kaz vstupu do priestorov spolo\u010dnosti alebo na stavenisko<\/td>\n<\/tr>\n<tr>\n<td>Poru\u0161enie povinnosti nosi\u0165<\/td>\n<td>Mo\u017en\u00e1 pokuta<\/td>\n<\/tr>\n<tr>\n<td>Dvojit\u00e1 povinnos\u0165 soci\u00e1lneho zabezpe\u010denia bez A1<\/td>\n<td>Sp\u00e4tn\u00e9 platby v oboch krajin\u00e1ch<\/td>\n<\/tr>\n<\/tbody>\n<\/table>\n<div><strong>Spolo\u010dnos\u0165 Global Business Recruiting takto sprac\u00fava certifik\u00e1t A1:<\/strong><span>\u00a0<\/span>V\u017edy, ke\u010f s\u00fa subdod\u00e1vatelia vyslan\u00ed z Po\u013eska, Slovenska, \u010ceskej republiky, Rumunska alebo Ma\u010farska, spolo\u010dnos\u0165 Global Business Recruiting zabezpe\u010d\u00ed, aby boli v\u0161etky potrebn\u00e9 certifik\u00e1ty A1 k dispoz\u00edcii e\u0161te pred pr\u00edchodom kvalifikovanej pracovnej sily na stavbu. Je to s\u00fa\u010das\u0165 na\u0161ich kompletn\u00fdch slu\u017eieb - nemus\u00edte sa o ni\u010d stara\u0165.<span>\u00a0<\/span><a href=\"https:\/\/global-business-recruiting.de\/sk\/dopyt\/\">Sp\u00fdtajte sa teraz<\/a><\/div>\n<h2>Certifik\u00e1t A1 pre subdod\u00e1vate\u013eov z kraj\u00edn E\u00da<\/h2>\n<p>Ak va\u0161a spolo\u010dnos\u0165 s\u00eddli v \u010dlenskom \u0161t\u00e1te E\u00da, plat\u00ed neobmedzen\u00e1 sloboda poskytovania slu\u017eieb. V Nemecku m\u00f4\u017eete do\u010dasne p\u00f4sobi\u0165 bez pobo\u010dky a m\u00f4\u017eete vysiela\u0165 zamestnancov do Nemecka - osved\u010denie A1 je povinn\u00e9 pre ka\u017ed\u00e9ho vyslan\u00e9ho zamestnanca.<\/p>\n<h2>Zahrani\u010dn\u00ed subdod\u00e1vatelia z tret\u00edch kraj\u00edn<\/h2>\n<p>Zamestnanci z kraj\u00edn mimo E\u00da alebo Eur\u00f3pskeho hospod\u00e1rskeho priestoru m\u00f4\u017eu by\u0165 do\u010dasne vyslan\u00ed do Nemecka. Na to musia by\u0165 riadne zamestnan\u00ed vo svojej domovskej krajine a mus\u00ed existova\u0165 dohoda o pracovnej zmluve medzi Nemeckom a ich domovskou krajinou. Na vstup a pobyt sa zvy\u010dajne vy\u017eaduje \u0161peci\u00e1lne v\u00edzum naz\u00fdvan\u00e9 Vander-Elstovo v\u00edzum - \u017eiados\u0165 sa pod\u00e1va na nemeckom diplomatickom zast\u00fapen\u00ed v zahrani\u010d\u00ed. N\u00e1sledne m\u00f4\u017ee by\u0165 vydan\u00e9 pracovn\u00e9 povolenie.<\/p>\n<p>Nie je mo\u017en\u00e9 zamestn\u00e1va\u0165 zahrani\u010dn\u00fdch subdod\u00e1vate\u013eov z tret\u00edch kraj\u00edn, ktor\u00ed nemaj\u00fa s Nemeckom uzavret\u00fa zmluvu o dielo a pracovn\u00fa zmluvu. V s\u00fa\u010dasnosti existuj\u00fa dohody o pracovnej zmluve s Nemeckom v t\u00fdchto krajin\u00e1ch:<span>\u00a0<\/span><strong>Bosna a Hercegovina, Maced\u00f3nsko, Srbsko, Turecko.<\/strong><\/p>\n<p>\u010co by ste mali vedie\u0165: Existuj\u00fa kv\u00f3ty na vyu\u017e\u00edvanie doh\u00f4d o vykonan\u00ed pr\u00e1ce. Ide o pevne stanoven\u00e9 maxim\u00e1lne po\u010dty, ktor\u00e9 vych\u00e1dzaj\u00fa z po\u017eiadaviek nemeck\u00e9ho trhu pr\u00e1ce. Je d\u00f4le\u017eit\u00e9 si uvedomi\u0165, \u017ee za vykon\u00e1vanie v\u0161etk\u00fdch medzivl\u00e1dnych doh\u00f4d o pracovnej \u010dinnosti je zodpovedn\u00fd \u00farad pr\u00e1ce v Stuttgarte.<\/p>\n<h2>Ako m\u00f4\u017eu by\u0165 zamestnanci nasaden\u00ed na z\u00e1klade dohody o vykonan\u00ed pr\u00e1ce a pracovnej \u010dinnosti?<\/h2>\n<p>Ak vyu\u017e\u00edvate subdod\u00e1vate\u013ea, budete potrebova\u0165<span>\u00a0<\/span><a href=\"https:\/\/global-business-recruiting.de\/sk\/poznat\/zmluva-o-poskytovani-sluzieb-vs-zmluva-o-dielo\/\">Zmluva o dielo<\/a><span>\u00a0<\/span>v s\u00falade s \u00a7\u00a7 631 BGB a nasl. V tomto pr\u00edpade subdod\u00e1vate\u013e poskytuje svoje slu\u017eby vo forme \u017eivnosti - a t\u00e1to \u017eivnos\u0165 je mu pridelen\u00e1 na samostatn\u00e9 vykon\u00e1vanie.<\/p>\n<p>Je d\u00f4le\u017eit\u00e9, aby bola zmluva o dielo spracovan\u00e1 form\u00e1lne spr\u00e1vne. Predov\u0161etk\u00fdm majte na pam\u00e4ti podnikate\u013esk\u00e9 riziko, ktor\u00e9 nesie subdod\u00e1vate\u013e. Je potrebn\u00e9 spomen\u00fa\u0165 aj z\u00e1ruku a odmenu viazan\u00fa na v\u00fdsledok. Okrem toho je potrebn\u00e9 poda\u0165 ozn\u00e1menie aj miestnej remeseln\u00edckej komore - to je potrebn\u00e9 urobi\u0165 vopred a n\u00e1jdete ho v pr\u00edlohe A k remeseln\u00e9mu z\u00e1konn\u00edku. Je to d\u00f4le\u017eit\u00e9 pri do\u010dasnom vykon\u00e1van\u00ed remeselnej \u017eivnosti, na ktor\u00fa sa vy\u017eaduje koncesia, a tie\u017e pri remeselnej \u017eivnosti, na ktor\u00fa sa nevy\u017eaduje koncesia.<\/p>\n<p>Mus\u00edte tie\u017e dodr\u017eiava\u0165 z\u00e1kon o vyslan\u00fdch pracovn\u00edkoch. Ten stanovuje minim\u00e1lne pracovn\u00e9 podmienky pre ur\u010dit\u00e9 odvetvia pre vyslan\u00fdch zamestnancov, ktor\u00ed pravidelne zamestn\u00e1vaj\u00fa pracovn\u00edkov v Nemecku. Ako zamestn\u00e1vate\u013e ste povinn\u00fd vies\u0165 \u010dasov\u00e9 v\u00fdkazy a dokumenty v nemeckom jazyku - to pom\u00e1ha pri finan\u010dnej kontrole neleg\u00e1lneho zamestn\u00e1vania.<\/p>\n<h2>Ak\u00e9 v\u00edzov\u00e9 po\u017eiadavky platia?<\/h2>\n<p>Pre v\u0161etk\u00fdch zamestnancov, ktor\u00ed nie s\u00fa nemeck\u00fdmi ob\u010danmi, plat\u00ed v\u00edzov\u00e1 povinnos\u0165. M\u00f4\u017eete po\u017eiada\u0165 o<span>\u00a0<\/span><strong>Schengensk\u00e9 v\u00edza<\/strong><span>\u00a0<\/span>pre v\u0161etk\u00fdch signat\u00e1rov Schengenskej dohody. S t\u00fdmto v\u00edzom sa m\u00f4\u017ee zamestnanec zdr\u017eiava\u0165 v Nemecku maxim\u00e1lne tri mesiace ka\u017ed\u00fdch \u0161es\u0165 mesiacov po\u010das doby platnosti.<\/p>\n<p>Okrem toho pod\u013ea rozsudku S\u00fadneho dvora E\u00da existuje aj<span>\u00a0<\/span><strong>V\u00edzum Vander-Elst<\/strong>. Toto v\u00edzum m\u00f4\u017eete pou\u017ei\u0165 aj na zamestn\u00e1vanie zamestnancov z tret\u00edch kraj\u00edn bez oh\u013eadu na ich \u0161t\u00e1tnu pr\u00edslu\u0161nos\u0165. Potrebujete len platn\u00e9 povolenie na pobyt. Nezabudnite sa tie\u017e zaregistrova\u0165 na nemeckom colnom \u00farade, \u010do sa pri niektor\u00fdch \u010dinnostiach vy\u017eaduje. O soci\u00e1lne zabezpe\u010denie sa nemus\u00edte stara\u0165 a\u017e do doby vyslania 24 mesiacov - po\u010das tohto obdobia na\u010falej existuje v krajine vyslania.<\/p>\n<h2>\u010casto kladen\u00e9 ot\u00e1zky o certifik\u00e1te A1<\/h2>\n<\/div><\/div><div class=\"w-separator size_small\"><\/div><div class=\"w-tabs style_default switch_click accordion type_togglable has_scrolling\" style=\"--sections-title-size:inherit\"><div class=\"w-tabs-sections titles-align_none icon_chevron cpos_right\"><div class=\"w-tabs-section\" id=\"a087\" itemscope itemprop=\"mainEntity\" itemtype=\"https:\/\/schema.org\/Question\"><button class=\"w-tabs-section-header\" aria-controls=\"content-a087\" aria-expanded=\"false\"><div class=\"w-tabs-section-title\" itemprop=\"name\">Potrebuj\u00fa osved\u010denie A1 aj samostatne z\u00e1robkovo \u010dinn\u00ed subdod\u00e1vatelia z E\u00da?<\/div><div class=\"w-tabs-section-control\"><\/div><\/button><div  class=\"w-tabs-section-content\" id=\"content-a087\" itemscope itemprop=\"acceptedAnswer\" itemtype=\"https:\/\/schema.org\/Answer\"><div class=\"w-tabs-section-content-h i-cf\" itemprop=\"text\"><div class=\"wpb_text_column\"><div class=\"wpb_wrapper\"><p>\u00c1no - po\u017eiadavka na osved\u010denie A1 sa vz\u0165ahuje na vyslan\u00fdch pracovn\u00edkov aj na samostatne z\u00e1robkovo \u010dinn\u00fdch subdod\u00e1vate\u013eov, ktor\u00ed do\u010dasne pracuj\u00fa v inej krajine E\u00da. Potvrdenie potvrdzuje, do ktor\u00e9ho syst\u00e9mu soci\u00e1lneho zabezpe\u010denia dan\u00e1 osoba patr\u00ed - bez oh\u013eadu na jej zamestnaneck\u00fd status.<\/p>\n<\/div><\/div><\/div><\/div><\/div><div class=\"w-tabs-section\" id=\"s197\" itemscope itemprop=\"mainEntity\" itemtype=\"https:\/\/schema.org\/Question\"><button class=\"w-tabs-section-header\" aria-controls=\"content-s197\" aria-expanded=\"false\"><div class=\"w-tabs-section-title\" itemprop=\"name\">\u010co sa stane, ak po\u010das kontroly ch\u00fdba certifik\u00e1t A1?<\/div><div class=\"w-tabs-section-control\"><\/div><\/button><div  class=\"w-tabs-section-content\" id=\"content-s197\" itemscope itemprop=\"acceptedAnswer\" itemtype=\"https:\/\/schema.org\/Answer\"><div class=\"w-tabs-section-content-h i-cf\" itemprop=\"text\"><div class=\"wpb_text_column\"><div class=\"wpb_wrapper\"><p>Ak sa kontrola vykon\u00e1 bez osved\u010denia A1, hroz\u00ed, \u017ee zamestnancovi alebo subdod\u00e1vate\u013eovi bude odopret\u00fd pr\u00edstup do priestorov spolo\u010dnosti alebo na stavenisko. Okrem toho m\u00f4\u017ee by\u0165 ulo\u017een\u00e1 pokuta. V niektor\u00fdch krajin\u00e1ch E\u00da - napr\u00edklad vo Franc\u00fazsku, Belgicku alebo Rak\u00fasku - sa t\u00e1to povinnos\u0165 kontroluje obzvl\u00e1\u0161\u0165 pr\u00edsne a pokuty s\u00fa zna\u010dn\u00e9.<\/p>\n<\/div><\/div><\/div><\/div><\/div><div class=\"w-tabs-section\" id=\"m285\" itemscope itemprop=\"mainEntity\" itemtype=\"https:\/\/schema.org\/Question\"><button class=\"w-tabs-section-header\" aria-controls=\"content-m285\" aria-expanded=\"false\"><div class=\"w-tabs-section-title\" itemprop=\"name\">Ako dlho trv\u00e1 podanie \u017eiadosti o certifik\u00e1t A1?<\/div><div class=\"w-tabs-section-control\"><\/div><\/button><div  class=\"w-tabs-section-content\" id=\"content-m285\" itemscope itemprop=\"acceptedAnswer\" itemtype=\"https:\/\/schema.org\/Answer\"><div class=\"w-tabs-section-content-h i-cf\" itemprop=\"text\"><div class=\"wpb_text_column\"><div class=\"wpb_wrapper\"><p>O potvrdenie A1 sa spravidla \u017eiada elektronicky na zdravotnej pois\u0165ovni a vyd\u00e1va sa v priebehu nieko\u013ek\u00fdch dn\u00ed. Za dlhodob\u00e9 potvrdenia pre osoby vo viacer\u00fdch zamestnaniach (do 5 rokov) zodpoved\u00e1 GKV-Spitzenverband - v tomto pr\u00edpade m\u00f4\u017ee spracovanie trva\u0165 o nie\u010do dlh\u0161ie. Spolo\u010dnos\u0165 Global Business Recruiting sa v r\u00e1mci svojich komplexn\u00fdch slu\u017eieb postar\u00e1 o v\u010dasn\u00e9 podanie \u017eiadosti pred ka\u017ed\u00fdm pridelen\u00edm.<\/p>\n<\/div><\/div><\/div><\/div><\/div><div class=\"w-tabs-section\" id=\"u355\" itemscope itemprop=\"mainEntity\" itemtype=\"https:\/\/schema.org\/Question\"><button class=\"w-tabs-section-header\" aria-controls=\"content-u355\" aria-expanded=\"false\"><div class=\"w-tabs-section-title\" itemprop=\"name\">Plat\u00ed certifik\u00e1t A1 aj na kr\u00e1tke slu\u017eobn\u00e9 cesty?<\/div><div class=\"w-tabs-section-control\"><\/div><\/button><div  class=\"w-tabs-section-content\" id=\"content-u355\" itemscope itemprop=\"acceptedAnswer\" itemtype=\"https:\/\/schema.org\/Answer\"><div class=\"w-tabs-section-content-h i-cf\" itemprop=\"text\"><div class=\"wpb_text_column\"><div class=\"wpb_wrapper\"><p>\u00c1no - aj pri kr\u00e1tkych slu\u017eobn\u00fdch cest\u00e1ch do in\u00fdch kraj\u00edn E\u00da je potrebn\u00e9 ma\u0165 pri sebe osved\u010denie A1. Pri ve\u013emi kr\u00e1tkej ceste (do jedn\u00e9ho t\u00fd\u017ed\u0148a) je vo v\u0161eobecnosti povolen\u00e9 predlo\u017ei\u0165 osved\u010denie nesk\u00f4r - odpor\u00fa\u010da sa v\u0161ak po\u017eiada\u0165 o\u0148 pred vyslan\u00edm.<\/p>\n<\/div><\/div><\/div><\/div><\/div><div class=\"w-tabs-section\" id=\"j426\" itemscope itemprop=\"mainEntity\" itemtype=\"https:\/\/schema.org\/Question\"><button class=\"w-tabs-section-header\" aria-controls=\"content-j426\" aria-expanded=\"false\"><div class=\"w-tabs-section-title\" itemprop=\"name\">M\u00f4\u017eu sa v Nemecku zamestna\u0165 subdod\u00e1vatelia z Turecka alebo Srbska?<\/div><div class=\"w-tabs-section-control\"><\/div><\/button><div  class=\"w-tabs-section-content\" id=\"content-j426\" itemscope itemprop=\"acceptedAnswer\" itemtype=\"https:\/\/schema.org\/Answer\"><div class=\"w-tabs-section-content-h i-cf\" itemprop=\"text\"><div class=\"wpb_text_column\"><div class=\"wpb_wrapper\"><p>\u00c1no - Nemecko uzavrelo dohody o pracovn\u00fdch zmluv\u00e1ch s niektor\u00fdmi tret\u00edmi krajinami: v s\u00fa\u010dasnosti s Bosnou a Hercegovinou, Maced\u00f3nskom, Srbskom a Tureckom. Uplat\u0148uj\u00fa sa kv\u00f3ty (maxim\u00e1lne po\u010dty) a za ich dodr\u017eiavanie zodpoved\u00e1 \u00farad pr\u00e1ce v Stuttgarte. Na vstup sa zvy\u010dajne vy\u017eaduje Vander-Elstovo v\u00edzum.<\/p>\n<\/div><\/div><\/div><\/div><\/div><\/div><\/div><div class=\"w-separator size_small\"><\/div><div class=\"wpb_text_column\"><div class=\"wpb_wrapper\"><article>\n<h2>S\u00favisiace \u010dl\u00e1nky<\/h2>\n<ul>\n<li><a href=\"https:\/\/global-business-recruiting.de\/sk\/poznat\/vyhybanie-sa-fiktivnemu-zamestnaniu\/\">Predch\u00e1dzanie fikt\u00edvnej samostatnej z\u00e1robkovej \u010dinnosti - kontroln\u00fd zoznam pre klientov<\/a><\/li>\n<li><a href=\"https:\/\/global-business-recruiting.de\/sk\/poznat\/prenajom-pracovnej-sily-vs-subdodavky\/\">Do\u010dasn\u00e9 zamestn\u00e1vanie vs. subdod\u00e1vky - rozdiely<\/a><\/li>\n<li><a href=\"https:\/\/global-business-recruiting.de\/sk\/poznat\/generalny-dodavatel-subdodavatel\/\">Gener\u00e1lny dod\u00e1vate\u013e vs. subdod\u00e1vate\u013e<\/a><\/li>\n<li><a href=\"https:\/\/global-business-recruiting.de\/sk\/krajiny\/polsko\/\">Subdod\u00e1vatelia z Po\u013eska - vyslanie<\/a><\/li>\n<li><a href=\"https:\/\/global-business-recruiting.de\/sk\/krajiny\/slovensko\/\">Subdod\u00e1vatelia zo Slovenska - vyslanie<\/a><\/li>\n<li><a href=\"https:\/\/global-business-recruiting.de\/sk\/krajiny\/ceska-republika\/\">Subdod\u00e1vatelia z \u010ceskej republiky - vyslanie<\/a><\/li>\n<li><a href=\"https:\/\/global-business-recruiting.de\/sk\/krajiny\/rumunsko\/\">Subdod\u00e1vatelia z Rumunska - vyslanie<\/a><\/li>\n<li><a href=\"https:\/\/global-business-recruiting.de\/sk\/krajiny\/madarsko\/\">Subdod\u00e1vatelia z Ma\u010farska - vyslanie<\/a><\/li>\n<\/ul>\n<\/article>\n<div><\/div>\n<\/div><\/div><\/div><\/div><\/div><\/div><\/section>","protected":false},"excerpt":{"rendered":"Die sogenannte A1-Bescheinigung ist ein wichtiges Dokument, wenn Arbeitnehmer f\u00fcr eine T\u00e4tigkeit ins EU-Ausland entsendet werden. Hier erfahren Sie N\u00e4heres, wozu die A1-Bescheinigung dient, wer sie ben\u00f6tigt, f\u00fcr welche L\u00e4nder sie gilt und wo die Bescheinigung beantragt werden muss. F\u00fcr Arbeitnehmer gelten grunds\u00e4tzlich die sozialversicherungsrechtlichen Vorschriften des Staates, in dem sie besch\u00e4ftigt sind. Doch wie...","protected":false},"author":1,"featured_media":10528,"parent":9347,"menu_order":0,"comment_status":"closed","ping_status":"closed","template":"","meta":{"_acf_changed":false,"footnotes":""},"class_list":["post-9448","page","type-page","status-publish","has-post-thumbnail","hentry"],"acf":[],"_links":{"self":[{"href":"https:\/\/global-business-recruiting.de\/sk\/wp-json\/wp\/v2\/pages\/9448","targetHints":{"allow":["GET"]}}],"collection":[{"href":"https:\/\/global-business-recruiting.de\/sk\/wp-json\/wp\/v2\/pages"}],"about":[{"href":"https:\/\/global-business-recruiting.de\/sk\/wp-json\/wp\/v2\/types\/page"}],"author":[{"embeddable":true,"href":"https:\/\/global-business-recruiting.de\/sk\/wp-json\/wp\/v2\/users\/1"}],"replies":[{"embeddable":true,"href":"https:\/\/global-business-recruiting.de\/sk\/wp-json\/wp\/v2\/comments?post=9448"}],"version-history":[{"count":11,"href":"https:\/\/global-business-recruiting.de\/sk\/wp-json\/wp\/v2\/pages\/9448\/revisions"}],"predecessor-version":[{"id":11137,"href":"https:\/\/global-business-recruiting.de\/sk\/wp-json\/wp\/v2\/pages\/9448\/revisions\/11137"}],"up":[{"embeddable":true,"href":"https:\/\/global-business-recruiting.de\/sk\/wp-json\/wp\/v2\/pages\/9347"}],"wp:featuredmedia":[{"embeddable":true,"href":"https:\/\/global-business-recruiting.de\/sk\/wp-json\/wp\/v2\/media\/10528"}],"wp:attachment":[{"href":"https:\/\/global-business-recruiting.de\/sk\/wp-json\/wp\/v2\/media?parent=9448"}],"curies":[{"name":"wp","href":"https:\/\/api.w.org\/{rel}","templated":true}]}}