{"id":9457,"date":"2026-02-20T05:30:05","date_gmt":"2026-02-20T05:30:05","guid":{"rendered":"https:\/\/global-business-recruiting.de\/?page_id=9457"},"modified":"2026-04-15T10:35:33","modified_gmt":"2026-04-15T10:35:33","slug":"kontakt","status":"publish","type":"page","link":"https:\/\/global-business-recruiting.de\/sk\/kontakt\/","title":{"rendered":"Kontaktujte n\u00e1s"},"content":{"rendered":"<section class=\"l-section wpb_row gbr-row-hero height_custom\"><div class=\"l-section-h i-cf\"><div class=\"g-cols vc_row via_grid cols_1 laptops-cols_inherit tablets-cols_inherit mobiles-cols_1 valign_top type_default stacking_default\"><div class=\"wpb_column vc_column_container one-column-layout\"><div class=\"vc_column-inner\"><h1 class=\"w-text us_custom_e4a425b8 has_text_color\"><span class=\"w-text-h\"><span class=\"w-text-value\">Kontakt<\/span><\/span><\/h1><div class=\"wpb_text_column us_custom_383c0934 has_text_color\"><div class=\"wpb_wrapper\"><p>Sie haben Fragen zu unseren Leistungen, m\u00f6chten mehr \u00fcber die Vermittlung von Subunternehmern erfahren oder suchen einen direkten Ansprechpartner? Wir sind f\u00fcr Sie da \u2013 telefonisch, per E-Mail oder \u00fcber das Kontaktformular.<\/p>\n<p>F\u00fcr eine konkrete Anfrage mit Angaben zu Beruf, Branche und Einsatzort nutzen Sie bitte direkt unser<span>\u00a0<\/span><a href=\"https:\/\/global-business-recruiting.de\/anfrage\/\"><strong>Anfrageformular<\/strong><\/a><span>\u00a0<\/span>\u2013 dort erhalten Sie innerhalb von 12 Stunden ein unverbindliches Angebot.<\/p>\n<\/div><\/div><\/div><\/div><\/div><\/div><\/section><section class=\"l-section wpb_row inner-container height_custom color_alternate\"><div class=\"l-section-h i-cf\"><div class=\"g-cols vc_row via_grid cols_1 laptops-cols_inherit tablets-cols_inherit mobiles-cols_1 valign_top type_default stacking_default\"><div class=\"wpb_column vc_column_container\"><div class=\"vc_column-inner\"><div class=\"g-cols wpb_row via_grid cols_2 laptops-cols_inherit tablets-cols_inherit mobiles-cols_1 valign_top type_default stacking_default\" style=\"--columns-gap:3rem;\"><div class=\"wpb_column vc_column_container\"><div class=\"vc_column-inner\"><div class=\"wpb_text_column\"><div class=\"wpb_wrapper\"><p>Telefon<br \/>\n<a href=\"tel:00491727477707\">+49 172 747 7707<\/a><br \/>\nMo\u2013Sa: 8:00 \u2013 18:00 Uhr<\/p>\n<\/div><\/div><\/div><\/div><div class=\"wpb_column vc_column_container\"><div class=\"vc_column-inner\"><div class=\"wpb_text_column\"><div class=\"wpb_wrapper\"><p>E-Mail<br \/>\n<a href=\"mailto:info@global-business-recruiting.de\">info@global-business-recruiting.de<\/a><br \/>\nAntwort innerhalb von 12 Stunden<\/p>\n<\/div><\/div><\/div><\/div><\/div><\/div><\/div><\/div><\/div><\/section><section class=\"l-section wpb_row height_custom\"><div class=\"l-section-h i-cf\"><div class=\"g-cols vc_row via_grid cols_1 laptops-cols_inherit tablets-cols_inherit mobiles-cols_1 valign_top type_default stacking_default\"><div class=\"wpb_column vc_column_container\"><div class=\"vc_column-inner\"><h2 class=\"w-text us_custom_eb849559\"><span class=\"w-text-h\"><span class=\"w-text-value\">Kontaktformular<\/span><\/span><\/h2><div class=\"w-separator size_small\"><\/div><div class=\"w-tabs us_custom_2e9da019 style_default switch_click accordion has_scrolling remove_indents\" style=\"--sections-title-size:inherit\"><div class=\"w-tabs-sections titles-align_none icon_chevron cpos_right\"><div class=\"w-tabs-section\" id=\"ab24\"><button class=\"w-tabs-section-header\" aria-controls=\"content-ab24\" aria-expanded=\"false\"><div class=\"w-tabs-section-title\">Ich suche Personal (F\u00fcr Unternehmen)<\/div><div class=\"w-tabs-section-control\"><\/div><\/button><div  class=\"w-tabs-section-content\" id=\"content-ab24\"><div class=\"w-tabs-section-content-h i-cf\"><div class=\"wpb_text_column us_custom_eb849559\"><div class=\"wpb_wrapper\"><p>F\u00fcr allgemeine Fragen und Anliegen \u2013 kurze Nachricht gen\u00fcgt:<\/p>\n<div><\/div>\n<\/div><\/div><div class=\"w-separator size_small\"><\/div><div class=\"wpb_text_column us_custom_2e9da019\"><div class=\"wpb_wrapper\"><p><span><div class=\"wpforms-container wpforms-render-modern\" id=\"wpforms-10557\"><form id=\"wpforms-form-10557\" class=\"wpforms-validate wpforms-form wpforms-ajax-form\" data-formid=\"10557\" method=\"post\" enctype=\"multipart\/form-data\" action=\"\/sk\/wp-json\/wp\/v2\/pages\/9457\" data-token=\"eec8a48e58cdfef231d0ef1ecf45296f\" data-token-time=\"1776363645\"><noscript class=\"wpforms-error-noscript\">Please enable JavaScript in your browser to complete this form.<\/noscript><div id=\"wpforms-error-noscript\" style=\"display: none;\">Please enable JavaScript in your browser to complete this form.<\/div><div class=\"wpforms-field-container\"><div id=\"wpforms-10557-field_4-container\" class=\"wpforms-field wpforms-field-text\" data-field-id=\"4\"><label class=\"wpforms-field-label\" for=\"wpforms-10557-field_4\">Unternehmen <span class=\"wpforms-required-label\" aria-hidden=\"true\">*<\/span><\/label><input type=\"text\" id=\"wpforms-10557-field_4\" class=\"wpforms-field-large wpforms-field-required\" name=\"wpforms[fields][4]\" aria-errormessage=\"wpforms-10557-field_4-error\" required><\/div><div id=\"wpforms-10557-field_8-container\" class=\"wpforms-field wpforms-field-text\" data-field-id=\"8\"><label class=\"wpforms-field-label\" for=\"wpforms-10557-field_8\">Name, Vorname <span class=\"wpforms-required-label\" aria-hidden=\"true\">*<\/span><\/label><input type=\"text\" id=\"wpforms-10557-field_8\" class=\"wpforms-field-large wpforms-field-required\" name=\"wpforms[fields][8]\" aria-errormessage=\"wpforms-10557-field_8-error\" required><\/div><div id=\"wpforms-10557-field_10-container\" class=\"wpforms-field wpforms-field-text\" data-field-id=\"10\"><label class=\"wpforms-field-label\" for=\"wpforms-10557-field_10\">Vorwahl, Telefonnummer <span class=\"wpforms-required-label\" aria-hidden=\"true\">*<\/span><\/label><input type=\"text\" id=\"wpforms-10557-field_10\" class=\"wpforms-field-medium wpforms-field-required\" name=\"wpforms[fields][10]\" placeholder=\"z.B. +49 13333323435\" aria-errormessage=\"wpforms-10557-field_10-error\" required><\/div><div id=\"wpforms-10557-field_1-container\" class=\"wpforms-field wpforms-field-email\" data-field-id=\"1\"><label class=\"wpforms-field-label\" for=\"wpforms-10557-field_1\">E-Mail <span class=\"wpforms-required-label\" aria-hidden=\"true\">*<\/span><\/label><input type=\"email\" id=\"wpforms-10557-field_1\" class=\"wpforms-field-large wpforms-field-required\" name=\"wpforms[fields][1]\" spellcheck=\"false\" aria-errormessage=\"wpforms-10557-field_1-error\" required><\/div><div id=\"wpforms-10557-field_2-container\" class=\"wpforms-field wpforms-field-textarea\" data-field-id=\"2\"><label class=\"wpforms-field-label\" for=\"wpforms-10557-field_2\">Ihre Nachricht <span class=\"wpforms-required-label\" aria-hidden=\"true\">*<\/span><\/label><textarea id=\"wpforms-10557-field_2\" class=\"wpforms-field-medium wpforms-field-required\" name=\"wpforms[fields][2]\" aria-errormessage=\"wpforms-10557-field_2-error\" required><\/textarea><\/div><\/div><!-- .wpforms-field-container --><div class=\"wpforms-submit-container\" ><input type=\"hidden\" name=\"wpforms[id]\" value=\"10557\"><input type=\"hidden\" name=\"page_title\" value=\"\"><input type=\"hidden\" name=\"page_url\" value=\"https:\/\/global-business-recruiting.de\/sk\/wp-json\/wp\/v2\/pages\/9457\"><input type=\"hidden\" name=\"url_referer\" value=\"\"><button type=\"submit\" name=\"wpforms[submit]\" id=\"wpforms-submit-10557\" class=\"wpforms-submit\" data-alt-text=\"Ihre Nachricht wird gesendet\" data-submit-text=\"Absenden\" aria-live=\"assertive\" value=\"wpforms-submit\">Absenden<\/button><img loading=\"lazy\" decoding=\"async\" src=\"https:\/\/global-business-recruiting.de\/wp-content\/plugins\/wpforms-lite\/assets\/images\/submit-spin.svg\" class=\"wpforms-submit-spinner\" style=\"display: none;\" width=\"26\" height=\"26\" alt=\"Loading\"><\/div><\/form><\/div>  <!-- .wpforms-container --><\/span><\/p>\n<\/div><\/div><div class=\"w-separator size_medium\"><\/div><div class=\"wpb_text_column us_custom_eb849559\"><div class=\"wpb_wrapper\"><p><span>Oder rufen Sie uns direkt an:\u00a0<\/span><strong><a href=\"tel:+491727477707\">+49 172 747 7707<\/a><\/strong><span>\u00a0\u00b7 Mo\u2013Sa: 8\u201318 Uhr<\/span><\/p>\n<\/div><\/div><\/div><\/div><\/div><div class=\"w-tabs-section\" id=\"r20a\"><button class=\"w-tabs-section-header\" aria-controls=\"content-r20a\" aria-expanded=\"false\"><div class=\"w-tabs-section-title\">Ich suche einen Job (F\u00fcr Bewerber)<\/div><div class=\"w-tabs-section-control\"><\/div><\/button><div  class=\"w-tabs-section-content\" id=\"content-r20a\"><div class=\"w-tabs-section-content-h i-cf\"><div class=\"wpb_text_column\"><div class=\"wpb_wrapper\">\n<div class=\"wpcf7 no-js\" id=\"wpcf7-f11800-o1\" lang=\"en-US\" dir=\"ltr\" data-wpcf7-id=\"11800\">\n<div class=\"screen-reader-response\"><p role=\"status\" aria-live=\"polite\" aria-atomic=\"true\"><\/p> <ul><\/ul><\/div>\n<form action=\"\/sk\/wp-json\/wp\/v2\/pages\/9457#wpcf7-f11800-o1\" method=\"post\" class=\"wpcf7-form init\" aria-label=\"Contact form\" enctype=\"multipart\/form-data\" novalidate=\"novalidate\" data-status=\"init\">\n<fieldset class=\"hidden-fields-container\"><input type=\"hidden\" name=\"_wpcf7\" value=\"11800\" \/><input type=\"hidden\" name=\"_wpcf7_version\" value=\"6.1.5\" \/><input type=\"hidden\" name=\"_wpcf7_locale\" value=\"en_US\" \/><input type=\"hidden\" name=\"_wpcf7_unit_tag\" value=\"wpcf7-f11800-o1\" \/><input type=\"hidden\" name=\"_wpcf7_container_post\" value=\"0\" \/><input type=\"hidden\" name=\"_wpcf7_posted_data_hash\" value=\"\" \/>\n<\/fieldset>\n<p><label> Vor- und Nachname<br \/>\n<span class=\"wpcf7-form-control-wrap\" data-name=\"fname\"><input size=\"40\" maxlength=\"400\" class=\"wpcf7-form-control wpcf7-text wpcf7-validates-as-required\" aria-required=\"true\" aria-invalid=\"false\" placeholder=\"z.B. Max Mustermann\" value=\"\" type=\"text\" name=\"fname\" \/><\/span> <\/label>\n<\/p>\n<p><label> E-Mail-Adresse<br \/>\n<span class=\"wpcf7-form-control-wrap\" data-name=\"email\"><input size=\"40\" maxlength=\"400\" class=\"wpcf7-form-control wpcf7-email wpcf7-validates-as-required wpcf7-text wpcf7-validates-as-email\" autocomplete=\"email\" aria-required=\"true\" aria-invalid=\"false\" placeholder=\"name@beispiel.de\" value=\"\" type=\"email\" name=\"email\" \/><\/span> <\/label>\n<\/p>\n<p><label> Telefonnummer<br \/>\n<span class=\"wpcf7-form-control-wrap\" data-name=\"telefonnummer\"><input size=\"40\" maxlength=\"400\" class=\"wpcf7-form-control wpcf7-tel wpcf7-validates-as-required wpcf7-text wpcf7-validates-as-tel\" aria-required=\"true\" aria-invalid=\"false\" placeholder=\"F\u00fcr R\u00fcckfragen\" value=\"\" type=\"tel\" name=\"telefonnummer\" \/><\/span><\/label>\n<\/p>\n<p><label> Ihre Einsatzt\u00e4tigkeit<br \/>\n<span class=\"wpcf7-form-control-wrap\" data-name=\"einsatztatigkeit\"><input size=\"40\" maxlength=\"400\" class=\"wpcf7-form-control wpcf7-text wpcf7-validates-as-required\" aria-required=\"true\" aria-invalid=\"false\" placeholder=\"z.B. Schwei\u00dfer, Elektriker, Logistikhelfer...\" value=\"\" type=\"text\" name=\"einsatztatigkeit\" \/><\/span> <\/label>\n<\/p>\n<p><label> Lebenslauf \/ Dokumente<br \/>\n<span class=\"wpcf7-form-control-wrap\" data-name=\"dokumente\"><input size=\"40\" class=\"wpcf7-form-control wpcf7-file\" accept=\".pdf,.jpg\" aria-invalid=\"false\" type=\"file\" name=\"dokumente\" \/><\/span> <small>Erlaubte Formate: PDF, JPG (max. 5MB)<br \/>\n<\/small><\/label>\n<\/p>\n<p><label> Ihre Nachricht<br \/>\n<span class=\"wpcf7-form-control-wrap\" data-name=\"message\"><textarea cols=\"40\" rows=\"10\" maxlength=\"2000\" class=\"wpcf7-form-control wpcf7-textarea wpcf7-validates-as-required\" aria-required=\"true\" aria-invalid=\"false\" placeholder=\"Erz\u00e4hlen Sie uns kurz von Ihrer Erfahrung...\" name=\"message\"><\/textarea><\/span> <\/label>\n<\/p>\n<p><span class=\"wpcf7-form-control-wrap\" data-name=\"acceptance\"><span class=\"wpcf7-form-control wpcf7-checkbox wpcf7-validates-as-required\"><span class=\"wpcf7-list-item first last\"><label><input type=\"checkbox\" name=\"acceptance[]\" value=\"Ich akzeptiere die Datenschutzerkl\u00e4rung.\" \/><span class=\"wpcf7-list-item-label\">Ich akzeptiere die Datenschutzerkl\u00e4rung.<\/span><\/label><\/span><\/span><\/span>\n<\/p>\n<p><input class=\"wpcf7-form-control wpcf7-submit has-spinner\" type=\"submit\" value=\"Bewerbung absenden\" \/>\n<\/p><div class=\"wpcf7-response-output\" aria-hidden=\"true\"><\/div>\n<\/form>\n<\/div>\n\n<\/div><\/div><\/div><\/div><\/div><\/div><\/div>\n<\/div><\/div><\/div><\/div><\/section><section class=\"l-section wpb_row inner-container height_custom color_alternate\"><div class=\"l-section-h i-cf\"><div class=\"g-cols vc_row via_grid cols_1 laptops-cols_inherit tablets-cols_inherit mobiles-cols_1 valign_top type_default stacking_default\"><div class=\"wpb_column vc_column_container\"><div class=\"vc_column-inner\"><h2 class=\"w-text us_custom_eb849559\"><span class=\"w-text-h\"><span class=\"w-text-value\">Unsere B\u00fcros<\/span><\/span><\/h2><div class=\"wpb_text_column us_custom_eb849559\"><div class=\"wpb_wrapper\"><p>Global Business Recruiting ist mit sieben B\u00fcros international vertreten:<\/p>\n<\/div><\/div><div class=\"w-separator size_small\"><\/div><div class=\"w-html\"><div class=\"gbr-bueros-grid\">\n\n      <div class=\"gbr-buero-card\">\n        <div class=\"gbr-buero-flag\">\ud83c\uddf8\ud83c\uddf0<\/div>\n        <div class=\"gbr-buero-hq\">Hauptsitz<\/div>\n        <div class=\"gbr-buero-land\">Slowakei<\/div>\n        <div class=\"gbr-buero-addr\">\u010cerny\u0161evsk\u00e9ho 10<br>851 01 Bratislava<\/div>\n      <\/div>\n\n      <div class=\"gbr-buero-card\">\n        <div class=\"gbr-buero-flag\">\ud83c\udde9\ud83c\uddea<\/div>\n        <div class=\"gbr-buero-land\">Deutschland<\/div>\n        <div class=\"gbr-buero-addr\">Neuneralmweg 11<br>82491 Grainau<\/div>\n      <\/div>\n\n      <div class=\"gbr-buero-card\">\n        <div class=\"gbr-buero-flag\">\ud83c\udde8\ud83c\uddff<\/div>\n        <div class=\"gbr-buero-land\">Tschechien<\/div>\n        <div class=\"gbr-buero-addr\">Sokolsk\u00e1 1883\/8<br>120 00 Prag 2<\/div>\n      <\/div>\n\n      <div class=\"gbr-buero-card\">\n        <div class=\"gbr-buero-flag\">\ud83c\uddf3\ud83c\uddf1<\/div>\n        <div class=\"gbr-buero-land\">Niederlande<\/div>\n        <div class=\"gbr-buero-addr\">Kraijesteijnlaan 36<br>65891 EB Rozendaal<\/div>\n      <\/div>\n\n      <div class=\"gbr-buero-card\">\n        <div class=\"gbr-buero-flag\">\ud83c\udde8\ud83c\udded<\/div>\n        <div class=\"gbr-buero-land\">Schweiz<\/div>\n        <div class=\"gbr-buero-addr\">Kasernenstra\u00dfe 97<br>7000 Chur<\/div>\n      <\/div>\n\n      <div class=\"gbr-buero-card\">\n        <div class=\"gbr-buero-flag\">\ud83c\uddf1\ud83c\uddf9<\/div>\n        <div class=\"gbr-buero-land\">Litauen<\/div>\n        <div class=\"gbr-buero-addr\">Liep\u0173 g. 54 K6<br>Klaip\u0117da<\/div>\n      <\/div>\n\n      <div class=\"gbr-buero-card\">\n        <div class=\"gbr-buero-flag\">\ud83c\udde6\ud83c\uddea<\/div>\n        <div class=\"gbr-buero-land\">Vereinigte Arabische Emirate<\/div>\n        <div class=\"gbr-buero-addr\">Al Saman Tower Block B, Fl. 7<br>Office 10, Hamdan Street<br>Abu Dhabi<\/div>\n      <\/div>\n\n    <\/div><\/div>\n<\/div><\/div><\/div><\/div><\/section><section class=\"l-section wpb_row gbr-final-cta height_custom\"><div class=\"l-section-h i-cf\"><div class=\"g-cols vc_row via_grid cols_1 laptops-cols_inherit tablets-cols_inherit mobiles-cols_1 valign_top type_default stacking_default\"><div class=\"wpb_column vc_column_container\"><div class=\"vc_column-inner\"><div class=\"w-text gbr-section-label\"><span class=\"w-text-h\"><span class=\"w-text-value\">Jetzt starten<\/span><\/span><\/div>\n<h2 class=\"w-text us_custom_cd7939b3 final-cta-heading\"><span class=\"w-text-h\"><span class=\"w-text-value\">Bereit f\u00fcr Ihren n\u00e4chsten Schritt?<\/span><\/span><\/h2><div class=\"wpb_text_column us_custom_a8c70755 final-cta-description\"><div class=\"wpb_wrapper\"><p>Beschreiben Sie uns Ihren Bedarf \u2013 wir melden uns innerhalb von 24 Stunden mit passenden Fachkr\u00e4ften und einem konkreten Angebot.<\/p>\n<\/div><\/div><div class=\"w-html\"><div class=\"final-cta-contact\">\n    <a href=\"https:\/\/global-business-recruiting.de\/anfrage\/\" class=\"gbr-btn-primary\">Jetzt anfragen\n<\/a>\n    <span class=\"gbr-cta-contact\">Oder anrufen: <a href=\"tel:00491727477707\">+49 172 747 7707<\/a><\/span>\n  <\/div><\/div><div class=\"w-html\"> <p class=\"gbr-cta-meta final\" style=\"margin-top:32px; margin-bottom:25px;\">Mo\u2013Sa, 08:00\u201318:00 Uhr \u00b7 <a href=\"mailto:info@global-business-recruiting.de\">info@global-business-recruiting.de<\/a><\/p><\/div>\n<div class=\"w-html\"><p class=\"gbr-cta-meta\">Suchen Sie Fachkr\u00e4fte auf A\u00dcG-Basis? Mehr dazu bei <a href=\"https:\/\/zeitarbeit-international.de\" target=\"_blank\" rel=\"noopener\">zeitarbeit-international.de<\/a><\/p><\/div><\/div><\/div><\/div><\/div><\/section>\n","protected":false},"excerpt":{"rendered":"KontaktSie haben Fragen zu unseren Leistungen, m\u00f6chten mehr \u00fcber die Vermittlung von Subunternehmern erfahren oder suchen einen direkten Ansprechpartner? Wir sind f\u00fcr Sie da \u2013 telefonisch, per E-Mail oder \u00fcber das Kontaktformular. F\u00fcr eine konkrete Anfrage mit Angaben zu Beruf, Branche und Einsatzort nutzen Sie bitte direkt unser\u00a0Anfrageformular\u00a0\u2013 dort erhalten Sie innerhalb von 12 Stunden...","protected":false},"author":1,"featured_media":10619,"parent":0,"menu_order":0,"comment_status":"closed","ping_status":"closed","template":"","meta":{"_acf_changed":false,"footnotes":""},"class_list":["post-9457","page","type-page","status-publish","has-post-thumbnail","hentry"],"acf":[],"_links":{"self":[{"href":"https:\/\/global-business-recruiting.de\/sk\/wp-json\/wp\/v2\/pages\/9457","targetHints":{"allow":["GET"]}}],"collection":[{"href":"https:\/\/global-business-recruiting.de\/sk\/wp-json\/wp\/v2\/pages"}],"about":[{"href":"https:\/\/global-business-recruiting.de\/sk\/wp-json\/wp\/v2\/types\/page"}],"author":[{"embeddable":true,"href":"https:\/\/global-business-recruiting.de\/sk\/wp-json\/wp\/v2\/users\/1"}],"replies":[{"embeddable":true,"href":"https:\/\/global-business-recruiting.de\/sk\/wp-json\/wp\/v2\/comments?post=9457"}],"version-history":[{"count":10,"href":"https:\/\/global-business-recruiting.de\/sk\/wp-json\/wp\/v2\/pages\/9457\/revisions"}],"predecessor-version":[{"id":11807,"href":"https:\/\/global-business-recruiting.de\/sk\/wp-json\/wp\/v2\/pages\/9457\/revisions\/11807"}],"wp:featuredmedia":[{"embeddable":true,"href":"https:\/\/global-business-recruiting.de\/sk\/wp-json\/wp\/v2\/media\/10619"}],"wp:attachment":[{"href":"https:\/\/global-business-recruiting.de\/sk\/wp-json\/wp\/v2\/media?parent=9457"}],"curies":[{"name":"wp","href":"https:\/\/api.w.org\/{rel}","templated":true}]}}