{"id":9553,"date":"2026-03-01T14:13:56","date_gmt":"2026-03-01T14:13:56","guid":{"rendered":"https:\/\/global-business-recruiting.de\/?page_id=9553"},"modified":"2026-03-29T12:33:56","modified_gmt":"2026-03-29T12:33:56","slug":"prenajom-pracovnej-sily-vs-subdodavky","status":"publish","type":"page","link":"https:\/\/global-business-recruiting.de\/sk\/wissen\/arbeitnehmerueberlassung-vs-subunternehmen\/","title":{"rendered":"Do\u010dasn\u00e9 zamestn\u00e1vanie vs. subdod\u00e1vky - defin\u00edcie a rozdiely"},"content":{"rendered":"<section class=\"l-section wpb_row height_custom\"><div class=\"l-section-h i-cf\"><div class=\"g-cols vc_row via_grid cols_1 laptops-cols_inherit tablets-cols_inherit mobiles-cols_1 valign_top type_default stacking_default\"><div class=\"wpb_column vc_column_container\"><div class=\"vc_column-inner\"><div class=\"wpb_text_column\"><div class=\"wpb_wrapper\"><p>Pre spolo\u010dnosti, ktor\u00e9 potrebuj\u00fa pru\u017ene reagova\u0165 na \u0161pi\u010dky objedn\u00e1vok, s\u00fa k dispoz\u00edcii dva z\u00e1sadne odli\u0161n\u00e9 modely: Pren\u00e1jom zamestnancov (do\u010dasn\u00e1 pr\u00e1ca) a vyu\u017e\u00edvanie t\u00edmov subdod\u00e1vate\u013eov na z\u00e1klade zmluvy o dielo. V\u00fdber spr\u00e1vneho modelu m\u00e1 v\u00fdznamn\u00e9 pr\u00e1vne a ekonomick\u00e9 d\u00f4sledky. Tento \u010dl\u00e1nok vysvet\u013euje defin\u00edcie, ukazuje rozli\u0161ovacie krit\u00e9ri\u00e1 a poskytuje v\u00e1m jasn\u00fd z\u00e1klad pre va\u0161e rozhodnutie.<\/p>\n<h2>\u010co je do\u010dasn\u00e9 zamestnanie?<\/h2>\n<p>V globalizovanom svete poci\u0165uj\u00fa spolo\u010dnosti \u010doraz zrete\u013enej\u0161ie tlak na n\u00e1klady. Do\u010dasn\u00e9 zamestn\u00e1vanie umo\u017e\u0148uje spolo\u010dnosti pru\u017ene reagova\u0165 na aktu\u00e1lnu situ\u00e1ciu v oblasti z\u00e1kaziek: Men\u0161\u00ed po\u010det st\u00e1lych zamestnancov udr\u017eiava prev\u00e1dzku v chode, zatia\u013e \u010do do\u010dasn\u00ed pracovn\u00edci s\u00fa nasaden\u00ed hne\u010f, ako sa naplnia knihy objedn\u00e1vok.<\/p>\n<p>Do\u010dasn\u00e9 zamestn\u00e1vanie m\u00f4\u017ee by\u0165 taktick\u00fdm alebo strategick\u00fdm rie\u0161en\u00edm. Ako taktick\u00e9 rie\u0161enie umo\u017e\u0148uje spolo\u010dnosti s relat\u00edvne stabilnou situ\u00e1ciou v oblasti objedn\u00e1vok kompenzova\u0165 typick\u00fa fluktu\u00e1ciu zamestnancov - napr\u00edklad v pr\u00edpade dovolenky alebo do\u010dasnej choroby zamestnanca. Ako strategick\u00e9 rie\u0161enie m\u00e1 zmysel tam, kde situ\u00e1cia v oblasti z\u00e1kaziek v\u00fdrazne kol\u00ed\u0161e: po\u010det st\u00e1lych zamestnancov sa z\u00e1merne udr\u017eiava na n\u00edzkej \u00farovni; po\u010das \u0161pi\u010diek v oblasti z\u00e1kaziek nastupuj\u00fa do\u010dasn\u00ed pracovn\u00edci, ktor\u00fdch n\u00e1klady sa refinancuj\u00fa z nov\u00fdch z\u00e1kaziek.<\/p>\n<h3>Do\u010dasn\u00e9 zamestn\u00e1vanie ako rie\u0161enie nedostatku kvalifikovan\u00fdch pracovn\u00edkov<\/h3>\n<p>Obzvl\u00e1\u0161\u0165 kvalifikovan\u00fdch odborn\u00edkov je \u0165a\u017ek\u00e9 n\u00e1js\u0165. Na konkr\u00e9tne \u00falohy si ich m\u00f4\u017eete vy\u017eiada\u0165 prostredn\u00edctvom agent\u00fary do\u010dasn\u00e9ho zamestn\u00e1vania. Vy\u0161\u0161ie n\u00e1klady na pracovn\u00fa silu, ktor\u00e9 s\u00fa s t\u00fdm \u010dasto spojen\u00e9, sa daj\u00fa ospravedlni\u0165 \u00fasporami v \u010dase, ke\u010f tieto odborn\u00e9 znalosti nie s\u00fa potrebn\u00e9.<\/p>\n<p>L\u00edzing zamestnancov zjednodu\u0161uje person\u00e1lne pl\u00e1novanie a umo\u017e\u0148uje jeho dynamiku pod\u013ea podmienok na trhu. Nemal by sa v\u0161ak zamie\u0148a\u0165 so subdod\u00e1vate\u013esk\u00fdm modelom - rozdiely s\u00fa zna\u010dn\u00e9.<\/p>\n<h2>\u010co je skryt\u00e9 do\u010dasn\u00e9 zamestnanie?<\/h2>\n<p>Je potrebn\u00e9 rozli\u0161ova\u0165 medzi be\u017en\u00fdm l\u00edzingom zamestnancov a tzv. skryt\u00fdm l\u00edzingom zamestnancov. T\u00e1to forma poru\u0161uje platn\u00e9 pr\u00e1vne predpisy a je potrebn\u00e9 sa jej za ka\u017ed\u00fa cenu vyhn\u00fa\u0165. Skryt\u00e9 do\u010dasn\u00e9 zamestn\u00e1vanie existuje, ak je splnen\u00e1 jedna z troch podmienok:<\/p>\n<ul>\n<li>Po\u017ei\u010diavaj\u00faca spolo\u010dnos\u0165 nem\u00e1 povolenie na komer\u010dn\u00e9 poskytovanie do\u010dasn\u00fdch pracovn\u00edkov v s\u00falade s A\u00dcG.<\/li>\n<li>Nepou\u017e\u00edvaj\u00fa sa zmluvy o pren\u00e1jme pracovn\u00fdch s\u00edl - namiesto toho sa zneu\u017e\u00edvaj\u00fa dohody o vykonan\u00ed pr\u00e1ce na obch\u00e1dzanie soci\u00e1lnej ochrany.<\/li>\n<li>T\u00e1to \u010dinnos\u0165 je nepravdivo deklarovan\u00e1 ako samostatn\u00e1 z\u00e1robkov\u00e1 \u010dinnos\u0165 s cie\u013eom vyhn\u00fa\u0165 sa dani z pr\u00edjmu a formalit\u00e1m.<\/li>\n<\/ul>\n<h2>Komer\u010dn\u00e1 ponuka pracovnej sily<\/h2>\n<p>Komer\u010dn\u00fd pren\u00e1jom zamestnancov prostredn\u00edctvom licencovanej agent\u00fary do\u010dasn\u00e9ho zamestn\u00e1vania je leg\u00e1lny a roz\u0161\u00edren\u00fd. Do\u010dasn\u00ed zamestnanci s\u00fa nasadzovan\u00ed ako pracovn\u00e1 sila pre preva\u017ene meniacich sa n\u00e1jomcov - pracuj\u00fa predov\u0161etk\u00fdm pre tretie strany a tieto tretie strany sa pravidelne menia.<\/p>\n<h3>Trojuholn\u00edkov\u00fd vz\u0165ah<\/h3>\n<p>Obchodn\u00e1 ponuka pr\u00e1ce je zalo\u017een\u00e1 na trojuholn\u00edkovom vz\u0165ahu:<\/p>\n<ul>\n<li><strong>Do\u010dasn\u00fd pracovn\u00edk - agent\u00fara do\u010dasn\u00e9ho zamestn\u00e1vania:<\/strong><span>\u00a0<\/span>V riadnom pracovnom pomere m\u00e1 agent\u00fara do\u010dasn\u00e9ho zamestn\u00e1vania pr\u00e1vo riadi\u0165 a zodpoved\u00e1 za miesto a \u010das v\u00fdkonu pr\u00e1ce.<\/li>\n<li><strong>Do\u010dasn\u00fd pracovn\u00edk - n\u00e1jomca:<\/strong><span>\u00a0<\/span>Prenaj\u00edmate\u013e je opr\u00e1vnen\u00fd vyd\u00e1va\u0165 do\u010dasn\u00e9mu pracovn\u00edkovi technick\u00e9 pokyny a vy\u017eadova\u0165, aby sa pr\u00e1ca vykon\u00e1vala spr\u00e1vne.<\/li>\n<li><strong>Vypo\u017ei\u010diavate\u013e - agent\u00fara do\u010dasn\u00e9ho zamestn\u00e1vania:<\/strong><span>\u00a0<\/span>Zmluva o pren\u00e1jme zamestnancov upravuje pracovn\u00fd \u010das, \u010dinnosti a hodinov\u00e9 sadzby.<\/li>\n<\/ul>\n<h2>\u010eal\u0161ie pr\u00e1vne po\u017eiadavky<\/h2>\n<p>Do\u010dasn\u00e9 zamestnanie mus\u00ed by\u0165 s\u00fa\u010das\u0165ou hospod\u00e1rskej \u010dinnosti a mus\u00ed ma\u0165 do\u010dasn\u00fd charakter. Do\u010dasn\u00ed pracovn\u00edci m\u00f4\u017eu by\u0165 v s\u00fa\u010dasnosti zamestnan\u00ed u toho ist\u00e9ho prenaj\u00edmate\u013ea maxim\u00e1lne 18 po sebe nasleduj\u00facich mesiacov - toto maxim\u00e1lne trvanie m\u00f4\u017ee by\u0165 upraven\u00e9 inak v kolekt\u00edvnej zmluve.<\/p>\n<p>V z\u00e1sade plat\u00ed z\u00e1sada rovnak\u00e9ho zaobch\u00e1dzania: do\u010dasn\u00ed pracovn\u00edci maj\u00fa n\u00e1rok na rovnak\u00fa odmenu, pracovn\u00fd \u010das, dovolenku a osobitn\u00e9 platby ako st\u00e1li zamestnanci prenaj\u00edmate\u013ea. Zahrnut\u00fd je aj pr\u00edstup k spolo\u010dn\u00fdm zariadeniam (jed\u00e1le\u0148, doprava). Kolekt\u00edvne zmluvy sa m\u00f4\u017eu od tohto ustanovenia odch\u00fdli\u0165.<\/p>\n<h2>Ak\u00fd je rozdiel oproti subdod\u00e1vate\u013eom?<\/h2>\n<p>V pr\u00edpade pren\u00e1jmu zamestnancov sa odborn\u00e1 pr\u00e1vomoc nad zamestnancom pren\u00e1\u0161a na naj\u00edmaj\u00facu spolo\u010dnos\u0165 - zamestnanec pracuje ako s\u00fa\u010das\u0165 miestnej pracovnej sily. V pr\u00edpade subdod\u00e1vate\u013eov je situ\u00e1cia z\u00e1sadne odli\u0161n\u00e1: subdod\u00e1vate\u013e si ponech\u00e1va pr\u00e1vomoc vyd\u00e1va\u0165 pokyny svojim zamestnancom, zodpoved\u00e1 za v\u00fdsledky pr\u00e1ce a nie je za\u010dlenen\u00fd do procesov klienta.<\/p>\n<h3>Krit\u00e9ri\u00e1 vymedzenia: Kedy sa pova\u017euje ponuka pr\u00e1ce za existuj\u00facu?<\/h3>\n<p>Do\u010dasn\u00e9 zamestnanie existuje, ak plat\u00ed jedna z t\u00fdchto charakterist\u00edk:<\/p>\n<ul>\n<li>Zamestnanec podlieha pokynom a odborn\u00e9mu doh\u013eadu prenaj\u00edmate\u013ea a je za\u010dlenen\u00fd do jeho procesov ako ka\u017ed\u00fd in\u00fd pracovn\u00edk.<\/li>\n<li>Poskytnut\u00e9 slu\u017eby sa nedaj\u00fa odl\u00ed\u0161i\u0165 od slu\u017eieb n\u00e1jomcu a s\u00fa mu prip\u00edsan\u00e9.<\/li>\n<li>Pr\u00e1ce sa vykon\u00e1vaj\u00fa s pou\u017eit\u00edm materi\u00e1lov a n\u00e1strojov n\u00e1jomcu.<\/li>\n<li>Prenaj\u00edmate\u013e nezodpoved\u00e1 za \u00faspech pracovnej slu\u017eby.<\/li>\n<\/ul>\n<p>Ak sa neuplat\u0148uje \u017eiadna z t\u00fdchto charakterist\u00edk, bol vykonan\u00edm pr\u00e1ce poveren\u00fd subdod\u00e1vate\u013e.<\/p>\n<h3>Subdod\u00e1vate\u013e vs. agent\u00fara do\u010dasn\u00e9ho zamestn\u00e1vania - najd\u00f4le\u017eitej\u0161ie rozdiely<\/h3>\n<table border=\"1\" cellspacing=\"0\" cellpadding=\"10\">\n<tbody>\n<tr>\n<th>Funkcia<\/th>\n<th>Subdod\u00e1vate\u013e<\/th>\n<th>Agent\u00fara do\u010dasn\u00e9ho zamestn\u00e1vania (A\u00dcG)<\/th>\n<\/tr>\n<tr>\n<td>Opr\u00e1vnenie vyd\u00e1va\u0165 pokyny<\/td>\n<td>Zost\u00e1va u subdod\u00e1vate\u013ea<\/td>\n<td>Prevody na dl\u017en\u00edka<\/td>\n<\/tr>\n<tr>\n<td>Zodpovednos\u0165 za v\u00fdsledky<\/td>\n<td>\u00c1no - zodpovednos\u0165 subdod\u00e1vate\u013ea<\/td>\n<td>Nie - \u017eiaden pracovn\u00fd \u00faspech nie je splatn\u00fd<\/td>\n<\/tr>\n<tr>\n<td>Kvalifik\u00e1cia<\/td>\n<td>\u0160peci\u00e1lne vy\u0161kolen\u00ed odborn\u00edci<\/td>\n<td>Nie nevyhnutne \u0161pecifick\u00e9 pre dan\u00fd predmet<\/td>\n<\/tr>\n<tr>\n<td>Trvanie pou\u017e\u00edvania<\/td>\n<td>\u017diadny z\u00e1konn\u00fd limit<\/td>\n<td>Maxim\u00e1lne 18 mesiacov u toho ist\u00e9ho prenaj\u00edmate\u013ea<\/td>\n<\/tr>\n<tr>\n<td>Odstr\u00e1nenie nedostatkov<\/td>\n<td>Subdod\u00e1vate\u013e mus\u00ed vykona\u0165 zlep\u0161enia<\/td>\n<td>\u017diadne pr\u00e1vo na opravu<\/td>\n<\/tr>\n<tr>\n<td>Integr\u00e1cia v prev\u00e1dzke<\/td>\n<td>Nie - nez\u00e1visl\u00fd t\u00edm<\/td>\n<td>\u00c1no - ako st\u00e1li zamestnanci<\/td>\n<\/tr>\n<\/tbody>\n<\/table>\n<h2>Praktick\u00e9 v\u00fdhody vyu\u017e\u00edvania subdod\u00e1vate\u013eov<\/h2>\n<p>Ak sa pri vykon\u00e1van\u00ed pr\u00e1c vyskytn\u00fa nedostatky, mo\u017eno od subdod\u00e1vate\u013ea po\u017eadova\u0165, aby ich odstr\u00e1nil. Odpor\u00fa\u010da sa vopred presne definova\u0165, ak\u00fd kone\u010dn\u00fd v\u00fdsledok sa o\u010dak\u00e1va - na tento \u00fa\u010del s\u00fa vhodn\u00e9 stavebn\u00e9 pl\u00e1ny, \u0161pecifik\u00e1cie slu\u017eieb a podobn\u00e9 dokumenty.<\/p>\n<p>Subdod\u00e1vatelia m\u00f4\u017eu poskytova\u0165 podporu po\u010das \u0161pi\u010diek a plni\u0165 \u010dasti z\u00e1kaziek vlastn\u00fdmi \u0161pecialistami, \u010d\u00edm sa zni\u017euje potreba vlastn\u00fdch zamestnancov. \u0160pecialisti, ktor\u00ed s\u00fa zapojen\u00ed do projektu prostredn\u00edctvom subdod\u00e1vate\u013eov, tie\u017e poskytuj\u00fa zna\u010dn\u00fa konkuren\u010dn\u00fa v\u00fdhodu a otv\u00e1raj\u00fa mo\u017enos\u0165 pon\u00faka\u0165 nov\u00e9 \u0161pecializovan\u00e9 oblasti.<\/p>\n<h2>\u010casto kladen\u00e9 ot\u00e1zky<\/h2>\n<\/div><\/div><div class=\"w-separator size_small\"><\/div><div class=\"w-tabs style_default switch_click accordion type_togglable has_scrolling\" style=\"--sections-title-size:inherit\"><div class=\"w-tabs-sections titles-align_none icon_chevron cpos_right\"><div class=\"w-tabs-section\" id=\"ybef\" itemscope itemprop=\"mainEntity\" itemtype=\"https:\/\/schema.org\/Question\"><button class=\"w-tabs-section-header\" aria-controls=\"content-ybef\" aria-expanded=\"false\"><div class=\"w-tabs-section-title\" itemprop=\"name\">M\u00f4\u017ee sa zmluva o dielo sta\u0165 skrytou agent\u00farou do\u010dasn\u00e9ho zamestn\u00e1vania?<\/div><div class=\"w-tabs-section-control\"><\/div><\/button><div  class=\"w-tabs-section-content\" id=\"content-ybef\" itemscope itemprop=\"acceptedAnswer\" itemtype=\"https:\/\/schema.org\/Answer\"><div class=\"w-tabs-section-content-h i-cf\" itemprop=\"text\"><div class=\"wpb_text_column\"><div class=\"wpb_wrapper\"><p>\u00c1no - ak skuto\u010dn\u00e9 plnenie nezodpoved\u00e1 tomu, \u010do bolo dohodnut\u00e9 v zmluve o dielo. Ak s\u00fa zamestnanci dod\u00e1vate\u013ea skuto\u010dne za\u010dlenen\u00ed do prev\u00e1dzkov\u00fdch procesov objedn\u00e1vate\u013ea a podliehaj\u00fa jeho pokynom, ide o skryt\u00e9 do\u010dasn\u00e9 zamestnanie - bez oh\u013eadu na to, ako je zmluva ozna\u010den\u00e1.<\/p>\n<\/div><\/div><\/div><\/div><\/div><div class=\"w-tabs-section\" id=\"lcc6\" itemscope itemprop=\"mainEntity\" itemtype=\"https:\/\/schema.org\/Question\"><button class=\"w-tabs-section-header\" aria-controls=\"content-lcc6\" aria-expanded=\"false\"><div class=\"w-tabs-section-title\" itemprop=\"name\">Potrebuje subdod\u00e1vate\u013e licenciu A\u00dcG?<\/div><div class=\"w-tabs-section-control\"><\/div><\/button><div  class=\"w-tabs-section-content\" id=\"content-lcc6\" itemscope itemprop=\"acceptedAnswer\" itemtype=\"https:\/\/schema.org\/Answer\"><div class=\"w-tabs-section-content-h i-cf\" itemprop=\"text\"><div class=\"wpb_text_column\"><div class=\"wpb_wrapper\"><p>Nie - pokia\u013e skuto\u010dne pracuje na z\u00e1klade zmluvy o dielo a pr\u00e1ce a jeho zamestnanci s\u00fa nasaden\u00ed pod jeho odborn\u00fdm doh\u013eadom. Licencia A\u00dcG sa vy\u017eaduje len vtedy, ak s\u00fa zamestnanci prenaj\u00edman\u00ed tret\u00edm stran\u00e1m na komer\u010dnom z\u00e1klade.<\/p>\n<\/div><\/div><\/div><\/div><\/div><div class=\"w-tabs-section\" id=\"odba\" itemscope itemprop=\"mainEntity\" itemtype=\"https:\/\/schema.org\/Question\"><button class=\"w-tabs-section-header\" aria-controls=\"content-odba\" aria-expanded=\"false\"><div class=\"w-tabs-section-title\" itemprop=\"name\">Ak\u00fd je rozdiel medzi zmluvou o dielo a zmluvou o slu\u017eb\u00e1ch?<\/div><div class=\"w-tabs-section-control\"><\/div><\/button><div  class=\"w-tabs-section-content\" id=\"content-odba\" itemscope itemprop=\"acceptedAnswer\" itemtype=\"https:\/\/schema.org\/Answer\"><div class=\"w-tabs-section-content-h i-cf\" itemprop=\"text\"><div class=\"wpb_text_column\"><div class=\"wpb_wrapper\"><p>V zmluve o dielo je zhotovite\u013e povinn\u00fd zaisti\u0165 ur\u010dit\u00fd v\u00fdsledok (dokon\u010den\u00e9 dielo) a zodpoved\u00e1 za vady. V pr\u00edpade zmluvy o poskytovan\u00ed slu\u017eieb je zhotovite\u013e povinn\u00fd iba vykona\u0165 \u010dinnos\u0165 - bez povinnosti dosiahnu\u0165 \u00faspech. Zadania subdod\u00e1vate\u013eom sa vo v\u0161eobecnosti zakladaj\u00fa na zmluv\u00e1ch o dielo a pr\u00e1cach.<\/p>\n<\/div><\/div><\/div><\/div><\/div><div class=\"w-tabs-section\" id=\"ge86\" itemscope itemprop=\"mainEntity\" itemtype=\"https:\/\/schema.org\/Question\"><button class=\"w-tabs-section-header\" aria-controls=\"content-ge86\" aria-expanded=\"false\"><div class=\"w-tabs-section-title\" itemprop=\"name\">Ako dlho m\u00f4\u017eu by\u0165 do\u010dasn\u00ed pracovn\u00edci zamestnan\u00ed u toho ist\u00e9ho prenaj\u00edmate\u013ea?<\/div><div class=\"w-tabs-section-control\"><\/div><\/button><div  class=\"w-tabs-section-content\" id=\"content-ge86\" itemscope itemprop=\"acceptedAnswer\" itemtype=\"https:\/\/schema.org\/Answer\"><div class=\"w-tabs-section-content-h i-cf\" itemprop=\"text\"><div class=\"wpb_text_column\"><div class=\"wpb_wrapper\"><p>Maxim\u00e1lne 18 po sebe nasleduj\u00facich mesiacov. Na z\u00e1klade kolekt\u00edvnej zmluvy je mo\u017en\u00e9 dohodn\u00fa\u0165 in\u00e9 podmienky. Neexistuje \u017eiadne pr\u00e1vne obmedzenie t\u00fdkaj\u00face sa vyu\u017e\u00edvania subdod\u00e1vate\u013eov.<\/p>\n<\/div><\/div><\/div><\/div><\/div><\/div><\/div><\/div><\/div><\/div><\/div><\/section>","protected":false},"excerpt":{"rendered":"Pre spolo\u010dnosti, ktor\u00e9 potrebuj\u00fa pru\u017ene reagova\u0165 na \u0161pi\u010dky objedn\u00e1vok, s\u00fa k dispoz\u00edcii dva z\u00e1sadne odli\u0161n\u00e9 modely: Pren\u00e1jom zamestnancov (do\u010dasn\u00e1 pr\u00e1ca) a vyu\u017e\u00edvanie t\u00edmov subdod\u00e1vate\u013eov na z\u00e1klade zmluvy o dielo. V\u00fdber spr\u00e1vneho modelu m\u00e1 v\u00fdznamn\u00e9 pr\u00e1vne a ekonomick\u00e9 d\u00f4sledky. Tento \u010dl\u00e1nok vysvet\u013euje defin\u00edcie, ukazuje rozli\u0161ovacie krit\u00e9ri\u00e1 a poskytuje v\u00e1m jasn\u00fd z\u00e1klad pre va\u0161e rozhodnutie. \u010co je to do\u010dasn\u00e9 zamestn\u00e1vanie? V globalizovanom svete je do\u010dasn\u00e9 zamestn\u00e1vanie...","protected":false},"author":1,"featured_media":10533,"parent":9347,"menu_order":0,"comment_status":"closed","ping_status":"closed","template":"","meta":{"_acf_changed":false,"footnotes":""},"class_list":["post-9553","page","type-page","status-publish","has-post-thumbnail","hentry"],"acf":[],"_links":{"self":[{"href":"https:\/\/global-business-recruiting.de\/sk\/wp-json\/wp\/v2\/pages\/9553","targetHints":{"allow":["GET"]}}],"collection":[{"href":"https:\/\/global-business-recruiting.de\/sk\/wp-json\/wp\/v2\/pages"}],"about":[{"href":"https:\/\/global-business-recruiting.de\/sk\/wp-json\/wp\/v2\/types\/page"}],"author":[{"embeddable":true,"href":"https:\/\/global-business-recruiting.de\/sk\/wp-json\/wp\/v2\/users\/1"}],"replies":[{"embeddable":true,"href":"https:\/\/global-business-recruiting.de\/sk\/wp-json\/wp\/v2\/comments?post=9553"}],"version-history":[{"count":10,"href":"https:\/\/global-business-recruiting.de\/sk\/wp-json\/wp\/v2\/pages\/9553\/revisions"}],"predecessor-version":[{"id":11136,"href":"https:\/\/global-business-recruiting.de\/sk\/wp-json\/wp\/v2\/pages\/9553\/revisions\/11136"}],"up":[{"embeddable":true,"href":"https:\/\/global-business-recruiting.de\/sk\/wp-json\/wp\/v2\/pages\/9347"}],"wp:featuredmedia":[{"embeddable":true,"href":"https:\/\/global-business-recruiting.de\/sk\/wp-json\/wp\/v2\/media\/10533"}],"wp:attachment":[{"href":"https:\/\/global-business-recruiting.de\/sk\/wp-json\/wp\/v2\/media?parent=9553"}],"curies":[{"name":"wp","href":"https:\/\/api.w.org\/{rel}","templated":true}]}}