{"id":9739,"date":"2026-03-07T09:24:53","date_gmt":"2026-03-07T09:24:53","guid":{"rendered":"https:\/\/global-business-recruiting.de\/?page_id=9739"},"modified":"2026-03-29T12:37:36","modified_gmt":"2026-03-29T12:37:36","slug":"profesijne-uznanie-pre-elektrikarov-v-zahranici","status":"publish","type":"page","link":"https:\/\/global-business-recruiting.de\/sk\/wissen\/berufsanerkennung-elektriker-ausland\/","title":{"rendered":"Mus\u00ed by\u0165 odborn\u00e1 kvalifik\u00e1cia elektrik\u00e1rov zo zahrani\u010dia uznan\u00e1 v Nemecku?"},"content":{"rendered":"<section class=\"l-section wpb_row height_custom\"><div class=\"l-section-h i-cf\"><div class=\"g-cols vc_row via_grid cols_1 laptops-cols_inherit tablets-cols_inherit mobiles-cols_1 valign_top type_default stacking_default\"><div class=\"wpb_column vc_column_container\"><div class=\"vc_column-inner\"><div class=\"wpb_text_column\"><div class=\"wpb_wrapper\"><p>Ak m\u00e1 elektrik\u00e1r odborn\u00fa kvalifik\u00e1ciu zo zahrani\u010dia, vznik\u00e1 ot\u00e1zka, \u010di mus\u00ed by\u0165 t\u00e1to kvalifik\u00e1cia uznan\u00e1 v Nemecku. Pr\u00e1vna situ\u00e1cia je v tomto pr\u00edpade diferencovan\u00e1: Nie v\u0161etky odborn\u00e9 kvalifik\u00e1cie sa musia podrobi\u0165 postupu uzn\u00e1vania - a to m\u00e1 priame d\u00f4sledky pre subdod\u00e1vate\u013eov a kvalifikovan\u00fdch pracovn\u00edkov z v\u00fdchodnej Eur\u00f3py.<\/p>\n<h2>Je povolanie elektrik\u00e1ra v Nemecku regulovan\u00e9?<\/h2>\n<p>Ak povolanie nie je regulovan\u00e9, nie je pr\u00e1vne chr\u00e1nen\u00e9. To znamen\u00e1, \u017ee konanie o uznan\u00ed zahrani\u010dnej odbornej kvalifik\u00e1cie je potom <strong>nie je absol\u00fatne nevyhnutn\u00e9<\/strong>. To plat\u00ed aj pre povolanie elektrik\u00e1ra.<\/p>\n<p>Odborn\u00e1 kvalifik\u00e1cia elektrik\u00e1ra z\u00edskan\u00e1 v zahrani\u010d\u00ed preto nemus\u00ed by\u0165 nevyhnutne uznan\u00e1 v Nemecku. To v\u0161ak neznamen\u00e1, \u017ee podnik nie je povinn\u00fd zabezpe\u010di\u0165, aby kvalifikovan\u00fd zamestnanec bol vhodn\u00fd na v\u00fdkon pr\u00e1ce elektrik\u00e1ra - t\u00e1to po\u017eiadavka zost\u00e1va zachovan\u00e1.<\/p>\n<div style=\"background: #fff8e1; border-left: 4px solid #e8a000; padding: 16px; margin: 20px 0;\"><strong>D\u00f4le\u017eit\u00e9 pre klientov:<\/strong> Povolanie elektrik\u00e1ra v Nemecku je <strong>Nie je regulovan\u00e9<\/strong> - Zahrani\u010dn\u00e1 odborn\u00e1 kvalifik\u00e1cia preto nemus\u00ed by\u0165 \u00faradne uznan\u00e1. Uznanie je v\u0161ak u\u017eito\u010dn\u00e9 na preuk\u00e1zanie kvalifik\u00e1cie, a t\u00fdm aj na \u013eah\u0161ie n\u00e1jdenie pr\u00e1ce a poz\u00edcie.<\/div>\n<p>Okrem toho je uznanie zahrani\u010dnej odbornej kvalifik\u00e1cie pre povolanie elektrik\u00e1ra dobrovo\u013en\u00e9. To pom\u00e1ha pr\u00edslu\u0161n\u00e9mu elektrik\u00e1rovi napr\u00edklad pri h\u013eadan\u00ed pr\u00e1ce, ktor\u00e1 zodpoved\u00e1 jeho kvalifik\u00e1cii.<\/p>\n<h2>Ako vyzer\u00e1 proces rozpozn\u00e1vania?<\/h2>\n<p>Ak si uznanie \u017eel\u00e1te, pr\u00edslu\u0161n\u00fd postup m\u00f4\u017eete absolvova\u0165 dobrovo\u013ene. Sta\u010d\u00ed, ak pod\u00e1te \u017eiados\u0165 pr\u00edslu\u0161n\u00e9mu org\u00e1nu - m\u00f4\u017eete tak urobi\u0165 prostredn\u00edctvom <a href=\"https:\/\/www.anerkennung-in-deutschland.de\" target=\"_blank\" rel=\"noopener\">Port\u00e1l \u201eUznanie v Nemecku\u201c<\/a> sa ur\u010d\u00ed. Je potrebn\u00e9 predlo\u017ei\u0165 tieto dokumenty:<\/p>\n<ul>\n<li>samotn\u00e1 \u017eiados\u0165, bu\u010f ako formul\u00e1r od pr\u00edslu\u0161n\u00e9ho org\u00e1nu, alebo ako neform\u00e1lna \u017eiados\u0165<\/li>\n<li>Doklad toto\u017enosti, napr\u00edklad cestovn\u00fd pas.<\/li>\n<li>Doklad o kvalifik\u00e1cii - osved\u010denia \u017eiadate\u013ea<\/li>\n<li>Doklad o tom, \u010do odborn\u00e1 kvalifik\u00e1cia zah\u0155\u0148a a ako dlho trv\u00e1.<\/li>\n<li>sob\u00e1\u0161ny list, ak si dotknut\u00e1 osoba zmenila meno z d\u00f4vodu uzavretia man\u017eelstva.<\/li>\n<li>\u017divotopis<\/li>\n<li>Doklad o \u010fal\u0161ej kvalifik\u00e1cii (\u00fa\u010das\u0165 na semin\u00e1roch alebo \u010fal\u0161\u00edch \u0161koleniach)<\/li>\n<li>Doklad o \u00famysle zamestna\u0165 sa v Nemecku<\/li>\n<li>Ak u\u017e bola \u017eiados\u0165 podan\u00e1, je potrebn\u00e9 uvies\u0165 inform\u00e1cie o nej - vr\u00e1tane inform\u00e1ci\u00ed o org\u00e1ne, ktor\u00e9mu bola t\u00e1to predch\u00e1dzaj\u00faca \u017eiados\u0165 predlo\u017een\u00e1<\/li>\n<\/ul>\n<p>Spracovanie takejto \u017eiadosti trv\u00e1 zvy\u010dajne 1 a\u017e 3 mesiace a za\u010d\u00edna sa predlo\u017een\u00edm v\u0161etk\u00fdch dokumentov. Po \u00faspe\u0161nom ukon\u010den\u00ed konania sa osved\u010denia uznaj\u00fa.<\/p>\n<p>Ak ch\u00fdbaj\u00fa niektor\u00e9 osved\u010denia alebo in\u00e9 dokumenty, existuje \u010fal\u0161ia mo\u017enos\u0165: \u017eiadate\u013e m\u00f4\u017ee preuk\u00e1za\u0165 svoje zru\u010dnosti v praktickej sk\u00fa\u0161ke. Okrem toho m\u00f4\u017ee absolvova\u0165 aj adapta\u010dn\u00e9 obdobie, ktor\u00e9 potom sl\u00fa\u017ei ako doklad o kvalifik\u00e1cii.<\/p>\n<h2>Mus\u00edm preuk\u00e1za\u0165 svoje jazykov\u00e9 znalosti?<\/h2>\n<p>Pre samotn\u00fa aplik\u00e1ciu a s\u00favisiaci postup <strong>\u017diadne \u0161peci\u00e1lne jazykov\u00e9 znalosti<\/strong> by\u0165 preuk\u00e1zan\u00e9. Ide len o uznanie kvalifik\u00e1cie - pr\u00edslu\u0161n\u00fd org\u00e1n porovn\u00e1va kvalifik\u00e1ciu s po\u017eiadavkami na v\u00fdkon povolania v Nemecku.<\/p>\n<p>To sa v\u0161ak t\u00fdka len povolania elektrik\u00e1ra a in\u00fdch neregulovan\u00fdch povolan\u00ed. Pri niektor\u00fdch in\u00fdch povolaniach, ako s\u00fa napr\u00edklad lek\u00e1ri, sa znalos\u0165 nemeck\u00e9ho jazyka vy\u017eaduje u\u017e v r\u00e1mci uzn\u00e1vacieho konania.<\/p>\n<p>To neznamen\u00e1, \u017ee elektrik\u00e1r nemus\u00ed vedie\u0165 nemecky - pr\u00e1ve naopak. Elektrik\u00e1r pracuje so z\u00e1kazn\u00edkmi a v t\u00edmoch, a preto mus\u00ed by\u0165 schopn\u00fd komunikova\u0165 v tejto krajine. To znamen\u00e1, \u017ee pri uzn\u00e1vacom konan\u00ed nie je potrebn\u00e9 preukazova\u0165 znalos\u0165 nem\u010diny, ale je potrebn\u00e1 pre zamestnanie v podniku.<\/p>\n<h2>Ko\u013eko stoj\u00ed uznanie odbornej kvalifik\u00e1cie?<\/h2>\n<p>Uzn\u00e1vacie konanie zvy\u010dajne stoj\u00ed <strong>100 a\u017e 600 eur<\/strong>. S\u00fa tu aj \u010fal\u0161ie n\u00e1klady. Na tieto \u00fa\u010dely je mo\u017en\u00e9 poda\u0165 \u017eiados\u0165 o finan\u010dn\u00fa podporu - t\u00e1 sa t\u00fdka v\u0161etk\u00fdch n\u00e1kladov spojen\u00fdch s podan\u00edm \u017eiadosti. Patria sem poplatky, cestovn\u00e9 n\u00e1klady a n\u00e1klady na preklad. V tejto s\u00favislosti m\u00f4\u017eete po\u017eiada\u0165 aj o poradenstvo.<\/p>\n<h2>Ak\u00e9 s\u00fa v\u00fdhody uznania odbornej kvalifik\u00e1cie elektrik\u00e1ra zo zahrani\u010dia?<\/h2>\n<p>Uzn\u00e1vacie konanie je \u010dasovo a finan\u010dne n\u00e1ro\u010dn\u00e9. Napriek tomu prin\u00e1\u0161a jasn\u00e9 v\u00fdhody:<\/p>\n<ol>\n<li><strong>Rovnak\u00e9 mo\u017enosti:<\/strong> Uznanie d\u00e1va pr\u00edslu\u0161n\u00e9mu elektrik\u00e1rovi \u00faplne rovnak\u00e9 mo\u017enosti pracova\u0165 v Nemecku ako elektrik\u00e1rovi, ktor\u00fd bol vy\u0161kolen\u00fd v Nemecku - medzin\u00e1rodn\u00fd kvalifikovan\u00fd pracovn\u00edk m\u00e1 teraz rovnak\u00e9 podmienky ako nemeck\u00fd kvalifikovan\u00fd pracovn\u00edk vo v\u0161etk\u00fdch oh\u013eadoch.<\/li>\n<li><strong>Potvrdenie:<\/strong> Elektrik\u00e1r dostane osved\u010denie, v ktorom sa uv\u00e1dza, \u017ee jeho odborn\u00e1 pr\u00edprava je rovnocenn\u00e1 s nemeckou odbornou pr\u00edpravou - v nem\u010dine, \u010do je \u00faradne potvrden\u00e9. T\u00fdm sa dotknutej osobe poskytuje aj vy\u0161\u0161ia \u00farove\u0148 ocenenia.<\/li>\n<li><strong>Transparentnos\u0165:<\/strong> List o uznan\u00ed potvrdzuje, \u017ee odborn\u00e1 pr\u00edprava je pre dan\u00fa osobu rovnocenn\u00e1 s odbornou pr\u00edpravou v Nemecku. Jeho k\u00f3piu m\u00f4\u017eu prilo\u017ei\u0165 k \u017eiadosti - spolo\u010dnosti \u010dasto v\u00fdslovne po\u017eaduj\u00fa toto osved\u010denie o uznan\u00ed.<\/li>\n<li><strong>Zr\u00fdchlen\u00e9 h\u013eadanie pr\u00e1ce:<\/strong> V\u010faka certifik\u00e1tu je ove\u013ea jednoduch\u0161ie n\u00e1js\u0165 si pr\u00e1cu v Nemecku bez toho, aby ste museli robi\u0165 kompromisy v oblasti rovnocennosti.<\/li>\n<li><strong>\u013dah\u0161\u00ed v\u00fdstup:<\/strong> Po z\u00edskan\u00ed uznania je \u013eah\u0161ie urobi\u0165 kari\u00e9ru - post\u00fapi\u0165 na vy\u0161\u0161iu poz\u00edciu, a t\u00fdm aj do vy\u0161\u0161ej platovej triedy.<\/li>\n<li><strong>Majster remeseln\u00edk a samostatn\u00e1 z\u00e1robkov\u00e1 \u010dinnos\u0165:<\/strong> Na z\u00e1klade rovnocennosti je teraz mo\u017en\u00e9 absolvova\u0165 aj \u010fal\u0161ie vzdel\u00e1vanie, aby ste sa stali majstrom remesla. Po jeho \u00faspe\u0161nom absolvovan\u00ed sa otv\u00e1ra cesta k samostatnej z\u00e1robkovej \u010dinnosti.<\/li>\n<li><strong>Uznanie majstra:<\/strong> Ak u\u017e m\u00e1te kvalifik\u00e1ciu na \u00farovni remeseln\u00e9ho majstra zo zahrani\u010dia, m\u00f4\u017ee v\u00e1m by\u0165 tie\u017e uznan\u00e1 - to v\u00e1m otv\u00e1ra cestu ku v\u0161etk\u00fdm mo\u017enostiam vr\u00e1tane samostatnej z\u00e1robkovej \u010dinnosti a titulu remeseln\u00e9ho majstra.<\/li>\n<li><strong>Pracovn\u00e9 povolenie a h\u013eadanie pr\u00e1ce:<\/strong> Ak dan\u00fd kvalifikovan\u00fd pracovn\u00edk poch\u00e1dza z tretej krajiny, form\u00e1lne uznanie je nevyhnutnou podmienkou na z\u00edskanie povolenia na vstup do krajiny a pr\u00e1cu.<\/li>\n<\/ol>\n<h2>Ako prebieha proces odborn\u00e9ho uzn\u00e1vania?<\/h2>\n<p>Na za\u010datie a \u00faspe\u0161n\u00e9 ukon\u010denie konania je potrebn\u00e9 vykona\u0165 nieko\u013eko krokov. Za\u010d\u00edna sa podan\u00edm \u017eiadosti a s\u00favisiacich dokumentov pr\u00edslu\u0161n\u00e9mu \u00faradu - osobne na mieste, po\u0161tou s k\u00f3piami dokumentov alebo elektronicky e-mailom. Niektor\u00e9 \u00farady pon\u00fakaj\u00fa aj online port\u00e1l.<\/p>\n<p>Pr\u00edslu\u0161n\u00e9 remeseln\u00e9 a obchodn\u00e9 komory pon\u00fakaj\u00fa ve\u013ek\u00fa pomoc pri pod\u00e1van\u00ed \u017eiadost\u00ed. Pred podan\u00edm \u017eiadosti je potrebn\u00e9 vyu\u017ei\u0165 pr\u00edslu\u0161n\u00e9 poradenstvo, aby bol proces \u00faspe\u0161n\u00fd \u010do najr\u00fdchlej\u0161ie.<\/p>\n<p>Pr\u00edslu\u0161n\u00fd org\u00e1n potom do jedn\u00e9ho mesiaca potvrd\u00ed prijatie \u017eiadosti a dokumentov. Presk\u00famanie sa potom ukon\u010d\u00ed do troch mesiacov. Mo\u017en\u00e9 s\u00fa tri v\u00fdsledky:<\/p>\n<h3>V\u00fdsledok 1: Uznanie odbornej kvalifik\u00e1cie<\/h3>\n<p>Najlep\u0161\u00ed v\u00fdsledok: Je potvrden\u00e9, \u017ee zahrani\u010dn\u00fd elektrotechnik m\u00e1 odborn\u00fa kvalifik\u00e1ciu, ktor\u00e1 sp\u013a\u0148a nemeck\u00e9 po\u017eiadavky. Dotknut\u00e1 osoba m\u00e1 teraz rovnak\u00e9 pr\u00e1va ako ktor\u00fdko\u013evek in\u00fd elektrik\u00e1r s nemeckou kvalifik\u00e1ciou.<\/p>\n<h3>V\u00fdsledok 2: \u010ciasto\u010dn\u00e9 rozpoznanie<\/h3>\n<p>To potvrdzuje, \u017ee \u010das\u0165 odbornej pr\u00edpravy zodpoved\u00e1 po\u017eiadavk\u00e1m nemeckej odbornej pr\u00edpravy, ale in\u00e9 \u010dasti vykazuj\u00fa zna\u010dn\u00e9 rozdiely. Tie sa nedaj\u00fa kompenzova\u0165 inou kvalifik\u00e1ciou alebo existuj\u00facou odbornou praxou. V osved\u010den\u00ed s\u00fa op\u00edsan\u00e9 existuj\u00face rozdiely - potom je mo\u017en\u00e9 prija\u0165 tzv. adapta\u010dn\u00fa kvalifik\u00e1ciu a poda\u0165 nov\u00fa \u017eiados\u0165.<\/p>\n<h3>V\u00fdsledok 3: \u017diadne uznanie<\/h3>\n<p>Ak sa uznanie neudel\u00ed, znamen\u00e1 to, \u017ee kvalifik\u00e1cia na v\u00fdkon povolania v \u017eiadnom pr\u00edpade nesp\u013a\u0148a po\u017eiadavky nemeck\u00e9ho vzdel\u00e1vania - rozdiely s\u00fa pr\u00edli\u0161 ve\u013ek\u00e9. V pr\u00edpade potreby mo\u017eno proti tomuto rozhodnutiu podnikn\u00fa\u0165 pr\u00e1vne kroky. Neuznanie v\u0161ak neznamen\u00e1 koniec sveta.<\/p>\n<h2>\u010co ak bolo elektrik\u00e1rovi udelen\u00e9 len \u010diasto\u010dn\u00e9 uznanie?<\/h2>\n<p>Ak sa elektrik\u00e1r u\u017e nach\u00e1dza v Nemecku, m\u00f4\u017ee tu vykon\u00e1va\u0165 svoje povolanie aj bez uznania. Ak bolo udelen\u00e9 \u010diasto\u010dn\u00e9 uznanie, st\u00e1le existuje mo\u017enos\u0165 z\u00edskania adapta\u010dnej kvalifik\u00e1cie.<\/p>\n<p>Ak sa dotknut\u00e1 osoba e\u0161te nenach\u00e1dza v Nemecku, m\u00f4\u017ee vst\u00fapi\u0165 do krajiny na \u00fa\u010dely z\u00edskania adapta\u010dnej kvalifik\u00e1cie. Aj \u010diasto\u010dn\u00e9 uznanie m\u00e1 t\u00fa v\u00fdhodu, \u017ee zamestn\u00e1vatelia m\u00f4\u017eu lep\u0161ie pochopi\u0165 existuj\u00facu kvalifik\u00e1ciu - a poskytn\u00fa\u0165 \u010fal\u0161ie vzdel\u00e1vanie, ktor\u00e9 poskytuje dostato\u010dn\u00fa kvalifik\u00e1ciu.<\/p>\n<h2>Postup pri oneskorenej repatri\u00e1cii<\/h2>\n<p>Existuj\u00fa dva postupy uzn\u00e1vania repatriantov z radov etnick\u00fdch Nemcov: V tomto dokumente je op\u00edsan\u00fd postup a postup pod\u013ea \u00a7 10 BVFG (spolkov\u00fd z\u00e1kon o vyhnan\u00fdch). Ten poskytuje \u010fal\u0161iu mo\u017enos\u0165 z\u00edskania uznania, ak je tu op\u00edsan\u00fd postup ne\u00faspe\u0161n\u00fd.<\/p>\n<h2>\u010ciasto\u010dn\u00e1 odborn\u00e1 pr\u00edprava v zahrani\u010d\u00ed<\/h2>\n<p>Ak existuj\u00faca odborn\u00e1 kvalifik\u00e1cia zo zahrani\u010dia nie je v Nemecku uzn\u00e1van\u00e1 alebo je uzn\u00e1van\u00e1 len \u010diasto\u010dne, je mo\u017en\u00e9 absolvova\u0165 odborn\u00fa pr\u00edpravu v zahrani\u010d\u00ed - \u0161tandardizovan\u00fdmi postupmi, ktor\u00e9 s\u00fa v Nemecku uzn\u00e1van\u00e9:<\/p>\n<ul>\n<li><strong>Proces EuroSkill-plus:<\/strong> St\u00e1\u017eisti v Spojenom kr\u00e1\u013eovstve, Taliansku, \u0160panielsku a \u010ceskej republike m\u00f4\u017eu absolvova\u0165 st\u00e1\u017e v zahrani\u010d\u00ed, ktor\u00e1 je uznan\u00e1 v Nemecku. Tieto st\u00e1\u017ee trvaj\u00fa 4 t\u00fd\u017edne a s\u00fa k dispoz\u00edcii v Plymouthe (Spojen\u00e9 kr\u00e1\u013eovstvo), Brescii (Taliansko), Barcelone (\u0160panielsko) a Strakoniciach (\u010cesk\u00e1 republika).<\/li>\n<li><strong>St\u00e1\u017ee v zahrani\u010d\u00ed pod\u013ea programu Europassistant:<\/strong> Tieto posledn\u00e9 3 t\u00fd\u017edne.<\/li>\n<\/ul>\n<p>Adapta\u010dn\u00e9 kurzy s\u00fa \u010dasto na konci uzn\u00e1vacieho konania. V pr\u00edpade elektrotechniky sa tu vyu\u010duj\u00fa praktick\u00e9 aj teoretick\u00e9 znalosti. Adapta\u010dn\u00e9 kvalifik\u00e1cie sa v s\u00fa\u010dasnosti pon\u00fakaj\u00fa aj ako online kurzy - u\u013eah\u010duj\u00fa tak \u00fa\u010das\u0165 a obozn\u00e1menie sa s normami, predpismi a platn\u00fdmi bezpe\u010dnostn\u00fdmi nariadeniami.<\/p>\n<div style=\"background: #f0f0f0; border-left: 4px solid #1a3a5c; padding: 16px; margin: 24px 0;\"><strong>Pozn\u00e1mka pre klientov:<\/strong> Spolo\u010dnos\u0165 Global Business Recruiting umiest\u0148uje elektrik\u00e1rov z Po\u013eska, Slovenska a \u010ceskej republiky na z\u00e1klade zmluvy. Subdod\u00e1vatelia poskytuj\u00fa bezchybn\u00e9 doklady o kvalifik\u00e1cii, certifik\u00e1ty a referencie. Form\u00e1lne uznanie odbornej sp\u00f4sobilosti nie je pre vyu\u017eitie subdod\u00e1vate\u013ea povinn\u00e9 - odborn\u00fa sp\u00f4sobilos\u0165 preverujeme. <a href=\"https:\/\/global-business-recruiting.de\/sk\/dopyt\/\">Vy\u017eiadajte si elektrik\u00e1ra teraz \u2192<\/a><\/div>\n<p><!-- INTERNE VERLINKUNG --><\/p>\n<h2>Podobn\u00e9 t\u00e9my z elektrotechnick\u00e9ho priemyslu<\/h2>\n<ul>\n<li><a href=\"https:\/\/global-business-recruiting.de\/sk\/profesie\/elektrikar\/\">Elektrik\u00e1ri z v\u00fdchodnej Eur\u00f3py - \u017diados\u0165 o subdod\u00e1vate\u013ea<\/a><\/li>\n<li><a href=\"https:\/\/global-business-recruiting.de\/sk\/pobocky\/elektrotechnika\/\">Subdod\u00e1vatelia pre elektrotechnick\u00fd sektor<\/a><\/li>\n<li><a href=\"https:\/\/global-business-recruiting.de\/sk\/poznat\/pravne\/prenajom-pracovnej-sily-vs-subdodavky\/\">Do\u010dasn\u00e9 zamestn\u00e1vanie vs. subdod\u00e1vky - rozdiely<\/a><\/li>\n<li><a href=\"https:\/\/global-business-recruiting.de\/sk\/krajiny\/polsko\/\">Elektrik\u00e1ri z Po\u013eska<\/a><\/li>\n<li><a href=\"https:\/\/global-business-recruiting.de\/sk\/krajiny\/slovensko\/\">Elektrik\u00e1r zo Slovenska<\/a><\/li>\n<li><a href=\"https:\/\/global-business-recruiting.de\/sk\/krajiny\/ceska-republika\/\">Elektrik\u00e1r z \u010ceskej republiky<\/a><\/li>\n<\/ul>\n<p><!-- CTA --><\/p>\n<\/div><\/div><\/div><\/div><\/div><\/div><\/section>","protected":false},"excerpt":{"rendered":"Hat ein Elektriker einen Berufsabschluss aus dem Ausland, stellt sich die Frage, ob eine Anerkennung des Abschlusses in Deutschland zwingend erforderlich ist. Die Rechtslage ist hier differenziert: Nicht f\u00fcr alle Berufsabschl\u00fcsse muss ein Anerkennungsverfahren durchlaufen werden \u2013 und das hat direkte Konsequenzen f\u00fcr Subunternehmer und Fachkr\u00e4fte aus Osteuropa. Ist der Elektriker-Beruf in Deutschland reglementiert? Ist...","protected":false},"author":1,"featured_media":10531,"parent":9347,"menu_order":0,"comment_status":"closed","ping_status":"closed","template":"","meta":{"_acf_changed":false,"footnotes":""},"class_list":["post-9739","page","type-page","status-publish","has-post-thumbnail","hentry"],"acf":[],"_links":{"self":[{"href":"https:\/\/global-business-recruiting.de\/sk\/wp-json\/wp\/v2\/pages\/9739","targetHints":{"allow":["GET"]}}],"collection":[{"href":"https:\/\/global-business-recruiting.de\/sk\/wp-json\/wp\/v2\/pages"}],"about":[{"href":"https:\/\/global-business-recruiting.de\/sk\/wp-json\/wp\/v2\/types\/page"}],"author":[{"embeddable":true,"href":"https:\/\/global-business-recruiting.de\/sk\/wp-json\/wp\/v2\/users\/1"}],"replies":[{"embeddable":true,"href":"https:\/\/global-business-recruiting.de\/sk\/wp-json\/wp\/v2\/comments?post=9739"}],"version-history":[{"count":9,"href":"https:\/\/global-business-recruiting.de\/sk\/wp-json\/wp\/v2\/pages\/9739\/revisions"}],"predecessor-version":[{"id":11085,"href":"https:\/\/global-business-recruiting.de\/sk\/wp-json\/wp\/v2\/pages\/9739\/revisions\/11085"}],"up":[{"embeddable":true,"href":"https:\/\/global-business-recruiting.de\/sk\/wp-json\/wp\/v2\/pages\/9347"}],"wp:featuredmedia":[{"embeddable":true,"href":"https:\/\/global-business-recruiting.de\/sk\/wp-json\/wp\/v2\/media\/10531"}],"wp:attachment":[{"href":"https:\/\/global-business-recruiting.de\/sk\/wp-json\/wp\/v2\/media?parent=9739"}],"curies":[{"name":"wp","href":"https:\/\/api.w.org\/{rel}","templated":true}]}}