{"id":9796,"date":"2026-03-11T09:53:59","date_gmt":"2026-03-11T09:53:59","guid":{"rendered":"https:\/\/global-business-recruiting.de\/?page_id=9796"},"modified":"2026-03-29T12:47:53","modified_gmt":"2026-03-29T12:47:53","slug":"zakazky-zadane-subdodavatelom","status":"publish","type":"page","link":"https:\/\/global-business-recruiting.de\/sk\/wissen\/auftraege-an-subunternehmer-vergeben\/","title":{"rendered":"Zad\u00e1vanie z\u00e1kaziek subdod\u00e1vate\u013eom: ako u\u0161etri\u0165 \u010das a zdroje"},"content":{"rendered":"<section class=\"l-section wpb_row height_custom\"><div class=\"l-section-h i-cf\"><div class=\"g-cols vc_row via_grid cols_1 laptops-cols_inherit tablets-cols_inherit mobiles-cols_1 valign_top type_default stacking_default\"><div class=\"wpb_column vc_column_container\"><div class=\"vc_column-inner\"><div class=\"wpb_text_column\"><div class=\"wpb_wrapper\"><p>M\u00e1te nedostatok zamestnancov a potrebujete r\u00fdchle a efekt\u00edvne rie\u0161enie, aby ste u\u0161etrili \u010das a zdroje a mohli svoj projekt zrealizova\u0165 v\u010das? Firmy v Bavorsku a v celom Nemecku akt\u00edvne h\u013eadaj\u00fa spo\u013eahliv\u00fdch subdod\u00e1vate\u013eov pre svoje z\u00e1kazky.<\/p>\n<h2>Pre\u010do zad\u00e1va\u0165 z\u00e1kazky subdod\u00e1vate\u013eom?<\/h2>\n<p>Mnoh\u00e9 podniky v Bavorsku a Nemecku s\u00fa postihnut\u00e9 nedostatkom zamestnancov. \u010casto sa h\u013eadaj\u00fa subdod\u00e1vatelia, ktor\u00ed by prevzali aktu\u00e1lne z\u00e1kazky. Spolo\u010dnosti m\u00f4\u017eu n\u00e1js\u0165 vhodn\u00fdch subdod\u00e1vate\u013eov prostredn\u00edctvom inzer\u00e1tov v inzer\u00e1toch alebo na in\u00fdch port\u00e1loch. H\u013eadanie vhodn\u00fdch subdod\u00e1vate\u013eov si m\u00f4\u017ee vy\u017eadova\u0165 \u010das a prostriedky. Preto sa odpor\u00fa\u010da zaregistrova\u0165 sa, aby ste sa mohli prihl\u00e1si\u0165 na pracovn\u00e9 miesta. Uzatv\u00e1ranie subdod\u00e1vok m\u00f4\u017ee zv\u00fd\u0161i\u0165 efekt\u00edvnos\u0165 a vies\u0165 k \u00faspe\u0161nej spolupr\u00e1ci. Jasn\u00e9 pracovn\u00e9 pokyny a efekt\u00edvna komunik\u00e1cia m\u00f4\u017eu optimalizova\u0165 spracovanie z\u00e1kazky a kontrolu kvality. V\u00fdber spr\u00e1vnych subdod\u00e1vate\u013eov zohr\u00e1va k\u013e\u00fa\u010dov\u00fa \u00falohu pri \u0161etren\u00ed \u010dasu a zdrojov a zvy\u0161ovan\u00ed efekt\u00edvnosti v r\u00e1mci organiz\u00e1cie.<\/p>\n<h2>Ak\u00e9 s\u00fa v\u00fdhody subdod\u00e1vate\u013eov pre va\u0161u spolo\u010dnos\u0165?<\/h2>\n<p>Existuje nieko\u013eko d\u00f4vodov, pre\u010do sa z\u00e1kazky m\u00f4\u017eu zad\u00e1va\u0165 subdod\u00e1vate\u013eom:<\/p>\n<ol>\n<li><strong>\u00dazke miesta v kapacite:<\/strong><span>\u00a0<\/span>Ak spolo\u010dnos\u0165 nem\u00e1 dostatok intern\u00fdch zdrojov na splnenie z\u00e1kazky, m\u00f4\u017ee by\u0165 potrebn\u00e9 vyu\u017ei\u0165 dodato\u010dn\u00fa pracovn\u00fa silu od subdod\u00e1vate\u013eov.<\/li>\n<li><strong>\u0160pecializ\u00e1cia a odborn\u00e9 znalosti:<\/strong><span>\u00a0<\/span>Subdod\u00e1vatelia sa m\u00f4\u017eu \u0161pecializova\u0165 na ur\u010dit\u00e9 oblasti a by\u0165 odborn\u00edkmi vo svojom odbore, \u010do spolo\u010dnosti umo\u017e\u0148uje z\u00edska\u0165 vysokokvalitn\u00fa pr\u00e1cu.<\/li>\n<li><strong>\u00daspora n\u00e1kladov:<\/strong><span>\u00a0<\/span>Subdod\u00e1vatelia m\u00f4\u017eu \u010dasto pon\u00faka\u0165 slu\u017eby za v\u00fdhodnej\u0161iu cenu ako samotn\u00e1 spolo\u010dnos\u0165, preto\u017ee m\u00f4\u017eu ma\u0165 ni\u017e\u0161ie prev\u00e1dzkov\u00e9 n\u00e1klady.<\/li>\n<li><strong>Flexibilita:<\/strong><span>\u00a0<\/span>V\u010faka spolupr\u00e1ci so subdod\u00e1vate\u013emi m\u00f4\u017ee spolo\u010dnos\u0165 pru\u017enej\u0161ie reagova\u0165 na meniace sa po\u017eiadavky a potreby.<\/li>\n<li><strong>\u00daspora \u010dasu:<\/strong><span>\u00a0<\/span>V\u010faka subdod\u00e1vkam m\u00f4\u017ee spolo\u010dnos\u0165 u\u0161etri\u0165 \u010das, ktor\u00fd by inak potrebovala na n\u00e1bor a \u0161kolenie \u010fal\u0161\u00edch intern\u00fdch zamestnancov.<\/li>\n<\/ol>\n<p>V\u00fdhody s\u00fa zrejm\u00e9: subdod\u00e1vky v\u00e1m umo\u017e\u0148uj\u00fa efekt\u00edvnej\u0161ie vyu\u017e\u00edva\u0165 zdroje a \u0161etri\u0165 \u010das. Tieto spolo\u010dnosti s\u00fa \u0161pecializovan\u00e9 a maj\u00fa potrebn\u00e9 odborn\u00e9 znalosti na profesion\u00e1lne vykonanie pr\u00e1c. T\u00fdm, \u017ee sa s\u00fastred\u00edte na svoje hlavn\u00e9 kompetencie a niektor\u00e9 \u00falohy delegujete na subdod\u00e1vate\u013eov, zvy\u0161ujete efekt\u00edvnos\u0165 svojich prev\u00e1dzkov\u00fdch procesov. Roz\u0161\u00edrite tie\u017e svoju sie\u0165 a vyu\u017eijete flexibilitu, ktor\u00fa pon\u00fakaj\u00fa subdod\u00e1vatelia. V\u010faka jasnej komunik\u00e1cii a dobrej spolupr\u00e1ci m\u00f4\u017eete zabezpe\u010di\u0165, aby spracovanie z\u00e1kaziek prebiehalo hladko a kvalita pr\u00e1ce bola v\u017edy zaru\u010den\u00e1. To v\u00e1m umo\u017en\u00ed \u00faspe\u0161ne optimalizova\u0165 va\u0161u spolo\u010dnos\u0165 a z\u00e1rove\u0148 u\u0161etri\u0165 \u010das a zdroje.<\/p>\n<h2>Ako vyber\u00e1te vhodn\u00fdch subdod\u00e1vate\u013eov pre svoje z\u00e1kazky?<\/h2>\n<p>Pri v\u00fdbere vhodn\u00fdch subdod\u00e1vate\u013eov pre va\u0161e z\u00e1kazky v Nemecku je ve\u013emi d\u00f4le\u017eit\u00e1 starostlivos\u0165. Spolo\u010dnosti v<span>\u00a0<\/span><a href=\"https:\/\/global-business-recruiting.de\/sk\/pobocky\/stavebnictvo\/\">Stavebn\u00edctvo<\/a>,<span>\u00a0<\/span><a href=\"https:\/\/global-business-recruiting.de\/sk\/pobocky\/cistenie-zariadeni\/\">\u010cistenie<\/a><span>\u00a0<\/span>alebo<span>\u00a0<\/span><a href=\"https:\/\/global-business-recruiting.de\/sk\/pobocky\/priemyselna-vyroba\/\">Priemysel<\/a>, Subdod\u00e1vatelia by nemali len reagova\u0165 na inzer\u00e1ty alebo inzer\u00e1ty, ale mali by akt\u00edvne vyh\u013ead\u00e1va\u0165 vhodn\u00e9 spolo\u010dnosti. Aktu\u00e1lne vyh\u013ead\u00e1vanie spo\u013eahliv\u00fdch subdod\u00e1vate\u013eov mo\u017eno vykon\u00e1va\u0165 prostredn\u00edctvom siet\u00ed, obchodn\u00fdch adres\u00e1rov alebo odpor\u00fa\u010dan\u00ed. Pri h\u013eadan\u00ed by ste mali dba\u0165 na seri\u00f3znos\u0165 a sk\u00fasenosti spolo\u010dnost\u00ed. H\u013ead\u00e1me partnerov, ktor\u00ed nielen splnia z\u00e1kazku, ale sna\u017eia sa aj o dlhodob\u00fa spolupr\u00e1cu. Spolo\u010dnos\u0165 Global Business Recruiting v\u00e1m m\u00f4\u017ee poskytn\u00fa\u0165 kvalifikovan\u00fdch a certifikovan\u00fdch subdod\u00e1vate\u013eov z Po\u013eska, \u010ceskej republiky, Slovenska, Ma\u010farska, Bulharska, Turecka a \u010fal\u0161\u00edch kraj\u00edn v\u00fdchodnej Eur\u00f3py.<\/p>\n<h2>Ako je zabezpe\u010den\u00e1 efekt\u00edvna komunik\u00e1cia so subdod\u00e1vate\u013emi?<\/h2>\n<p>Efekt\u00edvna koordin\u00e1cia so subdod\u00e1vate\u013emi je nevyhnutn\u00e1 na zabezpe\u010denie hladk\u00e9ho priebehu procesov. Jasn\u00e1 komunik\u00e1cia je z\u00e1kladom \u00faspe\u0161nej spolupr\u00e1ce. Odpor\u00fa\u010da sa dohodn\u00fa\u0165 si pravideln\u00e9 stretnutia alebo konferen\u010dn\u00e9 hovory na objasnenie otvoren\u00fdch ot\u00e1zok a prediskutovanie postupu pr\u00e1c. Na zachovanie transparentnosti inform\u00e1ci\u00ed by sa mali pou\u017e\u00edva\u0165 aj p\u00edsomn\u00e9 komunika\u010dn\u00e9 kan\u00e1ly, ako s\u00fa e-maily alebo messengery. Dobre \u0161trukt\u00farovan\u00fd komunika\u010dn\u00fd pl\u00e1n m\u00f4\u017ee zabr\u00e1ni\u0165 nedorozumeniam a zv\u00fd\u0161i\u0165 produktivitu. Definovanie povinnost\u00ed a dostupnosti je k\u013e\u00fa\u010dov\u00e9, aby bolo mo\u017en\u00e9 promptne reagova\u0165 na ot\u00e1zky. Jasn\u00e1 a efekt\u00edvna komunik\u00e1cia m\u00f4\u017ee minimalizova\u0165 nedorozumenia a optimalizova\u0165 kvalitu pr\u00e1ce.<\/p>\n<h2>Na \u010do by ste si mali d\u00e1va\u0165 pozor pri zad\u00e1van\u00ed z\u00e1kaziek subdod\u00e1vate\u013eom?<\/h2>\n<p>Pri zad\u00e1van\u00ed z\u00e1kaziek subdod\u00e1vate\u013eom by ste mali venova\u0165 osobitn\u00fa pozornos\u0165 transparentnosti a spo\u013eahlivosti. Jasn\u00e9 dohody t\u00fdkaj\u00face sa slu\u017eieb, term\u00ednov a kvality s\u00fa k\u013e\u00fa\u010dov\u00e9, aby sa predi\u0161lo nedorozumeniam. Odpor\u00fa\u010da sa preveri\u0165 referencie subdod\u00e1vate\u013eov a starostlivo vypracova\u0165 zmluvn\u00e9 predpisy. K\u013e\u00fa\u010dov\u00fa \u00falohu zohr\u00e1va aj komunik\u00e1cia: pravideln\u00e9 dohody a otvoren\u00fd dial\u00f3g podporuj\u00fa hladk\u00fa spolupr\u00e1cu. Vyhnite sa rozhodovaniu v kr\u00e1tkom \u010dase a venujte \u010das v\u00fdberu najlep\u0161ieho mo\u017en\u00e9ho partnera pre va\u0161e z\u00e1kazky. V\u010faka profesion\u00e1lnemu v\u00fdberu a jasnej komunik\u00e1cii m\u00f4\u017eete zabezpe\u010di\u0165 kvalitu svojich slu\u017eieb a vybudova\u0165 dlhodob\u00e9 partnerstvo. Uistite sa, \u017ee subdod\u00e1vatelia zdie\u013eaj\u00fa va\u0161e firemn\u00e9 hodnoty a zapadaj\u00fa do celkov\u00e9ho smerovania va\u0161ej spolo\u010dnosti.<\/p>\n<h2>Ak\u00e9 zmluvn\u00e9 dohody potrebujete so subdod\u00e1vate\u013emi?<\/h2>\n<p>Pri zad\u00e1van\u00ed z\u00e1kaziek subdod\u00e1vate\u013eom je nevyhnutn\u00e9 uzavrie\u0165 jasn\u00e9 a z\u00e1v\u00e4zn\u00e9 zmluvn\u00e9 dohody. Tieto dohody by mali zah\u0155\u0148a\u0165 v\u0161etky relevantn\u00e9 podrobnosti zmluvy vr\u00e1tane po\u017eiadaviek na plnenie, \u010dasov\u00fdch r\u00e1mcov, platobn\u00fdch podmienok a ot\u00e1zok zodpovednosti. Jasn\u00e9 zmluvy minimalizuj\u00fa riziko nedorozumen\u00ed a robia pr\u00e1cu so subdod\u00e1vate\u013emi transparentnou a efekt\u00edvnou. Pre va\u0161u spolo\u010dnos\u0165 aj pre subdod\u00e1vate\u013eov je d\u00f4le\u017eit\u00e9, aby v\u0161etky strany mali jasne definovan\u00e9 svoje povinnosti a pr\u00e1va, aby sa predi\u0161lo potenci\u00e1lnym konfliktom alebo probl\u00e9mom.<\/p>\n<p>Viac inform\u00e1ci\u00ed o najd\u00f4le\u017eitej\u0161\u00edch zmluvn\u00fdch ustanoveniach:<span>\u00a0<\/span><a href=\"https:\/\/global-business-recruiting.de\/sk\/poznat\/zmluvne-dolozky-subdodavatelov\/\">Z\u00e1kladn\u00e9 prvky zml\u00fav so subdod\u00e1vate\u013emi<\/a><span>\u00a0<\/span>a<span>\u00a0<\/span><a href=\"https:\/\/global-business-recruiting.de\/sk\/poznat\/zmluva-o-poskytovani-sluzieb-vs-zmluva-o-dielo\/\">Zmluva o poskytovan\u00ed slu\u017eieb vs. zmluva o dielo<\/a>.<\/p>\n<h2>Ak\u00fd v\u00fdznam maj\u00fa jasn\u00e9 pracovn\u00e9 pokyny pre subdod\u00e1vate\u013eov?<\/h2>\n<p>Jasn\u00e9 pracovn\u00e9 pokyny s\u00fa z\u00e1kladom ka\u017edej \u00faspe\u0161nej spolupr\u00e1ce so subdod\u00e1vate\u013emi. Presn\u00e9 pokyny zabezpe\u010duj\u00fa nielen kvalitu pr\u00e1ce, ale aj efekt\u00edvnos\u0165 cel\u00e9ho procesu. Subdod\u00e1vatelia potrebuj\u00fa jasn\u00e9 pokyny, aby mohli optim\u00e1lne plni\u0165 svoje \u00falohy a vyhn\u00fa\u0165 sa nedorozumeniam. Dbajte na to, aby boli jasne ozn\u00e1men\u00e9 v\u0161etky podrobnosti o pr\u00e1ci vr\u00e1tane term\u00ednov, \u0161pecifick\u00fdch po\u017eiadaviek a noriem kvality. Podrobn\u00e9 p\u00edsomn\u00e9 pracovn\u00e9 pokyny m\u00f4\u017eu od za\u010diatku zabr\u00e1ni\u0165 nedorozumeniam a pom\u00f4c\u0165 zabezpe\u010di\u0165 hladk\u00fd priebeh pr\u00e1ce. Nezabudnite poskytova\u0165 pravideln\u00fa sp\u00e4tn\u00fa v\u00e4zbu a pod\u013ea potreby upravova\u0165 pracovn\u00e9 pokyny, aby spolupr\u00e1ca zostala efekt\u00edvna.<\/p>\n<h2>Ako je zabezpe\u010den\u00e9 spracovanie objedn\u00e1vok a kontrola kvality subdod\u00e1vate\u013eov?<\/h2>\n<p>Hladk\u00e9 spracovanie objedn\u00e1vok a \u00fa\u010dinn\u00e1 kontrola kvality subdod\u00e1vate\u013eov s\u00fa pre \u00faspech va\u0161ej spolo\u010dnosti k\u013e\u00fa\u010dov\u00e9. Jasn\u00e9 pracovn\u00e9 pokyny a pravideln\u00e9 kontroly zabezpe\u010duj\u00fa profesion\u00e1lne vykon\u00e1vanie z\u00e1kaziek. Komunik\u00e1cia je tu k\u013e\u00fa\u010dov\u00e1, aby sa predi\u0161lo nedorozumeniam a jasne sa definovali o\u010dak\u00e1vania. Pravideln\u00e9 kol\u00e1 sp\u00e4tnej v\u00e4zby v\u00e1m umo\u017enia r\u00fdchlo reagova\u0165 na pr\u00edpadn\u00e9 probl\u00e9my a v pr\u00edpade potreby vykona\u0165 \u00fapravy. Nezabudnite podrobne zaznamen\u00e1va\u0165 zmluvn\u00e9 dohody, aby ste si zaistili pr\u00e1vnu istotu. Transparentn\u00fd n\u00e1vrh procesov pom\u00e1ha efekt\u00edvne organizova\u0165 spolupr\u00e1cu a zabezpe\u010di\u0165 \u0161tandardy kvality.<\/p>\n<h2>Ako u\u0161etr\u00edte \u010das a zdroje?<\/h2>\n<p>K\u013e\u00fa\u010dom k \u00faspechu v dne\u0161nom svete podnikania je efekt\u00edvnos\u0165. Cielenou optimaliz\u00e1ciou procesov m\u00f4\u017eete u\u0161etri\u0165 nielen \u010das, ale aj cenn\u00e9 zdroje. Pokia\u013e ide o subdod\u00e1vky, rozhoduj\u00faci je \u0161trukt\u00farovan\u00fd pr\u00edstup. Definujte jasn\u00e9 pracovn\u00e9 postupy a komunika\u010dn\u00e9 kan\u00e1ly, aby ste predi\u0161li nedorozumeniam a zv\u00fd\u0161ili efekt\u00edvnos\u0165. Stanovte si spolu so subdod\u00e1vate\u013emi jasn\u00e9 ciele a pravidelne kontrolujte pokrok. Zameran\u00edm sa na transparentn\u00e9 spracovanie z\u00e1kaziek a kontrolu kvality zabezpe\u010d\u00edte hladk\u00fa spolupr\u00e1cu a optim\u00e1lne v\u00fdsledky.<\/p>\n<h2>Z\u00e1ver: \u00daspe\u0161n\u00e1 spolupr\u00e1ca so subdod\u00e1vate\u013emi<\/h2>\n<p>K\u013e\u00fa\u010dom k \u00faspechu v dne\u0161nom svete podnikania je zvy\u0161ovanie efekt\u00edvnosti. Spolupr\u00e1cou so subdod\u00e1vate\u013emi m\u00f4\u017eete nielen u\u0161etri\u0165 \u010das a zdroje, ale aj zv\u00fd\u0161i\u0165 kvalitu svojich slu\u017eieb. Pre bezprobl\u00e9mov\u00e9 plnenie z\u00e1kaziek s\u00fa rozhoduj\u00face jasn\u00e9 pracovn\u00e9 pokyny a efekt\u00edvna komunik\u00e1cia. Spolo\u010dnosti v Bavorsku a v celom Nemecku akt\u00edvne h\u013eadaj\u00fa spo\u013eahliv\u00fdch subdod\u00e1vate\u013eov na \u00faspe\u0161n\u00fa realiz\u00e1ciu svojich projektov. Stanoven\u00edm jasn\u00fdch zmluvn\u00fdch doh\u00f4d a zabezpe\u010den\u00edm kontroly kvality m\u00f4\u017eete minimalizova\u0165 riziko nedorozumen\u00ed. Spr\u00e1vnym v\u00fdberom a efekt\u00edvnou spolupr\u00e1cou m\u00f4\u017eete dosiahnu\u0165 svoje obchodn\u00e9 ciele a posilni\u0165 svoju konkurencieschopnos\u0165.<\/p>\n<h2>\u010casto kladen\u00e9 ot\u00e1zky o subdod\u00e1vkach<\/h2>\n<\/div><\/div><div class=\"w-separator size_small\"><\/div><div class=\"w-tabs style_default switch_click accordion type_togglable has_scrolling\" style=\"--sections-title-size:inherit\"><div class=\"w-tabs-sections titles-align_none icon_chevron cpos_right\"><div class=\"w-tabs-section\" id=\"u860\" itemscope itemprop=\"mainEntity\" itemtype=\"https:\/\/schema.org\/Question\"><button class=\"w-tabs-section-header\" aria-controls=\"content-u860\" aria-expanded=\"false\"><div class=\"w-tabs-section-title\" itemprop=\"name\">Ako m\u00f4\u017eem z\u00edska\u0165 objedn\u00e1vky ako subdod\u00e1vate\u013e?<\/div><div class=\"w-tabs-section-control\"><\/div><\/button><div  class=\"w-tabs-section-content\" id=\"content-u860\" itemscope itemprop=\"acceptedAnswer\" itemtype=\"https:\/\/schema.org\/Answer\"><div class=\"w-tabs-section-content-h i-cf\" itemprop=\"text\"><div class=\"wpb_text_column\"><div class=\"wpb_wrapper\"><p>Ako subdod\u00e1vate\u013e m\u00f4\u017eete z\u00edska\u0165 z\u00e1kazky r\u00f4znymi sp\u00f4sobmi. Po prv\u00e9, je d\u00f4le\u017eit\u00e9 vybudova\u0165 si profesion\u00e1lnu sie\u0165. To znamen\u00e1 nadviaza\u0165 kontakty s potenci\u00e1lnymi klientmi a prezentova\u0165 sa ako spo\u013eahliv\u00fd partner. Takisto je u\u017eito\u010dn\u00e9 zaregistrova\u0165 sa na zmluvn\u00fdch platform\u00e1ch a akt\u00edvne vyh\u013ead\u00e1va\u0165 vhodn\u00e9 z\u00e1kazky tam. Global Business Recruiting je sk\u00fasen\u00fd poskytovate\u013e person\u00e1lnych slu\u017eieb, ktor\u00fd sa \u0161pecializuje na subdod\u00e1vate\u013esk\u00e9 \u00falohy z Po\u013eska, Slovenska, \u010ceskej republiky a v\u00fdchodnej Eur\u00f3py.<\/p>\n<\/div><\/div><\/div><\/div><\/div><div class=\"w-tabs-section\" id=\"r979\" itemscope itemprop=\"mainEntity\" itemtype=\"https:\/\/schema.org\/Question\"><button class=\"w-tabs-section-header\" aria-controls=\"content-r979\" aria-expanded=\"false\"><div class=\"w-tabs-section-title\" itemprop=\"name\">Kde m\u00f4\u017eem z\u00edska\u0165 pr\u00e1cu ako subdod\u00e1vate\u013e?<\/div><div class=\"w-tabs-section-control\"><\/div><\/button><div  class=\"w-tabs-section-content\" id=\"content-r979\" itemscope itemprop=\"acceptedAnswer\" itemtype=\"https:\/\/schema.org\/Answer\"><div class=\"w-tabs-section-content-h i-cf\" itemprop=\"text\"><div class=\"wpb_text_column\"><div class=\"wpb_wrapper\"><p>Existuj\u00fa r\u00f4zne sp\u00f4soby z\u00edskavania objedn\u00e1vok, napr\u00edklad pomocou online platforiem. D\u00f4le\u017eit\u00fdm pr\u00edstupom k h\u013eadaniu potenci\u00e1lnych z\u00e1kazn\u00edkov je aj vytv\u00e1ranie siet\u00ed. Z\u00fa\u010dast\u0148ujte sa na priemyseln\u00fdch podujatiach, nadv\u00e4zujte kontakty a prezentujte svoje slu\u017eby. M\u00f4\u017eete sa tie\u017e uch\u00e1dza\u0165 o zamestnanie v miestnych spolo\u010dnostiach a agent\u00farach alebo zverej\u0148ova\u0165 inzer\u00e1ty a pracovn\u00e9 port\u00e1ly.<\/p>\n<\/div><\/div><\/div><\/div><\/div><div class=\"w-tabs-section\" id=\"ka55\" itemscope itemprop=\"mainEntity\" itemtype=\"https:\/\/schema.org\/Question\"><button class=\"w-tabs-section-header\" aria-controls=\"content-ka55\" aria-expanded=\"false\"><div class=\"w-tabs-section-title\" itemprop=\"name\">Ko\u013eko zar\u00e1bate ako subdod\u00e1vate\u013e?<\/div><div class=\"w-tabs-section-control\"><\/div><\/button><div  class=\"w-tabs-section-content\" id=\"content-ka55\" itemscope itemprop=\"acceptedAnswer\" itemtype=\"https:\/\/schema.org\/Answer\"><div class=\"w-tabs-section-content-h i-cf\" itemprop=\"text\"><div class=\"wpb_text_column\"><div class=\"wpb_wrapper\"><p>Pr\u00edjmy subdod\u00e1vate\u013ea sa l\u00ed\u0161ia v z\u00e1vislosti od odvetvia, typu pr\u00e1ce a individu\u00e1lnej dohody s klientom. Potenci\u00e1l z\u00e1robku sa preto m\u00f4\u017ee v\u00fdrazne l\u00ed\u0161i\u0165. Niektor\u00ed subdod\u00e1vatelia zar\u00e1baj\u00fa za hodinu alebo denn\u00fa sadzbu, zatia\u013e \u010do in\u00ed m\u00f4\u017eu dost\u00e1va\u0165 pevn\u00fa sumu za dokon\u010den\u00fd projekt. Je d\u00f4le\u017eit\u00e9 poznamena\u0165, \u017ee subdod\u00e1vatelia si zvy\u010dajne musia hradi\u0165 vlastn\u00e9 prev\u00e1dzkov\u00e9 n\u00e1klady.<\/p>\n<\/div><\/div><\/div><\/div><\/div><div class=\"w-tabs-section\" id=\"ob2d\" itemscope itemprop=\"mainEntity\" itemtype=\"https:\/\/schema.org\/Question\"><button class=\"w-tabs-section-header\" aria-controls=\"content-ob2d\" aria-expanded=\"false\"><div class=\"w-tabs-section-title\" itemprop=\"name\">Kto plat\u00ed subdod\u00e1vate\u013eovi?<\/div><div class=\"w-tabs-section-control\"><\/div><\/button><div  class=\"w-tabs-section-content\" id=\"content-ob2d\" itemscope itemprop=\"acceptedAnswer\" itemtype=\"https:\/\/schema.org\/Answer\"><div class=\"w-tabs-section-content-h i-cf\" itemprop=\"text\"><div class=\"wpb_text_column\"><div class=\"wpb_wrapper\"><p>Subdod\u00e1vate\u013eovi zvy\u010dajne plat\u00ed hlavn\u00fd dod\u00e1vate\u013e. To znamen\u00e1, \u017ee hlavn\u00fd zhotovite\u013e uhr\u00e1dza fakt\u00fary subdod\u00e1vate\u013ea. Je d\u00f4le\u017eit\u00e9, aby sa medzi hlavn\u00fdm dod\u00e1vate\u013eom a subdod\u00e1vate\u013eom uzavreli jasn\u00e9 zmluvn\u00e9 dohody, v ktor\u00fdch sa vymedzia platobn\u00e9 podmienky.<\/p>\n<\/div><\/div><\/div><\/div><\/div><div class=\"w-tabs-section\" id=\"dc0b\" itemscope itemprop=\"mainEntity\" itemtype=\"https:\/\/schema.org\/Question\"><button class=\"w-tabs-section-header\" aria-controls=\"content-dc0b\" aria-expanded=\"false\"><div class=\"w-tabs-section-title\" itemprop=\"name\">Ako m\u00f4\u017eem n\u00e1js\u0165 spo\u013eahliv\u00fdch subdod\u00e1vate\u013eov z v\u00fdchodnej Eur\u00f3py?<\/div><div class=\"w-tabs-section-control\"><\/div><\/button><div  class=\"w-tabs-section-content\" id=\"content-dc0b\" itemscope itemprop=\"acceptedAnswer\" itemtype=\"https:\/\/schema.org\/Answer\"><div class=\"w-tabs-section-content-h i-cf\" itemprop=\"text\"><div class=\"wpb_text_column\"><div class=\"wpb_wrapper\"><p>Global Business Recruiting m\u00e1 rozsiahlu sie\u0165 kvalifikovan\u00fdch a certifikovan\u00fdch subdod\u00e1vate\u013eov z Po\u013eska, \u010ceskej republiky, Slovenska, Ma\u010farska a \u010fal\u0161\u00edch v\u00fdchodoeur\u00f3pskych kraj\u00edn. Pom\u00f4\u017eeme v\u00e1m n\u00e1js\u0165 vhodn\u00e9ho partnera pre va\u0161e z\u00e1kazky - r\u00fdchlo, v s\u00falade s pr\u00e1vnymi predpismi a bez komplik\u00e1ci\u00ed.<\/p>\n<\/div><\/div><\/div><\/div><\/div><\/div><\/div><\/div><\/div><\/div><\/div><\/section>","protected":false},"excerpt":{"rendered":"Haben Sie Personalmangel und brauche eine schnelle und effiziente L\u00f6sung, um Zeit und Ressourcen zu sparen sowie um Ihr Projekt rechtzeitig umsetzen zu k\u00f6nnen? In Bayern und ganz Deutschland suchen Unternehmen aktiv nach zuverl\u00e4ssigen Subunternehmern f\u00fcr Ihre Auftr\u00e4ge. Warum Auftr\u00e4ge an Subunternehmer vergeben? In Bayern und Deutschland sind viele Firmen von Personalmangel getroffen. Oft werden...","protected":false},"author":1,"featured_media":11139,"parent":9347,"menu_order":0,"comment_status":"closed","ping_status":"closed","template":"","meta":{"_acf_changed":false,"footnotes":""},"class_list":["post-9796","page","type-page","status-publish","has-post-thumbnail","hentry"],"acf":[],"_links":{"self":[{"href":"https:\/\/global-business-recruiting.de\/sk\/wp-json\/wp\/v2\/pages\/9796","targetHints":{"allow":["GET"]}}],"collection":[{"href":"https:\/\/global-business-recruiting.de\/sk\/wp-json\/wp\/v2\/pages"}],"about":[{"href":"https:\/\/global-business-recruiting.de\/sk\/wp-json\/wp\/v2\/types\/page"}],"author":[{"embeddable":true,"href":"https:\/\/global-business-recruiting.de\/sk\/wp-json\/wp\/v2\/users\/1"}],"replies":[{"embeddable":true,"href":"https:\/\/global-business-recruiting.de\/sk\/wp-json\/wp\/v2\/comments?post=9796"}],"version-history":[{"count":7,"href":"https:\/\/global-business-recruiting.de\/sk\/wp-json\/wp\/v2\/pages\/9796\/revisions"}],"predecessor-version":[{"id":11206,"href":"https:\/\/global-business-recruiting.de\/sk\/wp-json\/wp\/v2\/pages\/9796\/revisions\/11206"}],"up":[{"embeddable":true,"href":"https:\/\/global-business-recruiting.de\/sk\/wp-json\/wp\/v2\/pages\/9347"}],"wp:featuredmedia":[{"embeddable":true,"href":"https:\/\/global-business-recruiting.de\/sk\/wp-json\/wp\/v2\/media\/11139"}],"wp:attachment":[{"href":"https:\/\/global-business-recruiting.de\/sk\/wp-json\/wp\/v2\/media?parent=9796"}],"curies":[{"name":"wp","href":"https:\/\/api.w.org\/{rel}","templated":true}]}}