{"id":9802,"date":"2026-03-11T10:03:39","date_gmt":"2026-03-11T10:03:39","guid":{"rendered":"https:\/\/global-business-recruiting.de\/?page_id=9802"},"modified":"2026-03-29T12:50:25","modified_gmt":"2026-03-29T12:50:25","slug":"subdodavatel-pri-demolacii","status":"publish","type":"page","link":"https:\/\/global-business-recruiting.de\/sk\/wissen\/subunternehmer-im-abriss\/","title":{"rendered":"Subdod\u00e1vatelia pri demol\u00e1cii: \u00dalohy, z\u00e1kazky a v\u00fdzvy pri spolupr\u00e1ci"},"content":{"rendered":"<section class=\"l-section wpb_row height_custom\"><div class=\"l-section-h i-cf\"><div class=\"g-cols vc_row via_grid cols_1 laptops-cols_inherit tablets-cols_inherit mobiles-cols_1 valign_top type_default stacking_default\"><div class=\"wpb_column vc_column_container\"><div class=\"vc_column-inner\"><div class=\"wpb_text_column\"><div class=\"wpb_wrapper\"><p>Pou\u017e\u00edvanie<span>\u00a0<\/span><a href=\"https:\/\/global-business-recruiting.de\/sk\/profesie\/demolacne-prace\/\">Subdod\u00e1vatelia v oblasti demol\u00e1ci\u00ed<\/a><span>\u00a0<\/span>budov je dnes be\u017enou praxou. Tieto spolo\u010dnosti alebo jednotlivci sa \u010dasto naj\u00edmaj\u00fa na \u0161pecializovan\u00e9 \u00falohy. Tie m\u00f4\u017eu by\u0165 bu\u010f pr\u00edli\u0161 zlo\u017eit\u00e9, alebo pr\u00edli\u0161 pr\u00e1cne na to, aby ich hlavn\u00ed dod\u00e1vatelia vykon\u00e1vali sami. Spolupr\u00e1ca so subdod\u00e1vate\u013emi pri demol\u00e1cii stavieb v\u0161ak predstavuje pr\u00edle\u017eitosti aj v\u00fdzvy.<\/p>\n<h2>Ktor\u00e9 z\u00e1kazky plnia subdod\u00e1vatelia v oblasti demol\u00e1ci\u00ed?<\/h2>\n<p>Be\u017enou pr\u00e1cou pre subdod\u00e1vate\u013eov je kompletn\u00e1 demol\u00e1cia budov. Ide o demol\u00e1ciu celej stavby od z\u00e1kladov vr\u00e1tane likvid\u00e1cie v\u0161etk\u00fdch materi\u00e1lov. Vy\u017eaduje si starostliv\u00e9 pl\u00e1novanie a realiz\u00e1ciu, aby sa zabezpe\u010dila bezpe\u010dnos\u0165 pracovn\u00edkov aj dodr\u017eiavanie predpisov o ochrane \u017eivotn\u00e9ho prostredia.<\/p>\n<p>Pri selekt\u00edvnej demol\u00e1cii sa odstra\u0148uje len \u010das\u0165 budovy alebo ur\u010dit\u00e9 materi\u00e1ly. M\u00f4\u017ee to by\u0165 potrebn\u00e9, ak sa napr\u00edklad pl\u00e1nuje \u010diasto\u010dn\u00e1 rekon\u0161trukcia budovy alebo ak je potrebn\u00e9 odstr\u00e1ni\u0165 ur\u010dit\u00e9 nebezpe\u010dn\u00e9 materi\u00e1ly, ako napr\u00edklad azbest. Selekt\u00edvna demol\u00e1cia si vy\u017eaduje prec\u00edznos\u0165 a pozornos\u0165 venovan\u00fa detailom, aby nedo\u0161lo k po\u0161kodeniu zvy\u0161n\u00fdch kon\u0161trukci\u00ed.<\/p>\n<p>Odstr\u00e1nenie vn\u00fatorn\u00fdch zariaden\u00ed a in\u0161tal\u00e1ci\u00ed pri zachovan\u00ed vonkaj\u0161ej kon\u0161trukcie budovy. \u010casto ide o prv\u00fd krok pri v\u00e4\u010d\u0161\u00edch renova\u010dn\u00fdch projektoch. Subdod\u00e1vatelia vykon\u00e1vaj\u00faci dekoltovacie pr\u00e1ce musia pracova\u0165 opatrne, aby sa zachovala \u0161truktur\u00e1lna integrita budovy.<\/p>\n<h2>Ak\u00e9 s\u00fa \u00falohy?<\/h2>\n<p>Subdod\u00e1vatelia b\u00farac\u00edch pr\u00e1c sa \u010dasto \u0161pecializuj\u00fa na \u0161pecifick\u00e9 \u00falohy. Medzi ne patr\u00ed napr\u00edklad odstra\u0148ovanie azbestu alebo in\u00fdch nebezpe\u010dn\u00fdch materi\u00e1lov, odstra\u0148ovanie bet\u00f3nu alebo demol\u00e1cia v\u00fd\u0161kov\u00fdch budov. Ich \u0161pecializ\u00e1cia im umo\u017e\u0148uje vykon\u00e1va\u0165 tieto \u00falohy efekt\u00edvne a bezpe\u010dne. To z nich rob\u00ed ve\u013ek\u00fa v\u00fdhodu pre hlavn\u00fdch dod\u00e1vate\u013eov.<\/p>\n<p>D\u00f4le\u017eit\u00fdm aspektom demol\u00e1cie je nakladanie so vzniknut\u00fdm odpadom a jeho likvid\u00e1cia. Subdod\u00e1vatelia \u010dasto preberaj\u00fa \u00falohu spr\u00e1vne triedi\u0165, recyklova\u0165 alebo likvidova\u0165 odpad. To si vy\u017eaduje nielen logistick\u00e9 zru\u010dnosti, ale aj znalos\u0165 pr\u00e1vnych predpisov o likvid\u00e1cii nebezpe\u010dn\u00e9ho odpadu.<\/p>\n<p>Mnoh\u00ed subdod\u00e1vatelia maj\u00fa \u0161pecifick\u00e9 technick\u00e9 znalosti a \u0161pecializovan\u00e9 stroje, ktor\u00e9 s\u00fa potrebn\u00e9 na ur\u010dit\u00e9 b\u00faracie pr\u00e1ce. Patria sem napr\u00edklad b\u00faracie bagre, stroje na rezanie bet\u00f3nu alebo dokonca trhacia technika. Dostupnos\u0165 a odborn\u00e9 znalosti pri pou\u017e\u00edvan\u00ed tak\u00fdchto strojov robia zo subdod\u00e1vate\u013eov cenn\u00fdch partnerov.<\/p>\n<h2>Ak\u00e9 v\u00fdzvy to prin\u00e1\u0161a?<\/h2>\n<p>Jednou z najv\u00e4\u010d\u0161\u00edch v\u00fdziev pri pr\u00e1ci so subdod\u00e1vate\u013emi je komunik\u00e1cia. Nedorozumenia a nejasn\u00e9 pokyny m\u00f4\u017eu vies\u0165 k oneskoreniam, chyb\u00e1m a zv\u00fd\u0161en\u00fdm n\u00e1kladom. Je d\u00f4le\u017eit\u00e9 vytvori\u0165 jasn\u00e9 komunika\u010dn\u00e9 kan\u00e1ly a pravideln\u00e9 stretnutia. T\u00fdm sa zabezpe\u010d\u00ed, \u017ee v\u0161etci z\u00fa\u010dastnen\u00ed bud\u00fa na rovnakej strane.<\/p>\n<p>Zabezpe\u010denie kvality pr\u00e1ce subdod\u00e1vate\u013eov je rozhoduj\u00face pre \u00faspech projektu demol\u00e1cie. Hlavn\u00ed dod\u00e1vatelia musia vytvori\u0165 mechanizmy kontroly kvality a vykon\u00e1va\u0165 pravideln\u00e9 kontroly. T\u00fdm sa zabezpe\u010d\u00ed, \u017ee pr\u00e1ca bude sp\u013a\u0148a\u0165 po\u017eadovan\u00e9 normy.<\/p>\n<p>Demola\u010dn\u00e9 pr\u00e1ce s\u00fa spojen\u00e9 so zna\u010dn\u00fdmi bezpe\u010dnostn\u00fdmi rizikami. Je ve\u013emi d\u00f4le\u017eit\u00e9, aby subdod\u00e1vatelia prijali v\u0161etky potrebn\u00e9 bezpe\u010dnostn\u00e9 opatrenia a dodr\u017eiavali pr\u00e1vne predpisy. To zah\u0155\u0148a \u0161kolenie pracovn\u00edkov, zabezpe\u010denie potrebn\u00fdch ochrann\u00fdch prostriedkov a zavedenie bezpe\u010dnostn\u00fdch protokolov na stavenisku.<\/p>\n<h2>Pr\u00e1vny r\u00e1mec pre demola\u010dn\u00e9 pr\u00e1ce<\/h2>\n<p>Na b\u00faracie pr\u00e1ce sa vz\u0165ahuj\u00fa obzvl\u00e1\u0161\u0165 pr\u00edsne pr\u00e1vne po\u017eiadavky. Pred za\u010dat\u00edm pr\u00e1c je spravidla potrebn\u00e9 z\u00edska\u0165 \u00faradn\u00e9 povolenia. Pre manipul\u00e1ciu s nebezpe\u010dn\u00fdmi l\u00e1tkami, ako s\u00fa azbest, polycyklick\u00e9 aromatick\u00e9 uh\u013eovod\u00edky alebo \u0165a\u017ek\u00e9 kovy, platia osobitn\u00e9 predpisy v s\u00falade s vyhl\u00e1\u0161kou o nebezpe\u010dn\u00fdch l\u00e1tkach (GefStoffV) a TRGS 519. Subdod\u00e1vatelia musia preuk\u00e1za\u0165, \u017ee ich pracovn\u00edci boli pr\u00edslu\u0161ne vy\u0161kolen\u00ed a certifikovan\u00ed.<\/p>\n<p>Je tu aj ot\u00e1zka zodpovednosti: hlavn\u00fd zhotovite\u013e zodpoved\u00e1 objedn\u00e1vate\u013eovi za cel\u00fa realiz\u00e1ciu - vr\u00e1tane ch\u00fdb, ktor\u00e9 urobili jeho subdod\u00e1vatelia. Jasne formulovan\u00fd<span>\u00a0<\/span><a href=\"https:\/\/global-business-recruiting.de\/sk\/poznat\/zmluvne-dolozky-subdodavatelov\/\">Zmluva so subdod\u00e1vate\u013eom<\/a><span>\u00a0<\/span>s jasn\u00fdmi predpismi o zodpovednosti je preto nevyhnutn\u00e1. Viac o zmluvnom z\u00e1klade:<span>\u00a0<\/span><a href=\"https:\/\/global-business-recruiting.de\/sk\/poznat\/zmluva-o-poskytovani-sluzieb-vs-zmluva-o-dielo\/\">Zmluva o poskytovan\u00ed slu\u017eieb vs. zmluva o dielo<\/a>.<\/p>\n<h2>Ako v\u00e1m m\u00f4\u017eeme pom\u00f4c\u0165?<\/h2>\n<p>Spolo\u010dnos\u0165 Global Business Recruiting sa u\u017e viac ako 25 rokov \u0161pecializuje na stavebn\u00edctvo a s\u00favisiace pr\u00e1ce. Sprostredk\u00favame<span>\u00a0<\/span><a href=\"https:\/\/global-business-recruiting.de\/sk\/pobocky\/stavebnictvo\/\">\u0160pecializovan\u00fd person\u00e1l z v\u00fdchodnej Eur\u00f3py<\/a><span>\u00a0<\/span>pre demola\u010dn\u00e9 projekty akejko\u013evek ve\u013ekosti.<\/p>\n<p>Na\u0161i zamestnanci maj\u00fa v\u0161etky najnov\u0161ie dokumenty a licencie. S\u00fa r\u00fdchlo k dispoz\u00edcii a zvy\u010dajne m\u00f4\u017eu by\u0165 nasaden\u00ed do t\u00fd\u017ed\u0148a. V\u0161etci zamestnanci hovoria nemecky a poznaj\u00fa nemeck\u00fa pracovn\u00fa kult\u00faru.<\/p>\n<h2>\u010casto kladen\u00e9 ot\u00e1zky o subdod\u00e1vate\u013eoch pri demol\u00e1cii<\/h2>\n<\/div><\/div><div class=\"w-separator size_small\"><\/div><div class=\"w-tabs style_default switch_click accordion type_togglable has_scrolling\" style=\"--sections-title-size:inherit\"><div class=\"w-tabs-sections titles-align_none icon_chevron cpos_right\"><div class=\"w-tabs-section\" id=\"wafa\" itemscope itemprop=\"mainEntity\" itemtype=\"https:\/\/schema.org\/Question\"><button class=\"w-tabs-section-header\" aria-controls=\"content-wafa\" aria-expanded=\"false\"><div class=\"w-tabs-section-title\" itemprop=\"name\">Ak\u00fa kvalifik\u00e1ciu potrebuj\u00fa subdod\u00e1vatelia na b\u00faracie pr\u00e1ce?<\/div><div class=\"w-tabs-section-control\"><\/div><\/button><div  class=\"w-tabs-section-content\" id=\"content-wafa\" itemscope itemprop=\"acceptedAnswer\" itemtype=\"https:\/\/schema.org\/Answer\"><div class=\"w-tabs-section-content-h i-cf\" itemprop=\"text\"><div class=\"wpb_text_column\"><div class=\"wpb_wrapper\"><p>Subdod\u00e1vatelia pri demol\u00e1cii si vy\u017eaduj\u00fa r\u00f4zne kvalifik\u00e1cie v z\u00e1vislosti od \u00falohy: Pre pr\u00e1ce s azbestom je povinn\u00e9 \u0161kolenie pod\u013ea TRGS 519. Na manipul\u00e1ciu s v\u00fdbu\u0161ninami sa vy\u017eaduje opr\u00e1vnenie v s\u00falade so z\u00e1konom o v\u00fdbu\u0161nin\u00e1ch. Okrem toho sa vy\u017eaduje doklad o bezpe\u010dnosti pr\u00e1ce, preukaz obsluhy strojov a v z\u00e1vislosti od spolkovej krajiny aj \u017eivnostensk\u00e9 opr\u00e1vnenie.<\/p>\n<\/div><\/div><\/div><\/div><\/div><div class=\"w-tabs-section\" id=\"tbd7\" itemscope itemprop=\"mainEntity\" itemtype=\"https:\/\/schema.org\/Question\"><button class=\"w-tabs-section-header\" aria-controls=\"content-tbd7\" aria-expanded=\"false\"><div class=\"w-tabs-section-title\" itemprop=\"name\">Kto je zodpovedn\u00fd za \u0161kody sp\u00f4soben\u00e9 subdod\u00e1vate\u013emi pri demol\u00e1cii?<\/div><div class=\"w-tabs-section-control\"><\/div><\/button><div  class=\"w-tabs-section-content\" id=\"content-tbd7\" itemscope itemprop=\"acceptedAnswer\" itemtype=\"https:\/\/schema.org\/Answer\"><div class=\"w-tabs-section-content-h i-cf\" itemprop=\"text\"><div class=\"wpb_text_column\"><div class=\"wpb_wrapper\"><p>Subdod\u00e1vate\u013e v z\u00e1sade zodpoved\u00e1 za \u0161kody sp\u00f4soben\u00e9 jeho pr\u00e1cou. Hlavn\u00fd zhotovite\u013e v\u0161ak m\u00f4\u017ee by\u0165 vo\u010di objedn\u00e1vate\u013eovi zodpovedn\u00fd spolo\u010dne a nerozdielne. Zodpovednos\u0165 by preto mala by\u0165 jasne upraven\u00e1 v subdod\u00e1vate\u013eskej zmluve a mal by by\u0165 predlo\u017een\u00fd doklad o dostato\u010dnom poisten\u00ed zodpovednosti za \u0161kodu sp\u00f4soben\u00fa subdod\u00e1vate\u013eom.<\/p>\n<\/div><\/div><\/div><\/div><\/div><div class=\"w-tabs-section\" id=\"bca9\" itemscope itemprop=\"mainEntity\" itemtype=\"https:\/\/schema.org\/Question\"><button class=\"w-tabs-section-header\" aria-controls=\"content-bca9\" aria-expanded=\"false\"><div class=\"w-tabs-section-title\" itemprop=\"name\">Ako sa upravuje likvid\u00e1cia demola\u010dn\u00e9ho materi\u00e1lu?<\/div><div class=\"w-tabs-section-control\"><\/div><\/button><div  class=\"w-tabs-section-content\" id=\"content-bca9\" itemscope itemprop=\"acceptedAnswer\" itemtype=\"https:\/\/schema.org\/Answer\"><div class=\"w-tabs-section-content-h i-cf\" itemprop=\"text\"><div class=\"wpb_text_column\"><div class=\"wpb_wrapper\"><p>Likvid\u00e1cia demola\u010dn\u00e9ho materi\u00e1lu je v Nemecku pr\u00edsne regulovan\u00e1. Miner\u00e1lny odpad, zne\u010dis\u0165uj\u00face l\u00e1tky a nebezpe\u010dn\u00fd odpad sa musia zhroma\u017e\u010fova\u0165 oddelene a likvidova\u0165 v s\u00falade s po\u017eiadavkami z\u00e1kona o nakladan\u00ed s odpadmi v uzavretom cykle (KrWG). Subdod\u00e1vatelia musia vies\u0165 evidenciu o likvid\u00e1cii odpadu a s\u00fa zodpovedn\u00ed za spr\u00e1vnu likvid\u00e1ciu odpadu.<\/p>\n<\/div><\/div><\/div><\/div><\/div><div class=\"w-tabs-section\" id=\"kd7c\" itemscope itemprop=\"mainEntity\" itemtype=\"https:\/\/schema.org\/Question\"><button class=\"w-tabs-section-header\" aria-controls=\"content-kd7c\" aria-expanded=\"false\"><div class=\"w-tabs-section-title\" itemprop=\"name\">Ako r\u00fdchlo s\u00fa k dispoz\u00edcii subdod\u00e1vatelia na b\u00faranie od spolo\u010dnosti Global Business Recruiting?<\/div><div class=\"w-tabs-section-control\"><\/div><\/button><div  class=\"w-tabs-section-content\" id=\"content-kd7c\" itemscope itemprop=\"acceptedAnswer\" itemtype=\"https:\/\/schema.org\/Answer\"><div class=\"w-tabs-section-content-h i-cf\" itemprop=\"text\"><div class=\"wpb_text_column\"><div class=\"wpb_wrapper\"><p>Kvalifikovan\u00fdch odborn\u00edkov na demol\u00e1cie vieme zabezpe\u010di\u0165 spravidla do t\u00fd\u017ed\u0148a. V\u0161etci zamestnanci maj\u00fa potrebn\u00e9 doklady, hovoria nemecky a poznaj\u00fa nemeck\u00e9 bezpe\u010dnostn\u00e9 normy.<\/p>\n<\/div><\/div><\/div><\/div><\/div><div class=\"w-tabs-section\" id=\"de74\" itemscope itemprop=\"mainEntity\" itemtype=\"https:\/\/schema.org\/Question\"><button class=\"w-tabs-section-header\" aria-controls=\"content-de74\" aria-expanded=\"false\"><div class=\"w-tabs-section-title\" itemprop=\"name\">Ktor\u00e9 krajiny s\u00fa v programe Global Business Recruiting pre pracovn\u00edkov v oblasti demol\u00e1ci\u00ed mimoriadne dobre zast\u00fapen\u00e9?<\/div><div class=\"w-tabs-section-control\"><\/div><\/button><div  class=\"w-tabs-section-content\" id=\"content-de74\" itemscope itemprop=\"acceptedAnswer\" itemtype=\"https:\/\/schema.org\/Answer\"><div class=\"w-tabs-section-content-h i-cf\" itemprop=\"text\"><div class=\"wpb_text_column\"><div class=\"wpb_wrapper\"><p>Zamestnancov na demol\u00e1cie prij\u00edmame predov\u0161etk\u00fdm z Po\u013eska, Slovenska, \u010ceskej republiky, Ma\u010farska a Rumunska. T\u00edto odborn\u00edci maj\u00fa dlhoro\u010dn\u00e9 sk\u00fasenosti s demont\u00e1\u017eou a demol\u00e1ciou a s\u00fa zvyknut\u00ed na nemeck\u00e9 stavebn\u00e9 a kvalitat\u00edvne normy.<\/p>\n<\/div><\/div><\/div><\/div><\/div><\/div><\/div><\/div><\/div><\/div><\/div><\/section>","protected":false},"excerpt":{"rendered":"Der Einsatz von\u00a0Subunternehmern im Bereich des Abrisses\u00a0von Bauwerken ist heutzutage g\u00e4ngige Praxis. Diese Unternehmen oder Einzelpersonen werden oft engagiert, um spezialisierte Aufgaben zu \u00fcbernehmen. Sie k\u00f6nnen entweder zu komplex oder zu arbeitsintensiv sein, als dass sie von den Hauptauftragnehmern selbst durchgef\u00fchrt werden k\u00f6nnten. Doch die Zusammenarbeit mit Subunternehmern im Abrissbau birgt sowohl Chancen als auch...","protected":false},"author":1,"featured_media":11140,"parent":9347,"menu_order":0,"comment_status":"closed","ping_status":"closed","template":"","meta":{"_acf_changed":false,"footnotes":""},"class_list":["post-9802","page","type-page","status-publish","has-post-thumbnail","hentry"],"acf":[],"_links":{"self":[{"href":"https:\/\/global-business-recruiting.de\/sk\/wp-json\/wp\/v2\/pages\/9802","targetHints":{"allow":["GET"]}}],"collection":[{"href":"https:\/\/global-business-recruiting.de\/sk\/wp-json\/wp\/v2\/pages"}],"about":[{"href":"https:\/\/global-business-recruiting.de\/sk\/wp-json\/wp\/v2\/types\/page"}],"author":[{"embeddable":true,"href":"https:\/\/global-business-recruiting.de\/sk\/wp-json\/wp\/v2\/users\/1"}],"replies":[{"embeddable":true,"href":"https:\/\/global-business-recruiting.de\/sk\/wp-json\/wp\/v2\/comments?post=9802"}],"version-history":[{"count":6,"href":"https:\/\/global-business-recruiting.de\/sk\/wp-json\/wp\/v2\/pages\/9802\/revisions"}],"predecessor-version":[{"id":11205,"href":"https:\/\/global-business-recruiting.de\/sk\/wp-json\/wp\/v2\/pages\/9802\/revisions\/11205"}],"up":[{"embeddable":true,"href":"https:\/\/global-business-recruiting.de\/sk\/wp-json\/wp\/v2\/pages\/9347"}],"wp:featuredmedia":[{"embeddable":true,"href":"https:\/\/global-business-recruiting.de\/sk\/wp-json\/wp\/v2\/media\/11140"}],"wp:attachment":[{"href":"https:\/\/global-business-recruiting.de\/sk\/wp-json\/wp\/v2\/media?parent=9802"}],"curies":[{"name":"wp","href":"https:\/\/api.w.org\/{rel}","templated":true}]}}