{"id":9808,"date":"2026-03-11T10:23:19","date_gmt":"2026-03-11T10:23:19","guid":{"rendered":"https:\/\/global-business-recruiting.de\/?page_id=9808"},"modified":"2026-03-29T12:52:12","modified_gmt":"2026-03-29T12:52:12","slug":"prehlad-typov-zeriavov","status":"publish","type":"page","link":"https:\/\/global-business-recruiting.de\/sk\/wissen\/krantypen-uebersicht\/","title":{"rendered":"Ak\u00e9 s\u00fa r\u00f4zne typy \u017eeriavov a kde sa pou\u017e\u00edvaj\u00fa?"},"content":{"rendered":"<section class=\"l-section wpb_row height_custom\"><div class=\"l-section-h i-cf\"><div class=\"g-cols vc_row via_grid cols_1 laptops-cols_inherit tablets-cols_inherit mobiles-cols_1 valign_top type_default stacking_default\"><div class=\"wpb_column vc_column_container\"><div class=\"vc_column-inner\"><div class=\"wpb_text_column\"><div class=\"wpb_wrapper\"><p>V mnoh\u00fdch odvetviach bez nich ni\u010d nefunguje. Samotn\u00e9 \u017eeriavy s\u00fa rovnako rozmanit\u00e9 ako oblasti ich pou\u017eitia. Tento \u010dl\u00e1nok poskytuje preh\u013ead r\u00f4znych typov \u017eeriavov a vysvet\u013euje ich vlastnosti a oblasti pou\u017eitia.<\/p>\n<h2>R\u00f4zne typy \u017eeriavov a ich vlastnosti<\/h2>\n<p>\u017deriavy sa pou\u017e\u00edvaj\u00fa v skladoch, pr\u00edstavoch, na \u017eelezni\u010dn\u00fdch staniciach a na mnoh\u00fdch \u010fal\u0161\u00edch miestach. Vlastnosti \u017eeriavov sa menia aj v z\u00e1vislosti od miesta ich pou\u017eitia a typu n\u00e1kladu. Tu n\u00e1jdete preh\u013ead najd\u00f4le\u017eitej\u0161\u00edch typov \u017eeriavov a ich typick\u00fdch miest pou\u017eitia.<\/p>\n<h2>Ve\u017eov\u00fd \u017eeriav<\/h2>\n<p>Turmkr\u00e4ne sind das, was sich wohl die meisten unter einem \u201eKran\" vorstellen. Sie werden meist auf Baustellen eingesetzt, genauer gesagt f\u00fcr Hochbauprojekte. Sie haben eine hohe Tragf\u00e4higkeit und Reichweite und k\u00f6nnen Baumaterialien wie Beton, Stahl oder gro\u00dfe Bauteile effizient transportieren.<\/p>\n<h2>Mobiln\u00fd \u017eeriav<\/h2>\n<p>Na rozdiel od ve\u017eov\u00e9ho \u017eeriavu sa mobiln\u00fd \u017eeriav m\u00f4\u017ee pou\u017e\u00edva\u0165 ve\u013emi flexibilne, preto\u017ee je namontovan\u00fd na vozidle a nie je stacion\u00e1rny. Mobiln\u00e9 \u017eeriavy sa daj\u00fa tie\u017e pomerne r\u00fdchlo postavi\u0165 a demontova\u0165. V\u010faka vysokej flexibilite s\u00fa ide\u00e1lne na do\u010dasn\u00e9 pou\u017eitie alebo kr\u00e1tkodob\u00e9 zdv\u00edhacie pr\u00e1ce. \u010casto sa pou\u017e\u00edvaj\u00fa v sektore infra\u0161trukt\u00fary a mont\u00e1\u017ee, napr\u00edklad pri stavbe mostov, v priemysle alebo pri z\u00e1chrann\u00fdch pr\u00e1cach.<\/p>\n<h2>\u017deriav na nakladanie n\u00e1kladn\u00fdch vozidiel<\/h2>\n<p>N\u00e1kladn\u00fd \u017eeriav s naklada\u010dom je kombin\u00e1ciou dopravn\u00e9ho prostriedku a \u017eeriavu. Je mimoriadne kompaktn\u00fd, a preto sa d\u00e1 pou\u017ei\u0165 aj tam, kde je obmedzen\u00fd priestor - napr\u00edklad na \u00fazkych stavenisk\u00e1ch.<\/p>\n<h2>P\u00e1sov\u00fd \u017eeriav<\/h2>\n<p>P\u00e1sov\u00e9 \u017eeriavy s\u00fa ve\u013emi v\u00fdkonn\u00e9 a v\u0161estrann\u00e9 \u017eeriavy. Vyzna\u010duj\u00fa sa pomerne vysokou nosnos\u0165ou a stabilitou. Tieto \u017eeriavy umo\u017e\u0148uj\u00fa bezpe\u010dn\u00e9 zdv\u00edhanie \u0165a\u017ek\u00fdch bremien aj bez pr\u00eddavn\u00fdch podporn\u00fdch kon\u0161trukci\u00ed. V\u010faka p\u00e1sov\u00e9mu podvozku sa m\u00f4\u017eu pou\u017e\u00edva\u0165 aj na nerovnom alebo m\u00e4kkom ter\u00e9ne, napr. v blate.<\/p>\n<h2>Mostov\u00fd \u017eeriav<\/h2>\n<p>Mostov\u00e9 \u017eeriavy sa zvy\u010dajne pou\u017e\u00edvaj\u00fa vo v\u00e4\u010d\u0161\u00edch v\u00fdrobn\u00fdch hal\u00e1ch alebo skladoch. Tam sa po ko\u013eajniciach pres\u00favaj\u00fa \u0165a\u017ek\u00e9 bremen\u00e1. Mostov\u00fd \u017eeriav sa vyzna\u010duje vysokou presnos\u0165ou pri zdv\u00edhan\u00ed a preprave bremien, a preto je ide\u00e1lny pre priemyseln\u00e9 aplik\u00e1cie, napr\u00edklad vo v\u00fdrobe.<\/p>\n<h2>Port\u00e1lov\u00fd \u017eeriav<\/h2>\n<p>Port\u00e1lov\u00fd \u017eeriav je podobn\u00fd mostov\u00e9mu \u017eeriavu, ale m\u00e1 podpery na zemi. To mu umo\u017e\u0148uje zdv\u00edha\u0165 obzvl\u00e1\u0161\u0165 \u0165a\u017ek\u00e9 bremen\u00e1, napr\u00edklad kontajnery. Port\u00e1lov\u00e9 \u017eeriavy sa pou\u017e\u00edvaj\u00fa najm\u00e4 v lodeniciach, pr\u00edstavoch a priemyseln\u00fdch z\u00e1vodoch, kde musia efekt\u00edvne a spo\u013eahlivo premiest\u0148ova\u0165 ve\u013ek\u00e9 a \u0165a\u017ek\u00e9 bremen\u00e1.<\/p>\n<h2>Preh\u013ead ostatn\u00fdch typov \u017eeriavov<\/h2>\n<p>Okrem uveden\u00fdch hlavn\u00fdch typov existuj\u00fa aj \u010fal\u0161ie \u0161pecializovan\u00e9 \u017eeriavy, ktor\u00e9 zohr\u00e1vaj\u00fa d\u00f4le\u017eit\u00fa \u00falohu v ur\u010dit\u00fdch odvetviach a scen\u00e1roch pou\u017eitia:<\/p>\n<p><strong>V\u00fd\u0165ahov\u00fd \u017eeriav:<\/strong><span>\u00a0<\/span>Pou\u017e\u00edvaj\u00fa sa predov\u0161etk\u00fdm na vrtn\u00fdch plo\u0161in\u00e1ch a v pobre\u017enom priemysle. Je obzvl\u00e1\u0161\u0165 vhodn\u00fd na pr\u00e1cu v stiesnen\u00fdch priestoroch a pri ve\u013emi vysokom za\u0165a\u017een\u00ed.<\/p>\n<p><strong>Pl\u00e1vaj\u00faci \u017eeriav:<\/strong><span>\u00a0<\/span>Ako u\u017e n\u00e1zov napoved\u00e1, tento \u017eeriav je namontovan\u00fd na pl\u00e1vaj\u00facom nosi\u010di. Pou\u017e\u00edva sa najm\u00e4 pri stavbe pr\u00edstavov, stavbe lod\u00ed a pri pr\u00e1cach pod vodou - v odvetviach, do ktor\u00fdch spolo\u010dnos\u0165 Global Business Recruiting umiest\u0148uje aj kvalifikovan\u00fdch pracovn\u00edkov.<\/p>\n<p><strong>Konzolov\u00fd \u017eeriav:<\/strong><span>\u00a0<\/span>Zn\u00e1my aj ako n\u00e1stenn\u00fd oto\u010dn\u00fd \u017eeriav. Je pripevnen\u00fd k stene alebo st\u013apu a ot\u00e1\u010da sa okolo vlastnej osi. V diel\u0148ach, v\u00fdrobn\u00fdch hal\u00e1ch a skladoch u\u013eah\u010duje manipul\u00e1ciu s bremenami priamo na pracovisku.<\/p>\n<p><strong>Lanov\u00e9 r\u00fdpadlo so \u017eeriavom:<\/strong><span>\u00a0<\/span>V demola\u010dnom a demont\u00e1\u017enom priemysle sa r\u00fdpadl\u00e1 \u010dasto kombinuj\u00fa s pr\u00eddavn\u00fdmi zariadeniami \u017eeriavov. Umo\u017e\u0148uj\u00fa cielen\u00e9 zdv\u00edhanie a premiest\u0148ovanie komponentov pri demont\u00e1\u017ei budov.<\/p>\n<h2>Ako n\u00e1jdem kvalifikovan\u00fd person\u00e1l pre \u017eeriavy?<\/h2>\n<p>\u017deriavy uveden\u00e9 v tomto \u010dl\u00e1nku musia obsluhova\u0165 sk\u00fasen\u00ed \u017eeriavnici. Na ich obsluhu je potrebn\u00e9 \u0161peci\u00e1lne \u0161kolenie a platn\u00fd \u017eeriavnick\u00fd preukaz.<\/p>\n<p>Zamestn\u00e1vanie dostato\u010dne kvalifikovan\u00fdch odborn\u00fdch pracovn\u00edkov je v\u0161ak pre mnoh\u00e9 nemeck\u00e9 spolo\u010dnosti ve\u013ekou v\u00fdzvou. Nedostatok kvalifikovanej pracovnej sily je na mieste.<\/p>\n<p>Ak chcete n\u00e1js\u0165 kvalifikovan\u00fdch odborn\u00fdch pracovn\u00edkov pre va\u0161u spolo\u010dnos\u0165 napriek nedostatku kvalifikovanej pracovnej sily, odpor\u00fa\u010da sa do\u010dasn\u00e1 pr\u00e1ca. Ide o person\u00e1lne rie\u0161enie, ktor\u00e9 je ve\u013emi ob\u013e\u00faben\u00e9 v\u010faka svojej flexibilite a n\u00e1kladovej efekt\u00edvnosti.<\/p>\n<p>Do\u010dasn\u00e1 pr\u00e1ca znamen\u00e1 po\u017ei\u010danie pracovnej sily od inej spolo\u010dnosti na ur\u010dit\u00fd \u010das. Pracovn\u00edci teda nie s\u00fa zamestnancami va\u0161ej vlastnej spolo\u010dnosti, ako je to v pr\u00edpade be\u017en\u00e9ho trval\u00e9ho pracovn\u00e9ho pomeru. Pre v\u00e1s to znamen\u00e1 v\u00e4\u010d\u0161iu flexibilitu, ni\u017e\u0161ie n\u00e1klady a mo\u017enos\u0165 zamestna\u0165 v pr\u00edpade potreby v kr\u00e1tkom \u010dase nov\u00fdch zamestnancov na dobu ur\u010dit\u00fa.<\/p>\n<h2>Vyh\u013eadanie \u0161pecializovan\u00e9ho person\u00e1lu pre r\u00f4zne typy \u017eeriavov<\/h2>\n<p>Teraz u\u017e viete, ak\u00e9 s\u00fa r\u00f4zne typy \u017eeriavov, ak\u00e9 vlastnosti ich charakterizuj\u00fa a ako m\u00f4\u017eete n\u00e1js\u0165 vhodn\u00fd person\u00e1l na ich obsluhu.<\/p>\n<p>Ak m\u00e1te \u010fal\u0161ie ot\u00e1zky t\u00fdkaj\u00face sa \u017eeriavov alebo ak chcete vedie\u0165, ako v\u00e1m m\u00f4\u017eeme pom\u00f4c\u0165 zamestna\u0165 kvalifikovan\u00fdch pracovn\u00edkov pre va\u0161u spolo\u010dnos\u0165 prostredn\u00edctvom do\u010dasnej pr\u00e1ce, obr\u00e1\u0165te sa na spolo\u010dnos\u0165 Global Business Recruiting. Te\u0161\u00edme sa na va\u0161e ot\u00e1zky.<\/p>\n<h2>\u010casto kladen\u00e9 ot\u00e1zky o typoch \u017eeriavov a obsluhe \u017eeriavov<\/h2>\n<\/div><\/div><div class=\"w-separator size_small\"><\/div><div class=\"w-tabs style_default switch_click accordion type_togglable has_scrolling\" style=\"--sections-title-size:inherit\"><div class=\"w-tabs-sections titles-align_none icon_chevron cpos_right\"><div class=\"w-tabs-section\" id=\"beae\" itemscope itemprop=\"mainEntity\" itemtype=\"https:\/\/schema.org\/Question\"><button class=\"w-tabs-section-header\" aria-controls=\"content-beae\" aria-expanded=\"false\"><div class=\"w-tabs-section-title\" itemprop=\"name\">Ktor\u00fd typ \u017eeriavu je najvhodnej\u0161\u00ed na stavebn\u00e9 projekty?<\/div><div class=\"w-tabs-section-control\"><\/div><\/button><div  class=\"w-tabs-section-content\" id=\"content-beae\" itemscope itemprop=\"acceptedAnswer\" itemtype=\"https:\/\/schema.org\/Answer\"><div class=\"w-tabs-section-content-h i-cf\" itemprop=\"text\"><div class=\"wpb_text_column\"><div class=\"wpb_wrapper\"><p>Ve\u017eov\u00fd \u017eeriav je prvou vo\u013ebou pri v\u00fdstavbe budov. Pon\u00faka vysok\u00fa nosnos\u0165 a dosah, m\u00e1 stacion\u00e1rnu kon\u0161trukciu a umo\u017e\u0148uje efekt\u00edvne zdv\u00edhanie stavebn\u00fdch materi\u00e1lov, ako je bet\u00f3n, oce\u013e a ve\u013ek\u00e9 komponenty, cez nieko\u013eko poschod\u00ed.<\/p>\n<\/div><\/div><\/div><\/div><\/div><div class=\"w-tabs-section\" id=\"zf8f\" itemscope itemprop=\"mainEntity\" itemtype=\"https:\/\/schema.org\/Question\"><button class=\"w-tabs-section-header\" aria-controls=\"content-zf8f\" aria-expanded=\"false\"><div class=\"w-tabs-section-title\" itemprop=\"name\">Ak\u00fd je rozdiel medzi mobiln\u00fdm \u017eeriavom a p\u00e1sov\u00fdm \u017eeriavom?<\/div><div class=\"w-tabs-section-control\"><\/div><\/button><div  class=\"w-tabs-section-content\" id=\"content-zf8f\" itemscope itemprop=\"acceptedAnswer\" itemtype=\"https:\/\/schema.org\/Answer\"><div class=\"w-tabs-section-content-h i-cf\" itemprop=\"text\"><div class=\"wpb_text_column\"><div class=\"wpb_wrapper\"><p>Mobiln\u00fd \u017eeriav je namontovan\u00fd na cestnom vozidle a m\u00f4\u017ee sa r\u00fdchlo pres\u00fava\u0165 medzi pracoviskami. Na druhej strane, p\u00e1sov\u00fd \u017eeriav sa pohybuje na p\u00e1sovom podvozku, ktor\u00fd mu poskytuje stabilitu aj v nerovnom ter\u00e9ne. Je vhodn\u00fd pre \u0165a\u017e\u0161ie bremen\u00e1 a n\u00e1ro\u010dnej\u0161ie ter\u00e9nne podmienky, ale je menej mobiln\u00fd v cestnej prem\u00e1vke.<\/p>\n<\/div><\/div><\/div><\/div><\/div><div class=\"w-tabs-section\" id=\"u060\" itemscope itemprop=\"mainEntity\" itemtype=\"https:\/\/schema.org\/Question\"><button class=\"w-tabs-section-header\" aria-controls=\"content-u060\" aria-expanded=\"false\"><div class=\"w-tabs-section-title\" itemprop=\"name\">Ktor\u00fd typ \u017eeriavu je potrebn\u00fd pre ktor\u00fd typ \u017eeriavu?<\/div><div class=\"w-tabs-section-control\"><\/div><\/button><div  class=\"w-tabs-section-content\" id=\"content-u060\" itemscope itemprop=\"acceptedAnswer\" itemtype=\"https:\/\/schema.org\/Answer\"><div class=\"w-tabs-section-content-h i-cf\" itemprop=\"text\"><div class=\"wpb_text_column\"><div class=\"wpb_wrapper\"><p>V Nemecku neexistuje \u0161tandardizovan\u00fd pr\u00e1vny predpis pre v\u0161etky typy \u017eeriavov. Zdru\u017eenia pre poistenie zodpovednosti zamestn\u00e1vate\u013eov, najm\u00e4 BG BAU a BGHM, v\u0161ak vy\u017eaduj\u00fa preuk\u00e1zate\u013en\u00fa kvalifik\u00e1ciu na obsluhu \u017eeriavov. V z\u00e1vislosti od typu \u017eeriava (ve\u017eov\u00fd \u017eeriav, pojazdn\u00fd \u017eeriav, mostov\u00fd \u017eeriav at\u010f.) sa vy\u017eaduj\u00fa r\u00f4zne \u0161kolenia a sk\u00fa\u0161ky.<\/p>\n<\/div><\/div><\/div><\/div><\/div><div class=\"w-tabs-section\" id=\"c12f\" itemscope itemprop=\"mainEntity\" itemtype=\"https:\/\/schema.org\/Question\"><button class=\"w-tabs-section-header\" aria-controls=\"content-c12f\" aria-expanded=\"false\"><div class=\"w-tabs-section-title\" itemprop=\"name\">Ako r\u00fdchlo dok\u00e1\u017ee Global Business Recruiting zabezpe\u010di\u0165 \u017eeriavnikov?<\/div><div class=\"w-tabs-section-control\"><\/div><\/button><div  class=\"w-tabs-section-content\" id=\"content-c12f\" itemscope itemprop=\"acceptedAnswer\" itemtype=\"https:\/\/schema.org\/Answer\"><div class=\"w-tabs-section-content-h i-cf\" itemprop=\"text\"><div class=\"wpb_text_column\"><div class=\"wpb_wrapper\"><p>Kvalifikovan\u00fdch \u017eeriavnikov vieme zvy\u010dajne zabezpe\u010di\u0165 do t\u00fd\u017ed\u0148a. V\u0161etci zamestnanci maj\u00fa potrebn\u00e9 certifik\u00e1ty a \u017eeriavnick\u00e9 preukazy, hovoria nemecky a poznaj\u00fa nemeck\u00e9 bezpe\u010dnostn\u00e9 normy.<\/p>\n<\/div><\/div><\/div><\/div><\/div><div class=\"w-tabs-section\" id=\"s1fc\" itemscope itemprop=\"mainEntity\" itemtype=\"https:\/\/schema.org\/Question\"><button class=\"w-tabs-section-header\" aria-controls=\"content-s1fc\" aria-expanded=\"false\"><div class=\"w-tabs-section-title\" itemprop=\"name\">Do ktor\u00fdch odvetv\u00ed umiest\u0148uje spolo\u010dnos\u0165 Global Business Recruiting \u017eeriavnikov a obsluhu zdv\u00edhac\u00edch zariaden\u00ed?<\/div><div class=\"w-tabs-section-control\"><\/div><\/button><div  class=\"w-tabs-section-content\" id=\"content-s1fc\" itemscope itemprop=\"acceptedAnswer\" itemtype=\"https:\/\/schema.org\/Answer\"><div class=\"w-tabs-section-content-h i-cf\" itemprop=\"text\"><div class=\"wpb_text_column\"><div class=\"wpb_wrapper\"><p>Spolo\u010dnos\u0165 Global Business Recruiting umiest\u0148uje \u017eeriavnikov a zamestnancov zdv\u00edhac\u00edch strojov pre stavebn\u00edctvo, lodiarstvo, priemysel, pr\u00edstavn\u00e9 prev\u00e1dzky a projekty v oblasti infra\u0161trukt\u00fary a mont\u00e1\u017ee - z Po\u013eska, Slovenska, \u010ceskej republiky, Ma\u010farska a \u010fal\u0161\u00edch kraj\u00edn v\u00fdchodnej Eur\u00f3py.<\/p>\n<\/div><\/div><\/div><\/div><\/div><\/div><\/div><\/div><\/div><\/div><\/div><\/section>","protected":false},"excerpt":{"rendered":"Ohne sie geht in vielen Branchen gar nichts. So vielf\u00e4ltig wie ihre Einsatzgebiete sind auch die Kr\u00e4ne selbst. Dieser Artikel enth\u00e4lt eine \u00dcbersicht der verschiedenen Krantypen und erl\u00e4utert deren Eigenschaften und Einsatzgebiete. Verschiedene Krantypen und ihre Eigenschaften Kr\u00e4ne kommen in Lagerhallen, in H\u00e4fen, an Bahnh\u00f6fen und vielen weiteren Orten zum Einsatz. Je nach Einsatzort und...","protected":false},"author":1,"featured_media":11142,"parent":9347,"menu_order":0,"comment_status":"closed","ping_status":"closed","template":"","meta":{"_acf_changed":false,"footnotes":""},"class_list":["post-9808","page","type-page","status-publish","has-post-thumbnail","hentry"],"acf":[],"_links":{"self":[{"href":"https:\/\/global-business-recruiting.de\/sk\/wp-json\/wp\/v2\/pages\/9808","targetHints":{"allow":["GET"]}}],"collection":[{"href":"https:\/\/global-business-recruiting.de\/sk\/wp-json\/wp\/v2\/pages"}],"about":[{"href":"https:\/\/global-business-recruiting.de\/sk\/wp-json\/wp\/v2\/types\/page"}],"author":[{"embeddable":true,"href":"https:\/\/global-business-recruiting.de\/sk\/wp-json\/wp\/v2\/users\/1"}],"replies":[{"embeddable":true,"href":"https:\/\/global-business-recruiting.de\/sk\/wp-json\/wp\/v2\/comments?post=9808"}],"version-history":[{"count":4,"href":"https:\/\/global-business-recruiting.de\/sk\/wp-json\/wp\/v2\/pages\/9808\/revisions"}],"predecessor-version":[{"id":11203,"href":"https:\/\/global-business-recruiting.de\/sk\/wp-json\/wp\/v2\/pages\/9808\/revisions\/11203"}],"up":[{"embeddable":true,"href":"https:\/\/global-business-recruiting.de\/sk\/wp-json\/wp\/v2\/pages\/9347"}],"wp:featuredmedia":[{"embeddable":true,"href":"https:\/\/global-business-recruiting.de\/sk\/wp-json\/wp\/v2\/media\/11142"}],"wp:attachment":[{"href":"https:\/\/global-business-recruiting.de\/sk\/wp-json\/wp\/v2\/media?parent=9808"}],"curies":[{"name":"wp","href":"https:\/\/api.w.org\/{rel}","templated":true}]}}