{"id":9818,"date":"2026-03-11T11:17:00","date_gmt":"2026-03-11T11:17:00","guid":{"rendered":"https:\/\/global-business-recruiting.de\/?page_id=9818"},"modified":"2026-03-29T12:55:16","modified_gmt":"2026-03-29T12:55:16","slug":"hlada-sa-subdodavatel","status":"publish","type":"page","link":"https:\/\/global-business-recruiting.de\/sk\/wissen\/subunternehmer-gesucht\/","title":{"rendered":"H\u013ead\u00e1me subdod\u00e1vate\u013eov: Efekt\u00edvne rie\u0161enia pre va\u0161e projekty"},"content":{"rendered":"<section class=\"l-section wpb_row height_custom\"><div class=\"l-section-h i-cf\"><div class=\"g-cols vc_row via_grid cols_1 laptops-cols_inherit tablets-cols_inherit mobiles-cols_1 valign_top type_default stacking_default\"><div class=\"wpb_column vc_column_container\"><div class=\"vc_column-inner\"><div class=\"wpb_text_column\"><div class=\"wpb_wrapper\"><p>Ste spolo\u010dnos\u0165, ktor\u00e1 \u010del\u00ed v\u00fdzve n\u00e1js\u0165 ide\u00e1lnych subdod\u00e1vate\u013eov pre svoje projekty? Global Business Recruiting je va\u0161\u00edm partnerom pri h\u013eadan\u00ed kvalifikovan\u00fdch a spo\u013eahliv\u00fdch subdod\u00e1vate\u013eov, ktor\u00ed v\u00e1m pom\u00f4\u017eu efekt\u00edvne a \u00faspe\u0161ne realizova\u0165 va\u0161e projekty. Na\u0161a komplexn\u00e1 podpora pokr\u00fdva v\u0161etky aspekty - od pr\u00e1vnych ot\u00e1zok a\u017e po osved\u010den\u00e9 postupy - a zabezpe\u010duje bezprobl\u00e9mov\u00fa spolupr\u00e1cu so subdod\u00e1vate\u013emi z Po\u013eska, v\u00fdchodnej Eur\u00f3py a \u010fal\u0161\u00edch kraj\u00edn.<\/p>\n<h2>N\u00e1\u0161 proces umiest\u0148ovania v detailoch<\/h2>\n<p>N\u00e1\u0161 proces umiest\u0148ovania je navrhnut\u00fd tak, aby v\u00e1m poskytol \u010do najlep\u0161ie slu\u017eby a zabezpe\u010dil v\u00e1m najlep\u0161\u00edch subdod\u00e1vate\u013eov pre va\u0161e projekty. Tu s\u00fa kroky, ktor\u00e9 podnik\u00e1me na zabezpe\u010denie tohto cie\u013ea:<\/p>\n<ol>\n<li><strong>Anal\u00fdza potrieb:<\/strong><span>\u00a0<\/span>Analyzujeme va\u0161e \u0161pecifick\u00e9 po\u017eiadavky a potreby, aby sme identifikovali spr\u00e1vnych subdod\u00e1vate\u013eov pre va\u0161e projekty.<\/li>\n<li><strong>Sie\u0165ov\u00fd v\u00fdskum:<\/strong><span>\u00a0<\/span>V na\u0161ej rozsiahlej sieti h\u013ead\u00e1me kvalifikovan\u00fdch subdod\u00e1vate\u013eov, ktor\u00ed sp\u013a\u0148aj\u00fa va\u0161e po\u017eiadavky.<\/li>\n<li><strong>Testovanie a v\u00fdber:<\/strong><span>\u00a0<\/span>Potenci\u00e1lnych subdod\u00e1vate\u013eov starostlivo preverujeme a vyber\u00e1me na z\u00e1klade sk\u00fasenost\u00ed, odborn\u00fdch znalost\u00ed a referenci\u00ed.<\/li>\n<li><strong>Rokovania o zmluve:<\/strong><span>\u00a0<\/span>Podporujeme v\u00e1s pri rokovaniach o zmluve, aby sme zabezpe\u010dili, \u017ee v\u0161etky podmienky bud\u00fa jasn\u00e9 a spravodliv\u00e9.<\/li>\n<li><strong>Integr\u00e1cia a monitorovanie:<\/strong><span>\u00a0<\/span>Podporujeme integr\u00e1ciu subdod\u00e1vate\u013eov do va\u0161ich projektov a monitorujeme ich v\u00fdkonnos\u0165, aby sme zabezpe\u010dili nepretr\u017eit\u00e9 zabezpe\u010denie kvality.<\/li>\n<li><strong>Sp\u00e4tn\u00e1 v\u00e4zba a \u00fapravy:<\/strong><span>\u00a0<\/span>Pravidelne zbierame sp\u00e4tn\u00fa v\u00e4zbu a v pr\u00edpade potreby vykon\u00e1vame \u00fapravy, aby sme v\u017edy splnili va\u0161e o\u010dak\u00e1vania.<\/li>\n<\/ol>\n<h2>Pr\u00edklady z odvetvia a slu\u017eby subdod\u00e1vate\u013eov<\/h2>\n<h3>Stavebn\u00edctvo<\/h3>\n<p>V stavebn\u00edctve s\u00fa subdod\u00e1vatelia k\u013e\u00fa\u010dov\u00ed pre realiz\u00e1ciu ve\u013ek\u00fdch stavebn\u00fdch projektov. Poskytujeme kvalifikovan\u00fdch subdod\u00e1vate\u013eov pre stavebn\u00e9 pr\u00e1ce, interi\u00e9rov\u00e9 pr\u00e1ce, elektroin\u0161tal\u00e1cie, sanit\u00e1rne in\u0161tal\u00e1cie a mnoh\u00e9 \u010fal\u0161ie. Na\u0161i subdod\u00e1vatelia maj\u00fa rozsiahlu kvalifik\u00e1ciu a sk\u00fasenosti, aby va\u0161e stavebn\u00e9 projekty dokon\u010dili v\u010das a na vysokej \u00farovni.<\/p>\n<h3>Doprava a logistika<\/h3>\n<p>V oblasti dopravy a logistiky poskytujeme subdod\u00e1vate\u013esk\u00e9 slu\u017eby pre kami\u00f3nov\u00fa dopravu, kuri\u00e9rske slu\u017eby, \u0165a\u017ek\u00fa n\u00e1kladn\u00fa dopravu, prepravu nebezpe\u010dn\u00e9ho tovaru a mnoho \u010fal\u0161ieho. Na\u0161i subdod\u00e1vatelia s\u00fa spo\u013eahliv\u00ed a presn\u00ed a disponuj\u00fa potrebn\u00fdmi zdrojmi a kapacitami na efekt\u00edvnu realiz\u00e1ciu va\u0161ich logistick\u00fdch projektov.<\/p>\n<h3>IT slu\u017eby<\/h3>\n<p>V r\u00e1mci IT projektov poskytujeme subdod\u00e1vate\u013eov pre v\u00fdvoj softv\u00e9ru, sie\u0165ov\u00e9 in\u0161tal\u00e1cie, IT podporu, spr\u00e1vu d\u00e1t a mnoho \u010fal\u0161ieho. Na\u0161i subdod\u00e1vatelia maj\u00fa hlbok\u00e9 odborn\u00e9 znalosti a sk\u00fasenosti v oblasti IT a dok\u00e1\u017eu profesion\u00e1lne a efekt\u00edvne realizova\u0165 va\u0161e IT projekty.<\/p>\n<h3>Bezpe\u010dnostn\u00e9 slu\u017eby<\/h3>\n<p>V oblasti bezpe\u010dnostn\u00fdch slu\u017eieb poskytujeme subdod\u00e1vky pre str\u00e1\u017ene a bezpe\u010dnostn\u00e9 slu\u017eby, osobn\u00fa ochranu, ochranu podujat\u00ed, ochranu majetku a mnoho \u010fal\u0161ieho. Na\u0161i subdod\u00e1vatelia s\u00fa kvalifikovan\u00ed a sk\u00fasen\u00ed a zaru\u010duj\u00fa bezpe\u010dnos\u0165 os\u00f4b a majetku.<\/p>\n<h3>Upratovacie slu\u017eby<\/h3>\n<p>Pri \u010distiacich projektoch zabezpe\u010dujeme subdod\u00e1vate\u013eov pre<span>\u00a0<\/span><a href=\"https:\/\/global-business-recruiting.de\/sk\/pobocky\/cistenie-zariadeni\/\">\u010cistenie budov, priemyseln\u00e9 \u010distenie<\/a>, \u010distenie okien, \u010distenie kobercov a mnoho \u010fal\u0161ieho. Na\u0161i subdod\u00e1vatelia s\u00fa spo\u013eahliv\u00ed a d\u00f4kladn\u00ed a zabezpe\u010dia, \u017ee va\u0161e upratovacie projekty bud\u00fa vykonan\u00e9 profesion\u00e1lne a efekt\u00edvne.<\/p>\n<h2>K\u013e\u00fa\u010d k \u00faspechu: Ak\u00e9 s\u00fa krit\u00e9ri\u00e1 v\u00fdberu subdod\u00e1vate\u013eov?<\/h2>\n<p>V\u00fdber spr\u00e1vnych subdod\u00e1vate\u013eov je pre \u00faspech va\u0161ich projektov k\u013e\u00fa\u010dov\u00fd. Jasn\u00e9 a presn\u00e9 krit\u00e9ri\u00e1 pom\u00e1haj\u00fa zabezpe\u010di\u0165 efekt\u00edvnu a bezprobl\u00e9mov\u00fa spolupr\u00e1cu. Vyu\u017e\u00edvame na\u0161u rozsiahlu sie\u0165 na vyh\u013ead\u00e1vanie kvalifikovan\u00fdch subdod\u00e1vate\u013eov z Po\u013eska, \u010ceskej republiky a \u010fal\u0161\u00edch v\u00fdchodoeur\u00f3pskych kraj\u00edn, ktor\u00ed sp\u013a\u0148aj\u00fa va\u0161e \u0161pecifick\u00e9 po\u017eiadavky.<\/p>\n<h3>Preuk\u00e1zan\u00e9 sk\u00fasenosti a kvalifik\u00e1cia<\/h3>\n<p>Subdod\u00e1vatelia musia ma\u0165 preuk\u00e1zate\u013en\u00e9 sk\u00fasenosti a potrebn\u00fa kvalifik\u00e1ciu v pr\u00edslu\u0161n\u00fdch oblastiach. Referencie a predch\u00e1dzaj\u00face projekty s\u00fa k\u013e\u00fa\u010dov\u00fdmi ukazovate\u013emi kvality poskytovan\u00fdch slu\u017eieb. Na\u0161e pr\u00edsne postupy preverovania zaru\u010duj\u00fa, \u017ee subdod\u00e1vatelia, ktor\u00fdch umiest\u0148ujeme, maj\u00fa potrebn\u00e9 sk\u00fasenosti a odborn\u00e9 znalosti, aby splnili vysok\u00e9 po\u017eiadavky va\u0161ich projektov.<\/p>\n<h3>Spo\u013eahlivos\u0165 a dodr\u017eiavanie term\u00ednov<\/h3>\n<p>Spo\u013eahlivos\u0165 a presnos\u0165 s\u00fa v mnoh\u00fdch odvetviach nevyhnutn\u00e9. Oneskorenie alebo zru\u0161enie m\u00f4\u017ee ma\u0165 v\u00fdznamn\u00fd vplyv na cel\u00fd priebeh projektu. Preto kladieme ve\u013ek\u00fd d\u00f4raz na vyh\u013ead\u00e1vanie subdod\u00e1vate\u013eov, ktor\u00ed pracuj\u00fa v\u017edy spo\u013eahlivo a na\u010das. N\u00e1\u0161 v\u00fdberov\u00fd proces zaru\u010duje, \u017ee do na\u0161ej siete s\u00fa zaraden\u00ed len t\u00ed najd\u00f4veryhodnej\u0161\u00ed a najspo\u013eahlivej\u0161\u00ed subdod\u00e1vatelia.<\/p>\n<h3>Dodr\u017eiavanie bezpe\u010dnostn\u00fdch a kvalitat\u00edvnych noriem<\/h3>\n<p>Dodr\u017eiavanie vysok\u00fdch bezpe\u010dnostn\u00fdch a kvalitat\u00edvnych noriem m\u00e1 v mnoh\u00fdch priemyseln\u00fdch odvetviach z\u00e1sadn\u00fd v\u00fdznam. Subdod\u00e1vatelia musia tieto normy d\u00f4sledne uplat\u0148ova\u0165, aby sa zabezpe\u010dila bezpe\u010dnos\u0165 a kvalita slu\u017eieb. Na\u0161e pr\u00edsne aud\u00edtorsk\u00e9 postupy zabezpe\u010duj\u00fa, aby subdod\u00e1vatelia v na\u0161ej sieti v\u017edy dodr\u017eiavali najvy\u0161\u0161ie \u0161tandardy a neust\u00e1le ich \u010falej rozv\u00edjali.<\/p>\n<h3>Spravodliv\u00e9 ceny a transparentn\u00e9 podmienky<\/h3>\n<p>K\u013e\u00fa\u010dov\u00fdm faktorom pri v\u00fdbere subdod\u00e1vate\u013eov je n\u00e1kladov\u00e1 efekt\u00edvnos\u0165 slu\u017eieb. Db\u00e1me na to, aby boli ceny spravodliv\u00e9 a transparentn\u00e9 a aby podmienky zodpovedali aktu\u00e1lnym podmienkam na trhu. Na\u0161e slu\u017eby v oblasti obstar\u00e1vania v\u00e1m pom\u00f4\u017eu n\u00e1js\u0165 n\u00e1kladovo efekt\u00edvne rie\u0161enia bez toho, aby ste museli robi\u0165 kompromisy v kvalite.<\/p>\n<h2>Pr\u00e1vna ochrana subdod\u00e1vok<\/h2>\n<p>Okrem odbornej vhodnosti zohr\u00e1vaj\u00fa pri v\u00fdbere subdod\u00e1vate\u013eov d\u00f4le\u017eit\u00fa \u00falohu aj pr\u00e1vne aspekty. Spolo\u010dnos\u0165 Global Business Recruiting zabezpe\u010duje, aby v\u0161etci umiestnen\u00ed subdod\u00e1vatelia mali potrebn\u00e9 dokumenty a povolenia:<\/p>\n<ul>\n<li>Registr\u00e1cia podniku a osved\u010denia o \u010dlenstve (IHK\/HWK)<\/li>\n<li><a href=\"https:\/\/global-business-recruiting.de\/sk\/poznat\/certifikat-a1\/\">Certifik\u00e1ty A1<\/a><span>\u00a0<\/span>pre v\u0161etk\u00fdch vyslan\u00fdch pracovn\u00edkov<\/li>\n<li>Doklad o vyplaten\u00ed minim\u00e1lnej mzdy<\/li>\n<li>Poistenie zodpovednosti za \u0161kodu<\/li>\n<li>Potvrdenia o z\u00fa\u010dtovan\u00ed z fondu soci\u00e1lneho zabezpe\u010denia a da\u0148ov\u00e9ho \u00faradu<\/li>\n<\/ul>\n<p>Viac o povinnosti poskytn\u00fa\u0165 d\u00f4kazy:<span>\u00a0<\/span><a href=\"https:\/\/global-business-recruiting.de\/sk\/poznat\/subdodavatelske-certifikaty-eu\/\">Cestovanie ako subdod\u00e1vate\u013e v E\u00da - vy\u017eaduje sa doklad<\/a>. A ot\u00e1zka zodpovednosti:<span>\u00a0<\/span><a href=\"https:\/\/global-business-recruiting.de\/sk\/poznat\/zodpovednost-zahranicnych-subdodavatelov\/\">Kto je zodpovedn\u00fd za \u0161kody a nedostatky?<\/a><\/p>\n<h2>Vyh\u013ead\u00e1vanie spo\u013eahliv\u00fdch partnerov pre medzin\u00e1rodn\u00e9 projekty<\/h2>\n<p>Harmonick\u00e1 spolupr\u00e1ca s kompetentn\u00fdmi subdod\u00e1vate\u013emi je rozhoduj\u00faca pre \u00faspech va\u0161ich projektov. Pon\u00fakame 24-hodinov\u00fd servis, aby sme v\u00e1m zabezpe\u010dili nepretr\u017eit\u00fa podporu. Prostredn\u00edctvom jasnej komunik\u00e1cie, transparentn\u00fdch zmluvn\u00fdch doh\u00f4d a efekt\u00edvneho riadenia zdrojov mo\u017eno predch\u00e1dza\u0165 konfliktom a zaru\u010di\u0165 kvalitu slu\u017eieb.<\/p>\n<p>Na\u0161i sk\u00fasen\u00ed konzultanti s\u00fa v\u00e1m k dispoz\u00edcii, aby v\u00e1m pomohli n\u00e1js\u0165 najlep\u0161\u00edch subdod\u00e1vate\u013eov pre va\u0161e \u0161pecifick\u00e9 potreby a zaistili \u00faspe\u0161n\u00fa integr\u00e1ciu do va\u0161ich projektov. Podporujeme v\u00e1s v ka\u017edom kroku procesu, od prv\u00e9ho kontaktu a\u017e po \u00faspe\u0161n\u00fa realiz\u00e1ciu slu\u017eieb.<\/p>\n<h2>\u010casto kladen\u00e9 ot\u00e1zky o vyh\u013ead\u00e1van\u00ed subdod\u00e1vate\u013eov<\/h2>\n<\/div><\/div><div class=\"w-separator size_small\"><\/div><div class=\"w-tabs style_default switch_click accordion type_togglable has_scrolling\" style=\"--sections-title-size:inherit\"><div class=\"w-tabs-sections titles-align_none icon_chevron cpos_right\"><div class=\"w-tabs-section\" id=\"xb91\" itemscope itemprop=\"mainEntity\" itemtype=\"https:\/\/schema.org\/Question\"><button class=\"w-tabs-section-header\" aria-controls=\"content-xb91\" aria-expanded=\"false\"><div class=\"w-tabs-section-title\" itemprop=\"name\">Ako r\u00fdchlo dok\u00e1\u017ee Global Business Recruiting n\u00e1js\u0165 vhodn\u00e9ho subdod\u00e1vate\u013ea?<\/div><div class=\"w-tabs-section-control\"><\/div><\/button><div  class=\"w-tabs-section-content\" id=\"content-xb91\" itemscope itemprop=\"acceptedAnswer\" itemtype=\"https:\/\/schema.org\/Answer\"><div class=\"w-tabs-section-content-h i-cf\" itemprop=\"text\"><div class=\"wpb_text_column\"><div class=\"wpb_wrapper\"><p>Vo v\u00e4\u010d\u0161ine pr\u00edpadov vieme navrhn\u00fa\u0165 vhodn\u00fdch kandid\u00e1tov do nieko\u013ek\u00fdch dn\u00ed. V pr\u00edpade \u0161tandardn\u00fdch po\u017eiadaviek z na\u0161ej hlavnej oblasti - stavebn\u00edctvo, zv\u00e1ranie, elektrotechnika, priemysel - s\u00fa kvalifikovan\u00ed subdod\u00e1vatelia \u010dasto pripraven\u00ed pracova\u0165 do t\u00fd\u017ed\u0148a.<\/p>\n<\/div><\/div><\/div><\/div><\/div><div class=\"w-tabs-section\" id=\"jca2\" itemscope itemprop=\"mainEntity\" itemtype=\"https:\/\/schema.org\/Question\"><button class=\"w-tabs-section-header\" aria-controls=\"content-jca2\" aria-expanded=\"false\"><div class=\"w-tabs-section-title\" itemprop=\"name\">Z ktor\u00fdch kraj\u00edn poch\u00e1dzaj\u00fa subdod\u00e1vatelia?<\/div><div class=\"w-tabs-section-control\"><\/div><\/button><div  class=\"w-tabs-section-content\" id=\"content-jca2\" itemscope itemprop=\"acceptedAnswer\" itemtype=\"https:\/\/schema.org\/Answer\"><div class=\"w-tabs-section-content-h i-cf\" itemprop=\"text\"><div class=\"wpb_text_column\"><div class=\"wpb_wrapper\"><p>Na\u0161a sie\u0165 zah\u0155\u0148a subdod\u00e1vate\u013eov a \u0161pecialistov najm\u00e4 z Po\u013eska, Slovenska, \u010ceskej republiky, Ma\u010farska, Rumunska a \u010fal\u0161\u00edch kraj\u00edn v\u00fdchodnej Eur\u00f3py. V\u0161etci maj\u00fa potrebn\u00fa kvalifik\u00e1ciu a doklady pre \u00falohy v Nemecku.<\/p>\n<\/div><\/div><\/div><\/div><\/div><div class=\"w-tabs-section\" id=\"dd84\" itemscope itemprop=\"mainEntity\" itemtype=\"https:\/\/schema.org\/Question\"><button class=\"w-tabs-section-header\" aria-controls=\"content-dd84\" aria-expanded=\"false\"><div class=\"w-tabs-section-title\" itemprop=\"name\">Zaober\u00e1 sa spolo\u010dnos\u0165 Global Business Recruiting aj vypracovan\u00edm zml\u00fav?<\/div><div class=\"w-tabs-section-control\"><\/div><\/button><div  class=\"w-tabs-section-content\" id=\"content-dd84\" itemscope itemprop=\"acceptedAnswer\" itemtype=\"https:\/\/schema.org\/Answer\"><div class=\"w-tabs-section-content-h i-cf\" itemprop=\"text\"><div class=\"wpb_text_column\"><div class=\"wpb_wrapper\"><p>\u00c1no, podporujeme v\u00e1s pri rokovaniach a vypracov\u00e1van\u00ed zml\u00fav a zabezpe\u010dujeme, aby boli v\u0161etky podmienky jasn\u00e9, spravodliv\u00e9 a v s\u00falade s pr\u00e1vnymi predpismi. Osobitn\u00fa pozornos\u0165 venujeme opisu slu\u017eieb, predpisom o zodpovednosti a sp\u00f4sobu platby.<\/p>\n<\/div><\/div><\/div><\/div><\/div><div class=\"w-tabs-section\" id=\"qe55\" itemscope itemprop=\"mainEntity\" itemtype=\"https:\/\/schema.org\/Question\"><button class=\"w-tabs-section-header\" aria-controls=\"content-qe55\" aria-expanded=\"false\"><div class=\"w-tabs-section-title\" itemprop=\"name\">\u010co sa stane, ak subdod\u00e1vate\u013e nespln\u00ed o\u010dak\u00e1vania?<\/div><div class=\"w-tabs-section-control\"><\/div><\/button><div  class=\"w-tabs-section-content\" id=\"content-qe55\" itemscope itemprop=\"acceptedAnswer\" itemtype=\"https:\/\/schema.org\/Answer\"><div class=\"w-tabs-section-content-h i-cf\" itemprop=\"text\"><div class=\"wpb_text_column\"><div class=\"wpb_wrapper\"><p>Cel\u00fa spolupr\u00e1cu monitorujeme a pravidelne zbierame sp\u00e4tn\u00fa v\u00e4zbu. Ak sa vyskytn\u00fa probl\u00e9my, akt\u00edvne zasiahneme, vykon\u00e1me \u00fapravy alebo v pr\u00edpade potreby n\u00e1jdeme n\u00e1hradu. Na\u0161e zabezpe\u010denie kvality sa za\u010d\u00edna vo f\u00e1ze pred v\u00fdberom a nekon\u010d\u00ed sa umiestnen\u00edm.<\/p>\n<\/div><\/div><\/div><\/div><\/div><div class=\"w-tabs-section\" id=\"ff23\" itemscope itemprop=\"mainEntity\" itemtype=\"https:\/\/schema.org\/Question\"><button class=\"w-tabs-section-header\" aria-controls=\"content-ff23\" aria-expanded=\"false\"><div class=\"w-tabs-section-title\" itemprop=\"name\">Pre ak\u00e9 ve\u013ekosti projektov je Global Business Recruiting vhodn\u00fd?<\/div><div class=\"w-tabs-section-control\"><\/div><\/button><div  class=\"w-tabs-section-content\" id=\"content-ff23\" itemscope itemprop=\"acceptedAnswer\" itemtype=\"https:\/\/schema.org\/Answer\"><div class=\"w-tabs-section-content-h i-cf\" itemprop=\"text\"><div class=\"wpb_text_column\"><div class=\"wpb_wrapper\"><p>Poskytujeme subdod\u00e1vate\u013eov pre kr\u00e1tkodob\u00e9 individu\u00e1lne projekty aj dlhodob\u00e9 r\u00e1mcov\u00e9 dohody s viacer\u00fdmi t\u00edmami. Na\u0161a sie\u0165 viac ako 100 000 odborn\u00edkov n\u00e1m umo\u017e\u0148uje flexibilne reagova\u0165 na projekty akejko\u013evek ve\u013ekosti.<\/p>\n<\/div><\/div><\/div><\/div><\/div><\/div><\/div><\/div><\/div><\/div><\/div><\/section>","protected":false},"excerpt":{"rendered":"Stehen Sie als Unternehmen vor der Herausforderung, die idealen Subunternehmer f\u00fcr Ihre Projekte zu finden? Global Business Recruiting ist Ihr Partner in der Vermittlung qualifizierter und zuverl\u00e4ssiger Subunternehmer, um Ihre Projekte effizient und erfolgreich umzusetzen. Unsere umfassende Unterst\u00fctzung deckt alle Aspekte ab \u2013 von rechtlichen Fragen bis hin zu bew\u00e4hrten Praktiken \u2013 und gew\u00e4hrleistet eine...","protected":false},"author":1,"featured_media":11139,"parent":9347,"menu_order":0,"comment_status":"closed","ping_status":"closed","template":"","meta":{"_acf_changed":false,"footnotes":""},"class_list":["post-9818","page","type-page","status-publish","has-post-thumbnail","hentry"],"acf":[],"_links":{"self":[{"href":"https:\/\/global-business-recruiting.de\/sk\/wp-json\/wp\/v2\/pages\/9818","targetHints":{"allow":["GET"]}}],"collection":[{"href":"https:\/\/global-business-recruiting.de\/sk\/wp-json\/wp\/v2\/pages"}],"about":[{"href":"https:\/\/global-business-recruiting.de\/sk\/wp-json\/wp\/v2\/types\/page"}],"author":[{"embeddable":true,"href":"https:\/\/global-business-recruiting.de\/sk\/wp-json\/wp\/v2\/users\/1"}],"replies":[{"embeddable":true,"href":"https:\/\/global-business-recruiting.de\/sk\/wp-json\/wp\/v2\/comments?post=9818"}],"version-history":[{"count":4,"href":"https:\/\/global-business-recruiting.de\/sk\/wp-json\/wp\/v2\/pages\/9818\/revisions"}],"predecessor-version":[{"id":11200,"href":"https:\/\/global-business-recruiting.de\/sk\/wp-json\/wp\/v2\/pages\/9818\/revisions\/11200"}],"up":[{"embeddable":true,"href":"https:\/\/global-business-recruiting.de\/sk\/wp-json\/wp\/v2\/pages\/9347"}],"wp:featuredmedia":[{"embeddable":true,"href":"https:\/\/global-business-recruiting.de\/sk\/wp-json\/wp\/v2\/media\/11139"}],"wp:attachment":[{"href":"https:\/\/global-business-recruiting.de\/sk\/wp-json\/wp\/v2\/media?parent=9818"}],"curies":[{"name":"wp","href":"https:\/\/api.w.org\/{rel}","templated":true}]}}