{"id":9820,"date":"2026-03-11T12:06:21","date_gmt":"2026-03-11T12:06:21","guid":{"rendered":"https:\/\/global-business-recruiting.de\/?page_id=9820"},"modified":"2026-03-29T12:56:05","modified_gmt":"2026-03-29T12:56:05","slug":"nedostatok-kvalifikovanej-pracovnej-sily-v-obrannom-priemysle","status":"publish","type":"page","link":"https:\/\/global-business-recruiting.de\/sk\/wissen\/fachkraeftemangel-ruestungsindustrie\/","title":{"rendered":"V\u00fdzvy v oblasti n\u00e1boru zamestnancov pre obrann\u00fd priemysel v Nemecku"},"content":{"rendered":"<section class=\"l-section wpb_row height_custom\"><div class=\"l-section-h i-cf\"><div class=\"g-cols vc_row via_grid cols_1 laptops-cols_inherit tablets-cols_inherit mobiles-cols_1 valign_top type_default stacking_default\"><div class=\"wpb_column vc_column_container\"><div class=\"vc_column-inner\"><div class=\"wpb_text_column\"><div class=\"wpb_wrapper\"><p>N\u00e1bor v<span>\u00a0<\/span><strong>Obrann\u00fd priemysel v Nemecku<\/strong><span>\u00a0<\/span>je pod rast\u00facim tlakom. Nedostatok kvalifikovanej pracovnej sily sa u\u017e net\u00fdka len IT alebo o\u0161etrovate\u013estva - odvetvia s\u00favisiace s bezpe\u010dnos\u0165ou, ako napr.<span>\u00a0<\/span><strong>Obrann\u00fd priemysel<\/strong><span>\u00a0<\/span>bojuj\u00fa s nedostatkom kvalifikovan\u00fdch odborn\u00edkov. Z\u00e1rove\u0148 sa zvy\u0161uj\u00fa po\u017eiadavky: Uch\u00e1dza\u010di musia ma\u0165 nielen technick\u00e9 zru\u010dnosti, ale musia prejs\u0165 aj zlo\u017eit\u00fdmi bezpe\u010dnostn\u00fdmi previerkami. T\u00e1to jedine\u010dn\u00e1 kombin\u00e1cia rob\u00ed n\u00e1bor v obrannom priemysle zlo\u017eitou \u00falohou.<\/p>\n<p>Spolo\u010dnosti v obrannom priemysle v Nemecku s\u00fa konfrontovan\u00e9 s geopoliticky podmienen\u00fdm rastom. Objedn\u00e1vky v oblasti obrany sa zvy\u0161uj\u00fa najm\u00e4 v d\u00f4sledku medzin\u00e1rodn\u00fdch konfliktov a posil\u0148ovania NATO. Bez dobre vy\u0161kolen\u00e9ho person\u00e1lu sa v\u0161ak realiz\u00e1cia zastavuje. V d\u00f4sledku toho sa projekty oneskoruj\u00fa, predl\u017euj\u00fa sa dodacie lehoty a trp\u00ed konkurencieschopnos\u0165.<\/p>\n<h2>Obrann\u00fd priemysel a nedostatok kvalifikovan\u00fdch pracovn\u00edkov: rast\u00faca v\u00fdzva<\/h2>\n<p>Str\u00e1nka<span>\u00a0<\/span><strong>Obrann\u00fd priemysel a nedostatok kvalifikovan\u00fdch pracovn\u00edkov<\/strong><span>\u00a0<\/span>priamo s\u00favisia. Kvalifikovan\u00fdch pracovn\u00edkov so sk\u00fasenos\u0165ami v oblasti leteck\u00e9ho a kozmick\u00e9ho in\u017einierstva, stroj\u00e1rstva alebo elektroniky je \u0165a\u017ek\u00e9 n\u00e1js\u0165. Nedostatok odborn\u00edkov v t\u00fdchto oblastiach je mimoriadne kritick\u00fd:<\/p>\n<ul>\n<li>Elektronika a senzory<\/li>\n<li>Zbrane a obrann\u00e9 technol\u00f3gie<\/li>\n<li>Kybernetick\u00e1 obrana<\/li>\n<li>Drony a robotick\u00e9 syst\u00e9my<\/li>\n<\/ul>\n<p>V t\u00fdchto profesi\u00e1ch je vysok\u00e1 konkurencia. Obrann\u00fd priemysel z\u00e1rove\u0148 potrebuje \u010fal\u0161\u00edch zamestnancov, preto\u017ee sa roz\u0161iruj\u00fa projekty v oblasti zbrojenia.<span>\u00a0<\/span><strong>Projekty Bundeswehru v oblasti vyzbrojovania<\/strong><span>\u00a0<\/span>ako je obstar\u00e1vanie nov\u00fdch st\u00edha\u010diek alebo tankov, si vy\u017eaduj\u00fa technick\u00e9 znalosti vo v\u0161etk\u00fdch f\u00e1zach v\u00fdvoja.<\/p>\n<p>N\u00e1borov\u00ed pracovn\u00edci preto stoja pred \u00falohou n\u00e1js\u0165 v kr\u00e1tkom \u010dase technicky vynikaj\u00facich odborn\u00edkov s osved\u010den\u00edm o bezpe\u010dnosti. To si vy\u017eaduje nov\u00e9 strat\u00e9gie a d\u00f4kladn\u00e9 pochopenie odvetvia.<\/p>\n<h2>Pre\u010do s\u00fa bezpe\u010dnostn\u00e9 kontroly v n\u00e1bore tak\u00e9 d\u00f4le\u017eit\u00e9?<\/h2>\n<p>Na rozdiel od civiln\u00fdch odvetv\u00ed sa uch\u00e1dza\u010di o mnoh\u00e9<span>\u00a0<\/span><strong>Pracovn\u00e9 miesta v oblasti vojensk\u00fdch technol\u00f3gi\u00ed<\/strong><span>\u00a0<\/span>absolvova\u0165 bezpe\u010dnostn\u00fa previerku v sektore obrany. T\u00fato previerku vykon\u00e1va Spolkov\u00fd \u00farad na ochranu \u00fastavy a m\u00f4\u017ee trva\u0165 nieko\u013eko t\u00fd\u017ed\u0148ov. Uplat\u0148uj\u00fa sa pr\u00edsne krit\u00e9ri\u00e1:<\/p>\n<ul>\n<li>\u017diadne predch\u00e1dzaj\u00face ods\u00fadenie ani prebiehaj\u00face vy\u0161etrovanie<\/li>\n<li>\u017diadne kontakty s extr\u00e9mistick\u00fdmi skupinami<\/li>\n<li>Absol\u00fatna spo\u013eahlivos\u0165 a diskr\u00e9tnos\u0165<\/li>\n<\/ul>\n<p>Tieto po\u017eiadavky v\u00fdrazne obmedzuj\u00fa okruh \u017eiadate\u013eov. Dokonca aj vysokokvalifikovan\u00ed odborn\u00edci m\u00f4\u017eu v teste neuspie\u0165, \u010do e\u0161te viac s\u0165a\u017euje n\u00e1bor pre nemeck\u00fd obrann\u00fd priemysel.<\/p>\n<p>Existuj\u00fa aj v\u00fdzvy v oblasti<span>\u00a0<\/span><strong>Spr\u00e1va \u017eiadate\u013eov s \u00farov\u0148ou d\u00f4vernosti<\/strong>. Mana\u017e\u00e9ri \u013eudsk\u00fdch zdrojov musia zabezpe\u010di\u0165, aby boli citliv\u00e9 inform\u00e1cie pr\u00edstupn\u00e9 len opr\u00e1vnen\u00fdm osob\u00e1m - tento aspekt rob\u00ed proces pod\u00e1vania \u017eiadost\u00ed ove\u013ea zlo\u017eitej\u0161\u00edm.<\/p>\n<h2>N\u00e1borov\u00e1 agent\u00fara pre obrann\u00fd priemysel v Nemecku: Zvl\u00e1\u0161tnosti pri n\u00e1bore<\/h2>\n<p>Str\u00e1nka<span>\u00a0<\/span><strong>N\u00e1bor zamestnancov v obrannom priemysle<\/strong><span>\u00a0<\/span>sa v\u00fdrazne l\u00ed\u0161i od tradi\u010dn\u00e9ho n\u00e1boru. Vzh\u013eadom na pr\u00e1vne po\u017eiadavky a predpisy o kontrole v\u00fdvozu maj\u00fa n\u00e1borov\u00e9 agent\u00fary obmedzen\u00fd man\u00e9vrovac\u00ed priestor. T\u00fdka sa to najm\u00e4 nasleduj\u00facich oblast\u00ed:<\/p>\n<ul>\n<li>Kontrola v\u00fdvozu v oblasti \u013eudsk\u00fdch zdrojov<\/li>\n<li>\u0160t\u00e1tna pr\u00edslu\u0161nos\u0165 \u017eiadate\u013eov<\/li>\n<li>Zmluvn\u00e9 z\u00e1v\u00e4zky ml\u010danlivosti<\/li>\n<\/ul>\n<p>Okrem toho sa mnoh\u00e9 poz\u00edcie t\u00fdkaj\u00fa projektov. Existuje vysok\u00fd dopyt po<span>\u00a0<\/span><strong>Rie\u0161enia do\u010dasn\u00e9ho zamestn\u00e1vania so \u0161pecializovan\u00fdmi odborn\u00fdmi znalos\u0165ami v odvetv\u00ed<\/strong>, flexibilita a pr\u00e1vna istota maj\u00fa najvy\u0161\u0161iu prioritu. \u0160pecializovan\u00ed headhunteri pre obrann\u00fd priemysel m\u00f4\u017eu v tejto s\u00favislosti poskytn\u00fa\u0165 cielen\u00fa podporu za predpokladu, \u017ee maj\u00fa potrebn\u00e9 odborn\u00e9 znalosti v danom odvetv\u00ed.<\/p>\n<p>Spolupr\u00e1ca s tak\u00fdmito odborn\u00edkmi v\u00fdrazne ur\u00fdch\u013euje proces n\u00e1boru a zabezpe\u010duje, \u017ee vo\u013en\u00e9 pracovn\u00e9 miesta bud\u00fa vhodne obsaden\u00e9.<\/p>\n<h2>Postup pod\u00e1vania \u017eiadost\u00ed pre obrann\u00e9 spolo\u010dnosti: Po\u017eiadavky a realita<\/h2>\n<p>Proces pod\u00e1vania \u017eiadost\u00ed v obrann\u00fdch spolo\u010dnostiach sa riadi pr\u00edsne regulovan\u00fdmi postupmi. N\u00e1borov\u00ed pracovn\u00edci h\u013eadaj\u00fa:<\/p>\n<ul>\n<li>Technick\u00ed \u0161pecialisti s odbornou pr\u00edpravou v danom odvetv\u00ed<\/li>\n<li>Sk\u00fasenosti s projektmi v oblasti obrany alebo letectva<\/li>\n<li>Pripravenos\u0165 na testovanie bezpe\u010dnosti<\/li>\n<li>lojalita vo\u010di zamestn\u00e1vate\u013eovi a \u0161t\u00e1tu<\/li>\n<\/ul>\n<p>Mnoh\u00ed \u017eiadatelia v\u0161ak podce\u0148uj\u00fa d\u013a\u017eku a n\u00e1ro\u010dnos\u0165 procesu. Zatia\u013e \u010do v in\u00fdch odvetviach sa \u017eiadosti vybavuj\u00fa v priebehu nieko\u013ek\u00fdch dn\u00ed, v obrannom priemysle v Nemecku to m\u00f4\u017ee trva\u0165 t\u00fd\u017edne alebo mesiace.<\/p>\n<p>Tento rozpor \u010dasto vedie k frustr\u00e1cii spolo\u010dnost\u00ed aj \u017eiadate\u013eov. Profesion\u00e1lne person\u00e1lne agent\u00fary so zameran\u00edm na priemysel tu m\u00f4\u017eu zasiahnu\u0165, sprostredkova\u0165 a vysvetli\u0165 a z\u00e1rove\u0148 zabezpe\u010di\u0165, aby procesom pre\u0161li len vhodn\u00e9 profily.<\/p>\n<h2>IT \u0161pecialisti Obrann\u00e9 a vojensk\u00e9 \u0161pi\u010dkov\u00e9 technol\u00f3gie<\/h2>\n<p>Str\u00e1nka<span>\u00a0<\/span><strong>IT \u0161pecialisti v oblasti obrany<\/strong><span>\u00a0<\/span>patria medzi najvyh\u013ead\u00e1vanej\u0161\u00edch odborn\u00edkov v sektore obrany. Modern\u00e1 vojna je \u010doraz viac zalo\u017een\u00e1 na digit\u00e1lnej infra\u0161trukt\u00fare: senzory, radary, syst\u00e9my riaden\u00e9 umelou inteligenciou, kybernetick\u00e1 bezpe\u010dnos\u0165. N\u00e1roky na IT odborn\u00edkov s\u00fa primerane vysok\u00e9:<\/p>\n<ul>\n<li><strong>Znalos\u0165 siet\u00ed kritick\u00fdch z h\u013eadiska bezpe\u010dnosti<\/strong><\/li>\n<li><strong>Sk\u00fasenosti s vstavan\u00fdmi syst\u00e9mami<\/strong><\/li>\n<li><strong>Pr\u00e1ca so \u0161ifrovan\u00edm a kryptografiou<\/strong><\/li>\n<li><strong>Mo\u017enos\u0165 uvo\u013enenia zabezpe\u010denia<\/strong><\/li>\n<\/ul>\n<p>Dopyt v\u00fdrazne prevy\u0161uje ponuku. Okrem toho s\u00fa spolo\u010dnosti v obrannom priemysle v tvrdej konkurencii s civiln\u00fdm IT sektorom. Ten pon\u00faka atrakt\u00edvne platy a r\u00fdchlej\u0161ie procesy.<\/p>\n<p>\u0160pecializovan\u00e1 person\u00e1lna agent\u00fara pre obrann\u00fd priemysel m\u00f4\u017ee pom\u00f4c\u0165 pri vyh\u013ead\u00e1van\u00ed a presvied\u010dan\u00ed IT talentov - napr\u00edklad prostredn\u00edctvom individu\u00e1lneho kari\u00e9rneho poradenstva a transparentnej komunik\u00e1cie o osobitostiach tohto odvetvia.<\/p>\n<h2>Kari\u00e9ra v obrannom priemysle: istota zamestnania alebo riziko?<\/h2>\n<p>Ot\u00e1zka<span>\u00a0<\/span><strong>Istota zamestnania v obrannom priemysle v Nemecku<\/strong><span>\u00a0<\/span>sa pohybuje mnoho \u017eiadate\u013eov. Na jednej strane<span>\u00a0<\/span><strong>Obrann\u00fd dod\u00e1vate\u013e<\/strong><span>\u00a0<\/span>dlhodob\u00e9 vyhliadky, ke\u010f\u017ee \u0161t\u00e1tne z\u00e1kazky s\u00fa zvy\u010dajne zabezpe\u010den\u00e9 na roky. Na druhej strane je tu politick\u00e1 neistota: zmeny v legislat\u00edve, z\u00e1kazy v\u00fdvozu alebo etick\u00e9 diskusie m\u00f4\u017eu ma\u0165 vplyv na pracovisko.<\/p>\n<p>Mnoh\u00ed kandid\u00e1ti si klad\u00fa ot\u00e1zku, \u010di<span>\u00a0<\/span><strong>Kari\u00e9ra v obrannom priemysle<\/strong><span>\u00a0<\/span>je mor\u00e1lne ospravedlnite\u013en\u00e9. Person\u00e1lne agent\u00fary a spolo\u010dnosti preto musia \u010doraz \u010dastej\u0161ie poskytova\u0165 inform\u00e1cie - o civiln\u00fdch oblastiach uplatnenia technol\u00f3gi\u00ed, etick\u00fdch usmerneniach spolo\u010dnost\u00ed a mo\u017enostiach zvy\u0161ovania kvalifik\u00e1cie.<\/p>\n<p>Ak v\u0161ak chcete dlhodobo pracova\u0165 v technologicky n\u00e1ro\u010dnom a bezpe\u010dnostne relevantnom prostred\u00ed, n\u00e1jdete tu atrakt\u00edvne pr\u00edle\u017eitosti s vysokou mierou istoty zamestnania a mo\u017enos\u0165ami rozvoja.<\/p>\n<h2>Z\u00e1ver: Rie\u0161enia pre nap\u00e4t\u00fd trh<\/h2>\n<p>N\u00e1bor zamestnancov v obrannom priemysle v Nemecku je zlo\u017eitou oblas\u0165ou, v ktorej sa sp\u00e1jaj\u00fa pr\u00e1vne, technick\u00e9 a etick\u00e9 po\u017eiadavky. Vzh\u013eadom na nedostatok kvalifikovan\u00fdch pracovn\u00edkov v odvetviach s\u00favisiacich s bezpe\u010dnos\u0165ou je pre spolo\u010dnosti \u010doraz d\u00f4le\u017eitej\u0161ie spolieha\u0165 sa na \u0161pecializovan\u00e9 n\u00e1borov\u00e9 agent\u00fary. Iba s dobr\u00fdm pochopen\u00edm obrann\u00e9ho priemyslu, pr\u00e1vnymi znalos\u0165ami a proakt\u00edvnou komunik\u00e1ciou je mo\u017en\u00e9 z\u00edska\u0165 kvalifikovan\u00fdch odborn\u00edkov pre obrann\u00fd priemysel a dlhodobo si ich udr\u017ea\u0165.<\/p>\n<h2>\u010casto kladen\u00e9 ot\u00e1zky o n\u00e1bore v obrannom priemysle<\/h2>\n<\/div><\/div><div class=\"w-separator size_small\"><\/div><div class=\"w-tabs style_default switch_click accordion type_togglable has_scrolling\" style=\"--sections-title-size:inherit\"><div class=\"w-tabs-sections titles-align_none icon_chevron cpos_right\"><div class=\"w-tabs-section\" id=\"k5d3\" itemscope itemprop=\"mainEntity\" itemtype=\"https:\/\/schema.org\/Question\"><button class=\"w-tabs-section-header\" aria-controls=\"content-k5d3\" aria-expanded=\"false\"><div class=\"w-tabs-section-title\" itemprop=\"name\">Ako dlho trv\u00e1 bezpe\u010dnostn\u00e1 previerka pre pracovn\u00e9 miesta v oblasti obrany?<\/div><div class=\"w-tabs-section-control\"><\/div><\/button><div  class=\"w-tabs-section-content\" id=\"content-k5d3\" itemscope itemprop=\"acceptedAnswer\" itemtype=\"https:\/\/schema.org\/Answer\"><div class=\"w-tabs-section-content-h i-cf\" itemprop=\"text\"><div class=\"wpb_text_column\"><div class=\"wpb_wrapper\"><p>Trvanie bezpe\u010dnostnej previerky Feder\u00e1lneho \u00faradu na ochranu \u00fastavy sa l\u00ed\u0161i v z\u00e1vislosti od \u00farovne. Jednoduch\u00e1 kontrola (\u00dc1) m\u00f4\u017ee trva\u0165 nieko\u013eko t\u00fd\u017ed\u0148ov, zatia\u013e \u010do vy\u0161\u0161ie \u00farovne (\u00dc2, \u00dc3) m\u00f4\u017eu trva\u0165 nieko\u013eko mesiacov. N\u00e1borov\u00ed pracovn\u00edci by mali uch\u00e1dza\u010dov o tomto \u010dasovom r\u00e1mci informova\u0165 u\u017e v po\u010diato\u010dnej f\u00e1ze.<\/p>\n<\/div><\/div><\/div><\/div><\/div><div class=\"w-tabs-section\" id=\"o743\" itemscope itemprop=\"mainEntity\" itemtype=\"https:\/\/schema.org\/Question\"><button class=\"w-tabs-section-header\" aria-controls=\"content-o743\" aria-expanded=\"false\"><div class=\"w-tabs-section-title\" itemprop=\"name\">M\u00f4\u017eu v nemeckom obrannom priemysle pracova\u0165 zahrani\u010dn\u00ed odborn\u00edci?<\/div><div class=\"w-tabs-section-control\"><\/div><\/button><div  class=\"w-tabs-section-content\" id=\"content-o743\" itemscope itemprop=\"acceptedAnswer\" itemtype=\"https:\/\/schema.org\/Answer\"><div class=\"w-tabs-section-content-h i-cf\" itemprop=\"text\"><div class=\"wpb_text_column\"><div class=\"wpb_wrapper\"><p>T\u00e1to mo\u017enos\u0165 je zna\u010dne obmedzen\u00e1. Mnoh\u00e9 poz\u00edcie s\u00favisiace s bezpe\u010dnos\u0165ou vy\u017eaduj\u00fa nemeck\u00e9 ob\u010dianstvo alebo aspo\u0148 dlhoro\u010dn\u00fd pobyt v Nemecku. Predpisy o kontrole v\u00fdvozu, ako napr\u00edklad z\u00e1kon o zahrani\u010dnom obchode a platb\u00e1ch (AWG), tie\u017e upravuj\u00fa, ktor\u00e9 \u0161t\u00e1tne pr\u00edslu\u0161nosti maj\u00fa povolen\u00fd pr\u00edstup k ur\u010dit\u00fdm technol\u00f3gi\u00e1m.<\/p>\n<\/div><\/div><\/div><\/div><\/div><div class=\"w-tabs-section\" id=\"k883\" itemscope itemprop=\"mainEntity\" itemtype=\"https:\/\/schema.org\/Question\"><button class=\"w-tabs-section-header\" aria-controls=\"content-k883\" aria-expanded=\"false\"><div class=\"w-tabs-section-title\" itemprop=\"name\">Ktor\u00e9 technick\u00e9 kvalifik\u00e1cie s\u00fa v obrannom priemysle mimoriadne \u017eiadan\u00e9?<\/div><div class=\"w-tabs-section-control\"><\/div><\/button><div  class=\"w-tabs-section-content\" id=\"content-k883\" itemscope itemprop=\"acceptedAnswer\" itemtype=\"https:\/\/schema.org\/Answer\"><div class=\"w-tabs-section-content-h i-cf\" itemprop=\"text\"><div class=\"wpb_text_column\"><div class=\"wpb_wrapper\"><p>Obzvl\u00e1\u0161\u0165 \u017eiadan\u00e9 s\u00fa odborn\u00e9 znalosti v oblasti elektroniky a senzorov\u00fdch technol\u00f3gi\u00ed, vstavan\u00fdch syst\u00e9mov, kybernetickej bezpe\u010dnosti, technol\u00f3gi\u00ed dronov a leteck\u00e9ho in\u017einierstva. Ve\u013ek\u00fd dopyt je aj po strojn\u00fdch in\u017einieroch so sk\u00fasenos\u0165ami v oblasti obrann\u00fdch technol\u00f3gi\u00ed.<\/p>\n<\/div><\/div><\/div><\/div><\/div><div class=\"w-tabs-section\" id=\"p9bc\" itemscope itemprop=\"mainEntity\" itemtype=\"https:\/\/schema.org\/Question\"><button class=\"w-tabs-section-header\" aria-controls=\"content-p9bc\" aria-expanded=\"false\"><div class=\"w-tabs-section-title\" itemprop=\"name\">V \u010dom sa do\u010dasn\u00e1 pr\u00e1ca v obrannom priemysle l\u00ed\u0161i od in\u00fdch odvetv\u00ed?<\/div><div class=\"w-tabs-section-control\"><\/div><\/button><div  class=\"w-tabs-section-content\" id=\"content-p9bc\" itemscope itemprop=\"acceptedAnswer\" itemtype=\"https:\/\/schema.org\/Answer\"><div class=\"w-tabs-section-content-h i-cf\" itemprop=\"text\"><div class=\"wpb_text_column\"><div class=\"wpb_wrapper\"><p>Na do\u010dasn\u00fa pr\u00e1cu v obrannom priemysle sa vz\u0165ahuj\u00fa pr\u00edsnej\u0161ie po\u017eiadavky: Uch\u00e1dza\u010di musia prejs\u0165 bezpe\u010dnostn\u00fdmi kontrolami, podp\u00edsa\u0165 dohody o ml\u010danlivosti a v z\u00e1vislosti od ich klasifik\u00e1cie v r\u00e1mci kontroly v\u00fdvozu m\u00f4\u017eu by\u0165 nasaden\u00ed len na niektor\u00e9 projekty. Okrem toho s\u00fa obdobia oboznamovania sa s pr\u00e1cou dlh\u0161ie ako v civilnom priemysle.<\/p>\n<\/div><\/div><\/div><\/div><\/div><div class=\"w-tabs-section\" id=\"vaea\" itemscope itemprop=\"mainEntity\" itemtype=\"https:\/\/schema.org\/Question\"><button class=\"w-tabs-section-header\" aria-controls=\"content-vaea\" aria-expanded=\"false\"><div class=\"w-tabs-section-title\" itemprop=\"name\">M\u00f4\u017ee Global Business Recruiting pom\u00f4c\u0165 s umiestnen\u00edm \u0161pecialistov na obranu?<\/div><div class=\"w-tabs-section-control\"><\/div><\/button><div  class=\"w-tabs-section-content\" id=\"content-vaea\" itemscope itemprop=\"acceptedAnswer\" itemtype=\"https:\/\/schema.org\/Answer\"><div class=\"w-tabs-section-content-h i-cf\" itemprop=\"text\"><div class=\"wpb_text_column\"><div class=\"wpb_wrapper\"><p>Spolo\u010dnos\u0165 Global Business Recruiting m\u00e1 sk\u00fasenosti s n\u00e1borom technick\u00fdch \u0161pecialistov pre n\u00e1ro\u010dn\u00e9 odvetvia. Radi v\u00e1m porad\u00edme s mo\u017enos\u0165ami a podpor\u00edme v\u00e1s pri h\u013eadan\u00ed vhodn\u00fdch kandid\u00e1tov - s prihliadnut\u00edm na v\u0161etky \u0161pecifick\u00e9 po\u017eiadavky odvetvia.<\/p>\n<\/div><\/div><\/div><\/div><\/div><\/div><\/div><\/div><\/div><\/div><\/div><\/section>","protected":false},"excerpt":{"rendered":"Die Personalvermittlung in der\u00a0R\u00fcstungsindustrie in Deutschland\u00a0steht unter wachsendem Druck. Der Fachkr\u00e4ftemangel betrifft l\u00e4ngst nicht mehr nur IT oder Pflege \u2013 auch sicherheitsrelevante Branchen wie die\u00a0Verteidigungsindustrie\u00a0k\u00e4mpfen mit Engp\u00e4ssen bei qualifizierten Fachkr\u00e4ften. Gleichzeitig steigen die Anforderungen: Bewerber ben\u00f6tigen nicht nur technische F\u00e4higkeiten, sondern m\u00fcssen auch komplexe Sicherheits\u00fcberpr\u00fcfungen bestehen. Diese einzigartige Kombination macht das Recruiting in der R\u00fcstungsbranche...","protected":false},"author":1,"featured_media":11145,"parent":9347,"menu_order":0,"comment_status":"closed","ping_status":"closed","template":"","meta":{"_acf_changed":false,"footnotes":""},"class_list":["post-9820","page","type-page","status-publish","has-post-thumbnail","hentry"],"acf":[],"_links":{"self":[{"href":"https:\/\/global-business-recruiting.de\/sk\/wp-json\/wp\/v2\/pages\/9820","targetHints":{"allow":["GET"]}}],"collection":[{"href":"https:\/\/global-business-recruiting.de\/sk\/wp-json\/wp\/v2\/pages"}],"about":[{"href":"https:\/\/global-business-recruiting.de\/sk\/wp-json\/wp\/v2\/types\/page"}],"author":[{"embeddable":true,"href":"https:\/\/global-business-recruiting.de\/sk\/wp-json\/wp\/v2\/users\/1"}],"replies":[{"embeddable":true,"href":"https:\/\/global-business-recruiting.de\/sk\/wp-json\/wp\/v2\/comments?post=9820"}],"version-history":[{"count":6,"href":"https:\/\/global-business-recruiting.de\/sk\/wp-json\/wp\/v2\/pages\/9820\/revisions"}],"predecessor-version":[{"id":11199,"href":"https:\/\/global-business-recruiting.de\/sk\/wp-json\/wp\/v2\/pages\/9820\/revisions\/11199"}],"up":[{"embeddable":true,"href":"https:\/\/global-business-recruiting.de\/sk\/wp-json\/wp\/v2\/pages\/9347"}],"wp:featuredmedia":[{"embeddable":true,"href":"https:\/\/global-business-recruiting.de\/sk\/wp-json\/wp\/v2\/media\/11145"}],"wp:attachment":[{"href":"https:\/\/global-business-recruiting.de\/sk\/wp-json\/wp\/v2\/media?parent=9820"}],"curies":[{"name":"wp","href":"https:\/\/api.w.org\/{rel}","templated":true}]}}