{"id":9836,"date":"2026-03-11T12:53:28","date_gmt":"2026-03-11T12:53:28","guid":{"rendered":"https:\/\/global-business-recruiting.de\/wissen\/subunternehmer-im-baugewerbe-gruende-fuer-den-einsatz-probleme-herausforderungen-und-wie-sie-den-richtigen-finden\/"},"modified":"2026-03-29T13:03:04","modified_gmt":"2026-03-29T13:03:04","slug":"vyhody-subdodavatelskej-vystavby","status":"publish","type":"page","link":"https:\/\/global-business-recruiting.de\/sk\/wissen\/vorteile-subunternehmer-baugewerbe\/","title":{"rendered":"V\u00fdhody subdod\u00e1vate\u013eov v stavebn\u00edctve: efekt\u00edvny outsourcing pre va\u0161e stavebn\u00e9 projekty"},"content":{"rendered":"<section class=\"l-section wpb_row height_custom\"><div class=\"l-section-h i-cf\"><div class=\"g-cols vc_row via_grid cols_1 laptops-cols_inherit tablets-cols_inherit mobiles-cols_1 valign_top type_default stacking_default\"><div class=\"wpb_column vc_column_container\"><div class=\"vc_column-inner\"><div class=\"wpb_text_column\"><div class=\"wpb_wrapper\"><p>Str\u00e1nka<span>\u00a0<\/span><a href=\"https:\/\/global-business-recruiting.de\/sk\/pobocky\/stavebnictvo\/\">Stavebn\u00edctvo<\/a><span>\u00a0<\/span>neust\u00e1le \u010del\u00ed v\u00fdzve realizova\u0165 projekty efekt\u00edvne a hospod\u00e1rne. Pr\u00e1ve tu pon\u00faka vyu\u017e\u00edvanie subdod\u00e1vate\u013eov strategick\u00e9 rie\u0161enie. Vyu\u017e\u00edvanie subdod\u00e1vate\u013eov v stavebn\u00edctve m\u00f4\u017ee pon\u00faknu\u0165 cel\u00fd rad v\u00fdhod, od \u00faspory n\u00e1kladov a\u017e po \u0161pecializovan\u00e9 odborn\u00e9 znalosti. V tomto \u010dl\u00e1nku sa zaober\u00e1me k\u013e\u00fa\u010dov\u00fdmi v\u00fdhodami subdod\u00e1vok.<\/p>\n<p>V dne\u0161nom r\u00fdchlo sa rozv\u00edjaj\u00facom stavebn\u00edctve \u010delia spolo\u010dnosti v\u00fdzve efekt\u00edvneho riadenia kvality, n\u00e1kladov a \u010dasu.<\/p>\n<h2>Preh\u013ead hlavn\u00fdch v\u00fdhod<\/h2>\n<h3>Kontrola n\u00e1kladov<\/h3>\n<p>Naj\u00edmanie subdod\u00e1vate\u013eov umo\u017e\u0148uje stavebn\u00fdm spolo\u010dnostiam efekt\u00edvne riadi\u0165 svoje n\u00e1klady. Namiesto vypl\u00e1cania fixn\u00fdch miezd m\u00f4\u017eu spolo\u010dnosti zamestn\u00e1va\u0165 subdod\u00e1vate\u013eov pod\u013ea potreby. To vedie k flexibilnej\u0161ej \u0161trukt\u00fare n\u00e1kladov, ke\u010f sa platba uskuto\u010d\u0148uje len za skuto\u010dne vykonan\u00fa pr\u00e1cu.<\/p>\n<h3>Flexibilita<\/h3>\n<p>Flexibilita je v stavebn\u00edctve nevyhnutn\u00e1. V\u010faka vysielaniu subdod\u00e1vate\u013eov m\u00f4\u017eu spolo\u010dnosti r\u00fdchlo reagova\u0165 na zmeny v rozsahu pr\u00e1c bez toho, aby sa museli viaza\u0165 na dlhodob\u00fdch zamestnancov. T\u00e1to flexibilita je obzvl\u00e1\u0161\u0165 cenn\u00e1 pri projektoch, kde sa po\u017eiadavky na pr\u00e1cu m\u00f4\u017eu meni\u0165.<\/p>\n<h3>\u0160pecializ\u00e1cia a kvalita<\/h3>\n<p>Subdod\u00e1vatelia \u010dasto prin\u00e1\u0161aj\u00fa \u0161pecializovan\u00e9 odborn\u00e9 znalosti, ktor\u00e9 nemusia by\u0165 k dispoz\u00edcii v be\u017en\u00fdch pracovn\u00fdch sil\u00e1ch. Tieto odborn\u00e9 znalosti m\u00f4\u017eu zlep\u0161i\u0165 kvalitu pr\u00e1ce a zabezpe\u010di\u0165, aby sa \u0161pecializovan\u00e9 techniky implementovali efekt\u00edvne. Vyu\u017e\u00edvanie subdod\u00e1vate\u013eov zabezpe\u010duje, \u017ee ka\u017ed\u00fa \u00falohu vykon\u00e1vaj\u00fa odborn\u00edci s pr\u00edslu\u0161n\u00fdmi odborn\u00fdmi znalos\u0165ami.<\/p>\n<h3>R\u00fdchlej\u0161ia realiz\u00e1cia projektu<\/h3>\n<p>Schopnos\u0165 r\u00fdchlo vyu\u017ei\u0165 subdod\u00e1vate\u013eov m\u00f4\u017ee v\u00fdrazne skr\u00e1ti\u0165 \u010das realiz\u00e1cie projektov. Ke\u010f\u017ee subdod\u00e1vatelia s\u00fa okam\u017eite pripraven\u00ed na pou\u017eitie, mo\u017eno ich integrova\u0165 r\u00fdchlej\u0161ie, ako sa prij\u00edmaj\u00fa a \u0161kolia nov\u00ed zamestnanci.<\/p>\n<h3>Zn\u00ed\u017eenie administrat\u00edvnych \u00faloh<\/h3>\n<p>Vyslanie subdod\u00e1vate\u013eov zni\u017euje administrat\u00edvne za\u0165a\u017eenie hlavnej spolo\u010dnosti. Ke\u010f\u017ee subdod\u00e1vatelia si zvy\u010dajne prin\u00e1\u0161aj\u00fa vlastn\u00e9 poistenie a licencie, odpad\u00e1 mnoho obvykl\u00fdch administrat\u00edvnych prek\u00e1\u017eok.<\/p>\n<h3>Minimaliz\u00e1cia riz\u00edk<\/h3>\n<p>Subdod\u00e1vatelia \u010dasto nes\u00fa \u010das\u0165 projektov\u00e9ho a prev\u00e1dzkov\u00e9ho rizika. Ke\u010f\u017ee s\u00fa zodpovedn\u00ed za kvalitu svojej pr\u00e1ce, m\u00f4\u017eu svojou \u00fa\u010das\u0165ou zn\u00ed\u017ei\u0165 potenci\u00e1lne rizik\u00e1 pri riaden\u00ed projektu.<\/p>\n<h2>Strategick\u00e9 v\u00fdhody: Flexibilita, minimaliz\u00e1cia rizika a v\u00e4\u010d\u0161\u00ed dosah na trh<\/h2>\n<p>Uzatv\u00e1ranie subdod\u00e1vok je strategick\u00e9 rozhodnutie, ktor\u00e9 pom\u00e1ha stavebn\u00fdm spolo\u010dnostiam zosta\u0165 flexibiln\u00fdmi, konkurencieschopn\u00fdmi a n\u00e1kladovo efekt\u00edvnymi. V\u010faka \u0161pecializovan\u00fdm zru\u010dnostiam, flexibiln\u00e9mu pl\u00e1novaniu pracovnej sily a zn\u00ed\u017eeniu administrat\u00edvnej a pr\u00e1vnej z\u00e1\u0165a\u017ee s\u00fa tieto spolo\u010dnosti na \u010dele odvetvia. \u00daspech je zalo\u017een\u00fd na v\u00fdbere spr\u00e1vnych subdod\u00e1vate\u013eov a budovan\u00ed siln\u00fdch, d\u00f4veryhodn\u00fdch partnerstiev.<\/p>\n<p>S\u00fahrnne povedan\u00e9, subdod\u00e1vatelia v stavebn\u00edctve umo\u017e\u0148uj\u00fa flexibilitu a \u0161pecializ\u00e1ciu, minimalizuj\u00fa rizik\u00e1 a zvy\u0161uj\u00fa dosah na trh. Ich vysielanie pom\u00e1ha stavebn\u00fdm spolo\u010dnostiam realizova\u0165 projekty agilne a n\u00e1kladovo efekt\u00edvne, pri\u010dom zabezpe\u010duj\u00fa kvalitu a spokojnos\u0165 z\u00e1kazn\u00edkov.<\/p>\n<p>Ein interessanter Blick auf die dynamische Nutzung von Subunternehmern im Baugewerbe bietet die Studie von BBSR im Auftrag des BMWSB (2022) \u201eUnternehmensnachfolge im Baugewerbe\". Diese Studie unterstreicht, wie entscheidend die richtige Auswahl und das Management von Subunternehmern f\u00fcr den Projekterfolg sein k\u00f6nnen.<\/p>\n<h2>Subdod\u00e1vatelia z v\u00fdchodnej Eur\u00f3py: zv\u00fd\u0161enie efekt\u00edvnosti<\/h2>\n<p>Vyu\u017e\u00edvanie subdod\u00e1vate\u013eov v stavebn\u00edctve prin\u00e1\u0161a mno\u017estvo v\u00fdhod. Subdod\u00e1vatelia podporuj\u00fa efekt\u00edvne, r\u00fdchle a kvalitn\u00e9 stavebn\u00e9 projekty prostredn\u00edctvom \u00faspory n\u00e1kladov, flexibility a odborn\u00fdch znalost\u00ed. Ich strategick\u00e9 vyu\u017eitie zvy\u0161uje konkurencieschopnos\u0165 stavebn\u00fdch spolo\u010dnost\u00ed na vysoko konkuren\u010dnom trhu.<\/p>\n<p>S podporou subdod\u00e1vate\u013eov z v\u00fdchodnej Eur\u00f3py mo\u017eno optimalizova\u0165 v\u00fdhody vysielania, \u010do \u010falej zvy\u0161uje efekt\u00edvnos\u0165 a \u00faspe\u0161nos\u0165 stavebn\u00fdch projektov.<\/p>\n<p>Spolo\u010dnos\u0165 Global Business Recruiting m\u00f4\u017ee by\u0165 cenn\u00fdm zdrojom pre va\u0161e subdod\u00e1vate\u013esk\u00e9 potreby. Pon\u00fakame nielen pomoc pri v\u00fdbere kvalifikovan\u00fdch subdod\u00e1vate\u013eov, ale pom\u00e1hame aj s pr\u00e1vnymi a administrat\u00edvnymi ot\u00e1zkami. Na\u0161e slu\u017eby m\u00f4\u017eu by\u0165 neocenite\u013en\u00e9 najm\u00e4 pri medzin\u00e1rodn\u00fdch projektoch, kde m\u00f4\u017ee by\u0165 dodr\u017eiavanie miestnych z\u00e1konov a predpisov zlo\u017eit\u00e9.<\/p>\n<h2>\u010casto kladen\u00e9 ot\u00e1zky o subdod\u00e1vate\u013eoch v stavebn\u00edctve<\/h2>\n<\/div><\/div><div class=\"w-separator size_small\"><\/div><div class=\"w-tabs style_default switch_click accordion type_togglable has_scrolling\" style=\"--sections-title-size:inherit\"><div class=\"w-tabs-sections titles-align_none icon_chevron cpos_right\"><div class=\"w-tabs-section\" id=\"tf9b\" itemscope itemprop=\"mainEntity\" itemtype=\"https:\/\/schema.org\/Question\"><button class=\"w-tabs-section-header\" aria-controls=\"content-tf9b\" aria-expanded=\"false\"><div class=\"w-tabs-section-title\" itemprop=\"name\">\u010co je potrebn\u00e9 zoh\u013eadni\u0165 pri vyu\u017e\u00edvan\u00ed subdod\u00e1vate\u013eov?<\/div><div class=\"w-tabs-section-control\"><\/div><\/button><div  class=\"w-tabs-section-content\" id=\"content-tf9b\" itemscope itemprop=\"acceptedAnswer\" itemtype=\"https:\/\/schema.org\/Answer\"><div class=\"w-tabs-section-content-h i-cf\" itemprop=\"text\"><div class=\"wpb_text_column\"><div class=\"wpb_wrapper\"><p>Pri vyu\u017e\u00edvan\u00ed subdod\u00e1vate\u013eov je potrebn\u00e9 zoh\u013eadni\u0165 nasleduj\u00face body: Zmluvn\u00e9 predpisy (slu\u017eby, odme\u0148ovanie, zodpovednos\u0165, sp\u00f4soby zru\u0161enia), v\u00fdber subdod\u00e1vate\u013ea pod\u013ea znalost\u00ed, sk\u00fasenost\u00ed a kvalifik\u00e1cie, pravideln\u00e1 kontrola a monitorovanie pr\u00e1ce, dodr\u017eiavanie z\u00e1konov a predpisov, transparentn\u00e1 komunik\u00e1cia, ako aj riadenie riz\u00edk s kontrolou \u00faverovej bonity, ochrana proti platobnej neschopnosti a dohoda o pravidl\u00e1ch zodpovednosti v zmluve.<\/p>\n<\/div><\/div><\/div><\/div><\/div><div class=\"w-tabs-section\" id=\"h07a\" itemscope itemprop=\"mainEntity\" itemtype=\"https:\/\/schema.org\/Question\"><button class=\"w-tabs-section-header\" aria-controls=\"content-h07a\" aria-expanded=\"false\"><div class=\"w-tabs-section-title\" itemprop=\"name\">Ak\u00e9 certifik\u00e1ty mus\u00ed subdod\u00e1vate\u013e predlo\u017ei\u0165?<\/div><div class=\"w-tabs-section-control\"><\/div><\/button><div  class=\"w-tabs-section-content\" id=\"content-h07a\" itemscope itemprop=\"acceptedAnswer\" itemtype=\"https:\/\/schema.org\/Answer\"><div class=\"w-tabs-section-content-h i-cf\" itemprop=\"text\"><div class=\"wpb_text_column\"><div class=\"wpb_wrapper\"><p>Subdod\u00e1vate\u013e mus\u00ed spravidla predlo\u017ei\u0165 r\u00f4zne osved\u010denia a d\u00f4kazy: V pr\u00edpade, \u017ee sa subdod\u00e1vate\u013e nach\u00e1dza v zahrani\u010d\u00ed, mus\u00ed predlo\u017ei\u0165: registr\u00e1ciu podnikania, v\u00fdpis z obchodn\u00e9ho registra, identifika\u010dn\u00e9 \u010d\u00edslo pre DPH, doklad o soci\u00e1lnom poisten\u00ed, poistenie zodpovednosti za \u0161kodu, doklad o kvalifik\u00e1cii a referencie. V pr\u00edpade vyslan\u00fdch zamestnancov z in\u00fdch kraj\u00edn E\u00da sa<span>\u00a0<\/span><a href=\"https:\/\/global-business-recruiting.de\/sk\/poznat\/certifikat-a1\/\">Certifik\u00e1t A1<\/a><span>\u00a0<\/span>pridan\u00e9.<\/p>\n<\/div><\/div><\/div><\/div><\/div><div class=\"w-tabs-section\" id=\"v147\" itemscope itemprop=\"mainEntity\" itemtype=\"https:\/\/schema.org\/Question\"><button class=\"w-tabs-section-header\" aria-controls=\"content-v147\" aria-expanded=\"false\"><div class=\"w-tabs-section-title\" itemprop=\"name\">Ko\u013eko stoj\u00ed hodina pr\u00e1ce subdod\u00e1vate\u013ea v stavebn\u00edctve?<\/div><div class=\"w-tabs-section-control\"><\/div><\/button><div  class=\"w-tabs-section-content\" id=\"content-v147\" itemscope itemprop=\"acceptedAnswer\" itemtype=\"https:\/\/schema.org\/Answer\"><div class=\"w-tabs-section-content-h i-cf\" itemprop=\"text\"><div class=\"wpb_text_column\"><div class=\"wpb_wrapper\"><p>N\u00e1klady na hodinu pr\u00e1ce subdod\u00e1vate\u013ea v stavebn\u00edctve sa vo v\u0161eobecnosti pohybuj\u00fa od 30 do 80 EUR. Je v\u0161ak d\u00f4le\u017eit\u00e9 poznamena\u0165, \u017ee presn\u00e9 hodinov\u00e9 sadzby sa m\u00f4\u017eu l\u00ed\u0161i\u0165 v z\u00e1vislosti od regi\u00f3nu, kvalifik\u00e1cie, sk\u00fasenost\u00ed a druhu pr\u00e1ce. Stavebn\u00e9 spolo\u010dnosti a klienti by mali s pr\u00edslu\u0161n\u00fdm subdod\u00e1vate\u013eom vopred prerokova\u0165 a dohodn\u00fa\u0165 presn\u00e9 podmienky a ceny.<\/p>\n<\/div><\/div><\/div><\/div><\/div><div class=\"w-tabs-section\" id=\"w21d\" itemscope itemprop=\"mainEntity\" itemtype=\"https:\/\/schema.org\/Question\"><button class=\"w-tabs-section-header\" aria-controls=\"content-w21d\" aria-expanded=\"false\"><div class=\"w-tabs-section-title\" itemprop=\"name\">Ako sa plat\u00ed subdod\u00e1vate\u013eom?<\/div><div class=\"w-tabs-section-control\"><\/div><\/button><div  class=\"w-tabs-section-content\" id=\"content-w21d\" itemscope itemprop=\"acceptedAnswer\" itemtype=\"https:\/\/schema.org\/Answer\"><div class=\"w-tabs-section-content-h i-cf\" itemprop=\"text\"><div class=\"wpb_text_column\"><div class=\"wpb_wrapper\"><p>Subdod\u00e1vate\u013e m\u00f4\u017ee by\u0165 platen\u00fd r\u00f4znymi sp\u00f4sobmi: Pevn\u00e1 cena (za poskytnut\u00e9 slu\u017eby sa dohodne pevn\u00e1 suma, ktor\u00e1 sa zaplat\u00ed po dokon\u010den\u00ed pr\u00e1ce), hodinov\u00e1 sadzba (subdod\u00e1vate\u013e dostane dohodnut\u00fa odmenu za hodinu pr\u00e1ce) alebo zmluvn\u00e1 hodnota (subdod\u00e1vate\u013e je platen\u00fd na z\u00e1klade hodnoty celej pr\u00e1ce, \u010dasto vo forme percenta). Viac inform\u00e1ci\u00ed o spr\u00e1vnej faktur\u00e1cii:<span>\u00a0<\/span><a href=\"https:\/\/global-business-recruiting.de\/sk\/poznat\/spravna-fakturacia-pracovnych-zmluv\/\">Spr\u00e1vna faktur\u00e1cia zml\u00fav o dielo<\/a>.<\/p>\n<\/div><\/div><\/div><\/div><\/div><div class=\"w-tabs-section\" id=\"v30b\" itemscope itemprop=\"mainEntity\" itemtype=\"https:\/\/schema.org\/Question\"><button class=\"w-tabs-section-header\" aria-controls=\"content-v30b\" aria-expanded=\"false\"><div class=\"w-tabs-section-title\" itemprop=\"name\">Ak\u00fd je pr\u00e1vny rozdiel medzi subdod\u00e1vate\u013emi a st\u00e1lymi zamestnancami v stavebn\u00edctve?<\/div><div class=\"w-tabs-section-control\"><\/div><\/button><div  class=\"w-tabs-section-content\" id=\"content-v30b\" itemscope itemprop=\"acceptedAnswer\" itemtype=\"https:\/\/schema.org\/Answer\"><div class=\"w-tabs-section-content-h i-cf\" itemprop=\"text\"><div class=\"wpb_text_column\"><div class=\"wpb_wrapper\"><p>Subdod\u00e1vatelia s\u00fa nez\u00e1visl\u00ed dod\u00e1vatelia alebo spolo\u010dnosti, ktor\u00e9 pracuj\u00fa na z\u00e1klade zmluvy o dielo a pracovnej zmluvy. Dlhuj\u00fa v\u00fdsledok (prevzat\u00fa pr\u00e1cu), nielen pr\u00e1cu. St\u00e1li zamestnanci s\u00fa viazan\u00ed pokynmi a podliehaj\u00fa odvodom na soci\u00e1lne zabezpe\u010denie. Ak s\u00fa subdod\u00e1vatelia de facto vyu\u017e\u00edvan\u00ed ako zamestnanci, existuje riziko<span>\u00a0<\/span><a href=\"https:\/\/global-business-recruiting.de\/sk\/poznat\/vyhybanie-sa-fiktivnemu-zamestnaniu\/\">Falo\u0161n\u00e1 samostatn\u00e1 z\u00e1robkov\u00e1 \u010dinnos\u0165<\/a><span>\u00a0<\/span>so zna\u010dn\u00fdmi pr\u00e1vnymi a finan\u010dn\u00fdmi d\u00f4sledkami.<\/p>\n<\/div><\/div><\/div><\/div><\/div><\/div><\/div><\/div><\/div><\/div><\/div><\/section>","protected":false},"excerpt":{"rendered":"Das\u00a0Baugewerbe\u00a0steht st\u00e4ndig vor der Herausforderung, Projekte effizient und kostenwirksam durchzuf\u00fchren. Hier bietet die Entsendung von Subunternehmern eine strategische L\u00f6sung. Die Nutzung von Subunternehmern im Baugewerbe kann eine Vielzahl von Vorteilen bieten, die von Kosteneinsparungen bis hin zu spezialisierten Fachwissen reichen. In diesem Artikel er\u00f6rtern wir die zentralen Vorteile der Entsendung von Subunternehmern. In der heutigen...","protected":false},"author":1,"featured_media":10521,"parent":9347,"menu_order":0,"comment_status":"closed","ping_status":"closed","template":"","meta":{"_acf_changed":false,"footnotes":""},"class_list":["post-9836","page","type-page","status-publish","has-post-thumbnail","hentry"],"acf":[],"_links":{"self":[{"href":"https:\/\/global-business-recruiting.de\/sk\/wp-json\/wp\/v2\/pages\/9836","targetHints":{"allow":["GET"]}}],"collection":[{"href":"https:\/\/global-business-recruiting.de\/sk\/wp-json\/wp\/v2\/pages"}],"about":[{"href":"https:\/\/global-business-recruiting.de\/sk\/wp-json\/wp\/v2\/types\/page"}],"author":[{"embeddable":true,"href":"https:\/\/global-business-recruiting.de\/sk\/wp-json\/wp\/v2\/users\/1"}],"replies":[{"embeddable":true,"href":"https:\/\/global-business-recruiting.de\/sk\/wp-json\/wp\/v2\/comments?post=9836"}],"version-history":[{"count":8,"href":"https:\/\/global-business-recruiting.de\/sk\/wp-json\/wp\/v2\/pages\/9836\/revisions"}],"predecessor-version":[{"id":11195,"href":"https:\/\/global-business-recruiting.de\/sk\/wp-json\/wp\/v2\/pages\/9836\/revisions\/11195"}],"up":[{"embeddable":true,"href":"https:\/\/global-business-recruiting.de\/sk\/wp-json\/wp\/v2\/pages\/9347"}],"wp:featuredmedia":[{"embeddable":true,"href":"https:\/\/global-business-recruiting.de\/sk\/wp-json\/wp\/v2\/media\/10521"}],"wp:attachment":[{"href":"https:\/\/global-business-recruiting.de\/sk\/wp-json\/wp\/v2\/media?parent=9836"}],"curies":[{"name":"wp","href":"https:\/\/api.w.org\/{rel}","templated":true}]}}