{"id":9865,"date":"2026-03-12T02:01:34","date_gmt":"2026-03-12T02:01:34","guid":{"rendered":"https:\/\/global-business-recruiting.de\/wissen\/die-schweisspositionen\/"},"modified":"2026-03-29T13:05:47","modified_gmt":"2026-03-29T13:05:47","slug":"zmluva-o-dielo-ekonomicka-zivotaschopnost","status":"publish","type":"page","link":"https:\/\/global-business-recruiting.de\/sk\/wissen\/werkvertrag-wirtschaftlichkeit\/","title":{"rendered":"Zmluva o dielo - hospod\u00e1rna namiesto n\u00e1kladov\u00e9ho strediska"},"content":{"rendered":"<section class=\"l-section wpb_row height_custom\"><div class=\"l-section-h i-cf\"><div class=\"g-cols vc_row via_grid cols_1 laptops-cols_inherit tablets-cols_inherit mobiles-cols_1 valign_top type_default stacking_default\"><div class=\"wpb_column vc_column_container\"><div class=\"vc_column-inner\"><div class=\"wpb_text_column\"><div class=\"wpb_wrapper\"><p>Je<span>\u00a0<\/span><a href=\"https:\/\/global-business-recruiting.de\/sk\/poznat\/spravna-fakturacia-pracovnych-zmluv\/\">Zmluva o dielo<\/a><span>\u00a0<\/span>hospod\u00e1rne, alebo to sp\u00f4sobuje len dodato\u010dn\u00e9 n\u00e1klady? Ot\u00e1zkou dumpingu pracovnej sily sme sa u\u017e zaoberali pri zmluv\u00e1ch o dielo. Ke\u010f sa na to pozrieme chladne, je to u\u017e odpove\u010f, ale ot\u00e1zka ide ove\u013ea \u010falej.<\/p>\n<p>Mzdov\u00fd dumping sa zvy\u010dajne vykon\u00e1va pomocou fikt\u00edvnych pracovn\u00fdch zml\u00fav, preto t\u00e1to extr\u00e9mna forma \u00faspory n\u00e1kladov nie je s\u00fa\u010das\u0165ou anal\u00fdzy v tejto kapitole. D\u00f4raz sa tu kladie sk\u00f4r na skuto\u010dnos\u0165, \u017ee sa nakupuj\u00fa kapacity, zru\u010dnosti a znalosti. Tie musia by\u0165 odme\u0148ovan\u00e9, a to vyvol\u00e1va ot\u00e1zku: Je v\u00fdhodnej\u0161ie odme\u0148ova\u0165 z\u00e1vod ako udr\u017eiava\u0165 kapacity v r\u00e1mci podniku vo forme v\u00e4\u010d\u0161ieho po\u010dtu zamestnancov a in\u00fdch zdrojov?<\/p>\n<h2>N\u00e1kup kapac\u00edt<\/h2>\n<p>Zmluva o dielo je prostriedkom na vyu\u017eitie kvalifikovan\u00fdch pracovn\u00edkov v pr\u00edpade potreby. Je mo\u017en\u00e9 zak\u00fapi\u0165 aj in\u00e9 kapacity. Patria sem \u010fal\u0161ie person\u00e1lne, ale aj materi\u00e1lne zdroje. Ak si prepravn\u00e1 spolo\u010dnos\u0165 objedn\u00e1 prepravcu ako spolo\u010dnos\u0165 na zmluvu o dielo a pr\u00e1cu, zmluva pravidelne zah\u0155\u0148a vodi\u010dov, t. j. person\u00e1l, a dopravn\u00e9 vozidl\u00e1, t. j. materi\u00e1lne zdroje.<\/p>\n<p>Pokia\u013e s\u00fa zmluvy tak\u00e9 jednoduch\u00e9 ako v tomto pr\u00edklade, je to jasn\u00fd kompromis. M\u00e1 prepravn\u00e1 spolo\u010dnos\u0165 dostatok prepravn\u00fdch \u00faloh na dostato\u010dne obmedzenom \u00fazem\u00ed na to, aby ospravedlnila pou\u017e\u00edvanie vlastn\u00fdch vodi\u010dov a vozidiel? Zjednodu\u0161ene to znamen\u00e1: boli by vodi\u010di a vozidl\u00e1 vyu\u017eit\u00e9 na maximum, alebo by do\u0161lo k drah\u00fdm prestojom? Ak je kapacita plne vyu\u017eit\u00e1, je to prinajmen\u0161om potenci\u00e1lne lacnej\u0161ie alebo aspo\u0148 finan\u010dne rovnocenn\u00e9 s objedn\u00e1van\u00edm dopravn\u00fdch slu\u017eieb od inej spolo\u010dnosti. Okrem toho by v\u0161ak vznikli ot\u00e1zky bezpe\u010dnosti, ako napr\u00edklad poistenie alebo pr\u00e1vne ot\u00e1zky. Ni\u010d z toho by pre prepravn\u00fa spolo\u010dnos\u0165 nepredstavovalo probl\u00e9m, ak by si objednala prepravn\u00fa spolo\u010dnos\u0165.<\/p>\n<p>U\u017e tu je vidie\u0165, \u017ee niektor\u00e9 oblasti zodpovednosti zah\u0155\u0148aj\u00fa viac ako len person\u00e1lne n\u00e1klady. Preto je potrebn\u00e9 zv\u00e1\u017ei\u0165, \u010do je v ka\u017edom jednotlivom pr\u00edpade ekonomicky \u00fanosn\u00e9. Ak sa v\u0161ak dod\u00e1vka uskuto\u010d\u0148uje na takom ve\u013ekom \u00fazem\u00ed, \u017ee je to ekonomicky \u0165a\u017eko dosiahnute\u013en\u00e9, u\u017e neprich\u00e1dza do \u00favahy ur\u010denie dod\u00e1vate\u013ea v podobe \u0161ped\u00edcie. Ten je jednozna\u010dne sk\u00fasenej\u0161\u00ed a predov\u0161etk\u00fdm lacnej\u0161\u00ed. V\u00fdpo\u010det pre v\u0161etky oblasti vyzer\u00e1 pribli\u017ene takto. Akon\u00e1hle sa pravidelne objavuj\u00fa vo\u013en\u00e9 pracovn\u00e9 miesta pre zamestnancov alebo materi\u00e1l, oplat\u00ed sa objedna\u0165 si zmluvn\u00fa pracovn\u00fa firmu.<\/p>\n<p>Z\u00e1kazky v r\u00e1mci okrajov\u00fdch \u00faloh nie s\u00fa probl\u00e9mom, ak sa na ne pozer\u00e1me pod\u013ea tejto z\u00e1sady. Pre z\u00e1sielkov\u00fa spolo\u010dnos\u0165 je hlavnou \u010dinnos\u0165ou z\u00edskavanie z\u00e1kazn\u00edkov a v\u00fdber v\u00fdrobkov. Doru\u010dovanie je perif\u00e9rnou \u00falohou, ktor\u00fa m\u00f4\u017eu lep\u0161ie zvl\u00e1dnu\u0165 \u0161pecialisti v tejto oblasti.<\/p>\n<h2>Zmluva o dielo v r\u00e1mci hlavnej \u010dinnosti<\/h2>\n<p>V r\u00e1mci hlavnej \u010dinnosti je v\u0161ak matersk\u00e1 spolo\u010dnos\u0165 \u0161pecialistom. Preto je tu zmluva o dielo a pracovn\u00e1 zmluva pravidelne menej ekonomicky v\u00fdhodn\u00e1. Z defin\u00edcie vypl\u00fdva, \u017ee hlavn\u00e1 \u010dinnos\u0165 je hlavnou oblas\u0165ou zodpovednosti spolo\u010dnosti a t\u00e1 sa postavila do poz\u00edcie \u0161pecialistu. Ak nedok\u00e1\u017ee ve\u013emi dobre vykon\u00e1va\u0165 \u0161pecializovan\u00e9 \u00falohy, potom to nie je ani hlavn\u00e1 \u010dinnos\u0165.<\/p>\n<p>Z tohto pravidla v\u0161ak existuj\u00fa v\u00fdnimky: z\u00e1sielkov\u00e1 spolo\u010dnos\u0165 m\u00f4\u017ee poveri\u0165 webov\u00e9ho dizajn\u00e9ra, aby podporil z\u00edskavanie z\u00e1kazn\u00edkov pomocou primerane prepracovanej webovej str\u00e1nky. Je to s\u00fa\u010das\u0165 hlavnej \u010dinnosti alebo okrajov\u00e1 \u00faloha? To je diskutabiln\u00e9. Teoreticky je z\u00edskavanie z\u00e1kazn\u00edkov hlavnou \u010dinnos\u0165ou, ale IT je len okrajovou \u00falohou. V tomto pr\u00edpade je potrebn\u00e9 zamera\u0165 sa sk\u00f4r na to, do akej miery IT zohr\u00e1va \u00falohu pri z\u00edskavan\u00ed z\u00e1kazn\u00edkov. Ke\u010f\u017ee ide o n\u00e1vrh webovej str\u00e1nky a nemus\u00ed sa navrhova\u0165 opakovane, mo\u017eno to pova\u017eova\u0165 za okrajov\u00fa \u00falohu.<\/p>\n<h2>Zmluva o dielo a pr\u00e1ca na z\u00edskanie z\u00e1kazn\u00edka<\/h2>\n<p>\u010co v\u0161ak poveda\u0165 o vymenovan\u00ed marketingovej spolo\u010dnosti? To tie\u017e pom\u00e1ha pri z\u00edskavan\u00ed z\u00e1kazn\u00edkov. Op\u00e4\u0165 to m\u00f4\u017ee by\u0165 zalo\u017een\u00e9 na tom, ako \u010dasto a ako dlho marketingov\u00e1 spolo\u010dnos\u0165 vykon\u00e1va svoju pr\u00e1cu v tejto oblasti. Mo\u017eno polemizova\u0165 o tom, do akej miery je marketing vlastne hlavnou \u00falohou z\u00e1sielkovej spolo\u010dnosti. Teoreticky sa \u0161pecializuje na predaj a ka\u017ed\u00fd dobr\u00fd market\u00e9r vie, \u017ee marketing a exped\u00edcia nie s\u00fa to ist\u00e9.<\/p>\n<p>V pr\u00edpade pochybnost\u00ed je preto ot\u00e1zkou v\u00fdkladu, \u010di hlavn\u00e1 oblas\u0165 podnikania existuje alebo nie. Aj v hlavnej oblasti je niekedy potrebn\u00e9 vyu\u017ei\u0165 zru\u010dnosti, ktor\u00e9 nie s\u00fa s\u00fa\u010das\u0165ou podniku, preto\u017ee s\u00fa potrebn\u00e9 len zriedka, a preto by boli po zvy\u0161ok \u010dasu ne\u010dinn\u00e9.<\/p>\n<p>Nakoniec z\u00e1le\u017e\u00ed viac-menej na tom, \u010di ide o okrajov\u00fa alebo hlavn\u00fa \u00falohu. Pri perif\u00e9rnej \u00falohe sa to d\u00e1 v\u017edy prenies\u0165, ak by vlastn\u00e9 sily znamenali pr\u00edli\u0161 ve\u013ek\u00fa kapacitu v tejto oblasti. To sa potom d\u00e1 robi\u0165 aj na trvalom z\u00e1klade.<\/p>\n<p>V hlavnej oblasti podnikate\u013eskej \u010dinnosti je t\u00e1to ot\u00e1zka v podstate rovnak\u00e1, ale odpove\u010f sa mus\u00ed interpretova\u0165 ove\u013ea u\u017e\u0161ie. To znamen\u00e1, \u017ee ak je to mo\u017en\u00e9, mali by \u00falohu vykon\u00e1va\u0165 vlastn\u00ed zamestnanci podniku a kapacity by sa mali nakupova\u0165 len vtedy, ak s\u00fa \u010dasovo obmedzen\u00e9 a ak by boli riadnymi zamestnancami, vytv\u00e1rali by tak ve\u013ea ne\u010dinnosti v ich pr\u00e1ci.<\/p>\n<h2>Riziko v zmluve o dielo<\/h2>\n<p>Ak zamestnanci vykon\u00e1vaj\u00fa pr\u00e1cu ako zamestnanci hlavnej spolo\u010dnosti, je s t\u00fdm spojen\u00fdch mnoho riz\u00edk. Pokia\u013e ide o ziskovos\u0165, existuje jedno riziko, ktor\u00e9 je obzvl\u00e1\u0161\u0165 zauj\u00edmav\u00e9, a to ot\u00e1zka, ko\u013eko bude v kone\u010dnom d\u00f4sledku st\u00e1\u0165 dosiahnutie ur\u010dit\u00e9ho v\u00fdsledku.<\/p>\n<p>Zamestnanci s\u00fa odme\u0148ovan\u00ed hodinovou mzdou. Ak ich na vytvorenie pr\u00e1ce potrebuj\u00fa viac, t\u00e1to pr\u00e1ca stoj\u00ed tie\u017e primerane viac. Zhotovite\u013e v zmluve o dielo je platen\u00fd za \u00faspech diela. Ak potrebuje viac pracovn\u00e9ho \u010dasu, je to jeho riziko. Odmena sa t\u00fdm nemen\u00ed.<\/p>\n<p>Okrem toho existuj\u00fa aj \u010fal\u0161ie rizik\u00e1, ktor\u00e9 tu u\u017e boli spomenut\u00e9: Ide o riziko ne\u010dinnosti s n\u00e1kladn\u00fdmi mzdov\u00fdmi n\u00e1kladmi, riziko \u0161kody sp\u00f4sobenej zamestnancom, riziko zni\u010denia diela a \u010fal\u0161ie pr\u00edklady. V\u0161etky tieto rizik\u00e1 sa zmluvou o dielo pren\u00e1\u0161aj\u00fa aj na zhotovite\u013ea.<\/p>\n<h2>Hospod\u00e1rska efekt\u00edvnos\u0165 zmluvy o dielo<\/h2>\n<p>Jedn\u00fdm z najd\u00f4le\u017eitej\u0161\u00edch z\u00e1v\u00e4zkov vypl\u00fdvaj\u00facich zo zmluvy o dielo a slu\u017eb\u00e1ch je povinnos\u0165 objedn\u00e1vate\u013ea zaplati\u0165 odmenu za dielo. Odmena je splatn\u00e1 po \u00faspe\u0161nom prevzat\u00ed diela. To znamen\u00e1, \u017ee objedn\u00e1vate\u013eovi vznikn\u00fa n\u00e1klady len vtedy, ak sa dosiahne po\u017eadovan\u00fd v\u00fdsledok. Bez \u00faspechu nie s\u00fa \u017eiadne n\u00e1klady.<\/p>\n<p>Odmena za pr\u00e1cu je stanoven\u00e1 v zmluve. Klient teda od za\u010diatku vie, ko\u013eko bude musie\u0165 za vytvorenie diela zaplati\u0165. M\u00f4\u017eu v\u0161ak nasta\u0165 odch\u00fdlky. Pravidelne sa tak deje napr\u00edklad vtedy, ak klient po\u017eaduje zmeny. Zhotovite\u013e m\u00e1 pr\u00e1vo navrhn\u00fa\u0165 \u00fapravu odmeny za dielo a jej v\u00fd\u0161ky.<\/p>\n<p>Medzi \u010fal\u0161ie v\u00fdnimky patria spl\u00e1tky alebo platby v \u010diastkov\u00fdch etap\u00e1ch po \u010diasto\u010dnom dokon\u010den\u00ed pr\u00e1c. Aj to je v\u0161ak vopred zmluvne dohodnut\u00e9, a preto sa d\u00e1 od za\u010diatku po\u010d\u00edta\u0165 s \u010dasom a sumou.<\/p>\n<p>V zmluve o dielo a slu\u017eb\u00e1ch je zhotovite\u013e povinn\u00fd vykona\u0165 pr\u00edpravn\u00e9 pr\u00e1ce. Dielo mus\u00ed by\u0165 najprv zhotoven\u00e9 a n\u00e1sledne prevzat\u00e9 objedn\u00e1vate\u013eom. To znamen\u00e1, \u017ee objedn\u00e1vate\u013e m\u00e1 mo\u017enos\u0165 pos\u00fadi\u0165 dielo a zisti\u0165 vady pred vykonan\u00edm akejko\u013evek platby. T\u00fdm sa v\u00fdrazne zvy\u0161uje bezpe\u010dnos\u0165 objedn\u00e1vate\u013ea na \u00fakor zhotovite\u013ea.<\/p>\n<p>V z\u00e1sade ani v pr\u00edpade ve\u013emi ve\u013ek\u00fdch projektov v hodnote nieko\u013ek\u00fdch mili\u00f3nov eur nemo\u017eno od dod\u00e1vate\u013ea po\u017eadova\u0165, aby zaplatil mzdy pred prevzat\u00edm. Od toho sa v\u0161ak pravidelne odchy\u013euj\u00fa zmluvn\u00e9 dohody, spl\u00e1tkov\u00e9 platby a platby pod\u013ea dokon\u010den\u00fdch \u010dast\u00ed diela. Napriek tomu je pr\u00e1vny stav tak\u00fd, \u017ee objedn\u00e1vate\u013e je v\u00fdrazne zv\u00fdhodnen\u00fd. Aj ke\u010f vykon\u00e1 platbu v r\u00e1mci doh\u00f4d pred dokon\u010den\u00edm cel\u00e9ho diela, m\u00f4\u017ee od zhotovite\u013ea po\u017eadova\u0165 z\u00e1bezpeku alebo zadr\u017ea\u0165 tlakov\u00fd doplatok, ak boli uznan\u00e9 vady.<\/p>\n<p>Preml\u010dacia lehota pre n\u00e1roky na zaplatenie za pr\u00e1ce alebo odstr\u00e1nenie v\u00e1d sa vo v\u0161eobecnosti za\u010d\u00edna plyn\u00fa\u0165 prevzat\u00edm diela. Ak k prevzatiu ned\u00f4jde, preto\u017ee napr\u00edklad dielo nebolo dokon\u010den\u00e9 pod\u013ea po\u017eiadaviek, n\u00e1roky z toho vypl\u00fdvaj\u00face sa nepreml\u010duj\u00fa.<\/p>\n<h2>Zmluva o dielo - dodato\u010dn\u00e9 n\u00e1klady<\/h2>\n<p>Po\u010das tvorby diela m\u00f4\u017eu niekedy vznikn\u00fa\u0165 dodato\u010dn\u00e9 n\u00e1klady. Tieto dodato\u010dn\u00e9 n\u00e1klady sa v\u0161ak musia odli\u0161ova\u0165 od n\u00e1kladov, ktor\u00e9 vznikli v d\u00f4sledku zmeny objednan\u00e9ho diela. Ak objedn\u00e1vate\u013e zmenil opis, po\u017eadovan\u00fa slu\u017ebu alebo in\u00e9 vlastnosti diela, mus\u00ed zn\u00e1\u0161a\u0165 aj dodato\u010dn\u00e9 n\u00e1klady na vytvorenie diela v s\u00falade s nov\u00fdmi \u0161pecifik\u00e1ciami.<\/p>\n<p>Bez oh\u013eadu na to je v\u0161ak v tomto pr\u00edpade d\u00f4le\u017eit\u00e1 ot\u00e1zka, \u010do sa stane s dodato\u010dn\u00fdmi n\u00e1kladmi, ktor\u00e9 vznikn\u00fa bez zmeny \u0161pecifik\u00e1ci\u00ed. Z h\u013eadiska pr\u00e1va a s\u00fadov stoj\u00ed odborn\u00edk proti laikovi. Zhotovite\u013e bol vymenovan\u00fd pr\u00e1ve na z\u00e1klade svojich sk\u00fasenost\u00ed, odborn\u00fdch znalost\u00ed a zru\u010dnost\u00ed. Preto sa pova\u017euje za odborn\u00edka. Na druhej strane objedn\u00e1vate\u013e zad\u00e1va \u00falohu, ktor\u00fa s\u00e1m nevykon\u00e1va, na ktorej vykonanie nem\u00e1 sk\u00fasenosti a pri ktorej nedok\u00e1\u017ee odhadn\u00fa\u0165, ak\u00e9 n\u00e1klady mu vznikn\u00fa.<\/p>\n<p>Zodpovednos\u0165 za vypracovanie bezplatn\u00e9ho odhadu n\u00e1kladov preto nesie zhotovite\u013e. Na z\u00e1klade tohto odhadu sa vypo\u010d\u00edta odmena za pr\u00e1ce. Ten je potom zmluvne pevne stanoven\u00fd a nem\u00f4\u017ee sa meni\u0165 bez osobitn\u00e9ho d\u00f4vodu.<\/p>\n<p>Osobitn\u00e9 d\u00f4vody, ktor\u00e9 umo\u017e\u0148uj\u00fa zmenu odmeny za pr\u00e1cu, musia by\u0165 pre obe strany nepredv\u00eddate\u013en\u00e9. Musia by\u0165 tie\u017e nato\u013eko z\u00e1va\u017en\u00e9 vo svojich d\u00f4sledkoch, \u017ee od zmluvn\u00fdch str\u00e1n nemo\u017eno rozumne o\u010dak\u00e1va\u0165, \u017ee bud\u00fa dodr\u017eiava\u0165 p\u00f4vodn\u00fa dohodu. V takom pr\u00edpade sa obe strany m\u00f4\u017eu dohodn\u00fa\u0165 na novej odmene, m\u00f4\u017eu zmluvu vypoveda\u0165, sudca m\u00f4\u017ee upravi\u0165 v\u00fd\u0161ku dohody alebo povoli\u0165 zru\u0161enie zmluvy.<\/p>\n<p>Objedn\u00e1vate\u013e je preto ve\u013emi dobre chr\u00e1nen\u00fd pred jednostrann\u00fdm zv\u00fd\u0161en\u00edm odmeny za pr\u00e1cu. To mu d\u00e1va jasn\u00fa istotu z pr\u00e1vneho h\u013eadiska, ale aj z h\u013eadiska finan\u010dn\u00e9ho pl\u00e1novania.<\/p>\n<h2>Zhotovite\u013e nesie zodpovednos\u0165<\/h2>\n<p>V zmluve o dielo a slu\u017eb\u00e1ch sa dl\u017e\u00ed \u00faspe\u0161n\u00e9 vytvorenie diela, nie pr\u00e1ca na \u0148om. Nejde o \u010das, zdroje ani o to, ak\u00e9 presne slu\u017eby boli poskytnut\u00e9. D\u00f4le\u017eit\u00e9 je len dielo a to, \u017ee bolo vytvoren\u00e9 v s\u00falade s opisom v zmluve.<\/p>\n<p>Zhotovite\u013e kon\u00e1 samostatne. T\u00fdm sa objedn\u00e1vate\u013e zbavuje akejko\u013evek zodpovednosti. To znamen\u00e1, \u017ee nemus\u00ed n\u00e1js\u0165, zamestna\u0165, riadi\u0165, za\u0161koli\u0165 ani zaplati\u0165 zmluvn\u00fdch pracovn\u00edkov. Za to v\u0161etko je zodpovedn\u00fd zhotovite\u013e.<\/p>\n<h2>Zmluva o dielo - pr\u00e1vo na odst\u00fapenie od zmluvy<\/h2>\n<p>Klient m\u00e1 tie\u017e v\u00fdhodu, pokia\u013e ide o zru\u0161enie zmluvy o dielo. Zmluvu m\u00f4\u017ee kedyko\u013evek vypoveda\u0165 bez udania d\u00f4vodu. Objedn\u00e1vate\u013e sa tak m\u00f4\u017ee s\u00e1m rozhodn\u00fa\u0165, \u010di a ako dlho chce so zhotovite\u013eom spolupracova\u0165.<\/p>\n<p>Aj ke\u010f m\u00e1 dod\u00e1vate\u013e pr\u00e1vo vypoveda\u0165 zmluvu, mus\u00ed ma\u0165 na to konkr\u00e9tny d\u00f4vod. To znamen\u00e1, \u017ee opraty dr\u017e\u00ed v ruk\u00e1ch objedn\u00e1vate\u013e, \u010do na druhej strane v\u00fdrazne u\u013eah\u010duje pl\u00e1novanie, najm\u00e4 z ekonomick\u00e9ho h\u013eadiska.<\/p>\n<h2>Z\u00e1ver<\/h2>\n<p>Ak ide o okrajov\u00fa \u010dinnos\u0165 a zdroje podniku nie s\u00fa dostato\u010dne vyu\u017eit\u00e9 na plnenie t\u00fdchto \u00faloh, je vhodn\u00e9 poveri\u0165 zmluvn\u00fa servisn\u00fa spolo\u010dnos\u0165. Zmluvn\u00e9ho dod\u00e1vate\u013ea sa oplat\u00ed vymenova\u0165 aj vtedy, ak ide o hlavn\u00fa \u00falohu podniku a na splnenie tejto \u00falohy sa nakupuj\u00fa ur\u010dit\u00e9 zru\u010dnosti a odborn\u00e9 znalosti. Nak\u00fapen\u00e9 kapacity v\u0161ak maj\u00fa len do\u010dasn\u00fd v\u00fdznam, alebo ak by boli k dispoz\u00edcii ako trval\u00e9 kapacity, boli by dlhodobo neobsaden\u00e9.<\/p>\n<p>V zmluve o dielo a slu\u017eb\u00e1ch nesie v\u00e4\u010d\u0161inu riz\u00edk zhotovite\u013e. Zodpoved\u00e1 za person\u00e1l, zodpoved\u00e1 za \u0161kody, nesie riziko straty diela a nedostane odmenu, ak dielo nie je dokon\u010den\u00e9 pod\u013ea opisu.<\/p>\n<p>Okrem dostato\u010dn\u00e9ho vyu\u017eitia dostupn\u00fdch zdrojov vypl\u00fdva hospod\u00e1rnos\u0165 z prenosu riz\u00edk a zo skuto\u010dnosti, \u017ee platba za pr\u00e1cu je splatn\u00e1 a\u017e po prevzat\u00ed \u00faspe\u0161ne dokon\u010denej pr\u00e1ce. Ak dielo nie je dokon\u010den\u00e9 pod\u013ea po\u017eiadaviek, platba sa zru\u0161\u00ed. Ak sa \u00fasilie potrebn\u00e9 na vytvorenie diela zv\u00fd\u0161i, a to aj z \u010dasov\u00e9ho h\u013eadiska, odmena za dielo sa nemen\u00ed.<\/p>\n<p>Okrem toho zhotovite\u013e pracuje na vlastn\u00fa zodpovednos\u0165. T\u00fdm sa zni\u017euje pracovn\u00e9 za\u0165a\u017eenie zad\u00e1vate\u013ea. V neposlednom rade m\u00e1 objedn\u00e1vate\u013e vo\u010di zhotovite\u013eovi ove\u013ea jednoduch\u0161ie pr\u00e1vo na odst\u00fapenie od zmluvy, tak\u017ee m\u00f4\u017ee kedyko\u013evek odst\u00fapi\u0165 od zmluvy, ak to pova\u017euje za potrebn\u00e9.<\/p>\n<h2>\u010casto kladen\u00e9 ot\u00e1zky o ziskovosti zmluvy o dielo a pracovnej zmluve<\/h2>\n<\/div><\/div><div class=\"w-separator size_small\"><\/div><div class=\"w-tabs style_default switch_click accordion type_togglable has_scrolling\" style=\"--sections-title-size:inherit\"><div class=\"w-tabs-sections titles-align_none icon_chevron cpos_right\"><div class=\"w-tabs-section\" id=\"mc5a\" itemscope itemprop=\"mainEntity\" itemtype=\"https:\/\/schema.org\/Question\"><button class=\"w-tabs-section-header\" aria-controls=\"content-mc5a\" aria-expanded=\"false\"><div class=\"w-tabs-section-title\" itemprop=\"name\">Kedy m\u00e1 zmluva o dielo v\u00e4\u010d\u0161\u00ed ekonomick\u00fd zmysel ako trval\u00e9 pracovn\u00e9 miesto?<\/div><div class=\"w-tabs-section-control\"><\/div><\/button><div  class=\"w-tabs-section-content\" id=\"content-mc5a\" itemscope itemprop=\"acceptedAnswer\" itemtype=\"https:\/\/schema.org\/Answer\"><div class=\"w-tabs-section-content-h i-cf\" itemprop=\"text\"><div class=\"wpb_text_column\"><div class=\"wpb_wrapper\"><p>Zmluva o dielo sa oplat\u00ed, ak po\u017eadovan\u00e1 kapacita alebo zru\u010dnos\u0165 nie je potrebn\u00e1 trvalo, ak vyu\u017eitie vlastn\u00fdch kapac\u00edt spolo\u010dnosti kol\u00ed\u0161e alebo ak mo\u017eno \u00falohu jednozna\u010dne zaradi\u0165 medzi okrajov\u00e9 \u010dinnosti. Ak existuje trval\u00e1 potreba v hlavnej \u010dinnosti, trval\u00e9 zamestnanie je vo v\u0161eobecnosti v\u00fdhodnej\u0161ie, preto\u017ee extern\u00e9 mzdy zvy\u010dajne zah\u0155\u0148aj\u00fa rizikov\u00fa prir\u00e1\u017eku.<\/p>\n<\/div><\/div><\/div><\/div><\/div><div class=\"w-tabs-section\" id=\"dd2f\" itemscope itemprop=\"mainEntity\" itemtype=\"https:\/\/schema.org\/Question\"><button class=\"w-tabs-section-header\" aria-controls=\"content-dd2f\" aria-expanded=\"false\"><div class=\"w-tabs-section-title\" itemprop=\"name\">Kto zn\u00e1\u0161a riziko n\u00e1kladov, ak je pracovn\u00e1 z\u00e1kazka drah\u0161ia, ako sa pl\u00e1novalo?<\/div><div class=\"w-tabs-section-control\"><\/div><\/button><div  class=\"w-tabs-section-content\" id=\"content-dd2f\" itemscope itemprop=\"acceptedAnswer\" itemtype=\"https:\/\/schema.org\/Answer\"><div class=\"w-tabs-section-content-h i-cf\" itemprop=\"text\"><div class=\"wpb_text_column\"><div class=\"wpb_wrapper\"><p>Zhotovite\u013e v z\u00e1sade. Ako odborn\u00edk vypracoval odhad n\u00e1kladov a je povinn\u00fd vykona\u0165 dielo za dohodnut\u00fa cenu. Dodato\u010dn\u00e9 n\u00e1klady sp\u00f4soben\u00e9 vlastn\u00fdmi chybami alebo podhodnoten\u00edm zn\u00e1\u0161a zhotovite\u013e. \u00dapravu ceny diela mo\u017eno po\u017eadova\u0165 len v pr\u00edpade, ak sa vyskytn\u00fa nepredv\u00eddate\u013en\u00e9 okolnosti, ktor\u00e9 obe strany nemohli predv\u00edda\u0165.<\/p>\n<\/div><\/div><\/div><\/div><\/div><div class=\"w-tabs-section\" id=\"fdfd\" itemscope itemprop=\"mainEntity\" itemtype=\"https:\/\/schema.org\/Question\"><button class=\"w-tabs-section-header\" aria-controls=\"content-fdfd\" aria-expanded=\"false\"><div class=\"w-tabs-section-title\" itemprop=\"name\">M\u00f4\u017ee klient kedyko\u013evek vypoveda\u0165 zmluvu o dielo?<\/div><div class=\"w-tabs-section-control\"><\/div><\/button><div  class=\"w-tabs-section-content\" id=\"content-fdfd\" itemscope itemprop=\"acceptedAnswer\" itemtype=\"https:\/\/schema.org\/Answer\"><div class=\"w-tabs-section-content-h i-cf\" itemprop=\"text\"><div class=\"wpb_text_column\"><div class=\"wpb_wrapper\"><p>\u00c1no, pod\u013ea \u00a7 648 nemeck\u00e9ho ob\u010dianskeho z\u00e1konn\u00edka (BGB) m\u00f4\u017ee z\u00e1kazn\u00edk kedyko\u013evek vypoveda\u0165 zmluvu o dielo bez udania d\u00f4vodu. Mus\u00ed v\u0161ak zaplati\u0165 dohodnut\u00fa odmenu za dielo zn\u00ed\u017een\u00fa o u\u0161etren\u00e9 n\u00e1klady zhotovite\u013ea. To poskytuje objedn\u00e1vate\u013eovi ve\u013ek\u00fa flexibilitu, ale z\u00e1rove\u0148 chr\u00e1ni zhotovite\u013ea pred \u00faplnou stratou odmeny.<\/p>\n<\/div><\/div><\/div><\/div><\/div><div class=\"w-tabs-section\" id=\"ped5\" itemscope itemprop=\"mainEntity\" itemtype=\"https:\/\/schema.org\/Question\"><button class=\"w-tabs-section-header\" aria-controls=\"content-ped5\" aria-expanded=\"false\"><div class=\"w-tabs-section-title\" itemprop=\"name\">Ak\u00fd je rozdiel medzi zmluvou o dielo a zmluvou o poskytovan\u00ed slu\u017eieb v praxi?<\/div><div class=\"w-tabs-section-control\"><\/div><\/button><div  class=\"w-tabs-section-content\" id=\"content-ped5\" itemscope itemprop=\"acceptedAnswer\" itemtype=\"https:\/\/schema.org\/Answer\"><div class=\"w-tabs-section-content-h i-cf\" itemprop=\"text\"><div class=\"wpb_text_column\"><div class=\"wpb_wrapper\"><p>V zmluve o dielo zhotovite\u013e dlhuje v\u00fdsledok - dokon\u010den\u00e9 dielo. Pri zmluve o poskytovan\u00ed slu\u017eieb zhotovite\u013e dlhuje len \u010dinnos\u0165, nie v\u00fdsledok. To m\u00e1 zna\u010dn\u00e9 ekonomick\u00e9 d\u00f4sledky: Ak je v\u00fdsledok bez zmluvy o dielo slab\u00fd, nie je mo\u017en\u00e9 odpo\u010d\u00edta\u0165 \u017eiadnu platbu, ak je v\u00fdsledok so zmluvou o dielo dobr\u00fd, je mo\u017en\u00e9 zaplati\u0165 pln\u00fa sumu. Pre\u010d\u00edtajte si viac:<span>\u00a0<\/span><a href=\"https:\/\/global-business-recruiting.de\/sk\/poznat\/zmluva-o-poskytovani-sluzieb-vs-zmluva-o-dielo\/\">Zmluva o poskytovan\u00ed slu\u017eieb vs. zmluva o dielo<\/a>.<\/p>\n<\/div><\/div><\/div><\/div><\/div><div class=\"w-tabs-section\" id=\"tfd1\" itemscope itemprop=\"mainEntity\" itemtype=\"https:\/\/schema.org\/Question\"><button class=\"w-tabs-section-header\" aria-controls=\"content-tfd1\" aria-expanded=\"false\"><div class=\"w-tabs-section-title\" itemprop=\"name\">Kedy za\u010d\u00edna plyn\u00fa\u0165 preml\u010dacia lehota pre n\u00e1roky z v\u00e1d zmluvy o dielo?<\/div><div class=\"w-tabs-section-control\"><\/div><\/button><div  class=\"w-tabs-section-content\" id=\"content-tfd1\" itemscope itemprop=\"acceptedAnswer\" itemtype=\"https:\/\/schema.org\/Answer\"><div class=\"w-tabs-section-content-h i-cf\" itemprop=\"text\"><div class=\"wpb_text_column\"><div class=\"wpb_wrapper\"><p>Preml\u010dacia lehota za\u010d\u00edna plyn\u00fa\u0165 prevzat\u00edm diela. Preml\u010dacia lehota pre stavby je v s\u00falade s \u00a7 634a BGB p\u00e4\u0165 rokov a pre ostatn\u00e9 pr\u00e1ce dva roky. D\u00f4le\u017eit\u00e9: Ak objedn\u00e1vate\u013e opr\u00e1vnene odmietne prevzia\u0165 dielo z d\u00f4vodu z\u00e1va\u017en\u00fdch v\u00e1d, preml\u010dacia lehota neza\u010dne plyn\u00fa\u0165.<\/p>\n<\/div><\/div><\/div><\/div><\/div><\/div><\/div><\/div><\/div><\/div><\/div><\/section>","protected":false},"excerpt":{"rendered":"Ist ein\u00a0Werkvertrag\u00a0wirtschaftlich oder verursacht er nur weitere Kosten? Wir haben uns bereits dem Thema gewidmet, dass mit Werkvertr\u00e4gen Lohndumping betrieben wird. Ganz kalt betrachtet ist das bereits eine Antwort, doch die Frage geht sehr viel weiter. Lohndumping wird gew\u00f6hnlich mit Scheinwerkvertr\u00e4gen betrieben, sodass diese extreme Form der Kostensparnis nicht Bestandteil der Betrachtung in diesem Kapitel...","protected":false},"author":1,"featured_media":10533,"parent":9347,"menu_order":0,"comment_status":"closed","ping_status":"closed","template":"","meta":{"_acf_changed":false,"footnotes":""},"class_list":["post-9865","page","type-page","status-publish","has-post-thumbnail","hentry"],"acf":[],"_links":{"self":[{"href":"https:\/\/global-business-recruiting.de\/sk\/wp-json\/wp\/v2\/pages\/9865","targetHints":{"allow":["GET"]}}],"collection":[{"href":"https:\/\/global-business-recruiting.de\/sk\/wp-json\/wp\/v2\/pages"}],"about":[{"href":"https:\/\/global-business-recruiting.de\/sk\/wp-json\/wp\/v2\/types\/page"}],"author":[{"embeddable":true,"href":"https:\/\/global-business-recruiting.de\/sk\/wp-json\/wp\/v2\/users\/1"}],"replies":[{"embeddable":true,"href":"https:\/\/global-business-recruiting.de\/sk\/wp-json\/wp\/v2\/comments?post=9865"}],"version-history":[{"count":6,"href":"https:\/\/global-business-recruiting.de\/sk\/wp-json\/wp\/v2\/pages\/9865\/revisions"}],"predecessor-version":[{"id":9866,"href":"https:\/\/global-business-recruiting.de\/sk\/wp-json\/wp\/v2\/pages\/9865\/revisions\/9866"}],"up":[{"embeddable":true,"href":"https:\/\/global-business-recruiting.de\/sk\/wp-json\/wp\/v2\/pages\/9347"}],"wp:featuredmedia":[{"embeddable":true,"href":"https:\/\/global-business-recruiting.de\/sk\/wp-json\/wp\/v2\/media\/10533"}],"wp:attachment":[{"href":"https:\/\/global-business-recruiting.de\/sk\/wp-json\/wp\/v2\/media?parent=9865"}],"curies":[{"name":"wp","href":"https:\/\/api.w.org\/{rel}","templated":true}]}}