{"id":9873,"date":"2026-03-12T02:21:37","date_gmt":"2026-03-12T02:21:37","guid":{"rendered":"https:\/\/global-business-recruiting.de\/wissen\/maurer-subunternehmer-aufgaben-auftraege-und-herausforderungen-bei-der-zusammenarbeit-mit-subunternehmern\/"},"modified":"2026-03-29T13:07:14","modified_gmt":"2026-03-29T13:07:14","slug":"lodiarske-sluzby","status":"publish","type":"page","link":"https:\/\/global-business-recruiting.de\/sk\/wissen\/schiffbau-dienstleistungen\/","title":{"rendered":"Slu\u017eby v oblasti stavby lod\u00ed"},"content":{"rendered":"<section class=\"l-section wpb_row height_custom\"><div class=\"l-section-h i-cf\"><div class=\"g-cols vc_row via_grid cols_1 laptops-cols_inherit tablets-cols_inherit mobiles-cols_1 valign_top type_default stacking_default\"><div class=\"wpb_column vc_column_container\"><div class=\"vc_column-inner\"><div class=\"wpb_text_column\"><div class=\"wpb_wrapper\"><p>V<span>\u00a0<\/span><a href=\"https:\/\/global-business-recruiting.de\/sk\/pobocky\/stavba-lodi\/\">Stavba lod\u00ed<\/a><span>\u00a0<\/span>existuje mnoho r\u00f4znych \u0161pecializovan\u00fdch \u010dinnost\u00ed, ktor\u00e9 s\u00fa \u017eiadan\u00e9. Nie nadarmo je lodn\u00e1 doprava jedn\u00fdm z najstar\u0161\u00edch a najd\u00f4le\u017eitej\u0161\u00edch odvetv\u00ed na svete. Zamestnanci s\u00fa potrebn\u00ed pri stavbe, \u00fadr\u017ebe a oprav\u00e1ch lod\u00ed. Stavba lod\u00ed je obzvl\u00e1\u0161\u0165 d\u00f4le\u017eit\u00e1 v medzin\u00e1rodnom obchode a glob\u00e1lnej logistike.<\/p>\n<p>V tejto oblasti doch\u00e1dza k neust\u00e1lemu v\u00fdvoju a n\u00e1roky s\u00fa vysok\u00e9. Preto je d\u00f4le\u017eit\u00e9 ma\u0165 kvalifikovan\u00fdch odborn\u00fdch pracovn\u00edkov, ktor\u00ed zvl\u00e1dnu tieto \u00falohy. Bohu\u017eia\u013e, aj Nemecko bolo v posledn\u00fdch rokoch postihnut\u00e9 nedostatkom kvalifikovanej pracovnej sily v tejto oblasti.<\/p>\n<h2>Ak\u00e9 slu\u017eby s\u00fa k dispoz\u00edcii v oblasti stavby lod\u00ed?<\/h2>\n<p>Pri stavbe lod\u00ed sa vykon\u00e1va mnoho \u010dinnost\u00ed. Prec\u00edzna pr\u00e1ca a hlbok\u00e9 znalosti s\u00fa nevyhnutn\u00e9. Mnoh\u00e9 z nich s\u00fa profesie, ktor\u00e9 existuj\u00fa aj v in\u00fdch priemyseln\u00fdch odvetviach, ale musia by\u0165 prisp\u00f4soben\u00e9 po\u017eiadavk\u00e1m stavby lod\u00ed.<\/p>\n<h3>Kon\u0161trukcia a dizajn lode<\/h3>\n<p>Oddelenie kon\u0161trukcie a dizajnu lod\u00ed pl\u00e1nuje a navrhuje lode. Ide o mal\u00e9 jachty a ve\u013ek\u00e9 kontajnerov\u00e9 lode, ako aj v\u00fdletn\u00e9 lode. V tejto oblasti sa navrhuj\u00fa lode, \u010do si vy\u017eaduje \u00fazku spolupr\u00e1cu medzi in\u017einiermi a kon\u0161trukt\u00e9rmi. Lode musia by\u0165 nielen funk\u010dn\u00e9, ale aj bezpe\u010dn\u00e9.<\/p>\n<h3>Stavba a mont\u00e1\u017e lod\u00ed<\/h3>\n<p>Potom nasleduje oblas\u0165 stavby a mont\u00e1\u017ee lod\u00ed, kde sa n\u00e1vrh st\u00e1va skuto\u010dnos\u0165ou. Je potrebn\u00e9 vykona\u0165 zlo\u017eit\u00e9 kon\u0161truk\u010dn\u00e9 procesy, a preto s\u00fa na splnenie t\u00fdchto po\u017eiadaviek potrebn\u00ed \u0161pecializovan\u00ed remeseln\u00edci a technici.<\/p>\n<h3>\u00dadr\u017eba a oprava<\/h3>\n<p>Po spusten\u00ed lod\u00ed na vodu je potrebn\u00e9 ich pravidelne udr\u017eiava\u0165 a opravova\u0165. Je potrebn\u00e9 vykona\u0165 \u0161irok\u00fa \u0161k\u00e1lu \u00faloh. Lo\u010f sa podrobne kontroluje a opravuj\u00fa sa elektronick\u00e9 syst\u00e9my a stroje.<\/p>\n<h3>Moderniz\u00e1cia<\/h3>\n<p>Lode \u010dasom starn\u00fa a je potrebn\u00e9 ich aktualizova\u0165. V\u017edy sa objavuj\u00fa nov\u00e9 bezpe\u010dnostn\u00e9 predpisy a environment\u00e1lne po\u017eiadavky, ktor\u00e9 je potrebn\u00e9 dodr\u017eiava\u0165. \u0160pecializovan\u00ed odborn\u00edci zabezpe\u010duj\u00fa moderniz\u00e1ciu alebo moderniz\u00e1ciu existuj\u00facich syst\u00e9mov.<\/p>\n<h3>Pr\u00edslu\u0161enstvo a vybavenie<\/h3>\n<p>\u0160pecializovan\u00fd person\u00e1l je potrebn\u00fd aj v oblasti pr\u00edslu\u0161enstva a vybavenia. S\u00fa zodpovedn\u00ed za udr\u017eiavanie v\u0161etk\u00e9ho vybavenia na prev\u00e1dzku lode v najlep\u0161om stave. T\u00fdka sa to naviga\u010dn\u00fdch syst\u00e9mov aj bezpe\u010dnostn\u00e9ho vybavenia.<\/p>\n<p>V\u0161etky tieto oblasti si vy\u017eaduj\u00fa \u0161pecializovan\u00fdch odborn\u00edkov, ktor\u00ed s\u00fa obozn\u00e1men\u00ed so stavbou lod\u00ed. T\u00edto odborn\u00edci musia ma\u0165 teoretick\u00e9 znalosti, ako aj praktick\u00e9 sk\u00fasenosti. Len tak m\u00f4\u017eu splni\u0165 neust\u00e1le rast\u00face po\u017eiadavky.<\/p>\n<h2>Po ktor\u00fdch kvalifikovan\u00fdch pracovn\u00edkoch je v lodiarstve dopyt?<\/h2>\n<h3>In\u017einieri a technici<\/h3>\n<p>In\u017einieri a technici patria medzi naj\u017eiadanej\u0161\u00edch odborn\u00edkov v lodiarskom sektore. Maj\u00fa jednu z najd\u00f4le\u017eitej\u0161\u00edch \u00faloh, preto\u017ee s\u00fa zodpovedn\u00ed za v\u0161etko od pl\u00e1novania a\u017e po stavbu lode. Musia tie\u017e zabezpe\u010di\u0165, aby boli v\u0161etky aspekty lode optim\u00e1lne zos\u00faladen\u00e9. Riadia ka\u017ed\u00fa oblas\u0165 od kon\u0161trukcie a\u017e po technol\u00f3giu.<\/p>\n<ul>\n<li>A<span>\u00a0<\/span><strong>N\u00e1morn\u00fd architekt<\/strong><span>\u00a0<\/span>zabezpe\u010duje, \u017ee lo\u010f vydr\u017e\u00ed nam\u00e1hanie a nap\u00e4tie na mori. Mus\u00ed by\u0165 schopn\u00e1 efekt\u00edvne a bezpe\u010dne man\u00e9vrova\u0165.<\/li>\n<li>Str\u00e1nka<span>\u00a0<\/span><strong>Strojn\u00fd in\u017einier<\/strong><span>\u00a0<\/span>zabezpe\u010duje, aby boli stroje na palube skon\u0161truovan\u00e9 a udr\u017eiavan\u00e9. Zodpovedaj\u00fa napr\u00edklad za pohonn\u00e9 syst\u00e9my, gener\u00e1tory, klimatiza\u010dn\u00e9 syst\u00e9my a mnoh\u00e9 \u010fal\u0161ie mechanick\u00e9 syst\u00e9my na lodi.<\/li>\n<li>Tie\u017e<span>\u00a0<\/span><strong>Elektrotechnici<\/strong><span>\u00a0<\/span>s\u00fa potrebn\u00e9 pri stavbe lod\u00ed. V s\u00fa\u010dasnosti s\u00fa lode vybaven\u00e9 zlo\u017eit\u00fdmi elektronick\u00fdmi syst\u00e9mami, \u010do znamen\u00e1, \u017ee elektrotechnici ich musia pozna\u0165. Len tak sa d\u00e1 zabezpe\u010di\u0165 bezpe\u010dnos\u0165 a efekt\u00edvnos\u0165 lode.<\/li>\n<\/ul>\n<p>V poslednom \u010dase sa h\u013ead\u00e1 \u010doraz viac in\u017einierov v oblasti udr\u017eate\u013enosti a \u017eivotn\u00e9ho prostredia. Ve\u013emi dobre poznaj\u00fa po\u017eiadavky na ochranu \u017eivotn\u00e9ho prostredia a s\u00fa v\u017edy v obraze. Musia venova\u0165 pozornos\u0165 udr\u017eate\u013enosti a ekologick\u00fdm technol\u00f3gi\u00e1m pri stavbe lod\u00ed. T\u00e1to oblas\u0165 sa v s\u00fa\u010dasnosti ve\u013emi r\u00fdchlo rozv\u00edja.<\/p>\n<h3>Pracovn\u00edci loden\u00edc a remeseln\u00edci<\/h3>\n<p>Okrem in\u017einierov s\u00fa v\u0161ak potrebn\u00ed aj in\u00ed pracovn\u00edci.<\/p>\n<ul>\n<li><strong>Pracovn\u00edci loden\u00edc a remeseln\u00edci<\/strong><span>\u00a0<\/span>pre praktick\u00fa realiz\u00e1ciu pri stavbe lod\u00ed s\u00fa naliehavo potrebn\u00e9. Maj\u00fa \u0161peci\u00e1lne techniky a materi\u00e1ly, ktor\u00e9 s\u00fa \u0161peci\u00e1lne prisp\u00f4soben\u00e9 pre stavbu lod\u00ed.<\/li>\n<li><a href=\"https:\/\/global-business-recruiting.de\/sk\/profesie\/zvarac-2\/\"><strong>Zv\u00e1ra\u010d<\/strong><\/a><span>\u00a0<\/span>s\u00fa v\u017edy potrebn\u00e9, preto\u017ee sp\u00e1jaj\u00fa r\u00f4zne \u010dasti lode. Podmienky s\u00fa \u010dasto extr\u00e9mne.<\/li>\n<li>Profesia<span>\u00a0<\/span><strong>Mechanika<\/strong><span>\u00a0<\/span>je rozhoduj\u00faca pre v\u00fdkon lode. S\u00fa zodpovedn\u00ed za in\u0161tal\u00e1ciu a \u00fadr\u017ebu strojov a in\u00fdch mechanick\u00fdch syst\u00e9mov na palube.<\/li>\n<li>Tie\u017e<span>\u00a0<\/span><strong>Elektrik\u00e1r<\/strong><span>\u00a0<\/span>s\u00fa potrebn\u00e9 pri stavbe lod\u00ed. Staraj\u00fa sa o in\u0161tal\u00e1ciu, \u00fadr\u017ebu a v\u0161etky ostatn\u00e9 pr\u00e1ce na elektrick\u00fdch syst\u00e9moch. Tieto syst\u00e9my sa pou\u017e\u00edvaj\u00fa na navig\u00e1ciu, komunik\u00e1ciu a riadenie v\u0161etk\u00fdch funkci\u00ed lode.<\/li>\n<\/ul>\n<p>Je d\u00f4le\u017eit\u00e9, aby lode mohli cestova\u0165 dlh\u00fd \u010das. Povrchy lod\u00ed s\u00fa obzvl\u00e1\u0161\u0165 postihnut\u00e9 kor\u00f3ziou. Preto je d\u00f4le\u017eit\u00e9, aby v\u0161etky \u010dasti, ktor\u00e9 pravidelne prich\u00e1dzaj\u00fa do styku s vodou, boli chr\u00e1nen\u00e9 n\u00e1termi a povrchovou \u00fapravou.<\/p>\n<h3>\u0160pecialisti na pl\u00e1novanie lod\u00ed a poradenstvo<\/h3>\n<p>Lode sa musia stava\u0165 efekt\u00edvne a bezpe\u010dne. Preto je f\u00e1za pl\u00e1novania a konzult\u00e1ci\u00ed tak\u00e1 d\u00f4le\u017eit\u00e1.<\/p>\n<ul>\n<li><strong>N\u00e1morn\u00ed architekti<\/strong><span>\u00a0<\/span>sa zaoberaj\u00fa n\u00e1vrhom interi\u00e9ru lod\u00ed. Zabezpe\u010duj\u00fa, aby boli priestory praktick\u00e9 a pohodln\u00e9. Z\u00e1le\u017e\u00ed na tom, \u010di m\u00e1 dizajn sp\u013a\u0148a\u0165 potreby pos\u00e1dky alebo cestuj\u00facich.<\/li>\n<li>V lodiarstve existuje aj<span>\u00a0<\/span><strong>Mana\u017e\u00e9r lokality<\/strong><span>\u00a0<\/span>dopyt. Je zodpovedn\u00fd za monitorovanie v\u0161etk\u00fdch stavebn\u00fdch procesov. Zodpoved\u00e1 tie\u017e za to, aby sa v\u0161etky pr\u00e1ce vykon\u00e1vali pod\u013ea pl\u00e1nu a v po\u017eadovanom \u010dasovom r\u00e1mci.<\/li>\n<li>Profesia<span>\u00a0<\/span><strong>Bezpe\u010dnostn\u00fd konzultant<\/strong><span>\u00a0<\/span>je obzvl\u00e1\u0161\u0165 d\u00f4le\u017eit\u00e1 pri stavbe lod\u00ed. Zabezpe\u010duje, aby lode sp\u013a\u0148ali z\u00e1konn\u00e9 po\u017eiadavky. Zabezpe\u010duje tie\u017e, aby sa spr\u00e1vne vykon\u00e1vali v\u0161etky bezpe\u010dnostn\u00e9 opatrenia.<\/li>\n<\/ul>\n<h3>Ostatn\u00ed \u0161pecializovan\u00ed odborn\u00edci<\/h3>\n<p>Okrem u\u017e spom\u00ednan\u00fdch profesi\u00ed s\u00fa pri stavbe lod\u00ed potrebn\u00e9 aj \u010fal\u0161ie profesie.<\/p>\n<ul>\n<li>Napr\u00edklad povolanie<span>\u00a0<\/span><strong>Hydrodynamici<\/strong><span>\u00a0<\/span>potrebn\u00e9. Zabezpe\u010duje optimaliz\u00e1ciu tvaru lode, aby sa mohla prisp\u00f4sobi\u0165 pr\u00fadeniu vody. Cie\u013eom je minimalizova\u0165 odpor vody a maximalizova\u0165 \u00fa\u010dinnos\u0165.<\/li>\n<li>Tie\u017e<span>\u00a0<\/span><strong>\u0160pecialisti na logistiku<\/strong><span>\u00a0<\/span>s\u00fa potrebn\u00e9 na stavbu lode. Zabezpe\u010duj\u00fa, aby boli materi\u00e1ly k dispoz\u00edcii. Staraj\u00fa sa o pl\u00e1novanie a koordin\u00e1ciu obstar\u00e1vania r\u00f4znych materi\u00e1lov potrebn\u00fdch na stavbu lode.<\/li>\n<\/ul>\n<p>Potrebn\u00ed s\u00fa aj mana\u017e\u00e9ri odbornej pr\u00edpravy a vzdel\u00e1vania. T\u00ed zabezpe\u010duj\u00fa, aby sa v\u0161etci zamestnanci priebe\u017ene \u010falej vzdel\u00e1vali. Cie\u013eom je zabezpe\u010di\u0165, aby zamestnanci ovl\u00e1dali najnov\u0161ie technol\u00f3gie a dr\u017eali krok s predpismi. S\u00fa tie\u017e zodpovedn\u00ed za vzdel\u00e1vanie novej gener\u00e1cie kvalifikovan\u00fdch pracovn\u00edkov.<\/p>\n<h2>Pre\u010do je v lodiarstve nedostatok kvalifikovanej pracovnej sily?<\/h2>\n<p>V posledn\u00fdch rokoch je \u010doraz jasnej\u0161ie, \u017ee aj v lodiarskom sektore je \u010doraz v\u00e4\u010d\u0161\u00ed nedostatok kvalifikovanej pracovnej sily. D\u00f4vodom tohto nedostatku s\u00fa napr\u00edklad demografick\u00e9 zmeny. Okrem toho s\u00fa projekty stavby lod\u00ed \u010doraz zlo\u017eitej\u0161ie a zvy\u0161uj\u00fa sa po\u017eiadavky na technol\u00f3gie \u0161etrn\u00e9 k \u017eivotn\u00e9mu prostrediu. Pre star\u0161iu gener\u00e1ciu je v s\u00fa\u010dasnosti ve\u013emi \u0165a\u017ek\u00e9 dr\u017ea\u0165 krok s r\u00f4znymi po\u017eiadavkami. Nane\u0161\u0165astie je pr\u00edli\u0161 m\u00e1lo nov\u00fdch pracovn\u00edkov, ktor\u00ed by mohli nast\u00fapi\u0165.<\/p>\n<p>Stavba lod\u00ed je vysoko \u0161pecializovan\u00e9 odvetvie, ktor\u00e9 si vy\u017eaduje \u0161irok\u00fa \u0161k\u00e1lu kvalifikovan\u00fdch pracovn\u00edkov na zabezpe\u010denie stavby aj \u00fadr\u017eby lod\u00ed. In\u017einieri, technici, pracovn\u00edci loden\u00edc a konzultanti zohr\u00e1vaj\u00fa v tomto odvetv\u00ed k\u013e\u00fa\u010dov\u00fa \u00falohu, pri\u010dom potreba dobre vy\u0161kolen\u00fdch odborn\u00edkov neust\u00e1le rastie. Odvetvie \u010del\u00ed v\u00fdzve rie\u0161i\u0165 nedostatok kvalifikovan\u00fdch pracovn\u00edkov a pril\u00e1ka\u0165 nov\u00e9 talenty, ktor\u00e9 by sp\u013a\u0148ali po\u017eiadavky trhu.<\/p>\n<p>M\u00f4\u017ee to pom\u00f4c\u0165 pril\u00e1ka\u0165 nov\u00fdch zamestnancov, ktor\u00ed absolvuj\u00fa \u010fal\u0161ie \u0161kolenia. Okrem toho je v s\u00fa\u010dasnosti tendencia h\u013eada\u0165 vhodn\u00fdch zamestnancov aj na medzin\u00e1rodnom trhu pr\u00e1ce.<\/p>\n<h2>\u010casto kladen\u00e9 ot\u00e1zky o kvalifikovanej pracovnej sile a slu\u017eb\u00e1ch v lodiarstve<\/h2>\n<\/div><\/div><div class=\"w-separator size_small\"><\/div><div class=\"w-tabs style_default switch_click accordion type_togglable has_scrolling\" style=\"--sections-title-size:inherit\"><div class=\"w-tabs-sections titles-align_none icon_chevron cpos_right\"><div class=\"w-tabs-section\" id=\"s6b9\" itemscope itemprop=\"mainEntity\" itemtype=\"https:\/\/schema.org\/Question\"><button class=\"w-tabs-section-header\" aria-controls=\"content-s6b9\" aria-expanded=\"false\"><div class=\"w-tabs-section-title\" itemprop=\"name\">Ktor\u00e9 zv\u00e1racie procesy s\u00fa obzvl\u00e1\u0161\u0165 d\u00f4le\u017eit\u00e9 pri stavbe lod\u00ed?<\/div><div class=\"w-tabs-section-control\"><\/div><\/button><div  class=\"w-tabs-section-content\" id=\"content-s6b9\" itemscope itemprop=\"acceptedAnswer\" itemtype=\"https:\/\/schema.org\/Answer\"><div class=\"w-tabs-section-content-h i-cf\" itemprop=\"text\"><div class=\"wpb_text_column\"><div class=\"wpb_wrapper\"><p>Pri stavbe lod\u00ed sa pou\u017e\u00edva najm\u00e4 zv\u00e1ranie MAG (pre oce\u013eov\u00e9 kon\u0161trukcie), zv\u00e1ranie TIG (pre nehrdzavej\u00facu oce\u013e a hlin\u00edk) a zv\u00e1ranie pod tavidlom (pre hrub\u00e9 plechy v kon\u0161trukcii trupu). Zv\u00e1ra\u010di, ktor\u00ed dok\u00e1\u017eu pracova\u0165 v \u0165a\u017ek\u00fdch poloh\u00e1ch a v stiesnen\u00fdch priestoroch, s\u00fa mimoriadne \u017eiadan\u00ed - zvy\u010dajne pri oprav\u00e1ch a \u00fadr\u017ebe v lodeniciach.<\/p>\n<\/div><\/div><\/div><\/div><\/div><div class=\"w-tabs-section\" id=\"f7a3\" itemscope itemprop=\"mainEntity\" itemtype=\"https:\/\/schema.org\/Question\"><button class=\"w-tabs-section-header\" aria-controls=\"content-f7a3\" aria-expanded=\"false\"><div class=\"w-tabs-section-title\" itemprop=\"name\">Ak\u00fa kvalifik\u00e1ciu potrebuj\u00fa lodn\u00ed in\u017einieri z v\u00fdchodnej Eur\u00f3py na pr\u00e1cu v Nemecku?<\/div><div class=\"w-tabs-section-control\"><\/div><\/button><div  class=\"w-tabs-section-content\" id=\"content-f7a3\" itemscope itemprop=\"acceptedAnswer\" itemtype=\"https:\/\/schema.org\/Answer\"><div class=\"w-tabs-section-content-h i-cf\" itemprop=\"text\"><div class=\"wpb_text_column\"><div class=\"wpb_wrapper\"><p>Lodn\u00ed in\u017einieri z kraj\u00edn E\u00da m\u00f4\u017eu vo v\u0161eobecnosti vyu\u017ei\u0165 svoju kvalifik\u00e1ciu priamo v Nemecku. Kvalifik\u00e1cie z tret\u00edch kraj\u00edn mus\u00ed uzna\u0165 pr\u00edslu\u0161n\u00e1 komora. D\u00f4le\u017eit\u00fdm predpokladom s\u00fa praktick\u00e9 sk\u00fasenosti v lodeniciach a znalos\u0165 nemeck\u00fdch a medzin\u00e1rodn\u00fdch noriem pre stavbu lod\u00ed (napr. klasifik\u00e1cie GL\/DNV).<\/p>\n<\/div><\/div><\/div><\/div><\/div><div class=\"w-tabs-section\" id=\"k877\" itemscope itemprop=\"mainEntity\" itemtype=\"https:\/\/schema.org\/Question\"><button class=\"w-tabs-section-header\" aria-controls=\"content-k877\" aria-expanded=\"false\"><div class=\"w-tabs-section-title\" itemprop=\"name\">Ak\u00fd v\u00e1\u017eny je nedostatok kvalifikovanej pracovnej sily v nemeckom lodiarstve?<\/div><div class=\"w-tabs-section-control\"><\/div><\/button><div  class=\"w-tabs-section-content\" id=\"content-k877\" itemscope itemprop=\"acceptedAnswer\" itemtype=\"https:\/\/schema.org\/Answer\"><div class=\"w-tabs-section-content-h i-cf\" itemprop=\"text\"><div class=\"wpb_text_column\"><div class=\"wpb_wrapper\"><p>Nemecko patr\u00ed k popredn\u00fdm lodiarskym krajin\u00e1m v Eur\u00f3pe, ale podobne ako mnoh\u00e9 priemyseln\u00e9 odvetvia trp\u00ed v\u00fdrazn\u00fdm nedostatkom kvalifikovanej pracovnej sily. Postihnut\u00e9 s\u00fa najm\u00e4 lodenice na Severnom a Baltskom mori. Dopyt po zv\u00e1ra\u010doch, mont\u00e9roch, elektrik\u00e1roch a in\u017einieroch v\u00fdrazne prevy\u0161uje dostupn\u00fa dom\u00e1cu ponuku - \u0161truktur\u00e1lny trend, ktor\u00fd sa e\u0161te zhor\u0161uje v d\u00f4sledku demografick\u00fdch zmien.<\/p>\n<\/div><\/div><\/div><\/div><\/div><div class=\"w-tabs-section\" id=\"l96a\" itemscope itemprop=\"mainEntity\" itemtype=\"https:\/\/schema.org\/Question\"><button class=\"w-tabs-section-header\" aria-controls=\"content-l96a\" aria-expanded=\"false\"><div class=\"w-tabs-section-title\" itemprop=\"name\">M\u00f4\u017ee Global Business Recruiting poskytn\u00fa\u0165 \u0161pecialistov \u0161peci\u00e1lne pre lodenice?<\/div><div class=\"w-tabs-section-control\"><\/div><\/button><div  class=\"w-tabs-section-content\" id=\"content-l96a\" itemscope itemprop=\"acceptedAnswer\" itemtype=\"https:\/\/schema.org\/Answer\"><div class=\"w-tabs-section-content-h i-cf\" itemprop=\"text\"><div class=\"wpb_text_column\"><div class=\"wpb_wrapper\"><p>\u00c1no, spolo\u010dnos\u0165 Global Business Recruiting m\u00e1 dlhoro\u010dn\u00e9 sk\u00fasenosti s umiest\u0148ovan\u00edm lodiarskeho person\u00e1lu z v\u00fdchodnej Eur\u00f3py - vr\u00e1tane zv\u00e1ra\u010dov, mechanikov, elektrik\u00e1rov a mont\u00e9rov, ktor\u00ed poznaj\u00fa podmienky v lodeniciach. V\u0161etci zamestnanci hovoria nemecky a s\u00fa pripraven\u00ed na okam\u017eit\u00e9 nasadenie.<\/p>\n<\/div><\/div><\/div><\/div><\/div><div class=\"w-tabs-section\" id=\"ia3b\" itemscope itemprop=\"mainEntity\" itemtype=\"https:\/\/schema.org\/Question\"><button class=\"w-tabs-section-header\" aria-controls=\"content-ia3b\" aria-expanded=\"false\"><div class=\"w-tabs-section-title\" itemprop=\"name\">Ako dlho trv\u00e1, k\u00fdm s\u00fa umiestnen\u00ed \u0161pecialisti na stavbu lod\u00ed pripraven\u00ed na pr\u00e1cu v lodenici?<\/div><div class=\"w-tabs-section-control\"><\/div><\/button><div  class=\"w-tabs-section-content\" id=\"content-ia3b\" itemscope itemprop=\"acceptedAnswer\" itemtype=\"https:\/\/schema.org\/Answer\"><div class=\"w-tabs-section-content-h i-cf\" itemprop=\"text\"><div class=\"wpb_text_column\"><div class=\"wpb_wrapper\"><p>Kvalifikovan\u00ed \u0161pecialisti na stavbu lod\u00ed zo siete Global Business Recruiting m\u00f4\u017eu by\u0165 spravidla nasaden\u00ed v lodeniciach do jedn\u00e9ho a\u017e dvoch t\u00fd\u017ed\u0148ov. V\u0161etky potrebn\u00e9 dokumenty - certifik\u00e1ty A1, osved\u010denia o kvalifik\u00e1cii, bezpe\u010dnostn\u00e9 certifik\u00e1ty - sa z\u00edskavaj\u00fa a kontroluj\u00fa vopred.<\/p>\n<\/div><\/div><\/div><\/div><\/div><\/div><\/div><\/div><\/div><\/div><\/div><\/section>","protected":false},"excerpt":{"rendered":"Im\u00a0Schiffbau\u00a0gibt es viele verschiedene spezialisierte T\u00e4tigkeiten, die gefragt sind. Nicht ohne Grund ist die Industrie der Schifffahrt eine der \u00e4ltesten und gleichzeitig bedeutendsten auf der Welt. Mitarbeiter werden sowohl in der Konstruktion und Wartung als auch bei der Reparatur von Schiffen ben\u00f6tigt. Gerade im internationalen Handel und der globalen Logistik ist der Schiffbau sehr wichtig....","protected":false},"author":1,"featured_media":11151,"parent":9347,"menu_order":0,"comment_status":"closed","ping_status":"closed","template":"","meta":{"_acf_changed":false,"footnotes":""},"class_list":["post-9873","page","type-page","status-publish","has-post-thumbnail","hentry"],"acf":[],"_links":{"self":[{"href":"https:\/\/global-business-recruiting.de\/sk\/wp-json\/wp\/v2\/pages\/9873","targetHints":{"allow":["GET"]}}],"collection":[{"href":"https:\/\/global-business-recruiting.de\/sk\/wp-json\/wp\/v2\/pages"}],"about":[{"href":"https:\/\/global-business-recruiting.de\/sk\/wp-json\/wp\/v2\/types\/page"}],"author":[{"embeddable":true,"href":"https:\/\/global-business-recruiting.de\/sk\/wp-json\/wp\/v2\/users\/1"}],"replies":[{"embeddable":true,"href":"https:\/\/global-business-recruiting.de\/sk\/wp-json\/wp\/v2\/comments?post=9873"}],"version-history":[{"count":6,"href":"https:\/\/global-business-recruiting.de\/sk\/wp-json\/wp\/v2\/pages\/9873\/revisions"}],"predecessor-version":[{"id":11190,"href":"https:\/\/global-business-recruiting.de\/sk\/wp-json\/wp\/v2\/pages\/9873\/revisions\/11190"}],"up":[{"embeddable":true,"href":"https:\/\/global-business-recruiting.de\/sk\/wp-json\/wp\/v2\/pages\/9347"}],"wp:featuredmedia":[{"embeddable":true,"href":"https:\/\/global-business-recruiting.de\/sk\/wp-json\/wp\/v2\/media\/11151"}],"wp:attachment":[{"href":"https:\/\/global-business-recruiting.de\/sk\/wp-json\/wp\/v2\/media?parent=9873"}],"curies":[{"name":"wp","href":"https:\/\/api.w.org\/{rel}","templated":true}]}}