{"id":9881,"date":"2026-03-12T03:21:40","date_gmt":"2026-03-12T03:21:40","guid":{"rendered":"https:\/\/global-business-recruiting.de\/wissen\/die-verdeckte-zeitarbeit-im-internationalen-kontext-risiken-regelungen-und-herausforderungen\/"},"modified":"2026-03-29T13:08:36","modified_gmt":"2026-03-29T13:08:36","slug":"nemecke-lodenice","status":"publish","type":"page","link":"https:\/\/global-business-recruiting.de\/sk\/wissen\/deutscher-schiffbau-werften\/","title":{"rendered":"Nemeck\u00e9 lodiarstvo: typick\u00e9 lodenice na pr\u00edklade Meyer Werft a L\u00fcrssen"},"content":{"rendered":"<section class=\"l-section wpb_row height_custom\"><div class=\"l-section-h i-cf\"><div class=\"g-cols vc_row via_grid cols_1 laptops-cols_inherit tablets-cols_inherit mobiles-cols_1 valign_top type_default stacking_default\"><div class=\"wpb_column vc_column_container\"><div class=\"vc_column-inner\"><div class=\"wpb_text_column\"><div class=\"wpb_wrapper\"><p>Nemeck\u00fd<span>\u00a0<\/span><a href=\"https:\/\/global-business-recruiting.de\/sk\/pobocky\/stavba-lodi\/\">Stavba lod\u00ed<\/a><span>\u00a0<\/span>sa te\u0161\u00ed vynikaj\u00facej povesti na celom svete. Modern\u00e9 technol\u00f3gie, desa\u0165ro\u010dia sk\u00fasenost\u00ed a jasn\u00e1 \u0161pecializ\u00e1cia robia z nemeck\u00fdch loden\u00edc vyh\u013ead\u00e1van\u00fdch partnerov v medzin\u00e1rodnej lodiarskej v\u00fdrobe. Je to zrejm\u00e9 najm\u00e4 na dvoch zn\u00e1mych pr\u00edkladoch: Meyer Werft v Papenburgu a L\u00fcrssen Werft v Br\u00e9mach. Predstavuj\u00fa typick\u00e9 nemeck\u00e9 lodenice a ukazuj\u00fa, pre\u010do stavba lod\u00ed v Nemecku aj dnes zohr\u00e1va k\u013e\u00fa\u010dov\u00fa \u00falohu.<\/p>\n<h2>Nemeck\u00e9 lodiarstvo: rozmanitos\u0165 a \u0161pecializ\u00e1cia loden\u00edc<\/h2>\n<p>Nemecko m\u00e1 ve\u013ek\u00fd po\u010det loden\u00edc - od medzin\u00e1rodne uzn\u00e1van\u00fdch ve\u013ek\u00fdch spolo\u010dnost\u00ed a\u017e po \u0161pecializovan\u00e9 stredn\u00e9 podniky. Nezameriava sa na masov\u00fa v\u00fdrobu, ale na vysokokvalitn\u00e9 \u0161pecializovan\u00e9 lode. Medzi typick\u00e9 slu\u017eby poskytovan\u00e9 nemeck\u00fdmi lodenicami patria<\/p>\n<ul>\n<li>Nov\u00e1 v\u00fdstavba obchodn\u00fdch, \u0161pecializovan\u00fdch a n\u00e1morn\u00fdch plavidiel<\/li>\n<li>Opravy a \u00fadr\u017eba<\/li>\n<li>Prestavby a moderniz\u00e1cia existuj\u00facich lod\u00ed<\/li>\n<\/ul>\n<p>Mnoh\u00e9 lodenice sa z\u00e1merne zameriavaj\u00fa na ur\u010dit\u00e9 typy lod\u00ed, ako s\u00fa v\u00fdletn\u00e9 lode, trajekty, jachty alebo vojensk\u00e9 lode. T\u00e1to \u0161pecializ\u00e1cia posil\u0148uje technick\u00fa odbornos\u0165 a zabezpe\u010duje trvalo vysok\u00fa kvalitu.<\/p>\n<h2>Typick\u00e1 infra\u0161trukt\u00fara nemeck\u00fdch loden\u00edc<\/h2>\n<p>Modern\u00e1 lodenica v Nemecku m\u00e1 vysoko rozvinut\u00e9 zariadenia a p\u00f4sobiv\u00fa infra\u0161trukt\u00faru. Patr\u00ed sem<\/p>\n<ul>\n<li>Ve\u013ek\u00e9 v\u00fdrobn\u00e9 haly<\/li>\n<li>Kryt\u00e9 such\u00e9 doky<\/li>\n<li>V\u00fdkonn\u00e9 \u017eeriavov\u00e9 syst\u00e9my<\/li>\n<li>\u0160pecializovan\u00e9 v\u00fdrobn\u00e9 priestory pre \u0161peci\u00e1lne technol\u00f3gie<\/li>\n<\/ul>\n<p>V s\u00fa\u010dasnosti sa stavia preva\u017ene modul\u00e1rne. Komponenty lode s\u00fa prefabrikovan\u00e9 a potom sa skladaj\u00fa ako obrovsk\u00e1 sklada\u010dka. Tieto postupy umo\u017e\u0148uj\u00fa vysok\u00fa presnos\u0165 a efekt\u00edvnos\u0165 - dokonca aj pri lodiach s hmotnos\u0165ou desiatok tis\u00edc ton.<\/p>\n<h2>Meyer Werft Papenburg - etal\u00f3n modernej stavby v\u00fdletn\u00fdch lod\u00ed<\/h2>\n<p>Lodenice Meyer Werft v Papenburgu s\u00fa jedny z najv\u00e4\u010d\u0161\u00edch a najmodernej\u0161\u00edch loden\u00edc na svete. Je zn\u00e1ma najm\u00e4 stavbou zlo\u017eit\u00fdch v\u00fdletn\u00fdch lod\u00ed a inovat\u00edvnych \u0161pecializovan\u00fdch plavidiel.<\/p>\n<p>Jedine\u010dnou v\u00fdhodou s\u00fa obrovsk\u00e9 kryt\u00e9 such\u00e9 doky, ktor\u00e9 nemaj\u00fa na svete konkurenciu. Chr\u00e1nia lode pred poveternostn\u00fdmi vplyvmi po\u010das f\u00e1zy v\u00fdstavby a umo\u017e\u0148uj\u00fa presn\u00fa mont\u00e1\u017e citliv\u00fdch technick\u00fdch komponentov.<\/p>\n<p>Dvestoro\u010dn\u00e1 hist\u00f3ria loden\u00edc ukazuje, \u017ee aj tradi\u010dn\u00e9 spolo\u010dnosti dok\u00e1\u017eu prekon\u00e1va\u0165 v\u00fdzvy. Po finan\u010dn\u00fdch \u0165a\u017ekostiach bola lodenica Meyer Werft reorganizovan\u00e1 - dnes je op\u00e4\u0165 \u00faspe\u0161ne etablovan\u00e1 na trhu a je symbolom efekt\u00edvnosti nemeck\u00e9ho lodiarstva.<\/p>\n<h3>Efekt\u00edvne stavebn\u00e9 procesy v\u010faka kryt\u00fdm dokom<\/h3>\n<p>Kryt\u00e9 doky nielen zlep\u0161uj\u00fa pracovn\u00e9 podmienky, ale aj minimalizuj\u00fa rizik\u00e1. Vietor, d\u00e1\u017e\u010f alebo sneh u\u017e nem\u00f4\u017eu ovplyvni\u0165 v\u00fdstavbu.<\/p>\n<p>\u010eal\u0161ou v\u00fdhodou je, \u017ee u\u017e nie je potrebn\u00fd klasick\u00fd proces sp\u00fa\u0161\u0165ania. Namiesto toho sa dok zaplav\u00ed, a\u017e k\u00fdm lo\u010f nepl\u00e1va. Tento proces je ove\u013ea \u0161etrnej\u0161\u00ed ku kon\u0161trukcii a v\u00fdrazne zni\u017euje technick\u00e9 rizik\u00e1.<\/p>\n<h2>L\u00fcrssen Werft Bremen - Prisp\u00f4soben\u00e9 luxus v stavbe j\u00e1cht<\/h2>\n<p>L\u00fcrssen lodenice v Br\u00e9mach-Vegesack je svetov\u00fdm l\u00eddrom v oblasti v\u00fdstavby super a mega jachty. Individualita je tu na prvom mieste. Ka\u017ed\u00e1 jachta sa pl\u00e1nuje a realizuje presne pod\u013ea \u017eelania klienta.<\/p>\n<p>Typick\u00e9 znaky loden\u00edc L\u00fcrssen s\u00fa<\/p>\n<ul>\n<li>Koncepcie dizajnu a technol\u00f3gie na mieru<\/li>\n<li>Modern\u00e9 pohonn\u00e9 syst\u00e9my a dlh\u00e9 dosahy<\/li>\n<li>Luxusn\u00e9 vybavenie do najmen\u0161ieho detailu<\/li>\n<li>Vysoko kvalifikovan\u00ed in\u017einieri a remeseln\u00edci<\/li>\n<\/ul>\n<p>L\u00fcrssen ako rodinn\u00e1 spolo\u010dnos\u0165 \u0161tvrtej gener\u00e1cie sp\u00e1ja trad\u00edciu s technickou dokonalos\u0165ou a stanovuje svetov\u00e9 \u0161tandardy v oblasti stavby luxusn\u00fdch j\u00e1cht.<\/p>\n<h2>Z\u00e1ver: Pre\u010do je nemeck\u00e9 lodiarstvo \u017eiadan\u00e9 na celom svete<\/h2>\n<p>Nemeck\u00e9 lodiarstvo je symbolom kvality, inov\u00e1ci\u00ed a spo\u013eahlivosti. Typick\u00e9 lodenice, ako napr\u00edklad Meyer Werft a L\u00fcrssen, ukazuj\u00fa, ako \u0161pecializ\u00e1cia, modern\u00e1 infra\u0161trukt\u00fara a desa\u0165ro\u010dia sk\u00fasenost\u00ed funguj\u00fa spolo\u010dne.<\/p>\n<p>\u010ci u\u017e ide o v\u00fdletn\u00fa lo\u010f, \u0161peci\u00e1lnu lo\u010f alebo luxusn\u00fa jachtu - nemeck\u00e9 lodenice nedod\u00e1vaj\u00fa s\u00e9riovo vyr\u00e1ban\u00fd tovar, ale ve\u013emi komplexn\u00e9 rie\u0161enia na mieru. Pr\u00e1ve preto s\u00fa pre n\u00e1morn\u00fd priemysel v bud\u00facnosti nepostr\u00e1date\u013en\u00e9.<\/p>\n<h2>Dopyt po kvalifikovanej pracovnej sile v nemeck\u00fdch lodeniciach<\/h2>\n<p>Vysok\u00e9 \u0161tandardy kvality a presnosti, ktor\u00e9 vy\u017eaduj\u00fa lodenice ako Meyer a L\u00fcrssen, si vy\u017eaduj\u00fa vysoko kvalifikovan\u00fdch odborn\u00edkov. Predov\u0161etk\u00fdm<span>\u00a0<\/span><a href=\"https:\/\/global-business-recruiting.de\/sk\/profesie\/schweisser\/\">Zv\u00e1ra\u010d<\/a>, mont\u00e9ri, elektrik\u00e1ri, mechanici, lodn\u00ed in\u017einieri, mana\u017e\u00e9ri stavieb a kontrol\u00f3ri kvality. Nedostatok kvalifikovanej pracovnej sily sa prejavuje aj v nemeck\u00fdch lodeniciach a \u010doraz d\u00f4le\u017eitej\u0161\u00edm rie\u0161en\u00edm sa st\u00e1va n\u00e1bor zo zahrani\u010dia, najm\u00e4 z v\u00fdchodnej Eur\u00f3py.<\/p>\n<p>Viac o kvalifikovanej pracovnej sile v lodiarstve:<span>\u00a0<\/span><a href=\"https:\/\/global-business-recruiting.de\/sk\/poznat\/lodiarske-sluzby\/\">Slu\u017eby a kvalifikovan\u00e1 pracovn\u00e1 sila v lodiarstve<\/a>.<\/p>\n<h2>\u010casto kladen\u00e9 ot\u00e1zky o nemeck\u00fdch lodeniciach a stavbe lod\u00ed<\/h2>\n<\/div><\/div><div class=\"w-separator size_small\"><\/div><div class=\"w-tabs style_default switch_click accordion type_togglable has_scrolling\" style=\"--sections-title-size:inherit\"><div class=\"w-tabs-sections titles-align_none icon_chevron cpos_right\"><div class=\"w-tabs-section\" id=\"cad8\" itemscope itemprop=\"mainEntity\" itemtype=\"https:\/\/schema.org\/Question\"><button class=\"w-tabs-section-header\" aria-controls=\"content-cad8\" aria-expanded=\"false\"><div class=\"w-tabs-section-title\" itemprop=\"name\">\u010c\u00edm je spolo\u010dnos\u0165 Meyer Werft tak\u00e1 v\u00fdnimo\u010dn\u00e1 v porovnan\u00ed s in\u00fdmi lodenicami?<\/div><div class=\"w-tabs-section-control\"><\/div><\/button><div  class=\"w-tabs-section-content\" id=\"content-cad8\" itemscope itemprop=\"acceptedAnswer\" itemtype=\"https:\/\/schema.org\/Answer\"><div class=\"w-tabs-section-content-h i-cf\" itemprop=\"text\"><div class=\"wpb_text_column\"><div class=\"wpb_wrapper\"><p>Spolo\u010dnos\u0165 Meyer Werft je zn\u00e1ma najm\u00e4 svojimi kryt\u00fdmi stavebn\u00fdmi dokami, ktor\u00e9 s\u00fa svetov\u00fdm unik\u00e1tom. Umo\u017e\u0148uj\u00fa celoro\u010dn\u00fa v\u00fdrobu bez oh\u013eadu na po\u010dasie a chr\u00e1nia citliv\u00e9 high-tech komponenty v\u00fdletn\u00fdch lod\u00ed. K tomu sa prid\u00e1va modul\u00e1rna kon\u0161trukcia s maxim\u00e1lnou vertik\u00e1lnou integr\u00e1ciou vo vlastn\u00fdch v\u00fdrobn\u00fdch zariadeniach spolo\u010dnosti.<\/p>\n<\/div><\/div><\/div><\/div><\/div><div class=\"w-tabs-section\" id=\"cb98\" itemscope itemprop=\"mainEntity\" itemtype=\"https:\/\/schema.org\/Question\"><button class=\"w-tabs-section-header\" aria-controls=\"content-cb98\" aria-expanded=\"false\"><div class=\"w-tabs-section-title\" itemprop=\"name\">Ak\u00e9 lode okrem j\u00e1cht stavia spolo\u010dnos\u0165 L\u00fcrssen?<\/div><div class=\"w-tabs-section-control\"><\/div><\/button><div  class=\"w-tabs-section-content\" id=\"content-cb98\" itemscope itemprop=\"acceptedAnswer\" itemtype=\"https:\/\/schema.org\/Answer\"><div class=\"w-tabs-section-content-h i-cf\" itemprop=\"text\"><div class=\"wpb_text_column\"><div class=\"wpb_wrapper\"><p>Okrem stavby j\u00e1cht je spolo\u010dnos\u0165 L\u00fcrssen akt\u00edvna aj v oblasti n\u00e1morn\u00fdch lod\u00ed. Spolo\u010dnos\u0165 stavia hliadkov\u00e9 \u010dlny, korvety a in\u00e9 \u0161pecializovan\u00e9 plavidl\u00e1 pre n\u00e1morn\u00e9 sily na celom svete. T\u00e1to dvojit\u00e1 odbornos\u0165 - stavba civiln\u00fdch luxusn\u00fdch lod\u00ed a vojensk\u00fdch n\u00e1morn\u00fdch plavidiel - rob\u00ed zo spolo\u010dnosti L\u00fcrssen jednu z najv\u0161estrannej\u0161\u00edch loden\u00edc v Nemecku.<\/p>\n<\/div><\/div><\/div><\/div><\/div><div class=\"w-tabs-section\" id=\"cc7b\" itemscope itemprop=\"mainEntity\" itemtype=\"https:\/\/schema.org\/Question\"><button class=\"w-tabs-section-header\" aria-controls=\"content-cc7b\" aria-expanded=\"false\"><div class=\"w-tabs-section-title\" itemprop=\"name\">Ko\u013eko loden\u00edc je v Nemecku?<\/div><div class=\"w-tabs-section-control\"><\/div><\/button><div  class=\"w-tabs-section-content\" id=\"content-cc7b\" itemscope itemprop=\"acceptedAnswer\" itemtype=\"https:\/\/schema.org\/Answer\"><div class=\"w-tabs-section-content-h i-cf\" itemprop=\"text\"><div class=\"wpb_text_column\"><div class=\"wpb_wrapper\"><p>Nemecko m\u00e1 nieko\u013eko desiatok akt\u00edvnych loden\u00edc, ktor\u00e9 sa s\u00fastre\u010fuj\u00fa najm\u00e4 na pobre\u017e\u00ed Severn\u00e9ho a Baltsk\u00e9ho mora a na riekach, ako s\u00fa Vezera, Labe a R\u00fdn. Najzn\u00e1mej\u0161ie lokality s\u00fa Hamburg, Br\u00e9my, Kiel, Rostock, Papenburg a Flensburg. Okrem ve\u013ek\u00fdch loden\u00edc tu p\u00f4sob\u00ed aj mno\u017estvo \u0161pecializovan\u00fdch stredne ve\u013ek\u00fdch spolo\u010dnost\u00ed.<\/p>\n<\/div><\/div><\/div><\/div><\/div><div class=\"w-tabs-section\" id=\"rd33\" itemscope itemprop=\"mainEntity\" itemtype=\"https:\/\/schema.org\/Question\"><button class=\"w-tabs-section-header\" aria-controls=\"content-rd33\" aria-expanded=\"false\"><div class=\"w-tabs-section-title\" itemprop=\"name\">Pre\u010do je stavba lod\u00ed pre Nemecko tak\u00e1 d\u00f4le\u017eit\u00e1 z hospod\u00e1rskeho h\u013eadiska?<\/div><div class=\"w-tabs-section-control\"><\/div><\/button><div  class=\"w-tabs-section-content\" id=\"content-rd33\" itemscope itemprop=\"acceptedAnswer\" itemtype=\"https:\/\/schema.org\/Answer\"><div class=\"w-tabs-section-content-h i-cf\" itemprop=\"text\"><div class=\"wpb_text_column\"><div class=\"wpb_wrapper\"><p>Nemeck\u00e9 lodiarstvo je d\u00f4le\u017eit\u00fdm priemyseln\u00fdm a v\u00fdvozn\u00fdm odvetv\u00edm. Priamo a nepriamo zabezpe\u010duje desa\u0165tis\u00edce pracovn\u00fdch miest, najm\u00e4 v \u0161truktur\u00e1lne slab\u00fdch pobre\u017en\u00fdch regi\u00f3noch. Nemeck\u00e9 lodenice s\u00fa technologick\u00fdmi l\u00eddrami v \u0161pecializovan\u00fdch oblastiach, ako je stavba v\u00fdletn\u00fdch lod\u00ed, n\u00e1morn\u00fdch plavidiel a luxusn\u00fdch j\u00e1cht - s primerane vysokou hodnotou exportu a medzin\u00e1rodnou reput\u00e1ciou.<\/p>\n<\/div><\/div><\/div><\/div><\/div><div class=\"w-tabs-section\" id=\"wdeb\" itemscope itemprop=\"mainEntity\" itemtype=\"https:\/\/schema.org\/Question\"><button class=\"w-tabs-section-header\" aria-controls=\"content-wdeb\" aria-expanded=\"false\"><div class=\"w-tabs-section-title\" itemprop=\"name\">Ako Global Business Recruiting podporuje lodenice pri h\u013eadan\u00ed zamestnancov?<\/div><div class=\"w-tabs-section-control\"><\/div><\/button><div  class=\"w-tabs-section-content\" id=\"content-wdeb\" itemscope itemprop=\"acceptedAnswer\" itemtype=\"https:\/\/schema.org\/Answer\"><div class=\"w-tabs-section-content-h i-cf\" itemprop=\"text\"><div class=\"wpb_text_column\"><div class=\"wpb_wrapper\"><p>Spolo\u010dnos\u0165 Global Business Recruiting umiest\u0148uje kvalifikovan\u00fdch odborn\u00edkov na stavbu lod\u00ed z v\u00fdchodnej Eur\u00f3py - vr\u00e1tane zv\u00e1ra\u010dov, mechanikov, elektrik\u00e1rov a in\u017einierov so sk\u00fasenos\u0165ami z loden\u00edc. V\u0161etci zamestnanci hovoria nemecky a maj\u00fa v\u0161etky potrebn\u00e9 doklady. Zvy\u010dajne s\u00fa pripraven\u00ed na nasadenie do jedn\u00e9ho a\u017e dvoch t\u00fd\u017ed\u0148ov.<\/p>\n<\/div><\/div><\/div><\/div><\/div><\/div><\/div><\/div><\/div><\/div><\/div><\/section>","protected":false},"excerpt":{"rendered":"Der deutsche\u00a0Schiffbau\u00a0genie\u00dft weltweit einen exzellenten Ruf. Moderne Technik, jahrzehntelange Erfahrung und eine klare Spezialisierung machen deutsche Werften zu gefragten Partnern im internationalen Schiffbau. Besonders deutlich wird das an zwei bekannten Beispielen: der Meyer Werft in Papenburg und der L\u00fcrssen Werft in Bremen. Sie stehen stellvertretend f\u00fcr typische deutsche Werften und zeigen, warum der Schiffbau in...","protected":false},"author":1,"featured_media":11153,"parent":9347,"menu_order":0,"comment_status":"closed","ping_status":"closed","template":"","meta":{"_acf_changed":false,"footnotes":""},"class_list":["post-9881","page","type-page","status-publish","has-post-thumbnail","hentry"],"acf":[],"_links":{"self":[{"href":"https:\/\/global-business-recruiting.de\/sk\/wp-json\/wp\/v2\/pages\/9881","targetHints":{"allow":["GET"]}}],"collection":[{"href":"https:\/\/global-business-recruiting.de\/sk\/wp-json\/wp\/v2\/pages"}],"about":[{"href":"https:\/\/global-business-recruiting.de\/sk\/wp-json\/wp\/v2\/types\/page"}],"author":[{"embeddable":true,"href":"https:\/\/global-business-recruiting.de\/sk\/wp-json\/wp\/v2\/users\/1"}],"replies":[{"embeddable":true,"href":"https:\/\/global-business-recruiting.de\/sk\/wp-json\/wp\/v2\/comments?post=9881"}],"version-history":[{"count":6,"href":"https:\/\/global-business-recruiting.de\/sk\/wp-json\/wp\/v2\/pages\/9881\/revisions"}],"predecessor-version":[{"id":11188,"href":"https:\/\/global-business-recruiting.de\/sk\/wp-json\/wp\/v2\/pages\/9881\/revisions\/11188"}],"up":[{"embeddable":true,"href":"https:\/\/global-business-recruiting.de\/sk\/wp-json\/wp\/v2\/pages\/9347"}],"wp:featuredmedia":[{"embeddable":true,"href":"https:\/\/global-business-recruiting.de\/sk\/wp-json\/wp\/v2\/media\/11153"}],"wp:attachment":[{"href":"https:\/\/global-business-recruiting.de\/sk\/wp-json\/wp\/v2\/media?parent=9881"}],"curies":[{"name":"wp","href":"https:\/\/api.w.org\/{rel}","templated":true}]}}