{"id":9889,"date":"2026-03-12T04:23:19","date_gmt":"2026-03-12T04:23:19","guid":{"rendered":"https:\/\/global-business-recruiting.de\/wissen\/rechtssichere-werkvertraege-was-sie-beim-abschluss-beachten-sollten\/"},"modified":"2026-03-29T13:10:09","modified_gmt":"2026-03-29T13:10:09","slug":"plat-elektrikara-dalsie-vzdelavanie","status":"publish","type":"page","link":"https:\/\/global-business-recruiting.de\/sk\/wissen\/elektriker-ausbildung-gehalt-weiterbildung\/","title":{"rendered":"Elektrik\u00e1r - \u0161kolenie, plat a \u010fal\u0161ie vzdel\u00e1vanie"},"content":{"rendered":"<section class=\"l-section wpb_row height_custom\"><div class=\"l-section-h i-cf\"><div class=\"g-cols vc_row via_grid cols_1 laptops-cols_inherit tablets-cols_inherit mobiles-cols_1 valign_top type_default stacking_default\"><div class=\"wpb_column vc_column_container\"><div class=\"vc_column-inner\"><div class=\"wpb_text_column\"><div class=\"wpb_wrapper\"><p>Elektrik\u00e1r - alebo \u00faradn\u00edk<span>\u00a0<\/span><strong>Technik elektronik pre energetiku a stavebn\u00e9 technol\u00f3gie<\/strong><span>\u00a0<\/span>- zabezpe\u010duj\u00fa bezpe\u010dn\u00fd tok elektriny, svietenie svetiel a fungovanie modern\u00fdch technol\u00f3gi\u00ed v ka\u017edodennom \u017eivote. Elektrik\u00e1ri s\u00fa vyh\u013ead\u00e1van\u00fdmi odborn\u00edkmi so \u0161irok\u00fdm spektrom uplatnenia, \u010di u\u017e ide o budovanie inteligentn\u00e9ho domu, in\u0161tal\u00e1ciu sol\u00e1rnych syst\u00e9mov alebo opravy v dom\u00e1cnosti. Pon\u00fakame preh\u013ead o odbornej pr\u00edprave, po\u017eiadavk\u00e1ch, platoch a mo\u017enostiach \u010fal\u0161ieho vzdel\u00e1vania.<\/p>\n<h2>\u0160kolenie elektrik\u00e1rov: proces a obsah<\/h2>\n<p>Ofici\u00e1lny pracovn\u00fd n\u00e1zov dnes znie<span>\u00a0<\/span><strong>Technik elektronik<\/strong>. Vzdel\u00e1vac\u00ed program sp\u00e1ja teoretick\u00e9 princ\u00edpy v odbornej \u0161kole s praktick\u00fdm obsahom v \u0161koliacej firme - hne\u010f od za\u010diatku spozn\u00e1te skuto\u010dn\u00fa pr\u00e1cu. Z\u00e1rove\u0148 je zabezpe\u010den\u00e1 \u0161tandardiz\u00e1cia vedomost\u00ed: Ide o teoretick\u00e9 z\u00e1klady, ktor\u00e9 mus\u00ed pozna\u0165 ka\u017ed\u00fd elektrik\u00e1r. Nech si vyberiete ak\u00fako\u013evek \u0161pecializ\u00e1ciu, od ka\u017ed\u00e9ho sa o\u010dak\u00e1va, \u017ee bude vedie\u0165 polo\u017ei\u0165 aspo\u0148 jeden k\u00e1bel a pripoji\u0165 jedno zariadenie.<\/p>\n<h3>Obdobie \u0161kolenia<\/h3>\n<p>Obdobie \u0161kolenia je vo v\u0161eobecnosti<span>\u00a0<\/span><strong>3,5 roka<\/strong>. V niektor\u00fdch \u0161pecializ\u00e1ci\u00e1ch je mo\u017en\u00e9 tento \u010das skr\u00e1ti\u0165, napr\u00edklad ak u\u017e m\u00e1te predch\u00e1dzaj\u00face vedomosti alebo v\u00fdnimo\u010dn\u00e9 schopnosti porozumenia.<\/p>\n<h3>Obsah \u0161kolenia<\/h3>\n<p>Po\u010das praxe sa okrem in\u00e9ho nau\u010d\u00edte: montova\u0165 a demontova\u0165 zostavy, mera\u0165 a po\u010d\u00edta\u0165 elektrick\u00e9 pr\u00fady, montova\u0165 rozv\u00e1dza\u010dov\u00e9 kombin\u00e1cie a skrine, vykon\u00e1va\u0165 a dokumentova\u0165 \u010fal\u0161ie slu\u017eby, vytv\u00e1ra\u0165 a realizova\u0165 pl\u00e1ny \u00faprav a roz\u0161\u00edrenia, testova\u0165 syst\u00e9my a bezpe\u010dnostn\u00e9 zariadenia, ako aj pl\u00e1nova\u0165 a navrhova\u0165 vlastn\u00e9 pracovn\u00e9 postupy a po\u010d\u00edta\u0165 ich pod\u013ea \u0161pecifik\u00e1ci\u00ed spolo\u010dnosti.<\/p>\n<h3>Predpoklady<\/h3>\n<p>Pre odborn\u00fa pr\u00edpravu neexistuje presn\u00e1 pr\u00e1vna \u00faprava. V praxi sa uk\u00e1zalo, \u017ee maturitn\u00e9 vysved\u010denie pon\u00faka lep\u0161ie mo\u017enosti. D\u00f4le\u017eitej\u0161ie ako form\u00e1lna kvalifik\u00e1cia s\u00fa dobr\u00e9 zn\u00e1mky z fyziky a matematiky, ako aj manu\u00e1lna zru\u010dnos\u0165 a skuto\u010dn\u00fd z\u00e1ujem o toto povolanie. Vzh\u013eadom na s\u00fa\u010dasn\u00fd nedostatok kvalifikovanej pracovnej sily mnoh\u00e9 podniky z\u00fafalo h\u013eadaj\u00fa u\u010d\u0148ov - ak m\u00e1te spr\u00e1vne z\u00e1ujmy a nieko\u013eko dobr\u00fdch zn\u00e1mok, mali by ste sa prihl\u00e1si\u0165. Priamy kontakt s po\u017eadovanou firmou - napr\u00edklad telefonicky - m\u00f4\u017ee by\u0165 \u00fa\u010dinnej\u0161\u00ed ako \u017eiadosti naslepo.<\/p>\n<h3>Odme\u0148ovanie po\u010das odbornej pr\u00edpravy<\/h3>\n<p>Po\u010das u\u010d\u0148ovskej pr\u00edpravy u\u017e vykon\u00e1vate pr\u00e1cu a dost\u00e1vate za \u0148u mzdu. Presn\u00e1 suma z\u00e1vis\u00ed od regi\u00f3nu a \u0161pecializ\u00e1cie - m\u00f4\u017eete v\u0161ak o\u010dak\u00e1va\u0165, \u017ee zarob\u00edte pribli\u017ene<span>\u00a0<\/span><strong>800 a\u017e 1 300 eur mesa\u010dne<\/strong><span>\u00a0<\/span>vypo\u010d\u00edta\u0165.<\/p>\n<h2>Plat elektrik\u00e1ra: ak\u00fd je re\u00e1lny?<\/h2>\n<p>Po skon\u010den\u00ed u\u010d\u0148ovskej pr\u00edpravy sa plat v\u00fdrazne zv\u00fd\u0161i - na viac ako dvojn\u00e1sobok u\u010d\u0148ovsk\u00e9ho platu, t. j. na viac ako 2 000 eur brutto mesa\u010dne. S mal\u00fdmi pracovn\u00fdmi sk\u00fasenos\u0165ami<span>\u00a0<\/span><strong>3 000 eur brutto<\/strong><span>\u00a0<\/span>mo\u017en\u00e9. Ka\u017ed\u00fd, kto sa osved\u010dil v tejto profesii po\u010das 10 rokov, m\u00f4\u017ee za\u010da\u0165 s pribli\u017ene<span>\u00a0<\/span><strong>3 600 eur brutto mesa\u010dne<\/strong><span>\u00a0<\/span>vypo\u010d\u00edta\u0165.<\/p>\n<p>Tieto \u00fadaje s\u00fa priemern\u00e9 hodnoty. Najvy\u0161\u0161ie platy m\u00f4\u017eu v s\u00fa\u010dasnosti o\u010dak\u00e1va\u0165 t\u00ed, ktor\u00ed pracuj\u00fa v Bavorsku, Hesensku alebo B\u00e1densku-W\u00fcrttembersku. Hoci ve\u013ek\u00e9 mest\u00e1 pon\u00fakaj\u00fa vy\u0161\u0161ie platy, maj\u00fa aj vy\u0161\u0161ie \u017eivotn\u00e9 n\u00e1klady. Pr\u00edjem m\u00f4\u017ee zv\u00fd\u0161i\u0165 aj pr\u00e1ca na zmeny, no\u010dn\u00e1 pr\u00e1ca a pr\u00edslu\u0161n\u00e9 pr\u00edplatky.<\/p>\n<p>Plat v\u0161ak mo\u017eno akt\u00edvne ovplyvni\u0165: Osobn\u00e1 iniciat\u00edva, anga\u017eovanos\u0165 a akt\u00edvne prij\u00edmanie \u00faloh zvy\u0161uj\u00fa va\u0161u vlastn\u00fa hodnotu v spolo\u010dnosti - a t\u00fdm aj va\u0161u vyjedn\u00e1vaciu poz\u00edciu.<\/p>\n<h2>\u010eal\u0161ie vzdel\u00e1vanie elektrik\u00e1rov: \u0161pecializ\u00e1cia a kari\u00e9ra<\/h2>\n<p>Po absolvovan\u00ed \u0161kolenia sa m\u00f4\u017eete \u010falej vzdel\u00e1va\u0165 r\u00f4znymi sp\u00f4sobmi. S<span>\u00a0<\/span><strong>\u0161t\u00e1tom certifikovan\u00fd technik<\/strong><span>\u00a0<\/span>m\u00f4\u017eete pracova\u0165 vo v\u00fdvoji, vies\u0165 t\u00edmy a pracova\u0165 ako projektov\u00fd mana\u017e\u00e9r v oblasti elektrotechniky. Na str\u00e1nke .<span>\u00a0<\/span><strong>Majster remeseln\u00edk<\/strong><span>\u00a0<\/span>poskytuje hlbok\u00e9 znalosti, umo\u017e\u0148uje v\u00e1m vy\u0161koli\u0165 vlastn\u00fdch u\u010d\u0148ov a zah\u0155\u0148a znalosti od riadenia podniku a\u017e po samostatn\u00fa z\u00e1robkov\u00fa \u010dinnos\u0165. A<span>\u00a0<\/span><strong>Univerzitn\u00e9 \u0161t\u00fadium<\/strong><span>\u00a0<\/span>je tie\u017e mo\u017en\u00e9 a otv\u00e1ra \u010fal\u0161ie kari\u00e9rne \u00farovne.<\/p>\n<p>\u0160pecializ\u00e1cia a \u010fal\u0161ie vzdel\u00e1vanie zni\u017euj\u00fa po\u010det konkurentov - dopyt po \u0161pecializovan\u00fdch zru\u010dnostiach sa zvy\u0161uje a platy sa m\u00f4\u017eu akt\u00edvne formova\u0165. Plat\u00ed to najm\u00e4 v elektrotechnike, kde pretrv\u00e1va nedostatok kvalifikovanej pracovnej sily.<\/p>\n<h2>Elektrik\u00e1ri ako subdod\u00e1vatelia alebo kvalifikovan\u00ed pracovn\u00edci zo zahrani\u010dia<\/h2>\n<p>Pre spolo\u010dnosti, ktor\u00e9 chc\u00fa zamestna\u0165 kvalifikovan\u00fdch elektrik\u00e1rov alebo elektronikov na kr\u00e1tkodob\u00fd alebo projektov\u00fd pracovn\u00fd pomer, pon\u00faka spolo\u010dnos\u0165 Global Business Recruiting sprostredkovanie kvalifikovan\u00fdch pracovn\u00edkov z in\u00fdch kraj\u00edn E\u00da - ako subdod\u00e1vate\u013eov na z\u00e1klade pracovnej zmluvy, ako aj prostredn\u00edctvom leg\u00e1lneho pren\u00e1jmu zamestnancov. Viac inform\u00e1ci\u00ed n\u00e1jdete v na\u0161om \u010dl\u00e1nku o<span>\u00a0<\/span><a href=\"https:\/\/global-business-recruiting.de\/sk\/poznat\/profesijne-uznanie-pre-elektrikarov-v-zahranici\/\">Uznanie odbornej sp\u00f4sobilosti pre elektrik\u00e1rov zo zahrani\u010dia<\/a>.<\/p>\n<h2>\u010casto kladen\u00e9 ot\u00e1zky t\u00fdkaj\u00face sa odbornej pr\u00edpravy a platu elektrik\u00e1ra<\/h2>\n<\/div><\/div><div class=\"w-separator size_small\"><\/div><div class=\"w-tabs style_default switch_click accordion type_togglable has_scrolling\" style=\"--sections-title-size:inherit\"><div class=\"w-tabs-sections titles-align_none icon_chevron cpos_right\"><div class=\"w-tabs-section\" id=\"f9b6\" itemscope itemprop=\"mainEntity\" itemtype=\"https:\/\/schema.org\/Question\"><button class=\"w-tabs-section-header\" aria-controls=\"content-f9b6\" aria-expanded=\"false\"><div class=\"w-tabs-section-title\" itemprop=\"name\">Ako dlho trv\u00e1 pr\u00edprava na povolanie elektrik\u00e1ra?<\/div><div class=\"w-tabs-section-control\"><\/div><\/button><div  class=\"w-tabs-section-content\" id=\"content-f9b6\" itemscope itemprop=\"acceptedAnswer\" itemtype=\"https:\/\/schema.org\/Answer\"><div class=\"w-tabs-section-content-h i-cf\" itemprop=\"text\"><div class=\"wpb_text_column\"><div class=\"wpb_wrapper\"><p>Pravideln\u00e1 odborn\u00e1 pr\u00edprava trv\u00e1 3,5 roka. Za ur\u010dit\u00fdch podmienok ju mo\u017eno skr\u00e1ti\u0165 - napr\u00edklad v pr\u00edpade predch\u00e1dzaj\u00facich znalost\u00ed alebo osobitn\u00fdch schopnost\u00ed.<\/p>\n<\/div><\/div><\/div><\/div><\/div><div class=\"w-tabs-section\" id=\"ca83\" itemscope itemprop=\"mainEntity\" itemtype=\"https:\/\/schema.org\/Question\"><button class=\"w-tabs-section-header\" aria-controls=\"content-ca83\" aria-expanded=\"false\"><div class=\"w-tabs-section-title\" itemprop=\"name\">Ko\u013eko v priemere zar\u00e1ba elektrik\u00e1r?<\/div><div class=\"w-tabs-section-control\"><\/div><\/button><div  class=\"w-tabs-section-content\" id=\"content-ca83\" itemscope itemprop=\"acceptedAnswer\" itemtype=\"https:\/\/schema.org\/Answer\"><div class=\"w-tabs-section-content-h i-cf\" itemprop=\"text\"><div class=\"wpb_text_column\"><div class=\"wpb_wrapper\"><p>Za\u010d\u00ednaj\u00faci zamestnanci zvy\u010dajne zar\u00e1baj\u00fa nie\u010do vy\u0161e 2 000 eur mesa\u010dne v hrubom. So sk\u00fasenos\u0165ami a \u0161pecializ\u00e1ciou je re\u00e1lne dosiahnu\u0165 3000 eur a viac. Po pribli\u017ene 10 rokoch odbornej praxe m\u00f4\u017eete o\u010dak\u00e1va\u0165 z\u00e1robok okolo 3 600 eur v hrubom mesa\u010dne - alebo viac v z\u00e1vislosti od regi\u00f3nu a spolo\u010dnosti.<\/p>\n<\/div><\/div><\/div><\/div><\/div><div class=\"w-tabs-section\" id=\"db4a\" itemscope itemprop=\"mainEntity\" itemtype=\"https:\/\/schema.org\/Question\"><button class=\"w-tabs-section-header\" aria-controls=\"content-db4a\" aria-expanded=\"false\"><div class=\"w-tabs-section-title\" itemprop=\"name\">Ak\u00e9 maturitn\u00e9 vysved\u010denie sa vy\u017eaduje na vyu\u010denie elektrik\u00e1ra?<\/div><div class=\"w-tabs-section-control\"><\/div><\/button><div  class=\"w-tabs-section-content\" id=\"content-db4a\" itemscope itemprop=\"acceptedAnswer\" itemtype=\"https:\/\/schema.org\/Answer\"><div class=\"w-tabs-section-content-h i-cf\" itemprop=\"text\"><div class=\"wpb_text_column\"><div class=\"wpb_wrapper\"><p>Neexistuj\u00fa \u017eiadne form\u00e1lne po\u017eiadavky. V praxi v\u0161ak va\u0161e \u0161ance v\u00fdrazne zvy\u0161uje maturitn\u00e9 vysved\u010denie. D\u00f4le\u017eitej\u0161ie ako diplom s\u00fa dobr\u00e9 zn\u00e1mky z fyziky a matematiky, ako aj z\u00e1ujem o remeslo a zru\u010dnosti.<\/p>\n<\/div><\/div><\/div><\/div><\/div><div class=\"w-tabs-section\" id=\"uc10\" itemscope itemprop=\"mainEntity\" itemtype=\"https:\/\/schema.org\/Question\"><button class=\"w-tabs-section-header\" aria-controls=\"content-uc10\" aria-expanded=\"false\"><div class=\"w-tabs-section-title\" itemprop=\"name\">M\u00e1 zmysel sa \u010falej vzdel\u00e1va\u0165 ako elektrik\u00e1r?<\/div><div class=\"w-tabs-section-control\"><\/div><\/button><div  class=\"w-tabs-section-content\" id=\"content-uc10\" itemscope itemprop=\"acceptedAnswer\" itemtype=\"https:\/\/schema.org\/Answer\"><div class=\"w-tabs-section-content-h i-cf\" itemprop=\"text\"><div class=\"wpb_text_column\"><div class=\"wpb_wrapper\"><p>\u00c1no, zvy\u010dajne ve\u013emi. \u0160t\u00e1tny certifik\u00e1t technika, titul majstra alebo titul zvy\u0161uje zodpovednos\u0165 aj dopyt po va\u0161ich vlastn\u00fdch zru\u010dnostiach - a t\u00fdm aj v\u00e1\u0161 plat. \u0160pecializ\u00e1cia je jednozna\u010dnou v\u00fdhodou, najm\u00e4 v \u010dase nedostatku kvalifikovan\u00fdch pracovn\u00edkov.<\/p>\n<\/div><\/div><\/div><\/div><\/div><div class=\"w-tabs-section\" id=\"xd06\" itemscope itemprop=\"mainEntity\" itemtype=\"https:\/\/schema.org\/Question\"><button class=\"w-tabs-section-header\" aria-controls=\"content-xd06\" aria-expanded=\"false\"><div class=\"w-tabs-section-title\" itemprop=\"name\">Kde elektrik\u00e1ri zar\u00e1baj\u00fa najviac?<\/div><div class=\"w-tabs-section-control\"><\/div><\/button><div  class=\"w-tabs-section-content\" id=\"content-xd06\" itemscope itemprop=\"acceptedAnswer\" itemtype=\"https:\/\/schema.org\/Answer\"><div class=\"w-tabs-section-content-h i-cf\" itemprop=\"text\"><div class=\"wpb_text_column\"><div class=\"wpb_wrapper\"><p>Platy elektrik\u00e1rov s\u00fa v s\u00fa\u010dasnosti najvy\u0161\u0161ie v Bavorsku, Hesensku a B\u00e1densku-W\u00fcrttembersku. Vy\u0161\u0161ie platy, ale aj vy\u0161\u0161ie \u017eivotn\u00e9 n\u00e1klady pon\u00fakaj\u00fa aj ve\u013ek\u00e9 mest\u00e1. Pr\u00edjem m\u00f4\u017ee zv\u00fd\u0161i\u0165 aj pr\u00e1ca na zmeny a no\u010dn\u00e1 pr\u00e1ca, ako aj pr\u00edplatky.<\/p>\n<div><\/div>\n<\/div><\/div><\/div><\/div><\/div><\/div><\/div><\/div><\/div><\/div><\/div><\/section>","protected":false},"excerpt":{"rendered":"Elektriker \u2013 oder offiziell\u00a0Elektroniker\/in f\u00fcr Energie- und Geb\u00e4udetechnik\u00a0\u2013 sorgen daf\u00fcr, dass Strom sicher flie\u00dft, Licht brennt und moderne Technik im Alltag funktioniert. Egal ob beim Bau eines Smart-Homes, der Installation von Solaranlagen oder bei Reparaturen im Haushalt: Elektriker sind gefragte Fachkr\u00e4fte mit vielf\u00e4ltigen Einsatzbereichen. Wir geben einen \u00dcberblick \u00fcber die Ausbildung, Voraussetzungen, Gehalt und Weiterbildungsm\u00f6glichkeiten....","protected":false},"author":1,"featured_media":11154,"parent":9347,"menu_order":0,"comment_status":"closed","ping_status":"closed","template":"","meta":{"_acf_changed":false,"footnotes":""},"class_list":["post-9889","page","type-page","status-publish","has-post-thumbnail","hentry"],"acf":[],"_links":{"self":[{"href":"https:\/\/global-business-recruiting.de\/sk\/wp-json\/wp\/v2\/pages\/9889","targetHints":{"allow":["GET"]}}],"collection":[{"href":"https:\/\/global-business-recruiting.de\/sk\/wp-json\/wp\/v2\/pages"}],"about":[{"href":"https:\/\/global-business-recruiting.de\/sk\/wp-json\/wp\/v2\/types\/page"}],"author":[{"embeddable":true,"href":"https:\/\/global-business-recruiting.de\/sk\/wp-json\/wp\/v2\/users\/1"}],"replies":[{"embeddable":true,"href":"https:\/\/global-business-recruiting.de\/sk\/wp-json\/wp\/v2\/comments?post=9889"}],"version-history":[{"count":5,"href":"https:\/\/global-business-recruiting.de\/sk\/wp-json\/wp\/v2\/pages\/9889\/revisions"}],"predecessor-version":[{"id":11186,"href":"https:\/\/global-business-recruiting.de\/sk\/wp-json\/wp\/v2\/pages\/9889\/revisions\/11186"}],"up":[{"embeddable":true,"href":"https:\/\/global-business-recruiting.de\/sk\/wp-json\/wp\/v2\/pages\/9347"}],"wp:featuredmedia":[{"embeddable":true,"href":"https:\/\/global-business-recruiting.de\/sk\/wp-json\/wp\/v2\/media\/11154"}],"wp:attachment":[{"href":"https:\/\/global-business-recruiting.de\/sk\/wp-json\/wp\/v2\/media?parent=9889"}],"curies":[{"name":"wp","href":"https:\/\/api.w.org\/{rel}","templated":true}]}}