{"id":9893,"date":"2026-03-12T04:27:09","date_gmt":"2026-03-12T04:27:09","guid":{"rendered":"https:\/\/global-business-recruiting.de\/wissen\/elektriker-ausbildung-gehalt-und-weiterbildung\/"},"modified":"2026-03-29T13:11:12","modified_gmt":"2026-03-29T13:11:12","slug":"subdodavatelska-zmluva-na-vystavbu","status":"publish","type":"page","link":"https:\/\/global-business-recruiting.de\/sk\/wissen\/bauvertrag-subunternehmer\/","title":{"rendered":"Zmluva o dielo: predpoklad pre pr\u00e1cu so subdod\u00e1vate\u013emi"},"content":{"rendered":"<section class=\"l-section wpb_row height_custom\"><div class=\"l-section-h i-cf\"><div class=\"g-cols vc_row via_grid cols_1 laptops-cols_inherit tablets-cols_inherit mobiles-cols_1 valign_top type_default stacking_default\"><div class=\"wpb_column vc_column_container\"><div class=\"vc_column-inner\"><div class=\"wpb_text_column\"><div class=\"wpb_wrapper\"><p>Pri pr\u00e1ci so subdod\u00e1vate\u013emi zohr\u00e1va hlavn\u00fa \u00falohu zmluva o dielo. Upravuje podmienky spolupr\u00e1ce: rozsah slu\u017eieb, term\u00edny, odmenu, ako aj pr\u00e1va a povinnosti oboch str\u00e1n - od \u0161pecifik\u00e1cie materi\u00e1lu a\u017e po lehoty na odstr\u00e1nenie nedostatkov. V tomto \u010dl\u00e1nku sa dozviete, \u010do presne je to zmluva o dielo, ak\u00e9 s\u00fa jej typy a \u010domu by ste mali venova\u0165 pozornos\u0165 pri spolupr\u00e1ci so subdod\u00e1vate\u013emi v stavebn\u00edctve.<\/p>\n<h2>\u010co je to zmluva o v\u00fdstavbe?<\/h2>\n<p>Zmluva o dielo je zmluva uzatvoren\u00e1 medzi objedn\u00e1vate\u013eom a subdod\u00e1vate\u013emi. Upravuje hlavn\u00e9 podmienky spolupr\u00e1ce: rozsah slu\u017eieb, \u010das stanoven\u00fd na poskytnutie slu\u017eieb a odmenu. Okrem toho sa v zmluve o dielo m\u00f4\u017eu stanovi\u0165 \u010fal\u0161ie pr\u00e1va a povinnosti oboch str\u00e1n - napr\u00edklad materi\u00e1ly, ktor\u00e9 sa maj\u00fa pou\u017ei\u0165, alebo jasne vymedzen\u00e9 lehoty na odstr\u00e1nenie nedostatkov.<\/p>\n<p>Zmluva o dielo zav\u00e4zuje subdod\u00e1vate\u013ea vykona\u0165 v\u0161etky dohodnut\u00e9 stavebn\u00e9 pr\u00e1ce odborne a v\u010das. Objedn\u00e1vate\u013e sa zasa zav\u00e4zuje zaplati\u0165 dohodnut\u00fa cenu v\u010das.<\/p>\n<h2>Ak\u00e9 s\u00fa typy zml\u00fav o v\u00fdstavbe?<\/h2>\n<p>Nie v\u0161etky stavebn\u00e9 zmluvy s\u00fa rovnak\u00e9. Rozli\u0161uje sa medzi<span>\u00a0<\/span><strong>Zmluvy BGB<\/strong><span>\u00a0<\/span>a<span>\u00a0<\/span><strong>Zmluvy VOB<\/strong>. Zmluvy BGB vych\u00e1dzaj\u00fa z nemeck\u00e9ho ob\u010dianskeho z\u00e1konn\u00edka a pou\u017e\u00edvaj\u00fa sa najm\u00e4 v s\u00fakromnej bytovej v\u00fdstavbe. Zmluvy VOB (nemeck\u00fd zmluvn\u00fd poriadok pre stavebn\u00edctvo) obsahuj\u00fa osobitn\u00e9 predpisy pre rie\u0161enie v\u00e1d a faktur\u00e1ciu a s\u00fa \u0161pecifickej\u0161ie prisp\u00f4soben\u00e9 pre komer\u010dn\u00e9 stavebn\u00e9 \u010dinnosti.<\/p>\n<p>Zmluvy VOB s\u00fa preto \u010dasto vhodnej\u0161\u00edm z\u00e1kladom pre pr\u00e1cu so subdod\u00e1vate\u013emi v komer\u010dnom sektore.<\/p>\n<h2>\u010co je d\u00f4le\u017eit\u00e9 pri pr\u00e1ci so subdod\u00e1vate\u013emi?<\/h2>\n<p>Zmluva o v\u00fdstavbe upravuje<span>\u00a0<\/span><em>\u010co<\/em>. Existuj\u00fa v\u0161ak aj \u010fal\u0161ie faktory, ktor\u00e9 s\u00fa pre bezprobl\u00e9mov\u00fa spolupr\u00e1cu k\u013e\u00fa\u010dov\u00e9:<\/p>\n<p><strong>Jasn\u00e1 komunik\u00e1cia:<\/strong><span>\u00a0<\/span>St\u00e1le kontakty a pravideln\u00e1 koordin\u00e1cia s\u00fa d\u00f4le\u017eit\u00e9, preto\u017ee stavebn\u00e9 projekty s\u00fa dynamick\u00e9 a situ\u00e1cia sa m\u00f4\u017ee v kr\u00e1tkom \u010dase zmeni\u0165.<\/p>\n<p><strong>Flexibilita a dodr\u017eiavanie term\u00ednov:<\/strong><span>\u00a0<\/span>Dobr\u00fd subdod\u00e1vate\u013e dok\u00e1\u017ee n\u00e1js\u0165 rovnov\u00e1hu medzi flexibilitou a dodr\u017eiavan\u00edm term\u00ednov stanoven\u00fdch v zmluve o dielo.<\/p>\n<p><strong>Kontrola kvality:<\/strong><span>\u00a0<\/span>Pr\u00e1ca subdod\u00e1vate\u013ea by sa mala kontrolova\u0165 v r\u00e1mci pravidelnej kontroly kvality, aby sa v\u010das rozpoznali pr\u00edpadn\u00e9 nedostatky.<\/p>\n<p>Pri dobre vypracovanej stavebnej zmluve a dodr\u017ean\u00ed t\u00fdchto r\u00e1mcov\u00fdch podmienok u\u017e ni\u010d nestoj\u00ed v ceste \u00faspe\u0161nej spolupr\u00e1ci so subdod\u00e1vate\u013emi v oblasti stavebn\u00edctva.<\/p>\n<h2>Do\u010dasn\u00e1 pr\u00e1ca v stavebn\u00edctve: na \u010do treba myslie\u0165?<\/h2>\n<p>\u010eal\u0161\u00edm sp\u00f4sobom z\u00edskavania kvalifikovan\u00fdch pracovn\u00edkov pre stavebn\u00e9 projekty je do\u010dasn\u00e1 pr\u00e1ca (l\u00edzing pracovnej sily). Ide o po\u017ei\u010diavanie pracovn\u00edkov z jednej spolo\u010dnosti do druhej na ur\u010dit\u00fd \u010das - napr\u00edklad do ukon\u010denia projektu. To umo\u017e\u0148uje spolo\u010dnostiam r\u00fdchlo a flexibilne nasadi\u0165 pracovn\u00fa silu, ktor\u00fa potrebuj\u00fa.<\/p>\n<p>Na do\u010dasn\u00fa pr\u00e1cu v stavebn\u00edctve sa v\u0161ak vz\u0165ahuje osobitn\u00e1 \u00faprava: je povolen\u00e1 len vtedy, ak naj\u00edmaj\u00faca a dod\u00e1vaj\u00faca spolo\u010dnos\u0165 p\u00f4sobia v stavebn\u00edctve. Obe musia by\u0165 z\u00e1rove\u0148 v tom istom stavebnom odvetv\u00ed. T\u00fdch je v stavebn\u00edctve \u0161es\u0165: demol\u00e1cie, stavebn\u00edctvo, v\u00fdstavba budov, le\u0161enie, pokr\u00fdva\u010dstvo a z\u00e1hradn\u00edctvo a ter\u00e9nne \u00fapravy.<\/p>\n<p>Presun zamestnancov je preto mo\u017en\u00fd len z jedn\u00e9ho odvetvia stavebn\u00edctva do druh\u00e9ho, z jedn\u00e9ho odvetvia demol\u00e1ci\u00ed do druh\u00e9ho at\u010f.<\/p>\n<p>Viac inform\u00e1ci\u00ed o rozdieloch medzi zmluvami o dielo a l\u00edzingom pracovnej sily v stavebn\u00edctve n\u00e1jdete v na\u0161om \u010dl\u00e1nku<span>\u00a0<\/span><a href=\"https:\/\/global-business-recruiting.de\/sk\/poznat\/prenajom-pracovnej-sily-vs-subdodavky\/\">Do\u010dasn\u00e9 zamestnanie vs. subdod\u00e1vky<\/a>.<\/p>\n<h2>\u010casto kladen\u00e9 ot\u00e1zky o zmluv\u00e1ch so subdod\u00e1vate\u013emi<\/h2>\n<\/div><\/div><div class=\"w-separator size_small\"><\/div><div class=\"w-tabs style_default switch_click accordion type_togglable has_scrolling\" style=\"--sections-title-size:inherit\"><div class=\"w-tabs-sections titles-align_none icon_chevron cpos_right\"><div class=\"w-tabs-section\" id=\"t304\" itemscope itemprop=\"mainEntity\" itemtype=\"https:\/\/schema.org\/Question\"><button class=\"w-tabs-section-header\" aria-controls=\"content-t304\" aria-expanded=\"false\"><div class=\"w-tabs-section-title\" itemprop=\"name\">Ak\u00fd je rozdiel medzi zmluvou o v\u00fdstavbe BGB a zmluvou VOB?<\/div><div class=\"w-tabs-section-control\"><\/div><\/button><div  class=\"w-tabs-section-content\" id=\"content-t304\" itemscope itemprop=\"acceptedAnswer\" itemtype=\"https:\/\/schema.org\/Answer\"><div class=\"w-tabs-section-content-h i-cf\" itemprop=\"text\"><div class=\"wpb_text_column\"><div class=\"wpb_wrapper\"><p>Zmluvy BGB vych\u00e1dzaj\u00fa z nemeck\u00e9ho ob\u010dianskeho z\u00e1konn\u00edka a pou\u017e\u00edvaj\u00fa sa najm\u00e4 v s\u00fakromnej bytovej v\u00fdstavbe. Zmluvy VOB (nemeck\u00e9 zmluvn\u00e9 postupy v stavebn\u00edctve) obsahuj\u00fa \u010fal\u0161ie, pre stavebn\u00edctvo \u0161pecifick\u00e9 predpisy o vad\u00e1ch, preberan\u00ed a faktur\u00e1cii a s\u00fa \u0161iroko pou\u017e\u00edvan\u00e9 v komer\u010dn\u00fdch stavebn\u00fdch \u010dinnostiach.<\/p>\n<\/div><\/div><\/div><\/div><\/div><div class=\"w-tabs-section\" id=\"n3dd\" itemscope itemprop=\"mainEntity\" itemtype=\"https:\/\/schema.org\/Question\"><button class=\"w-tabs-section-header\" aria-controls=\"content-n3dd\" aria-expanded=\"false\"><div class=\"w-tabs-section-title\" itemprop=\"name\">Ak\u00e9 povinnosti m\u00e1 subdod\u00e1vate\u013e pod\u013ea zmluvy o dielo?<\/div><div class=\"w-tabs-section-control\"><\/div><\/button><div  class=\"w-tabs-section-content\" id=\"content-n3dd\" itemscope itemprop=\"acceptedAnswer\" itemtype=\"https:\/\/schema.org\/Answer\"><div class=\"w-tabs-section-content-h i-cf\" itemprop=\"text\"><div class=\"wpb_text_column\"><div class=\"wpb_wrapper\"><p>Subdod\u00e1vate\u013e je povinn\u00fd vykona\u0165 v\u0161etky dohodnut\u00e9 stavebn\u00e9 pr\u00e1ce odborne a v\u010das. Objedn\u00e1vate\u013e je zasa povinn\u00fd v\u010das zaplati\u0165 dohodnut\u00fa cenu, ako aj poskytn\u00fa\u0165 potrebn\u00fa s\u00fa\u010dinnos\u0165, ktor\u00e1 umo\u017en\u00ed realiz\u00e1ciu.<\/p>\n<\/div><\/div><\/div><\/div><\/div><div class=\"w-tabs-section\" id=\"h4ad\" itemscope itemprop=\"mainEntity\" itemtype=\"https:\/\/schema.org\/Question\"><button class=\"w-tabs-section-header\" aria-controls=\"content-h4ad\" aria-expanded=\"false\"><div class=\"w-tabs-section-title\" itemprop=\"name\">Mus\u00ed by\u0165 zmluva o v\u00fdstavbe uzatvoren\u00e1 p\u00edsomne?<\/div><div class=\"w-tabs-section-control\"><\/div><\/button><div  class=\"w-tabs-section-content\" id=\"content-h4ad\" itemscope itemprop=\"acceptedAnswer\" itemtype=\"https:\/\/schema.org\/Answer\"><div class=\"w-tabs-section-content-h i-cf\" itemprop=\"text\"><div class=\"wpb_text_column\"><div class=\"wpb_wrapper\"><p>V z\u00e1sade neexistuje z\u00e1konn\u00e1 po\u017eiadavka na p\u00edsomn\u00fa formu. Z d\u00f4vodu pr\u00e1vnej istoty a preuk\u00e1zate\u013enosti - najm\u00e4 v pr\u00edpade n\u00e1rokov z v\u00e1d alebo sporov t\u00fdkaj\u00facich sa rozsahu slu\u017eieb a odmeny - sa v\u0161ak p\u00edsomn\u00e1 zmluva d\u00f4razne odpor\u00fa\u010da.<\/p>\n<\/div><\/div><\/div><\/div><\/div><div class=\"w-tabs-section\" id=\"m57d\" itemscope itemprop=\"mainEntity\" itemtype=\"https:\/\/schema.org\/Question\"><button class=\"w-tabs-section-header\" aria-controls=\"content-m57d\" aria-expanded=\"false\"><div class=\"w-tabs-section-title\" itemprop=\"name\">Je v stavebn\u00edctve povolen\u00e1 do\u010dasn\u00e1 pr\u00e1ca?<\/div><div class=\"w-tabs-section-control\"><\/div><\/button><div  class=\"w-tabs-section-content\" id=\"content-m57d\" itemscope itemprop=\"acceptedAnswer\" itemtype=\"https:\/\/schema.org\/Answer\"><div class=\"w-tabs-section-content-h i-cf\" itemprop=\"text\"><div class=\"wpb_text_column\"><div class=\"wpb_wrapper\"><p>\u00c1no, ale s obmedzeniami: Do\u010dasn\u00e1 pr\u00e1ca v stavebn\u00edctve je povolen\u00e1 len vtedy, ak naj\u00edmaj\u00faca aj naj\u00edmaj\u00faca spolo\u010dnos\u0165 p\u00f4sobia v stavebn\u00edctve a s\u00fa v rovnakej zo \u0161iestich tarifn\u00fdch oblast\u00ed stavebn\u00edctva (napr. stavebn\u00edctvo, v\u00fdstavba budov, demol\u00e1cie, le\u0161enie, pokr\u00fdvanie striech alebo z\u00e1hradn\u00edctvo a ter\u00e9nne \u00fapravy).<\/p>\n<\/div><\/div><\/div><\/div><\/div><div class=\"w-tabs-section\" id=\"h64b\" itemscope itemprop=\"mainEntity\" itemtype=\"https:\/\/schema.org\/Question\"><button class=\"w-tabs-section-header\" aria-controls=\"content-h64b\" aria-expanded=\"false\"><div class=\"w-tabs-section-title\" itemprop=\"name\">Ako n\u00e1js\u0165 spr\u00e1vneho subdod\u00e1vate\u013ea pre stavebn\u00fd projekt?<\/div><div class=\"w-tabs-section-control\"><\/div><\/button><div  class=\"w-tabs-section-content\" id=\"content-h64b\" itemscope itemprop=\"acceptedAnswer\" itemtype=\"https:\/\/schema.org\/Answer\"><div class=\"w-tabs-section-content-h i-cf\" itemprop=\"text\"><div class=\"wpb_text_column\"><div class=\"wpb_wrapper\"><p>Okrem sol\u00eddnej zmluvy o v\u00fdstavbe je rozhoduj\u00faca jasn\u00e1 komunik\u00e1cia, kontrola kvality a spo\u013eahlivos\u0165 z h\u013eadiska term\u00ednov. Spolo\u010dnos\u0165 Global Business Recruiting poskytuje sk\u00fasen\u00fdch subdod\u00e1vate\u013eov a kvalifikovan\u00fa pracovn\u00fa silu z in\u00fdch kraj\u00edn E\u00da pre stavebn\u00e9 projekty v Nemecku - r\u00fdchlo a s pr\u00e1vnou istotou.<\/p>\n<\/div><\/div><\/div><\/div><\/div><\/div><\/div><\/div><\/div><\/div><\/div><\/section>","protected":false},"excerpt":{"rendered":"Ein Bauvertrag spielt bei der Zusammenarbeit mit Subunternehmern eine zentrale Rolle. Er regelt die Bedingungen f\u00fcr die Zusammenarbeit: Leistungsumfang, Termine, Verg\u00fctung sowie Rechte und Pflichten beider Parteien \u2013 von der Materialvorgabe bis hin zu Fristen f\u00fcr die M\u00e4ngelbeseitigung. Was genau ein Bauvertrag ist, welche Arten es gibt und worauf Sie bei der Zusammenarbeit mit Subunternehmern...","protected":false},"author":1,"featured_media":11155,"parent":9347,"menu_order":0,"comment_status":"closed","ping_status":"closed","template":"","meta":{"_acf_changed":false,"footnotes":""},"class_list":["post-9893","page","type-page","status-publish","has-post-thumbnail","hentry"],"acf":[],"_links":{"self":[{"href":"https:\/\/global-business-recruiting.de\/sk\/wp-json\/wp\/v2\/pages\/9893","targetHints":{"allow":["GET"]}}],"collection":[{"href":"https:\/\/global-business-recruiting.de\/sk\/wp-json\/wp\/v2\/pages"}],"about":[{"href":"https:\/\/global-business-recruiting.de\/sk\/wp-json\/wp\/v2\/types\/page"}],"author":[{"embeddable":true,"href":"https:\/\/global-business-recruiting.de\/sk\/wp-json\/wp\/v2\/users\/1"}],"replies":[{"embeddable":true,"href":"https:\/\/global-business-recruiting.de\/sk\/wp-json\/wp\/v2\/comments?post=9893"}],"version-history":[{"count":6,"href":"https:\/\/global-business-recruiting.de\/sk\/wp-json\/wp\/v2\/pages\/9893\/revisions"}],"predecessor-version":[{"id":11185,"href":"https:\/\/global-business-recruiting.de\/sk\/wp-json\/wp\/v2\/pages\/9893\/revisions\/11185"}],"up":[{"embeddable":true,"href":"https:\/\/global-business-recruiting.de\/sk\/wp-json\/wp\/v2\/pages\/9347"}],"wp:featuredmedia":[{"embeddable":true,"href":"https:\/\/global-business-recruiting.de\/sk\/wp-json\/wp\/v2\/media\/11155"}],"wp:attachment":[{"href":"https:\/\/global-business-recruiting.de\/sk\/wp-json\/wp\/v2\/media?parent=9893"}],"curies":[{"name":"wp","href":"https:\/\/api.w.org\/{rel}","templated":true}]}}