{"id":9905,"date":"2026-03-12T09:38:50","date_gmt":"2026-03-12T09:38:50","guid":{"rendered":"https:\/\/global-business-recruiting.de\/wissen\/outsourcing-definition-vor-und-nachteile-und-die-beliebtesten-outsourcing-laender\/"},"modified":"2026-03-28T13:11:05","modified_gmt":"2026-03-28T13:11:05","slug":"vysielanie-subdodavatelov-do-celeho-sveta","status":"publish","type":"page","link":"https:\/\/global-business-recruiting.de\/sk\/wissen\/entsendung-subunternehmer-weltweit\/","title":{"rendered":"Celosvetov\u00e9 vysielanie subdod\u00e1vate\u013eov"},"content":{"rendered":"<section class=\"l-section wpb_row height_custom\"><div class=\"l-section-h i-cf\"><div class=\"g-cols vc_row via_grid cols_1 laptops-cols_inherit tablets-cols_inherit mobiles-cols_1 valign_top type_default stacking_default\"><div class=\"wpb_column vc_column_container\"><div class=\"vc_column-inner\"><div class=\"wpb_text_column\"><div class=\"wpb_wrapper\"><p>Glob\u00e1lne vysielanie subdod\u00e1vate\u013eov je pre spolo\u010dnosti, ktor\u00e9 chc\u00fa realizova\u0165 medzin\u00e1rodn\u00e9 projekty, \u010doraz d\u00f4le\u017eitej\u0161ie. Jasn\u00e9 po\u017eiadavky a normy s\u00fa nevyhnutn\u00e9 najm\u00e4 pri h\u013eadan\u00ed kompetentn\u00fdch partnerov z \u010ceskej republiky a Slovenska. V\u00fdhody spolupr\u00e1ce so spolo\u010dnos\u0165ami z t\u00fdchto kraj\u00edn spo\u010d\u00edvaj\u00fa v ich efekt\u00edvnosti a spo\u013eahlivosti. \u00daspe\u0161n\u00e9 partnerstvo si vy\u017eaduje otvoren\u00fa a efekt\u00edvnu komunik\u00e1ciu s cie\u013eom prekona\u0165 kult\u00farne rozdiely. Budovanie dlhodob\u00fdch partnerstiev, dodr\u017eiavanie \u0161tandardov kvality a udr\u017eate\u013en\u00e9 konanie - to s\u00fa k\u013e\u00fa\u010dov\u00e9 faktory pre situ\u00e1ciu, ktor\u00e1 je v\u00fdhodn\u00e1 pre v\u0161etky z\u00fa\u010dastnen\u00e9 strany.<\/p>\n<h2>Ak\u00fd v\u00fdznam m\u00e1 glob\u00e1lne vysielanie subdod\u00e1vate\u013eov?<\/h2>\n<p>Vysielanie subdod\u00e1vate\u013eov do cel\u00e9ho sveta je k\u013e\u00fa\u010dov\u00fdm krokom pre spolo\u010dnosti, ktor\u00e9 chc\u00fa realizova\u0165 medzin\u00e1rodn\u00e9 projekty. Napriek r\u00f4znemu p\u00f4vodu subdod\u00e1vate\u013eov je d\u00f4le\u017eit\u00e9 zachova\u0165 \u0161tandardy kvality a budova\u0165 dlhodob\u00e9 partnerstv\u00e1. V glob\u00e1lnom kontexte by sa mali zoh\u013eadni\u0165 aj trvalo udr\u017eate\u013en\u00e9 opatrenia, aby sa vytvorila situ\u00e1cia v\u00fdhodn\u00e1 pre v\u0161etky z\u00fa\u010dastnen\u00e9 strany. Medzin\u00e1rodn\u00e1 spolupr\u00e1ca s \u010desk\u00fdmi a slovensk\u00fdmi spolo\u010dnos\u0165ami preto m\u00f4\u017ee vies\u0165 k dlhodob\u00e9mu \u00faspechu.<\/p>\n<h2>Ak\u00e9 s\u00fa po\u017eiadavky na kompetentn\u00fdch subdod\u00e1vate\u013eov?<\/h2>\n<p>Pri h\u013eadan\u00ed kompetentn\u00fdch subdod\u00e1vate\u013eov z Po\u013eska, \u010ceskej republiky a Slovenska s\u00fa ve\u013emi d\u00f4le\u017eit\u00e9 ur\u010dit\u00e9 po\u017eiadavky. Okrem technick\u00fdch znalost\u00ed a sk\u00fasenost\u00ed<span>\u00a0<\/span><strong>spo\u013eahlivos\u0165<\/strong><span>\u00a0<\/span>rozhoduj\u00facim krit\u00e9riom. Subdod\u00e1vatelia musia by\u0165 schopn\u00ed pracova\u0165 flexibilne, presne a s oh\u013eadom na z\u00e1kazn\u00edka, aby sa zabezpe\u010dil hladk\u00fd priebeh medzin\u00e1rodn\u00fdch projektov. Okrem toho je nevyhnutn\u00e1 otvoren\u00e1 komunik\u00e1cia a schopnos\u0165 medzikult\u00farnej spolupr\u00e1ce.<\/p>\n<p>Spolo\u010dnosti by sa mali vedie\u0165 prisp\u00f4sobi\u0165 r\u00f4znym sp\u00f4sobom pr\u00e1ce a re\u0161pektova\u0165 kult\u00farne rozdiely. Partnerstvo rovnocenn\u00fdch partnerov je rovnako d\u00f4le\u017eit\u00e9 ako dodr\u017eiavanie noriem kvality a smern\u00edc na ochranu \u017eivotn\u00e9ho prostredia. Zoh\u013eadnen\u00edm t\u00fdchto po\u017eiadaviek mo\u017eno vytvori\u0165 dlhodob\u00e9 a \u00faspe\u0161n\u00e9 partnerstv\u00e1 s \u010desk\u00fdmi a slovensk\u00fdmi spolo\u010dnos\u0165ami, ktor\u00e9 bud\u00fa prospe\u0161n\u00e9 pre obe strany.<\/p>\n<h2>Ak\u00e9 s\u00fa v\u00fdhody spolupr\u00e1ce s \u010desk\u00fdmi a slovensk\u00fdmi spolo\u010dnos\u0165ami?<\/h2>\n<p>Spolupr\u00e1ca s \u010desk\u00fdmi a slovensk\u00fdmi spolo\u010dnos\u0165ami pon\u00faka pri medzin\u00e1rodn\u00fdch projektoch mno\u017estvo v\u00fdhod. Subdod\u00e1vatelia z \u010ceskej republiky a Slovenska s\u00fa v\u010faka svojej vysokej odbornej \u00farovni, spo\u013eahlivosti a efekt\u00edvnosti cenn\u00fdmi partnermi pre spolo\u010dnosti na celom svete. \u00dazka spolupr\u00e1ca umo\u017e\u0148uje nielen \u00faspe\u0161n\u00fa realiz\u00e1ciu projektov, ale podporuje aj kult\u00farnu v\u00fdmenu a vz\u00e1jomn\u00e9 porozumenie.<\/p>\n<p>Napriek r\u00f4znemu p\u00f4vodu sa dodr\u017eiavaj\u00fa normy a kontroly kvality, aby sa zaru\u010dila spokojnos\u0165 z\u00e1kazn\u00edkov. Efekt\u00edvna komunik\u00e1cia zohr\u00e1va rozhoduj\u00facu \u00falohu pri predch\u00e1dzan\u00ed nedorozumeniam a zabezpe\u010dovan\u00ed bezprobl\u00e9movej spolupr\u00e1ce. Dlhodob\u00e9 partnerstv\u00e1 s \u010desk\u00fdmi a slovensk\u00fdmi spolo\u010dnos\u0165ami pon\u00fakaj\u00fa mo\u017enos\u0165 trval\u00e9ho obchodn\u00e9ho vz\u0165ahu zalo\u017een\u00e9ho na d\u00f4vere, re\u0161pekte a spolo\u010dn\u00fdch cie\u013eoch.<\/p>\n<h2>Vyh\u013ead\u00e1vanie spo\u013eahliv\u00fdch partnerov pre medzin\u00e1rodn\u00e9 projekty<\/h2>\n<p>Pri vysielan\u00ed subdod\u00e1vate\u013eov z \u010ceskej republiky a Slovenska do cel\u00e9ho sveta je obzvl\u00e1\u0161\u0165 d\u00f4le\u017eit\u00e9 n\u00e1js\u0165 partnerov, ktor\u00ed s\u00fa spo\u013eahliv\u00ed a sp\u013a\u0148aj\u00fa vysok\u00e9 \u0161tandardy kvality. Po\u017eiadavky na kompetentn\u00fdch subdod\u00e1vate\u013eov z t\u00fdchto kraj\u00edn s\u00fa r\u00f4znorod\u00e9 - okrem technick\u00fdch znalost\u00ed hraj\u00fa d\u00f4le\u017eit\u00fa \u00falohu aj komunika\u010dn\u00e9 schopnosti a kult\u00farne porozumenie. Dlhodob\u00e9 partnerstvo mo\u017eno vytvori\u0165 len prostredn\u00edctvom efekt\u00edvnej komunik\u00e1cie a zoh\u013eadnenia kult\u00farnych rozdielov.<\/p>\n<p>Dodr\u017eiavanie kontrol kvality napriek r\u00f4znemu p\u00f4vodu subdod\u00e1vate\u013eov je nevyhnutn\u00e9. V kone\u010dnom d\u00f4sledku sa sna\u017e\u00edme o udr\u017eate\u013en\u00fa spolupr\u00e1cu, ktor\u00e1 prin\u00e1\u0161a nielen ekonomick\u00fd \u00faspech, ale podporuje aj ekologick\u00e9 spr\u00e1vanie.<\/p>\n<h2>Dlhodob\u00e9 partnerstv\u00e1 so spolo\u010dnos\u0165ami z \u010ceskej republiky a Slovenska<\/h2>\n<p>Dlhodob\u00e9 partnerstv\u00e1 so spolo\u010dnos\u0165ami z \u010ceskej republiky a Slovenska pon\u00fakaj\u00fa \u0161irok\u00e9 mo\u017enosti spolo\u010dn\u00e9ho rozvoja a dlhodob\u00e9ho \u00faspechu. Prostredn\u00edctvom \u00fazkej spolupr\u00e1ce mo\u017eno vyu\u017ei\u0165 nielen individu\u00e1lne siln\u00e9 str\u00e1nky jednotliv\u00fdch spolo\u010dnost\u00ed, ale existuje aj priestor pre inov\u00e1cie a spolo\u010dn\u00e9 projekty. Vz\u0165ah zalo\u017een\u00fd na partnerstve umo\u017e\u0148uje neust\u00e1lu v\u00fdmenu odborn\u00fdch znalost\u00ed a osved\u010den\u00fdch postupov, \u010do vedie k neust\u00e1lemu \u010fal\u0161iemu rozvoju na oboch stran\u00e1ch.<\/p>\n<p>D\u00f4veryhodn\u00e9 a dlhodob\u00e9 partnerstvo je zalo\u017een\u00e9 na vz\u00e1jomnom re\u0161pekte, jasn\u00fdch komunika\u010dn\u00fdch kan\u00e1loch a spolo\u010dnom ch\u00e1pan\u00ed cie\u013eov a hodn\u00f4t oboch spolo\u010dnost\u00ed. To umo\u017e\u0148uje vytv\u00e1ra\u0165 dlhodob\u00e9 partnerstv\u00e1, ktor\u00e9 s\u00fa nielen ekonomicky \u00faspe\u0161n\u00e9, ale aj udr\u017eate\u013en\u00e9 a inovat\u00edvne.<\/p>\n<p>Viac inform\u00e1ci\u00ed o pr\u00e1vnom r\u00e1mci vysielania zamestnancov do zahrani\u010dia n\u00e1jdete v na\u0161om \u010dl\u00e1nku o<span>\u00a0<\/span><a href=\"https:\/\/global-business-recruiting.de\/sk\/poznat\/certifikat-a1\/\">Certifik\u00e1t A1<\/a>.<\/p>\n<h2>\u010casto kladen\u00e9 ot\u00e1zky o celosvetovom vysielan\u00ed subdod\u00e1vate\u013eov<\/h2>\n<\/div><\/div><div class=\"w-separator size_small\"><\/div><div class=\"w-tabs style_default switch_click accordion type_togglable has_scrolling\" style=\"--sections-title-size:inherit\"><div class=\"w-tabs-sections titles-align_none icon_chevron cpos_right\"><div class=\"w-tabs-section\" id=\"uf01\" itemscope itemprop=\"mainEntity\" itemtype=\"https:\/\/schema.org\/Question\"><button class=\"w-tabs-section-header\" aria-controls=\"content-uf01\" aria-expanded=\"false\"><div class=\"w-tabs-section-title\" itemprop=\"name\">Pre\u010do je glob\u00e1lne vysielanie subdod\u00e1vate\u013eov \u010doraz d\u00f4le\u017eitej\u0161ie?<\/div><div class=\"w-tabs-section-control\"><\/div><\/button><div  class=\"w-tabs-section-content\" id=\"content-uf01\" itemscope itemprop=\"acceptedAnswer\" itemtype=\"https:\/\/schema.org\/Answer\"><div class=\"w-tabs-section-content-h i-cf\" itemprop=\"text\"><div class=\"wpb_text_column\"><div class=\"wpb_wrapper\"><p>Spolo\u010dnosti sa \u010doraz viac spoliehaj\u00fa na medzin\u00e1rodn\u00fdch subdod\u00e1vate\u013eov, aby z\u00edskali pr\u00edstup k \u0161pecializovan\u00fdm odborn\u00edkom, optimalizovali n\u00e1klady a efekt\u00edvne realizovali medzin\u00e1rodn\u00e9 projekty. Najm\u00e4 \u010desk\u00ed a slovensk\u00ed subdod\u00e1vatelia dosahuj\u00fa vysok\u00e9 sk\u00f3re v\u010faka svojej spo\u013eahlivosti, kvalite a bl\u00edzkosti k z\u00e1padoeur\u00f3pskym trhom.<\/p>\n<\/div><\/div><\/div><\/div><\/div><div class=\"w-tabs-section\" id=\"f003\" itemscope itemprop=\"mainEntity\" itemtype=\"https:\/\/schema.org\/Question\"><button class=\"w-tabs-section-header\" aria-controls=\"content-f003\" aria-expanded=\"false\"><div class=\"w-tabs-section-title\" itemprop=\"name\">Ak\u00e9 po\u017eiadavky musia subdod\u00e1vatelia sp\u013a\u0148a\u0165 pri medzin\u00e1rodn\u00fdch projektoch?<\/div><div class=\"w-tabs-section-control\"><\/div><\/button><div  class=\"w-tabs-section-content\" id=\"content-f003\" itemscope itemprop=\"acceptedAnswer\" itemtype=\"https:\/\/schema.org\/Answer\"><div class=\"w-tabs-section-content-h i-cf\" itemprop=\"text\"><div class=\"wpb_text_column\"><div class=\"wpb_wrapper\"><p>Okrem technick\u00fdch znalost\u00ed s\u00fa k\u013e\u00fa\u010dov\u00e9 spo\u013eahlivos\u0165, flexibilita, dochv\u00ed\u013enos\u0165 a orient\u00e1cia na z\u00e1kazn\u00edka. K tomu sa prid\u00e1vaj\u00fa komunika\u010dn\u00e9 zru\u010dnosti, medzikult\u00farne porozumenie a ochota dodr\u017eiava\u0165 normy kvality klienta a smernice na ochranu \u017eivotn\u00e9ho prostredia.<\/p>\n<\/div><\/div><\/div><\/div><\/div><div class=\"w-tabs-section\" id=\"l0d4\" itemscope itemprop=\"mainEntity\" itemtype=\"https:\/\/schema.org\/Question\"><button class=\"w-tabs-section-header\" aria-controls=\"content-l0d4\" aria-expanded=\"false\"><div class=\"w-tabs-section-title\" itemprop=\"name\">Ak\u00e9 s\u00fa v\u00fdhody subdod\u00e1vate\u013eov z \u010ceskej republiky a Slovenska?<\/div><div class=\"w-tabs-section-control\"><\/div><\/button><div  class=\"w-tabs-section-content\" id=\"content-l0d4\" itemscope itemprop=\"acceptedAnswer\" itemtype=\"https:\/\/schema.org\/Answer\"><div class=\"w-tabs-section-content-h i-cf\" itemprop=\"text\"><div class=\"wpb_text_column\"><div class=\"wpb_wrapper\"><p>Obe krajiny pon\u00fakaj\u00fa kvalifikovan\u00fdch odborn\u00edkov, vysok\u00fa \u00farove\u0148 spo\u013eahlivosti a kult\u00farnu bl\u00edzkos\u0165 z\u00e1padoeur\u00f3pskych spolo\u010dnost\u00ed. Geografick\u00e1 poloha umo\u017e\u0148uje kr\u00e1tke vzdialenosti a bezprobl\u00e9mov\u00fa komunik\u00e1ciu. Dlhodob\u00e9 partnerstv\u00e1 so spolo\u010dnos\u0165ami z t\u00fdchto kraj\u00edn s\u00fa udr\u017eate\u013en\u00e9 a ekonomicky v\u00fdhodn\u00e9 pre obe strany.<\/p>\n<\/div><\/div><\/div><\/div><\/div><div class=\"w-tabs-section\" id=\"p1a0\" itemscope itemprop=\"mainEntity\" itemtype=\"https:\/\/schema.org\/Question\"><button class=\"w-tabs-section-header\" aria-controls=\"content-p1a0\" aria-expanded=\"false\"><div class=\"w-tabs-section-title\" itemprop=\"name\">Ako mo\u017eno nadviaza\u0165 \u00faspe\u0161n\u00e9 dlhodob\u00e9 partnerstvo so zahrani\u010dn\u00fdmi subdod\u00e1vate\u013emi?<\/div><div class=\"w-tabs-section-control\"><\/div><\/button><div  class=\"w-tabs-section-content\" id=\"content-p1a0\" itemscope itemprop=\"acceptedAnswer\" itemtype=\"https:\/\/schema.org\/Answer\"><div class=\"w-tabs-section-content-h i-cf\" itemprop=\"text\"><div class=\"wpb_text_column\"><div class=\"wpb_wrapper\"><p>\u00daspe\u0161n\u00e9 partnerstv\u00e1 s\u00fa zalo\u017een\u00e9 na vz\u00e1jomnom re\u0161pekte, jasn\u00fdch komunika\u010dn\u00fdch kan\u00e1loch, spolo\u010dn\u00fdch cie\u013eoch a pravidelnej kontrole kvality. Kult\u00farne rozdiely by sa mali akt\u00edvne zoh\u013ead\u0148ova\u0165 a ch\u00e1pa\u0165 ako siln\u00e1 str\u00e1nka. Partnerstvo rovnocenn\u00fdch partnerov je rovnako d\u00f4le\u017eit\u00e9 ako zmluvn\u00e1 jednozna\u010dnos\u0165.<\/p>\n<\/div><\/div><\/div><\/div><\/div><div class=\"w-tabs-section\" id=\"b26d\" itemscope itemprop=\"mainEntity\" itemtype=\"https:\/\/schema.org\/Question\"><button class=\"w-tabs-section-header\" aria-controls=\"content-b26d\" aria-expanded=\"false\"><div class=\"w-tabs-section-title\" itemprop=\"name\">Ak\u00e9 dokumenty sa vy\u017eaduj\u00fa pri vysielan\u00ed subdod\u00e1vate\u013eov do zahrani\u010dia?<\/div><div class=\"w-tabs-section-control\"><\/div><\/button><div  class=\"w-tabs-section-content\" id=\"content-b26d\" itemscope itemprop=\"acceptedAnswer\" itemtype=\"https:\/\/schema.org\/Answer\"><div class=\"w-tabs-section-content-h i-cf\" itemprop=\"text\"><div class=\"wpb_text_column\"><div class=\"wpb_wrapper\"><p>Pri vysielan\u00ed zamestnancov v r\u00e1mci E\u00da je potvrdenie A1 povinn\u00e9 - dokazuje, \u017ee vyslan\u00fd zamestnanec podlieha odvodom soci\u00e1lneho zabezpe\u010denia v krajine p\u00f4vodu. V z\u00e1vislosti od cie\u013eovej krajiny sa m\u00f4\u017eu vy\u017eadova\u0165 \u010fal\u0161ie doklady. Spolo\u010dnos\u0165 Global Business Recruiting poskytuje podporu pri pr\u00edprave vyslania v s\u00falade s pr\u00e1vnymi predpismi.<\/p>\n<\/div><\/div><\/div><\/div><\/div><\/div><\/div><\/div><\/div><\/div><\/div><\/section>","protected":false},"excerpt":{"rendered":"Die weltweite Entsendung von Subunternehmern gewinnt f\u00fcr Unternehmen, die internationale Projekte realisieren m\u00f6chten, zunehmend an Bedeutung. Besonders bei der Suche nach kompetenten Partnern aus Tschechien und der Slowakei sind klare Anforderungen und Standards unerl\u00e4sslich. Die Vorteile einer Zusammenarbeit mit Firmen aus diesen L\u00e4ndern liegen in ihrer Effizienz und Zuverl\u00e4ssigkeit. Eine erfolgreiche Partnerschaft erfordert offene und...","protected":false},"author":1,"featured_media":10534,"parent":9347,"menu_order":0,"comment_status":"closed","ping_status":"closed","template":"","meta":{"_acf_changed":false,"footnotes":""},"class_list":["post-9905","page","type-page","status-publish","has-post-thumbnail","hentry"],"acf":[],"_links":{"self":[{"href":"https:\/\/global-business-recruiting.de\/sk\/wp-json\/wp\/v2\/pages\/9905","targetHints":{"allow":["GET"]}}],"collection":[{"href":"https:\/\/global-business-recruiting.de\/sk\/wp-json\/wp\/v2\/pages"}],"about":[{"href":"https:\/\/global-business-recruiting.de\/sk\/wp-json\/wp\/v2\/types\/page"}],"author":[{"embeddable":true,"href":"https:\/\/global-business-recruiting.de\/sk\/wp-json\/wp\/v2\/users\/1"}],"replies":[{"embeddable":true,"href":"https:\/\/global-business-recruiting.de\/sk\/wp-json\/wp\/v2\/comments?post=9905"}],"version-history":[{"count":6,"href":"https:\/\/global-business-recruiting.de\/sk\/wp-json\/wp\/v2\/pages\/9905\/revisions"}],"predecessor-version":[{"id":11183,"href":"https:\/\/global-business-recruiting.de\/sk\/wp-json\/wp\/v2\/pages\/9905\/revisions\/11183"}],"up":[{"embeddable":true,"href":"https:\/\/global-business-recruiting.de\/sk\/wp-json\/wp\/v2\/pages\/9347"}],"wp:featuredmedia":[{"embeddable":true,"href":"https:\/\/global-business-recruiting.de\/sk\/wp-json\/wp\/v2\/media\/10534"}],"wp:attachment":[{"href":"https:\/\/global-business-recruiting.de\/sk\/wp-json\/wp\/v2\/media?parent=9905"}],"curies":[{"name":"wp","href":"https:\/\/api.w.org\/{rel}","templated":true}]}}