{"id":9921,"date":"2026-03-12T12:38:45","date_gmt":"2026-03-12T12:38:45","guid":{"rendered":"https:\/\/global-business-recruiting.de\/wissen\/6-mythen-der-personalvermittlung-entlarvt-was-arbeitnehmer-wissen-sollten\/"},"modified":"2026-03-29T13:15:28","modified_gmt":"2026-03-29T13:15:28","slug":"prehlad-nemeckych-lodenic","status":"publish","type":"page","link":"https:\/\/global-business-recruiting.de\/sk\/wissen\/deutsche-werften-uebersicht\/","title":{"rendered":"Nemeck\u00e9 lodenice a ich \u0161pecializ\u00e1cie: Chrbtica nemeck\u00e9ho lodiarstva"},"content":{"rendered":"<section class=\"l-section wpb_row height_custom\"><div class=\"l-section-h i-cf\"><div class=\"g-cols vc_row via_grid cols_1 laptops-cols_inherit tablets-cols_inherit mobiles-cols_1 valign_top type_default stacking_default\"><div class=\"wpb_column vc_column_container\"><div class=\"vc_column-inner\"><div class=\"wpb_text_column\"><div class=\"wpb_wrapper\"><p>Nemeck\u00e9 lodiarstvo sa te\u0161\u00ed vynikaj\u00facej povesti na celom svete. Najm\u00e4 nemeck\u00e9 lodenice sa vyzna\u010duj\u00fa prec\u00edznos\u0165ou, technologickou dokonalos\u0165ou a \u0161pecializ\u00e1ciou na zlo\u017eit\u00e9 typy lod\u00ed. \u010ci u\u017e ide o vojensk\u00e9 lode, v\u00fdskumn\u00e9 plavidl\u00e1, \u0161pecializovan\u00e9 vozidl\u00e1 alebo luxusn\u00e9 jachty - Nemecko patr\u00ed k popredn\u00fdm krajin\u00e1m v oblasti stavby lod\u00ed vysokej kvality. V tomto \u010dl\u00e1nku sa podrobne pozrieme na najzn\u00e1mej\u0161ie nemeck\u00e9 lodenice a uk\u00e1\u017eeme, \u010d\u00edm vynikaj\u00fa na medzin\u00e1rodnej \u00farovni.<\/p>\n<h2>TKMS - Nemeck\u00e9 lodenice na stavbu vojensk\u00fdch lod\u00ed<\/h2>\n<p>Thyssenkrupp Marine Systems (TKMS) je jednou z najd\u00f4le\u017eitej\u0161\u00edch nemeck\u00fdch loden\u00edc v oblasti stavby vojensk\u00fdch lod\u00ed. Spolo\u010dnos\u0165 vyv\u00edja a stavia najmodernej\u0161ie ponorky a hladinov\u00e9 plavidl\u00e1 pre medzin\u00e1rodn\u00e9 n\u00e1morn\u00edctvo a nemeck\u00e9 ozbrojen\u00e9 sily.<\/p>\n<p>Najv\u00e4\u010d\u0161ia v\u00fdzva pri stavbe vojensk\u00fdch lod\u00ed spo\u010d\u00edva vo vyva\u017eovan\u00ed protichodn\u00fdch po\u017eiadaviek: lode by mali by\u0165 \u010do najkompaktnej\u0161ie, \u0165a\u017eko lokalizovate\u013en\u00e9 a n\u00e1kladovo efekt\u00edvne, ale z\u00e1rove\u0148 by mali ma\u0165 dlh\u00fd dolet, v\u00fdkonn\u00fa v\u00fdzbroj, modern\u00fa senzorov\u00fa techniku a vysok\u00fa bojov\u00fa odolnos\u0165. Pr\u00e1ve t\u00fato rovnov\u00e1hu TKMS ovl\u00e1da na najvy\u0161\u0161ej \u00farovni.<\/p>\n<p>Osobitn\u00fd d\u00f4raz sa kladie na konven\u010dn\u00e9 ponorky bez jadrov\u00e9ho pohonu a na viac\u00fa\u010delov\u00e9 hladinov\u00e9 plavidl\u00e1, ktor\u00e9 m\u00f4\u017eu operova\u0165 vo vzduchu, vo vode a pod vodou. Okrem samotnej lode TKMS dod\u00e1va kompletn\u00e9 syst\u00e9my - od zbra\u0148ov\u00fdch a velite\u013esk\u00fdch syst\u00e9mov a\u017e po obrann\u00e9 syst\u00e9my, \u00fadr\u017ebu, moderniz\u00e1ciu a prestavbu po\u010das cel\u00e9ho \u017eivotn\u00e9ho cyklu.<\/p>\n<h2>Fassmer Werft - rodinn\u00fd podnik s celosvetovou p\u00f4sobnos\u0165ou<\/h2>\n<p>Fassmer Werft je jednou z najtradi\u010dnej\u0161\u00edch nemeck\u00fdch loden\u00edc. T\u00e1to rodinn\u00e1 spolo\u010dnos\u0165 bola zalo\u017een\u00e1 v roku 1850, v s\u00fa\u010dasnosti p\u00f4sob\u00ed na medzin\u00e1rodnej \u00farovni a je zn\u00e1ma svojou inovat\u00edvnos\u0165ou. Fassmer sa \u0161pecializuje na stavbu \u0161peci\u00e1lnych lod\u00ed vr\u00e1tane v\u00fdskumn\u00fdch a expedi\u010dn\u00fdch lod\u00ed, trajektov a plavidiel na otvorenom mori, prieskumn\u00fdch j\u00e1cht, ako aj z\u00e1chrann\u00fdch, pracovn\u00fdch a z\u00e1sobovac\u00edch lod\u00ed.<\/p>\n<p>Spolo\u010dnos\u0165 vyr\u00e1ba aj komponenty pre vetern\u00e9 turb\u00edny a automobilov\u00fd priemysel. S viac ako 1 500 zamestnancami a v\u00fdrobn\u00fdmi z\u00e1vodmi v Nemecku, \u010c\u00edne, Po\u013esku a USA spolo\u010dnos\u0165 Fassmer v\u00fdrazne investuje do v\u00fdskumu a v\u00fdvoja. Kombin\u00e1cia v\u00fdroby lod\u00ed, technol\u00f3gie v\u00fdroby vl\u00e1kien, stroj\u00e1rstva a veternej energie vytv\u00e1ra siln\u00e9 synergick\u00e9 efekty.<\/p>\n<h2>Lodenice v Kieli - historick\u00e9 centrum nemeck\u00e9ho lodiarstva<\/h2>\n<p>Lodenice v Kieli s\u00fa \u00fazko sp\u00e4t\u00e9 s hist\u00f3riou nemeck\u00e9ho lodiarstva. Jej korene siahaj\u00fa k lodeniciam Howaldtswerke-Deutsche Werft (HDW) a Kaiserliche Werft Kiel - obom k\u013e\u00fa\u010dov\u00fdm hr\u00e1\u010dom v oblasti stavby vojensk\u00fdch lod\u00ed v Nemeckom cis\u00e1rstve.<\/p>\n<p>V s\u00fa\u010dasnosti je z\u00e1vod v Kiel-Gaardene s\u00fa\u010das\u0165ou spolo\u010dnosti TKMS a je jedn\u00fdm z najd\u00f4le\u017eitej\u0161\u00edch miest na stavbu vojensk\u00fdch plavidiel a ponoriek v Eur\u00f3pe. V\u010faka desa\u0165ro\u010diam sk\u00fasenost\u00ed a priemyselnej infra\u0161trukt\u00fare je Kiel strategick\u00fdm centrom nemeckej n\u00e1mornej lodiarskej v\u00fdroby.<\/p>\n<h2>\u010eal\u0161ie v\u00fdznamn\u00e9 nemeck\u00e9 lodenice a ich \u0161pecializ\u00e1cie<\/h2>\n<p>Okrem ve\u013ek\u00fdch firiem formuj\u00fa trh aj po\u010detn\u00e9 stredne ve\u013ek\u00e9 nemeck\u00e9 lodenice, ktor\u00e9 sa extr\u00e9mne \u0161pecializuj\u00fa:<\/p>\n<p><strong>Blohm + Voss (Hamburg)<\/strong><span>\u00a0<\/span>je zn\u00e1ma opravami, prestavbami a novostavbami v\u00fdletn\u00fdch lod\u00ed, luxusn\u00fdch liniek, vojensk\u00fdch plavidiel a v\u00fdskumn\u00fdch lod\u00ed.<\/p>\n<p><strong>Nemeck\u00e9 n\u00e1morn\u00e9 lodenice (Kiel\/Wilhelmshaven)<\/strong><span>\u00a0<\/span>zameriava sa na korvety, fregaty a z\u00e1sobovacie lode pre n\u00e1morn\u00edctvo, ako aj na stavbu trupov a zariaden\u00ed.<\/p>\n<p><strong>Abeking &amp; Rasmussen (Lemwerder)<\/strong><span>\u00a0<\/span>sa \u0161pecializuje na superjachty, v\u00fdskumn\u00e9 a expedi\u010dn\u00e9 plavidl\u00e1 vr\u00e1tane vysokokvalitn\u00e9ho interi\u00e9rov\u00e9ho vybavenia.<\/p>\n<p><strong>Lodenice Bardowick (L\u00fcbeck\/Rostock)<\/strong><span>\u00a0<\/span>stavia \u013eadoborce, remork\u00e9ry, z\u00e1chrann\u00e9 plavidl\u00e1 a podporn\u00e9 plavidl\u00e1 na mori.<\/p>\n<p><strong>Lodenice Hitzler (Lauenburg)<\/strong><span>\u00a0<\/span>sa zameriava na osobn\u00e9 lode, trajekty a plavidl\u00e1 vn\u00fatrozemskej plavby, ako aj na opravy a \u0161peci\u00e1lne prestavby.<\/p>\n<p>V\u00e4\u010d\u0161ina nemeck\u00fdch loden\u00edc zamestn\u00e1va od 50 do 1 000 \u013eud\u00ed a ro\u010dne vyrob\u00ed mal\u00fd po\u010det technicky ve\u013emi zlo\u017eit\u00fdch lod\u00ed. D\u00f4raz sa jednozna\u010dne kladie sk\u00f4r na kvalitu ako na masov\u00fa v\u00fdrobu.<\/p>\n<h2>Pre\u010do s\u00fa nemeck\u00e9 lodenice medzin\u00e1rodn\u00fdmi l\u00eddrami<\/h2>\n<p>Aby nemeck\u00e9 lodenice odolali glob\u00e1lnemu konkuren\u010dn\u00e9mu tlaku, stali sa vysoko \u0161pecializovan\u00fdmi. Namiesto masovej v\u00fdroby sa zameriavaj\u00fa na technologick\u00e9 prvenstvo, rie\u0161enia na mieru, vysok\u00e9 bezpe\u010dnostn\u00e9 a kvalitat\u00edvne normy a desa\u0165ro\u010dia sk\u00fasenost\u00ed. V\u010faka tejto strat\u00e9gii je nemeck\u00e1 lodiarska v\u00fdroba mimoriadne atrakt\u00edvna pre medzin\u00e1rodn\u00fdch klientov s vysok\u00fdmi n\u00e1rokmi.<\/p>\n<p>V prostred\u00ed nemeck\u00fdch loden\u00edc sa sp\u00e1jaj\u00fa celosvetovo uzn\u00e1van\u00e9 skupiny s vysoko \u0161pecializovan\u00fdmi rodinn\u00fdmi podnikmi. Ich dlhoro\u010dn\u00e1 trad\u00edcia spolu s inova\u010dnou silou a technickou dokonalos\u0165ou zaru\u010duj\u00fa, \u017ee nemeck\u00e9 lodiarstvo bude ma\u0165 aj v bud\u00facnosti siln\u00e9 postavenie v medzin\u00e1rodnej konkurencii.<\/p>\n<p>Preh\u013ead \u010fal\u0161\u00edch zn\u00e1mych loden\u00edc - vr\u00e1tane Meyer Werft a L\u00fcrssen - n\u00e1jdete v na\u0161om \u010dl\u00e1nku<span>\u00a0<\/span><a href=\"https:\/\/global-business-recruiting.de\/sk\/poznat\/nemecke-lodenice\/\">Nemeck\u00e9 lodiarstvo - typick\u00e9 lodenice<\/a>.<\/p>\n<h2>\u010casto kladen\u00e9 ot\u00e1zky o nemeck\u00fdch lodeniciach<\/h2>\n<\/div><\/div><div class=\"w-separator size_small\"><\/div><div class=\"w-tabs style_default switch_click accordion type_togglable has_scrolling\" style=\"--sections-title-size:inherit\"><div class=\"w-tabs-sections titles-align_none icon_chevron cpos_right\"><div class=\"w-tabs-section\" id=\"t3a6\" itemscope itemprop=\"mainEntity\" itemtype=\"https:\/\/schema.org\/Question\"><button class=\"w-tabs-section-header\" aria-controls=\"content-t3a6\" aria-expanded=\"false\"><div class=\"w-tabs-section-title\" itemprop=\"name\">Ktor\u00e9 nemeck\u00e9 lodenice s\u00fa obzvl\u00e1\u0161\u0165 zn\u00e1me?<\/div><div class=\"w-tabs-section-control\"><\/div><\/button><div  class=\"w-tabs-section-content\" id=\"content-t3a6\" itemscope itemprop=\"acceptedAnswer\" itemtype=\"https:\/\/schema.org\/Answer\"><div class=\"w-tabs-section-content-h i-cf\" itemprop=\"text\"><div class=\"wpb_text_column\"><div class=\"wpb_wrapper\"><p>Medzi najzn\u00e1mej\u0161ie nemeck\u00e9 lodenice patria TKMS (stavba vojensk\u00fdch lod\u00ed), Fassmer (\u0161pecializovan\u00e9 lode), Blohm + Voss (luxusn\u00e9 linkov\u00e9 a n\u00e1morn\u00e9 lode), German Naval Yards (korvety a fregaty) a Abeking &amp; Rasmussen (superjachty a expedi\u010dn\u00e9 lode). Meyer Werft a L\u00fcrssen s\u00fa \u010fal\u0161\u00edmi \u0165a\u017ek\u00fdmi v\u00e1hami.<\/p>\n<\/div><\/div><\/div><\/div><\/div><div class=\"w-tabs-section\" id=\"k47a\" itemscope itemprop=\"mainEntity\" itemtype=\"https:\/\/schema.org\/Question\"><button class=\"w-tabs-section-header\" aria-controls=\"content-k47a\" aria-expanded=\"false\"><div class=\"w-tabs-section-title\" itemprop=\"name\">Na \u010do sa \u0161pecializuj\u00fa nemeck\u00e9 lodenice?<\/div><div class=\"w-tabs-section-control\"><\/div><\/button><div  class=\"w-tabs-section-content\" id=\"content-k47a\" itemscope itemprop=\"acceptedAnswer\" itemtype=\"https:\/\/schema.org\/Answer\"><div class=\"w-tabs-section-content-h i-cf\" itemprop=\"text\"><div class=\"wpb_text_column\"><div class=\"wpb_wrapper\"><p>Nemeck\u00e9 lodenice sa zameriavaj\u00fa sk\u00f4r na kvalitu ako na masov\u00fa v\u00fdrobu. Medzi typick\u00e9 \u0161pecializ\u00e1cie patria vojensk\u00e9 ponorky a hladinov\u00e9 plavidl\u00e1, v\u00fdskumn\u00e9 a expedi\u010dn\u00e9 lode, luxusn\u00e9 jachty, v\u00fdletn\u00e9 lode, \u013eadoborce a podporn\u00e9 plavidl\u00e1 na mori. V\u00e4\u010d\u0161ina loden\u00edc sl\u00fa\u017ei \u00fazko vymedzen\u00e9mu trhu s najvy\u0161\u0161\u00edmi \u0161tandardmi kvality.<\/p>\n<\/div><\/div><\/div><\/div><\/div><div class=\"w-tabs-section\" id=\"y54b\" itemscope itemprop=\"mainEntity\" itemtype=\"https:\/\/schema.org\/Question\"><button class=\"w-tabs-section-header\" aria-controls=\"content-y54b\" aria-expanded=\"false\"><div class=\"w-tabs-section-title\" itemprop=\"name\">Ko\u013eko \u013eud\u00ed zamestn\u00e1vaj\u00fa nemeck\u00e9 lodenice?<\/div><div class=\"w-tabs-section-control\"><\/div><\/button><div  class=\"w-tabs-section-content\" id=\"content-y54b\" itemscope itemprop=\"acceptedAnswer\" itemtype=\"https:\/\/schema.org\/Answer\"><div class=\"w-tabs-section-content-h i-cf\" itemprop=\"text\"><div class=\"wpb_text_column\"><div class=\"wpb_wrapper\"><p>V\u00e4\u010d\u0161ina nemeck\u00fdch loden\u00edc sa vyzna\u010duje stredne ve\u013ek\u00fdmi spolo\u010dnos\u0165ami a zamestn\u00e1va od 50 do 1 000 \u013eud\u00ed. V\u00e4\u010d\u0161ie skupiny, ako napr\u00edklad TKMS alebo Fassmer, maj\u00fa viac ako 1 000 zamestnancov na viacer\u00fdch miestach po celom svete.<\/p>\n<\/div><\/div><\/div><\/div><\/div><div class=\"w-tabs-section\" id=\"m631\" itemscope itemprop=\"mainEntity\" itemtype=\"https:\/\/schema.org\/Question\"><button class=\"w-tabs-section-header\" aria-controls=\"content-m631\" aria-expanded=\"false\"><div class=\"w-tabs-section-title\" itemprop=\"name\">Pre\u010do s\u00fa nemeck\u00e9 lodenice medzin\u00e1rodne konkurencieschopn\u00e9?<\/div><div class=\"w-tabs-section-control\"><\/div><\/button><div  class=\"w-tabs-section-content\" id=\"content-m631\" itemscope itemprop=\"acceptedAnswer\" itemtype=\"https:\/\/schema.org\/Answer\"><div class=\"w-tabs-section-content-h i-cf\" itemprop=\"text\"><div class=\"wpb_text_column\"><div class=\"wpb_wrapper\"><p>Nemeck\u00e9 lodenice s\u00fa vysoko hodnoten\u00e9 v\u010faka technologick\u00e9mu prvenstvu, rie\u0161eniam na mieru, desa\u0165ro\u010diam sk\u00fasenost\u00ed a vysok\u00fdm \u0161tandardom kvality. Namiesto toho, aby sa zameriavali na objem, \u0161pecializuj\u00fa sa na ve\u013emi zlo\u017eit\u00e9 typy lod\u00ed, ktor\u00e9 s\u00fa \u017eiadan\u00e9 na celom svete.<\/p>\n<\/div><\/div><\/div><\/div><\/div><div class=\"w-tabs-section\" id=\"f70d\" itemscope itemprop=\"mainEntity\" itemtype=\"https:\/\/schema.org\/Question\"><button class=\"w-tabs-section-header\" aria-controls=\"content-f70d\" aria-expanded=\"false\"><div class=\"w-tabs-section-title\" itemprop=\"name\">Ktor\u00ed kvalifikovan\u00ed pracovn\u00edci s\u00fa v nemeckom lodiarstve mimoriadne \u017eiadan\u00ed?<\/div><div class=\"w-tabs-section-control\"><\/div><\/button><div  class=\"w-tabs-section-content\" id=\"content-f70d\" itemscope itemprop=\"acceptedAnswer\" itemtype=\"https:\/\/schema.org\/Answer\"><div class=\"w-tabs-section-content-h i-cf\" itemprop=\"text\"><div class=\"wpb_text_column\"><div class=\"wpb_wrapper\"><p>Lodiarsky priemysel h\u013ead\u00e1 predov\u0161etk\u00fdm zv\u00e1ra\u010dov, mont\u00e9rov, elektrik\u00e1rov, elektronikov, lodn\u00fdch in\u017einierov a \u0161pecialistov na \u00fadr\u017ebu a opravy. Spolo\u010dnos\u0165 Global Business Recruiting umiest\u0148uje kvalifikovan\u00fdch odborn\u00edkov z in\u00fdch kraj\u00edn E\u00da do loden\u00edc a spolo\u010dnost\u00ed s\u00favisiacich so stavbou lod\u00ed v Nemecku.<\/p>\n<\/div><\/div><\/div><\/div><\/div><\/div><\/div><\/div><\/div><\/div><\/div><\/section>","protected":false},"excerpt":{"rendered":"Der deutsche Schiffbau genie\u00dft weltweit einen exzellenten Ruf. Besonders deutsche Werften stehen f\u00fcr Pr\u00e4zision, technologische Exzellenz und Spezialisierung auf anspruchsvolle Schiffstypen. Ob Milit\u00e4rschiffe, Forschungsschiffe, Spezialfahrzeuge oder Luxusyachten \u2013 Deutschland z\u00e4hlt zu den f\u00fchrenden Nationen im hochwertigen Schiffbau. In diesem Artikel werfen wir einen detaillierten Blick auf die bekanntesten deutschen Werften und zeigen, wodurch sie sich...","protected":false},"author":1,"featured_media":11160,"parent":9347,"menu_order":0,"comment_status":"closed","ping_status":"closed","template":"","meta":{"_acf_changed":false,"footnotes":""},"class_list":["post-9921","page","type-page","status-publish","has-post-thumbnail","hentry"],"acf":[],"_links":{"self":[{"href":"https:\/\/global-business-recruiting.de\/sk\/wp-json\/wp\/v2\/pages\/9921","targetHints":{"allow":["GET"]}}],"collection":[{"href":"https:\/\/global-business-recruiting.de\/sk\/wp-json\/wp\/v2\/pages"}],"about":[{"href":"https:\/\/global-business-recruiting.de\/sk\/wp-json\/wp\/v2\/types\/page"}],"author":[{"embeddable":true,"href":"https:\/\/global-business-recruiting.de\/sk\/wp-json\/wp\/v2\/users\/1"}],"replies":[{"embeddable":true,"href":"https:\/\/global-business-recruiting.de\/sk\/wp-json\/wp\/v2\/comments?post=9921"}],"version-history":[{"count":6,"href":"https:\/\/global-business-recruiting.de\/sk\/wp-json\/wp\/v2\/pages\/9921\/revisions"}],"predecessor-version":[{"id":11179,"href":"https:\/\/global-business-recruiting.de\/sk\/wp-json\/wp\/v2\/pages\/9921\/revisions\/11179"}],"up":[{"embeddable":true,"href":"https:\/\/global-business-recruiting.de\/sk\/wp-json\/wp\/v2\/pages\/9347"}],"wp:featuredmedia":[{"embeddable":true,"href":"https:\/\/global-business-recruiting.de\/sk\/wp-json\/wp\/v2\/media\/11160"}],"wp:attachment":[{"href":"https:\/\/global-business-recruiting.de\/sk\/wp-json\/wp\/v2\/media?parent=9921"}],"curies":[{"name":"wp","href":"https:\/\/api.w.org\/{rel}","templated":true}]}}