{"id":9925,"date":"2026-03-12T12:49:00","date_gmt":"2026-03-12T12:49:00","guid":{"rendered":"https:\/\/global-business-recruiting.de\/wissen\/deutsche-werften-und-ihre-besonderheiten-das-rueckgrat-des-deutschen-schiffbaus\/"},"modified":"2026-03-29T13:17:54","modified_gmt":"2026-03-29T13:17:54","slug":"subdodavatelia-digitalizacie-vychodna-europa","status":"publish","type":"page","link":"https:\/\/global-business-recruiting.de\/sk\/wissen\/digitalisierung-subunternehmer-osteuropa\/","title":{"rendered":"D\u00f4sledky digitaliz\u00e1cie pre subdod\u00e1vate\u013eov z v\u00fdchodnej Eur\u00f3py"},"content":{"rendered":"<section class=\"l-section wpb_row height_custom\"><div class=\"l-section-h i-cf\"><div class=\"g-cols vc_row via_grid cols_1 laptops-cols_inherit tablets-cols_inherit mobiles-cols_1 valign_top type_default stacking_default\"><div class=\"wpb_column vc_column_container\"><div class=\"vc_column-inner\"><div class=\"wpb_text_column\"><div class=\"wpb_wrapper\"><p>V minulosti sa mnoh\u00e9 \u00falohy vykon\u00e1vali manu\u00e1lne, ale s n\u00e1stupom digit\u00e1lnych technol\u00f3gi\u00ed sa mnoh\u00e9 procesy automatizovali. To m\u00e1 pozit\u00edvne aj negat\u00edvne \u00fa\u010dinky. V posledn\u00fdch rokoch mala digitaliz\u00e1cia z\u00e1sadn\u00fd vplyv na r\u00f4zne odvetvia a obchodn\u00e9 modely na celom svete - a t\u00e1to zmena sa nedotkla ani subdod\u00e1vate\u013eov z v\u00fdchodnej Eur\u00f3py. Jedn\u00fdm z najvidite\u013enej\u0161\u00edch \u00fa\u010dinkov je zmena pracovn\u00fdch procesov: Na jednej strane automatiz\u00e1cia umo\u017e\u0148uje vykon\u00e1va\u0165 \u00falohy efekt\u00edvnej\u0161ie, \u010d\u00edm sa \u0161etr\u00ed \u010das a zdroje. Na druhej strane by automatiz\u00e1cia mohla sp\u00f4sobi\u0165, \u017ee niektor\u00e9 pracovn\u00e9 miesta sa stan\u00fa nadbyto\u010dn\u00fdmi - \u010do je v\u00fdzva, na ktor\u00fa musia by\u0165 v\u00fdchodoeur\u00f3pski subdod\u00e1vatelia pripraven\u00ed.<\/p>\n<h2>Digitaliz\u00e1cia a hospod\u00e1rska s\u00fa\u0165a\u017e na trhu: v\u00fdzvy a pr\u00edle\u017eitosti<\/h2>\n<p>\u010eal\u0161\u00edm d\u00f4le\u017eit\u00fdm aspektom je<span>\u00a0<\/span><strong>Zv\u00fd\u0161en\u00e1 konkurencia<\/strong>. Mo\u017enos\u0165 pon\u00faka\u0165 slu\u017eby a v\u00fdrobky online umo\u017e\u0148uje spolo\u010dnostiam z cel\u00e9ho sveta vst\u00fapi\u0165 na rovnak\u00fd trh. To znamen\u00e1, \u017ee subdod\u00e1vatelia z v\u00fdchodnej Eur\u00f3py nes\u00fa\u0165a\u017eia len s miestnymi konkurentmi, ale aj so spolo\u010dnos\u0165ami z in\u00fdch kraj\u00edn, ktor\u00e9 m\u00f4\u017eu ma\u0165 vyspelej\u0161ie technol\u00f3gie a zdroje.<\/p>\n<p>Napriek t\u00fdmto v\u00fdzvam pon\u00faka digitaliz\u00e1cia aj nov\u00e9 pr\u00edle\u017eitosti. Digit\u00e1lne platformy a trhovisk\u00e1 umo\u017e\u0148uj\u00fa subdod\u00e1vate\u013eom spr\u00edstupni\u0165 svoje slu\u017eby glob\u00e1lnemu publiku. Pomocou online marketingov\u00fdch strat\u00e9gi\u00ed m\u00f4\u017eu oslovi\u0165 potenci\u00e1lnych z\u00e1kazn\u00edkov na celom svete a v\u00fdrazne roz\u0161\u00edri\u0165 svoj dosah.<\/p>\n<p>Okrem toho m\u00f4\u017eu digit\u00e1lne n\u00e1stroje a technol\u00f3gie pom\u00f4c\u0165 optimalizova\u0165 podnikov\u00e9 procesy a zv\u00fd\u0161i\u0165 efektivitu - od softv\u00e9ru na riadenie projektov a\u017e po cloudov\u00e9 n\u00e1stroje na spolupr\u00e1cu - existuje mno\u017estvo rie\u0161en\u00ed na zlep\u0161enie pracovn\u00fdch postupov a zachovanie konkurencieschopnosti. Je v\u0161ak d\u00f4le\u017eit\u00e9 poznamena\u0165, \u017ee prechod na digitaliz\u00e1ciu nie je bez probl\u00e9mov.<\/p>\n<h2>Preh\u013ead d\u00f4sledkov digitaliz\u00e1cie pre subdod\u00e1vate\u013eov z v\u00fdchodnej Eur\u00f3py<\/h2>\n<p>V modernom pracovnom svete je digitaliz\u00e1cia hybnou silou, ktor\u00e1 men\u00ed mnoh\u00e9 odvetvia. Pre subdod\u00e1vate\u013eov z v\u00fdchodnej Eur\u00f3py m\u00e1 t\u00e1to zmena \u0161pecifick\u00e9 d\u00f4sledky, ktor\u00e9 pon\u00fakaj\u00fa v\u00fdzvy aj pr\u00edle\u017eitosti:<\/p>\n<p><strong>Pr\u00edstup na nov\u00e9 trhy:<\/strong><span>\u00a0<\/span>Digitaliz\u00e1cia u\u013eah\u010duje subdod\u00e1vate\u013eom z v\u00fdchodnej Eur\u00f3py pr\u00edstup na medzin\u00e1rodn\u00e9 trhy. Online platformy umo\u017e\u0148uj\u00fa pon\u00faka\u0165 slu\u017eby za geografick\u00fdmi hranicami, \u010do podporuje vysielanie subdod\u00e1vate\u013eov a roz\u0161iruje ich dosah na trh.<\/p>\n<p><strong>Zv\u00fd\u0161en\u00e1 konkurencieschopnos\u0165:<\/strong><span>\u00a0<\/span>Digit\u00e1lne n\u00e1stroje umo\u017e\u0148uj\u00fa subdod\u00e1vate\u013eom pracova\u0165 efekt\u00edvnej\u0161ie. Pou\u017e\u00edvanie modern\u00e9ho softv\u00e9ru na riadenie projektov, pl\u00e1novanie a komunik\u00e1ciu zvy\u0161uje produktivitu a efekt\u00edvnos\u0165, \u010d\u00edm sa vysielanie subdod\u00e1vate\u013eov z v\u00fdchodnej Eur\u00f3py st\u00e1va pre klientov atrakt\u00edvnej\u0161\u00edm.<\/p>\n<p><strong>Odborn\u00e1 pr\u00edprava a \u010fal\u0161ie vzdel\u00e1vanie:<\/strong><span>\u00a0<\/span>Digitaliz\u00e1cia si vy\u017eaduje nov\u00e9 zru\u010dnosti a kompetencie. Subdod\u00e1vatelia preto musia absolvova\u0165 nepretr\u017eit\u00e9 \u0161kolenia, aby dok\u00e1zali dr\u017ea\u0165 krok s technologick\u00fdm v\u00fdvojom. Online kurzy a virtu\u00e1lne vzdel\u00e1vacie programy maj\u00fa z\u00e1sadn\u00fd v\u00fdznam pre zlep\u0161enie zru\u010dnost\u00ed nasaden\u00fdch subdod\u00e1vate\u013eov.<\/p>\n<p><strong>Ochrana a bezpe\u010dnos\u0165 \u00fadajov:<\/strong><span>\u00a0<\/span>Rast\u00faca digitaliz\u00e1cia zvy\u0161uje aj riziko poru\u0161enia ochrany \u00fadajov. Subdod\u00e1vatelia musia by\u0165 schopn\u00ed zavies\u0165 vhodn\u00e9 opatrenia na ochranu citliv\u00fdch inform\u00e1ci\u00ed. Nasadenie subdod\u00e1vate\u013eov si preto vy\u017eaduje zv\u00fd\u0161en\u00e9 invest\u00edcie do IT bezpe\u010dnosti, aby sa zabezpe\u010dila d\u00f4vera a dodr\u017eiavanie predpisov.<\/p>\n<p><strong>Zmeny v pracovn\u00fdch vz\u0165ahoch:<\/strong><span>\u00a0<\/span>Digit\u00e1lne platformy menia sp\u00f4sob, ak\u00fdm subdod\u00e1vatelia prij\u00edmaj\u00fa a plnia objedn\u00e1vky. To m\u00f4\u017ee vies\u0165 k zmene tradi\u010dn\u00fdch pracovn\u00fdch vz\u0165ahov, ke\u010f priamu interakciu medzi klientom a subdod\u00e1vate\u013eom nahradia digit\u00e1lne rozhrania.<\/p>\n<p><strong>Pr\u00e1vne v\u00fdzvy:<\/strong><span>\u00a0<\/span>Nie v\u0161etci subdod\u00e1vatelia maj\u00fa potrebn\u00e9 technologick\u00e9 zdroje alebo odborn\u00e9 znalosti, aby mohli vyu\u017e\u00edva\u0165 v\u00fdhody digitaliz\u00e1cie (digit\u00e1lna priepas\u0165). Okrem toho m\u00f4\u017eu digit\u00e1lnu expanziu s\u0165a\u017eova\u0165 r\u00f4zne pr\u00e1vne r\u00e1mce v r\u00f4znych krajin\u00e1ch.<\/p>\n<p>Fraunhoferova \u0161t\u00fadia \u201eStav digitaliz\u00e1cie v stavebn\u00edctve\u201c (2023) ukazuje, ak\u00e9 d\u00f4le\u017eit\u00e9 je prisp\u00f4sobenie sa digit\u00e1lnym trendom pre konkurencieschopnos\u0165 subdod\u00e1vate\u013eov.<\/p>\n<h2>Z\u00e1ver: Vyu\u017eite pr\u00edle\u017eitosti, nevyh\u00fdbajte sa invest\u00edci\u00e1m<\/h2>\n<p>Flexibiln\u00e9 pracovn\u00e9 rie\u0161enia umo\u017e\u0148uj\u00fa spolo\u010dnostiam reagova\u0165 na sez\u00f3nne v\u00fdkyvy, po\u017eiadavky projektov alebo neo\u010dak\u00e1van\u00fd nedostatok zamestnancov. Digitaliz\u00e1cia prin\u00e1\u0161a pr\u00edle\u017eitosti aj v\u00fdzvy pre subdod\u00e1vate\u013eov z v\u00fdchodnej Eur\u00f3py. Umo\u017e\u0148uje t\u00fdmto spolo\u010dnostiam efekt\u00edvnej\u0161ie reagova\u0165 na po\u017eiadavky trhu a jednoduch\u0161ie pon\u00faka\u0165 svoje slu\u017eby prostredn\u00edctvom digit\u00e1lnych platforiem. Z\u00e1rove\u0148 si vy\u017eaduje invest\u00edcie do technol\u00f3gi\u00ed a \u0161kolenia zamestnancov, aby dok\u00e1zali dr\u017ea\u0165 krok s r\u00fdchlo sa meniacimi technologick\u00fdmi po\u017eiadavkami.<\/p>\n<p>Viac inform\u00e1ci\u00ed o integr\u00e1cii v\u00fdchodoeur\u00f3pskych subdod\u00e1vate\u013eov v s\u00falade s pr\u00e1vnymi predpismi n\u00e1jdete v na\u0161om \u010dl\u00e1nku<span>\u00a0<\/span><a href=\"https:\/\/global-business-recruiting.de\/sk\/poznat\/subdodavatelia-vychodna-europa-povinnosti\/\">Subdod\u00e1vatelia z v\u00fdchodnej Eur\u00f3py - povinnosti a predpisy<\/a>.<\/p>\n<h2>\u010casto kladen\u00e9 ot\u00e1zky o digitaliz\u00e1cii pre subdod\u00e1vate\u013eov z v\u00fdchodnej Eur\u00f3py<\/h2>\n<\/div><\/div><div class=\"w-separator size_small\"><\/div><div class=\"w-tabs style_default switch_click accordion type_togglable has_scrolling\" style=\"--sections-title-size:inherit\"><div class=\"w-tabs-sections titles-align_none icon_chevron cpos_right\"><div class=\"w-tabs-section\" id=\"s2d1\" itemscope itemprop=\"mainEntity\" itemtype=\"https:\/\/schema.org\/Question\"><button class=\"w-tabs-section-header\" aria-controls=\"content-s2d1\" aria-expanded=\"false\"><div class=\"w-tabs-section-title\" itemprop=\"name\">Ak\u00e9 pr\u00edle\u017eitosti pon\u00faka digitaliz\u00e1cia pre v\u00fdchodoeur\u00f3pskych subdod\u00e1vate\u013eov?<\/div><div class=\"w-tabs-section-control\"><\/div><\/button><div  class=\"w-tabs-section-content\" id=\"content-s2d1\" itemscope itemprop=\"acceptedAnswer\" itemtype=\"https:\/\/schema.org\/Answer\"><div class=\"w-tabs-section-content-h i-cf\" itemprop=\"text\"><div class=\"wpb_text_column\"><div class=\"wpb_wrapper\"><p>Digitaliz\u00e1cia poskytuje v\u00fdchodoeur\u00f3pskym subdod\u00e1vate\u013eom pr\u00edstup na medzin\u00e1rodn\u00e9 trhy prostredn\u00edctvom online platforiem, umo\u017e\u0148uje efekt\u00edvnej\u0161ie pracovn\u00e9 procesy prostredn\u00edctvom digit\u00e1lnych n\u00e1strojov a zvy\u0161uje vidite\u013enos\u0165 pre potenci\u00e1lnych klientov na celom svete. Dobre situovan\u00ed subdod\u00e1vatelia m\u00f4\u017eu prostredn\u00edctvom cielenej digitaliz\u00e1cie v\u00fdrazne zv\u00fd\u0161i\u0165 svoju konkuren\u010dn\u00fa v\u00fdhodu.<\/p>\n<\/div><\/div><\/div><\/div><\/div><div class=\"w-tabs-section\" id=\"n3b0\" itemscope itemprop=\"mainEntity\" itemtype=\"https:\/\/schema.org\/Question\"><button class=\"w-tabs-section-header\" aria-controls=\"content-n3b0\" aria-expanded=\"false\"><div class=\"w-tabs-section-title\" itemprop=\"name\">Ak\u00e9 rizik\u00e1 prin\u00e1\u0161a digitaliz\u00e1cia pre subdod\u00e1vate\u013eov?<\/div><div class=\"w-tabs-section-control\"><\/div><\/button><div  class=\"w-tabs-section-content\" id=\"content-n3b0\" itemscope itemprop=\"acceptedAnswer\" itemtype=\"https:\/\/schema.org\/Answer\"><div class=\"w-tabs-section-content-h i-cf\" itemprop=\"text\"><div class=\"wpb_text_column\"><div class=\"wpb_wrapper\"><p>Medzi hlavn\u00e9 rizik\u00e1 patr\u00ed zv\u00fd\u0161en\u00e1 medzin\u00e1rodn\u00e1 konkurencia, strata manu\u00e1lnych pracovn\u00fdch miest v d\u00f4sledku automatiz\u00e1cie, rast\u00face po\u017eiadavky na bezpe\u010dnos\u0165 IT a ochranu \u00fadajov a digit\u00e1lna priepas\u0165, t. j. nerovnak\u00e1 dostupnos\u0165 technol\u00f3gi\u00ed a odborn\u00fdch znalost\u00ed.<\/p>\n<\/div><\/div><\/div><\/div><\/div><div class=\"w-tabs-section\" id=\"e485\" itemscope itemprop=\"mainEntity\" itemtype=\"https:\/\/schema.org\/Question\"><button class=\"w-tabs-section-header\" aria-controls=\"content-e485\" aria-expanded=\"false\"><div class=\"w-tabs-section-title\" itemprop=\"name\">Ktor\u00e9 digit\u00e1lne n\u00e1stroje s\u00fa obzvl\u00e1\u0161\u0165 d\u00f4le\u017eit\u00e9 pre subdod\u00e1vate\u013eov?<\/div><div class=\"w-tabs-section-control\"><\/div><\/button><div  class=\"w-tabs-section-content\" id=\"content-e485\" itemscope itemprop=\"acceptedAnswer\" itemtype=\"https:\/\/schema.org\/Answer\"><div class=\"w-tabs-section-content-h i-cf\" itemprop=\"text\"><div class=\"wpb_text_column\"><div class=\"wpb_wrapper\"><p>Obzvl\u00e1\u0161\u0165 u\u017eito\u010dn\u00fd je softv\u00e9r na riadenie projektov (napr. na pl\u00e1novanie a spr\u00e1vu \u00faloh), cloudov\u00e9 n\u00e1stroje na spolupr\u00e1cu na komunik\u00e1ciu s klientmi a online marketingov\u00e9 n\u00e1stroje na z\u00edskavanie nov\u00fdch z\u00e1kazn\u00edkov. \u010coraz d\u00f4le\u017eitej\u0161ie s\u00fa aj platformy pre virtu\u00e1lne \u0161kolenia.<\/p>\n<\/div><\/div><\/div><\/div><\/div><div class=\"w-tabs-section\" id=\"z57f\" itemscope itemprop=\"mainEntity\" itemtype=\"https:\/\/schema.org\/Question\"><button class=\"w-tabs-section-header\" aria-controls=\"content-z57f\" aria-expanded=\"false\"><div class=\"w-tabs-section-title\" itemprop=\"name\">Ako digitaliz\u00e1cia men\u00ed pracovn\u00e9 vz\u0165ahy medzi klientmi a subdod\u00e1vate\u013emi?<\/div><div class=\"w-tabs-section-control\"><\/div><\/button><div  class=\"w-tabs-section-content\" id=\"content-z57f\" itemscope itemprop=\"acceptedAnswer\" itemtype=\"https:\/\/schema.org\/Answer\"><div class=\"w-tabs-section-content-h i-cf\" itemprop=\"text\"><div class=\"wpb_text_column\"><div class=\"wpb_wrapper\"><p>Digit\u00e1lne platformy \u010doraz viac nahr\u00e1dzaj\u00fa priamu osobn\u00fa interakciu. Objedn\u00e1vky sa zad\u00e1vaj\u00fa digit\u00e1lne, komunik\u00e1cia prebieha prostredn\u00edctvom digit\u00e1lnych rozhran\u00ed a kontrola kvality sa niekedy vykon\u00e1va na dia\u013eku. To si vy\u017eaduje prisp\u00f4sobenie a jasn\u00e9 zmluvn\u00e9 predpisy na oboch stran\u00e1ch.<\/p>\n<\/div><\/div><\/div><\/div><\/div><div class=\"w-tabs-section\" id=\"a64d\" itemscope itemprop=\"mainEntity\" itemtype=\"https:\/\/schema.org\/Question\"><button class=\"w-tabs-section-header\" aria-controls=\"content-a64d\" aria-expanded=\"false\"><div class=\"w-tabs-section-title\" itemprop=\"name\">Musia v\u00fdchodoeur\u00f3pski subdod\u00e1vatelia zv\u00e1\u017ei\u0165 osobitn\u00e9 pr\u00e1vne aspekty digitaliz\u00e1cie?<\/div><div class=\"w-tabs-section-control\"><\/div><\/button><div  class=\"w-tabs-section-content\" id=\"content-a64d\" itemscope itemprop=\"acceptedAnswer\" itemtype=\"https:\/\/schema.org\/Answer\"><div class=\"w-tabs-section-content-h i-cf\" itemprop=\"text\"><div class=\"wpb_text_column\"><div class=\"wpb_wrapper\"><p>\u00c1no - najm\u00e4 po\u017eiadavky na ochranu \u00fadajov (napr. GDPR pre cezhrani\u010dn\u00fa v\u00fdmenu \u00fadajov) a r\u00f4zne pr\u00e1vne r\u00e1mce v cie\u013eov\u00fdch krajin\u00e1ch m\u00f4\u017eu digit\u00e1lnu expanziu s\u0165a\u017eova\u0165. Odpor\u00fa\u010da sa pr\u00e1vne poradenstvo a zmluvn\u00e9 z\u00e1ruky.<\/p>\n<\/div><\/div><\/div><\/div><\/div><\/div><\/div><\/div><\/div><\/div><\/div><\/section>","protected":false},"excerpt":{"rendered":"Fr\u00fcher wurden viele Aufgaben manuell erledigt, aber mit dem Einzug digitaler Technologien haben sich viele Prozesse automatisiert. Das hat sowohl positive als auch negative Auswirkungen. Die Digitalisierung hat in den letzten Jahren einen tiefgreifenden Einfluss auf verschiedene Branchen und Gesch\u00e4ftsmodelle weltweit gehabt \u2013 und dieser Wandel hat auch Subunternehmer aus Osteuropa nicht unber\u00fchrt gelassen. Eine...","protected":false},"author":1,"featured_media":11161,"parent":9347,"menu_order":0,"comment_status":"closed","ping_status":"closed","template":"","meta":{"_acf_changed":false,"footnotes":""},"class_list":["post-9925","page","type-page","status-publish","has-post-thumbnail","hentry"],"acf":[],"_links":{"self":[{"href":"https:\/\/global-business-recruiting.de\/sk\/wp-json\/wp\/v2\/pages\/9925","targetHints":{"allow":["GET"]}}],"collection":[{"href":"https:\/\/global-business-recruiting.de\/sk\/wp-json\/wp\/v2\/pages"}],"about":[{"href":"https:\/\/global-business-recruiting.de\/sk\/wp-json\/wp\/v2\/types\/page"}],"author":[{"embeddable":true,"href":"https:\/\/global-business-recruiting.de\/sk\/wp-json\/wp\/v2\/users\/1"}],"replies":[{"embeddable":true,"href":"https:\/\/global-business-recruiting.de\/sk\/wp-json\/wp\/v2\/comments?post=9925"}],"version-history":[{"count":5,"href":"https:\/\/global-business-recruiting.de\/sk\/wp-json\/wp\/v2\/pages\/9925\/revisions"}],"predecessor-version":[{"id":11178,"href":"https:\/\/global-business-recruiting.de\/sk\/wp-json\/wp\/v2\/pages\/9925\/revisions\/11178"}],"up":[{"embeddable":true,"href":"https:\/\/global-business-recruiting.de\/sk\/wp-json\/wp\/v2\/pages\/9347"}],"wp:featuredmedia":[{"embeddable":true,"href":"https:\/\/global-business-recruiting.de\/sk\/wp-json\/wp\/v2\/media\/11161"}],"wp:attachment":[{"href":"https:\/\/global-business-recruiting.de\/sk\/wp-json\/wp\/v2\/media?parent=9925"}],"curies":[{"name":"wp","href":"https:\/\/api.w.org\/{rel}","templated":true}]}}