{"id":9929,"date":"2026-03-12T12:54:40","date_gmt":"2026-03-12T12:54:40","guid":{"rendered":"https:\/\/global-business-recruiting.de\/wissen\/folgen-der-digitalisierung-fuer-subunternehmer-aus-osteuropa\/"},"modified":"2026-03-28T13:10:35","modified_gmt":"2026-03-28T13:10:35","slug":"priprava-na-vyslanie-zamestnanca-do-zahranicia","status":"publish","type":"page","link":"https:\/\/global-business-recruiting.de\/sk\/wissen\/mitarbeiterentsendung-ausland-vorbereitung\/","title":{"rendered":"Pr\u00edprava na vyslanie zamestnanca do zahrani\u010dia: kroky a kult\u00farne v\u00fdzvy"},"content":{"rendered":"<section class=\"l-section wpb_row height_custom\"><div class=\"l-section-h i-cf\"><div class=\"g-cols vc_row via_grid cols_1 laptops-cols_inherit tablets-cols_inherit mobiles-cols_1 valign_top type_default stacking_default\"><div class=\"wpb_column vc_column_container\"><div class=\"vc_column-inner\"><div class=\"wpb_text_column\"><div class=\"wpb_wrapper\"><p>Pri vysielan\u00ed zamestnancov do zahrani\u010dia sa spolo\u010dnosti musia pripravi\u0165 na viacer\u00e9 probl\u00e9my. Ako sa m\u00f4\u017eete pripravi\u0165 na vysielanie zamestnancov do zahrani\u010dia? Ak\u00e9 s\u00fa kult\u00farne v\u00fdzvy? V tomto \u010dl\u00e1nku sa budeme venova\u0165 potrebn\u00fdm krokom pri vysielan\u00ed zamestnancov do zahrani\u010dia, ako aj mo\u017en\u00fdm kult\u00farnym v\u00fdzvam.<\/p>\n<h2>Ak\u00e9 kroky s\u00fa potrebn\u00e9 na vyslanie zamestnanca do zahrani\u010dia?<\/h2>\n<p>Pre \u00faspe\u0161n\u00e9 vyslanie zamestnanca do zahrani\u010dia je potrebn\u00e9 zv\u00e1\u017ei\u0165 nieko\u013eko d\u00f4le\u017eit\u00fdch krokov:<\/p>\n<p><strong>1. opr\u00e1vnenia a pr\u00e1vne aspekty:<\/strong><span>\u00a0<\/span>Je potrebn\u00e9 zabezpe\u010di\u0165, aby vyslan\u00ed zamestnanci mali potrebn\u00e9 v\u00edza a pracovn\u00e9 povolenia pre hostite\u013esk\u00fa krajinu. Je tie\u017e potrebn\u00e9 skontrolova\u0165 miestne z\u00e1kony a predpisy t\u00fdkaj\u00face sa zamestn\u00e1vania, dan\u00ed a soci\u00e1lneho zabezpe\u010denia.<\/p>\n<p><strong>2. v\u00fdber a pr\u00edprava zamestnancov:<\/strong><span>\u00a0<\/span>V\u00fdber vhodn\u00fdch zamestnancov na vyslanie do zahrani\u010dia si vy\u017eaduje, aby mali potrebn\u00e9 znalosti, zru\u010dnosti a vlastnosti. Na tento \u00fa\u010del musia zamestnanci absolvova\u0165 medzikult\u00farne \u0161kolenia a jazykov\u00e9 kurzy, ktor\u00e9 ich pripravia na nov\u00fa krajinu.<\/p>\n<p><strong>3. organiza\u010dn\u00e9 aspekty:<\/strong><span>\u00a0<\/span>To zah\u0155\u0148a zabezpe\u010denie ubytovania, dopravy a \u010fal\u0161\u00edch logistick\u00fdch aspektov pre zamestnancov v hostite\u013eskej krajine. Je tie\u017e potrebn\u00e9 zabezpe\u010di\u0165, aby zamestnanci zo zahrani\u010dia mali vhodn\u00e9 zdravotn\u00e9 poistenie a in\u00e9 poistn\u00e9 zmluvy.<\/p>\n<p>Tieto kroky s\u00fa nevyhnutn\u00e9 na zabezpe\u010denie \u00faspe\u0161n\u00e9ho a bezprobl\u00e9mov\u00e9ho vyslania zamestnancov do zahrani\u010dia.<\/p>\n<h2>Kult\u00farne v\u00fdzvy pri vysielan\u00ed zamestnancov do zahrani\u010dia<\/h2>\n<p><strong>Jazykov\u00e9 bari\u00e9ry:<\/strong><span>\u00a0<\/span>Jednou z najv\u00e4\u010d\u0161\u00edch v\u00fdziev pri vysielan\u00ed zamestnancov do zahrani\u010dia je jazykov\u00e1 bari\u00e9ra. Aj ke\u010f zamestnanci ovl\u00e1daj\u00fa jazyk hostite\u013eskej krajiny, region\u00e1lne dialekty alebo priemyseln\u00fd \u017earg\u00f3n m\u00f4\u017eu vies\u0165 k nedorozumeniam.<\/p>\n<p><strong>Kult\u00farne rozdiely:<\/strong><span>\u00a0<\/span>Ka\u017ed\u00e1 krajina m\u00e1 svoju vlastn\u00fa kult\u00faru a obchodn\u00e9 praktiky. Zamestnancov je potrebn\u00e9 upozorni\u0165 na mo\u017en\u00e9 rozdiely v komunik\u00e1cii, \u0161t\u00fdle vyjedn\u00e1vania, pr\u00edstupe k riadeniu a pracovnej etike.<\/p>\n<p><strong>Adapt\u00e1cia na nov\u00e9 prostredie:<\/strong><span>\u00a0<\/span>Prisp\u00f4sobenie sa nov\u00e9mu prostrediu a za\u010dlenenie sa do miestnej komunity m\u00f4\u017ee by\u0165 pre zamestnancov n\u00e1ro\u010dn\u00e9. Musia sa zozn\u00e1mi\u0165 s nov\u00fdm \u017eivotn\u00fdm \u0161t\u00fdlom, trad\u00edciami a stravou.<\/p>\n<p><strong>Rozvoj medzin\u00e1rodn\u00e9ho t\u00edmu:<\/strong><span>\u00a0<\/span>Vyslanie zamestnanca do zahrani\u010dia pon\u00faka pr\u00edle\u017eitos\u0165 vybudova\u0165 a posilni\u0165 medzin\u00e1rodn\u00fd t\u00edm. Expatrianti si roz\u0161iruj\u00fa svoje zru\u010dnosti spolupr\u00e1cou s miestnymi kolegami a vyu\u017e\u00edvaj\u00fa r\u00f4zne sk\u00fasenosti a perspekt\u00edvy - \u010do podporuje rast a rozvoj zamestnancov a spolo\u010dnosti.<\/p>\n<h2>\u010eal\u0161ie d\u00f4le\u017eit\u00e9 aspekty pri vysielan\u00ed zamestnancov do zahrani\u010dia<\/h2>\n<p>Okrem vy\u0161\u0161ie uveden\u00fdch krokov a kult\u00farnych v\u00fdziev existuj\u00fa aj \u010fal\u0161ie d\u00f4le\u017eit\u00e9 aspekty, ktor\u00e9 by sa mali zoh\u013eadni\u0165 po\u010das pr\u00edpravy:<\/p>\n<p><strong>Finan\u010dn\u00e9 aspekty:<\/strong><span>\u00a0<\/span>Je potrebn\u00e9 zoh\u013eadni\u0165 \u00fapravy platov, menov\u00e9 rozdiely, dane a pr\u00edpadn\u00e9 vy\u0161\u0161ie \u017eivotn\u00e9 n\u00e1klady v hostite\u013eskej krajine.<\/p>\n<p><strong>Zdravie a bezpe\u010dnos\u0165:<\/strong><span>\u00a0<\/span>Spolo\u010dnosti by sa mali informova\u0165 o bezpe\u010dnostn\u00fdch rizik\u00e1ch, politickej stabilite, zdravotnej starostlivosti a zdravotnom poisten\u00ed svojich zamestnancov.<\/p>\n<p><strong>Komunik\u00e1cia a technol\u00f3gie:<\/strong><span>\u00a0<\/span>Zamestnanci potrebuj\u00fa pr\u00edstup k efekt\u00edvnym komunika\u010dn\u00fdm kan\u00e1lom a potrebn\u00fdm technol\u00f3gi\u00e1m v hostite\u013eskej krajine.<\/p>\n<p><strong>Pracovn\u00e9 podmienky a soci\u00e1lne v\u00fdhody:<\/strong><span>\u00a0<\/span>Je potrebn\u00e9 zoh\u013eadni\u0165 pracovn\u00e9 podmienky, pracovn\u00fd \u010das, dovolenkov\u00e9 podmienky a in\u00e9 soci\u00e1lne v\u00fdhody v hostite\u013eskej krajine.<\/p>\n<p><strong>Kult\u00farna integr\u00e1cia:<\/strong><span>\u00a0<\/span>Spolo\u010dnosti by mali pom\u00e1ha\u0165 zamestnancom pri kult\u00farnej integr\u00e1cii poskytovan\u00edm \u0161kolen\u00ed a usmernen\u00ed, aby sa predi\u0161lo kult\u00farnym nedorozumeniam. Pravideln\u00e9 stretnutia so sp\u00e4tnou v\u00e4zbou pom\u00e1haj\u00fa v\u010das rozpozna\u0165 a vyrie\u0161i\u0165 ak\u00e9ko\u013evek probl\u00e9my s prisp\u00f4soben\u00edm.<\/p>\n<p>Komplexn\u00e1 pr\u00edprava a neust\u00e1la podpora s\u00fa k\u013e\u00fa\u010dov\u00e9 pre \u00faspe\u0161n\u00e9 vyslanie do zahrani\u010dia - prin\u00e1\u0161aj\u00fa v\u00fdhody pre firmu aj zamestnancov.<\/p>\n<h2>\u0160t\u00fadia Statista o medzin\u00e1rodnom vysielan\u00ed zamestnancov<\/h2>\n<p>\u0160t\u00fadia spolo\u010dnosti Statista objas\u0148uje zmeny v riaden\u00ed pride\u013eovania zamestnancov a pon\u00faka poznatky o tom, ako m\u00f4\u017eu spolo\u010dnosti \u00faspe\u0161ne pride\u013eova\u0165, rozv\u00edja\u0165 a udr\u017ea\u0165 si svojich zamestnancov. \u0160t\u00fadia sa zaober\u00e1 riaden\u00edm zamestnancov v glob\u00e1lnych organiz\u00e1ci\u00e1ch a uskuto\u010dnila prieskum v 200 medzin\u00e1rodn\u00fdch spolo\u010dnostiach v Nemecku s cie\u013eom pochopi\u0165 v\u00fdznam medzin\u00e1rodn\u00fdch pridelen\u00ed a to, ako spolo\u010dnosti rie\u0161ia s\u00favisiace v\u00fdzvy. V\u00fdsledky sa zameriavaj\u00fa na efekt\u00edvnos\u0165 a organiz\u00e1ciu riadenia expatriantov, v\u00fdznam medzikult\u00farnych kompetenci\u00ed a \u00falohu expatri\u00e1cie v kari\u00e9rnom raste.<\/p>\n<p>D\u00f4le\u017eit\u00e9 doklady pre vyslanie v r\u00e1mci E\u00da - najm\u00e4 osved\u010denie A1 - s\u00fa uveden\u00e9 v na\u0161om \u010dl\u00e1nku<span>\u00a0<\/span><a href=\"https:\/\/global-business-recruiting.de\/sk\/poznat\/certifikat-a1\/\">Certifik\u00e1t A1<\/a><span>\u00a0<\/span>podrobne op\u00edsan\u00e9.<\/p>\n<h2>\u010casto kladen\u00e9 ot\u00e1zky o vysielan\u00ed zamestnancov do zahrani\u010dia<\/h2>\n<\/div><\/div><div class=\"w-separator size_small\"><\/div><div class=\"w-tabs style_default switch_click accordion type_togglable has_scrolling\" style=\"--sections-title-size:inherit\"><div class=\"w-tabs-sections titles-align_none icon_chevron cpos_right\"><div class=\"w-tabs-section\" id=\"j73a\" itemscope itemprop=\"mainEntity\" itemtype=\"https:\/\/schema.org\/Question\"><button class=\"w-tabs-section-header\" aria-controls=\"content-j73a\" aria-expanded=\"false\"><div class=\"w-tabs-section-title\" itemprop=\"name\">Ak\u00e9 pr\u00e1vne kroky je potrebn\u00e9 objasni\u0165 pred vyslan\u00edm zamestnanca?<\/div><div class=\"w-tabs-section-control\"><\/div><\/button><div  class=\"w-tabs-section-content\" id=\"content-j73a\" itemscope itemprop=\"acceptedAnswer\" itemtype=\"https:\/\/schema.org\/Answer\"><div class=\"w-tabs-section-content-h i-cf\" itemprop=\"text\"><div class=\"wpb_text_column\"><div class=\"wpb_wrapper\"><p>Pred vyslan\u00edm je potrebn\u00e9 z\u00edska\u0165 v\u00edza a pracovn\u00e9 povolenia pre hostite\u013esk\u00fa krajinu. Okrem toho je potrebn\u00e9 skontrolova\u0165 miestne z\u00e1kony t\u00fdkaj\u00face sa zamestn\u00e1vania, dan\u00ed a soci\u00e1lneho zabezpe\u010denia. V r\u00e1mci E\u00da je povinn\u00e9 aj osved\u010denie A1.<\/p>\n<\/div><\/div><\/div><\/div><\/div><div class=\"w-tabs-section\" id=\"c815\" itemscope itemprop=\"mainEntity\" itemtype=\"https:\/\/schema.org\/Question\"><button class=\"w-tabs-section-header\" aria-controls=\"content-c815\" aria-expanded=\"false\"><div class=\"w-tabs-section-title\" itemprop=\"name\">Ako pripravi\u0165 zamestnancov na vyslanie do zahrani\u010dia?<\/div><div class=\"w-tabs-section-control\"><\/div><\/button><div  class=\"w-tabs-section-content\" id=\"content-c815\" itemscope itemprop=\"acceptedAnswer\" itemtype=\"https:\/\/schema.org\/Answer\"><div class=\"w-tabs-section-content-h i-cf\" itemprop=\"text\"><div class=\"wpb_text_column\"><div class=\"wpb_wrapper\"><p>Okrem odbornej sp\u00f4sobilosti je rozhoduj\u00faca aj medzikult\u00farna pr\u00edprava a jazykov\u00e9 kurzy. Zamestnanci by mali by\u0165 pripraven\u00ed na jazykov\u00e9 bari\u00e9ry, kult\u00farne rozdiely a adapt\u00e1ciu na nov\u00e9 pracovn\u00e9 a \u017eivotn\u00e9 prostredie. Pravideln\u00e9 stretnutia so sp\u00e4tnou v\u00e4zbou po\u010das vyslania pom\u00e1haj\u00fa v\u010das rozpozna\u0165 adapta\u010dn\u00e9 \u0165a\u017ekosti.<\/p>\n<\/div><\/div><\/div><\/div><\/div><div class=\"w-tabs-section\" id=\"v8ea\" itemscope itemprop=\"mainEntity\" itemtype=\"https:\/\/schema.org\/Question\"><button class=\"w-tabs-section-header\" aria-controls=\"content-v8ea\" aria-expanded=\"false\"><div class=\"w-tabs-section-title\" itemprop=\"name\">Ak\u00e9 poistenie potrebuj\u00fa vyslan\u00ed zamestnanci v zahrani\u010d\u00ed?<\/div><div class=\"w-tabs-section-control\"><\/div><\/button><div  class=\"w-tabs-section-content\" id=\"content-v8ea\" itemscope itemprop=\"acceptedAnswer\" itemtype=\"https:\/\/schema.org\/Answer\"><div class=\"w-tabs-section-content-h i-cf\" itemprop=\"text\"><div class=\"wpb_text_column\"><div class=\"wpb_wrapper\"><p>Vyslan\u00ed zamestnanci potrebuj\u00fa aspo\u0148 vhodn\u00e9 zdravotn\u00e9 poistenie platn\u00e9 v hostite\u013eskej krajine. V z\u00e1vislosti od cie\u013eovej krajiny sa m\u00f4\u017ee vy\u017eadova\u0165 aj \u00farazov\u00e9 poistenie, poistenie zodpovednosti za \u0161kodu alebo cestovn\u00e9 poistenie. Presn\u00e9 po\u017eiadavky z\u00e1visia od hostite\u013eskej krajiny a d\u013a\u017eky vyslania.<\/p>\n<\/div><\/div><\/div><\/div><\/div><div class=\"w-tabs-section\" id=\"q9bc\" itemscope itemprop=\"mainEntity\" itemtype=\"https:\/\/schema.org\/Question\"><button class=\"w-tabs-section-header\" aria-controls=\"content-q9bc\" aria-expanded=\"false\"><div class=\"w-tabs-section-title\" itemprop=\"name\">Ak\u00e9 s\u00fa naj\u010dastej\u0161ie kult\u00farne probl\u00e9my, ktor\u00e9 sa vyskytuj\u00fa po\u010das medzin\u00e1rodn\u00fdch \u00faloh?<\/div><div class=\"w-tabs-section-control\"><\/div><\/button><div  class=\"w-tabs-section-content\" id=\"content-q9bc\" itemscope itemprop=\"acceptedAnswer\" itemtype=\"https:\/\/schema.org\/Answer\"><div class=\"w-tabs-section-content-h i-cf\" itemprop=\"text\"><div class=\"wpb_text_column\"><div class=\"wpb_wrapper\"><p>Naj\u010dastej\u0161\u00edmi v\u00fdzvami s\u00fa jazykov\u00e9 bari\u00e9ry (dokonca aj pri z\u00e1kladnej znalosti miestneho jazyka), odli\u0161n\u00fd \u0161t\u00fdl komunik\u00e1cie a riadenia a prisp\u00f4sobenie sa novej ka\u017edodennej rutine a miestnej firemnej kult\u00fare. Medzikult\u00farna pr\u00edprava v\u00fdrazne zni\u017euje riziko nedorozumen\u00ed.<\/p>\n<\/div><\/div><\/div><\/div><\/div><div class=\"w-tabs-section\" id=\"ja8e\" itemscope itemprop=\"mainEntity\" itemtype=\"https:\/\/schema.org\/Question\"><button class=\"w-tabs-section-header\" aria-controls=\"content-ja8e\" aria-expanded=\"false\"><div class=\"w-tabs-section-title\" itemprop=\"name\">Ako m\u00f4\u017ee Global Business Recruiting pom\u00f4c\u0165 pri vysielan\u00ed zamestnancov?<\/div><div class=\"w-tabs-section-control\"><\/div><\/button><div  class=\"w-tabs-section-content\" id=\"content-ja8e\" itemscope itemprop=\"acceptedAnswer\" itemtype=\"https:\/\/schema.org\/Answer\"><div class=\"w-tabs-section-content-h i-cf\" itemprop=\"text\"><div class=\"wpb_text_column\"><div class=\"wpb_wrapper\"><p>Global Business Recruiting podporuje spolo\u010dnosti pri vysielan\u00ed zamestnancov do zahrani\u010dia - od vybavovania v\u00edz a pracovn\u00fdch povolen\u00ed a\u017e po v\u00fdber zamestnancov z rozsiahlej siete vo v\u00fdchodnej Eur\u00f3pe, pobaltsk\u00fdch \u0161t\u00e1toch a Turecku, medzikult\u00farne \u0161kolenia, jazykov\u00e9 kurzy a organiza\u010dn\u00fa podporu pri ubytovan\u00ed a doprave.<\/p>\n<\/div><\/div><\/div><\/div><\/div><\/div><\/div><\/div><\/div><\/div><\/div><\/section>","protected":false},"excerpt":{"rendered":"Wenn es darum geht, Mitarbeiter ins Ausland zu entsenden, m\u00fcssen Unternehmen sich auf eine Reihe von Herausforderungen vorbereiten. Wie kann man sich auf eine Mitarbeiterentsendung ins Ausland vorbereiten? Was sind die kulturellen Herausforderungen? In diesem Artikel werden die notwendigen Schritte einer Mitarbeiterentsendung ins Ausland sowie potenzielle kulturelle Herausforderungen besprochen. Welche Schritte sind f\u00fcr eine Mitarbeiterentsendung...","protected":false},"author":1,"featured_media":11162,"parent":9347,"menu_order":0,"comment_status":"closed","ping_status":"closed","template":"","meta":{"_acf_changed":false,"footnotes":""},"class_list":["post-9929","page","type-page","status-publish","has-post-thumbnail","hentry"],"acf":[],"_links":{"self":[{"href":"https:\/\/global-business-recruiting.de\/sk\/wp-json\/wp\/v2\/pages\/9929","targetHints":{"allow":["GET"]}}],"collection":[{"href":"https:\/\/global-business-recruiting.de\/sk\/wp-json\/wp\/v2\/pages"}],"about":[{"href":"https:\/\/global-business-recruiting.de\/sk\/wp-json\/wp\/v2\/types\/page"}],"author":[{"embeddable":true,"href":"https:\/\/global-business-recruiting.de\/sk\/wp-json\/wp\/v2\/users\/1"}],"replies":[{"embeddable":true,"href":"https:\/\/global-business-recruiting.de\/sk\/wp-json\/wp\/v2\/comments?post=9929"}],"version-history":[{"count":6,"href":"https:\/\/global-business-recruiting.de\/sk\/wp-json\/wp\/v2\/pages\/9929\/revisions"}],"predecessor-version":[{"id":11177,"href":"https:\/\/global-business-recruiting.de\/sk\/wp-json\/wp\/v2\/pages\/9929\/revisions\/11177"}],"up":[{"embeddable":true,"href":"https:\/\/global-business-recruiting.de\/sk\/wp-json\/wp\/v2\/pages\/9347"}],"wp:featuredmedia":[{"embeddable":true,"href":"https:\/\/global-business-recruiting.de\/sk\/wp-json\/wp\/v2\/media\/11162"}],"wp:attachment":[{"href":"https:\/\/global-business-recruiting.de\/sk\/wp-json\/wp\/v2\/media?parent=9929"}],"curies":[{"name":"wp","href":"https:\/\/api.w.org\/{rel}","templated":true}]}}