{"id":9933,"date":"2026-03-12T12:57:40","date_gmt":"2026-03-12T12:57:40","guid":{"rendered":"https:\/\/global-business-recruiting.de\/wissen\/vorbereitung-auf-die-mitarbeiterentsendung-ins-ausland-schritte-und-kulturelle-herausforderungen\/"},"modified":"2026-03-29T13:18:35","modified_gmt":"2026-03-29T13:18:35","slug":"vitazstvo-zahranicnych-elektrikarov","status":"publish","type":"page","link":"https:\/\/global-business-recruiting.de\/sk\/wissen\/auslaendische-elektriker-gewinnen\/","title":{"rendered":"Ako sa v\u00e1m dar\u00ed pril\u00e1ka\u0165 zahrani\u010dn\u00fdch odborn\u00edkov v oblasti elektrotechniky?"},"content":{"rendered":"<section class=\"l-section wpb_row height_custom\"><div class=\"l-section-h i-cf\"><div class=\"g-cols vc_row via_grid cols_1 laptops-cols_inherit tablets-cols_inherit mobiles-cols_1 valign_top type_default stacking_default\"><div class=\"wpb_column vc_column_container\"><div class=\"vc_column-inner\"><div class=\"wpb_text_column\"><div class=\"wpb_wrapper\"><p>Teraz, ke\u010f u\u017e vieme, ako m\u00f4\u017eu zahrani\u010dn\u00ed kvalifikovan\u00ed pracovn\u00edci z\u00edska\u0165 v Nemecku uznanie svojich certifik\u00e1tov a v pr\u00edpade potreby prisp\u00f4sobi\u0165 svoju kvalifik\u00e1ciu, vyvst\u00e1va \u010fal\u0161ia ot\u00e1zka: Ako podniky v Nemecku pri\u0165ahuj\u00fa kvalifikovan\u00fdch pracovn\u00edkov zo zahrani\u010dia? Hoci sa nedostatok kvalifikovanej pracovnej sily m\u00f4\u017ee zda\u0165 tak\u00fd jednoduch\u00fd, zamestn\u00e1vatelia niekedy musia urobi\u0165 viac ne\u017e len preveri\u0165 uch\u00e1dza\u010dov - najprv musia prija\u0165 alebo n\u00e1js\u0165 kandid\u00e1tov.<\/p>\n<h2>\u010co znamen\u00e1 zna\u010dka zamestn\u00e1vate\u013ea?<\/h2>\n<p>Slovo \u201ebranding\" je v marketingu v\u0161adepr\u00edtomn\u00e9 - jeho podstatou je zvidite\u013eni\u0165 vlastn\u00fa zna\u010dku, a t\u00fdm ju zatrakt\u00edvni\u0165. To ist\u00e9 plat\u00ed aj pre employer branding: ak m\u00e1 podnik vysok\u00fd dopyt po kvalifikovanej pracovnej sile, \u010do m\u00f4\u017ee vies\u0165 dokonca k vysokej fluktu\u00e1cii, tak\u017ee je potrebn\u00e9 neust\u00e1le prij\u00edma\u0165 nov\u00fdch kvalifikovan\u00fdch pracovn\u00edkov, je employer branding rozhoduj\u00facim krokom pri z\u00edskavan\u00ed dostato\u010dn\u00e9ho po\u010dtu elektrik\u00e1rov.<\/p>\n<p>In\u00fdmi slovami, spolo\u010dnos\u0165 by sa mala prezentova\u0165 ako atrakt\u00edvna - najm\u00e4 pre zahrani\u010dn\u00fdch kvalifikovan\u00fdch pracovn\u00edkov. Nesta\u010d\u00ed, aby sa javila ako atrakt\u00edvna z nemeck\u00e9ho poh\u013eadu. Zahrani\u010dn\u00ed kvalifikovan\u00ed pracovn\u00edci s in\u00fdm z\u00e1zem\u00edm posudzuj\u00fa miestnych zamestn\u00e1vate\u013eov pod\u013ea in\u00fdch krit\u00e9ri\u00ed. Nemalo by \u00eds\u0165 len o n\u00e1bor zahrani\u010dn\u00fdch kvalifikovan\u00fdch pracovn\u00edkov - cie\u013eom by malo by\u0165 sk\u00f4r oslovenie pr\u00e1ve t\u00fdch kvalifikovan\u00fdch pracovn\u00edkov, ktor\u00ed sa dok\u00e1\u017eu do podniku integrova\u0165 a poskytova\u0165 kvalitn\u00fa pr\u00e1cu.<\/p>\n<h2>Ako funguje proces tvorby zna\u010dky zamestn\u00e1vate\u013ea?<\/h2>\n<p>Po prv\u00e9, va\u0161a spolo\u010dnos\u0165 by mala jasne definova\u0165 svoje hodnoty: \u010co je pre \u0148u d\u00f4le\u017eit\u00e9 vo vz\u0165ahu k z\u00e1kazn\u00edkom a \u010do o\u010dak\u00e1va od svojich zamestnancov? Tieto hodnoty musia by\u0165 jasne komunikovan\u00e9 a prezentovan\u00e9 v kontexte zabezpe\u010denia kvality pr\u00e1ce - externe pre nov\u00fdch odborn\u00edkov a interne pre existuj\u00facich zamestnancov.<\/p>\n<p>Spolo\u010dnos\u0165 by mala pouk\u00e1za\u0165 aj na mo\u017enosti kari\u00e9rneho rastu. Je pekn\u00e9 pon\u00faknu\u0165 pr\u00e1cu - ale skuto\u010dne atrakt\u00edvnou sa stane len vtedy, ak sa doty\u010dn\u00fd m\u00f4\u017ee venova\u0165 vlastnej kari\u00e9re pod\u013ea vlastn\u00fdch predst\u00e1v.<\/p>\n<p>D\u00f4raz by sa mal kl\u00e1s\u0165 aj na medzin\u00e1rodn\u00e9 pracovn\u00e9 prostredie. Ak sa zamestn\u00e1vaj\u00fa kvalifikovan\u00ed pracovn\u00edci z r\u00f4znych kraj\u00edn, je to jednozna\u010dn\u00fd plusov\u00fd bod. Rozmanitos\u0165 kraj\u00edn, z ktor\u00fdch zamestnanci poch\u00e1dzaj\u00fa, a \u017eivot v podniku, ktor\u00fd je v\u00fdsledkom tohto mixu, by sa mali akt\u00edvne komunikova\u0165.<\/p>\n<p>Koniec koncov, spolo\u010dnos\u0165 potrebuje vlastn\u00fa online prezent\u00e1ciu - nie webov\u00e9 str\u00e1nky bez l\u00e1sky, ale cel\u00fd vesm\u00edr prezent\u00e1ci\u00ed. Webov\u00e1 str\u00e1nka by mala by\u0165 neust\u00e1le aktualizovan\u00e1 a prepojen\u00e1 s r\u00f4znymi soci\u00e1lnymi m\u00e9diami.<\/p>\n<h2>Ako mo\u017eno cielene prij\u00edma\u0165 zahrani\u010dn\u00fdch kvalifikovan\u00fdch pracovn\u00edkov?<\/h2>\n<p>Digit\u00e1lne siete, soci\u00e1lne m\u00e9di\u00e1 a internet ako celok dnes pon\u00fakaj\u00fa nev\u00eddan\u00e9 mo\u017enosti marketingu. To plat\u00ed aj pre marketing, ktor\u00fd sa ozna\u010duje ako n\u00e1bor novej kvalifikovanej pracovnej sily - platia rovnak\u00e9 pravidl\u00e1. Zmenilo sa len smerovanie marketingu: namiesto predaja produktu sa ako \u017eiadan\u00fd produkt pon\u00faka pr\u00e1ca vo vlastnom podniku.<\/p>\n<p>Pre konkr\u00e9tnu realiz\u00e1ciu s\u00fa d\u00f4le\u017eit\u00e9 tieto opatrenia<span>\u00a0<\/span><strong>Pr\u00edtomnos\u0165 online<\/strong><span>\u00a0<\/span>musia by\u0165 profesion\u00e1lne navrhnut\u00e9 a odr\u00e1\u017ea\u0165 seri\u00f3znos\u0165 spolo\u010dnosti, pokia\u013e ide o kvalitu. Str\u00e1nka<span>\u00a0<\/span><strong>Webov\u00e1 lokalita<\/strong><span>\u00a0<\/span>by mali prezentova\u0165 relevantn\u00e9 inform\u00e1cie pre nov\u00fdch zamestnancov - pr\u00edle\u017eitosti v podniku, jasne formulovan\u00e9 pracovn\u00e9 ponuky, podporn\u00e9 slu\u017eby pre integr\u00e1ciu na nemeck\u00fd trh pr\u00e1ce a do nemeck\u00e9ho \u017eivota. \u010eal\u0161\u00edm krokom je<span>\u00a0<\/span><strong>Zv\u00fd\u0161enie dosahu<\/strong><span>\u00a0<\/span>- prepojen\u00edm na miesta na internete, kde mo\u017eno n\u00e1js\u0165 potenci\u00e1lnych zamestnancov: LinkedIn, Facebook a \u0161pecializovan\u00e9 port\u00e1ly. Tu sa tie\u017e nach\u00e1dza<span>\u00a0<\/span><strong>Ukon\u010denie inzercie pracovn\u00fdch miest<\/strong><span>\u00a0<\/span>s odkazom na informat\u00edvnu webov\u00fa str\u00e1nku.<\/p>\n<h2>Ako m\u00f4\u017eu soci\u00e1lne siete podpori\u0165 n\u00e1bor kvalifikovanej pracovnej sily?<\/h2>\n<p>LinkedIn a Facebook s\u00fa ob\u013e\u00faben\u00e9 platformy, ktor\u00e9 uch\u00e1dza\u010di o zamestnanie vyu\u017e\u00edvaj\u00fa na z\u00edskavanie inform\u00e1ci\u00ed o v\u0161etk\u00fdch pracovn\u00fdch pr\u00edle\u017eitostiach a h\u013eadanie nov\u00fdch pracovn\u00fdch miest. Ke\u010f\u017ee tieto platformy s\u00fa v\u0161eobecn\u00e9, m\u00f4\u017eete o\u010dak\u00e1va\u0165 ve\u013ek\u00fa n\u00e1v\u0161tevnos\u0165 profilov a str\u00e1nok, ktor\u00fa netvoria potenci\u00e1lni zamestnanci.<\/p>\n<p>Preto je nevyhnutn\u00e9 vyu\u017e\u00edva\u0165 okrem tak\u00fdchto platforiem aj \u0161pecializovan\u00e9 platformy - najm\u00e4 \u0161pecializovan\u00e9 port\u00e1ly a online burzy pr\u00e1ce. Tie sa \u0161pecializuj\u00fa na vyh\u013ead\u00e1vanie kvalifikovan\u00fdch pracovn\u00edkov, inzeruj\u00fa pod\u013ea toho a ich webov\u00e9 str\u00e1nky s\u00fa atrakt\u00edvne. N\u00e1jdete tu najm\u00e4 sk\u00fasen\u00fdch odborn\u00edkov a okrem vlastn\u00e9ho pracovn\u00e9ho inzer\u00e1tu m\u00f4\u017eete nap\u00edsa\u0165 aj priamo zamestnancom, ktor\u00ed h\u013eadaj\u00fa pr\u00e1cu.<\/p>\n<h2>Ako syst\u00e9m spr\u00e1vy uch\u00e1dza\u010dov podporuje proces n\u00e1boru?<\/h2>\n<p>Syst\u00e9m spr\u00e1vy uch\u00e1dza\u010dov sa m\u00f4\u017ee pou\u017ei\u0165 na rozsiahlej\u0161ie vyh\u013ead\u00e1vanie viacer\u00fdch odborn\u00edkov. V\u010faka nemu je v\u00fdber uch\u00e1dza\u010dov a cel\u00fd proces n\u00e1boru jednoduch\u0161\u00ed a preh\u013eadnej\u0161\u00ed - spr\u00e1va uch\u00e1dza\u010dov, komunik\u00e1cia a monitorovanie postupu.<\/p>\n<p>V z\u00e1ujme ur\u00fdchlenia v\u00fdberov\u00e9ho procesu, ktor\u00fd je obzvl\u00e1\u0161\u0165 d\u00f4le\u017eit\u00fd vzh\u013eadom na vzdialenos\u0165 medzi podnikom a miestom bydliska uch\u00e1dza\u010da v zahrani\u010d\u00ed, by sa na predbe\u017en\u00fd v\u00fdber mali vyu\u017e\u00edva\u0165 online prostriedky: Online testy, pohovory veden\u00e9 online. Existuj\u00fa aj medzin\u00e1rodn\u00e9 online siete, prostredn\u00edctvom ktor\u00fdch mo\u017eno n\u00e1js\u0165 komunity potenci\u00e1lnych uch\u00e1dza\u010dov a priamo ich oslovi\u0165. Cielen\u00e9 inzer\u00e1ty na soci\u00e1lnych sie\u0165ach a popul\u00e1rnych port\u00e1loch tie\u017e zvy\u0161uj\u00fa dosah pracovn\u00fdch inzer\u00e1tov.<\/p>\n<h2>Pre\u010do sa oplat\u00ed spolupracova\u0165 so \u0161pecializovan\u00fdmi person\u00e1lnymi agent\u00farami?<\/h2>\n<p>Pri h\u013eadan\u00ed kvalifikovan\u00fdch pracovn\u00edkov zo zahrani\u010dia m\u00f4\u017eu \u0161pecializovan\u00e9 person\u00e1lne agent\u00fary pon\u00faknu\u0165 e\u0161te viac v\u00fdhod ako pri n\u00e1bore kvalifikovan\u00fdch pracovn\u00edkov doma. Vyh\u013ead\u00e1vanie elektrik\u00e1rov zo zahrani\u010dia je o nie\u010do rozsiahlej\u0161ie ako dom\u00e1ce h\u013eadanie. \u0160pecializovan\u00e9 agent\u00fary pon\u00fakaj\u00fa \u0161tyri hlavn\u00e9 v\u00fdhody:<\/p>\n<p><strong>Cenn\u00e9 rady a \u010fal\u0161ie odborn\u00e9 znalosti:<\/strong><span>\u00a0<\/span>Najm\u00e4 pri rie\u0161en\u00ed r\u00f4znych kvalifik\u00e1ci\u00ed a po\u017eiadaviek dok\u00e1\u017eu konkretizova\u0165 potreby, a tak formulova\u0165 po\u017eiadavky, ktor\u00e9 zodpovedaj\u00fa po\u017eiadavk\u00e1m spolo\u010dnosti a s\u00fa v s\u00falade so vzdel\u00e1van\u00edm v zahrani\u010d\u00ed.<\/p>\n<p><strong>Rozsiahle siete a kontakty:<\/strong><span>\u00a0<\/span>To znamen\u00e1, \u017ee m\u00f4\u017eu \u013eahko \u010derpa\u0165 z ve\u013ek\u00e9ho mno\u017estva vhodn\u00fdch kandid\u00e1tov na n\u00e1bor vhodn\u00fdch elektrik\u00e1rov pre svoju spolo\u010dnos\u0165.<\/p>\n<p><strong>Zlo\u017eit\u00e1 pr\u00e1vna situ\u00e1cia:<\/strong><span>\u00a0<\/span>Pr\u00e1vna istota je obzvl\u00e1\u0161\u0165 d\u00f4le\u017eit\u00e1 v s\u00favislosti s pr\u00e1vnou situ\u00e1ciou spojenou s n\u00e1borom zahrani\u010dn\u00fdch pracovn\u00edkov. To zah\u0155\u0148a aj \u017eiadosti o povolenie na pobyt a uzn\u00e1vanie kvalifik\u00e1ci\u00ed.<\/p>\n<p><strong>Vykon\u00e1vanie skr\u00edningov:<\/strong><span>\u00a0<\/span>Vyu\u017e\u00edvaj\u00fa svoje sk\u00fasenosti na predbe\u017en\u00fd v\u00fdber uch\u00e1dza\u010dov - preveruj\u00fa ich minulos\u0165 a predov\u0161etk\u00fdm ich kvalifik\u00e1ciu.<\/p>\n<p>Agent\u00fary napokon pom\u00e1haj\u00fa aj pri integr\u00e1cii zahrani\u010dn\u00fdch kvalifikovan\u00fdch pracovn\u00edkov do vlastnej spolo\u010dnosti - poskytuj\u00fa podporu pri prekon\u00e1van\u00ed kult\u00farnych prek\u00e1\u017eok, aby sa nov\u00ed zamestnanci mohli hladko zozn\u00e1mi\u0165 s podnikom. Existuje cel\u00fd rad agent\u00far, ktor\u00e9 sa \u0161pecializuj\u00fa na n\u00e1bor kvalifikovan\u00fdch pracovn\u00edkov z Po\u013eska, \u010ceskej republiky, Slovenska, Litvy a \u010fal\u0161\u00edch v\u00fdchodoeur\u00f3pskych kraj\u00edn a s\u00fa obzvl\u00e1\u0161\u0165 dobr\u00e9 v pomoci pri rie\u0161en\u00ed ot\u00e1zok s\u00favisiacich so \u017eiados\u0165ou o zamestnanie, pr\u00e1vnych a kult\u00farnych ot\u00e1zok.<\/p>\n<p>Viac inform\u00e1ci\u00ed o uzn\u00e1van\u00ed zahrani\u010dn\u00fdch kvalifik\u00e1ci\u00ed n\u00e1jdete v na\u0161om \u010dl\u00e1nku<span>\u00a0<\/span><a href=\"https:\/\/global-business-recruiting.de\/sk\/poznat\/profesijne-uznanie-pre-elektrikarov-v-zahranici\/\">Uznanie odbornej sp\u00f4sobilosti pre elektrik\u00e1rov zo zahrani\u010dia<\/a>.<\/p>\n<h2>\u010casto kladen\u00e9 ot\u00e1zky o n\u00e1bore zahrani\u010dn\u00fdch elektrik\u00e1rov<\/h2>\n<\/div><\/div><div class=\"w-separator size_small\"><\/div><div class=\"w-tabs style_default switch_click accordion type_togglable has_scrolling\" style=\"--sections-title-size:inherit\"><div class=\"w-tabs-sections titles-align_none icon_chevron cpos_right\"><div class=\"w-tabs-section\" id=\"x167\" itemscope itemprop=\"mainEntity\" itemtype=\"https:\/\/schema.org\/Question\"><button class=\"w-tabs-section-header\" aria-controls=\"content-x167\" aria-expanded=\"false\"><div class=\"w-tabs-section-title\" itemprop=\"name\">\u010co je to employer branding a pre\u010do je d\u00f4le\u017eit\u00fd pre pril\u00e1kanie zahrani\u010dn\u00fdch kvalifikovan\u00fdch pracovn\u00edkov?<\/div><div class=\"w-tabs-section-control\"><\/div><\/button><div  class=\"w-tabs-section-content\" id=\"content-x167\" itemscope itemprop=\"acceptedAnswer\" itemtype=\"https:\/\/schema.org\/Answer\"><div class=\"w-tabs-section-content-h i-cf\" itemprop=\"text\"><div class=\"wpb_text_column\"><div class=\"wpb_wrapper\"><p>Budovanie zna\u010dky zamestn\u00e1vate\u013ea sa vz\u0165ahuje na rozvoj atrakt\u00edvnej zna\u010dky zamestn\u00e1vate\u013ea. Je obzvl\u00e1\u0161\u0165 d\u00f4le\u017eit\u00e1 pri n\u00e1bore zahrani\u010dn\u00fdch elektrik\u00e1rov, preto\u017ee t\u00e1to cie\u013eov\u00e1 skupina hodnot\u00ed zamestn\u00e1vate\u013eov pod\u013ea in\u00fdch krit\u00e9ri\u00ed ako dom\u00e1ci uch\u00e1dza\u010di - hlavn\u00fa \u00falohu zohr\u00e1vaj\u00fa kari\u00e9rne pr\u00edle\u017eitosti, medzin\u00e1rodn\u00e9 pracovn\u00e9 prostredie a jasn\u00e1 komunik\u00e1cia.<\/p>\n<\/div><\/div><\/div><\/div><\/div><div class=\"w-tabs-section\" id=\"d28b\" itemscope itemprop=\"mainEntity\" itemtype=\"https:\/\/schema.org\/Question\"><button class=\"w-tabs-section-header\" aria-controls=\"content-d28b\" aria-expanded=\"false\"><div class=\"w-tabs-section-title\" itemprop=\"name\">Ktor\u00e9 online kan\u00e1ly s\u00fa najvhodnej\u0161ie na n\u00e1bor zahrani\u010dn\u00fdch elektrik\u00e1rov?<\/div><div class=\"w-tabs-section-control\"><\/div><\/button><div  class=\"w-tabs-section-content\" id=\"content-d28b\" itemscope itemprop=\"acceptedAnswer\" itemtype=\"https:\/\/schema.org\/Answer\"><div class=\"w-tabs-section-content-h i-cf\" itemprop=\"text\"><div class=\"wpb_text_column\"><div class=\"wpb_wrapper\"><p>Okrem LinkedIn a Facebooku by sa mali vyu\u017e\u00edva\u0165 predov\u0161etk\u00fdm \u0161pecializovan\u00e9 port\u00e1ly a online burzy pr\u00e1ce. Tie sa zameriavaj\u00fa na kvalifikovan\u00fa pracovn\u00fa silu, pon\u00fakaj\u00fa cielen\u00fd pr\u00edstup a umo\u017e\u0148uj\u00fa aj priamy kontakt s akt\u00edvne h\u013eadaj\u00facimi elektrik\u00e1ri. Nevyhnutn\u00fdm z\u00e1kladom je profesion\u00e1lna webov\u00e1 str\u00e1nka spolo\u010dnosti s inform\u00e1ciami pre zahrani\u010dn\u00fdch uch\u00e1dza\u010dov.<\/p>\n<\/div><\/div><\/div><\/div><\/div><div class=\"w-tabs-section\" id=\"e3a6\" itemscope itemprop=\"mainEntity\" itemtype=\"https:\/\/schema.org\/Question\"><button class=\"w-tabs-section-header\" aria-controls=\"content-e3a6\" aria-expanded=\"false\"><div class=\"w-tabs-section-title\" itemprop=\"name\">Ako m\u00f4\u017ee syst\u00e9m na spr\u00e1vu \u017eiadate\u013eov zjednodu\u0161i\u0165 tento proces?<\/div><div class=\"w-tabs-section-control\"><\/div><\/button><div  class=\"w-tabs-section-content\" id=\"content-e3a6\" itemscope itemprop=\"acceptedAnswer\" itemtype=\"https:\/\/schema.org\/Answer\"><div class=\"w-tabs-section-content-h i-cf\" itemprop=\"text\"><div class=\"wpb_text_column\"><div class=\"wpb_wrapper\"><p>Syst\u00e9m spr\u00e1vy uch\u00e1dza\u010dov umo\u017e\u0148uje \u0161trukt\u00farovan\u00fa spr\u00e1vu v\u0161etk\u00fdch uch\u00e1dza\u010dov, komunik\u00e1ciu po\u010das procesu a sledovanie pokroku. V pr\u00edpade uch\u00e1dza\u010dov zo zahrani\u010dia je mo\u017en\u00e9 integrova\u0165 aj online testy a video pohovory s cie\u013eom prekona\u0165 vzdialenos\u0165 a uskuto\u010dni\u0165 informovan\u00fd predbe\u017en\u00fd v\u00fdber.<\/p>\n<\/div><\/div><\/div><\/div><\/div><div class=\"w-tabs-section\" id=\"b4a7\" itemscope itemprop=\"mainEntity\" itemtype=\"https:\/\/schema.org\/Question\"><button class=\"w-tabs-section-header\" aria-controls=\"content-b4a7\" aria-expanded=\"false\"><div class=\"w-tabs-section-title\" itemprop=\"name\">Ak\u00e9 v\u00fdhody pon\u00faka \u0161pecializovan\u00e1 person\u00e1lna agent\u00fara v porovnan\u00ed s vlastn\u00fdm prieskumom?<\/div><div class=\"w-tabs-section-control\"><\/div><\/button><div  class=\"w-tabs-section-content\" id=\"content-b4a7\" itemscope itemprop=\"acceptedAnswer\" itemtype=\"https:\/\/schema.org\/Answer\"><div class=\"w-tabs-section-content-h i-cf\" itemprop=\"text\"><div class=\"wpb_text_column\"><div class=\"wpb_wrapper\"><p>\u0160pecializovan\u00e9 agent\u00fary prin\u00e1\u0161aj\u00fa odborn\u00e9 znalosti v oblasti zahrani\u010dn\u00fdch kvalifik\u00e1ci\u00ed, rozsiahlu sie\u0165 kandid\u00e1tov, pr\u00e1vnu istotu v oblasti povolen\u00ed na pobyt a uzn\u00e1vania kvalifik\u00e1ci\u00ed, ako aj sk\u00fasenosti s predbe\u017en\u00fdm v\u00fdberom a kult\u00farnou integr\u00e1ciou. To spolo\u010dnosti \u0161etr\u00ed zna\u010dn\u00fd \u010das a zni\u017euje riziko nespr\u00e1vneho vymenovania.<\/p>\n<\/div><\/div><\/div><\/div><\/div><div class=\"w-tabs-section\" id=\"o59a\" itemscope itemprop=\"mainEntity\" itemtype=\"https:\/\/schema.org\/Question\"><button class=\"w-tabs-section-header\" aria-controls=\"content-o59a\" aria-expanded=\"false\"><div class=\"w-tabs-section-title\" itemprop=\"name\">Z ktor\u00fdch kraj\u00edn poch\u00e1dzaj\u00fa zahrani\u010dn\u00ed elektrik\u00e1ri pracuj\u00faci v Nemecku?<\/div><div class=\"w-tabs-section-control\"><\/div><\/button><div  class=\"w-tabs-section-content\" id=\"content-o59a\" itemscope itemprop=\"acceptedAnswer\" itemtype=\"https:\/\/schema.org\/Answer\"><div class=\"w-tabs-section-content-h i-cf\" itemprop=\"text\"><div class=\"wpb_text_column\"><div class=\"wpb_wrapper\"><p>Obzvl\u00e1\u0161\u0165 ve\u013ek\u00fd dopyt je po elektrik\u00e1roch z Po\u013eska, \u010ceskej republiky, Slovenska, Litvy a \u010fal\u0161\u00edch v\u00fdchodoeur\u00f3pskych kraj\u00edn. T\u00edto kvalifikovan\u00ed pracovn\u00edci maj\u00fa \u010dasto sol\u00eddne vzdelanie a poznaj\u00fa eur\u00f3pske normy. \u0160pecializovan\u00e9 agent\u00fary, ako napr\u00edklad Global Business Recruiting, sa zameriavaj\u00fa pr\u00e1ve na tieto trhy.<\/p>\n<\/div><\/div><\/div><\/div><\/div><\/div><\/div><\/div><\/div><\/div><\/div><\/section>","protected":false},"excerpt":{"rendered":"Nachdem bekannt ist, wie ausl\u00e4ndische Fachkr\u00e4fte hierzulande ihre Zertifikate anerkannt bekommen und ihre Qualifikationen gegebenenfalls anpassen k\u00f6nnen, stellt sich die n\u00e4chste Frage: Wie gewinnen Betriebe in Deutschland Fachkr\u00e4fte aus dem Ausland? W\u00e4hrend das mit dem Fachkr\u00e4ftemangel so einfach erscheint, muss doch mitunter von Seiten der Arbeitgeber etwas getan werden, das \u00fcber die Pr\u00fcfung der Bewerber...","protected":false},"author":1,"featured_media":11163,"parent":9347,"menu_order":0,"comment_status":"closed","ping_status":"closed","template":"","meta":{"_acf_changed":false,"footnotes":""},"class_list":["post-9933","page","type-page","status-publish","has-post-thumbnail","hentry"],"acf":[],"_links":{"self":[{"href":"https:\/\/global-business-recruiting.de\/sk\/wp-json\/wp\/v2\/pages\/9933","targetHints":{"allow":["GET"]}}],"collection":[{"href":"https:\/\/global-business-recruiting.de\/sk\/wp-json\/wp\/v2\/pages"}],"about":[{"href":"https:\/\/global-business-recruiting.de\/sk\/wp-json\/wp\/v2\/types\/page"}],"author":[{"embeddable":true,"href":"https:\/\/global-business-recruiting.de\/sk\/wp-json\/wp\/v2\/users\/1"}],"replies":[{"embeddable":true,"href":"https:\/\/global-business-recruiting.de\/sk\/wp-json\/wp\/v2\/comments?post=9933"}],"version-history":[{"count":6,"href":"https:\/\/global-business-recruiting.de\/sk\/wp-json\/wp\/v2\/pages\/9933\/revisions"}],"predecessor-version":[{"id":11176,"href":"https:\/\/global-business-recruiting.de\/sk\/wp-json\/wp\/v2\/pages\/9933\/revisions\/11176"}],"up":[{"embeddable":true,"href":"https:\/\/global-business-recruiting.de\/sk\/wp-json\/wp\/v2\/pages\/9347"}],"wp:featuredmedia":[{"embeddable":true,"href":"https:\/\/global-business-recruiting.de\/sk\/wp-json\/wp\/v2\/media\/11163"}],"wp:attachment":[{"href":"https:\/\/global-business-recruiting.de\/sk\/wp-json\/wp\/v2\/media?parent=9933"}],"curies":[{"name":"wp","href":"https:\/\/api.w.org\/{rel}","templated":true}]}}