{"id":9937,"date":"2026-03-13T01:51:13","date_gmt":"2026-03-13T01:51:13","guid":{"rendered":"https:\/\/global-business-recruiting.de\/wissen\/wie-gewinnt-man-auslaendische-fachkraefte-im-bereich-elektrotechnik\/"},"modified":"2026-03-29T13:19:27","modified_gmt":"2026-03-29T13:19:27","slug":"typy-lietadiel-namorna-sila","status":"publish","type":"page","link":"https:\/\/global-business-recruiting.de\/sk\/wissen\/flugzeugtraeger-typen-seemacht\/","title":{"rendered":"Lietadlov\u00e9 lode: rozmery, typy a modern\u00e1 n\u00e1morn\u00e1 sila"},"content":{"rendered":"<section class=\"l-section wpb_row height_custom\"><div class=\"l-section-h i-cf\"><div class=\"g-cols vc_row via_grid cols_1 laptops-cols_inherit tablets-cols_inherit mobiles-cols_1 valign_top type_default stacking_default\"><div class=\"wpb_column vc_column_container\"><div class=\"vc_column-inner\"><div class=\"wpb_text_column\"><div class=\"wpb_wrapper\"><p>Podobne ako v\u00fdletn\u00e9 lode, aj lietadlov\u00e9 lode patria medzi najzlo\u017eitej\u0161ie a najv\u00e4\u010d\u0161ie lode, ktor\u00e9 sa pohybuj\u00fa po svetov\u00fdch oce\u00e1noch. S\u00fa pl\u00e1vaj\u00facimi letiskami, pojm\u00fa nieko\u013eko tis\u00edc \u013eud\u00ed a tvoria \u00fastredn\u00fd prvok modern\u00e9ho letectva.<span>\u00a0<\/span><strong>projekcia n\u00e1mornej sily<\/strong>. Lietadlov\u00e9 lode s\u00fa centrom n\u00e1morn\u00fdch bojov\u00fdch skup\u00edn a poskytuj\u00fa prieskum, vzdu\u0161n\u00fa prevahu, ochranu pred \u00fatokom a presn\u00e9 \u00fadery na ciele vzdialen\u00e9 stovky kilometrov.<\/p>\n<p>Hoci Nemecko nem\u00e1 vlastn\u00e9 lietadlov\u00e9 lode, nepriamo profituje z t\u00fdchto ve\u013ek\u00fdch bojov\u00fdch lod\u00ed. Bundeswehr pravidelne operuje v mnohon\u00e1rodn\u00fdch form\u00e1ci\u00e1ch spolu so spojeneck\u00fdmi lietadlov\u00fdmi lo\u010fami a nemeck\u00e9 lode s\u00fa neoddelite\u013enou s\u00fa\u010das\u0165ou tak\u00fdchto bojov\u00fdch skup\u00edn. Lietadlov\u00e9 lode zohr\u00e1vaj\u00fa \u00falohu aj pre nemeck\u00fd priemysel: nemeck\u00e9 spolo\u010dnosti dod\u00e1vaj\u00fa technol\u00f3gie, komponenty a koncepty, ktor\u00e9 boli za\u010dlenen\u00e9 do programov lietadlov\u00fdch lod\u00ed vo Franc\u00fazsku, Spojenom kr\u00e1\u013eovstve a USA. Nemeck\u00e9 lodenice s\u00fa v z\u00e1sade technicky schopn\u00e9 stava\u0165 lietadlov\u00e9 lode - za predpokladu, \u017ee to umo\u017enia politick\u00e9 a pr\u00e1vne podmienky.<\/p>\n<h2>Ak\u00e9 typy lietadlov\u00fdch lod\u00ed existuj\u00fa?<\/h2>\n<p>Ke\u010f sa povie lietadlov\u00e1 lo\u010f, mnoh\u00fdm \u013eu\u010fom sa najprv vybavia obrovsk\u00e9 lietadlov\u00e9 lode americk\u00e9ho n\u00e1morn\u00edctva. Tieto giganty s\u00fa v\u0161ak len \u0161pi\u010dkou \u0161irokej \u0161k\u00e1ly typov.<\/p>\n<h3>Detsk\u00e9 nosi\u010de - mal\u00e9 nosi\u010de do stiesnen\u00fdch priestorov<\/h3>\n<p>Na spodnom konci stupnice s\u00fa tzv.<span>\u00a0<\/span><strong>Detsk\u00fd nosi\u010d<\/strong>. S\u00fa zn\u00e1me aj ako lode na kontrolu mora, lode na prenasledovanie ponoriek alebo lode STOVL. Ich v\u00fdtlak sa za\u010d\u00edna pribli\u017ene na<span>\u00a0<\/span><strong>14 000 ton<\/strong>. Nemaj\u00fa jadrov\u00fd pohon, \u010do obmedzuje ich dolet a r\u00fdchlos\u0165.<\/p>\n<p>Hlavnou \u00falohou t\u00fdchto lietadlov\u00fdch lod\u00ed je kontrolova\u0165 obmedzen\u00e9 morsk\u00e9 oblasti. Na tento \u00fa\u010del nasadzuj\u00fa predov\u0161etk\u00fdm vrtu\u013en\u00edky, ktor\u00e9 dop\u013a\u0148a nieko\u013eko \u013eahk\u00fdch lietadiel. Nie s\u00fa ur\u010den\u00e9 na boj proti ve\u013ek\u00fdm hladinov\u00fdm bojov\u00fdm skupin\u00e1m nepriate\u013ea, ale na pozorovanie, zabezpe\u010denie a protiponorkov\u00fa obranu.<\/p>\n<p>Hlavnou oblas\u0165ou pou\u017eitia detsk\u00fdch nosi\u010dov je<span>\u00a0<\/span><strong>Lov na ponorku<\/strong>. Ich vrtu\u013en\u00edky m\u00f4\u017eu monitorova\u0165 ve\u013ek\u00e9 morsk\u00e9 oblasti a vyu\u017e\u00edva\u0165 modern\u00e9 senzorov\u00e9 technol\u00f3gie: sp\u00fa\u0161\u0165an\u00e9 sonarov\u00e9 b\u00f3je, sp\u00fa\u0161\u0165an\u00e9 pot\u00e1pa\u010dsk\u00e9 sonary, ako aj magnetick\u00fa a hlukov\u00fa detekciu. Ak sa n\u00e1jde ponorka, vrtu\u013en\u00edk m\u00f4\u017ee privola\u0165 \u010fal\u0161ie leteck\u00e9 alebo n\u00e1morn\u00e9 jednotky. Takzvan\u00fd lovec a zabijak \u010dasto pracuj\u00fa spolo\u010dne: Zatia\u013e \u010do lovec prenasleduje cie\u013e, zabijak \u00fato\u010d\u00ed torp\u00e9dami, ktor\u00e9 nez\u00e1visle od neho zistia a zasiahnu ponorku.<\/p>\n<h3>Nosi\u010d STOVL: lietadl\u00e1 na kr\u00e1tkych palub\u00e1ch<\/h3>\n<p>Mnoh\u00e9 detsk\u00e9 nosi\u010de a oboj\u017eiveln\u00e9 nosi\u010de sa spoliehaj\u00fa na<span>\u00a0<\/span><strong>Lietadl\u00e1 STOVL<\/strong>. STOVL znamen\u00e1<span>\u00a0<\/span><em>Kr\u00e1tky vzlet a vertik\u00e1lne prist\u00e1tie<\/em>. Tieto lietadl\u00e1 potrebuj\u00fa len kr\u00e1tke vzletov\u00e9 vzdialenosti a m\u00f4\u017eu prist\u00e1va\u0165 vertik\u00e1lne. Skor\u0161\u00edmi predstavite\u013emi boli Harriery, dnes s\u00fa to najm\u00e4<span>\u00a0<\/span><strong>F-35B<\/strong><span>\u00a0<\/span>na pou\u017eitie. V\u010faka oto\u010dn\u00fdm v\u00fdstupom motorov tieto lietadl\u00e1 vytv\u00e1raj\u00fa pohon a vztlak s\u00fa\u010dasne, \u010do znamen\u00e1, \u017ee men\u0161ie lode m\u00f4\u017eu sl\u00fa\u017ei\u0165 aj ako nosi\u010de - hoci s obmedzeniami, pokia\u013e ide o dolet, u\u017eito\u010dn\u00e9 za\u0165a\u017eenie a \u010das nasadenia.<\/p>\n<p>Typick\u00fdmi lietadlov\u00fdmi lo\u010fami STOVL s\u00fa britsk\u00e1 trieda Invincible, talianska lietadlov\u00e1 lo\u010f Cavour a britsk\u00e1 trieda Queen Elizabeth s lo\u010fami HMS Queen Elizabeth a HMS Prince of Wales. S pribli\u017ene<span>\u00a0<\/span><strong>80 000 ton<\/strong><span>\u00a0<\/span>posunutie, tieto modern\u00e9 nosi\u010de STOVL s\u00fa podstatne v\u00e4\u010d\u0161ie ako klasick\u00e9 detsk\u00e9 nosi\u010de, ale st\u00e1le sa zaob\u00eddu bez katapultov.<\/p>\n<h3>Oboj\u017eiveln\u00e9 lietadlov\u00e9 lode - letisko a vylo\u010fovacia lo\u010f v jednom<\/h3>\n<p>\u0160peci\u00e1lna forma<span>\u00a0<\/span><strong>oboj\u017eiveln\u00e9 transport\u00e9ry<\/strong><span>\u00a0<\/span>zastupuj\u00fa. Kombinuj\u00fa s\u00favisl\u00fa letov\u00fa palubu s vn\u00fatorn\u00fdm dokom. V tomto doku sa m\u00f4\u017eu umiestni\u0165 men\u0161ie vylo\u010fovacie plavidl\u00e1, ktor\u00e9 priv\u00e1\u017eaj\u00fa na breh vojakov, vozidl\u00e1 a materi\u00e1l. Tak\u00e9to lode sa prim\u00e1rne pou\u017e\u00edvaj\u00fa na vylodenie vojakov, ale plnia aj \u00falohy nosi\u010dov vrtu\u013en\u00edkov, \u00fato\u010dn\u00fdch platforiem STOVL a nosi\u010dov prenasledovania ponoriek. Zn\u00e1mym predstavite\u013eom je franc\u00fazska<span>\u00a0<\/span><strong>Trieda Mistral<\/strong>, ktor\u00e1 v s\u00fa\u010dasnosti prev\u00e1dzkuje najm\u00e4 vrtu\u013en\u00edky, ale kon\u0161truk\u010dne je navrhnut\u00e1 ako \u013eahk\u00e1 lietadlov\u00e1 lo\u010f.<\/p>\n<h3>Nosi\u010d STOBAR - vzlet cez rampu, prist\u00e1tie s bezpe\u010dnostn\u00fdmi lanami<\/h3>\n<p>\u010eal\u0161ou kateg\u00f3riou s\u00fa<span>\u00a0<\/span><strong>Nosi\u010d STOBAR<\/strong><span>\u00a0<\/span>(<em>Kr\u00e1tky \u0161tart, ale zastaven\u00e9 zotavenie<\/em>). Tieto lode nepou\u017e\u00edvaj\u00fa katapulty - lietadl\u00e1 \u0161tartuj\u00fa cez rampu na prove a prist\u00e1vaj\u00fa na \u0161ikmej palube pomocou z\u00e1chytn\u00fdch l\u00e1n. Tento typ nepou\u017e\u00edvaj\u00fa z\u00e1padn\u00e9 n\u00e1morn\u00edctva, ale je roz\u0161\u00edren\u00fd v Rusku, \u010c\u00edne a Indii. Lietadlov\u00e9 lode STOBAR predstavuj\u00fa technick\u00fa stredn\u00fa cestu, ale ich opera\u010dn\u00e1 flexibilita je obmedzen\u00e1.<\/p>\n<h3>Flotilov\u00e9 lode - najv\u00e4\u010d\u0161ie lode vo svetov\u00fdch oce\u00e1noch<\/h3>\n<p>Naj\u00fa\u010dinnej\u0161\u00edm typom nosi\u010da je<span>\u00a0<\/span><strong>Flotilov\u00fd dopravca<\/strong>. Tieto lode pravidelne prekra\u010duj\u00fa<span>\u00a0<\/span><strong>80 000 ton<\/strong>, \u010dasto aj<span>\u00a0<\/span><strong>100 000 ton v\u00fdtlaku<\/strong>. Maj\u00fa jadrov\u00fd pohon, takmer neobmedzen\u00fd dolet, katapulty (parn\u00e9 alebo elektromagnetick\u00e9), z\u00e1chytn\u00e9 lan\u00e1 na prist\u00e1tie a a\u017e 100 lietadiel a vrtu\u013en\u00edkov. Najzn\u00e1mej\u0161\u00edmi pr\u00edkladmi s\u00fa lietadlov\u00e9 lode americk\u00e9ho n\u00e1morn\u00edctva, napr\u00edklad triedy Ford a Nimitz.<\/p>\n<p>Franc\u00fazsko prev\u00e1dzkuje aj vlastn\u00fa flotilu dopravn\u00fdch lod\u00ed:<span>\u00a0<\/span><strong>Charles de Gaulle<\/strong>. Napriek pomerne n\u00edzkemu v\u00fdtlaku pribli\u017ene<span>\u00a0<\/span><strong>42 000 ton<\/strong><span>\u00a0<\/span>m\u00e1 jadrov\u00fd pohon, katapulty a pribli\u017ene 40 lietadiel.<\/p>\n<h2>Z\u00e1ver: Pl\u00e1vaj\u00face majstrovsk\u00e9 diela techniky<\/h2>\n<p>Lietadlov\u00e9 lode s\u00fa technick\u00e9 a organiza\u010dn\u00e9 majstrovsk\u00e9 diela. Od kompaktn\u00fdch detsk\u00fdch lietadlov\u00fdch lod\u00ed a\u017e po oboj\u017eiveln\u00e9 platformy a obrovsk\u00e9 lietadlov\u00e9 lode pokr\u00fdvaj\u00fa \u0161irok\u00fa \u0161k\u00e1lu aplik\u00e1ci\u00ed. Sp\u00e1jaj\u00fa v sebe stavbu lod\u00ed, letectvo, elektroniku a logistiku na najvy\u0161\u0161ej \u00farovni a dodnes charakterizuj\u00fa glob\u00e1lnu n\u00e1morn\u00fa moc.<\/p>\n<p>Viac inform\u00e1ci\u00ed o spolo\u010dnostiach, ktor\u00e9 dod\u00e1vaj\u00fa technol\u00f3gie a komponenty pre medzin\u00e1rodn\u00fa lodiarsku v\u00fdrobu, n\u00e1jdete v na\u0161om \u010dl\u00e1nku<span>\u00a0<\/span><a href=\"https:\/\/global-business-recruiting.de\/sk\/poznat\/prehlad-nemeckych-lodenic\/\">Nemeck\u00e9 lodenice v skratke<\/a>.<\/p>\n<h2>\u010casto kladen\u00e9 ot\u00e1zky o lietadlov\u00fdch lodiach<\/h2>\n<\/div><\/div><div class=\"w-separator size_small\"><\/div><div class=\"w-tabs style_default switch_click accordion type_togglable has_scrolling\" style=\"--sections-title-size:inherit\"><div class=\"w-tabs-sections titles-align_none icon_chevron cpos_right\"><div class=\"w-tabs-section\" id=\"kb8f\" itemscope itemprop=\"mainEntity\" itemtype=\"https:\/\/schema.org\/Question\"><button class=\"w-tabs-section-header\" aria-controls=\"content-kb8f\" aria-expanded=\"false\"><div class=\"w-tabs-section-title\" itemprop=\"name\">Ak\u00fd je rozdiel medzi detsk\u00fdm nosi\u010dom a nosi\u010dom pre flotilu?<\/div><div class=\"w-tabs-section-control\"><\/div><\/button><div  class=\"w-tabs-section-content\" id=\"content-kb8f\" itemscope itemprop=\"acceptedAnswer\" itemtype=\"https:\/\/schema.org\/Answer\"><div class=\"w-tabs-section-content-h i-cf\" itemprop=\"text\"><div class=\"wpb_text_column\"><div class=\"wpb_wrapper\"><p>Detsk\u00e9 lietadlov\u00e9 lode s\u00fa men\u0161ie (od cca 14 000 ton), nemaj\u00fa jadrov\u00fd pohon a vyu\u017e\u00edvaj\u00fa predov\u0161etk\u00fdm vrtu\u013en\u00edky a lietadl\u00e1 STOVL. Flotilov\u00e9 lietadlov\u00e9 lode \u010dasto presahuj\u00fa 80 000 ton, maj\u00fa jadrov\u00fd pohon, katapulty a m\u00f4\u017eu nies\u0165 a\u017e 100 lietadiel a vrtu\u013en\u00edkov. Ich opera\u010dn\u00e9 spektrum je primerane \u0161ir\u0161ie.<\/p>\n<\/div><\/div><\/div><\/div><\/div><div class=\"w-tabs-section\" id=\"vcaf\" itemscope itemprop=\"mainEntity\" itemtype=\"https:\/\/schema.org\/Question\"><button class=\"w-tabs-section-header\" aria-controls=\"content-vcaf\" aria-expanded=\"false\"><div class=\"w-tabs-section-title\" itemprop=\"name\">\u010co znamen\u00e1 STOVL pre lietadlov\u00e9 lode?<\/div><div class=\"w-tabs-section-control\"><\/div><\/button><div  class=\"w-tabs-section-content\" id=\"content-vcaf\" itemscope itemprop=\"acceptedAnswer\" itemtype=\"https:\/\/schema.org\/Answer\"><div class=\"w-tabs-section-content-h i-cf\" itemprop=\"text\"><div class=\"wpb_text_column\"><div class=\"wpb_wrapper\"><p>STOVL je skratka pre kr\u00e1tky vzlet a vertik\u00e1lne prist\u00e1tie. Tieto lietadl\u00e1 vy\u017eaduj\u00fa len kr\u00e1tke vzletov\u00e9 vzdialenosti a m\u00f4\u017eu prist\u00e1va\u0165 vertik\u00e1lne, \u010do im umo\u017e\u0148uje pou\u017e\u00edva\u0165 sa na men\u0161\u00edch lietadlov\u00fdch lodiach bez katapultov. Najzn\u00e1mej\u0161\u00edm s\u00fa\u010dasn\u00fdm modelom je F-35B.<\/p>\n<\/div><\/div><\/div><\/div><\/div><div class=\"w-tabs-section\" id=\"vdc4\" itemscope itemprop=\"mainEntity\" itemtype=\"https:\/\/schema.org\/Question\"><button class=\"w-tabs-section-header\" aria-controls=\"content-vdc4\" aria-expanded=\"false\"><div class=\"w-tabs-section-title\" itemprop=\"name\">\u010co je nosi\u010d STOBAR?<\/div><div class=\"w-tabs-section-control\"><\/div><\/button><div  class=\"w-tabs-section-content\" id=\"content-vdc4\" itemscope itemprop=\"acceptedAnswer\" itemtype=\"https:\/\/schema.org\/Answer\"><div class=\"w-tabs-section-content-h i-cf\" itemprop=\"text\"><div class=\"wpb_text_column\"><div class=\"wpb_wrapper\"><p>STOBAR je skratka pre Short Take Off But Arrested Recovery (kr\u00e1tky vzlet, ale zastaven\u00fd n\u00e1vrat). Lietadl\u00e1 vzlietaj\u00fa cez predn\u00fa rampu a prist\u00e1vaj\u00fa pomocou z\u00e1chytn\u00e9ho lana. Tento typ sa zaob\u00edde bez katapultov a pou\u017e\u00edvaj\u00fa ho najm\u00e4 Rusko, \u010c\u00edna a India.<\/p>\n<\/div><\/div><\/div><\/div><\/div><div class=\"w-tabs-section\" id=\"aed7\" itemscope itemprop=\"mainEntity\" itemtype=\"https:\/\/schema.org\/Question\"><button class=\"w-tabs-section-header\" aria-controls=\"content-aed7\" aria-expanded=\"false\"><div class=\"w-tabs-section-title\" itemprop=\"name\">Ak\u00fa \u00falohu zohr\u00e1vaj\u00fa pre Nemecko lietadlov\u00e9 lode?<\/div><div class=\"w-tabs-section-control\"><\/div><\/button><div  class=\"w-tabs-section-content\" id=\"content-aed7\" itemscope itemprop=\"acceptedAnswer\" itemtype=\"https:\/\/schema.org\/Answer\"><div class=\"w-tabs-section-content-h i-cf\" itemprop=\"text\"><div class=\"wpb_text_column\"><div class=\"wpb_wrapper\"><p>Nemecko nem\u00e1 vlastn\u00e9 lietadlov\u00e9 lode, ale pravidelne operuje vo form\u00e1ci\u00e1ch NATO spolu so spojeneck\u00fdmi lietadlov\u00fdmi lo\u010fami. Okrem toho nemeck\u00e9 spolo\u010dnosti dod\u00e1vaj\u00fa technol\u00f3gie a komponenty pre medzin\u00e1rodn\u00e9 programy lietadlov\u00fdch lod\u00ed. Nemeck\u00e9 lodenice by boli technicky schopn\u00e9 stava\u0165 lietadlov\u00e9 lode.<\/p>\n<\/div><\/div><\/div><\/div><\/div><div class=\"w-tabs-section\" id=\"mff2\" itemscope itemprop=\"mainEntity\" itemtype=\"https:\/\/schema.org\/Question\"><button class=\"w-tabs-section-header\" aria-controls=\"content-mff2\" aria-expanded=\"false\"><div class=\"w-tabs-section-title\" itemprop=\"name\">\u010co je oboj\u017eiveln\u00fd transport\u00e9r?<\/div><div class=\"w-tabs-section-control\"><\/div><\/button><div  class=\"w-tabs-section-content\" id=\"content-mff2\" itemscope itemprop=\"acceptedAnswer\" itemtype=\"https:\/\/schema.org\/Answer\"><div class=\"w-tabs-section-content-h i-cf\" itemprop=\"text\"><div class=\"wpb_text_column\"><div class=\"wpb_wrapper\"><p>Oboj\u017eiveln\u00e9 lietadlov\u00e9 lode kombinuj\u00fa letov\u00fa palubu s vn\u00fatorn\u00fdm dokom pre vylo\u010fovacie plavidl\u00e1. Prim\u00e1rne sa pou\u017e\u00edvaj\u00fa na vylo\u010fovanie vojakov, ale m\u00f4\u017eu fungova\u0165 aj ako vrtu\u013en\u00edkov\u00e9 lode, platformy STOVL a lode na lov ponoriek. Zn\u00e1mym pr\u00edkladom je franc\u00fazska trieda Mistral.<\/p>\n<\/div><\/div><\/div><\/div><\/div><\/div><\/div><\/div><\/div><\/div><\/div><\/section>","protected":false},"excerpt":{"rendered":"\u00c4hnlich wie Kreuzfahrtschiffe geh\u00f6ren auch Flugzeugtr\u00e4ger zu den komplexesten und gr\u00f6\u00dften Schiffen, die auf den Weltmeeren unterwegs sind. Sie sind schwimmende Flugpl\u00e4tze, beherbergen mehrere tausend Menschen und bilden das Herzst\u00fcck moderner\u00a0maritimer Machtprojektion. Flugzeugtr\u00e4ger stehen im Zentrum von Marinekampfgruppen und erm\u00f6glichen Aufkl\u00e4rung, Luft\u00fcberlegenheit, Schutz vor Angriffen sowie pr\u00e4zise Schl\u00e4ge gegen Ziele in hunderten Kilometern Entfernung. Deutschland...","protected":false},"author":1,"featured_media":11164,"parent":9347,"menu_order":0,"comment_status":"closed","ping_status":"closed","template":"","meta":{"_acf_changed":false,"footnotes":""},"class_list":["post-9937","page","type-page","status-publish","has-post-thumbnail","hentry"],"acf":[],"_links":{"self":[{"href":"https:\/\/global-business-recruiting.de\/sk\/wp-json\/wp\/v2\/pages\/9937","targetHints":{"allow":["GET"]}}],"collection":[{"href":"https:\/\/global-business-recruiting.de\/sk\/wp-json\/wp\/v2\/pages"}],"about":[{"href":"https:\/\/global-business-recruiting.de\/sk\/wp-json\/wp\/v2\/types\/page"}],"author":[{"embeddable":true,"href":"https:\/\/global-business-recruiting.de\/sk\/wp-json\/wp\/v2\/users\/1"}],"replies":[{"embeddable":true,"href":"https:\/\/global-business-recruiting.de\/sk\/wp-json\/wp\/v2\/comments?post=9937"}],"version-history":[{"count":5,"href":"https:\/\/global-business-recruiting.de\/sk\/wp-json\/wp\/v2\/pages\/9937\/revisions"}],"predecessor-version":[{"id":11175,"href":"https:\/\/global-business-recruiting.de\/sk\/wp-json\/wp\/v2\/pages\/9937\/revisions\/11175"}],"up":[{"embeddable":true,"href":"https:\/\/global-business-recruiting.de\/sk\/wp-json\/wp\/v2\/pages\/9347"}],"wp:featuredmedia":[{"embeddable":true,"href":"https:\/\/global-business-recruiting.de\/sk\/wp-json\/wp\/v2\/media\/11164"}],"wp:attachment":[{"href":"https:\/\/global-business-recruiting.de\/sk\/wp-json\/wp\/v2\/media?parent=9937"}],"curies":[{"name":"wp","href":"https:\/\/api.w.org\/{rel}","templated":true}]}}