{"id":9941,"date":"2026-03-13T02:10:13","date_gmt":"2026-03-13T02:10:13","guid":{"rendered":"https:\/\/global-business-recruiting.de\/wissen\/flugzeugtraeger-dimensionen-typen-und-moderne-seemacht\/"},"modified":"2026-03-29T13:20:15","modified_gmt":"2026-03-29T13:20:15","slug":"logistika-technologie-lietadlovych-lodi","status":"publish","type":"page","link":"https:\/\/global-business-recruiting.de\/sk\/wissen\/flugzeugtraeger-technik-logistik\/","title":{"rendered":"Technick\u00e9 po\u017eiadavky na lietadlov\u00e9 lode a zlo\u017eit\u00e1 logistika"},"content":{"rendered":"<section class=\"l-section wpb_row height_custom\"><div class=\"l-section-h i-cf\"><div class=\"g-cols vc_row via_grid cols_1 laptops-cols_inherit tablets-cols_inherit mobiles-cols_1 valign_top type_default stacking_default\"><div class=\"wpb_column vc_column_container\"><div class=\"vc_column-inner\"><div class=\"wpb_text_column\"><div class=\"wpb_wrapper\"><p>Lietadlov\u00e9 lode patria medzi<span>\u00a0<\/span><strong>najzlo\u017eitej\u0161ie technick\u00e9 kon\u0161trukcie<\/strong>, ktor\u00e9 prinieslo modern\u00e9 stavite\u013estvo lod\u00ed. Nie s\u00fa to len vojnov\u00e9 lode, ale<span>\u00a0<\/span><strong>Pl\u00e1vaj\u00face leteck\u00e9 z\u00e1kladne<\/strong>, ktor\u00e9 m\u00f4\u017eu trvalo p\u00f4sobi\u0165 na otvorenom mori. Teraz, ke\u010f u\u017e pozn\u00e1me z\u00e1klady a rozmery r\u00f4znych typov lietadlov\u00fdch lod\u00ed, pozrime sa na<span>\u00a0<\/span><strong>technick\u00e9 po\u017eiadavky<\/strong>, ktor\u00fd<span>\u00a0<\/span><strong>Palubn\u00e9 syst\u00e9my<\/strong><span>\u00a0<\/span>a<span>\u00a0<\/span><strong>komplexn\u00e1 logistika<\/strong>, ktor\u00e9 umo\u017e\u0148uj\u00fa v\u00fdstavbu a prev\u00e1dzku dopravcu.<\/p>\n<h2>R\u00f4zne typy nosn\u00edkov a ich technick\u00e9 po\u017eiadavky<\/h2>\n<p>Rozli\u0161uj\u00fa sa r\u00f4zne typy podpier v z\u00e1vislosti od zam\u00fd\u0161\u013ean\u00e9ho pou\u017eitia a kon\u0161trukcie. Na str\u00e1nke .<span>\u00a0<\/span><strong>Premiestnenie<\/strong><span>\u00a0<\/span>sa pohybuje pribli\u017ene od<span>\u00a0<\/span><strong>14 000 ton pre men\u0161ie dopravn\u00e9 lode<\/strong><span>\u00a0<\/span>a\u017e do<span>\u00a0<\/span><strong>viac ako 100 000 ton pre ve\u013ek\u00e9 flotily dopravcov<\/strong>. S narastaj\u00facou ve\u013ekos\u0165ou sa zvy\u0161uje nielen po\u010det lietadiel, ale aj<span>\u00a0<\/span><strong>technick\u00e9, \u0161truktur\u00e1lne a logistick\u00e9 po\u017eiadavky<\/strong><span>\u00a0<\/span>exponenci\u00e1lne.<\/p>\n<p>Hoci Nemecko samo neprev\u00e1dzkuje \u017eiadne lietadlov\u00e9 lode, nemeck\u00e9 lodenice maj\u00fa potrebn\u00e9 odborn\u00e9 znalosti na v\u00fdvoj a stavbu men\u0161\u00edch koncepci\u00ed lietadlov\u00fdch lod\u00ed, ako s\u00fa tzv. detsk\u00e9 lietadlov\u00e9 lode. Okrem in\u00e9ho sem patria: radarov\u00e9 a senzorov\u00e9 syst\u00e9my, naviga\u010dn\u00e9 syst\u00e9my a syst\u00e9my riadenia lode, technol\u00f3gie pohonu a z\u00e1sobovania energiou, ako aj syst\u00e9my letovej prev\u00e1dzky a riadenia letovej prev\u00e1dzky. V spolupr\u00e1ci so spojeneck\u00fdmi krajinami by preto bolo technicky mo\u017en\u00e9 navrhn\u00fa\u0165 a realizova\u0165 kompletn\u00fa lietadlov\u00fa lo\u010f.<\/p>\n<h2>Lietadlov\u00e1 lo\u010f ako pl\u00e1vaj\u00face mesto<\/h2>\n<p>Modern\u00e1 lietadlov\u00e1 lo\u010f je viac ako len lo\u010f - pripom\u00edna<span>\u00a0<\/span><strong>mal\u00e9 meste\u010dko pri mori<\/strong>. Na palube pracuje nieko\u013eko tis\u00edc \u013eud\u00ed, ktor\u00ed plnia najr\u00f4znej\u0161ie \u00falohy: Prev\u00e1dzka a \u00fadr\u017eba lodn\u00fdch syst\u00e9mov, letov\u00e1 prev\u00e1dzka a \u00fadr\u017eba lietadiel, riadenie letovej prev\u00e1dzky a koordin\u00e1cia misi\u00ed, ako aj bezpe\u010dnos\u0165 a obsluha zbra\u0148ov\u00fdch syst\u00e9mov. T\u00e1to obrovsk\u00e1 hustota person\u00e1lu kladie vysok\u00e9 n\u00e1roky na<span>\u00a0<\/span><strong>Z\u00e1sobovanie, ubytovanie, bezpe\u010dnos\u0165 a organiz\u00e1cia<\/strong>.<\/p>\n<h2>Letov\u00e1 paluba - \u00fastredn\u00fd prvok ka\u017edej lietadlovej lode<\/h2>\n<p>Str\u00e1nka<span>\u00a0<\/span><strong>Prist\u00e1vacia paluba<\/strong><span>\u00a0<\/span>je hlavn\u00fdm d\u00f4vodom existencie lietadlovej lode a z\u00e1rove\u0148 jednou z najviac nam\u00e1han\u00fdch kon\u0161trukci\u00ed na palube. Modern\u00e9 lietadl\u00e1 na lietadlov\u00fdch lodiach v\u00e1\u017eia pri prist\u00e1van\u00ed<span>\u00a0<\/span><strong>30 ton alebo viac<\/strong>. Na palubu dopadaj\u00fa pri vysokej r\u00fdchlosti a maxim\u00e1lnom v\u00fdkone motora. To je obzvl\u00e1\u0161\u0165 n\u00e1ro\u010dn\u00e9 pre lietadl\u00e1 STOVL, ktor\u00e9 prist\u00e1vaj\u00fa vertik\u00e1lne alebo nakr\u00e1tko, a pre konven\u010dn\u00e9 lietadl\u00e1 lietadlov\u00fdch lod\u00ed so z\u00e1chytn\u00fdmi h\u00e1kmi.<\/p>\n<p>Pri prist\u00e1t\u00ed STOVL stoj\u00ed lietadlo po\u010das prist\u00e1tia na stabiliz\u00e1tore.<span>\u00a0<\/span><strong>Extr\u00e9mne hor\u00faci a siln\u00fd pr\u00fad v\u00fdfukov\u00fdch plynov<\/strong>, ktor\u00e9 by mohli palubu trvalo po\u0161kodi\u0165, ak nie je \u0161peci\u00e1lne navrhnut\u00e1.<\/p>\n<h3>Vylo\u017eenie z\u00e1chytn\u00e9ho lana - maxim\u00e1lne nam\u00e1hanie materi\u00e1lu<\/h3>\n<p>Pri klasickom prist\u00e1t\u00ed na lietadlovej lodi pilot kr\u00e1tko pred prist\u00e1t\u00edm zapne motory<span>\u00a0<\/span><strong>Pln\u00fd v\u00fdkon<\/strong>, preto\u017ee paluba nie je dostato\u010dne dlh\u00e1 na priebe\u017en\u00e9 spustenie. Ak areta\u010dn\u00fd h\u00e1k minie areta\u010dn\u00e9 lan\u00e1, hor\u00face v\u00fdfukov\u00e9 trysky sa posun\u00fa po<span>\u00a0<\/span><strong>celkov\u00e1 d\u013a\u017eka paluby<\/strong>, predt\u00fdm, ako lietadlo na konci op\u00e4\u0165 vzlietne. Paluba mus\u00ed odola\u0165 v\u0161etk\u00fdm t\u00fdmto za\u0165a\u017eeniam<span>\u00a0<\/span><strong>trvalo a opakovane<\/strong><span>\u00a0<\/span>vydr\u017ea\u0165.<\/p>\n<h2>Hang\u00e1rov\u00e1 paluba, v\u00fd\u0165ahy a vn\u00fatorn\u00e1 logistika<\/h2>\n<p>Priamo pod prist\u00e1vacou palubou sa nach\u00e1dza<span>\u00a0<\/span><strong>Hang\u00e1rov\u00e1 paluba<\/strong>. Tu sa lietadl\u00e1 parkuj\u00fa, udr\u017eiavaj\u00fa, vyzbrojuj\u00fa a pripravuj\u00fa na misie. Prepravu medzi hang\u00e1rom a letovou kab\u00ednou zabezpe\u010duj\u00fa<span>\u00a0<\/span><strong>obrovsk\u00e9 v\u00fd\u0165ahy<\/strong><span>\u00a0<\/span>na pou\u017eitie. Jedin\u00fd v\u00fd\u0165ah m\u00f4\u017ee prepravi\u0165 dve st\u00edhacie lietadl\u00e1 alebo tri vrtu\u013en\u00edky s\u00fa\u010dasne - s<span>\u00a0<\/span><strong>Zdv\u00edhacia kapacita viac ako 60 ton<\/strong>. Modern\u00e9 dopravn\u00e9 spolo\u010dnosti maj\u00fa minim\u00e1lne dva, ale \u010dasto aj tri alebo \u0161tyri tak\u00e9to v\u00fd\u0165ahy.<\/p>\n<p>Okrem toho s\u00fa tu men\u0161ie v\u00fd\u0165ahy, ktor\u00e9 bezpe\u010dne prepravuj\u00fa zbrane z arzen\u00e1lov v h\u013abke lode do hang\u00e1ru alebo priamo na letov\u00fa palubu.<\/p>\n<h2>Palivo, arzen\u00e1ly a velite\u013esk\u00e9 centr\u00e1<\/h2>\n<p>\u010eal\u0161\u00edm rozhoduj\u00facim faktorom je<span>\u00a0<\/span><strong>Doplnenie paliva do lietadla<\/strong>. Lo\u010fou prech\u00e1dzaj\u00fa kilometre palivov\u00fdch potrub\u00ed a v\u00fdkonn\u00fdch \u010derpadiel, aby boli motory pripraven\u00e9 na pou\u017eitie v \u010do najkrat\u0161om \u010dase. Str\u00e1nka<span>\u00a0<\/span><strong>Arzen\u00e1ly<\/strong><span>\u00a0<\/span>s\u00fa silne pancierovan\u00e9 a navrhnut\u00e9 tak, aby v\u00fdbuchy boli \u010do najizolovanej\u0161ie. Taktie\u017e<span>\u00a0<\/span><strong>Velite\u013esk\u00e9 centr\u00e1<\/strong><span>\u00a0<\/span>s\u00fa k dispoz\u00edcii vo viacer\u00fdch redundantn\u00fdch verzi\u00e1ch, tak\u017ee samotn\u00fd nosi\u010d<span>\u00a0<\/span><strong>schopn\u00e9 vies\u0165<\/strong><span>\u00a0<\/span>zost\u00e1va. K dispoz\u00edcii s\u00fa aj syst\u00e9my elektronick\u00e9ho ru\u0161enia, syst\u00e9my protivzdu\u0161nej obrany a obrany na bl\u00edzko.<\/p>\n<h2>Pl\u00e1novanie, v\u00fdstavba a integr\u00e1cia syst\u00e9mu<\/h2>\n<p>Projektovanie lietadlovej lode si vy\u017eaduje spolupr\u00e1cu mnoh\u00fdch odborov: lodn\u00fdch in\u017einierov, leteck\u00fdch odborn\u00edkov, zbrojn\u00fdch technikov, logistikov a bezpe\u010dnostn\u00fdch \u0161pecialistov. To zah\u0155\u0148a nielen vypracovanie kon\u0161truk\u010dn\u00fdch pl\u00e1nov, ale aj koncepcie prev\u00e1dzky, postupov \u00fadr\u017eby a strat\u00e9gi\u00ed pre n\u00fadzov\u00e9 situ\u00e1cie. Cie\u013eom je, aby lietadlov\u00e1 lo\u010f<span>\u00a0<\/span><strong>trvalo funk\u010dn\u00e1 mobiln\u00e1 leteck\u00e1 z\u00e1klad\u0148a<\/strong><span>\u00a0<\/span>rozlo\u017ei\u0165.<\/p>\n<h2>Komplexn\u00e9 stavebn\u00e9 procesy a glob\u00e1lna logistika<\/h2>\n<p>V\u00fdstavba lietadlovej lode je ve\u013ek\u00fd logistick\u00fd projekt. Tis\u00edce komponentov a syst\u00e9mov sa musia objedna\u0165, vyrobi\u0165, prepravi\u0165 a nain\u0161talova\u0165 pod\u013ea pl\u00e1nu. Mont\u00e1\u017e prefabrikovan\u00fdch segmentov trupu prebieha paralelne s in\u0161tal\u00e1ciou strojn\u00e9ho zariadenia, elektroniky, radaru a zbra\u0148ov\u00fdch syst\u00e9mov. Potom nasleduj\u00fa syst\u00e9mov\u00e9 testy, simul\u00e1cie letovej prev\u00e1dzky a bezpe\u010dnostn\u00e9 a n\u00fadzov\u00e9 postupy. Niet divu, \u017ee v\u00fdstavba lietadlovej lode<span>\u00a0<\/span><strong>mnoho rokov<\/strong><span>\u00a0<\/span>sa pou\u017e\u00edva.<\/p>\n<h2>Z\u00e1ver<\/h2>\n<p>Lietadlov\u00e9 lode patria medzi<span>\u00a0<\/span><strong>technicky najn\u00e1ro\u010dnej\u0161ie a logisticky najzlo\u017eitej\u0161ie stavby<\/strong>, ktor\u00e9 kedy \u010dlovek vytvoril. Na ve\u013emi malom priestore sp\u00e1jaj\u00fa stavbu lod\u00ed, letectvo, elektroniku, zbra\u0148ov\u00e9 technol\u00f3gie a logistiku. Ich v\u00fdstavba si vy\u017eaduje nielen obrovsk\u00e9 finan\u010dn\u00e9 zdroje, ale aj<span>\u00a0<\/span><strong>Desa\u0165ro\u010dia sk\u00fasenost\u00ed a medzin\u00e1rodnej spolupr\u00e1ce<\/strong>.<\/p>\n<p>Viac inform\u00e1ci\u00ed o typoch a oblastiach pou\u017eitia lietadlov\u00fdch lod\u00ed n\u00e1jdete v na\u0161om \u010dl\u00e1nku<span>\u00a0<\/span><a href=\"https:\/\/global-business-recruiting.de\/sk\/poznat\/typy-lietadiel-namorna-sila\/\">Lietadlov\u00e9 lode: rozmery, typy a modern\u00e1 n\u00e1morn\u00e1 sila<\/a>. N\u00e1\u0161 \u010dl\u00e1nok poskytuje preh\u013ead loden\u00edc a stavby lod\u00ed v Nemecku<span>\u00a0<\/span><a href=\"https:\/\/global-business-recruiting.de\/sk\/poznat\/prehlad-nemeckych-lodenic\/\">Nemeck\u00e9 lodenice v skratke<\/a>.<\/p>\n<h2>\u010casto kladen\u00e9 ot\u00e1zky o technick\u00fdch po\u017eiadavk\u00e1ch lietadlov\u00fdch lod\u00ed<\/h2>\n<\/div><\/div><div class=\"w-separator size_small\"><\/div><div class=\"w-tabs style_default switch_click accordion type_togglable has_scrolling\" style=\"--sections-title-size:inherit\"><div class=\"w-tabs-sections titles-align_none icon_chevron cpos_right\"><div class=\"w-tabs-section\" id=\"ae1f\" itemscope itemprop=\"mainEntity\" itemtype=\"https:\/\/schema.org\/Question\"><button class=\"w-tabs-section-header\" aria-controls=\"content-ae1f\" aria-expanded=\"false\"><div class=\"w-tabs-section-title\" itemprop=\"name\">Pre\u010do s\u00fa lietadlov\u00e9 lode tak\u00e9 technicky zlo\u017eit\u00e9?<\/div><div class=\"w-tabs-section-control\"><\/div><\/button><div  class=\"w-tabs-section-content\" id=\"content-ae1f\" itemscope itemprop=\"acceptedAnswer\" itemtype=\"https:\/\/schema.org\/Answer\"><div class=\"w-tabs-section-content-h i-cf\" itemprop=\"text\"><div class=\"wpb_text_column\"><div class=\"wpb_wrapper\"><p>Lietadlov\u00e9 lode musia fungova\u0165 s\u00fa\u010dasne ako lode, letisk\u00e1, zbra\u0148ov\u00e9 syst\u00e9my, kas\u00e1rne a logistick\u00e9 z\u00e1kladne. To si vy\u017eaduje integr\u00e1ciu mimoriadne odli\u0161n\u00fdch syst\u00e9mov - od lodn\u00fdch motorov a katapultov a\u017e po radarov\u00fa techniku, sklady zbran\u00ed a o\u0161etrovne - vo ve\u013emi obmedzenom priestore a v podmienkach hlbok\u00e9ho mora.<\/p>\n<\/div><\/div><\/div><\/div><\/div><div class=\"w-tabs-section\" id=\"dee5\" itemscope itemprop=\"mainEntity\" itemtype=\"https:\/\/schema.org\/Question\"><button class=\"w-tabs-section-header\" aria-controls=\"content-dee5\" aria-expanded=\"false\"><div class=\"w-tabs-section-title\" itemprop=\"name\">Ako ve\u013emi je za\u0165a\u017een\u00e1 letov\u00e1 paluba lietadla?<\/div><div class=\"w-tabs-section-control\"><\/div><\/button><div  class=\"w-tabs-section-content\" id=\"content-dee5\" itemscope itemprop=\"acceptedAnswer\" itemtype=\"https:\/\/schema.org\/Answer\"><div class=\"w-tabs-section-content-h i-cf\" itemprop=\"text\"><div class=\"wpb_text_column\"><div class=\"wpb_wrapper\"><p>Lietadl\u00e1 nosi\u010dov pri prist\u00e1van\u00ed v\u00e1\u017eia 30 ton a viac a na palubu dopadaj\u00fa vysokou r\u00fdchlos\u0165ou a pri plnom v\u00fdkone motorov. Paluba mus\u00ed trvalo a opakovane odol\u00e1va\u0165 t\u00fdmto za\u0165a\u017eeniam od z\u00e1chytn\u00fdch h\u00e1kov, v\u00fdfukov\u00fdch trysiek a pr\u00fadov\u00fdch motorov STOVL, \u010do predstavuje obrovsk\u00e9 n\u00e1roky na materi\u00e1ly a kon\u0161trukciu.<\/p>\n<\/div><\/div><\/div><\/div><\/div><div class=\"w-tabs-section\" id=\"if9e\" itemscope itemprop=\"mainEntity\" itemtype=\"https:\/\/schema.org\/Question\"><button class=\"w-tabs-section-header\" aria-controls=\"content-if9e\" aria-expanded=\"false\"><div class=\"w-tabs-section-title\" itemprop=\"name\">Ako funguje logistika na palube lietadlovej lode?<\/div><div class=\"w-tabs-section-control\"><\/div><\/button><div  class=\"w-tabs-section-content\" id=\"content-if9e\" itemscope itemprop=\"acceptedAnswer\" itemtype=\"https:\/\/schema.org\/Answer\"><div class=\"w-tabs-section-content-h i-cf\" itemprop=\"text\"><div class=\"wpb_text_column\"><div class=\"wpb_wrapper\"><p>Na palube pracuje nieko\u013eko tis\u00edc \u013eud\u00ed, ktor\u00fdch pr\u00e1cu koordinuje zlo\u017eit\u00fd syst\u00e9m hang\u00e1rovej paluby, v\u00fd\u0165ahov pre lietadl\u00e1 (nosnos\u0165 viac ako 60 ton), palivov\u00fdch liniek, v\u00fd\u0165ahov pre zbrane a velite\u013esk\u00fdch centier. Redundantn\u00e9 syst\u00e9my zabezpe\u010duj\u00fa, \u017ee lietadlov\u00e1 lo\u010f zostane funk\u010dn\u00e1 aj po z\u00e1sahoch.<\/p>\n<\/div><\/div><\/div><\/div><\/div><div class=\"w-tabs-section\" id=\"t059\" itemscope itemprop=\"mainEntity\" itemtype=\"https:\/\/schema.org\/Question\"><button class=\"w-tabs-section-header\" aria-controls=\"content-t059\" aria-expanded=\"false\"><div class=\"w-tabs-section-title\" itemprop=\"name\">M\u00f4\u017eu nemeck\u00e9 lodenice stava\u0165 lietadlov\u00e9 lode?<\/div><div class=\"w-tabs-section-control\"><\/div><\/button><div  class=\"w-tabs-section-content\" id=\"content-t059\" itemscope itemprop=\"acceptedAnswer\" itemtype=\"https:\/\/schema.org\/Answer\"><div class=\"w-tabs-section-content-h i-cf\" itemprop=\"text\"><div class=\"wpb_text_column\"><div class=\"wpb_wrapper\"><p>Z technick\u00e9ho h\u013eadiska \u00e1no - nemeck\u00e9 lodenice maj\u00fa odborn\u00e9 znalosti v oblasti radarov\u00fdch a senzorov\u00fdch syst\u00e9mov, pohonn\u00fdch technol\u00f3gi\u00ed, syst\u00e9mov nav\u00e1dzania lod\u00ed a syst\u00e9mov riadenia letovej prev\u00e1dzky, ktor\u00e9 s\u00fa potrebn\u00e9 pre lietadlov\u00e9 lode. Kompletn\u00fd projekt lietadlovej lode by sa mohol realizova\u0165 v spolupr\u00e1ci so spojencami, ak to umo\u017enia politick\u00e9 a pr\u00e1vne podmienky.<\/p>\n<\/div><\/div><\/div><\/div><\/div><div class=\"w-tabs-section\" id=\"j111\" itemscope itemprop=\"mainEntity\" itemtype=\"https:\/\/schema.org\/Question\"><button class=\"w-tabs-section-header\" aria-controls=\"content-j111\" aria-expanded=\"false\"><div class=\"w-tabs-section-title\" itemprop=\"name\">Ako dlho trv\u00e1 stavba lietadlovej lode?<\/div><div class=\"w-tabs-section-control\"><\/div><\/button><div  class=\"w-tabs-section-content\" id=\"content-j111\" itemscope itemprop=\"acceptedAnswer\" itemtype=\"https:\/\/schema.org\/Answer\"><div class=\"w-tabs-section-content-h i-cf\" itemprop=\"text\"><div class=\"wpb_text_column\"><div class=\"wpb_wrapper\"><p>V\u00fdstavba modernej lietadlovej lode trv\u00e1 zvy\u010dajne mnoho rokov - od pl\u00e1novania a\u017e po v\u00fdrobu segmentov trupu, integr\u00e1ciu syst\u00e9mov, testovacie f\u00e1zy a uvedenie do prev\u00e1dzky trv\u00e1 \u010dasto desa\u0165 a viac rokov. Glob\u00e1lny dod\u00e1vate\u013esk\u00fd re\u0165azec pre tis\u00edce \u0161pecializovan\u00fdch komponentov rob\u00ed tento proces e\u0161te zlo\u017eitej\u0161\u00edm.<\/p>\n<\/div><\/div><\/div><\/div><\/div><\/div><\/div><\/div><\/div><\/div><\/div><\/section>","protected":false},"excerpt":{"rendered":"Flugzeugtr\u00e4ger z\u00e4hlen zu den\u00a0komplexesten technischen Konstruktionen, die der moderne Schiffbau hervorgebracht hat. Sie sind nicht nur Kriegsschiffe, sondern\u00a0schwimmende Luftwaffenst\u00fctzpunkte, die dauerhaft auf hoher See operieren k\u00f6nnen. Nachdem die Grundlagen und Dimensionen der verschiedenen Tr\u00e4gertypen bekannt sind, folgt nun der Blick auf die\u00a0technischen Anforderungen, die\u00a0Bordsysteme\u00a0sowie die\u00a0aufwendige Logistik, die Bau und Betrieb eines Tr\u00e4gers erst m\u00f6glich machen....","protected":false},"author":1,"featured_media":11165,"parent":9347,"menu_order":0,"comment_status":"closed","ping_status":"closed","template":"","meta":{"_acf_changed":false,"footnotes":""},"class_list":["post-9941","page","type-page","status-publish","has-post-thumbnail","hentry"],"acf":[],"_links":{"self":[{"href":"https:\/\/global-business-recruiting.de\/sk\/wp-json\/wp\/v2\/pages\/9941","targetHints":{"allow":["GET"]}}],"collection":[{"href":"https:\/\/global-business-recruiting.de\/sk\/wp-json\/wp\/v2\/pages"}],"about":[{"href":"https:\/\/global-business-recruiting.de\/sk\/wp-json\/wp\/v2\/types\/page"}],"author":[{"embeddable":true,"href":"https:\/\/global-business-recruiting.de\/sk\/wp-json\/wp\/v2\/users\/1"}],"replies":[{"embeddable":true,"href":"https:\/\/global-business-recruiting.de\/sk\/wp-json\/wp\/v2\/comments?post=9941"}],"version-history":[{"count":6,"href":"https:\/\/global-business-recruiting.de\/sk\/wp-json\/wp\/v2\/pages\/9941\/revisions"}],"predecessor-version":[{"id":11174,"href":"https:\/\/global-business-recruiting.de\/sk\/wp-json\/wp\/v2\/pages\/9941\/revisions\/11174"}],"up":[{"embeddable":true,"href":"https:\/\/global-business-recruiting.de\/sk\/wp-json\/wp\/v2\/pages\/9347"}],"wp:featuredmedia":[{"embeddable":true,"href":"https:\/\/global-business-recruiting.de\/sk\/wp-json\/wp\/v2\/media\/11165"}],"wp:attachment":[{"href":"https:\/\/global-business-recruiting.de\/sk\/wp-json\/wp\/v2\/media?parent=9941"}],"curies":[{"name":"wp","href":"https:\/\/api.w.org\/{rel}","templated":true}]}}